{"id":33903,"date":"2026-01-19T14:47:34","date_gmt":"2026-01-19T13:47:34","guid":{"rendered":"https:\/\/profert.dz\/fr\/?post_type=product&#038;p=33903"},"modified":"2026-01-19T16:02:17","modified_gmt":"2026-01-19T15:02:17","slug":"kocide-2000","status":"publish","type":"product","link":"https:\/\/profert.dz\/fr\/index.php\/produit\/kocide-2000\/","title":{"rendered":"Kocide <sup>\u00ae<\/sup> 2000"},"content":{"rendered":"","protected":false},"excerpt":{"rendered":"<p><strong>Composition <\/strong> :53,8% d\u2019hydroxyde de cuivre.<br \/>\n<strong>Famille chimique<\/strong> : Min\u00e9raux.<br \/>\n<strong>Formulation <\/strong> :Granul\u00e9s dispersibles (WG).<\/p>\n<p><strong>Kocide<sup>\u00ae <\/sup>2000 <\/strong> est un fongicide utilis\u00e9 sur plusieurs cultures (arbres fruitiers, vigne, culture maraich\u00e8re et pomme de terre) pour contr\u00f4ler un large spectre de maladies fongiques (mildiou, alternariose, tavelure et moniliose).<\/p>\n<p><strong>Kocide<sup>\u00ae <\/sup>2000 <\/strong>pr\u00e9sente une action bact\u00e9ricide.<\/p>\n<p><strong>Kocide<sup>\u00ae <\/sup>2000 <\/strong>pr\u00e9sente une lib\u00e9ration rapide des ions Cu2+, offrant une action imm\u00e9diate.<\/p>\n<p><strong>Kocide<sup>\u00ae <\/sup>2000 <\/strong>pr\u00e9sente moins de risque de phytotoxicit\u00e9 \u00e0 des temp\u00e9ratures \u00e9lev\u00e9es.<\/p>\n<p><strong>Kocide<sup>\u00ae <\/sup>2000 <\/strong>est autoris\u00e9 en culture biologique.<\/p>\n<p><strong>Usages et doses autoris\u00e9es :<\/strong><\/p>\n<table style=\"border-collapse: collapse; width: 100%; font-family: Arial, sans-serif;\" border=\"1\" cellspacing=\"0\" cellpadding=\"0\">\n<thead>\n<tr style=\"background-color: #f2f2f2;\">\n<th style=\"padding: 10px; text-align: left;\" width=\"40%\">Cat\u00e9gorie d\u2019utilisation<\/th>\n<th style=\"padding: 10px; text-align: left;\" width=\"30%\">Dose en P.C<\/th>\n<th style=\"padding: 10px; text-align: left;\" width=\"30%\">D.A.R<\/th>\n<\/tr>\n<\/thead>\n<tbody>\n<tr>\n<td style=\"padding: 8px;\" valign=\"top\"><strong>MILDIOU<\/strong><br \/>\n&#8211; Cultures mara\u00eech\u00e8res<br \/>\n&#8211; Vigne<\/td>\n<td style=\"padding: 8px;\" valign=\"top\">150 g\/hl<br \/>\n150 g\/hl<\/td>\n<td style=\"padding: 8px;\" valign=\"top\">3 \u00e0 7 jours<br \/>\n14 jours<\/td>\n<\/tr>\n<tr>\n<td style=\"padding: 8px;\" valign=\"top\"><strong>ALTERNARIOSE <\/strong><br \/>\n&#8211; Pomme de terre<\/td>\n<td style=\"padding: 8px;\" valign=\"top\">150 g\/hl<\/td>\n<td style=\"padding: 8px;\" valign=\"top\"><\/td>\n<\/tr>\n<tr>\n<td style=\"padding: 8px;\" valign=\"top\"><strong>Tavelure <\/strong><br \/>\n&#8211; Arbres fruitiers \u00e0 p\u00e9pins<\/td>\n<td style=\"padding: 8px;\" valign=\"top\">150 g\/hl<\/td>\n<td style=\"padding: 8px;\" valign=\"top\">21 jours<\/td>\n<\/tr>\n<tr>\n<td style=\"padding: 8px;\" valign=\"top\"><strong>Moniliose <\/strong><br \/>\n&#8211; Arbres fruitiers \u00e0 noyaux<\/td>\n<td style=\"padding: 8px;\" valign=\"top\">200 g\/hl<\/td>\n<td style=\"padding: 8px;\" valign=\"top\">14 jours<\/td>\n<\/tr>\n<\/tbody>\n<\/table>\n<p><b><\/b><br \/>\n[wpdm_package id='33907']<\/p>\n","protected":false},"featured_media":33906,"template":"","meta":[],"product_brand":[],"product_cat":[87],"product_tag":[],"class_list":{"0":"post-33903","1":"product","2":"type-product","3":"status-publish","4":"has-post-thumbnail","6":"product_cat-fongicides-00","8":"first","9":"instock","10":"shipping-taxable","11":"product-type-simple"},"yoast_head":"<!-- This site is optimized with the Yoast SEO plugin v25.6 - https:\/\/yoast.com\/wordpress\/plugins\/seo\/ -->\n<title>Kocide \u00ae 2000 - Profert<\/title>\n<meta name=\"robots\" content=\"index, follow, max-snippet:-1, max-image-preview:large, max-video-preview:-1\" \/>\n<link rel=\"canonical\" href=\"https:\/\/profert.dz\/fr\/index.php\/produit\/kocide-2000\/\" \/>\n<meta property=\"og:locale\" content=\"fr_FR\" \/>\n<meta property=\"og:type\" content=\"article\" \/>\n<meta property=\"og:title\" content=\"Kocide \u00ae 2000 - Profert\" \/>\n<meta property=\"og:description\" content=\"Composition :53,8% d\u2019hydroxyde de cuivre. Famille chimique : Min\u00e9raux. Formulation :Granul\u00e9s dispersibles (WG).  Kocide\u00ae 2000 est un fongicide utilis\u00e9 sur plusieurs cultures (arbres fruitiers, vigne, culture maraich\u00e8re et pomme de terre) pour contr\u00f4ler un large spectre de maladies fongiques (mildiou, alternariose, tavelure et moniliose).  Kocide\u00ae 2000 pr\u00e9sente une action bact\u00e9ricide.  Kocide\u00ae 2000 pr\u00e9sente une lib\u00e9ration rapide des ions Cu2+, offrant une action imm\u00e9diate.  Kocide\u00ae 2000 pr\u00e9sente moins de risque de phytotoxicit\u00e9 \u00e0 des temp\u00e9ratures \u00e9lev\u00e9es.  Kocide\u00ae 2000 est autoris\u00e9 en culture biologique.  Usages et doses autoris\u00e9es :    Cat\u00e9gorie d\u2019utilisation Dose en P.C D.A.R     MILDIOU - Cultures mara\u00eech\u00e8res - Vigne 150 g\/hl 150 g\/hl 3 \u00e0 7 jours 14 jours   ALTERNARIOSE  - Pomme de terre 150 g\/hl    Tavelure  - Arbres fruitiers \u00e0 p\u00e9pins 150 g\/hl 21 jours   Moniliose  - Arbres fruitiers \u00e0 noyaux 200 g\/hl 14 jours\" \/>\n<meta property=\"og:url\" content=\"https:\/\/profert.dz\/fr\/index.php\/produit\/kocide-2000\/\" \/>\n<meta property=\"og:site_name\" content=\"Profert\" \/>\n<meta property=\"article:modified_time\" content=\"2026-01-19T15:02:17+00:00\" \/>\n<meta property=\"og:image\" content=\"https:\/\/profert.dz\/fr\/wp-content\/uploads\/2026\/01\/kocide-2000-1-scaled.jpg\" \/>\n\t<meta property=\"og:image:width\" content=\"2560\" \/>\n\t<meta property=\"og:image:height\" content=\"2385\" \/>\n\t<meta property=\"og:image:type\" content=\"image\/jpeg\" \/>\n<meta name=\"twitter:card\" content=\"summary_large_image\" \/>\n<meta name=\"twitter:label1\" content=\"Dur\u00e9e de lecture estim\u00e9e\" \/>\n\t<meta name=\"twitter:data1\" content=\"1 minute\" \/>\n<script type=\"application\/ld+json\" class=\"yoast-schema-graph\">{\"@context\":\"https:\/\/schema.org\",\"@graph\":[{\"@type\":\"WebPage\",\"@id\":\"https:\/\/profert.dz\/fr\/index.php\/produit\/kocide-2000\/\",\"url\":\"https:\/\/profert.dz\/fr\/index.php\/produit\/kocide-2000\/\",\"name\":\"Kocide \u00ae 2000 - Profert\",\"isPartOf\":{\"@id\":\"https:\/\/profert.dz\/fr\/#website\"},\"primaryImageOfPage\":{\"@id\":\"https:\/\/profert.dz\/fr\/index.php\/produit\/kocide-2000\/#primaryimage\"},\"image\":{\"@id\":\"https:\/\/profert.dz\/fr\/index.php\/produit\/kocide-2000\/#primaryimage\"},\"thumbnailUrl\":\"https:\/\/profert.dz\/fr\/wp-content\/uploads\/2026\/01\/kocide-2000-1-scaled.jpg\",\"datePublished\":\"2026-01-19T13:47:34+00:00\",\"dateModified\":\"2026-01-19T15:02:17+00:00\",\"breadcrumb\":{\"@id\":\"https:\/\/profert.dz\/fr\/index.php\/produit\/kocide-2000\/#breadcrumb\"},\"inLanguage\":\"fr-FR\",\"potentialAction\":[{\"@type\":\"ReadAction\",\"target\":[\"https:\/\/profert.dz\/fr\/index.php\/produit\/kocide-2000\/\"]}]},{\"@type\":\"ImageObject\",\"inLanguage\":\"fr-FR\",\"@id\":\"https:\/\/profert.dz\/fr\/index.php\/produit\/kocide-2000\/#primaryimage\",\"url\":\"https:\/\/profert.dz\/fr\/wp-content\/uploads\/2026\/01\/kocide-2000-1-scaled.jpg\",\"contentUrl\":\"https:\/\/profert.dz\/fr\/wp-content\/uploads\/2026\/01\/kocide-2000-1-scaled.jpg\",\"width\":2560,\"height\":2385},{\"@type\":\"BreadcrumbList\",\"@id\":\"https:\/\/profert.dz\/fr\/index.php\/produit\/kocide-2000\/#breadcrumb\",\"itemListElement\":[{\"@type\":\"ListItem\",\"position\":1,\"name\":\"Accueil\",\"item\":\"https:\/\/profert.dz\/fr\/\"},{\"@type\":\"ListItem\",\"position\":2,\"name\":\"Produits\",\"item\":\"https:\/\/profert.dz\/fr\/index.php\/boutique\/\"},{\"@type\":\"ListItem\",\"position\":3,\"name\":\"Kocide \u00ae 2000\"}]},{\"@type\":\"WebSite\",\"@id\":\"https:\/\/profert.dz\/fr\/#website\",\"url\":\"https:\/\/profert.dz\/fr\/\",\"name\":\"Profert.dz\",\"description\":\"Agriculture Alg\u00e9rie\",\"potentialAction\":[{\"@type\":\"SearchAction\",\"target\":{\"@type\":\"EntryPoint\",\"urlTemplate\":\"https:\/\/profert.dz\/fr\/?s={search_term_string}\"},\"query-input\":{\"@type\":\"PropertyValueSpecification\",\"valueRequired\":true,\"valueName\":\"search_term_string\"}}],\"inLanguage\":\"fr-FR\"}]}<\/script>\n<!-- \/ Yoast SEO plugin. -->","yoast_head_json":{"title":"Kocide \u00ae 2000 - Profert","robots":{"index":"index","follow":"follow","max-snippet":"max-snippet:-1","max-image-preview":"max-image-preview:large","max-video-preview":"max-video-preview:-1"},"canonical":"https:\/\/profert.dz\/fr\/index.php\/produit\/kocide-2000\/","og_locale":"fr_FR","og_type":"article","og_title":"Kocide \u00ae 2000 - Profert","og_description":"Composition :53,8% d\u2019hydroxyde de cuivre. Famille chimique : Min\u00e9raux. Formulation :Granul\u00e9s dispersibles (WG).  Kocide\u00ae 2000 est un fongicide utilis\u00e9 sur plusieurs cultures (arbres fruitiers, vigne, culture maraich\u00e8re et pomme de terre) pour contr\u00f4ler un large spectre de maladies fongiques (mildiou, alternariose, tavelure et moniliose).  Kocide\u00ae 2000 pr\u00e9sente une action bact\u00e9ricide.  Kocide\u00ae 2000 pr\u00e9sente une lib\u00e9ration rapide des ions Cu2+, offrant une action imm\u00e9diate.  Kocide\u00ae 2000 pr\u00e9sente moins de risque de phytotoxicit\u00e9 \u00e0 des temp\u00e9ratures \u00e9lev\u00e9es.  Kocide\u00ae 2000 est autoris\u00e9 en culture biologique.  Usages et doses autoris\u00e9es :    Cat\u00e9gorie d\u2019utilisation Dose en P.C D.A.R     MILDIOU - Cultures mara\u00eech\u00e8res - Vigne 150 g\/hl 150 g\/hl 3 \u00e0 7 jours 14 jours   ALTERNARIOSE  - Pomme de terre 150 g\/hl    Tavelure  - Arbres fruitiers \u00e0 p\u00e9pins 150 g\/hl 21 jours   Moniliose  - Arbres fruitiers \u00e0 noyaux 200 g\/hl 14 jours","og_url":"https:\/\/profert.dz\/fr\/index.php\/produit\/kocide-2000\/","og_site_name":"Profert","article_modified_time":"2026-01-19T15:02:17+00:00","og_image":[{"width":2560,"height":2385,"url":"https:\/\/profert.dz\/fr\/wp-content\/uploads\/2026\/01\/kocide-2000-1-scaled.jpg","type":"image\/jpeg"}],"twitter_card":"summary_large_image","twitter_misc":{"Dur\u00e9e de lecture estim\u00e9e":"1 minute"},"schema":{"@context":"https:\/\/schema.org","@graph":[{"@type":"WebPage","@id":"https:\/\/profert.dz\/fr\/index.php\/produit\/kocide-2000\/","url":"https:\/\/profert.dz\/fr\/index.php\/produit\/kocide-2000\/","name":"Kocide \u00ae 2000 - Profert","isPartOf":{"@id":"https:\/\/profert.dz\/fr\/#website"},"primaryImageOfPage":{"@id":"https:\/\/profert.dz\/fr\/index.php\/produit\/kocide-2000\/#primaryimage"},"image":{"@id":"https:\/\/profert.dz\/fr\/index.php\/produit\/kocide-2000\/#primaryimage"},"thumbnailUrl":"https:\/\/profert.dz\/fr\/wp-content\/uploads\/2026\/01\/kocide-2000-1-scaled.jpg","datePublished":"2026-01-19T13:47:34+00:00","dateModified":"2026-01-19T15:02:17+00:00","breadcrumb":{"@id":"https:\/\/profert.dz\/fr\/index.php\/produit\/kocide-2000\/#breadcrumb"},"inLanguage":"fr-FR","potentialAction":[{"@type":"ReadAction","target":["https:\/\/profert.dz\/fr\/index.php\/produit\/kocide-2000\/"]}]},{"@type":"ImageObject","inLanguage":"fr-FR","@id":"https:\/\/profert.dz\/fr\/index.php\/produit\/kocide-2000\/#primaryimage","url":"https:\/\/profert.dz\/fr\/wp-content\/uploads\/2026\/01\/kocide-2000-1-scaled.jpg","contentUrl":"https:\/\/profert.dz\/fr\/wp-content\/uploads\/2026\/01\/kocide-2000-1-scaled.jpg","width":2560,"height":2385},{"@type":"BreadcrumbList","@id":"https:\/\/profert.dz\/fr\/index.php\/produit\/kocide-2000\/#breadcrumb","itemListElement":[{"@type":"ListItem","position":1,"name":"Accueil","item":"https:\/\/profert.dz\/fr\/"},{"@type":"ListItem","position":2,"name":"Produits","item":"https:\/\/profert.dz\/fr\/index.php\/boutique\/"},{"@type":"ListItem","position":3,"name":"Kocide \u00ae 2000"}]},{"@type":"WebSite","@id":"https:\/\/profert.dz\/fr\/#website","url":"https:\/\/profert.dz\/fr\/","name":"Profert.dz","description":"Agriculture Alg\u00e9rie","potentialAction":[{"@type":"SearchAction","target":{"@type":"EntryPoint","urlTemplate":"https:\/\/profert.dz\/fr\/?s={search_term_string}"},"query-input":{"@type":"PropertyValueSpecification","valueRequired":true,"valueName":"search_term_string"}}],"inLanguage":"fr-FR"}]}},"_links":{"self":[{"href":"https:\/\/profert.dz\/fr\/index.php\/wp-json\/wp\/v2\/product\/33903"}],"collection":[{"href":"https:\/\/profert.dz\/fr\/index.php\/wp-json\/wp\/v2\/product"}],"about":[{"href":"https:\/\/profert.dz\/fr\/index.php\/wp-json\/wp\/v2\/types\/product"}],"wp:featuredmedia":[{"embeddable":true,"href":"https:\/\/profert.dz\/fr\/index.php\/wp-json\/wp\/v2\/media\/33906"}],"wp:attachment":[{"href":"https:\/\/profert.dz\/fr\/index.php\/wp-json\/wp\/v2\/media?parent=33903"}],"wp:term":[{"taxonomy":"product_brand","embeddable":true,"href":"https:\/\/profert.dz\/fr\/index.php\/wp-json\/wp\/v2\/product_brand?post=33903"},{"taxonomy":"product_cat","embeddable":true,"href":"https:\/\/profert.dz\/fr\/index.php\/wp-json\/wp\/v2\/product_cat?post=33903"},{"taxonomy":"product_tag","embeddable":true,"href":"https:\/\/profert.dz\/fr\/index.php\/wp-json\/wp\/v2\/product_tag?post=33903"}],"curies":[{"name":"wp","href":"https:\/\/api.w.org\/{rel}","templated":true}]}}