{"id":33865,"date":"2026-01-18T10:35:50","date_gmt":"2026-01-18T09:35:50","guid":{"rendered":"https:\/\/profert.dz\/fr\/?post_type=product&#038;p=33865"},"modified":"2026-01-18T13:22:27","modified_gmt":"2026-01-18T12:22:27","slug":"bks-t-lure-pheromone","status":"publish","type":"product","link":"https:\/\/profert.dz\/fr\/index.php\/produit\/bks-t-lure-pheromone\/","title":{"rendered":"Bks T-Lure<sup>\u00ae<\/sup> Ph\u00e9romone"},"content":{"rendered":"","protected":false},"excerpt":{"rendered":"<p><strong>Cat\u00e9gorie :<\/strong> Mediateur chimique.<br \/>\nComposition 95 % (E.Z.Z)-ac\u00e9tate de 3,8,11-t\u00e9trad\u00e9catri\u00e9nyle et 5 % (E,Z)<br \/>\nAc\u00e9tate de 3,8-t\u00e9trad\u00e9cadi\u00e9nyle.<br \/>\n<strong>Concentration :<\/strong> 0,5 mg\/capsule<br \/>\n<strong>Formulation : <\/strong> capsule \u00e0 ph\u00e9romone.<\/p>\n<p style=\"text-align: justify;\"><strong> Bks T-Lure<sup>\u00ae<\/sup> Ph\u00e9romone <\/strong>est une capsule contenant une pheromone analogue \u00e0 celle \u00e9mise par la femelle de la mineuse de la tomate (Tuta absoluta).<\/p>\n<p><strong>MODE D\u2019ACTION :<\/strong><\/p>\n<p style=\"text-align: justify;\"><strong> Bks T-Lure<sup>\u00ae<\/sup> Ph\u00e9romone <\/strong>s&rsquo;utilise avec un pi\u00e8ge de type delta. Elle diffuse une ph\u00e9romone imitant celle produite par la femelle, attirant ainsi les m\u00e5les.<br \/>\n<strong> Bks T-Lure<sup>\u00ae<\/sup> Ph\u00e9romone <\/strong>permet, selon le nombre de pi\u00e8ges install\u00e9s, d&rsquo;assurer le monitoring des populations ou de mettre en place un pi\u00e9geage de masse contre Tuta absoluta.<\/p>\n<p><strong>USAGES ET DOSES RECOMMAND\u00c9S :<\/strong><\/p>\n<table style=\"width: 100%; border-collapse: collapse; margin-bottom: 20px;\" border=\"1\" cellpadding=\"5\">\n<thead>\n<tr>\n<th style=\"vertical-align: middle; text-align: left;\">Cultures<\/th>\n<th style=\"vertical-align: middle; text-align: left;\">Cibles<\/th>\n<th style=\"vertical-align: middle; text-align: left;\">Doses<\/th>\n<\/tr>\n<\/thead>\n<tbody>\n<tr>\n<td style=\"text-align: left;\">Tomate<\/td>\n<td style=\"text-align: left;\">Tuta absolue<\/td>\n<td style=\"text-align: left;\">2 \u00e0 5 Capsules\/ha\u00b2<\/td>\n<\/tr>\n<\/tbody>\n<\/table>\n<p style=\"text-align: justify;\"><strong>AVANTAGES :<\/strong><\/p>\n<ul>\n<li><strong>Bks T-Lure<sup>\u00ae<\/sup> Ph\u00e9romone<\/strong> permet une d\u00e9tection pr\u00e9coce, aide \u00e0 d\u00e9terminer le moment optimal pour le traitement et contribue \u00e0 r\u00e9duire le nombre d&rsquo;interventions<\/li>\n<li><strong>Bks T-Lure<sup>\u00ae<\/sup> Ph\u00e9romone<\/strong> offre une diffusion stable pendant 4 semaines.<\/li>\n<li><strong>Bks T-Lure<sup>\u00ae<\/sup> Ph\u00e9romone<\/strong> n&rsquo;est pas toxique, et n&rsquo;a pas d&rsquo;impact sur les insectes auxiliaires.<\/li>\n<li><strong>Bks T-Lure<sup>\u00ae<\/sup> Ph\u00e9romone<\/strong> est utilisable en agriculture biologique.<\/li>\n<li><strong>Bks T-Lure<sup>\u00ae<\/sup> Ph\u00e9romone<\/strong> ne laisse pas de r\u00e9sidus dans le fruit. Il n&rsquo;y a pas besoin de respecter de d\u00e9lai avant r\u00e9colte (DAR).<\/li>\n<li><strong>Bks T-Lure<sup>\u00ae<\/sup> Ph\u00e9romone<\/strong> est facile \u00e0 utiliser et hautement efficace.<\/li>\n<\/ul>\n<p style=\"text-align: justify;\"><strong>RECOMMANDATIONS :<\/strong><\/p>\n<p>&#8211; Remplacer la capsule apr\u00e8s 4 semaines d&rsquo;utilisation,<br \/>\n&#8211; Remplacer les plaques englu\u00e9es du pi\u00e8ge Delta en cas de vent de sable ou d\u00e8s qu&rsquo;ils sont satur\u0117s d&rsquo;insectes.<br \/>\n&#8211; Installer les pi\u00e8ges avant l&rsquo;apparition de la premi\u00e8re g\u00e9n\u00e9ration.<br \/>\n&#8211; Eviter tout contact avec les mains lors de l&rsquo;installation de la capsule.<br \/>\n&#8211; Pour un pi\u00e9geage de masse efficace contre Tuta absoluta, il est recommand\u00e9 d&rsquo;installer entre 40 \u00e0 60 pi\u00e8ges par hectare, pouvant aller jusqu&rsquo;\u00e0 100 pi\u00e8ges par hectare en cas de forte pression.<\/p>\n","protected":false},"featured_media":0,"template":"","meta":[],"product_brand":[],"product_cat":[241],"product_tag":[],"class_list":{"0":"post-33865","1":"product","2":"type-product","3":"status-publish","5":"product_cat-piegeage-et-monitoring","7":"first","8":"instock","9":"shipping-taxable","10":"product-type-simple"},"yoast_head":"<!-- This site is optimized with the Yoast SEO plugin v25.6 - https:\/\/yoast.com\/wordpress\/plugins\/seo\/ -->\n<title>Bks T-Lure\u00ae Ph\u00e9romone - Profert<\/title>\n<meta name=\"robots\" content=\"index, follow, max-snippet:-1, max-image-preview:large, max-video-preview:-1\" \/>\n<link rel=\"canonical\" href=\"https:\/\/profert.dz\/fr\/index.php\/produit\/bks-t-lure-pheromone\/\" \/>\n<meta property=\"og:locale\" content=\"fr_FR\" \/>\n<meta property=\"og:type\" content=\"article\" \/>\n<meta property=\"og:title\" content=\"Bks T-Lure\u00ae Ph\u00e9romone - Profert\" \/>\n<meta property=\"og:description\" content=\"Cat\u00e9gorie : Mediateur chimique. Composition 95 % (E.Z.Z)-ac\u00e9tate de 3,8,11-t\u00e9trad\u00e9catri\u00e9nyle et 5 % (E,Z) Ac\u00e9tate de 3,8-t\u00e9trad\u00e9cadi\u00e9nyle. Concentration : 0,5 mg\/capsule Formulation : capsule \u00e0 ph\u00e9romone.  Bks T-Lure\u00ae Ph\u00e9romone est une capsule contenant une pheromone analogue \u00e0 celle \u00e9mise par la femelle de la mineuse de la tomate (Tuta absoluta). MODE D\u2019ACTION :  Bks T-Lure\u00ae Ph\u00e9romone s&#039;utilise avec un pi\u00e8ge de type delta. Elle diffuse une ph\u00e9romone imitant celle produite par la femelle, attirant ainsi les m\u00e5les.  Bks T-Lure\u00ae Ph\u00e9romone permet, selon le nombre de pi\u00e8ges install\u00e9s, d&#039;assurer le monitoring des populations ou de mettre en place un pi\u00e9geage de masse contre Tuta absoluta. USAGES ET DOSES RECOMMAND\u00c9S :    Cultures Cibles Doses     Tomate Tuta absolue 2 \u00e0 5 Capsules\/ha\u00b2    AVANTAGES :    Bks T-Lure\u00ae Ph\u00e9romone permet une d\u00e9tection pr\u00e9coce, aide \u00e0 d\u00e9terminer le moment optimal pour le traitement et contribue \u00e0 r\u00e9duire le nombre d&#039;interventions  Bks T-Lure\u00ae Ph\u00e9romone offre une diffusion stable pendant 4 semaines.  Bks T-Lure\u00ae Ph\u00e9romone n&#039;est pas toxique, et n&#039;a pas d&#039;impact sur les insectes auxiliaires.  Bks T-Lure\u00ae Ph\u00e9romone est utilisable en agriculture biologique.  Bks T-Lure\u00ae Ph\u00e9romone ne laisse pas de r\u00e9sidus dans le fruit. Il n&#039;y a pas besoin de respecter de d\u00e9lai avant r\u00e9colte (DAR).  Bks T-Lure\u00ae Ph\u00e9romone est facile \u00e0 utiliser et hautement efficace.  RECOMMANDATIONS : - Remplacer la capsule apr\u00e8s 4 semaines d&#039;utilisation, - Remplacer les plaques englu\u00e9es du pi\u00e8ge Delta en cas de vent de sable ou d\u00e8s qu&#039;ils sont satur\u0117s d&#039;insectes. - Installer les pi\u00e8ges avant l&#039;apparition de la premi\u00e8re g\u00e9n\u00e9ration. - Eviter tout contact avec les mains lors de l&#039;installation de la capsule. - Pour un pi\u00e9geage de masse efficace contre Tuta absoluta, il est recommand\u00e9 d&#039;installer entre 40 \u00e0 60 pi\u00e8ges par hectare, pouvant aller jusqu&#039;\u00e0 100 pi\u00e8ges par hectare en cas de forte pression.\" \/>\n<meta property=\"og:url\" content=\"https:\/\/profert.dz\/fr\/index.php\/produit\/bks-t-lure-pheromone\/\" \/>\n<meta property=\"og:site_name\" content=\"Profert\" \/>\n<meta property=\"article:modified_time\" content=\"2026-01-18T12:22:27+00:00\" \/>\n<meta property=\"og:image\" content=\"https:\/\/profert.dz\/fr\/wp-content\/uploads\/2024\/09\/Actualite-Site-Web.jpg\" \/>\n\t<meta property=\"og:image:width\" content=\"350\" \/>\n\t<meta property=\"og:image:height\" content=\"163\" \/>\n\t<meta property=\"og:image:type\" content=\"image\/jpeg\" \/>\n<meta name=\"twitter:card\" content=\"summary_large_image\" \/>\n<script type=\"application\/ld+json\" class=\"yoast-schema-graph\">{\"@context\":\"https:\/\/schema.org\",\"@graph\":[{\"@type\":\"WebPage\",\"@id\":\"https:\/\/profert.dz\/fr\/index.php\/produit\/bks-t-lure-pheromone\/\",\"url\":\"https:\/\/profert.dz\/fr\/index.php\/produit\/bks-t-lure-pheromone\/\",\"name\":\"Bks T-Lure\u00ae Ph\u00e9romone - Profert\",\"isPartOf\":{\"@id\":\"https:\/\/profert.dz\/fr\/#website\"},\"datePublished\":\"2026-01-18T09:35:50+00:00\",\"dateModified\":\"2026-01-18T12:22:27+00:00\",\"breadcrumb\":{\"@id\":\"https:\/\/profert.dz\/fr\/index.php\/produit\/bks-t-lure-pheromone\/#breadcrumb\"},\"inLanguage\":\"fr-FR\",\"potentialAction\":[{\"@type\":\"ReadAction\",\"target\":[\"https:\/\/profert.dz\/fr\/index.php\/produit\/bks-t-lure-pheromone\/\"]}]},{\"@type\":\"BreadcrumbList\",\"@id\":\"https:\/\/profert.dz\/fr\/index.php\/produit\/bks-t-lure-pheromone\/#breadcrumb\",\"itemListElement\":[{\"@type\":\"ListItem\",\"position\":1,\"name\":\"Accueil\",\"item\":\"https:\/\/profert.dz\/fr\/\"},{\"@type\":\"ListItem\",\"position\":2,\"name\":\"Produits\",\"item\":\"https:\/\/profert.dz\/fr\/index.php\/boutique\/\"},{\"@type\":\"ListItem\",\"position\":3,\"name\":\"Bks T-Lure\u00ae Ph\u00e9romone\"}]},{\"@type\":\"WebSite\",\"@id\":\"https:\/\/profert.dz\/fr\/#website\",\"url\":\"https:\/\/profert.dz\/fr\/\",\"name\":\"Profert.dz\",\"description\":\"Agriculture Alg\u00e9rie\",\"potentialAction\":[{\"@type\":\"SearchAction\",\"target\":{\"@type\":\"EntryPoint\",\"urlTemplate\":\"https:\/\/profert.dz\/fr\/?s={search_term_string}\"},\"query-input\":{\"@type\":\"PropertyValueSpecification\",\"valueRequired\":true,\"valueName\":\"search_term_string\"}}],\"inLanguage\":\"fr-FR\"}]}<\/script>\n<!-- \/ Yoast SEO plugin. -->","yoast_head_json":{"title":"Bks T-Lure\u00ae Ph\u00e9romone - Profert","robots":{"index":"index","follow":"follow","max-snippet":"max-snippet:-1","max-image-preview":"max-image-preview:large","max-video-preview":"max-video-preview:-1"},"canonical":"https:\/\/profert.dz\/fr\/index.php\/produit\/bks-t-lure-pheromone\/","og_locale":"fr_FR","og_type":"article","og_title":"Bks T-Lure\u00ae Ph\u00e9romone - Profert","og_description":"Cat\u00e9gorie : Mediateur chimique. Composition 95 % (E.Z.Z)-ac\u00e9tate de 3,8,11-t\u00e9trad\u00e9catri\u00e9nyle et 5 % (E,Z) Ac\u00e9tate de 3,8-t\u00e9trad\u00e9cadi\u00e9nyle. Concentration : 0,5 mg\/capsule Formulation : capsule \u00e0 ph\u00e9romone.  Bks T-Lure\u00ae Ph\u00e9romone est une capsule contenant une pheromone analogue \u00e0 celle \u00e9mise par la femelle de la mineuse de la tomate (Tuta absoluta). MODE D\u2019ACTION :  Bks T-Lure\u00ae Ph\u00e9romone s'utilise avec un pi\u00e8ge de type delta. Elle diffuse une ph\u00e9romone imitant celle produite par la femelle, attirant ainsi les m\u00e5les.  Bks T-Lure\u00ae Ph\u00e9romone permet, selon le nombre de pi\u00e8ges install\u00e9s, d'assurer le monitoring des populations ou de mettre en place un pi\u00e9geage de masse contre Tuta absoluta. USAGES ET DOSES RECOMMAND\u00c9S :    Cultures Cibles Doses     Tomate Tuta absolue 2 \u00e0 5 Capsules\/ha\u00b2    AVANTAGES :    Bks T-Lure\u00ae Ph\u00e9romone permet une d\u00e9tection pr\u00e9coce, aide \u00e0 d\u00e9terminer le moment optimal pour le traitement et contribue \u00e0 r\u00e9duire le nombre d'interventions  Bks T-Lure\u00ae Ph\u00e9romone offre une diffusion stable pendant 4 semaines.  Bks T-Lure\u00ae Ph\u00e9romone n'est pas toxique, et n'a pas d'impact sur les insectes auxiliaires.  Bks T-Lure\u00ae Ph\u00e9romone est utilisable en agriculture biologique.  Bks T-Lure\u00ae Ph\u00e9romone ne laisse pas de r\u00e9sidus dans le fruit. Il n'y a pas besoin de respecter de d\u00e9lai avant r\u00e9colte (DAR).  Bks T-Lure\u00ae Ph\u00e9romone est facile \u00e0 utiliser et hautement efficace.  RECOMMANDATIONS : - Remplacer la capsule apr\u00e8s 4 semaines d'utilisation, - Remplacer les plaques englu\u00e9es du pi\u00e8ge Delta en cas de vent de sable ou d\u00e8s qu'ils sont satur\u0117s d'insectes. - Installer les pi\u00e8ges avant l'apparition de la premi\u00e8re g\u00e9n\u00e9ration. - Eviter tout contact avec les mains lors de l'installation de la capsule. - Pour un pi\u00e9geage de masse efficace contre Tuta absoluta, il est recommand\u00e9 d'installer entre 40 \u00e0 60 pi\u00e8ges par hectare, pouvant aller jusqu'\u00e0 100 pi\u00e8ges par hectare en cas de forte pression.","og_url":"https:\/\/profert.dz\/fr\/index.php\/produit\/bks-t-lure-pheromone\/","og_site_name":"Profert","article_modified_time":"2026-01-18T12:22:27+00:00","og_image":[{"width":350,"height":163,"url":"https:\/\/profert.dz\/fr\/wp-content\/uploads\/2024\/09\/Actualite-Site-Web.jpg","type":"image\/jpeg"}],"twitter_card":"summary_large_image","schema":{"@context":"https:\/\/schema.org","@graph":[{"@type":"WebPage","@id":"https:\/\/profert.dz\/fr\/index.php\/produit\/bks-t-lure-pheromone\/","url":"https:\/\/profert.dz\/fr\/index.php\/produit\/bks-t-lure-pheromone\/","name":"Bks T-Lure\u00ae Ph\u00e9romone - Profert","isPartOf":{"@id":"https:\/\/profert.dz\/fr\/#website"},"datePublished":"2026-01-18T09:35:50+00:00","dateModified":"2026-01-18T12:22:27+00:00","breadcrumb":{"@id":"https:\/\/profert.dz\/fr\/index.php\/produit\/bks-t-lure-pheromone\/#breadcrumb"},"inLanguage":"fr-FR","potentialAction":[{"@type":"ReadAction","target":["https:\/\/profert.dz\/fr\/index.php\/produit\/bks-t-lure-pheromone\/"]}]},{"@type":"BreadcrumbList","@id":"https:\/\/profert.dz\/fr\/index.php\/produit\/bks-t-lure-pheromone\/#breadcrumb","itemListElement":[{"@type":"ListItem","position":1,"name":"Accueil","item":"https:\/\/profert.dz\/fr\/"},{"@type":"ListItem","position":2,"name":"Produits","item":"https:\/\/profert.dz\/fr\/index.php\/boutique\/"},{"@type":"ListItem","position":3,"name":"Bks T-Lure\u00ae Ph\u00e9romone"}]},{"@type":"WebSite","@id":"https:\/\/profert.dz\/fr\/#website","url":"https:\/\/profert.dz\/fr\/","name":"Profert.dz","description":"Agriculture Alg\u00e9rie","potentialAction":[{"@type":"SearchAction","target":{"@type":"EntryPoint","urlTemplate":"https:\/\/profert.dz\/fr\/?s={search_term_string}"},"query-input":{"@type":"PropertyValueSpecification","valueRequired":true,"valueName":"search_term_string"}}],"inLanguage":"fr-FR"}]}},"_links":{"self":[{"href":"https:\/\/profert.dz\/fr\/index.php\/wp-json\/wp\/v2\/product\/33865"}],"collection":[{"href":"https:\/\/profert.dz\/fr\/index.php\/wp-json\/wp\/v2\/product"}],"about":[{"href":"https:\/\/profert.dz\/fr\/index.php\/wp-json\/wp\/v2\/types\/product"}],"wp:attachment":[{"href":"https:\/\/profert.dz\/fr\/index.php\/wp-json\/wp\/v2\/media?parent=33865"}],"wp:term":[{"taxonomy":"product_brand","embeddable":true,"href":"https:\/\/profert.dz\/fr\/index.php\/wp-json\/wp\/v2\/product_brand?post=33865"},{"taxonomy":"product_cat","embeddable":true,"href":"https:\/\/profert.dz\/fr\/index.php\/wp-json\/wp\/v2\/product_cat?post=33865"},{"taxonomy":"product_tag","embeddable":true,"href":"https:\/\/profert.dz\/fr\/index.php\/wp-json\/wp\/v2\/product_tag?post=33865"}],"curies":[{"name":"wp","href":"https:\/\/api.w.org\/{rel}","templated":true}]}}