{"id":33282,"date":"2025-10-30T13:22:46","date_gmt":"2025-10-30T12:22:46","guid":{"rendered":"https:\/\/profert.dz\/fr\/?post_type=product&#038;p=33282"},"modified":"2025-11-13T09:35:12","modified_gmt":"2025-11-13T08:35:12","slug":"defence","status":"publish","type":"product","link":"https:\/\/profert.dz\/fr\/index.php\/produit\/defence\/","title":{"rendered":"Defence<sup>\u00ae <\/sup>"},"content":{"rendered":"","protected":false},"excerpt":{"rendered":"<p><strong>Composition <\/strong> :<span style=\"font-size: 10pt;\">EPOXICONAZOLE 125 g\/L.<\/span><\/p>\n<p><strong>Famille chimique <\/strong> :<span style=\"font-size: 10pt;\">Triazoles<\/span>.<\/p>\n<p><strong>Formulation <\/strong> :<span style=\"font-size: 10pt;\">Suspension concentr\u00e9e (SC).<\/span><\/p>\n<p><span style=\"font-size: 12pt;\"><strong>Modes d\u2019action:<\/strong><\/span><\/p>\n<p><span style=\"font-size: 12pt;\"><strong>DEFENCE<sup>\u00ae <\/sup><\/strong><\/span>est un fongicide \u00e0 base d\u2019\u00e9poxiconazole, efficace contre un large spectre de maladies fongiques (la rouille, l\u2019o\u00efdium, et la septoriose) sur les c\u00e9r\u00e9ales.<\/p>\n<p><span style=\"font-size: 12pt;\"><strong>DEFENCE<sup>\u00ae <\/sup><\/strong><\/span>est utilis\u00e9 sur d\u2019autres cultures comme : colza, tournesol, l\u00e9gumineuses \u2026<\/p>\n<p><span style=\"font-size: 12pt;\"><strong>DEFENCE<sup>\u00ae <\/sup><\/strong><\/span>est dot\u00e9 d\u2019une double syst\u00e9mie ascendante et descendante, assurant une protection int\u00e9grale de la plante.<\/p>\n<p><strong>Avantages:<\/strong><br \/>\n\u2022 Contr\u00f4le un large spectre de maladies fongiques.<br \/>\n\u2022 Prot\u00e8ge les nouvelles feuilles et offre une persistance d\u2019action prolong\u00e9e.<br \/>\n\u2022 Procure un effet pr\u00e9ventif, curatif et \u00e9radiquant.<\/p>\n<p><span style=\"font-size: 14pt;\"><strong>Usages et doses homologu\u00e9es:<\/strong><\/span><\/p>\n<table border=\"1\" cellspacing=\"0\" cellpadding=\"0\">\n<tbody>\n<tr>\n<td style=\"padding: 8px; text-align: center;\" valign=\"top\" width=\"200\"><strong>Cat\u00e9gorie d\u2019utilisation <\/strong><\/td>\n<td style=\"padding: 8px; text-align: center;\" valign=\"top\" width=\"200\"><strong>Dose en P.C.<\/strong><\/td>\n<\/tr>\n<tr>\n<td style=\"padding: 8px; text-align: center;\" valign=\"top\" width=\"200\">O\u00cfDIUM \/ ROUILLE JAUNE<br \/>\n<strong> .<\/strong>Bl\u00e9s<\/td>\n<td style=\"padding: 8px; text-align: center;\" valign=\"top\" width=\"200\">0,7 \u00e0 1 L\/Ha<\/td>\n<\/tr>\n<\/tbody>\n<\/table>\n<p><span style=\"font-size: 14pt;\"><strong>Compatibilit\u00e9 :<\/strong><\/span><br \/>\n<strong>DEFENCE<sup>\u00ae <\/sup><\/strong>est compatible avec la plupart des produits phytosanitaires, \u00e0 l\u2019exception de ceux \u00e0 pH \u00e9lev\u00e9, et des huiles min\u00e9rales \u00e0 forte concentration.<\/p>\n[wpdm_package id='33386']\n","protected":false},"featured_media":33285,"template":"","meta":[],"product_brand":[],"product_cat":[87],"product_tag":[],"class_list":{"0":"post-33282","1":"product","2":"type-product","3":"status-publish","4":"has-post-thumbnail","6":"product_cat-fongicides-00","8":"first","9":"instock","10":"shipping-taxable","11":"product-type-simple"},"yoast_head":"<!-- This site is optimized with the Yoast SEO plugin v25.6 - https:\/\/yoast.com\/wordpress\/plugins\/seo\/ -->\n<title>Defence\u00ae  - Profert<\/title>\n<meta name=\"robots\" content=\"index, follow, max-snippet:-1, max-image-preview:large, max-video-preview:-1\" \/>\n<link rel=\"canonical\" href=\"https:\/\/profert.dz\/fr\/index.php\/produit\/defence\/\" \/>\n<meta property=\"og:locale\" content=\"fr_FR\" \/>\n<meta property=\"og:type\" content=\"article\" \/>\n<meta property=\"og:title\" content=\"Defence\u00ae  - Profert\" \/>\n<meta property=\"og:description\" content=\"Composition :EPOXICONAZOLE 125 g\/L.  Famille chimique :Triazoles.  Formulation :Suspension concentr\u00e9e (SC).  Modes d\u2019action:  DEFENCE\u00ae est un fongicide \u00e0 base d\u2019\u00e9poxiconazole, efficace contre un large spectre de maladies fongiques (la rouille, l\u2019o\u00efdium, et la septoriose) sur les c\u00e9r\u00e9ales.  DEFENCE\u00ae est utilis\u00e9 sur d\u2019autres cultures comme : colza, tournesol, l\u00e9gumineuses \u2026  DEFENCE\u00ae est dot\u00e9 d\u2019une double syst\u00e9mie ascendante et descendante, assurant une protection int\u00e9grale de la plante.  Avantages: \u2022 Contr\u00f4le un large spectre de maladies fongiques. \u2022 Prot\u00e8ge les nouvelles feuilles et offre une persistance d\u2019action prolong\u00e9e. \u2022 Procure un effet pr\u00e9ventif, curatif et \u00e9radiquant.  Usages et doses homologu\u00e9es:    Cat\u00e9gorie d\u2019utilisation  Dose en P.C.   O\u00cfDIUM \/ ROUILLE JAUNE  .Bl\u00e9s 0,7 \u00e0 1 L\/Ha    Compatibilit\u00e9 : DEFENCE\u00ae est compatible avec la plupart des produits phytosanitaires, \u00e0 l\u2019exception de ceux \u00e0 pH \u00e9lev\u00e9, et des huiles min\u00e9rales \u00e0 forte concentration.\" \/>\n<meta property=\"og:url\" content=\"https:\/\/profert.dz\/fr\/index.php\/produit\/defence\/\" \/>\n<meta property=\"og:site_name\" content=\"Profert\" \/>\n<meta property=\"article:modified_time\" content=\"2025-11-13T08:35:12+00:00\" \/>\n<meta property=\"og:image\" content=\"https:\/\/profert.dz\/fr\/wp-content\/uploads\/2025\/10\/Click.jpg\" \/>\n\t<meta property=\"og:image:width\" content=\"720\" \/>\n\t<meta property=\"og:image:height\" content=\"659\" \/>\n\t<meta property=\"og:image:type\" content=\"image\/jpeg\" \/>\n<meta name=\"twitter:card\" content=\"summary_large_image\" \/>\n<meta name=\"twitter:label1\" content=\"Dur\u00e9e de lecture estim\u00e9e\" \/>\n\t<meta name=\"twitter:data1\" content=\"1 minute\" \/>\n<script type=\"application\/ld+json\" class=\"yoast-schema-graph\">{\"@context\":\"https:\/\/schema.org\",\"@graph\":[{\"@type\":\"WebPage\",\"@id\":\"https:\/\/profert.dz\/fr\/index.php\/produit\/defence\/\",\"url\":\"https:\/\/profert.dz\/fr\/index.php\/produit\/defence\/\",\"name\":\"Defence\u00ae - Profert\",\"isPartOf\":{\"@id\":\"https:\/\/profert.dz\/fr\/#website\"},\"primaryImageOfPage\":{\"@id\":\"https:\/\/profert.dz\/fr\/index.php\/produit\/defence\/#primaryimage\"},\"image\":{\"@id\":\"https:\/\/profert.dz\/fr\/index.php\/produit\/defence\/#primaryimage\"},\"thumbnailUrl\":\"https:\/\/profert.dz\/fr\/wp-content\/uploads\/2025\/10\/Click.jpg\",\"datePublished\":\"2025-10-30T12:22:46+00:00\",\"dateModified\":\"2025-11-13T08:35:12+00:00\",\"breadcrumb\":{\"@id\":\"https:\/\/profert.dz\/fr\/index.php\/produit\/defence\/#breadcrumb\"},\"inLanguage\":\"fr-FR\",\"potentialAction\":[{\"@type\":\"ReadAction\",\"target\":[\"https:\/\/profert.dz\/fr\/index.php\/produit\/defence\/\"]}]},{\"@type\":\"ImageObject\",\"inLanguage\":\"fr-FR\",\"@id\":\"https:\/\/profert.dz\/fr\/index.php\/produit\/defence\/#primaryimage\",\"url\":\"https:\/\/profert.dz\/fr\/wp-content\/uploads\/2025\/10\/Click.jpg\",\"contentUrl\":\"https:\/\/profert.dz\/fr\/wp-content\/uploads\/2025\/10\/Click.jpg\",\"width\":720,\"height\":659},{\"@type\":\"BreadcrumbList\",\"@id\":\"https:\/\/profert.dz\/fr\/index.php\/produit\/defence\/#breadcrumb\",\"itemListElement\":[{\"@type\":\"ListItem\",\"position\":1,\"name\":\"Accueil\",\"item\":\"https:\/\/profert.dz\/fr\/\"},{\"@type\":\"ListItem\",\"position\":2,\"name\":\"Produits\",\"item\":\"https:\/\/profert.dz\/fr\/index.php\/boutique\/\"},{\"@type\":\"ListItem\",\"position\":3,\"name\":\"Defence\u00ae\"}]},{\"@type\":\"WebSite\",\"@id\":\"https:\/\/profert.dz\/fr\/#website\",\"url\":\"https:\/\/profert.dz\/fr\/\",\"name\":\"Profert.dz\",\"description\":\"Agriculture Alg\u00e9rie\",\"potentialAction\":[{\"@type\":\"SearchAction\",\"target\":{\"@type\":\"EntryPoint\",\"urlTemplate\":\"https:\/\/profert.dz\/fr\/?s={search_term_string}\"},\"query-input\":{\"@type\":\"PropertyValueSpecification\",\"valueRequired\":true,\"valueName\":\"search_term_string\"}}],\"inLanguage\":\"fr-FR\"}]}<\/script>\n<!-- \/ Yoast SEO plugin. -->","yoast_head_json":{"title":"Defence\u00ae  - Profert","robots":{"index":"index","follow":"follow","max-snippet":"max-snippet:-1","max-image-preview":"max-image-preview:large","max-video-preview":"max-video-preview:-1"},"canonical":"https:\/\/profert.dz\/fr\/index.php\/produit\/defence\/","og_locale":"fr_FR","og_type":"article","og_title":"Defence\u00ae  - Profert","og_description":"Composition :EPOXICONAZOLE 125 g\/L.  Famille chimique :Triazoles.  Formulation :Suspension concentr\u00e9e (SC).  Modes d\u2019action:  DEFENCE\u00ae est un fongicide \u00e0 base d\u2019\u00e9poxiconazole, efficace contre un large spectre de maladies fongiques (la rouille, l\u2019o\u00efdium, et la septoriose) sur les c\u00e9r\u00e9ales.  DEFENCE\u00ae est utilis\u00e9 sur d\u2019autres cultures comme : colza, tournesol, l\u00e9gumineuses \u2026  DEFENCE\u00ae est dot\u00e9 d\u2019une double syst\u00e9mie ascendante et descendante, assurant une protection int\u00e9grale de la plante.  Avantages: \u2022 Contr\u00f4le un large spectre de maladies fongiques. \u2022 Prot\u00e8ge les nouvelles feuilles et offre une persistance d\u2019action prolong\u00e9e. \u2022 Procure un effet pr\u00e9ventif, curatif et \u00e9radiquant.  Usages et doses homologu\u00e9es:    Cat\u00e9gorie d\u2019utilisation  Dose en P.C.   O\u00cfDIUM \/ ROUILLE JAUNE  .Bl\u00e9s 0,7 \u00e0 1 L\/Ha    Compatibilit\u00e9 : DEFENCE\u00ae est compatible avec la plupart des produits phytosanitaires, \u00e0 l\u2019exception de ceux \u00e0 pH \u00e9lev\u00e9, et des huiles min\u00e9rales \u00e0 forte concentration.","og_url":"https:\/\/profert.dz\/fr\/index.php\/produit\/defence\/","og_site_name":"Profert","article_modified_time":"2025-11-13T08:35:12+00:00","og_image":[{"width":720,"height":659,"url":"https:\/\/profert.dz\/fr\/wp-content\/uploads\/2025\/10\/Click.jpg","type":"image\/jpeg"}],"twitter_card":"summary_large_image","twitter_misc":{"Dur\u00e9e de lecture estim\u00e9e":"1 minute"},"schema":{"@context":"https:\/\/schema.org","@graph":[{"@type":"WebPage","@id":"https:\/\/profert.dz\/fr\/index.php\/produit\/defence\/","url":"https:\/\/profert.dz\/fr\/index.php\/produit\/defence\/","name":"Defence\u00ae - Profert","isPartOf":{"@id":"https:\/\/profert.dz\/fr\/#website"},"primaryImageOfPage":{"@id":"https:\/\/profert.dz\/fr\/index.php\/produit\/defence\/#primaryimage"},"image":{"@id":"https:\/\/profert.dz\/fr\/index.php\/produit\/defence\/#primaryimage"},"thumbnailUrl":"https:\/\/profert.dz\/fr\/wp-content\/uploads\/2025\/10\/Click.jpg","datePublished":"2025-10-30T12:22:46+00:00","dateModified":"2025-11-13T08:35:12+00:00","breadcrumb":{"@id":"https:\/\/profert.dz\/fr\/index.php\/produit\/defence\/#breadcrumb"},"inLanguage":"fr-FR","potentialAction":[{"@type":"ReadAction","target":["https:\/\/profert.dz\/fr\/index.php\/produit\/defence\/"]}]},{"@type":"ImageObject","inLanguage":"fr-FR","@id":"https:\/\/profert.dz\/fr\/index.php\/produit\/defence\/#primaryimage","url":"https:\/\/profert.dz\/fr\/wp-content\/uploads\/2025\/10\/Click.jpg","contentUrl":"https:\/\/profert.dz\/fr\/wp-content\/uploads\/2025\/10\/Click.jpg","width":720,"height":659},{"@type":"BreadcrumbList","@id":"https:\/\/profert.dz\/fr\/index.php\/produit\/defence\/#breadcrumb","itemListElement":[{"@type":"ListItem","position":1,"name":"Accueil","item":"https:\/\/profert.dz\/fr\/"},{"@type":"ListItem","position":2,"name":"Produits","item":"https:\/\/profert.dz\/fr\/index.php\/boutique\/"},{"@type":"ListItem","position":3,"name":"Defence\u00ae"}]},{"@type":"WebSite","@id":"https:\/\/profert.dz\/fr\/#website","url":"https:\/\/profert.dz\/fr\/","name":"Profert.dz","description":"Agriculture Alg\u00e9rie","potentialAction":[{"@type":"SearchAction","target":{"@type":"EntryPoint","urlTemplate":"https:\/\/profert.dz\/fr\/?s={search_term_string}"},"query-input":{"@type":"PropertyValueSpecification","valueRequired":true,"valueName":"search_term_string"}}],"inLanguage":"fr-FR"}]}},"_links":{"self":[{"href":"https:\/\/profert.dz\/fr\/index.php\/wp-json\/wp\/v2\/product\/33282"}],"collection":[{"href":"https:\/\/profert.dz\/fr\/index.php\/wp-json\/wp\/v2\/product"}],"about":[{"href":"https:\/\/profert.dz\/fr\/index.php\/wp-json\/wp\/v2\/types\/product"}],"wp:featuredmedia":[{"embeddable":true,"href":"https:\/\/profert.dz\/fr\/index.php\/wp-json\/wp\/v2\/media\/33285"}],"wp:attachment":[{"href":"https:\/\/profert.dz\/fr\/index.php\/wp-json\/wp\/v2\/media?parent=33282"}],"wp:term":[{"taxonomy":"product_brand","embeddable":true,"href":"https:\/\/profert.dz\/fr\/index.php\/wp-json\/wp\/v2\/product_brand?post=33282"},{"taxonomy":"product_cat","embeddable":true,"href":"https:\/\/profert.dz\/fr\/index.php\/wp-json\/wp\/v2\/product_cat?post=33282"},{"taxonomy":"product_tag","embeddable":true,"href":"https:\/\/profert.dz\/fr\/index.php\/wp-json\/wp\/v2\/product_tag?post=33282"}],"curies":[{"name":"wp","href":"https:\/\/api.w.org\/{rel}","templated":true}]}}