{"id":33137,"date":"2025-09-15T11:53:59","date_gmt":"2025-09-15T09:53:59","guid":{"rendered":"https:\/\/profert.dz\/fr\/?post_type=product&#038;p=33137"},"modified":"2025-10-09T15:05:11","modified_gmt":"2025-10-09T13:05:11","slug":"weatsol-1","status":"publish","type":"product","link":"https:\/\/profert.dz\/fr\/index.php\/produit\/weatsol-1\/","title":{"rendered":"Weatsol 1"},"content":{"rendered":"","protected":false},"excerpt":{"rendered":"<p><strong>Formulation <\/strong> :Cristaux.<\/p>\n<p><strong>COMPOSITION:<\/strong><\/p>\n<ul>\n<li><strong>Azote total (N) : <\/strong>15 %.<\/li>\n<li><strong>Anhydride phosphorique (P<\/strong><strong>2O<\/strong><strong>5) : <\/strong>25 %.<\/li>\n<li><strong>Oxyde de potassium (K<sub>2<\/sub>O) : <\/strong>10 %.<\/li>\n<li><strong>Anhydride sulfurique (SO<sub>3<\/sub>) : <\/strong>23 %.<\/li>\n<\/ul>\n<p><strong>CARACT\u00c9RISTIQUES TECHNIQUES ET AVANTAGES :<\/strong><\/p>\n<p><strong>Weatsol<sup>\u00ae <\/sup>1 <\/strong>est un engrais ternaire (N-P-K) hydrosoluble sp\u00e9cifique aux c\u00e9r\u00e9ales, est utilis\u00e9 en compl\u00e9ment de l\u2019engrais de fond <strong>Weatsol<sup>\u00ae <\/sup> <\/strong>, avec un \u00e9quilibre qui r\u00e9pond aux besoins de la culture pour un meilleur d\u00e9marrage.<\/p>\n<p><strong>Weatsol<sup>\u00ae <\/sup>1 <\/strong> permet un bon enracinement gr\u00e2ce \u00e0 sa forte concentration en phosphore assimilable.<\/p>\n<p><strong>Weatsol<sup>\u00ae <\/sup>1 <\/strong>par la combinaison des deux formes, ammoniacale et nitrique, permet une alimentation en azote instantan\u00e9e et soutenue dans le temps.<\/p>\n<p><strong>Weatsol<sup>\u00ae <\/sup>1 <\/strong>contient du potassium, essentiel \u00e0 l\u2019\u00e9quilibre hydrique de la plante et \u00e0 la r\u00e9sistance face aux stress biotiques et abiotiques.<\/p>\n<p><strong>Weatsol<sup>\u00ae <\/sup>1 <\/strong>couvre le besoin en soufre des c\u00e9r\u00e9ales et participe \u00e0 l\u2019acidification de la rhizosph\u00e8re, ce qui rend les \u00e9l\u00e9ments nutritifs disponibles pour la culture.<\/p>\n<p><strong>DOSES RECOMMAND\u00c9ES :<\/strong><\/p>\n<table border=\"1\" cellspacing=\"0\" cellpadding=\"0\">\n<tbody>\n<tr>\n<td style=\"padding: 8px; text-align: center;\" valign=\"top\" width=\"200\"><strong>Culture<\/strong><\/td>\n<td style=\"padding: 8px; text-align: center;\" valign=\"top\" width=\"200\"><strong>Dose\/ha<\/strong><\/td>\n<td style=\"padding: 8px; text-align: center;\" valign=\"top\" width=\"200\"><strong>P\u00e9riode d\u2019application<\/strong><\/td>\n<\/tr>\n<tr>\n<td style=\"padding: 8px; text-align: center;\" valign=\"top\" width=\"200\">C\u00e9r\u00e9ales<\/td>\n<td style=\"padding: 8px; text-align: center;\" valign=\"top\" width=\"200\">50 \u00e0 100 kg<\/td>\n<td style=\"padding: 8px; text-align: center;\" valign=\"top\" width=\"200\">D\u00e9but tallage-montaison<\/td>\n<\/tr>\n<\/tbody>\n<\/table>\n<p><em>*Fractionner la dose recommand\u00e9e en 3 \u00e0 4 applications.<\/em><\/p>\n[wpdm_package id='33131']\n","protected":false},"featured_media":33130,"template":"","meta":[],"product_brand":[],"product_cat":[265],"product_tag":[],"class_list":{"0":"post-33137","1":"product","2":"type-product","3":"status-publish","4":"has-post-thumbnail","6":"product_cat-special-cereales","8":"first","9":"instock","10":"shipping-taxable","11":"product-type-simple"},"yoast_head":"<!-- This site is optimized with the Yoast SEO plugin v25.6 - https:\/\/yoast.com\/wordpress\/plugins\/seo\/ -->\n<title>Weatsol 1 - Profert<\/title>\n<meta name=\"robots\" content=\"index, follow, max-snippet:-1, max-image-preview:large, max-video-preview:-1\" \/>\n<link rel=\"canonical\" href=\"https:\/\/profert.dz\/fr\/index.php\/produit\/weatsol-1\/\" \/>\n<meta property=\"og:locale\" content=\"fr_FR\" \/>\n<meta property=\"og:type\" content=\"article\" \/>\n<meta property=\"og:title\" content=\"Weatsol 1 - Profert\" \/>\n<meta property=\"og:description\" content=\"Formulation :Cristaux.  COMPOSITION:   Azote total (N) : 15 %.  Anhydride phosphorique (P2O5) : 25 %.  Oxyde de potassium (K2O) : 10 %.  Anhydride sulfurique (SO3) : 23 %.  CARACT\u00c9RISTIQUES TECHNIQUES ET AVANTAGES :  Weatsol\u00ae 1 est un engrais ternaire (N-P-K) hydrosoluble sp\u00e9cifique aux c\u00e9r\u00e9ales, est utilis\u00e9 en compl\u00e9ment de l\u2019engrais de fond Weatsol\u00ae , avec un \u00e9quilibre qui r\u00e9pond aux besoins de la culture pour un meilleur d\u00e9marrage.  Weatsol\u00ae 1 permet un bon enracinement gr\u00e2ce \u00e0 sa forte concentration en phosphore assimilable.  Weatsol\u00ae 1 par la combinaison des deux formes, ammoniacale et nitrique, permet une alimentation en azote instantan\u00e9e et soutenue dans le temps.  Weatsol\u00ae 1 contient du potassium, essentiel \u00e0 l\u2019\u00e9quilibre hydrique de la plante et \u00e0 la r\u00e9sistance face aux stress biotiques et abiotiques.  Weatsol\u00ae 1 couvre le besoin en soufre des c\u00e9r\u00e9ales et participe \u00e0 l\u2019acidification de la rhizosph\u00e8re, ce qui rend les \u00e9l\u00e9ments nutritifs disponibles pour la culture.  DOSES RECOMMAND\u00c9ES :    Culture Dose\/ha P\u00e9riode d\u2019application   C\u00e9r\u00e9ales 50 \u00e0 100 kg D\u00e9but tallage-montaison    *Fractionner la dose recommand\u00e9e en 3 \u00e0 4 applications.\" \/>\n<meta property=\"og:url\" content=\"https:\/\/profert.dz\/fr\/index.php\/produit\/weatsol-1\/\" \/>\n<meta property=\"og:site_name\" content=\"Profert\" \/>\n<meta property=\"article:modified_time\" content=\"2025-10-09T13:05:11+00:00\" \/>\n<meta property=\"og:image\" content=\"https:\/\/profert.dz\/fr\/wp-content\/uploads\/2025\/09\/weatsol1-edite.jpg\" \/>\n\t<meta property=\"og:image:width\" content=\"1667\" \/>\n\t<meta property=\"og:image:height\" content=\"1553\" \/>\n\t<meta property=\"og:image:type\" content=\"image\/jpeg\" \/>\n<meta name=\"twitter:card\" content=\"summary_large_image\" \/>\n<meta name=\"twitter:label1\" content=\"Dur\u00e9e de lecture estim\u00e9e\" \/>\n\t<meta name=\"twitter:data1\" content=\"1 minute\" \/>\n<script type=\"application\/ld+json\" class=\"yoast-schema-graph\">{\"@context\":\"https:\/\/schema.org\",\"@graph\":[{\"@type\":\"WebPage\",\"@id\":\"https:\/\/profert.dz\/fr\/index.php\/produit\/weatsol-1\/\",\"url\":\"https:\/\/profert.dz\/fr\/index.php\/produit\/weatsol-1\/\",\"name\":\"Weatsol 1 - Profert\",\"isPartOf\":{\"@id\":\"https:\/\/profert.dz\/fr\/#website\"},\"primaryImageOfPage\":{\"@id\":\"https:\/\/profert.dz\/fr\/index.php\/produit\/weatsol-1\/#primaryimage\"},\"image\":{\"@id\":\"https:\/\/profert.dz\/fr\/index.php\/produit\/weatsol-1\/#primaryimage\"},\"thumbnailUrl\":\"https:\/\/profert.dz\/fr\/wp-content\/uploads\/2025\/09\/weatsol1-edite.jpg\",\"datePublished\":\"2025-09-15T09:53:59+00:00\",\"dateModified\":\"2025-10-09T13:05:11+00:00\",\"breadcrumb\":{\"@id\":\"https:\/\/profert.dz\/fr\/index.php\/produit\/weatsol-1\/#breadcrumb\"},\"inLanguage\":\"fr-FR\",\"potentialAction\":[{\"@type\":\"ReadAction\",\"target\":[\"https:\/\/profert.dz\/fr\/index.php\/produit\/weatsol-1\/\"]}]},{\"@type\":\"ImageObject\",\"inLanguage\":\"fr-FR\",\"@id\":\"https:\/\/profert.dz\/fr\/index.php\/produit\/weatsol-1\/#primaryimage\",\"url\":\"https:\/\/profert.dz\/fr\/wp-content\/uploads\/2025\/09\/weatsol1-edite.jpg\",\"contentUrl\":\"https:\/\/profert.dz\/fr\/wp-content\/uploads\/2025\/09\/weatsol1-edite.jpg\",\"width\":1667,\"height\":1553},{\"@type\":\"BreadcrumbList\",\"@id\":\"https:\/\/profert.dz\/fr\/index.php\/produit\/weatsol-1\/#breadcrumb\",\"itemListElement\":[{\"@type\":\"ListItem\",\"position\":1,\"name\":\"Accueil\",\"item\":\"https:\/\/profert.dz\/fr\/\"},{\"@type\":\"ListItem\",\"position\":2,\"name\":\"Produits\",\"item\":\"https:\/\/profert.dz\/fr\/index.php\/boutique\/\"},{\"@type\":\"ListItem\",\"position\":3,\"name\":\"Weatsol 1\"}]},{\"@type\":\"WebSite\",\"@id\":\"https:\/\/profert.dz\/fr\/#website\",\"url\":\"https:\/\/profert.dz\/fr\/\",\"name\":\"Profert.dz\",\"description\":\"Agriculture Alg\u00e9rie\",\"potentialAction\":[{\"@type\":\"SearchAction\",\"target\":{\"@type\":\"EntryPoint\",\"urlTemplate\":\"https:\/\/profert.dz\/fr\/?s={search_term_string}\"},\"query-input\":{\"@type\":\"PropertyValueSpecification\",\"valueRequired\":true,\"valueName\":\"search_term_string\"}}],\"inLanguage\":\"fr-FR\"}]}<\/script>\n<!-- \/ Yoast SEO plugin. -->","yoast_head_json":{"title":"Weatsol 1 - Profert","robots":{"index":"index","follow":"follow","max-snippet":"max-snippet:-1","max-image-preview":"max-image-preview:large","max-video-preview":"max-video-preview:-1"},"canonical":"https:\/\/profert.dz\/fr\/index.php\/produit\/weatsol-1\/","og_locale":"fr_FR","og_type":"article","og_title":"Weatsol 1 - Profert","og_description":"Formulation :Cristaux.  COMPOSITION:   Azote total (N) : 15 %.  Anhydride phosphorique (P2O5) : 25 %.  Oxyde de potassium (K2O) : 10 %.  Anhydride sulfurique (SO3) : 23 %.  CARACT\u00c9RISTIQUES TECHNIQUES ET AVANTAGES :  Weatsol\u00ae 1 est un engrais ternaire (N-P-K) hydrosoluble sp\u00e9cifique aux c\u00e9r\u00e9ales, est utilis\u00e9 en compl\u00e9ment de l\u2019engrais de fond Weatsol\u00ae , avec un \u00e9quilibre qui r\u00e9pond aux besoins de la culture pour un meilleur d\u00e9marrage.  Weatsol\u00ae 1 permet un bon enracinement gr\u00e2ce \u00e0 sa forte concentration en phosphore assimilable.  Weatsol\u00ae 1 par la combinaison des deux formes, ammoniacale et nitrique, permet une alimentation en azote instantan\u00e9e et soutenue dans le temps.  Weatsol\u00ae 1 contient du potassium, essentiel \u00e0 l\u2019\u00e9quilibre hydrique de la plante et \u00e0 la r\u00e9sistance face aux stress biotiques et abiotiques.  Weatsol\u00ae 1 couvre le besoin en soufre des c\u00e9r\u00e9ales et participe \u00e0 l\u2019acidification de la rhizosph\u00e8re, ce qui rend les \u00e9l\u00e9ments nutritifs disponibles pour la culture.  DOSES RECOMMAND\u00c9ES :    Culture Dose\/ha P\u00e9riode d\u2019application   C\u00e9r\u00e9ales 50 \u00e0 100 kg D\u00e9but tallage-montaison    *Fractionner la dose recommand\u00e9e en 3 \u00e0 4 applications.","og_url":"https:\/\/profert.dz\/fr\/index.php\/produit\/weatsol-1\/","og_site_name":"Profert","article_modified_time":"2025-10-09T13:05:11+00:00","og_image":[{"width":1667,"height":1553,"url":"https:\/\/profert.dz\/fr\/wp-content\/uploads\/2025\/09\/weatsol1-edite.jpg","type":"image\/jpeg"}],"twitter_card":"summary_large_image","twitter_misc":{"Dur\u00e9e de lecture estim\u00e9e":"1 minute"},"schema":{"@context":"https:\/\/schema.org","@graph":[{"@type":"WebPage","@id":"https:\/\/profert.dz\/fr\/index.php\/produit\/weatsol-1\/","url":"https:\/\/profert.dz\/fr\/index.php\/produit\/weatsol-1\/","name":"Weatsol 1 - Profert","isPartOf":{"@id":"https:\/\/profert.dz\/fr\/#website"},"primaryImageOfPage":{"@id":"https:\/\/profert.dz\/fr\/index.php\/produit\/weatsol-1\/#primaryimage"},"image":{"@id":"https:\/\/profert.dz\/fr\/index.php\/produit\/weatsol-1\/#primaryimage"},"thumbnailUrl":"https:\/\/profert.dz\/fr\/wp-content\/uploads\/2025\/09\/weatsol1-edite.jpg","datePublished":"2025-09-15T09:53:59+00:00","dateModified":"2025-10-09T13:05:11+00:00","breadcrumb":{"@id":"https:\/\/profert.dz\/fr\/index.php\/produit\/weatsol-1\/#breadcrumb"},"inLanguage":"fr-FR","potentialAction":[{"@type":"ReadAction","target":["https:\/\/profert.dz\/fr\/index.php\/produit\/weatsol-1\/"]}]},{"@type":"ImageObject","inLanguage":"fr-FR","@id":"https:\/\/profert.dz\/fr\/index.php\/produit\/weatsol-1\/#primaryimage","url":"https:\/\/profert.dz\/fr\/wp-content\/uploads\/2025\/09\/weatsol1-edite.jpg","contentUrl":"https:\/\/profert.dz\/fr\/wp-content\/uploads\/2025\/09\/weatsol1-edite.jpg","width":1667,"height":1553},{"@type":"BreadcrumbList","@id":"https:\/\/profert.dz\/fr\/index.php\/produit\/weatsol-1\/#breadcrumb","itemListElement":[{"@type":"ListItem","position":1,"name":"Accueil","item":"https:\/\/profert.dz\/fr\/"},{"@type":"ListItem","position":2,"name":"Produits","item":"https:\/\/profert.dz\/fr\/index.php\/boutique\/"},{"@type":"ListItem","position":3,"name":"Weatsol 1"}]},{"@type":"WebSite","@id":"https:\/\/profert.dz\/fr\/#website","url":"https:\/\/profert.dz\/fr\/","name":"Profert.dz","description":"Agriculture Alg\u00e9rie","potentialAction":[{"@type":"SearchAction","target":{"@type":"EntryPoint","urlTemplate":"https:\/\/profert.dz\/fr\/?s={search_term_string}"},"query-input":{"@type":"PropertyValueSpecification","valueRequired":true,"valueName":"search_term_string"}}],"inLanguage":"fr-FR"}]}},"_links":{"self":[{"href":"https:\/\/profert.dz\/fr\/index.php\/wp-json\/wp\/v2\/product\/33137"}],"collection":[{"href":"https:\/\/profert.dz\/fr\/index.php\/wp-json\/wp\/v2\/product"}],"about":[{"href":"https:\/\/profert.dz\/fr\/index.php\/wp-json\/wp\/v2\/types\/product"}],"wp:featuredmedia":[{"embeddable":true,"href":"https:\/\/profert.dz\/fr\/index.php\/wp-json\/wp\/v2\/media\/33130"}],"wp:attachment":[{"href":"https:\/\/profert.dz\/fr\/index.php\/wp-json\/wp\/v2\/media?parent=33137"}],"wp:term":[{"taxonomy":"product_brand","embeddable":true,"href":"https:\/\/profert.dz\/fr\/index.php\/wp-json\/wp\/v2\/product_brand?post=33137"},{"taxonomy":"product_cat","embeddable":true,"href":"https:\/\/profert.dz\/fr\/index.php\/wp-json\/wp\/v2\/product_cat?post=33137"},{"taxonomy":"product_tag","embeddable":true,"href":"https:\/\/profert.dz\/fr\/index.php\/wp-json\/wp\/v2\/product_tag?post=33137"}],"curies":[{"name":"wp","href":"https:\/\/api.w.org\/{rel}","templated":true}]}}