{"id":32126,"date":"2025-04-21T08:56:45","date_gmt":"2025-04-21T06:56:45","guid":{"rendered":"https:\/\/profert.dz\/fr\/?post_type=product&#038;p=32126"},"modified":"2025-05-07T10:46:37","modified_gmt":"2025-05-07T08:46:37","slug":"pilaravia","status":"publish","type":"product","link":"https:\/\/profert.dz\/fr\/index.php\/produit\/pilaravia\/","title":{"rendered":"PILARAVIA"},"content":{"rendered":"","protected":false},"excerpt":{"rendered":"<p><strong>Composition <\/strong> : Abamectine + Spirot\u00e9tramat<br \/>\n<strong>Concentration <\/strong> : 3 % + 12 %<br \/>\n<strong>Famille chimique <\/strong> : Avermectines + K\u00e9to\u00e9noles<br \/>\n<strong>Formulation <\/strong> : Suspension Concentr\u00e9e (SC)<br \/>\n<strong>Caract\u00e9ristiques :<\/strong><br \/>\n<strong>PILARAVIA<\/strong> est un insecticide-acaricide \u00e0 un large spectre d\u2019action (cochenilles, pucerons, mineuses, thrips, psylles) et acariens ravageurs des cultures arboricoles et mara\u00eech\u00e8res.<br \/>\n<strong>Mode d\u2019action :<\/strong><br \/>\n<strong>PILARAVIA<\/strong> agit par contact et par ingestion sur les diff\u00e9rents stades de d\u00e9veloppement des ravageurs (\u0153ufs, larves et adultes).<br \/>\n<strong>PILARAVIA<\/strong> est compos\u00e9 de deux mati\u00e8res actives agissant de deux mani\u00e8res distinctes :<br \/>\n\u2022 <strong>Spirot\u00e9tramat<\/strong> : ovo-larvicide dot\u00e9 d\u2019une double syst\u00e9mie, assure la protection des jeunes pousses, feuilles et tiges. Il agit en inhibant la biosynth\u00e8se des lipides des insectes ravageurs.<br \/>\n\u2022 <strong>Abamectine<\/strong> : larvicide-adulticide \u00e0 action translaminaire. Elle bloque la transmission neuromusculaire, entra\u00eenant une paralysie suivie de la mort du ravageur.<br \/>\n<strong>Avantages :<\/strong><br \/>\n\u2022 Protection prolong\u00e9e.<br \/>\n\u2022 Large spectre d\u2019action (insectes nuisibles et acariens).<br \/>\n\u2022 Couverture compl\u00e8te de la plante (feuilles, tiges, nouvelles pousses).<br \/>\n\u2022 Deux modes d\u2019actions diff\u00e9rents pour une bonne gestion de la r\u00e9sistance.<br \/>\n<strong>Usages et doses homologu\u00e9es :<\/strong><\/p>\n<div align=\"left\">\n<table border=\"1\" cellspacing=\"0\" cellpadding=\"0\">\n<tbody>\n<tr>\n<td valign=\"top\" width=\"200\"><strong>Cat\u00e9gories d\u2019utilisation<\/strong><\/td>\n<td valign=\"top\" width=\"200\"><strong>Doses en plein champs<\/strong><\/td>\n<\/tr>\n<tr>\n<td valign=\"top\" width=\"200\">\n<p align=\"left\">\u2022 Cochenilles \/Acariens:<\/p>\n<p align=\"left\">&#8211; Agrumes<\/p>\n<\/td>\n<td valign=\"top\" width=\"200\">\n<p style=\"margin-top: 50px;\" align=\"left\">90 \u00e0 110 ML\/HL<\/p>\n<\/td>\n<\/tr>\n<\/tbody>\n<\/table>\n<\/div>\n<div style=\"margin-top: 20px;\">\n[wpdm_package id='32151']\n<\/div>\n","protected":false},"featured_media":32130,"template":"","meta":[],"product_brand":[],"product_cat":[88],"product_tag":[],"class_list":{"0":"post-32126","1":"product","2":"type-product","3":"status-publish","4":"has-post-thumbnail","6":"product_cat-insecticides-00","8":"first","9":"instock","10":"shipping-taxable","11":"product-type-simple"},"yoast_head":"<!-- This site is optimized with the Yoast SEO plugin v25.6 - https:\/\/yoast.com\/wordpress\/plugins\/seo\/ -->\n<title>PILARAVIA - Profert<\/title>\n<meta name=\"robots\" content=\"index, follow, max-snippet:-1, max-image-preview:large, max-video-preview:-1\" \/>\n<link rel=\"canonical\" href=\"https:\/\/profert.dz\/fr\/index.php\/produit\/pilaravia\/\" \/>\n<meta property=\"og:locale\" content=\"fr_FR\" \/>\n<meta property=\"og:type\" content=\"article\" \/>\n<meta property=\"og:title\" content=\"PILARAVIA - Profert\" \/>\n<meta property=\"og:description\" content=\"Composition : Abamectine + Spirot\u00e9tramat Concentration : 3 % + 12 % Famille chimique : Avermectines + K\u00e9to\u00e9noles Formulation : Suspension Concentr\u00e9e (SC) Caract\u00e9ristiques : PILARAVIA est un insecticide-acaricide \u00e0 un large spectre d\u2019action (cochenilles, pucerons, mineuses, thrips, psylles) et acariens ravageurs des cultures arboricoles et mara\u00eech\u00e8res. Mode d\u2019action : PILARAVIA agit par contact et par ingestion sur les diff\u00e9rents stades de d\u00e9veloppement des ravageurs (\u0153ufs, larves et adultes). PILARAVIA est compos\u00e9 de deux mati\u00e8res actives agissant de deux mani\u00e8res distinctes : \u2022 Spirot\u00e9tramat : ovo-larvicide dot\u00e9 d\u2019une double syst\u00e9mie, assure la protection des jeunes pousses, feuilles et tiges. Il agit en inhibant la biosynth\u00e8se des lipides des insectes ravageurs. \u2022 Abamectine : larvicide-adulticide \u00e0 action translaminaire. Elle bloque la transmission neuromusculaire, entra\u00eenant une paralysie suivie de la mort du ravageur. Avantages : \u2022 Protection prolong\u00e9e. \u2022 Large spectre d\u2019action (insectes nuisibles et acariens). \u2022 Couverture compl\u00e8te de la plante (feuilles, tiges, nouvelles pousses). \u2022 Deux modes d\u2019actions diff\u00e9rents pour une bonne gestion de la r\u00e9sistance. Usages et doses homologu\u00e9es :     Cat\u00e9gories d\u2019utilisation Doses en plein champs    \u2022 Cochenilles \/Acariens: - Agrumes   90 \u00e0 110 ML\/HL\" \/>\n<meta property=\"og:url\" content=\"https:\/\/profert.dz\/fr\/index.php\/produit\/pilaravia\/\" \/>\n<meta property=\"og:site_name\" content=\"Profert\" \/>\n<meta property=\"article:modified_time\" content=\"2025-05-07T08:46:37+00:00\" \/>\n<meta property=\"og:image\" content=\"https:\/\/profert.dz\/fr\/wp-content\/uploads\/2025\/04\/pilaravia.jpg\" \/>\n\t<meta property=\"og:image:width\" content=\"1668\" \/>\n\t<meta property=\"og:image:height\" content=\"1539\" \/>\n\t<meta property=\"og:image:type\" content=\"image\/jpeg\" \/>\n<meta name=\"twitter:card\" content=\"summary_large_image\" \/>\n<meta name=\"twitter:label1\" content=\"Dur\u00e9e de lecture estim\u00e9e\" \/>\n\t<meta name=\"twitter:data1\" content=\"1 minute\" \/>\n<script type=\"application\/ld+json\" class=\"yoast-schema-graph\">{\"@context\":\"https:\/\/schema.org\",\"@graph\":[{\"@type\":\"WebPage\",\"@id\":\"https:\/\/profert.dz\/fr\/index.php\/produit\/pilaravia\/\",\"url\":\"https:\/\/profert.dz\/fr\/index.php\/produit\/pilaravia\/\",\"name\":\"PILARAVIA - Profert\",\"isPartOf\":{\"@id\":\"https:\/\/profert.dz\/fr\/#website\"},\"primaryImageOfPage\":{\"@id\":\"https:\/\/profert.dz\/fr\/index.php\/produit\/pilaravia\/#primaryimage\"},\"image\":{\"@id\":\"https:\/\/profert.dz\/fr\/index.php\/produit\/pilaravia\/#primaryimage\"},\"thumbnailUrl\":\"https:\/\/profert.dz\/fr\/wp-content\/uploads\/2025\/04\/pilaravia.jpg\",\"datePublished\":\"2025-04-21T06:56:45+00:00\",\"dateModified\":\"2025-05-07T08:46:37+00:00\",\"breadcrumb\":{\"@id\":\"https:\/\/profert.dz\/fr\/index.php\/produit\/pilaravia\/#breadcrumb\"},\"inLanguage\":\"fr-FR\",\"potentialAction\":[{\"@type\":\"ReadAction\",\"target\":[\"https:\/\/profert.dz\/fr\/index.php\/produit\/pilaravia\/\"]}]},{\"@type\":\"ImageObject\",\"inLanguage\":\"fr-FR\",\"@id\":\"https:\/\/profert.dz\/fr\/index.php\/produit\/pilaravia\/#primaryimage\",\"url\":\"https:\/\/profert.dz\/fr\/wp-content\/uploads\/2025\/04\/pilaravia.jpg\",\"contentUrl\":\"https:\/\/profert.dz\/fr\/wp-content\/uploads\/2025\/04\/pilaravia.jpg\",\"width\":1668,\"height\":1539},{\"@type\":\"BreadcrumbList\",\"@id\":\"https:\/\/profert.dz\/fr\/index.php\/produit\/pilaravia\/#breadcrumb\",\"itemListElement\":[{\"@type\":\"ListItem\",\"position\":1,\"name\":\"Accueil\",\"item\":\"https:\/\/profert.dz\/fr\/\"},{\"@type\":\"ListItem\",\"position\":2,\"name\":\"Produits\",\"item\":\"https:\/\/profert.dz\/fr\/index.php\/boutique\/\"},{\"@type\":\"ListItem\",\"position\":3,\"name\":\"PILARAVIA\"}]},{\"@type\":\"WebSite\",\"@id\":\"https:\/\/profert.dz\/fr\/#website\",\"url\":\"https:\/\/profert.dz\/fr\/\",\"name\":\"Profert.dz\",\"description\":\"Agriculture Alg\u00e9rie\",\"potentialAction\":[{\"@type\":\"SearchAction\",\"target\":{\"@type\":\"EntryPoint\",\"urlTemplate\":\"https:\/\/profert.dz\/fr\/?s={search_term_string}\"},\"query-input\":{\"@type\":\"PropertyValueSpecification\",\"valueRequired\":true,\"valueName\":\"search_term_string\"}}],\"inLanguage\":\"fr-FR\"}]}<\/script>\n<!-- \/ Yoast SEO plugin. -->","yoast_head_json":{"title":"PILARAVIA - Profert","robots":{"index":"index","follow":"follow","max-snippet":"max-snippet:-1","max-image-preview":"max-image-preview:large","max-video-preview":"max-video-preview:-1"},"canonical":"https:\/\/profert.dz\/fr\/index.php\/produit\/pilaravia\/","og_locale":"fr_FR","og_type":"article","og_title":"PILARAVIA - Profert","og_description":"Composition : Abamectine + Spirot\u00e9tramat Concentration : 3 % + 12 % Famille chimique : Avermectines + K\u00e9to\u00e9noles Formulation : Suspension Concentr\u00e9e (SC) Caract\u00e9ristiques : PILARAVIA est un insecticide-acaricide \u00e0 un large spectre d\u2019action (cochenilles, pucerons, mineuses, thrips, psylles) et acariens ravageurs des cultures arboricoles et mara\u00eech\u00e8res. Mode d\u2019action : PILARAVIA agit par contact et par ingestion sur les diff\u00e9rents stades de d\u00e9veloppement des ravageurs (\u0153ufs, larves et adultes). PILARAVIA est compos\u00e9 de deux mati\u00e8res actives agissant de deux mani\u00e8res distinctes : \u2022 Spirot\u00e9tramat : ovo-larvicide dot\u00e9 d\u2019une double syst\u00e9mie, assure la protection des jeunes pousses, feuilles et tiges. Il agit en inhibant la biosynth\u00e8se des lipides des insectes ravageurs. \u2022 Abamectine : larvicide-adulticide \u00e0 action translaminaire. Elle bloque la transmission neuromusculaire, entra\u00eenant une paralysie suivie de la mort du ravageur. Avantages : \u2022 Protection prolong\u00e9e. \u2022 Large spectre d\u2019action (insectes nuisibles et acariens). \u2022 Couverture compl\u00e8te de la plante (feuilles, tiges, nouvelles pousses). \u2022 Deux modes d\u2019actions diff\u00e9rents pour une bonne gestion de la r\u00e9sistance. Usages et doses homologu\u00e9es :     Cat\u00e9gories d\u2019utilisation Doses en plein champs    \u2022 Cochenilles \/Acariens: - Agrumes   90 \u00e0 110 ML\/HL","og_url":"https:\/\/profert.dz\/fr\/index.php\/produit\/pilaravia\/","og_site_name":"Profert","article_modified_time":"2025-05-07T08:46:37+00:00","og_image":[{"width":1668,"height":1539,"url":"https:\/\/profert.dz\/fr\/wp-content\/uploads\/2025\/04\/pilaravia.jpg","type":"image\/jpeg"}],"twitter_card":"summary_large_image","twitter_misc":{"Dur\u00e9e de lecture estim\u00e9e":"1 minute"},"schema":{"@context":"https:\/\/schema.org","@graph":[{"@type":"WebPage","@id":"https:\/\/profert.dz\/fr\/index.php\/produit\/pilaravia\/","url":"https:\/\/profert.dz\/fr\/index.php\/produit\/pilaravia\/","name":"PILARAVIA - Profert","isPartOf":{"@id":"https:\/\/profert.dz\/fr\/#website"},"primaryImageOfPage":{"@id":"https:\/\/profert.dz\/fr\/index.php\/produit\/pilaravia\/#primaryimage"},"image":{"@id":"https:\/\/profert.dz\/fr\/index.php\/produit\/pilaravia\/#primaryimage"},"thumbnailUrl":"https:\/\/profert.dz\/fr\/wp-content\/uploads\/2025\/04\/pilaravia.jpg","datePublished":"2025-04-21T06:56:45+00:00","dateModified":"2025-05-07T08:46:37+00:00","breadcrumb":{"@id":"https:\/\/profert.dz\/fr\/index.php\/produit\/pilaravia\/#breadcrumb"},"inLanguage":"fr-FR","potentialAction":[{"@type":"ReadAction","target":["https:\/\/profert.dz\/fr\/index.php\/produit\/pilaravia\/"]}]},{"@type":"ImageObject","inLanguage":"fr-FR","@id":"https:\/\/profert.dz\/fr\/index.php\/produit\/pilaravia\/#primaryimage","url":"https:\/\/profert.dz\/fr\/wp-content\/uploads\/2025\/04\/pilaravia.jpg","contentUrl":"https:\/\/profert.dz\/fr\/wp-content\/uploads\/2025\/04\/pilaravia.jpg","width":1668,"height":1539},{"@type":"BreadcrumbList","@id":"https:\/\/profert.dz\/fr\/index.php\/produit\/pilaravia\/#breadcrumb","itemListElement":[{"@type":"ListItem","position":1,"name":"Accueil","item":"https:\/\/profert.dz\/fr\/"},{"@type":"ListItem","position":2,"name":"Produits","item":"https:\/\/profert.dz\/fr\/index.php\/boutique\/"},{"@type":"ListItem","position":3,"name":"PILARAVIA"}]},{"@type":"WebSite","@id":"https:\/\/profert.dz\/fr\/#website","url":"https:\/\/profert.dz\/fr\/","name":"Profert.dz","description":"Agriculture Alg\u00e9rie","potentialAction":[{"@type":"SearchAction","target":{"@type":"EntryPoint","urlTemplate":"https:\/\/profert.dz\/fr\/?s={search_term_string}"},"query-input":{"@type":"PropertyValueSpecification","valueRequired":true,"valueName":"search_term_string"}}],"inLanguage":"fr-FR"}]}},"_links":{"self":[{"href":"https:\/\/profert.dz\/fr\/index.php\/wp-json\/wp\/v2\/product\/32126"}],"collection":[{"href":"https:\/\/profert.dz\/fr\/index.php\/wp-json\/wp\/v2\/product"}],"about":[{"href":"https:\/\/profert.dz\/fr\/index.php\/wp-json\/wp\/v2\/types\/product"}],"wp:featuredmedia":[{"embeddable":true,"href":"https:\/\/profert.dz\/fr\/index.php\/wp-json\/wp\/v2\/media\/32130"}],"wp:attachment":[{"href":"https:\/\/profert.dz\/fr\/index.php\/wp-json\/wp\/v2\/media?parent=32126"}],"wp:term":[{"taxonomy":"product_brand","embeddable":true,"href":"https:\/\/profert.dz\/fr\/index.php\/wp-json\/wp\/v2\/product_brand?post=32126"},{"taxonomy":"product_cat","embeddable":true,"href":"https:\/\/profert.dz\/fr\/index.php\/wp-json\/wp\/v2\/product_cat?post=32126"},{"taxonomy":"product_tag","embeddable":true,"href":"https:\/\/profert.dz\/fr\/index.php\/wp-json\/wp\/v2\/product_tag?post=32126"}],"curies":[{"name":"wp","href":"https:\/\/api.w.org\/{rel}","templated":true}]}}