{"id":31099,"date":"2024-12-16T14:17:16","date_gmt":"2024-12-16T13:17:16","guid":{"rendered":"https:\/\/profert.dz\/fr\/?post_type=product&#038;p=31099"},"modified":"2025-03-16T13:34:48","modified_gmt":"2025-03-16T12:34:48","slug":"azofert","status":"publish","type":"product","link":"https:\/\/profert.dz\/fr\/index.php\/produit\/azofert\/","title":{"rendered":"Azofert<sup>\u00ae<sup>"},"content":{"rendered":"","protected":false},"excerpt":{"rendered":"<p><strong>Formulation <\/strong>: Granul\u00e9s.<br \/>\n<strong>Composition <\/strong>:<\/p>\n<ul>\n<li>Azote total<strong> (N) :<\/strong> 21 % :<\/li>\n<li>Azote ammoniacal<strong> (NH<sub>4<\/sub>) :<\/strong> 21 %.<\/li>\n<li>Soufre sous forme<strong> (SO<sub>3<\/sub>) :<\/strong> 60 %.<\/li>\n<\/ul>\n<h2>Caract\u00e9ristiques :<\/h2>\n<p><strong>Azofert\u00ae<\/strong> est un engrais azot\u00e9 compos\u00e9 de 21 % d&rsquo;azote ammoniacal.<\/p>\n<p><strong>Azofert\u00ae<\/strong> stimule la croissance v\u00e9g\u00e9tative, am\u00e9liore la photosynth\u00e8se, favorise le d\u00e9veloppement des tiges et des feuilles ainsi que la qualit\u00e9 des graines.<\/p>\n<p><strong>Azofert\u00ae<\/strong> contient une quantit\u00e9 importante de SO3, qui :<\/p>\n<ul>\n<li>Am\u00e9liore la synth\u00e8se des acides amin\u00e9s et des prot\u00e9ines.<\/li>\n<li>Am\u00e9liore la qualit\u00e9 des graines.<\/li>\n<li>Renforce la r\u00e9sistance aux maladies.<\/li>\n<\/ul>\n<p><strong>Azofert\u00ae<\/strong> a un pouvoir acidifiant important :<\/p>\n<ul>\n<li>B\u00e9n\u00e9fique pour les sols alcalins gr\u00e2ce \u00e0 l&rsquo;association de l&rsquo;azote ammoniacal et du soufre.<\/li>\n<li>Am\u00e9liore la disponibilit\u00e9 des micro-\u00e9l\u00e9ments gr\u00e2ce \u00e0 son effet acidifiant du sol.<\/li>\n<li>Moins de perte par volatilisation ou lessivage compar\u00e9 \u00e0 d&rsquo;autres formes.<\/li>\n<\/ul>\n<p><strong>Azofert\u00ae<\/strong> est un engrais \u00e0 lib\u00e9ration rapide, id\u00e9al pendant les p\u00e9riodes de croissance active et remplissage des grains.<\/p>\n<h2>Dose g\u00e9n\u00e9ralement recommand\u00e9e :<\/h2>\n<p><strong>Azofert\u00ae<\/strong> est recommand\u00e9 sur toutes cultures et tous sols, particuli\u00e8rement les sols \u00e0 pH \u00e9lev\u00e9.<\/p>\n<table style=\"border-collapse: collapse; width: 100%; font-size: 16px; margin-bottom: 5px;\" border=\"1\">\n<thead>\n<tr>\n<th style=\"padding: 10px; width: 33%;\">Culture<\/th>\n<th style=\"padding: 10px; width: 33%;\">Dose (q\/ha Nord)<\/th>\n<th style=\"padding: 10px; width: 33%;\">Dose (q\/ha Sud)<\/th>\n<\/tr>\n<\/thead>\n<tbody>\n<tr>\n<td style=\"padding: 10px; text-align: center;\">C\u00e9r\u00e9ales<\/td>\n<td style=\"padding: 10px; text-align: center;\">&#8211;<\/td>\n<td style=\"padding: 10px; text-align: center;\">&#8211;<\/td>\n<\/tr>\n<tr>\n<td style=\"padding: 10px; text-align: center;\">Ma\u00efs<\/td>\n<td style=\"padding: 10px; text-align: center;\">\/<\/td>\n<td style=\"padding: 10px; text-align: center;\">6 \u00e0 8 q<\/td>\n<\/tr>\n<tr>\n<td style=\"padding: 10px; text-align: center;\">Tournesol<\/td>\n<td style=\"padding: 10px; text-align: center;\">4 \u00e0 6 q<\/td>\n<td style=\"padding: 10px; text-align: center;\">4 \u00e0 6 q<\/td>\n<\/tr>\n<tr>\n<td style=\"padding: 10px; text-align: center;\">Colza<\/td>\n<td style=\"padding: 10px; text-align: center;\">4 \u00e0 5 q<\/td>\n<td style=\"padding: 10px; text-align: center;\">4 \u00e0 5 q<\/td>\n<\/tr>\n<\/tbody>\n<\/table>\n[wpdm_package id='31107']\n","protected":false},"featured_media":31999,"template":"","meta":[],"product_brand":[],"product_cat":[119],"product_tag":[],"class_list":{"0":"post-31099","1":"product","2":"type-product","3":"status-publish","4":"has-post-thumbnail","6":"product_cat-engraisazote","8":"first","9":"instock","10":"shipping-taxable","11":"product-type-simple"},"yoast_head":"<!-- This site is optimized with the Yoast SEO plugin v25.6 - https:\/\/yoast.com\/wordpress\/plugins\/seo\/ -->\n<title>Azofert\u00ae - Profert<\/title>\n<meta name=\"robots\" content=\"index, follow, max-snippet:-1, max-image-preview:large, max-video-preview:-1\" \/>\n<link rel=\"canonical\" href=\"https:\/\/profert.dz\/fr\/index.php\/produit\/azofert\/\" \/>\n<meta property=\"og:locale\" content=\"fr_FR\" \/>\n<meta property=\"og:type\" content=\"article\" \/>\n<meta property=\"og:title\" content=\"Azofert\u00ae - Profert\" \/>\n<meta property=\"og:description\" content=\"Formulation : Granul\u00e9s. Composition :   Azote total (N) : 21 % :  Azote ammoniacal (NH4) : 21 %.  Soufre sous forme (SO3) : 60 %.  Caract\u00e9ristiques : Azofert\u00ae est un engrais azot\u00e9 compos\u00e9 de 21 % d&#039;azote ammoniacal.  Azofert\u00ae stimule la croissance v\u00e9g\u00e9tative, am\u00e9liore la photosynth\u00e8se, favorise le d\u00e9veloppement des tiges et des feuilles ainsi que la qualit\u00e9 des graines.  Azofert\u00ae contient une quantit\u00e9 importante de SO3, qui :   Am\u00e9liore la synth\u00e8se des acides amin\u00e9s et des prot\u00e9ines.  Am\u00e9liore la qualit\u00e9 des graines.  Renforce la r\u00e9sistance aux maladies.  Azofert\u00ae a un pouvoir acidifiant important :   B\u00e9n\u00e9fique pour les sols alcalins gr\u00e2ce \u00e0 l&#039;association de l&#039;azote ammoniacal et du soufre.  Am\u00e9liore la disponibilit\u00e9 des micro-\u00e9l\u00e9ments gr\u00e2ce \u00e0 son effet acidifiant du sol.  Moins de perte par volatilisation ou lessivage compar\u00e9 \u00e0 d&#039;autres formes.  Azofert\u00ae est un engrais \u00e0 lib\u00e9ration rapide, id\u00e9al pendant les p\u00e9riodes de croissance active et remplissage des grains. Dose g\u00e9n\u00e9ralement recommand\u00e9e : Azofert\u00ae est recommand\u00e9 sur toutes cultures et tous sols, particuli\u00e8rement les sols \u00e0 pH \u00e9lev\u00e9.    Culture Dose (q\/ha Nord) Dose (q\/ha Sud)     C\u00e9r\u00e9ales - -   Ma\u00efs \/ 6 \u00e0 8 q   Tournesol 4 \u00e0 6 q 4 \u00e0 6 q   Colza 4 \u00e0 5 q 4 \u00e0 5 q\" \/>\n<meta property=\"og:url\" content=\"https:\/\/profert.dz\/fr\/index.php\/produit\/azofert\/\" \/>\n<meta property=\"og:site_name\" content=\"Profert\" \/>\n<meta property=\"article:modified_time\" content=\"2025-03-16T12:34:48+00:00\" \/>\n<meta property=\"og:image\" content=\"https:\/\/profert.dz\/fr\/wp-content\/uploads\/2024\/12\/azofert-2.jpg\" \/>\n\t<meta property=\"og:image:width\" content=\"942\" \/>\n\t<meta property=\"og:image:height\" content=\"859\" \/>\n\t<meta property=\"og:image:type\" content=\"image\/jpeg\" \/>\n<meta name=\"twitter:card\" content=\"summary_large_image\" \/>\n<meta name=\"twitter:label1\" content=\"Dur\u00e9e de lecture estim\u00e9e\" \/>\n\t<meta name=\"twitter:data1\" content=\"1 minute\" \/>\n<script type=\"application\/ld+json\" class=\"yoast-schema-graph\">{\"@context\":\"https:\/\/schema.org\",\"@graph\":[{\"@type\":\"WebPage\",\"@id\":\"https:\/\/profert.dz\/fr\/index.php\/produit\/azofert\/\",\"url\":\"https:\/\/profert.dz\/fr\/index.php\/produit\/azofert\/\",\"name\":\"Azofert\u00ae - Profert\",\"isPartOf\":{\"@id\":\"https:\/\/profert.dz\/fr\/#website\"},\"primaryImageOfPage\":{\"@id\":\"https:\/\/profert.dz\/fr\/index.php\/produit\/azofert\/#primaryimage\"},\"image\":{\"@id\":\"https:\/\/profert.dz\/fr\/index.php\/produit\/azofert\/#primaryimage\"},\"thumbnailUrl\":\"https:\/\/profert.dz\/fr\/wp-content\/uploads\/2024\/12\/azofert-2.jpg\",\"datePublished\":\"2024-12-16T13:17:16+00:00\",\"dateModified\":\"2025-03-16T12:34:48+00:00\",\"breadcrumb\":{\"@id\":\"https:\/\/profert.dz\/fr\/index.php\/produit\/azofert\/#breadcrumb\"},\"inLanguage\":\"fr-FR\",\"potentialAction\":[{\"@type\":\"ReadAction\",\"target\":[\"https:\/\/profert.dz\/fr\/index.php\/produit\/azofert\/\"]}]},{\"@type\":\"ImageObject\",\"inLanguage\":\"fr-FR\",\"@id\":\"https:\/\/profert.dz\/fr\/index.php\/produit\/azofert\/#primaryimage\",\"url\":\"https:\/\/profert.dz\/fr\/wp-content\/uploads\/2024\/12\/azofert-2.jpg\",\"contentUrl\":\"https:\/\/profert.dz\/fr\/wp-content\/uploads\/2024\/12\/azofert-2.jpg\",\"width\":942,\"height\":859},{\"@type\":\"BreadcrumbList\",\"@id\":\"https:\/\/profert.dz\/fr\/index.php\/produit\/azofert\/#breadcrumb\",\"itemListElement\":[{\"@type\":\"ListItem\",\"position\":1,\"name\":\"Accueil\",\"item\":\"https:\/\/profert.dz\/fr\/\"},{\"@type\":\"ListItem\",\"position\":2,\"name\":\"Produits\",\"item\":\"https:\/\/profert.dz\/fr\/index.php\/boutique\/\"},{\"@type\":\"ListItem\",\"position\":3,\"name\":\"Azofert\u00ae\"}]},{\"@type\":\"WebSite\",\"@id\":\"https:\/\/profert.dz\/fr\/#website\",\"url\":\"https:\/\/profert.dz\/fr\/\",\"name\":\"Profert.dz\",\"description\":\"Agriculture Alg\u00e9rie\",\"potentialAction\":[{\"@type\":\"SearchAction\",\"target\":{\"@type\":\"EntryPoint\",\"urlTemplate\":\"https:\/\/profert.dz\/fr\/?s={search_term_string}\"},\"query-input\":{\"@type\":\"PropertyValueSpecification\",\"valueRequired\":true,\"valueName\":\"search_term_string\"}}],\"inLanguage\":\"fr-FR\"}]}<\/script>\n<!-- \/ Yoast SEO plugin. -->","yoast_head_json":{"title":"Azofert\u00ae - Profert","robots":{"index":"index","follow":"follow","max-snippet":"max-snippet:-1","max-image-preview":"max-image-preview:large","max-video-preview":"max-video-preview:-1"},"canonical":"https:\/\/profert.dz\/fr\/index.php\/produit\/azofert\/","og_locale":"fr_FR","og_type":"article","og_title":"Azofert\u00ae - Profert","og_description":"Formulation : Granul\u00e9s. Composition :   Azote total (N) : 21 % :  Azote ammoniacal (NH4) : 21 %.  Soufre sous forme (SO3) : 60 %.  Caract\u00e9ristiques : Azofert\u00ae est un engrais azot\u00e9 compos\u00e9 de 21 % d'azote ammoniacal.  Azofert\u00ae stimule la croissance v\u00e9g\u00e9tative, am\u00e9liore la photosynth\u00e8se, favorise le d\u00e9veloppement des tiges et des feuilles ainsi que la qualit\u00e9 des graines.  Azofert\u00ae contient une quantit\u00e9 importante de SO3, qui :   Am\u00e9liore la synth\u00e8se des acides amin\u00e9s et des prot\u00e9ines.  Am\u00e9liore la qualit\u00e9 des graines.  Renforce la r\u00e9sistance aux maladies.  Azofert\u00ae a un pouvoir acidifiant important :   B\u00e9n\u00e9fique pour les sols alcalins gr\u00e2ce \u00e0 l'association de l'azote ammoniacal et du soufre.  Am\u00e9liore la disponibilit\u00e9 des micro-\u00e9l\u00e9ments gr\u00e2ce \u00e0 son effet acidifiant du sol.  Moins de perte par volatilisation ou lessivage compar\u00e9 \u00e0 d'autres formes.  Azofert\u00ae est un engrais \u00e0 lib\u00e9ration rapide, id\u00e9al pendant les p\u00e9riodes de croissance active et remplissage des grains. Dose g\u00e9n\u00e9ralement recommand\u00e9e : Azofert\u00ae est recommand\u00e9 sur toutes cultures et tous sols, particuli\u00e8rement les sols \u00e0 pH \u00e9lev\u00e9.    Culture Dose (q\/ha Nord) Dose (q\/ha Sud)     C\u00e9r\u00e9ales - -   Ma\u00efs \/ 6 \u00e0 8 q   Tournesol 4 \u00e0 6 q 4 \u00e0 6 q   Colza 4 \u00e0 5 q 4 \u00e0 5 q","og_url":"https:\/\/profert.dz\/fr\/index.php\/produit\/azofert\/","og_site_name":"Profert","article_modified_time":"2025-03-16T12:34:48+00:00","og_image":[{"width":942,"height":859,"url":"https:\/\/profert.dz\/fr\/wp-content\/uploads\/2024\/12\/azofert-2.jpg","type":"image\/jpeg"}],"twitter_card":"summary_large_image","twitter_misc":{"Dur\u00e9e de lecture estim\u00e9e":"1 minute"},"schema":{"@context":"https:\/\/schema.org","@graph":[{"@type":"WebPage","@id":"https:\/\/profert.dz\/fr\/index.php\/produit\/azofert\/","url":"https:\/\/profert.dz\/fr\/index.php\/produit\/azofert\/","name":"Azofert\u00ae - Profert","isPartOf":{"@id":"https:\/\/profert.dz\/fr\/#website"},"primaryImageOfPage":{"@id":"https:\/\/profert.dz\/fr\/index.php\/produit\/azofert\/#primaryimage"},"image":{"@id":"https:\/\/profert.dz\/fr\/index.php\/produit\/azofert\/#primaryimage"},"thumbnailUrl":"https:\/\/profert.dz\/fr\/wp-content\/uploads\/2024\/12\/azofert-2.jpg","datePublished":"2024-12-16T13:17:16+00:00","dateModified":"2025-03-16T12:34:48+00:00","breadcrumb":{"@id":"https:\/\/profert.dz\/fr\/index.php\/produit\/azofert\/#breadcrumb"},"inLanguage":"fr-FR","potentialAction":[{"@type":"ReadAction","target":["https:\/\/profert.dz\/fr\/index.php\/produit\/azofert\/"]}]},{"@type":"ImageObject","inLanguage":"fr-FR","@id":"https:\/\/profert.dz\/fr\/index.php\/produit\/azofert\/#primaryimage","url":"https:\/\/profert.dz\/fr\/wp-content\/uploads\/2024\/12\/azofert-2.jpg","contentUrl":"https:\/\/profert.dz\/fr\/wp-content\/uploads\/2024\/12\/azofert-2.jpg","width":942,"height":859},{"@type":"BreadcrumbList","@id":"https:\/\/profert.dz\/fr\/index.php\/produit\/azofert\/#breadcrumb","itemListElement":[{"@type":"ListItem","position":1,"name":"Accueil","item":"https:\/\/profert.dz\/fr\/"},{"@type":"ListItem","position":2,"name":"Produits","item":"https:\/\/profert.dz\/fr\/index.php\/boutique\/"},{"@type":"ListItem","position":3,"name":"Azofert\u00ae"}]},{"@type":"WebSite","@id":"https:\/\/profert.dz\/fr\/#website","url":"https:\/\/profert.dz\/fr\/","name":"Profert.dz","description":"Agriculture Alg\u00e9rie","potentialAction":[{"@type":"SearchAction","target":{"@type":"EntryPoint","urlTemplate":"https:\/\/profert.dz\/fr\/?s={search_term_string}"},"query-input":{"@type":"PropertyValueSpecification","valueRequired":true,"valueName":"search_term_string"}}],"inLanguage":"fr-FR"}]}},"_links":{"self":[{"href":"https:\/\/profert.dz\/fr\/index.php\/wp-json\/wp\/v2\/product\/31099"}],"collection":[{"href":"https:\/\/profert.dz\/fr\/index.php\/wp-json\/wp\/v2\/product"}],"about":[{"href":"https:\/\/profert.dz\/fr\/index.php\/wp-json\/wp\/v2\/types\/product"}],"wp:featuredmedia":[{"embeddable":true,"href":"https:\/\/profert.dz\/fr\/index.php\/wp-json\/wp\/v2\/media\/31999"}],"wp:attachment":[{"href":"https:\/\/profert.dz\/fr\/index.php\/wp-json\/wp\/v2\/media?parent=31099"}],"wp:term":[{"taxonomy":"product_brand","embeddable":true,"href":"https:\/\/profert.dz\/fr\/index.php\/wp-json\/wp\/v2\/product_brand?post=31099"},{"taxonomy":"product_cat","embeddable":true,"href":"https:\/\/profert.dz\/fr\/index.php\/wp-json\/wp\/v2\/product_cat?post=31099"},{"taxonomy":"product_tag","embeddable":true,"href":"https:\/\/profert.dz\/fr\/index.php\/wp-json\/wp\/v2\/product_tag?post=31099"}],"curies":[{"name":"wp","href":"https:\/\/api.w.org\/{rel}","templated":true}]}}