{"id":31046,"date":"2024-12-15T15:46:48","date_gmt":"2024-12-15T14:46:48","guid":{"rendered":"https:\/\/profert.dz\/fr\/?post_type=product&#038;p=31046"},"modified":"2025-02-18T09:34:41","modified_gmt":"2025-02-18T08:34:41","slug":"naturdai-carbobasic","status":"publish","type":"product","link":"https:\/\/profert.dz\/fr\/index.php\/produit\/naturdai-carbobasic\/","title":{"rendered":"Naturdai CARBOBASIC<sup>\u00ae<\/sup>"},"content":{"rendered":"","protected":false},"excerpt":{"rendered":"<p><strong>Composition : <\/strong>Hydrog\u00e9nocarbonate de sodium.<br \/>\n<strong>Concentration : <\/strong>\u00a0990 g\/kg.<br \/>\n<strong>Formulation :<\/strong> Poudre soluble (SP).<\/p>\n<p><strong>Naturdai CARBOBASIC<\/strong> est un fongicide naturel d\u2019origine min\u00e9rale \u00e0 action pr\u00e9ventive, curative et \u00e9radiquante. Il est efficace contre toutes les esp\u00e8ces d&rsquo;o\u00efdium sur diverses cultures.<\/p>\n<p><strong>MODE D\u2019ACTION:<\/strong><\/p>\n<p>Gr\u00e2ce \u00e0 son caract\u00e8re alcalin, <strong>Naturdai CARBOBASIC<\/strong> provoque une modification du pH \u00e0 la surface de la plante, freinant le d\u00e9veloppement du pathog\u00e8ne.<\/p>\n<p><strong>Naturdai CARBOBASIC<\/strong> est un produit de contact qui alt\u00e8re l&rsquo;\u00e9quilibre ionique des hyphes et des spores, provoquant leur dessiccation, leur effondrement et l\u2019\u00e9limination de l\u2019agent pathog\u00e8ne<\/p>\n<p><strong>Naturdai CARBOBASIC<\/strong> est aussi efficace contre la moniliose, le botrytis et la tavelure.<\/p>\n<p><strong>Naturdai CARBOBASIC<\/strong> est en outre efficace contre les maladies de post-r\u00e9colte (penicillium, botrytis, moniliose, etc.).<\/p>\n<h3><strong>USAGES ET DOSES RECOMMAND\u00c9S :<\/strong><\/h3>\n<table style=\"height: 96px; width: 100%; border-collapse: collapse; margin-bottom: 20px;\" border=\"1\" cellpadding=\"5\">\n<thead>\n<tr style=\"height: 24px;\">\n<th style=\"text-align: center; vertical-align: middle; width: 33%; height: 24px;\"><strong>Cultures<\/strong><\/th>\n<th style=\"text-align: center; vertical-align: middle; width: 33%; height: 24px;\"><strong>Cible<\/strong><\/th>\n<th style=\"text-align: center; vertical-align: middle; width: 33%; height: 24px;\"><strong>Dose<\/strong><\/th>\n<\/tr>\n<\/thead>\n<tbody>\n<tr style=\"height: 72px;\">\n<td style=\"vertical-align: middle; height: 72px;\">Tomate<br \/>\nPiment<br \/>\nPoivron<\/td>\n<td style=\"vertical-align: middle; height: 72px;\">O\u00efdium<\/td>\n<td style=\"vertical-align: middle; height: 72px;\">2,5 \u00e0 5 kg\/ha<\/td>\n<\/tr>\n<\/tbody>\n<\/table>\n<h3><strong>AVANTAGES :<\/strong><\/h3>\n<ul>\n<li><strong>Naturdai CARBOBASIC<\/strong> ne provoque pas de phytotoxicit\u00e9.<\/li>\n<li><strong>Naturdai CARBOBASIC<\/strong> ne laisse pas de r\u00e9sidus dans le fruit, il n\u2019y a pas besoin de respecter de d\u00e9lai avant r\u00e9colte (DAR).<\/li>\n<li><strong>Naturdai CARBOBASIC<\/strong> pr\u00e9serve les insectes pollinisateurs et la faune auxiliaire .<\/li>\n<li><strong>Naturdai CARBOBASIC<\/strong> est utilisable en agriculture biologique.<\/li>\n<li><strong>Naturdai CARBOBASIC<\/strong> peut \u00eatre utilis\u00e9, plusieurs fois, sans risque de r\u00e9sistance.<\/li>\n<\/ul>\n<h3><strong>RECOMMANDATIONS:<\/strong><\/h3>\n<ul>\n<li>En cas d&rsquo;association de <strong>Naturdai CARBOBASIC<\/strong> avec d\u2019autres produits, la dose recommand\u00e9e est de 3 kg\/ha.<\/li>\n<li>En pr\u00e9ventif, la dose recommand\u00e9e est de 2 \u00e0 3 kg\/ha, en deux applications espac\u00e9es d\u2019une semaine.<\/li>\n<li>En curatif, la dose recommand\u00e9e est de 5 kg\/ha.<\/li>\n<li><strong>Naturdai CARBOBASIC<\/strong> ne doit pas \u00eatre m\u00e9lang\u00e9 avec des produits de formulation huileuse.<\/li>\n<li><strong>Naturdai CARBOBASIC<\/strong> peut \u00eatre associ\u00e9, avec une demi-dose, \u00e0 <strong>Naturdai Bio-S<\/strong> ou <strong>Thiovit Jet<\/strong>.<\/li>\n<\/ul>\n","protected":false},"featured_media":31431,"template":"","meta":[],"product_brand":[],"product_cat":[234],"product_tag":[],"class_list":{"0":"post-31046","1":"product","2":"type-product","3":"status-publish","4":"has-post-thumbnail","6":"product_cat-bio-fongicides","8":"first","9":"instock","10":"shipping-taxable","11":"product-type-simple"},"yoast_head":"<!-- This site is optimized with the Yoast SEO plugin v25.6 - https:\/\/yoast.com\/wordpress\/plugins\/seo\/ -->\n<title>Naturdai CARBOBASIC\u00ae - Profert<\/title>\n<meta name=\"robots\" content=\"index, follow, max-snippet:-1, max-image-preview:large, max-video-preview:-1\" \/>\n<link rel=\"canonical\" href=\"https:\/\/profert.dz\/fr\/index.php\/produit\/naturdai-carbobasic\/\" \/>\n<meta property=\"og:locale\" content=\"fr_FR\" \/>\n<meta property=\"og:type\" content=\"article\" \/>\n<meta property=\"og:title\" content=\"Naturdai CARBOBASIC\u00ae - Profert\" \/>\n<meta property=\"og:description\" content=\"Composition : Hydrog\u00e9nocarbonate de sodium. Concentration : \u00a0990 g\/kg. Formulation : Poudre soluble (SP).  Naturdai CARBOBASIC est un fongicide naturel d\u2019origine min\u00e9rale \u00e0 action pr\u00e9ventive, curative et \u00e9radiquante. Il est efficace contre toutes les esp\u00e8ces d&#039;o\u00efdium sur diverses cultures.  MODE D\u2019ACTION:  Gr\u00e2ce \u00e0 son caract\u00e8re alcalin, Naturdai CARBOBASIC provoque une modification du pH \u00e0 la surface de la plante, freinant le d\u00e9veloppement du pathog\u00e8ne.  Naturdai CARBOBASIC est un produit de contact qui alt\u00e8re l&#039;\u00e9quilibre ionique des hyphes et des spores, provoquant leur dessiccation, leur effondrement et l\u2019\u00e9limination de l\u2019agent pathog\u00e8ne  Naturdai CARBOBASIC est aussi efficace contre la moniliose, le botrytis et la tavelure.  Naturdai CARBOBASIC est en outre efficace contre les maladies de post-r\u00e9colte (penicillium, botrytis, moniliose, etc.). USAGES ET DOSES RECOMMAND\u00c9S :    Cultures Cible Dose     Tomate Piment Poivron O\u00efdium 2,5 \u00e0 5 kg\/ha    AVANTAGES :   Naturdai CARBOBASIC ne provoque pas de phytotoxicit\u00e9.  Naturdai CARBOBASIC ne laisse pas de r\u00e9sidus dans le fruit, il n\u2019y a pas besoin de respecter de d\u00e9lai avant r\u00e9colte (DAR).  Naturdai CARBOBASIC pr\u00e9serve les insectes pollinisateurs et la faune auxiliaire .  Naturdai CARBOBASIC est utilisable en agriculture biologique.  Naturdai CARBOBASIC peut \u00eatre utilis\u00e9, plusieurs fois, sans risque de r\u00e9sistance.  RECOMMANDATIONS:   En cas d&#039;association de Naturdai CARBOBASIC avec d\u2019autres produits, la dose recommand\u00e9e est de 3 kg\/ha.  En pr\u00e9ventif, la dose recommand\u00e9e est de 2 \u00e0 3 kg\/ha, en deux applications espac\u00e9es d\u2019une semaine.  En curatif, la dose recommand\u00e9e est de 5 kg\/ha.  Naturdai CARBOBASIC ne doit pas \u00eatre m\u00e9lang\u00e9 avec des produits de formulation huileuse.  Naturdai CARBOBASIC peut \u00eatre associ\u00e9, avec une demi-dose, \u00e0 Naturdai Bio-S ou Thiovit Jet.\" \/>\n<meta property=\"og:url\" content=\"https:\/\/profert.dz\/fr\/index.php\/produit\/naturdai-carbobasic\/\" \/>\n<meta property=\"og:site_name\" content=\"Profert\" \/>\n<meta property=\"article:modified_time\" content=\"2025-02-18T08:34:41+00:00\" \/>\n<meta property=\"og:image\" content=\"https:\/\/profert.dz\/fr\/wp-content\/uploads\/2024\/12\/god20.jpg\" \/>\n\t<meta property=\"og:image:width\" content=\"1667\" \/>\n\t<meta property=\"og:image:height\" content=\"1539\" \/>\n\t<meta property=\"og:image:type\" content=\"image\/jpeg\" \/>\n<meta name=\"twitter:card\" content=\"summary_large_image\" \/>\n<meta name=\"twitter:label1\" content=\"Dur\u00e9e de lecture estim\u00e9e\" \/>\n\t<meta name=\"twitter:data1\" content=\"1 minute\" \/>\n<script type=\"application\/ld+json\" class=\"yoast-schema-graph\">{\"@context\":\"https:\/\/schema.org\",\"@graph\":[{\"@type\":\"WebPage\",\"@id\":\"https:\/\/profert.dz\/fr\/index.php\/produit\/naturdai-carbobasic\/\",\"url\":\"https:\/\/profert.dz\/fr\/index.php\/produit\/naturdai-carbobasic\/\",\"name\":\"Naturdai CARBOBASIC\u00ae - Profert\",\"isPartOf\":{\"@id\":\"https:\/\/profert.dz\/fr\/#website\"},\"primaryImageOfPage\":{\"@id\":\"https:\/\/profert.dz\/fr\/index.php\/produit\/naturdai-carbobasic\/#primaryimage\"},\"image\":{\"@id\":\"https:\/\/profert.dz\/fr\/index.php\/produit\/naturdai-carbobasic\/#primaryimage\"},\"thumbnailUrl\":\"https:\/\/profert.dz\/fr\/wp-content\/uploads\/2024\/12\/god20.jpg\",\"datePublished\":\"2024-12-15T14:46:48+00:00\",\"dateModified\":\"2025-02-18T08:34:41+00:00\",\"breadcrumb\":{\"@id\":\"https:\/\/profert.dz\/fr\/index.php\/produit\/naturdai-carbobasic\/#breadcrumb\"},\"inLanguage\":\"fr-FR\",\"potentialAction\":[{\"@type\":\"ReadAction\",\"target\":[\"https:\/\/profert.dz\/fr\/index.php\/produit\/naturdai-carbobasic\/\"]}]},{\"@type\":\"ImageObject\",\"inLanguage\":\"fr-FR\",\"@id\":\"https:\/\/profert.dz\/fr\/index.php\/produit\/naturdai-carbobasic\/#primaryimage\",\"url\":\"https:\/\/profert.dz\/fr\/wp-content\/uploads\/2024\/12\/god20.jpg\",\"contentUrl\":\"https:\/\/profert.dz\/fr\/wp-content\/uploads\/2024\/12\/god20.jpg\",\"width\":1667,\"height\":1539},{\"@type\":\"BreadcrumbList\",\"@id\":\"https:\/\/profert.dz\/fr\/index.php\/produit\/naturdai-carbobasic\/#breadcrumb\",\"itemListElement\":[{\"@type\":\"ListItem\",\"position\":1,\"name\":\"Accueil\",\"item\":\"https:\/\/profert.dz\/fr\/\"},{\"@type\":\"ListItem\",\"position\":2,\"name\":\"Produits\",\"item\":\"https:\/\/profert.dz\/fr\/index.php\/boutique\/\"},{\"@type\":\"ListItem\",\"position\":3,\"name\":\"Naturdai CARBOBASIC\u00ae\"}]},{\"@type\":\"WebSite\",\"@id\":\"https:\/\/profert.dz\/fr\/#website\",\"url\":\"https:\/\/profert.dz\/fr\/\",\"name\":\"Profert.dz\",\"description\":\"Agriculture Alg\u00e9rie\",\"potentialAction\":[{\"@type\":\"SearchAction\",\"target\":{\"@type\":\"EntryPoint\",\"urlTemplate\":\"https:\/\/profert.dz\/fr\/?s={search_term_string}\"},\"query-input\":{\"@type\":\"PropertyValueSpecification\",\"valueRequired\":true,\"valueName\":\"search_term_string\"}}],\"inLanguage\":\"fr-FR\"}]}<\/script>\n<!-- \/ Yoast SEO plugin. -->","yoast_head_json":{"title":"Naturdai CARBOBASIC\u00ae - Profert","robots":{"index":"index","follow":"follow","max-snippet":"max-snippet:-1","max-image-preview":"max-image-preview:large","max-video-preview":"max-video-preview:-1"},"canonical":"https:\/\/profert.dz\/fr\/index.php\/produit\/naturdai-carbobasic\/","og_locale":"fr_FR","og_type":"article","og_title":"Naturdai CARBOBASIC\u00ae - Profert","og_description":"Composition : Hydrog\u00e9nocarbonate de sodium. Concentration : \u00a0990 g\/kg. Formulation : Poudre soluble (SP).  Naturdai CARBOBASIC est un fongicide naturel d\u2019origine min\u00e9rale \u00e0 action pr\u00e9ventive, curative et \u00e9radiquante. Il est efficace contre toutes les esp\u00e8ces d'o\u00efdium sur diverses cultures.  MODE D\u2019ACTION:  Gr\u00e2ce \u00e0 son caract\u00e8re alcalin, Naturdai CARBOBASIC provoque une modification du pH \u00e0 la surface de la plante, freinant le d\u00e9veloppement du pathog\u00e8ne.  Naturdai CARBOBASIC est un produit de contact qui alt\u00e8re l'\u00e9quilibre ionique des hyphes et des spores, provoquant leur dessiccation, leur effondrement et l\u2019\u00e9limination de l\u2019agent pathog\u00e8ne  Naturdai CARBOBASIC est aussi efficace contre la moniliose, le botrytis et la tavelure.  Naturdai CARBOBASIC est en outre efficace contre les maladies de post-r\u00e9colte (penicillium, botrytis, moniliose, etc.). USAGES ET DOSES RECOMMAND\u00c9S :    Cultures Cible Dose     Tomate Piment Poivron O\u00efdium 2,5 \u00e0 5 kg\/ha    AVANTAGES :   Naturdai CARBOBASIC ne provoque pas de phytotoxicit\u00e9.  Naturdai CARBOBASIC ne laisse pas de r\u00e9sidus dans le fruit, il n\u2019y a pas besoin de respecter de d\u00e9lai avant r\u00e9colte (DAR).  Naturdai CARBOBASIC pr\u00e9serve les insectes pollinisateurs et la faune auxiliaire .  Naturdai CARBOBASIC est utilisable en agriculture biologique.  Naturdai CARBOBASIC peut \u00eatre utilis\u00e9, plusieurs fois, sans risque de r\u00e9sistance.  RECOMMANDATIONS:   En cas d'association de Naturdai CARBOBASIC avec d\u2019autres produits, la dose recommand\u00e9e est de 3 kg\/ha.  En pr\u00e9ventif, la dose recommand\u00e9e est de 2 \u00e0 3 kg\/ha, en deux applications espac\u00e9es d\u2019une semaine.  En curatif, la dose recommand\u00e9e est de 5 kg\/ha.  Naturdai CARBOBASIC ne doit pas \u00eatre m\u00e9lang\u00e9 avec des produits de formulation huileuse.  Naturdai CARBOBASIC peut \u00eatre associ\u00e9, avec une demi-dose, \u00e0 Naturdai Bio-S ou Thiovit Jet.","og_url":"https:\/\/profert.dz\/fr\/index.php\/produit\/naturdai-carbobasic\/","og_site_name":"Profert","article_modified_time":"2025-02-18T08:34:41+00:00","og_image":[{"width":1667,"height":1539,"url":"https:\/\/profert.dz\/fr\/wp-content\/uploads\/2024\/12\/god20.jpg","type":"image\/jpeg"}],"twitter_card":"summary_large_image","twitter_misc":{"Dur\u00e9e de lecture estim\u00e9e":"1 minute"},"schema":{"@context":"https:\/\/schema.org","@graph":[{"@type":"WebPage","@id":"https:\/\/profert.dz\/fr\/index.php\/produit\/naturdai-carbobasic\/","url":"https:\/\/profert.dz\/fr\/index.php\/produit\/naturdai-carbobasic\/","name":"Naturdai CARBOBASIC\u00ae - Profert","isPartOf":{"@id":"https:\/\/profert.dz\/fr\/#website"},"primaryImageOfPage":{"@id":"https:\/\/profert.dz\/fr\/index.php\/produit\/naturdai-carbobasic\/#primaryimage"},"image":{"@id":"https:\/\/profert.dz\/fr\/index.php\/produit\/naturdai-carbobasic\/#primaryimage"},"thumbnailUrl":"https:\/\/profert.dz\/fr\/wp-content\/uploads\/2024\/12\/god20.jpg","datePublished":"2024-12-15T14:46:48+00:00","dateModified":"2025-02-18T08:34:41+00:00","breadcrumb":{"@id":"https:\/\/profert.dz\/fr\/index.php\/produit\/naturdai-carbobasic\/#breadcrumb"},"inLanguage":"fr-FR","potentialAction":[{"@type":"ReadAction","target":["https:\/\/profert.dz\/fr\/index.php\/produit\/naturdai-carbobasic\/"]}]},{"@type":"ImageObject","inLanguage":"fr-FR","@id":"https:\/\/profert.dz\/fr\/index.php\/produit\/naturdai-carbobasic\/#primaryimage","url":"https:\/\/profert.dz\/fr\/wp-content\/uploads\/2024\/12\/god20.jpg","contentUrl":"https:\/\/profert.dz\/fr\/wp-content\/uploads\/2024\/12\/god20.jpg","width":1667,"height":1539},{"@type":"BreadcrumbList","@id":"https:\/\/profert.dz\/fr\/index.php\/produit\/naturdai-carbobasic\/#breadcrumb","itemListElement":[{"@type":"ListItem","position":1,"name":"Accueil","item":"https:\/\/profert.dz\/fr\/"},{"@type":"ListItem","position":2,"name":"Produits","item":"https:\/\/profert.dz\/fr\/index.php\/boutique\/"},{"@type":"ListItem","position":3,"name":"Naturdai CARBOBASIC\u00ae"}]},{"@type":"WebSite","@id":"https:\/\/profert.dz\/fr\/#website","url":"https:\/\/profert.dz\/fr\/","name":"Profert.dz","description":"Agriculture Alg\u00e9rie","potentialAction":[{"@type":"SearchAction","target":{"@type":"EntryPoint","urlTemplate":"https:\/\/profert.dz\/fr\/?s={search_term_string}"},"query-input":{"@type":"PropertyValueSpecification","valueRequired":true,"valueName":"search_term_string"}}],"inLanguage":"fr-FR"}]}},"_links":{"self":[{"href":"https:\/\/profert.dz\/fr\/index.php\/wp-json\/wp\/v2\/product\/31046"}],"collection":[{"href":"https:\/\/profert.dz\/fr\/index.php\/wp-json\/wp\/v2\/product"}],"about":[{"href":"https:\/\/profert.dz\/fr\/index.php\/wp-json\/wp\/v2\/types\/product"}],"wp:featuredmedia":[{"embeddable":true,"href":"https:\/\/profert.dz\/fr\/index.php\/wp-json\/wp\/v2\/media\/31431"}],"wp:attachment":[{"href":"https:\/\/profert.dz\/fr\/index.php\/wp-json\/wp\/v2\/media?parent=31046"}],"wp:term":[{"taxonomy":"product_brand","embeddable":true,"href":"https:\/\/profert.dz\/fr\/index.php\/wp-json\/wp\/v2\/product_brand?post=31046"},{"taxonomy":"product_cat","embeddable":true,"href":"https:\/\/profert.dz\/fr\/index.php\/wp-json\/wp\/v2\/product_cat?post=31046"},{"taxonomy":"product_tag","embeddable":true,"href":"https:\/\/profert.dz\/fr\/index.php\/wp-json\/wp\/v2\/product_tag?post=31046"}],"curies":[{"name":"wp","href":"https:\/\/api.w.org\/{rel}","templated":true}]}}