{"id":31003,"date":"2024-12-15T13:31:06","date_gmt":"2024-12-15T12:31:06","guid":{"rendered":"https:\/\/profert.dz\/fr\/?post_type=product&#038;p=31003"},"modified":"2025-02-18T09:50:42","modified_gmt":"2025-02-18T08:50:42","slug":"rouleaux-adhesifs-bks","status":"publish","type":"product","link":"https:\/\/profert.dz\/fr\/index.php\/produit\/rouleaux-adhesifs-bks\/","title":{"rendered":"Rouleaux adh\u00e9sifs"},"content":{"rendered":"","protected":false},"excerpt":{"rendered":"<p><strong>Cat\u00e9gorie :<\/strong> Outils de monitoring et de pi\u00e9geage de masse des ravageurs<\/p>\n<p style=\"text-align: justify;\">Les rouleaux adh\u00e9sifs sont des pi\u00e8ges chromatiques englu\u00e9s des deux c\u00f4t\u00e9s. Ils sont principalement utilis\u00e9s pour le pi\u00e9geage de masse, mais \u00e9galement \u00e0 la surveillance des ravageurs dans toutes les cultures. Ces outils sont pr\u00e9sent\u00e9s en jaune, bleu et noir.<\/p>\n<p><strong>MODE D\u2019ACTION :<\/strong><\/p>\n<p style=\"text-align: justify;\">Les rouleaux adh\u00e9sifs ont la capacit\u00e9 d&rsquo;attirer les insectes nuisibles gr\u00e2ce \u00e0 leurs couleurs sp\u00e9cifiques. Ces ravageurs seront ensuite captur\u00e9s par la colle.<br \/>\nLes rouleaux adh\u00e9sifs jaunes attirent davantage les aleurodes, les mouches des fruits, les mineuses de feuilles, les sciarides, les pucerons, les thrips et de nombreux autres insectes volants.<br \/>\nLes rouleaux adh\u00e9sifs bleus sont principalement utilis\u00e9s pour capturer toutes les esp\u00e8ces de thrips.<br \/>\nLes rouleaux adh\u00e9sifs noirs sont sp\u00e9cifiquement con\u00e7us pour pi\u00e9ger <em>Tuta absoluta<\/em>.<\/p>\n<p><strong>USAGES ET DOSES RECOMMAND\u00c9S :<\/strong><\/p>\n<table style=\"width: 100%; border-collapse: collapse; margin-bottom: 20px;\" border=\"1\" cellpadding=\"5\">\n<thead>\n<tr>\n<th style=\"vertical-align: middle; text-align: left;\">Solutions<\/th>\n<th style=\"vertical-align: middle; text-align: left;\">Cibles<\/th>\n<th style=\"vertical-align: middle; text-align: left;\">Doses<\/th>\n<\/tr>\n<\/thead>\n<tbody>\n<tr>\n<td style=\"text-align: left;\">Rouleaux adh\u00e9sifs jaunes (15 cm x 100 m)<\/td>\n<td style=\"text-align: left;\">Mouche blanche<br \/>\nMineuses des feuilles<br \/>\nSciarides<br \/>\nPucerons<br \/>\nThrips<br \/>\nAutres insectes volants<\/td>\n<td style=\"text-align: left;\">1 rouleau\/1000 m\u00b2<\/td>\n<\/tr>\n<tr>\n<td style=\"text-align: left;\">Rouleaux adh\u00e9sifs bleus (15 cm x 100 m)<\/td>\n<td style=\"text-align: left;\">Thrips<\/td>\n<td style=\"text-align: left;\">1 rouleau\/1000 m\u00b2<\/td>\n<\/tr>\n<tr>\n<td style=\"text-align: left;\">Rouleaux adh\u00e9sifs noirs (30 cm x 100 m)<\/td>\n<td style=\"text-align: left;\"><em>Tuta absoluta<\/em><\/td>\n<td style=\"text-align: left;\">1 rouleau\/1000 m\u00b2<\/td>\n<\/tr>\n<\/tbody>\n<\/table>\n<p style=\"text-align: justify;\"><strong>AVANTAGES :<\/strong><\/p>\n<ul>\n<li><strong>Les rouleaux adh\u00e9sifs<\/strong> ne sont pas affect\u00e9s par les conditions environnementales d\u00e9favorables.<\/li>\n<li><strong>Les rouleaux adh\u00e9sifs<\/strong> offrent une efficacit\u00e9 optimale tout au long de la saison.<\/li>\n<li><strong>Les rouleaux adh\u00e9sifs<\/strong> permettent une d\u00e9tection pr\u00e9ventive et rapide des nouvelles infestations.<\/li>\n<li><strong>Les rouleaux adh\u00e9sifs<\/strong> ne sont pas toxiques et n&rsquo;ont pas d&rsquo;impact sur les insectes auxiliaires.<\/li>\n<li><strong>Les rouleaux adh\u00e9sifs<\/strong> sont autoris\u00e9s dans l\u2019agriculture biologique.<\/li>\n<\/ul>\n<p style=\"text-align: justify;\"><strong>RECOMMANDATIONS :<\/strong><\/p>\n<p><strong>Pour l&rsquo;utilisation sous serre :<\/strong><br \/>\n<strong>Les rouleaux adh\u00e9sifs jaunes<\/strong> <strong>et bleus<\/strong> doivent \u00eatre plac\u00e9s \u00e0 environ 20 cm au-dessus des plantes, en ajustant la hauteur en fonction de la croissance de la culture.<br \/>\n<strong>Les rouleaux adh\u00e9sifs noirs<\/strong> doivent \u00eatre plac\u00e9s pr\u00e8s du sol, \u00e0 une hauteur ne d\u00e9passant pas 40 cm.<br \/>\nRenforcer les ouvertures des serres pour pi\u00e9ger imm\u00e9diatement les insectes qui y p\u00e9n\u00e8trent.<br \/>\n\u00c9viter de placer les rouleaux trop pr\u00e8s des fen\u00eatres et des portes pour ne pas attirer les insectes \u00e0 l&rsquo;int\u00e9rieur.<\/p>\n<p><strong>Pour utilisation en arboriculture :<\/strong><br \/>\nLes rouleaux adh\u00e9sifs peuvent \u00eatre appliqu\u00e9s entre les arbres dans les vergers.<br \/>\nIls peuvent \u00e9galement \u00eatre enroul\u00e9s autour des troncs d&rsquo;arbres pour lutter contre les insectes se d\u00e9pla\u00e7ant du sol vers les plantes.<\/p>\n<p>&#8211; Remplacer les pi\u00e8ges en cas de vent de sable ou d\u00e8s qu&rsquo;ils sont satur\u00e9s d&rsquo;insectes.<br \/>\n&#8211; Garder l\u2019emballage ferm\u00e9 jusqu\u2019\u00e0 utilisation.<br \/>\n&#8211; Conserver \u00e0 temp\u00e9rature ambiante (5 \u2013 25 \u00b0C) dans un endroit sec, \u00e0 l\u2019abri de la lumi\u00e8re directe du soleil.<br \/>\n&#8211; Si les rouleaux sont stock\u00e9s \u00e0 basse temp\u00e9rature, les conserver \u00e0 temp\u00e9rature ambiante pendant au moins 24 heures avant utilisation.<\/p>\n","protected":false},"featured_media":31433,"template":"","meta":[],"product_brand":[],"product_cat":[241],"product_tag":[],"class_list":{"0":"post-31003","1":"product","2":"type-product","3":"status-publish","4":"has-post-thumbnail","6":"product_cat-piegeage-et-monitoring","8":"first","9":"instock","10":"shipping-taxable","11":"product-type-simple"},"yoast_head":"<!-- This site is optimized with the Yoast SEO plugin v25.6 - https:\/\/yoast.com\/wordpress\/plugins\/seo\/ -->\n<title>Rouleaux adh\u00e9sifs - Profert<\/title>\n<meta name=\"robots\" content=\"index, follow, max-snippet:-1, max-image-preview:large, max-video-preview:-1\" \/>\n<link rel=\"canonical\" href=\"https:\/\/profert.dz\/fr\/index.php\/produit\/rouleaux-adhesifs-bks\/\" \/>\n<meta property=\"og:locale\" content=\"fr_FR\" \/>\n<meta property=\"og:type\" content=\"article\" \/>\n<meta property=\"og:title\" content=\"Rouleaux adh\u00e9sifs - Profert\" \/>\n<meta property=\"og:description\" content=\"Cat\u00e9gorie : Outils de monitoring et de pi\u00e9geage de masse des ravageurs Les rouleaux adh\u00e9sifs sont des pi\u00e8ges chromatiques englu\u00e9s des deux c\u00f4t\u00e9s. Ils sont principalement utilis\u00e9s pour le pi\u00e9geage de masse, mais \u00e9galement \u00e0 la surveillance des ravageurs dans toutes les cultures. Ces outils sont pr\u00e9sent\u00e9s en jaune, bleu et noir. MODE D\u2019ACTION : Les rouleaux adh\u00e9sifs ont la capacit\u00e9 d&#039;attirer les insectes nuisibles gr\u00e2ce \u00e0 leurs couleurs sp\u00e9cifiques. Ces ravageurs seront ensuite captur\u00e9s par la colle. Les rouleaux adh\u00e9sifs jaunes attirent davantage les aleurodes, les mouches des fruits, les mineuses de feuilles, les sciarides, les pucerons, les thrips et de nombreux autres insectes volants. Les rouleaux adh\u00e9sifs bleus sont principalement utilis\u00e9s pour capturer toutes les esp\u00e8ces de thrips. Les rouleaux adh\u00e9sifs noirs sont sp\u00e9cifiquement con\u00e7us pour pi\u00e9ger Tuta absoluta. USAGES ET DOSES RECOMMAND\u00c9S :    Solutions Cibles Doses     Rouleaux adh\u00e9sifs jaunes (15 cm x 100 m) Mouche blanche Mineuses des feuilles Sciarides Pucerons Thrips Autres insectes volants 1 rouleau\/1000 m\u00b2   Rouleaux adh\u00e9sifs bleus (15 cm x 100 m) Thrips 1 rouleau\/1000 m\u00b2   Rouleaux adh\u00e9sifs noirs (30 cm x 100 m) Tuta absoluta 1 rouleau\/1000 m\u00b2    AVANTAGES :    Les rouleaux adh\u00e9sifs ne sont pas affect\u00e9s par les conditions environnementales d\u00e9favorables.  Les rouleaux adh\u00e9sifs offrent une efficacit\u00e9 optimale tout au long de la saison.  Les rouleaux adh\u00e9sifs permettent une d\u00e9tection pr\u00e9ventive et rapide des nouvelles infestations.  Les rouleaux adh\u00e9sifs ne sont pas toxiques et n&#039;ont pas d&#039;impact sur les insectes auxiliaires.  Les rouleaux adh\u00e9sifs sont autoris\u00e9s dans l\u2019agriculture biologique.  RECOMMANDATIONS : Pour l&#039;utilisation sous serre : Les rouleaux adh\u00e9sifs jaunes et bleus doivent \u00eatre plac\u00e9s \u00e0 environ 20 cm au-dessus des plantes, en ajustant la hauteur en fonction de la croissance de la culture. Les rouleaux adh\u00e9sifs noirs doivent \u00eatre plac\u00e9s pr\u00e8s du sol, \u00e0 une hauteur ne d\u00e9passant pas 40 cm. Renforcer les ouvertures des serres pour pi\u00e9ger imm\u00e9diatement les insectes qui y p\u00e9n\u00e8trent. \u00c9viter de placer les rouleaux trop pr\u00e8s des fen\u00eatres et des portes pour ne pas attirer les insectes \u00e0 l&#039;int\u00e9rieur.  Pour utilisation en arboriculture : Les rouleaux adh\u00e9sifs peuvent \u00eatre appliqu\u00e9s entre les arbres dans les vergers. Ils peuvent \u00e9galement \u00eatre enroul\u00e9s autour des troncs d&#039;arbres pour lutter contre les insectes se d\u00e9pla\u00e7ant du sol vers les plantes.  - Remplacer les pi\u00e8ges en cas de vent de sable ou d\u00e8s qu&#039;ils sont satur\u00e9s d&#039;insectes. - Garder l\u2019emballage ferm\u00e9 jusqu\u2019\u00e0 utilisation. - Conserver \u00e0 temp\u00e9rature ambiante (5 \u2013 25 \u00b0C) dans un endroit sec, \u00e0 l\u2019abri de la lumi\u00e8re directe du soleil. - Si les rouleaux sont stock\u00e9s \u00e0 basse temp\u00e9rature, les conserver \u00e0 temp\u00e9rature ambiante pendant au moins 24 heures avant utilisation.\" \/>\n<meta property=\"og:url\" content=\"https:\/\/profert.dz\/fr\/index.php\/produit\/rouleaux-adhesifs-bks\/\" \/>\n<meta property=\"og:site_name\" content=\"Profert\" \/>\n<meta property=\"article:modified_time\" content=\"2025-02-18T08:50:42+00:00\" \/>\n<meta property=\"og:image\" content=\"https:\/\/profert.dz\/fr\/wp-content\/uploads\/2024\/12\/god21.jpg\" \/>\n\t<meta property=\"og:image:width\" content=\"1667\" \/>\n\t<meta property=\"og:image:height\" content=\"1539\" \/>\n\t<meta property=\"og:image:type\" content=\"image\/jpeg\" \/>\n<meta name=\"twitter:card\" content=\"summary_large_image\" \/>\n<meta name=\"twitter:label1\" content=\"Dur\u00e9e de lecture estim\u00e9e\" \/>\n\t<meta name=\"twitter:data1\" content=\"1 minute\" \/>\n<script type=\"application\/ld+json\" class=\"yoast-schema-graph\">{\"@context\":\"https:\/\/schema.org\",\"@graph\":[{\"@type\":\"WebPage\",\"@id\":\"https:\/\/profert.dz\/fr\/index.php\/produit\/rouleaux-adhesifs-bks\/\",\"url\":\"https:\/\/profert.dz\/fr\/index.php\/produit\/rouleaux-adhesifs-bks\/\",\"name\":\"Rouleaux adh\u00e9sifs - Profert\",\"isPartOf\":{\"@id\":\"https:\/\/profert.dz\/fr\/#website\"},\"primaryImageOfPage\":{\"@id\":\"https:\/\/profert.dz\/fr\/index.php\/produit\/rouleaux-adhesifs-bks\/#primaryimage\"},\"image\":{\"@id\":\"https:\/\/profert.dz\/fr\/index.php\/produit\/rouleaux-adhesifs-bks\/#primaryimage\"},\"thumbnailUrl\":\"https:\/\/profert.dz\/fr\/wp-content\/uploads\/2024\/12\/god21.jpg\",\"datePublished\":\"2024-12-15T12:31:06+00:00\",\"dateModified\":\"2025-02-18T08:50:42+00:00\",\"breadcrumb\":{\"@id\":\"https:\/\/profert.dz\/fr\/index.php\/produit\/rouleaux-adhesifs-bks\/#breadcrumb\"},\"inLanguage\":\"fr-FR\",\"potentialAction\":[{\"@type\":\"ReadAction\",\"target\":[\"https:\/\/profert.dz\/fr\/index.php\/produit\/rouleaux-adhesifs-bks\/\"]}]},{\"@type\":\"ImageObject\",\"inLanguage\":\"fr-FR\",\"@id\":\"https:\/\/profert.dz\/fr\/index.php\/produit\/rouleaux-adhesifs-bks\/#primaryimage\",\"url\":\"https:\/\/profert.dz\/fr\/wp-content\/uploads\/2024\/12\/god21.jpg\",\"contentUrl\":\"https:\/\/profert.dz\/fr\/wp-content\/uploads\/2024\/12\/god21.jpg\",\"width\":1667,\"height\":1539},{\"@type\":\"BreadcrumbList\",\"@id\":\"https:\/\/profert.dz\/fr\/index.php\/produit\/rouleaux-adhesifs-bks\/#breadcrumb\",\"itemListElement\":[{\"@type\":\"ListItem\",\"position\":1,\"name\":\"Accueil\",\"item\":\"https:\/\/profert.dz\/fr\/\"},{\"@type\":\"ListItem\",\"position\":2,\"name\":\"Produits\",\"item\":\"https:\/\/profert.dz\/fr\/index.php\/boutique\/\"},{\"@type\":\"ListItem\",\"position\":3,\"name\":\"Rouleaux adh\u00e9sifs\"}]},{\"@type\":\"WebSite\",\"@id\":\"https:\/\/profert.dz\/fr\/#website\",\"url\":\"https:\/\/profert.dz\/fr\/\",\"name\":\"Profert.dz\",\"description\":\"Agriculture Alg\u00e9rie\",\"potentialAction\":[{\"@type\":\"SearchAction\",\"target\":{\"@type\":\"EntryPoint\",\"urlTemplate\":\"https:\/\/profert.dz\/fr\/?s={search_term_string}\"},\"query-input\":{\"@type\":\"PropertyValueSpecification\",\"valueRequired\":true,\"valueName\":\"search_term_string\"}}],\"inLanguage\":\"fr-FR\"}]}<\/script>\n<!-- \/ Yoast SEO plugin. -->","yoast_head_json":{"title":"Rouleaux adh\u00e9sifs - Profert","robots":{"index":"index","follow":"follow","max-snippet":"max-snippet:-1","max-image-preview":"max-image-preview:large","max-video-preview":"max-video-preview:-1"},"canonical":"https:\/\/profert.dz\/fr\/index.php\/produit\/rouleaux-adhesifs-bks\/","og_locale":"fr_FR","og_type":"article","og_title":"Rouleaux adh\u00e9sifs - Profert","og_description":"Cat\u00e9gorie : Outils de monitoring et de pi\u00e9geage de masse des ravageurs Les rouleaux adh\u00e9sifs sont des pi\u00e8ges chromatiques englu\u00e9s des deux c\u00f4t\u00e9s. Ils sont principalement utilis\u00e9s pour le pi\u00e9geage de masse, mais \u00e9galement \u00e0 la surveillance des ravageurs dans toutes les cultures. Ces outils sont pr\u00e9sent\u00e9s en jaune, bleu et noir. MODE D\u2019ACTION : Les rouleaux adh\u00e9sifs ont la capacit\u00e9 d'attirer les insectes nuisibles gr\u00e2ce \u00e0 leurs couleurs sp\u00e9cifiques. Ces ravageurs seront ensuite captur\u00e9s par la colle. Les rouleaux adh\u00e9sifs jaunes attirent davantage les aleurodes, les mouches des fruits, les mineuses de feuilles, les sciarides, les pucerons, les thrips et de nombreux autres insectes volants. Les rouleaux adh\u00e9sifs bleus sont principalement utilis\u00e9s pour capturer toutes les esp\u00e8ces de thrips. Les rouleaux adh\u00e9sifs noirs sont sp\u00e9cifiquement con\u00e7us pour pi\u00e9ger Tuta absoluta. USAGES ET DOSES RECOMMAND\u00c9S :    Solutions Cibles Doses     Rouleaux adh\u00e9sifs jaunes (15 cm x 100 m) Mouche blanche Mineuses des feuilles Sciarides Pucerons Thrips Autres insectes volants 1 rouleau\/1000 m\u00b2   Rouleaux adh\u00e9sifs bleus (15 cm x 100 m) Thrips 1 rouleau\/1000 m\u00b2   Rouleaux adh\u00e9sifs noirs (30 cm x 100 m) Tuta absoluta 1 rouleau\/1000 m\u00b2    AVANTAGES :    Les rouleaux adh\u00e9sifs ne sont pas affect\u00e9s par les conditions environnementales d\u00e9favorables.  Les rouleaux adh\u00e9sifs offrent une efficacit\u00e9 optimale tout au long de la saison.  Les rouleaux adh\u00e9sifs permettent une d\u00e9tection pr\u00e9ventive et rapide des nouvelles infestations.  Les rouleaux adh\u00e9sifs ne sont pas toxiques et n'ont pas d'impact sur les insectes auxiliaires.  Les rouleaux adh\u00e9sifs sont autoris\u00e9s dans l\u2019agriculture biologique.  RECOMMANDATIONS : Pour l'utilisation sous serre : Les rouleaux adh\u00e9sifs jaunes et bleus doivent \u00eatre plac\u00e9s \u00e0 environ 20 cm au-dessus des plantes, en ajustant la hauteur en fonction de la croissance de la culture. Les rouleaux adh\u00e9sifs noirs doivent \u00eatre plac\u00e9s pr\u00e8s du sol, \u00e0 une hauteur ne d\u00e9passant pas 40 cm. Renforcer les ouvertures des serres pour pi\u00e9ger imm\u00e9diatement les insectes qui y p\u00e9n\u00e8trent. \u00c9viter de placer les rouleaux trop pr\u00e8s des fen\u00eatres et des portes pour ne pas attirer les insectes \u00e0 l'int\u00e9rieur.  Pour utilisation en arboriculture : Les rouleaux adh\u00e9sifs peuvent \u00eatre appliqu\u00e9s entre les arbres dans les vergers. Ils peuvent \u00e9galement \u00eatre enroul\u00e9s autour des troncs d'arbres pour lutter contre les insectes se d\u00e9pla\u00e7ant du sol vers les plantes.  - Remplacer les pi\u00e8ges en cas de vent de sable ou d\u00e8s qu'ils sont satur\u00e9s d'insectes. - Garder l\u2019emballage ferm\u00e9 jusqu\u2019\u00e0 utilisation. - Conserver \u00e0 temp\u00e9rature ambiante (5 \u2013 25 \u00b0C) dans un endroit sec, \u00e0 l\u2019abri de la lumi\u00e8re directe du soleil. - Si les rouleaux sont stock\u00e9s \u00e0 basse temp\u00e9rature, les conserver \u00e0 temp\u00e9rature ambiante pendant au moins 24 heures avant utilisation.","og_url":"https:\/\/profert.dz\/fr\/index.php\/produit\/rouleaux-adhesifs-bks\/","og_site_name":"Profert","article_modified_time":"2025-02-18T08:50:42+00:00","og_image":[{"width":1667,"height":1539,"url":"https:\/\/profert.dz\/fr\/wp-content\/uploads\/2024\/12\/god21.jpg","type":"image\/jpeg"}],"twitter_card":"summary_large_image","twitter_misc":{"Dur\u00e9e de lecture estim\u00e9e":"1 minute"},"schema":{"@context":"https:\/\/schema.org","@graph":[{"@type":"WebPage","@id":"https:\/\/profert.dz\/fr\/index.php\/produit\/rouleaux-adhesifs-bks\/","url":"https:\/\/profert.dz\/fr\/index.php\/produit\/rouleaux-adhesifs-bks\/","name":"Rouleaux adh\u00e9sifs - Profert","isPartOf":{"@id":"https:\/\/profert.dz\/fr\/#website"},"primaryImageOfPage":{"@id":"https:\/\/profert.dz\/fr\/index.php\/produit\/rouleaux-adhesifs-bks\/#primaryimage"},"image":{"@id":"https:\/\/profert.dz\/fr\/index.php\/produit\/rouleaux-adhesifs-bks\/#primaryimage"},"thumbnailUrl":"https:\/\/profert.dz\/fr\/wp-content\/uploads\/2024\/12\/god21.jpg","datePublished":"2024-12-15T12:31:06+00:00","dateModified":"2025-02-18T08:50:42+00:00","breadcrumb":{"@id":"https:\/\/profert.dz\/fr\/index.php\/produit\/rouleaux-adhesifs-bks\/#breadcrumb"},"inLanguage":"fr-FR","potentialAction":[{"@type":"ReadAction","target":["https:\/\/profert.dz\/fr\/index.php\/produit\/rouleaux-adhesifs-bks\/"]}]},{"@type":"ImageObject","inLanguage":"fr-FR","@id":"https:\/\/profert.dz\/fr\/index.php\/produit\/rouleaux-adhesifs-bks\/#primaryimage","url":"https:\/\/profert.dz\/fr\/wp-content\/uploads\/2024\/12\/god21.jpg","contentUrl":"https:\/\/profert.dz\/fr\/wp-content\/uploads\/2024\/12\/god21.jpg","width":1667,"height":1539},{"@type":"BreadcrumbList","@id":"https:\/\/profert.dz\/fr\/index.php\/produit\/rouleaux-adhesifs-bks\/#breadcrumb","itemListElement":[{"@type":"ListItem","position":1,"name":"Accueil","item":"https:\/\/profert.dz\/fr\/"},{"@type":"ListItem","position":2,"name":"Produits","item":"https:\/\/profert.dz\/fr\/index.php\/boutique\/"},{"@type":"ListItem","position":3,"name":"Rouleaux adh\u00e9sifs"}]},{"@type":"WebSite","@id":"https:\/\/profert.dz\/fr\/#website","url":"https:\/\/profert.dz\/fr\/","name":"Profert.dz","description":"Agriculture Alg\u00e9rie","potentialAction":[{"@type":"SearchAction","target":{"@type":"EntryPoint","urlTemplate":"https:\/\/profert.dz\/fr\/?s={search_term_string}"},"query-input":{"@type":"PropertyValueSpecification","valueRequired":true,"valueName":"search_term_string"}}],"inLanguage":"fr-FR"}]}},"_links":{"self":[{"href":"https:\/\/profert.dz\/fr\/index.php\/wp-json\/wp\/v2\/product\/31003"}],"collection":[{"href":"https:\/\/profert.dz\/fr\/index.php\/wp-json\/wp\/v2\/product"}],"about":[{"href":"https:\/\/profert.dz\/fr\/index.php\/wp-json\/wp\/v2\/types\/product"}],"wp:featuredmedia":[{"embeddable":true,"href":"https:\/\/profert.dz\/fr\/index.php\/wp-json\/wp\/v2\/media\/31433"}],"wp:attachment":[{"href":"https:\/\/profert.dz\/fr\/index.php\/wp-json\/wp\/v2\/media?parent=31003"}],"wp:term":[{"taxonomy":"product_brand","embeddable":true,"href":"https:\/\/profert.dz\/fr\/index.php\/wp-json\/wp\/v2\/product_brand?post=31003"},{"taxonomy":"product_cat","embeddable":true,"href":"https:\/\/profert.dz\/fr\/index.php\/wp-json\/wp\/v2\/product_cat?post=31003"},{"taxonomy":"product_tag","embeddable":true,"href":"https:\/\/profert.dz\/fr\/index.php\/wp-json\/wp\/v2\/product_tag?post=31003"}],"curies":[{"name":"wp","href":"https:\/\/api.w.org\/{rel}","templated":true}]}}