{"id":30994,"date":"2024-12-15T12:00:25","date_gmt":"2024-12-15T11:00:25","guid":{"rendered":"https:\/\/profert.dz\/fr\/?post_type=product&#038;p=30994"},"modified":"2025-02-18T09:51:17","modified_gmt":"2025-02-18T08:51:17","slug":"bioact-dc","status":"publish","type":"product","link":"https:\/\/profert.dz\/fr\/index.php\/produit\/bioact-dc\/","title":{"rendered":"BioAct DC<sup>\u00ae<\/sup>"},"content":{"rendered":"","protected":false},"excerpt":{"rendered":"<p><strong>Composition : <\/strong><em>Purpureocillium lilacinus souche 251. <\/em>(synonyme : <em>Paecilomyces lilacinus souche 251<\/em>).<br \/>\n<strong>Concentration : <\/strong>\u00a04,7&#215;10<sup>10<\/sup> spore viables\/g.<br \/>\n<strong>Formulation :<\/strong> concentr\u00e9 dispersable (DC).<\/p>\n<p><strong>BioAct DC<\/strong>\u00a0est un n\u00e9maticide biologique \u00e0 base d&rsquo;un champignon parasite des n\u00e9matodes phytopathog\u00e8nes. Il assure la lutte contre plusieurs esp\u00e8ces de n\u00e9matodes (Heterodera, Meloidogyne, Pratylenchus, Tylenchulus) sur plusieurs cultures (cultures maraich\u00e8res et arboriculture fruiti\u00e8re).<\/p>\n<p><strong>MODE D&rsquo;ACTION :<\/strong><\/p>\n<p><strong>BioAct DC<\/strong>\u00a0est actif sur les formes immobiles des n\u00e9matodes (\u0153ufs et premiers stades larvaires). Dans le sol et quand les conditions sont r\u00e9unies (humidit\u00e9 et temp\u00e9rature), les spores contenues dans <strong>BioAct DC<\/strong> germent et p\u00e9n\u00e8trent \u00e0 l\u2019int\u00e9rieur des \u0153ufs des n\u00e9matodes. Elles les parasitent et causent leur mort.<\/p>\n<p><strong>USAGES ET DOSES RECOMMAND\u00c9S :<\/strong><\/p>\n<table style=\"height: 198px; width: 100.1%; border-collapse: collapse; margin-bottom: 20px;\" border=\"1\" cellpadding=\"5\">\n<tbody>\n<tr style=\"height: 46px;\">\n<td style=\"width: 11.6466%; vertical-align: middle; height: 46px;\">\n<h3><span style=\"font-size: 12pt;\"><strong>Cultures<\/strong><\/span><\/h3>\n<\/td>\n<td style=\"width: 5.12056%; vertical-align: middle; height: 46px;\">\n<h3><span style=\"font-size: 12pt;\"><strong>Cible<\/strong><\/span><\/h3>\n<\/td>\n<td style=\"width: 23.494%; vertical-align: middle; height: 46px;\">\n<h3><span style=\"font-size: 12pt;\"><strong>Dose<\/strong><\/span><\/h3>\n<\/td>\n<\/tr>\n<tr style=\"height: 152px;\">\n<td style=\"width: 11.6466%; vertical-align: middle; height: 152px;\">Tomate<br \/>\nAubergine<br \/>\nConcombre<br \/>\nCourgette<br \/>\nFraise<\/td>\n<td style=\"width: 11.6466%; vertical-align: middle; height: 152px;\">N\u00e9matodes<\/td>\n<td style=\"width: 11.6466%; vertical-align: middle; height: 152px;\">0,75 L\/ha<\/td>\n<\/tr>\n<\/tbody>\n<\/table>\n<p><strong>AVANTAGES :<\/strong><\/p>\n<ul>\n<li><strong>BioAct DC <\/strong> est utilisable en agriculture biologique.<\/li>\n<li><strong>BioAct DC <\/strong> contr\u00f4le plusieurs esp\u00e8ces de n\u00e9matodes sur plusieurs cultures.<\/li>\n<li><strong>BioAct DC<\/strong> ne laisse pas de r\u00e9sidus dans le fruit. Il n\u2019y a pas besoin de respecter de d\u00e9lai avant r\u00e9colte (DAR).<\/li>\n<li><strong>BioAct DC<\/strong> ne provoque pas de phytotoxicit\u00e9.<\/li>\n<\/ul>\n<p><strong>RECOMMANDATIONS :<\/strong><\/p>\n<ul>\n<li>Sur les cultures maraich\u00e8res, il est recommand\u00e9 d&rsquo;appliquer <strong>BioAct DC<\/strong> en goutte \u00e0 goutte, entre 6 000 \u00e0 10 000 L de bouillie par ha.<\/li>\n<li>Bien pr\u00e9parer la bouillie : verser directement <strong>BioAct DC<\/strong> dans la cuve \u00e0 moiti\u00e9 remplie, mettre le syst\u00e8me d&rsquo;agitation en marche, pour obtenir une bonne mise en suspension et compl\u00e9ter avec la quantit\u00e9 d&rsquo;eau n\u00e9cessaire en maintenant l&rsquo;agitation.<\/li>\n<li>Il est pr\u00e9f\u00e9rable d&rsquo;appliquer <strong>BioAct DC<\/strong> seul.<\/li>\n<li>Pour plus d\u2019efficacit\u00e9, <strong>BioAct DC<\/strong> doit entrer en contact direct avec les n\u00e9matodes, dans le profil du sol ou la rhizosph\u00e8re, juste apr\u00e8s l&rsquo;application.<\/li>\n<li>Pour faciliter le contact de <strong>BioAct DC<\/strong> avec les n\u00e9matodes, il est recommand\u00e9 de :\n<ul>\n<li>Bien pr\u00e9parer le sol pour la plantation.<\/li>\n<li>R\u00e9aliser une l\u00e9g\u00e8re pr\u00e9-irrigation pour humidifier le sol.<\/li>\n<li>Irriguer apr\u00e8s l\u2019application pour faire p\u00e9n\u00e9trer le produit.<\/li>\n<\/ul>\n<\/li>\n<li>Ne pas stocker le produit plus de 24 mois dans un local o\u00f9 la temp\u00e9rature peut d\u00e9passer 20\u00b0C ou plus de 12 mois dans un local o\u00f9 la temp\u00e9rature peut d\u00e9passer 30\u00b0C.<\/li>\n<\/ul>\n<p>&nbsp;<\/p>\n","protected":false},"featured_media":31373,"template":"","meta":[],"product_brand":[],"product_cat":[237],"product_tag":[],"class_list":{"0":"post-30994","1":"product","2":"type-product","3":"status-publish","4":"has-post-thumbnail","6":"product_cat-bio-nematicide","8":"first","9":"instock","10":"shipping-taxable","11":"product-type-simple"},"yoast_head":"<!-- This site is optimized with the Yoast SEO plugin v25.6 - https:\/\/yoast.com\/wordpress\/plugins\/seo\/ -->\n<title>BioAct DC\u00ae - Profert<\/title>\n<meta name=\"robots\" content=\"index, follow, max-snippet:-1, max-image-preview:large, max-video-preview:-1\" \/>\n<link rel=\"canonical\" href=\"https:\/\/profert.dz\/fr\/index.php\/produit\/bioact-dc\/\" \/>\n<meta property=\"og:locale\" content=\"fr_FR\" \/>\n<meta property=\"og:type\" content=\"article\" \/>\n<meta property=\"og:title\" content=\"BioAct DC\u00ae - Profert\" \/>\n<meta property=\"og:description\" content=\"Composition : Purpureocillium lilacinus souche 251. (synonyme : Paecilomyces lilacinus souche 251). Concentration : \u00a04,7x1010 spore viables\/g. Formulation : concentr\u00e9 dispersable (DC).  BioAct DC\u00a0est un n\u00e9maticide biologique \u00e0 base d&#039;un champignon parasite des n\u00e9matodes phytopathog\u00e8nes. Il assure la lutte contre plusieurs esp\u00e8ces de n\u00e9matodes (Heterodera, Meloidogyne, Pratylenchus, Tylenchulus) sur plusieurs cultures (cultures maraich\u00e8res et arboriculture fruiti\u00e8re).  MODE D&#039;ACTION :  BioAct DC\u00a0est actif sur les formes immobiles des n\u00e9matodes (\u0153ufs et premiers stades larvaires). Dans le sol et quand les conditions sont r\u00e9unies (humidit\u00e9 et temp\u00e9rature), les spores contenues dans BioAct DC germent et p\u00e9n\u00e8trent \u00e0 l\u2019int\u00e9rieur des \u0153ufs des n\u00e9matodes. Elles les parasitent et causent leur mort.  USAGES ET DOSES RECOMMAND\u00c9S :     Cultures   Cible   Dose    Tomate Aubergine Concombre Courgette Fraise N\u00e9matodes 0,75 L\/ha    AVANTAGES :   BioAct DC est utilisable en agriculture biologique.  BioAct DC contr\u00f4le plusieurs esp\u00e8ces de n\u00e9matodes sur plusieurs cultures.  BioAct DC ne laisse pas de r\u00e9sidus dans le fruit. Il n\u2019y a pas besoin de respecter de d\u00e9lai avant r\u00e9colte (DAR).  BioAct DC ne provoque pas de phytotoxicit\u00e9.  RECOMMANDATIONS :   Sur les cultures maraich\u00e8res, il est recommand\u00e9 d&#039;appliquer BioAct DC en goutte \u00e0 goutte, entre 6 000 \u00e0 10 000 L de bouillie par ha.  Bien pr\u00e9parer la bouillie : verser directement BioAct DC dans la cuve \u00e0 moiti\u00e9 remplie, mettre le syst\u00e8me d&#039;agitation en marche, pour obtenir une bonne mise en suspension et compl\u00e9ter avec la quantit\u00e9 d&#039;eau n\u00e9cessaire en maintenant l&#039;agitation.  Il est pr\u00e9f\u00e9rable d&#039;appliquer BioAct DC seul.  Pour plus d\u2019efficacit\u00e9, BioAct DC doit entrer en contact direct avec les n\u00e9matodes, dans le profil du sol ou la rhizosph\u00e8re, juste apr\u00e8s l&#039;application.  Pour faciliter le contact de BioAct DC avec les n\u00e9matodes, il est recommand\u00e9 de :   Bien pr\u00e9parer le sol pour la plantation.  R\u00e9aliser une l\u00e9g\u00e8re pr\u00e9-irrigation pour humidifier le sol.  Irriguer apr\u00e8s l\u2019application pour faire p\u00e9n\u00e9trer le produit.    Ne pas stocker le produit plus de 24 mois dans un local o\u00f9 la temp\u00e9rature peut d\u00e9passer 20\u00b0C ou plus de 12 mois dans un local o\u00f9 la temp\u00e9rature peut d\u00e9passer 30\u00b0C.  &nbsp;\" \/>\n<meta property=\"og:url\" content=\"https:\/\/profert.dz\/fr\/index.php\/produit\/bioact-dc\/\" \/>\n<meta property=\"og:site_name\" content=\"Profert\" \/>\n<meta property=\"article:modified_time\" content=\"2025-02-18T08:51:17+00:00\" \/>\n<meta property=\"og:image\" content=\"https:\/\/profert.dz\/fr\/wp-content\/uploads\/2018\/04\/god17.jpg\" \/>\n\t<meta property=\"og:image:width\" content=\"1667\" \/>\n\t<meta property=\"og:image:height\" content=\"1539\" \/>\n\t<meta property=\"og:image:type\" content=\"image\/jpeg\" \/>\n<meta name=\"twitter:card\" content=\"summary_large_image\" \/>\n<meta name=\"twitter:label1\" content=\"Dur\u00e9e de lecture estim\u00e9e\" \/>\n\t<meta name=\"twitter:data1\" content=\"1 minute\" \/>\n<script type=\"application\/ld+json\" class=\"yoast-schema-graph\">{\"@context\":\"https:\/\/schema.org\",\"@graph\":[{\"@type\":\"WebPage\",\"@id\":\"https:\/\/profert.dz\/fr\/index.php\/produit\/bioact-dc\/\",\"url\":\"https:\/\/profert.dz\/fr\/index.php\/produit\/bioact-dc\/\",\"name\":\"BioAct DC\u00ae - Profert\",\"isPartOf\":{\"@id\":\"https:\/\/profert.dz\/fr\/#website\"},\"primaryImageOfPage\":{\"@id\":\"https:\/\/profert.dz\/fr\/index.php\/produit\/bioact-dc\/#primaryimage\"},\"image\":{\"@id\":\"https:\/\/profert.dz\/fr\/index.php\/produit\/bioact-dc\/#primaryimage\"},\"thumbnailUrl\":\"https:\/\/profert.dz\/fr\/wp-content\/uploads\/2018\/04\/god17.jpg\",\"datePublished\":\"2024-12-15T11:00:25+00:00\",\"dateModified\":\"2025-02-18T08:51:17+00:00\",\"breadcrumb\":{\"@id\":\"https:\/\/profert.dz\/fr\/index.php\/produit\/bioact-dc\/#breadcrumb\"},\"inLanguage\":\"fr-FR\",\"potentialAction\":[{\"@type\":\"ReadAction\",\"target\":[\"https:\/\/profert.dz\/fr\/index.php\/produit\/bioact-dc\/\"]}]},{\"@type\":\"ImageObject\",\"inLanguage\":\"fr-FR\",\"@id\":\"https:\/\/profert.dz\/fr\/index.php\/produit\/bioact-dc\/#primaryimage\",\"url\":\"https:\/\/profert.dz\/fr\/wp-content\/uploads\/2018\/04\/god17.jpg\",\"contentUrl\":\"https:\/\/profert.dz\/fr\/wp-content\/uploads\/2018\/04\/god17.jpg\",\"width\":1667,\"height\":1539},{\"@type\":\"BreadcrumbList\",\"@id\":\"https:\/\/profert.dz\/fr\/index.php\/produit\/bioact-dc\/#breadcrumb\",\"itemListElement\":[{\"@type\":\"ListItem\",\"position\":1,\"name\":\"Accueil\",\"item\":\"https:\/\/profert.dz\/fr\/\"},{\"@type\":\"ListItem\",\"position\":2,\"name\":\"Produits\",\"item\":\"https:\/\/profert.dz\/fr\/index.php\/boutique\/\"},{\"@type\":\"ListItem\",\"position\":3,\"name\":\"BioAct DC\u00ae\"}]},{\"@type\":\"WebSite\",\"@id\":\"https:\/\/profert.dz\/fr\/#website\",\"url\":\"https:\/\/profert.dz\/fr\/\",\"name\":\"Profert.dz\",\"description\":\"Agriculture Alg\u00e9rie\",\"potentialAction\":[{\"@type\":\"SearchAction\",\"target\":{\"@type\":\"EntryPoint\",\"urlTemplate\":\"https:\/\/profert.dz\/fr\/?s={search_term_string}\"},\"query-input\":{\"@type\":\"PropertyValueSpecification\",\"valueRequired\":true,\"valueName\":\"search_term_string\"}}],\"inLanguage\":\"fr-FR\"}]}<\/script>\n<!-- \/ Yoast SEO plugin. -->","yoast_head_json":{"title":"BioAct DC\u00ae - Profert","robots":{"index":"index","follow":"follow","max-snippet":"max-snippet:-1","max-image-preview":"max-image-preview:large","max-video-preview":"max-video-preview:-1"},"canonical":"https:\/\/profert.dz\/fr\/index.php\/produit\/bioact-dc\/","og_locale":"fr_FR","og_type":"article","og_title":"BioAct DC\u00ae - Profert","og_description":"Composition : Purpureocillium lilacinus souche 251. (synonyme : Paecilomyces lilacinus souche 251). Concentration : \u00a04,7x1010 spore viables\/g. Formulation : concentr\u00e9 dispersable (DC).  BioAct DC\u00a0est un n\u00e9maticide biologique \u00e0 base d'un champignon parasite des n\u00e9matodes phytopathog\u00e8nes. Il assure la lutte contre plusieurs esp\u00e8ces de n\u00e9matodes (Heterodera, Meloidogyne, Pratylenchus, Tylenchulus) sur plusieurs cultures (cultures maraich\u00e8res et arboriculture fruiti\u00e8re).  MODE D'ACTION :  BioAct DC\u00a0est actif sur les formes immobiles des n\u00e9matodes (\u0153ufs et premiers stades larvaires). Dans le sol et quand les conditions sont r\u00e9unies (humidit\u00e9 et temp\u00e9rature), les spores contenues dans BioAct DC germent et p\u00e9n\u00e8trent \u00e0 l\u2019int\u00e9rieur des \u0153ufs des n\u00e9matodes. Elles les parasitent et causent leur mort.  USAGES ET DOSES RECOMMAND\u00c9S :     Cultures   Cible   Dose    Tomate Aubergine Concombre Courgette Fraise N\u00e9matodes 0,75 L\/ha    AVANTAGES :   BioAct DC est utilisable en agriculture biologique.  BioAct DC contr\u00f4le plusieurs esp\u00e8ces de n\u00e9matodes sur plusieurs cultures.  BioAct DC ne laisse pas de r\u00e9sidus dans le fruit. Il n\u2019y a pas besoin de respecter de d\u00e9lai avant r\u00e9colte (DAR).  BioAct DC ne provoque pas de phytotoxicit\u00e9.  RECOMMANDATIONS :   Sur les cultures maraich\u00e8res, il est recommand\u00e9 d'appliquer BioAct DC en goutte \u00e0 goutte, entre 6 000 \u00e0 10 000 L de bouillie par ha.  Bien pr\u00e9parer la bouillie : verser directement BioAct DC dans la cuve \u00e0 moiti\u00e9 remplie, mettre le syst\u00e8me d'agitation en marche, pour obtenir une bonne mise en suspension et compl\u00e9ter avec la quantit\u00e9 d'eau n\u00e9cessaire en maintenant l'agitation.  Il est pr\u00e9f\u00e9rable d'appliquer BioAct DC seul.  Pour plus d\u2019efficacit\u00e9, BioAct DC doit entrer en contact direct avec les n\u00e9matodes, dans le profil du sol ou la rhizosph\u00e8re, juste apr\u00e8s l'application.  Pour faciliter le contact de BioAct DC avec les n\u00e9matodes, il est recommand\u00e9 de :   Bien pr\u00e9parer le sol pour la plantation.  R\u00e9aliser une l\u00e9g\u00e8re pr\u00e9-irrigation pour humidifier le sol.  Irriguer apr\u00e8s l\u2019application pour faire p\u00e9n\u00e9trer le produit.    Ne pas stocker le produit plus de 24 mois dans un local o\u00f9 la temp\u00e9rature peut d\u00e9passer 20\u00b0C ou plus de 12 mois dans un local o\u00f9 la temp\u00e9rature peut d\u00e9passer 30\u00b0C.  &nbsp;","og_url":"https:\/\/profert.dz\/fr\/index.php\/produit\/bioact-dc\/","og_site_name":"Profert","article_modified_time":"2025-02-18T08:51:17+00:00","og_image":[{"width":1667,"height":1539,"url":"https:\/\/profert.dz\/fr\/wp-content\/uploads\/2018\/04\/god17.jpg","type":"image\/jpeg"}],"twitter_card":"summary_large_image","twitter_misc":{"Dur\u00e9e de lecture estim\u00e9e":"1 minute"},"schema":{"@context":"https:\/\/schema.org","@graph":[{"@type":"WebPage","@id":"https:\/\/profert.dz\/fr\/index.php\/produit\/bioact-dc\/","url":"https:\/\/profert.dz\/fr\/index.php\/produit\/bioact-dc\/","name":"BioAct DC\u00ae - Profert","isPartOf":{"@id":"https:\/\/profert.dz\/fr\/#website"},"primaryImageOfPage":{"@id":"https:\/\/profert.dz\/fr\/index.php\/produit\/bioact-dc\/#primaryimage"},"image":{"@id":"https:\/\/profert.dz\/fr\/index.php\/produit\/bioact-dc\/#primaryimage"},"thumbnailUrl":"https:\/\/profert.dz\/fr\/wp-content\/uploads\/2018\/04\/god17.jpg","datePublished":"2024-12-15T11:00:25+00:00","dateModified":"2025-02-18T08:51:17+00:00","breadcrumb":{"@id":"https:\/\/profert.dz\/fr\/index.php\/produit\/bioact-dc\/#breadcrumb"},"inLanguage":"fr-FR","potentialAction":[{"@type":"ReadAction","target":["https:\/\/profert.dz\/fr\/index.php\/produit\/bioact-dc\/"]}]},{"@type":"ImageObject","inLanguage":"fr-FR","@id":"https:\/\/profert.dz\/fr\/index.php\/produit\/bioact-dc\/#primaryimage","url":"https:\/\/profert.dz\/fr\/wp-content\/uploads\/2018\/04\/god17.jpg","contentUrl":"https:\/\/profert.dz\/fr\/wp-content\/uploads\/2018\/04\/god17.jpg","width":1667,"height":1539},{"@type":"BreadcrumbList","@id":"https:\/\/profert.dz\/fr\/index.php\/produit\/bioact-dc\/#breadcrumb","itemListElement":[{"@type":"ListItem","position":1,"name":"Accueil","item":"https:\/\/profert.dz\/fr\/"},{"@type":"ListItem","position":2,"name":"Produits","item":"https:\/\/profert.dz\/fr\/index.php\/boutique\/"},{"@type":"ListItem","position":3,"name":"BioAct DC\u00ae"}]},{"@type":"WebSite","@id":"https:\/\/profert.dz\/fr\/#website","url":"https:\/\/profert.dz\/fr\/","name":"Profert.dz","description":"Agriculture Alg\u00e9rie","potentialAction":[{"@type":"SearchAction","target":{"@type":"EntryPoint","urlTemplate":"https:\/\/profert.dz\/fr\/?s={search_term_string}"},"query-input":{"@type":"PropertyValueSpecification","valueRequired":true,"valueName":"search_term_string"}}],"inLanguage":"fr-FR"}]}},"_links":{"self":[{"href":"https:\/\/profert.dz\/fr\/index.php\/wp-json\/wp\/v2\/product\/30994"}],"collection":[{"href":"https:\/\/profert.dz\/fr\/index.php\/wp-json\/wp\/v2\/product"}],"about":[{"href":"https:\/\/profert.dz\/fr\/index.php\/wp-json\/wp\/v2\/types\/product"}],"wp:featuredmedia":[{"embeddable":true,"href":"https:\/\/profert.dz\/fr\/index.php\/wp-json\/wp\/v2\/media\/31373"}],"wp:attachment":[{"href":"https:\/\/profert.dz\/fr\/index.php\/wp-json\/wp\/v2\/media?parent=30994"}],"wp:term":[{"taxonomy":"product_brand","embeddable":true,"href":"https:\/\/profert.dz\/fr\/index.php\/wp-json\/wp\/v2\/product_brand?post=30994"},{"taxonomy":"product_cat","embeddable":true,"href":"https:\/\/profert.dz\/fr\/index.php\/wp-json\/wp\/v2\/product_cat?post=30994"},{"taxonomy":"product_tag","embeddable":true,"href":"https:\/\/profert.dz\/fr\/index.php\/wp-json\/wp\/v2\/product_tag?post=30994"}],"curies":[{"name":"wp","href":"https:\/\/api.w.org\/{rel}","templated":true}]}}