{"id":30675,"date":"2024-11-03T20:28:14","date_gmt":"2024-11-03T19:28:14","guid":{"rendered":"https:\/\/profert.dz\/fr\/?post_type=product&#038;p=30675"},"modified":"2025-02-18T09:58:21","modified_gmt":"2025-02-18T08:58:21","slug":"afaio-elite","status":"publish","type":"product","link":"https:\/\/profert.dz\/fr\/index.php\/produit\/afaio-elite\/","title":{"rendered":"AFAIO ELITE<sup>\u00ae<\/sup>"},"content":{"rendered":"","protected":false},"excerpt":{"rendered":"<p><strong>Cat\u00e9gorie : <\/strong>Huile blanche min\u00e9rale<br \/>\n<strong>Composition : <\/strong>Huile parafinique.<br \/>\n<strong>Concentration : <\/strong>821 g\/L.<br \/>\n<strong>Formulation :<\/strong> Concentr\u00e9 \u00e9mulsionnable (EC).<\/p>\n<p><strong>AFAIO ELITE<sup>\u00ae<\/sup><\/strong> est une huile blanche min\u00e9rale de tr\u00e8s haut niveau de puret\u00e9, vierge et non recycl\u00e9e, efficace contre les insectes (cochenilles, pucerons, mouches blanches, thrips, psylle et mineuse) et les acariens. Il est utilis\u00e9 en traitement d&rsquo;hiver dans l\u2019arboriculture fruiti\u00e8re.<\/p>\n<p><strong>MODE D\u2019ACTION <\/strong><strong>:<\/strong><br \/>\n<strong>AFAIO ELITE<sup>\u00ae <\/sup><\/strong>inhibe la respiration des \u0153ufs, des larves et des stades adultes des ravageurs.<br \/>\n<strong>AFAIO ELITE<sup>\u00ae<\/sup><\/strong> provoque la mort des insectes et des acariens par dessiccation.<br \/>\n<strong>AFAIO ELITE<sup>\u00ae<\/sup><\/strong> perturbe le comportement alimentaire et la ponte des mineuses, des thrips, des aleurodes et des acariens, r\u00e9duisant ainsi la densit\u00e9 de leur population.<br \/>\n<strong>AFAIO ELITE<sup>\u00ae<\/sup><\/strong> agit sur les formes de conservation des champignons, par suffocation, en limitant la respiration, et en perturbant l\u2019installation du pathog\u00e8ne sur la plante h\u00f4te.<\/p>\n<p><strong>USAGES ET DOSES RECOMMAND\u00c9S : <\/strong><\/p>\n<table style=\"height: 200px; width: 100.1%; border-collapse: collapse; margin-bottom: 20px;\" border=\"1\" cellpadding=\"5\">\n<tbody>\n<tr>\n<td style=\"width: 11.6466%; vertical-align: middle;\">\n<h3><span style=\"font-size: 12pt;\"><strong>Cultures<\/strong><\/span><\/h3>\n<\/td>\n<td style=\"width: 13.5933%; vertical-align: middle;\">\n<h3><span style=\"font-size: 12pt;\"><strong>Cibles<\/strong><\/span><\/h3>\n<\/td>\n<td style=\"width: 15.0212%; vertical-align: middle;\">\n<h3><span style=\"font-size: 12pt;\"><strong>Doses<\/strong><\/span><\/h3>\n<\/td>\n<\/tr>\n<tr>\n<td style=\"width: 11.6466%; vertical-align: middle;\">Aubergine<\/td>\n<td style=\"width: 13.5933%; vertical-align: middle;\">Mouche blanche<\/td>\n<td style=\"width: 15.0212%; vertical-align: middle;\">0.5 &#8211; 1 L\/hl<\/td>\n<\/tr>\n<tr>\n<td style=\"width: 11.6466%; vertical-align: middle;\">Agrumes<\/td>\n<td style=\"width: 13.5933%; vertical-align: middle;\">Cochenilles &#8211; Mineuse &#8211; Pucerons<\/td>\n<td style=\"width: 15.0212%; vertical-align: middle;\">0,5 &#8211; 2 L\/hl<\/td>\n<\/tr>\n<\/tbody>\n<\/table>\n<p><strong>AVANTAGES :<\/strong><\/p>\n<ul>\n<li><strong>AFAIO ELITE<sup>\u00ae<\/sup><\/strong> est caract\u00e9ris\u00e9 par un large spectre d&rsquo;action, bio-insecticide, bio-acaricide et bio-fongicide.<\/li>\n<li><strong>AFAIO ELITE<sup>\u00ae<\/sup><\/strong> contient des teneurs \u00e9lev\u00e9es en compos\u00e9s paraffiniques, qui lui conf\u00e8rent un haut niveau d\u2019efficacit\u00e9 et une haute s\u00e9lectivit\u00e9 vis-\u00e0-vis des cultures.<\/li>\n<li><strong>AFAIO ELITE<sup>\u00ae<\/sup><\/strong> peut \u00eatre utilis\u00e9 aussi bien en hiver qu\u2019en \u00e9t\u00e9.<\/li>\n<li><strong>AFAIO ELITE<sup>\u00ae<\/sup><\/strong> a une bonne stabilit\u00e9 aux UV et une bonne solubilit\u00e9 dans l\u2019eau.<\/li>\n<li><strong>AFAIO ELITE<sup>\u00ae<\/sup><\/strong> a un poids mol\u00e9culaire optimum (C24), ce qui permet une bonne efficacit\u00e9 et une excellente persistance.<\/li>\n<li><strong>AFAIO ELITE<sup>\u00ae<\/sup><\/strong> a une faible tension superficielle, qui assure une r\u00e9partition optimale de la bouillie sur le v\u00e9g\u00e9tal, un avantage dont peuvent b\u00e9n\u00e9ficier les produits associ\u00e9s avec <strong>AFAIO ELITE<sup>\u00ae<\/sup><\/strong>.<\/li>\n<li><strong>AFAIO ELITE<sup>\u00ae<\/sup><\/strong> a peu de risque de d\u00e9velopper la r\u00e9sistance.<\/li>\n<li><strong>AFAIO ELITE<sup>\u00ae<\/sup><\/strong> est biod\u00e9gradable.<\/li>\n<li><strong>AFAIO ELITE<sup>\u00ae<\/sup><\/strong> est utilisable en agriculture biologique.<\/li>\n<\/ul>\n<p><strong>RECOMMANDATIONS :<\/strong><\/p>\n<ul>\n<li>La dose d\u2019application d<strong>AFAIO ELITE<sup>\u00ae<\/sup><\/strong> est fonction de la densit\u00e9 de population ou du niveau d\u2019infestation.<\/li>\n<li><strong>AFAIO ELITE<sup>\u00ae<\/sup><\/strong> peut s\u2019utiliser seul ou en m\u00e9lange avec d\u2019autres insecticides, acaricides et fongicides qui b\u00e9n\u00e9ficieront de ses propri\u00e9t\u00e9s adjuvantes, notamment la r\u00e9tention et l\u2019\u00e9talement.<\/li>\n<li>Il faut \u00e9viter d\u2019utiliser <strong>AFAIO ELITE<sup>\u00ae<\/sup><\/strong> sur les cultures stress\u00e9es.<\/li>\n<li>Il est recommand\u00e9 de ne pas d\u00e9passer la concentration maximale de 300 ml\/hl pour r\u00e9aliser une application de bas volume.<\/li>\n<li>Il est recommand\u00e9 d\u2019attendre un minimum de 2 semaines entre deux applications.<\/li>\n<\/ul>\n[wpdm_package id='30677']\n","protected":false},"featured_media":31240,"template":"","meta":[],"product_brand":[],"product_cat":[235,88],"product_tag":[],"class_list":{"0":"post-30675","1":"product","2":"type-product","3":"status-publish","4":"has-post-thumbnail","6":"product_cat-bio-insecticides-acaricides","7":"product_cat-insecticides-00","9":"first","10":"instock","11":"shipping-taxable","12":"product-type-simple"},"yoast_head":"<!-- This site is optimized with the Yoast SEO plugin v25.6 - https:\/\/yoast.com\/wordpress\/plugins\/seo\/ -->\n<title>AFAIO ELITE\u00ae - Profert<\/title>\n<meta name=\"robots\" content=\"index, follow, max-snippet:-1, max-image-preview:large, max-video-preview:-1\" \/>\n<link rel=\"canonical\" href=\"https:\/\/profert.dz\/fr\/index.php\/produit\/afaio-elite\/\" \/>\n<meta property=\"og:locale\" content=\"fr_FR\" \/>\n<meta property=\"og:type\" content=\"article\" \/>\n<meta property=\"og:title\" content=\"AFAIO ELITE\u00ae - Profert\" \/>\n<meta property=\"og:description\" content=\"Cat\u00e9gorie : Huile blanche min\u00e9rale Composition : Huile parafinique. Concentration : 821 g\/L. Formulation : Concentr\u00e9 \u00e9mulsionnable (EC).  AFAIO ELITE\u00ae est une huile blanche min\u00e9rale de tr\u00e8s haut niveau de puret\u00e9, vierge et non recycl\u00e9e, efficace contre les insectes (cochenilles, pucerons, mouches blanches, thrips, psylle et mineuse) et les acariens. Il est utilis\u00e9 en traitement d&#039;hiver dans l\u2019arboriculture fruiti\u00e8re.  MODE D\u2019ACTION : AFAIO ELITE\u00ae inhibe la respiration des \u0153ufs, des larves et des stades adultes des ravageurs. AFAIO ELITE\u00ae provoque la mort des insectes et des acariens par dessiccation. AFAIO ELITE\u00ae perturbe le comportement alimentaire et la ponte des mineuses, des thrips, des aleurodes et des acariens, r\u00e9duisant ainsi la densit\u00e9 de leur population. AFAIO ELITE\u00ae agit sur les formes de conservation des champignons, par suffocation, en limitant la respiration, et en perturbant l\u2019installation du pathog\u00e8ne sur la plante h\u00f4te.  USAGES ET DOSES RECOMMAND\u00c9S :      Cultures   Cibles   Doses    Aubergine Mouche blanche 0.5 - 1 L\/hl   Agrumes Cochenilles - Mineuse - Pucerons 0,5 - 2 L\/hl    AVANTAGES :   AFAIO ELITE\u00ae est caract\u00e9ris\u00e9 par un large spectre d&#039;action, bio-insecticide, bio-acaricide et bio-fongicide.  AFAIO ELITE\u00ae contient des teneurs \u00e9lev\u00e9es en compos\u00e9s paraffiniques, qui lui conf\u00e8rent un haut niveau d\u2019efficacit\u00e9 et une haute s\u00e9lectivit\u00e9 vis-\u00e0-vis des cultures.  AFAIO ELITE\u00ae peut \u00eatre utilis\u00e9 aussi bien en hiver qu\u2019en \u00e9t\u00e9.  AFAIO ELITE\u00ae a une bonne stabilit\u00e9 aux UV et une bonne solubilit\u00e9 dans l\u2019eau.  AFAIO ELITE\u00ae a un poids mol\u00e9culaire optimum (C24), ce qui permet une bonne efficacit\u00e9 et une excellente persistance.  AFAIO ELITE\u00ae a une faible tension superficielle, qui assure une r\u00e9partition optimale de la bouillie sur le v\u00e9g\u00e9tal, un avantage dont peuvent b\u00e9n\u00e9ficier les produits associ\u00e9s avec AFAIO ELITE\u00ae.  AFAIO ELITE\u00ae a peu de risque de d\u00e9velopper la r\u00e9sistance.  AFAIO ELITE\u00ae est biod\u00e9gradable.  AFAIO ELITE\u00ae est utilisable en agriculture biologique.  RECOMMANDATIONS :   La dose d\u2019application dAFAIO ELITE\u00ae est fonction de la densit\u00e9 de population ou du niveau d\u2019infestation.  AFAIO ELITE\u00ae peut s\u2019utiliser seul ou en m\u00e9lange avec d\u2019autres insecticides, acaricides et fongicides qui b\u00e9n\u00e9ficieront de ses propri\u00e9t\u00e9s adjuvantes, notamment la r\u00e9tention et l\u2019\u00e9talement.  Il faut \u00e9viter d\u2019utiliser AFAIO ELITE\u00ae sur les cultures stress\u00e9es.  Il est recommand\u00e9 de ne pas d\u00e9passer la concentration maximale de 300 ml\/hl pour r\u00e9aliser une application de bas volume.  Il est recommand\u00e9 d\u2019attendre un minimum de 2 semaines entre deux applications.\" \/>\n<meta property=\"og:url\" content=\"https:\/\/profert.dz\/fr\/index.php\/produit\/afaio-elite\/\" \/>\n<meta property=\"og:site_name\" content=\"Profert\" \/>\n<meta property=\"article:modified_time\" content=\"2025-02-18T08:58:21+00:00\" \/>\n<meta property=\"og:image\" content=\"https:\/\/profert.dz\/fr\/wp-content\/uploads\/2024\/11\/god12.jpg\" \/>\n\t<meta property=\"og:image:width\" content=\"1667\" \/>\n\t<meta property=\"og:image:height\" content=\"1539\" \/>\n\t<meta property=\"og:image:type\" content=\"image\/jpeg\" \/>\n<meta name=\"twitter:card\" content=\"summary_large_image\" \/>\n<meta name=\"twitter:label1\" content=\"Dur\u00e9e de lecture estim\u00e9e\" \/>\n\t<meta name=\"twitter:data1\" content=\"1 minute\" \/>\n<script type=\"application\/ld+json\" class=\"yoast-schema-graph\">{\"@context\":\"https:\/\/schema.org\",\"@graph\":[{\"@type\":\"WebPage\",\"@id\":\"https:\/\/profert.dz\/fr\/index.php\/produit\/afaio-elite\/\",\"url\":\"https:\/\/profert.dz\/fr\/index.php\/produit\/afaio-elite\/\",\"name\":\"AFAIO ELITE\u00ae - Profert\",\"isPartOf\":{\"@id\":\"https:\/\/profert.dz\/fr\/#website\"},\"primaryImageOfPage\":{\"@id\":\"https:\/\/profert.dz\/fr\/index.php\/produit\/afaio-elite\/#primaryimage\"},\"image\":{\"@id\":\"https:\/\/profert.dz\/fr\/index.php\/produit\/afaio-elite\/#primaryimage\"},\"thumbnailUrl\":\"https:\/\/profert.dz\/fr\/wp-content\/uploads\/2024\/11\/god12.jpg\",\"datePublished\":\"2024-11-03T19:28:14+00:00\",\"dateModified\":\"2025-02-18T08:58:21+00:00\",\"breadcrumb\":{\"@id\":\"https:\/\/profert.dz\/fr\/index.php\/produit\/afaio-elite\/#breadcrumb\"},\"inLanguage\":\"fr-FR\",\"potentialAction\":[{\"@type\":\"ReadAction\",\"target\":[\"https:\/\/profert.dz\/fr\/index.php\/produit\/afaio-elite\/\"]}]},{\"@type\":\"ImageObject\",\"inLanguage\":\"fr-FR\",\"@id\":\"https:\/\/profert.dz\/fr\/index.php\/produit\/afaio-elite\/#primaryimage\",\"url\":\"https:\/\/profert.dz\/fr\/wp-content\/uploads\/2024\/11\/god12.jpg\",\"contentUrl\":\"https:\/\/profert.dz\/fr\/wp-content\/uploads\/2024\/11\/god12.jpg\",\"width\":1667,\"height\":1539},{\"@type\":\"BreadcrumbList\",\"@id\":\"https:\/\/profert.dz\/fr\/index.php\/produit\/afaio-elite\/#breadcrumb\",\"itemListElement\":[{\"@type\":\"ListItem\",\"position\":1,\"name\":\"Accueil\",\"item\":\"https:\/\/profert.dz\/fr\/\"},{\"@type\":\"ListItem\",\"position\":2,\"name\":\"Produits\",\"item\":\"https:\/\/profert.dz\/fr\/index.php\/boutique\/\"},{\"@type\":\"ListItem\",\"position\":3,\"name\":\"AFAIO ELITE\u00ae\"}]},{\"@type\":\"WebSite\",\"@id\":\"https:\/\/profert.dz\/fr\/#website\",\"url\":\"https:\/\/profert.dz\/fr\/\",\"name\":\"Profert.dz\",\"description\":\"Agriculture Alg\u00e9rie\",\"potentialAction\":[{\"@type\":\"SearchAction\",\"target\":{\"@type\":\"EntryPoint\",\"urlTemplate\":\"https:\/\/profert.dz\/fr\/?s={search_term_string}\"},\"query-input\":{\"@type\":\"PropertyValueSpecification\",\"valueRequired\":true,\"valueName\":\"search_term_string\"}}],\"inLanguage\":\"fr-FR\"}]}<\/script>\n<!-- \/ Yoast SEO plugin. -->","yoast_head_json":{"title":"AFAIO ELITE\u00ae - Profert","robots":{"index":"index","follow":"follow","max-snippet":"max-snippet:-1","max-image-preview":"max-image-preview:large","max-video-preview":"max-video-preview:-1"},"canonical":"https:\/\/profert.dz\/fr\/index.php\/produit\/afaio-elite\/","og_locale":"fr_FR","og_type":"article","og_title":"AFAIO ELITE\u00ae - Profert","og_description":"Cat\u00e9gorie : Huile blanche min\u00e9rale Composition : Huile parafinique. Concentration : 821 g\/L. Formulation : Concentr\u00e9 \u00e9mulsionnable (EC).  AFAIO ELITE\u00ae est une huile blanche min\u00e9rale de tr\u00e8s haut niveau de puret\u00e9, vierge et non recycl\u00e9e, efficace contre les insectes (cochenilles, pucerons, mouches blanches, thrips, psylle et mineuse) et les acariens. Il est utilis\u00e9 en traitement d'hiver dans l\u2019arboriculture fruiti\u00e8re.  MODE D\u2019ACTION : AFAIO ELITE\u00ae inhibe la respiration des \u0153ufs, des larves et des stades adultes des ravageurs. AFAIO ELITE\u00ae provoque la mort des insectes et des acariens par dessiccation. AFAIO ELITE\u00ae perturbe le comportement alimentaire et la ponte des mineuses, des thrips, des aleurodes et des acariens, r\u00e9duisant ainsi la densit\u00e9 de leur population. AFAIO ELITE\u00ae agit sur les formes de conservation des champignons, par suffocation, en limitant la respiration, et en perturbant l\u2019installation du pathog\u00e8ne sur la plante h\u00f4te.  USAGES ET DOSES RECOMMAND\u00c9S :      Cultures   Cibles   Doses    Aubergine Mouche blanche 0.5 - 1 L\/hl   Agrumes Cochenilles - Mineuse - Pucerons 0,5 - 2 L\/hl    AVANTAGES :   AFAIO ELITE\u00ae est caract\u00e9ris\u00e9 par un large spectre d'action, bio-insecticide, bio-acaricide et bio-fongicide.  AFAIO ELITE\u00ae contient des teneurs \u00e9lev\u00e9es en compos\u00e9s paraffiniques, qui lui conf\u00e8rent un haut niveau d\u2019efficacit\u00e9 et une haute s\u00e9lectivit\u00e9 vis-\u00e0-vis des cultures.  AFAIO ELITE\u00ae peut \u00eatre utilis\u00e9 aussi bien en hiver qu\u2019en \u00e9t\u00e9.  AFAIO ELITE\u00ae a une bonne stabilit\u00e9 aux UV et une bonne solubilit\u00e9 dans l\u2019eau.  AFAIO ELITE\u00ae a un poids mol\u00e9culaire optimum (C24), ce qui permet une bonne efficacit\u00e9 et une excellente persistance.  AFAIO ELITE\u00ae a une faible tension superficielle, qui assure une r\u00e9partition optimale de la bouillie sur le v\u00e9g\u00e9tal, un avantage dont peuvent b\u00e9n\u00e9ficier les produits associ\u00e9s avec AFAIO ELITE\u00ae.  AFAIO ELITE\u00ae a peu de risque de d\u00e9velopper la r\u00e9sistance.  AFAIO ELITE\u00ae est biod\u00e9gradable.  AFAIO ELITE\u00ae est utilisable en agriculture biologique.  RECOMMANDATIONS :   La dose d\u2019application dAFAIO ELITE\u00ae est fonction de la densit\u00e9 de population ou du niveau d\u2019infestation.  AFAIO ELITE\u00ae peut s\u2019utiliser seul ou en m\u00e9lange avec d\u2019autres insecticides, acaricides et fongicides qui b\u00e9n\u00e9ficieront de ses propri\u00e9t\u00e9s adjuvantes, notamment la r\u00e9tention et l\u2019\u00e9talement.  Il faut \u00e9viter d\u2019utiliser AFAIO ELITE\u00ae sur les cultures stress\u00e9es.  Il est recommand\u00e9 de ne pas d\u00e9passer la concentration maximale de 300 ml\/hl pour r\u00e9aliser une application de bas volume.  Il est recommand\u00e9 d\u2019attendre un minimum de 2 semaines entre deux applications.","og_url":"https:\/\/profert.dz\/fr\/index.php\/produit\/afaio-elite\/","og_site_name":"Profert","article_modified_time":"2025-02-18T08:58:21+00:00","og_image":[{"width":1667,"height":1539,"url":"https:\/\/profert.dz\/fr\/wp-content\/uploads\/2024\/11\/god12.jpg","type":"image\/jpeg"}],"twitter_card":"summary_large_image","twitter_misc":{"Dur\u00e9e de lecture estim\u00e9e":"1 minute"},"schema":{"@context":"https:\/\/schema.org","@graph":[{"@type":"WebPage","@id":"https:\/\/profert.dz\/fr\/index.php\/produit\/afaio-elite\/","url":"https:\/\/profert.dz\/fr\/index.php\/produit\/afaio-elite\/","name":"AFAIO ELITE\u00ae - Profert","isPartOf":{"@id":"https:\/\/profert.dz\/fr\/#website"},"primaryImageOfPage":{"@id":"https:\/\/profert.dz\/fr\/index.php\/produit\/afaio-elite\/#primaryimage"},"image":{"@id":"https:\/\/profert.dz\/fr\/index.php\/produit\/afaio-elite\/#primaryimage"},"thumbnailUrl":"https:\/\/profert.dz\/fr\/wp-content\/uploads\/2024\/11\/god12.jpg","datePublished":"2024-11-03T19:28:14+00:00","dateModified":"2025-02-18T08:58:21+00:00","breadcrumb":{"@id":"https:\/\/profert.dz\/fr\/index.php\/produit\/afaio-elite\/#breadcrumb"},"inLanguage":"fr-FR","potentialAction":[{"@type":"ReadAction","target":["https:\/\/profert.dz\/fr\/index.php\/produit\/afaio-elite\/"]}]},{"@type":"ImageObject","inLanguage":"fr-FR","@id":"https:\/\/profert.dz\/fr\/index.php\/produit\/afaio-elite\/#primaryimage","url":"https:\/\/profert.dz\/fr\/wp-content\/uploads\/2024\/11\/god12.jpg","contentUrl":"https:\/\/profert.dz\/fr\/wp-content\/uploads\/2024\/11\/god12.jpg","width":1667,"height":1539},{"@type":"BreadcrumbList","@id":"https:\/\/profert.dz\/fr\/index.php\/produit\/afaio-elite\/#breadcrumb","itemListElement":[{"@type":"ListItem","position":1,"name":"Accueil","item":"https:\/\/profert.dz\/fr\/"},{"@type":"ListItem","position":2,"name":"Produits","item":"https:\/\/profert.dz\/fr\/index.php\/boutique\/"},{"@type":"ListItem","position":3,"name":"AFAIO ELITE\u00ae"}]},{"@type":"WebSite","@id":"https:\/\/profert.dz\/fr\/#website","url":"https:\/\/profert.dz\/fr\/","name":"Profert.dz","description":"Agriculture Alg\u00e9rie","potentialAction":[{"@type":"SearchAction","target":{"@type":"EntryPoint","urlTemplate":"https:\/\/profert.dz\/fr\/?s={search_term_string}"},"query-input":{"@type":"PropertyValueSpecification","valueRequired":true,"valueName":"search_term_string"}}],"inLanguage":"fr-FR"}]}},"_links":{"self":[{"href":"https:\/\/profert.dz\/fr\/index.php\/wp-json\/wp\/v2\/product\/30675"}],"collection":[{"href":"https:\/\/profert.dz\/fr\/index.php\/wp-json\/wp\/v2\/product"}],"about":[{"href":"https:\/\/profert.dz\/fr\/index.php\/wp-json\/wp\/v2\/types\/product"}],"wp:featuredmedia":[{"embeddable":true,"href":"https:\/\/profert.dz\/fr\/index.php\/wp-json\/wp\/v2\/media\/31240"}],"wp:attachment":[{"href":"https:\/\/profert.dz\/fr\/index.php\/wp-json\/wp\/v2\/media?parent=30675"}],"wp:term":[{"taxonomy":"product_brand","embeddable":true,"href":"https:\/\/profert.dz\/fr\/index.php\/wp-json\/wp\/v2\/product_brand?post=30675"},{"taxonomy":"product_cat","embeddable":true,"href":"https:\/\/profert.dz\/fr\/index.php\/wp-json\/wp\/v2\/product_cat?post=30675"},{"taxonomy":"product_tag","embeddable":true,"href":"https:\/\/profert.dz\/fr\/index.php\/wp-json\/wp\/v2\/product_tag?post=30675"}],"curies":[{"name":"wp","href":"https:\/\/api.w.org\/{rel}","templated":true}]}}