{"id":30317,"date":"2024-09-02T16:37:01","date_gmt":"2024-09-02T14:37:01","guid":{"rendered":"https:\/\/profert.dz\/fr\/?post_type=product&#038;p=30317"},"modified":"2025-02-18T09:58:58","modified_gmt":"2025-02-18T08:58:58","slug":"nori-pro-copie","status":"publish","type":"product","link":"https:\/\/profert.dz\/fr\/index.php\/produit\/nori-pro-copie\/","title":{"rendered":"Nori Pro<sup>\u00ae<\/sup>"},"content":{"rendered":"","protected":false},"excerpt":{"rendered":"<p><strong>Cat\u00e9gorie :<\/strong> Extrait min\u00e9ral.<br \/>\n<strong>Composition :<\/strong> Spectre vari\u00e9 de polym\u00e8res.<br \/>\n<strong>Formulation :<\/strong> Emulsion concentr\u00e9e (EC).<\/p>\n<p><strong>Nori Pro<sup>\u00ae <\/sup><\/strong>est un insecticide acaricide \u00e0 z\u00e9ro r\u00e9sidus, efficace contre les diff\u00e9rents stades d\u2019un large spectre de ravageurs piqueurs-suceurs (pucerons, psylles, aleurodes, acariens et cochenilles), sur plusieurs cultures.<\/p>\n<p><strong>MODE D\u2019ACTION :<\/strong><br \/>\n<strong>Nori Pro<sup>\u00ae<\/sup><\/strong> est compos\u00e9 de polym\u00e8res silicon\u00e9s, il implique une action physique innovante sur les diff\u00e9rents stades des ravageurs ; les polym\u00e8res silicon\u00e9s recouvrent les insectes et les acariens nuisibles et cr\u00e9ent une structure sp\u00e9cifique en forme de filet. Cette structure immobilise le ravageur et bloque son activit\u00e9, ce qui permet de l&rsquo;\u00e9liminer tr\u00e8s rapidement.<\/p>\n<p><strong>USAGES ET DOSES RECOMMAND\u00c9S :<\/strong><\/p>\n<table style=\"border-collapse: collapse;\" border=\"1\">\n<thead>\n<tr>\n<th>Cultures<\/th>\n<th style=\"height: 50px;\">Cibles<\/th>\n<th>Doses<\/th>\n<\/tr>\n<\/thead>\n<tbody><!-- Premi\u00e8re ligne --><\/p>\n<tr>\n<td style=\"width: 11.6466%; height: 96px; text-align: center; vertical-align: middle;\" rowspan=\"2\">Pommier<\/td>\n<td style=\"width: 11.6466%; height: 50px; text-align: center; vertical-align: middle;\">Pucerons cendr\u00e9s<\/td>\n<td style=\"width: 11.6466%; height: 96px; text-align: center; vertical-align: middle;\">0,15 l\/hl<\/td>\n<\/tr>\n<tr>\n<td style=\"width: 11.6466%; height: 96px; text-align: center; vertical-align: middle;\">Acariens<\/td>\n<td style=\"width: 11.6466%; height: 96px; text-align: center; vertical-align: middle;\">0,15 l\/hl<\/td>\n<\/tr>\n<p><!-- Deuxi\u00e8me ligne --><\/p>\n<tr>\n<td style=\"width: 11.6466%; height: 96px; text-align: center; vertical-align: middle;\">Poirier<\/td>\n<td style=\"width: 11.6466%; height: 96px; text-align: center; vertical-align: middle;\">Psylles<\/td>\n<td style=\"width: 11.6466%; height: 96px; text-align: center; vertical-align: middle;\">0,15 l\/hl<\/td>\n<\/tr>\n<p><!-- Troisi\u00e8me ligne --><\/p>\n<tr>\n<td style=\"width: 11.6466%; height: 96px; text-align: center; vertical-align: middle;\" rowspan=\"3\">Cucurbitac\u00e9es*<\/td>\n<td style=\"width: 11.6466%; height: 96px; text-align: center; vertical-align: middle;\">Aleurodes<\/td>\n<td style=\"width: 11.6466%; height: 96px; text-align: center; vertical-align: middle;\">0,1 l\/hl<\/td>\n<\/tr>\n<tr>\n<td style=\"width: 11.6466%; height: 96px; text-align: center; vertical-align: middle;\">Pucerons<\/td>\n<td style=\"width: 11.6466%; height: 96px; text-align: center; vertical-align: middle;\">0,15 l\/hl<\/td>\n<\/tr>\n<tr>\n<td style=\"width: 11.6466%; height: 96px; text-align: center; vertical-align: middle;\">Acariens<\/td>\n<td style=\"width: 11.6466%; height: 96px; text-align: center; vertical-align: middle;\">0,07 l\/hl<\/td>\n<\/tr>\n<tr>\n<td style=\"width: 11.6466%; height: 96px; text-align: center; vertical-align: middle;\" rowspan=\"3\">Cucurbitac\u00e9es &#8211; Choux &#8211; Tomate &#8211; Poivron &#8211; Aubergine<\/td>\n<td style=\"width: 11.6466%; height: 96px; text-align: center; vertical-align: middle;\">Aleurodes<\/td>\n<td style=\"width: 11.6466%; height: 96px; text-align: center; vertical-align: middle;\">0,1 l\/hl<\/td>\n<\/tr>\n<tr>\n<td style=\"width: 11.6466%; height: 96px; text-align: center; vertical-align: middle;\">Pucerons<\/td>\n<td style=\"width: 11.6466%; height: 96px; text-align: center; vertical-align: middle;\">0,15 l\/hl<\/td>\n<\/tr>\n<tr>\n<td style=\"width: 11.6466%; height: 96px; text-align: center; vertical-align: middle;\">Acariens<\/td>\n<td style=\"width: 11.6466%; height: 96px; text-align: center; vertical-align: middle;\">0,07 l\/hl<\/td>\n<\/tr>\n<p><!-- Quatri\u00e8me ligne --><\/p>\n<tr>\n<td style=\"width: 11.6466%; height: 96px; text-align: center; vertical-align: middle;\" rowspan=\"2\">Tomate &#8211; Poivron &#8211; Aubergine<\/td>\n<td style=\"width: 11.6466%; height: 96px; text-align: center; vertical-align: middle;\">Cochenille<\/td>\n<td style=\"width: 11.6466%; height: 96px; text-align: center; vertical-align: middle;\">0,07 l\/hl<\/td>\n<\/tr>\n<tr><!-- Cinqui\u00e8me ligne --><\/tr>\n<tr>\n<td style=\"width: 11.6466%; height: 96px; text-align: center; vertical-align: middle;\">Fraise<\/td>\n<td style=\"width: 11.6466%; height: 96px; text-align: center; vertical-align: middle;\">Pucerons<\/td>\n<td style=\"width: 11.6466%; height: 96px; text-align: center; vertical-align: middle;\">0,15 l\/hl<\/td>\n<\/tr>\n<p><!-- Sixi\u00e8me ligne --><\/p>\n<tr>\n<td style=\"width: 11.6466%; height: 96px; text-align: center; vertical-align: middle;\">Vigne<\/td>\n<td style=\"width: 11.6466%; height: 96px; text-align: center; vertical-align: middle;\">Acariens<\/td>\n<td style=\"width: 11.6466%; height: 96px; text-align: center; vertical-align: middle;\">0,15 l\/hl<\/td>\n<\/tr>\n<p><!-- Septi\u00e8me ligne --><\/p>\n<tr>\n<td style=\"width: 11.6466%; height: 96px; text-align: center; vertical-align: middle;\">Noisetiers<\/td>\n<td style=\"width: 11.6466%; height: 96px; text-align: center; vertical-align: middle;\">Acariens<\/td>\n<td style=\"width: 11.6466%; height: 96px; text-align: center; vertical-align: middle;\">0,15 l\/hl<\/td>\n<\/tr>\n<p><!-- Huiti\u00e8me ligne --><\/p>\n<tr>\n<td style=\"width: 11.6466%; height: 96px; text-align: center; vertical-align: middle;\">Plants de pomme de terre<\/td>\n<td style=\"width: 11.6466%; height: 96px; text-align: center; vertical-align: middle;\">Pucerons<\/td>\n<td style=\"width: 11.6466%; height: 96px; text-align: center; vertical-align: middle;\">0,07 l\/hl<\/td>\n<\/tr>\n<tr>\n<td style=\"width: 11.6466%; height: 96px; text-align: center; vertical-align: middle;\">Palmier dattier<\/td>\n<td style=\"width: 11.6466%; height: 96px; text-align: center; vertical-align: middle;\">Boufaroua<\/td>\n<td style=\"width: 11.6466%; height: 96px; text-align: center; vertical-align: middle;\">0.15 L\/hl<\/td>\n<\/tr>\n<\/tbody>\n<\/table>\n<p><strong>AVANTAGES :<\/strong><\/p>\n<ul>\n<li><strong>Nori Pro<sup>\u00ae<\/sup><\/strong> pr\u00e9sente des niveaux d\u2019efficacit\u00e9 similaires aux insecticides conventionnels.<\/li>\n<li><strong>Nori Pro<sup>\u00ae<\/sup><\/strong> assure un bon contr\u00f4le de tous les stades de d\u00e9veloppement des piqueurs-suceurs.<\/li>\n<li><strong>Nori Pro<sup>\u00ae<\/sup><\/strong> est un outil incontournable dans la gestion de la r\u00e9sistance.<\/li>\n<li><strong>Nori Pro<sup>\u00ae<\/sup><\/strong> est une solution flexible, s\u2019int\u00e9grant parfaitement dans les diff\u00e9rents programmes biologiques .<\/li>\n<li><strong>Nori Pro<sup>\u00ae<\/sup><\/strong> ne laisse pas de r\u00e9sidus dans le fruit. Il n\u2019y a pas besoin de respecter de d\u00e9lai avant r\u00e9colte (DAR).<\/li>\n<li><strong>Nori Pro<sup>\u00ae<\/sup><\/strong> ne contient pas de substances phytopharmaceutiques et pr\u00e9serve les insectes pollinisateurs.<\/li>\n<\/ul>\n<p><strong>RECOMMANDATIONS:<\/strong><\/p>\n<ul style=\"list-style-type: none;\">\n<li>&#8211; <strong>Nori Pro<sup>\u00ae<\/sup><\/strong> s\u2019applique sur feuillage ressuy\u00e9 et quand les conditions permettent un s\u00e9chage rapide du produit (en 4h \u00e0 6h).<\/li>\n<li>&#8211; <strong>Nori Pro<sup>\u00ae<\/sup><\/strong> agit uniquement par contact direct sur le ravageur cible. Il s\u2019applique sur un foyer d\u00e9clar\u00e9.<\/li>\n<li>&#8211; Afin de maximiser l\u2019efficacit\u00e9, il est conseill\u00e9 d\u2019utiliser <strong>Nori Pro<sup>\u00ae<\/sup><\/strong> en s\u00e9quence de deux traitements, \u00e0 7 jours d\u2019intervalle.<\/li>\n<li>&#8211; Ne pas appliquer le produit sur de tr\u00e8s jeunes plantes en raison du risque \u00e9lev\u00e9 de phytotoxicit\u00e9.<\/li>\n<li>&#8211; Ne pas utiliser le produit si une pluie est attendue dans les 12 heures suivant l\u2019application.<\/li>\n<li>&#8211; Ne pas appliquer <strong>Nori Pro<sup>\u00ae<\/sup><\/strong> si la temp\u00e9rature est inf\u00e9rieure \u00e0 10 \u00b0C.<\/li>\n<\/ul>\n","protected":false},"featured_media":31602,"template":"","meta":[],"product_brand":[],"product_cat":[235,88],"product_tag":[],"class_list":{"0":"post-30317","1":"product","2":"type-product","3":"status-publish","4":"has-post-thumbnail","6":"product_cat-bio-insecticides-acaricides","7":"product_cat-insecticides-00","9":"first","10":"instock","11":"shipping-taxable","12":"product-type-simple"},"yoast_head":"<!-- This site is optimized with the Yoast SEO plugin v25.6 - https:\/\/yoast.com\/wordpress\/plugins\/seo\/ -->\n<title>Nori Pro\u00ae - Profert<\/title>\n<meta name=\"robots\" content=\"index, follow, max-snippet:-1, max-image-preview:large, max-video-preview:-1\" \/>\n<link rel=\"canonical\" href=\"https:\/\/profert.dz\/fr\/index.php\/produit\/nori-pro-copie\/\" \/>\n<meta property=\"og:locale\" content=\"fr_FR\" \/>\n<meta property=\"og:type\" content=\"article\" \/>\n<meta property=\"og:title\" content=\"Nori Pro\u00ae - Profert\" \/>\n<meta property=\"og:description\" content=\"Cat\u00e9gorie : Extrait min\u00e9ral. Composition : Spectre vari\u00e9 de polym\u00e8res. Formulation : Emulsion concentr\u00e9e (EC).  Nori Pro\u00ae est un insecticide acaricide \u00e0 z\u00e9ro r\u00e9sidus, efficace contre les diff\u00e9rents stades d\u2019un large spectre de ravageurs piqueurs-suceurs (pucerons, psylles, aleurodes, acariens et cochenilles), sur plusieurs cultures.  MODE D\u2019ACTION : Nori Pro\u00ae est compos\u00e9 de polym\u00e8res silicon\u00e9s, il implique une action physique innovante sur les diff\u00e9rents stades des ravageurs ; les polym\u00e8res silicon\u00e9s recouvrent les insectes et les acariens nuisibles et cr\u00e9ent une structure sp\u00e9cifique en forme de filet. Cette structure immobilise le ravageur et bloque son activit\u00e9, ce qui permet de l&#039;\u00e9liminer tr\u00e8s rapidement.  USAGES ET DOSES RECOMMAND\u00c9S :    Cultures Cibles Doses     Pommier Pucerons cendr\u00e9s 0,15 l\/hl   Acariens 0,15 l\/hl    Poirier Psylles 0,15 l\/hl    Cucurbitac\u00e9es* Aleurodes 0,1 l\/hl   Pucerons 0,15 l\/hl   Acariens 0,07 l\/hl   Cucurbitac\u00e9es - Choux - Tomate - Poivron - Aubergine Aleurodes 0,1 l\/hl   Pucerons 0,15 l\/hl   Acariens 0,07 l\/hl    Tomate - Poivron - Aubergine Cochenille 0,07 l\/hl    Fraise Pucerons 0,15 l\/hl    Vigne Acariens 0,15 l\/hl    Noisetiers Acariens 0,15 l\/hl    Plants de pomme de terre Pucerons 0,07 l\/hl   Palmier dattier Boufaroua 0.15 L\/hl    AVANTAGES :   Nori Pro\u00ae pr\u00e9sente des niveaux d\u2019efficacit\u00e9 similaires aux insecticides conventionnels.  Nori Pro\u00ae assure un bon contr\u00f4le de tous les stades de d\u00e9veloppement des piqueurs-suceurs.  Nori Pro\u00ae est un outil incontournable dans la gestion de la r\u00e9sistance.  Nori Pro\u00ae est une solution flexible, s\u2019int\u00e9grant parfaitement dans les diff\u00e9rents programmes biologiques .  Nori Pro\u00ae ne laisse pas de r\u00e9sidus dans le fruit. Il n\u2019y a pas besoin de respecter de d\u00e9lai avant r\u00e9colte (DAR).  Nori Pro\u00ae ne contient pas de substances phytopharmaceutiques et pr\u00e9serve les insectes pollinisateurs.  RECOMMANDATIONS:   - Nori Pro\u00ae s\u2019applique sur feuillage ressuy\u00e9 et quand les conditions permettent un s\u00e9chage rapide du produit (en 4h \u00e0 6h).  - Nori Pro\u00ae agit uniquement par contact direct sur le ravageur cible. Il s\u2019applique sur un foyer d\u00e9clar\u00e9.  - Afin de maximiser l\u2019efficacit\u00e9, il est conseill\u00e9 d\u2019utiliser Nori Pro\u00ae en s\u00e9quence de deux traitements, \u00e0 7 jours d\u2019intervalle.  - Ne pas appliquer le produit sur de tr\u00e8s jeunes plantes en raison du risque \u00e9lev\u00e9 de phytotoxicit\u00e9.  - Ne pas utiliser le produit si une pluie est attendue dans les 12 heures suivant l\u2019application.  - Ne pas appliquer Nori Pro\u00ae si la temp\u00e9rature est inf\u00e9rieure \u00e0 10 \u00b0C.\" \/>\n<meta property=\"og:url\" content=\"https:\/\/profert.dz\/fr\/index.php\/produit\/nori-pro-copie\/\" \/>\n<meta property=\"og:site_name\" content=\"Profert\" \/>\n<meta property=\"article:modified_time\" content=\"2025-02-18T08:58:58+00:00\" \/>\n<meta property=\"og:image\" content=\"https:\/\/profert.dz\/fr\/wp-content\/uploads\/2024\/12\/god1.png\" \/>\n\t<meta property=\"og:image:width\" content=\"1667\" \/>\n\t<meta property=\"og:image:height\" content=\"1539\" \/>\n\t<meta property=\"og:image:type\" content=\"image\/png\" \/>\n<meta name=\"twitter:card\" content=\"summary_large_image\" \/>\n<meta name=\"twitter:label1\" content=\"Dur\u00e9e de lecture estim\u00e9e\" \/>\n\t<meta name=\"twitter:data1\" content=\"1 minute\" \/>\n<script type=\"application\/ld+json\" class=\"yoast-schema-graph\">{\"@context\":\"https:\/\/schema.org\",\"@graph\":[{\"@type\":\"WebPage\",\"@id\":\"https:\/\/profert.dz\/fr\/index.php\/produit\/nori-pro-copie\/\",\"url\":\"https:\/\/profert.dz\/fr\/index.php\/produit\/nori-pro-copie\/\",\"name\":\"Nori Pro\u00ae - Profert\",\"isPartOf\":{\"@id\":\"https:\/\/profert.dz\/fr\/#website\"},\"primaryImageOfPage\":{\"@id\":\"https:\/\/profert.dz\/fr\/index.php\/produit\/nori-pro-copie\/#primaryimage\"},\"image\":{\"@id\":\"https:\/\/profert.dz\/fr\/index.php\/produit\/nori-pro-copie\/#primaryimage\"},\"thumbnailUrl\":\"https:\/\/profert.dz\/fr\/wp-content\/uploads\/2024\/12\/god1.png\",\"datePublished\":\"2024-09-02T14:37:01+00:00\",\"dateModified\":\"2025-02-18T08:58:58+00:00\",\"breadcrumb\":{\"@id\":\"https:\/\/profert.dz\/fr\/index.php\/produit\/nori-pro-copie\/#breadcrumb\"},\"inLanguage\":\"fr-FR\",\"potentialAction\":[{\"@type\":\"ReadAction\",\"target\":[\"https:\/\/profert.dz\/fr\/index.php\/produit\/nori-pro-copie\/\"]}]},{\"@type\":\"ImageObject\",\"inLanguage\":\"fr-FR\",\"@id\":\"https:\/\/profert.dz\/fr\/index.php\/produit\/nori-pro-copie\/#primaryimage\",\"url\":\"https:\/\/profert.dz\/fr\/wp-content\/uploads\/2024\/12\/god1.png\",\"contentUrl\":\"https:\/\/profert.dz\/fr\/wp-content\/uploads\/2024\/12\/god1.png\",\"width\":1667,\"height\":1539},{\"@type\":\"BreadcrumbList\",\"@id\":\"https:\/\/profert.dz\/fr\/index.php\/produit\/nori-pro-copie\/#breadcrumb\",\"itemListElement\":[{\"@type\":\"ListItem\",\"position\":1,\"name\":\"Accueil\",\"item\":\"https:\/\/profert.dz\/fr\/\"},{\"@type\":\"ListItem\",\"position\":2,\"name\":\"Produits\",\"item\":\"https:\/\/profert.dz\/fr\/index.php\/boutique\/\"},{\"@type\":\"ListItem\",\"position\":3,\"name\":\"Nori Pro\u00ae\"}]},{\"@type\":\"WebSite\",\"@id\":\"https:\/\/profert.dz\/fr\/#website\",\"url\":\"https:\/\/profert.dz\/fr\/\",\"name\":\"Profert.dz\",\"description\":\"Agriculture Alg\u00e9rie\",\"potentialAction\":[{\"@type\":\"SearchAction\",\"target\":{\"@type\":\"EntryPoint\",\"urlTemplate\":\"https:\/\/profert.dz\/fr\/?s={search_term_string}\"},\"query-input\":{\"@type\":\"PropertyValueSpecification\",\"valueRequired\":true,\"valueName\":\"search_term_string\"}}],\"inLanguage\":\"fr-FR\"}]}<\/script>\n<!-- \/ Yoast SEO plugin. -->","yoast_head_json":{"title":"Nori Pro\u00ae - Profert","robots":{"index":"index","follow":"follow","max-snippet":"max-snippet:-1","max-image-preview":"max-image-preview:large","max-video-preview":"max-video-preview:-1"},"canonical":"https:\/\/profert.dz\/fr\/index.php\/produit\/nori-pro-copie\/","og_locale":"fr_FR","og_type":"article","og_title":"Nori Pro\u00ae - Profert","og_description":"Cat\u00e9gorie : Extrait min\u00e9ral. Composition : Spectre vari\u00e9 de polym\u00e8res. Formulation : Emulsion concentr\u00e9e (EC).  Nori Pro\u00ae est un insecticide acaricide \u00e0 z\u00e9ro r\u00e9sidus, efficace contre les diff\u00e9rents stades d\u2019un large spectre de ravageurs piqueurs-suceurs (pucerons, psylles, aleurodes, acariens et cochenilles), sur plusieurs cultures.  MODE D\u2019ACTION : Nori Pro\u00ae est compos\u00e9 de polym\u00e8res silicon\u00e9s, il implique une action physique innovante sur les diff\u00e9rents stades des ravageurs ; les polym\u00e8res silicon\u00e9s recouvrent les insectes et les acariens nuisibles et cr\u00e9ent une structure sp\u00e9cifique en forme de filet. Cette structure immobilise le ravageur et bloque son activit\u00e9, ce qui permet de l'\u00e9liminer tr\u00e8s rapidement.  USAGES ET DOSES RECOMMAND\u00c9S :    Cultures Cibles Doses     Pommier Pucerons cendr\u00e9s 0,15 l\/hl   Acariens 0,15 l\/hl    Poirier Psylles 0,15 l\/hl    Cucurbitac\u00e9es* Aleurodes 0,1 l\/hl   Pucerons 0,15 l\/hl   Acariens 0,07 l\/hl   Cucurbitac\u00e9es - Choux - Tomate - Poivron - Aubergine Aleurodes 0,1 l\/hl   Pucerons 0,15 l\/hl   Acariens 0,07 l\/hl    Tomate - Poivron - Aubergine Cochenille 0,07 l\/hl    Fraise Pucerons 0,15 l\/hl    Vigne Acariens 0,15 l\/hl    Noisetiers Acariens 0,15 l\/hl    Plants de pomme de terre Pucerons 0,07 l\/hl   Palmier dattier Boufaroua 0.15 L\/hl    AVANTAGES :   Nori Pro\u00ae pr\u00e9sente des niveaux d\u2019efficacit\u00e9 similaires aux insecticides conventionnels.  Nori Pro\u00ae assure un bon contr\u00f4le de tous les stades de d\u00e9veloppement des piqueurs-suceurs.  Nori Pro\u00ae est un outil incontournable dans la gestion de la r\u00e9sistance.  Nori Pro\u00ae est une solution flexible, s\u2019int\u00e9grant parfaitement dans les diff\u00e9rents programmes biologiques .  Nori Pro\u00ae ne laisse pas de r\u00e9sidus dans le fruit. Il n\u2019y a pas besoin de respecter de d\u00e9lai avant r\u00e9colte (DAR).  Nori Pro\u00ae ne contient pas de substances phytopharmaceutiques et pr\u00e9serve les insectes pollinisateurs.  RECOMMANDATIONS:   - Nori Pro\u00ae s\u2019applique sur feuillage ressuy\u00e9 et quand les conditions permettent un s\u00e9chage rapide du produit (en 4h \u00e0 6h).  - Nori Pro\u00ae agit uniquement par contact direct sur le ravageur cible. Il s\u2019applique sur un foyer d\u00e9clar\u00e9.  - Afin de maximiser l\u2019efficacit\u00e9, il est conseill\u00e9 d\u2019utiliser Nori Pro\u00ae en s\u00e9quence de deux traitements, \u00e0 7 jours d\u2019intervalle.  - Ne pas appliquer le produit sur de tr\u00e8s jeunes plantes en raison du risque \u00e9lev\u00e9 de phytotoxicit\u00e9.  - Ne pas utiliser le produit si une pluie est attendue dans les 12 heures suivant l\u2019application.  - Ne pas appliquer Nori Pro\u00ae si la temp\u00e9rature est inf\u00e9rieure \u00e0 10 \u00b0C.","og_url":"https:\/\/profert.dz\/fr\/index.php\/produit\/nori-pro-copie\/","og_site_name":"Profert","article_modified_time":"2025-02-18T08:58:58+00:00","og_image":[{"width":1667,"height":1539,"url":"https:\/\/profert.dz\/fr\/wp-content\/uploads\/2024\/12\/god1.png","type":"image\/png"}],"twitter_card":"summary_large_image","twitter_misc":{"Dur\u00e9e de lecture estim\u00e9e":"1 minute"},"schema":{"@context":"https:\/\/schema.org","@graph":[{"@type":"WebPage","@id":"https:\/\/profert.dz\/fr\/index.php\/produit\/nori-pro-copie\/","url":"https:\/\/profert.dz\/fr\/index.php\/produit\/nori-pro-copie\/","name":"Nori Pro\u00ae - Profert","isPartOf":{"@id":"https:\/\/profert.dz\/fr\/#website"},"primaryImageOfPage":{"@id":"https:\/\/profert.dz\/fr\/index.php\/produit\/nori-pro-copie\/#primaryimage"},"image":{"@id":"https:\/\/profert.dz\/fr\/index.php\/produit\/nori-pro-copie\/#primaryimage"},"thumbnailUrl":"https:\/\/profert.dz\/fr\/wp-content\/uploads\/2024\/12\/god1.png","datePublished":"2024-09-02T14:37:01+00:00","dateModified":"2025-02-18T08:58:58+00:00","breadcrumb":{"@id":"https:\/\/profert.dz\/fr\/index.php\/produit\/nori-pro-copie\/#breadcrumb"},"inLanguage":"fr-FR","potentialAction":[{"@type":"ReadAction","target":["https:\/\/profert.dz\/fr\/index.php\/produit\/nori-pro-copie\/"]}]},{"@type":"ImageObject","inLanguage":"fr-FR","@id":"https:\/\/profert.dz\/fr\/index.php\/produit\/nori-pro-copie\/#primaryimage","url":"https:\/\/profert.dz\/fr\/wp-content\/uploads\/2024\/12\/god1.png","contentUrl":"https:\/\/profert.dz\/fr\/wp-content\/uploads\/2024\/12\/god1.png","width":1667,"height":1539},{"@type":"BreadcrumbList","@id":"https:\/\/profert.dz\/fr\/index.php\/produit\/nori-pro-copie\/#breadcrumb","itemListElement":[{"@type":"ListItem","position":1,"name":"Accueil","item":"https:\/\/profert.dz\/fr\/"},{"@type":"ListItem","position":2,"name":"Produits","item":"https:\/\/profert.dz\/fr\/index.php\/boutique\/"},{"@type":"ListItem","position":3,"name":"Nori Pro\u00ae"}]},{"@type":"WebSite","@id":"https:\/\/profert.dz\/fr\/#website","url":"https:\/\/profert.dz\/fr\/","name":"Profert.dz","description":"Agriculture Alg\u00e9rie","potentialAction":[{"@type":"SearchAction","target":{"@type":"EntryPoint","urlTemplate":"https:\/\/profert.dz\/fr\/?s={search_term_string}"},"query-input":{"@type":"PropertyValueSpecification","valueRequired":true,"valueName":"search_term_string"}}],"inLanguage":"fr-FR"}]}},"_links":{"self":[{"href":"https:\/\/profert.dz\/fr\/index.php\/wp-json\/wp\/v2\/product\/30317"}],"collection":[{"href":"https:\/\/profert.dz\/fr\/index.php\/wp-json\/wp\/v2\/product"}],"about":[{"href":"https:\/\/profert.dz\/fr\/index.php\/wp-json\/wp\/v2\/types\/product"}],"wp:featuredmedia":[{"embeddable":true,"href":"https:\/\/profert.dz\/fr\/index.php\/wp-json\/wp\/v2\/media\/31602"}],"wp:attachment":[{"href":"https:\/\/profert.dz\/fr\/index.php\/wp-json\/wp\/v2\/media?parent=30317"}],"wp:term":[{"taxonomy":"product_brand","embeddable":true,"href":"https:\/\/profert.dz\/fr\/index.php\/wp-json\/wp\/v2\/product_brand?post=30317"},{"taxonomy":"product_cat","embeddable":true,"href":"https:\/\/profert.dz\/fr\/index.php\/wp-json\/wp\/v2\/product_cat?post=30317"},{"taxonomy":"product_tag","embeddable":true,"href":"https:\/\/profert.dz\/fr\/index.php\/wp-json\/wp\/v2\/product_tag?post=30317"}],"curies":[{"name":"wp","href":"https:\/\/api.w.org\/{rel}","templated":true}]}}