{"id":30307,"date":"2024-08-29T17:14:23","date_gmt":"2024-08-29T15:14:23","guid":{"rendered":"https:\/\/profert.dz\/fr\/?post_type=product&#038;p=30307"},"modified":"2025-09-16T09:21:44","modified_gmt":"2025-09-16T07:21:44","slug":"heliopolis-copie","status":"publish","type":"product","link":"https:\/\/profert.dz\/fr\/index.php\/produit\/heliopolis-copie\/","title":{"rendered":"HELIOPOLIS<sup>\u00ae<sup>"},"content":{"rendered":"","protected":false},"excerpt":{"rendered":"<p><strong>Cat\u00e9gorie<\/strong> : Extrait v\u00e9g\u00e9tal<br \/>\n<strong>Composition<\/strong> : Oligom\u00e8res d&rsquo;alpha-pin\u00e8ne et beta-pin\u00e8ne.<br \/>\n<strong>Concentration<\/strong> : 80 &#8211; 96 %.<br \/>\n<strong>Formulation<\/strong> : Concentr\u00e9 \u00e9mulsionnable (EC).<\/p>\n<p><strong>HELIOPOLIS<sup>\u00ae<\/sup> <\/strong>est un produit anti-stress \u00e0 base d&rsquo;une combinaison unique de terp\u00e8nes. Il est utilis\u00e9 pour limiter les coups de soleil, l&rsquo;\u00e9chaudage, l&rsquo;\u00e9vapotranspiration et l&rsquo;\u00e9clatement des fruits.<\/p>\n<p><strong><span style=\"font-size: 12pt;\">MODE D\u2019ACTION :<\/span><\/strong><br \/>\n<strong>HELIOPOLIS<sup>\u00ae<\/sup> <\/strong>agit comme une barri\u00e8re physique capable d&rsquo;absorber les rayons UV. Il limite l&rsquo;effet du stress thermique sur les cultures.<\/p>\n<p><strong><span style=\"font-size: 12pt;\">USAGES ET DOSES RECOMMAND\u00c9S :<\/span><\/strong><\/p>\n<table style=\"width: 100%; border-collapse: collapse; height: 336px;\" border=\"1\" cellpadding=\"5\">\n<thead>\n<tr style=\"height: 24px;\">\n<th style=\"vertical-align: middle; height: 24px; text-align: left;\">Cultures<\/th>\n<th style=\"vertical-align: middle; height: 24px; text-align: left;\">Cible<\/th>\n<th style=\"vertical-align: middle; height: 24px; text-align: left;\">Dose technique<\/th>\n<\/tr>\n<\/thead>\n<tbody>\n<tr style=\"height: 72px;\">\n<td style=\"vertical-align: middle; height: 72px;\">Tomate<br \/>\nConcombre<br \/>\nPoivron<\/td>\n<td style=\"vertical-align: middle; height: 72px;\">\u00c9vapotranspiration<br \/>\nCoup de soleil<\/td>\n<td style=\"vertical-align: middle; height: 72px;\">1 \u00e0 2 L\/ha<\/td>\n<\/tr>\n<tr style=\"height: 48px;\">\n<td style=\"vertical-align: middle; height: 48px;\">Pomme<br \/>\nP\u00eache<\/td>\n<td style=\"vertical-align: middle; height: 48px;\">\u00c9vapotranspiration et \u00e9clatement des fruits<br \/>\nCoup de soleil<\/td>\n<td style=\"vertical-align: middle; height: 48px;\">1 \u00e0 2 L\/ha<\/td>\n<\/tr>\n<tr style=\"height: 48px;\">\n<td style=\"vertical-align: middle; height: 48px;\">Cerise<br \/>\nPrune<\/td>\n<td style=\"vertical-align: middle; height: 48px;\">\u00c9vapotranspiration<br \/>\nEclatement des fruits<\/td>\n<td style=\"vertical-align: middle; height: 48px;\">1 \u00e0 2 L\/ha<\/td>\n<\/tr>\n<tr style=\"height: 24px;\">\n<td style=\"vertical-align: middle; height: 24px;\">Vigne<\/td>\n<td style=\"vertical-align: middle; height: 24px;\">\u00c9vapotranspiration Coup de soleil<\/td>\n<td style=\"vertical-align: middle; height: 24px;\">1 \u00e0 2 L\/ha<\/td>\n<\/tr>\n<tr style=\"height: 24px;\">\n<td style=\"vertical-align: middle; height: 24px;\">Pomme de terre<\/td>\n<td style=\"vertical-align: middle; height: 24px;\">\u00c9vapotranspiration<\/td>\n<td style=\"vertical-align: middle; height: 24px;\">2 L\/ha<\/td>\n<\/tr>\n<tr style=\"height: 48px;\">\n<td style=\"vertical-align: middle; height: 48px;\">C\u00e9r\u00e9ales<\/td>\n<td style=\"vertical-align: middle; height: 48px;\">\u00c9vapotranspiration<br \/>\n(Echaudage et remplissage des grains)<\/td>\n<td style=\"vertical-align: middle; height: 48px;\">2 L\/ha<\/td>\n<\/tr>\n<tr style=\"height: 24px;\">\n<td style=\"vertical-align: middle; height: 24px;\">Ma\u00efs<\/td>\n<td style=\"vertical-align: middle; height: 24px;\">\u00c9vapotranspiration<\/td>\n<td style=\"vertical-align: middle; height: 24px;\">2 L\/ha<\/td>\n<\/tr>\n<tr style=\"height: 24px;\">\n<td style=\"vertical-align: middle; height: 24px;\">Colza<\/td>\n<td style=\"vertical-align: middle; height: 24px;\">\u00c9clatement des siliques<\/td>\n<td style=\"vertical-align: middle; height: 24px;\">1 L\/ha<\/td>\n<\/tr>\n<\/tbody>\n<\/table>\n<p><strong>AVANTAGES :<\/strong><\/p>\n<ul>\n<li><strong> HELIOPOLIS <\/strong>r\u00e9gule l\u2019\u00e9vapotranspiration en cas de forte chaleur.<\/li>\n<li><strong> HELIOPOLIS <\/strong> r\u00e9duit le nombre de fruits \u00e9clat\u00e9s.<\/li>\n<li><strong> HELIOPOLIS <\/strong>prot\u00e8ge contre les coups de soleil.<\/li>\n<li><strong> HELIOPOLIS <\/strong>n\u2019occasionne pas de t\u00e2ches sur les fruits.<\/li>\n<li><strong> HELIOPOLIS <\/strong>ne provoque pas de phytotoxicit\u00e9.<\/li>\n<\/ul>\n<p><strong>RECOMMANDATIONS :<\/strong><\/p>\n<ul>\n<li>Respecter un d\u00e9lai avant r\u00e9colte de 7 jours.<\/li>\n<li>Attendre le s\u00e9chage complet du produit avant de rentrer dans les parcelles trait\u00e9es.<\/li>\n<\/ul>\n","protected":false},"featured_media":30281,"template":"","meta":[],"product_brand":[],"product_cat":[225,239],"product_tag":[],"class_list":{"0":"post-30307","1":"product","2":"type-product","3":"status-publish","4":"has-post-thumbnail","6":"product_cat-anti-stress","7":"product_cat-anti-stress-abiotique","9":"first","10":"instock","11":"shipping-taxable","12":"product-type-simple"},"yoast_head":"<!-- This site is optimized with the Yoast SEO plugin v25.6 - https:\/\/yoast.com\/wordpress\/plugins\/seo\/ -->\n<title>HELIOPOLIS\u00ae - Profert<\/title>\n<meta name=\"robots\" content=\"index, follow, max-snippet:-1, max-image-preview:large, max-video-preview:-1\" \/>\n<link rel=\"canonical\" href=\"https:\/\/profert.dz\/fr\/index.php\/produit\/heliopolis-copie\/\" \/>\n<meta property=\"og:locale\" content=\"fr_FR\" \/>\n<meta property=\"og:type\" content=\"article\" \/>\n<meta property=\"og:title\" content=\"HELIOPOLIS\u00ae - Profert\" \/>\n<meta property=\"og:description\" content=\"Cat\u00e9gorie : Extrait v\u00e9g\u00e9tal Composition : Oligom\u00e8res d&#039;alpha-pin\u00e8ne et beta-pin\u00e8ne. Concentration : 80 - 96 %. Formulation : Concentr\u00e9 \u00e9mulsionnable (EC).  HELIOPOLIS\u00ae est un produit anti-stress \u00e0 base d&#039;une combinaison unique de terp\u00e8nes. Il est utilis\u00e9 pour limiter les coups de soleil, l&#039;\u00e9chaudage, l&#039;\u00e9vapotranspiration et l&#039;\u00e9clatement des fruits.  MODE D\u2019ACTION : HELIOPOLIS\u00ae agit comme une barri\u00e8re physique capable d&#039;absorber les rayons UV. Il limite l&#039;effet du stress thermique sur les cultures.  USAGES ET DOSES RECOMMAND\u00c9S :    Cultures Cible Dose technique     Tomate Concombre Poivron \u00c9vapotranspiration Coup de soleil 1 \u00e0 2 L\/ha   Pomme P\u00eache \u00c9vapotranspiration et \u00e9clatement des fruits Coup de soleil 1 \u00e0 2 L\/ha   Cerise Prune \u00c9vapotranspiration Eclatement des fruits 1 \u00e0 2 L\/ha   Vigne \u00c9vapotranspiration Coup de soleil 1 \u00e0 2 L\/ha   Pomme de terre \u00c9vapotranspiration 2 L\/ha   C\u00e9r\u00e9ales \u00c9vapotranspiration (Echaudage et remplissage des grains) 2 L\/ha   Ma\u00efs \u00c9vapotranspiration 2 L\/ha   Colza \u00c9clatement des siliques 1 L\/ha    AVANTAGES :    HELIOPOLIS r\u00e9gule l\u2019\u00e9vapotranspiration en cas de forte chaleur.   HELIOPOLIS r\u00e9duit le nombre de fruits \u00e9clat\u00e9s.   HELIOPOLIS prot\u00e8ge contre les coups de soleil.   HELIOPOLIS n\u2019occasionne pas de t\u00e2ches sur les fruits.   HELIOPOLIS ne provoque pas de phytotoxicit\u00e9.  RECOMMANDATIONS :   Respecter un d\u00e9lai avant r\u00e9colte de 7 jours.  Attendre le s\u00e9chage complet du produit avant de rentrer dans les parcelles trait\u00e9es.\" \/>\n<meta property=\"og:url\" content=\"https:\/\/profert.dz\/fr\/index.php\/produit\/heliopolis-copie\/\" \/>\n<meta property=\"og:site_name\" content=\"Profert\" \/>\n<meta property=\"article:modified_time\" content=\"2025-09-16T07:21:44+00:00\" \/>\n<meta property=\"og:image\" content=\"https:\/\/profert.dz\/fr\/wp-content\/uploads\/2024\/07\/HELIOPOLIS.jpg\" \/>\n\t<meta property=\"og:image:width\" content=\"720\" \/>\n\t<meta property=\"og:image:height\" content=\"658\" \/>\n\t<meta property=\"og:image:type\" content=\"image\/jpeg\" \/>\n<meta name=\"twitter:card\" content=\"summary_large_image\" \/>\n<meta name=\"twitter:label1\" content=\"Dur\u00e9e de lecture estim\u00e9e\" \/>\n\t<meta name=\"twitter:data1\" content=\"1 minute\" \/>\n<script type=\"application\/ld+json\" class=\"yoast-schema-graph\">{\"@context\":\"https:\/\/schema.org\",\"@graph\":[{\"@type\":\"WebPage\",\"@id\":\"https:\/\/profert.dz\/fr\/index.php\/produit\/heliopolis-copie\/\",\"url\":\"https:\/\/profert.dz\/fr\/index.php\/produit\/heliopolis-copie\/\",\"name\":\"HELIOPOLIS\u00ae - Profert\",\"isPartOf\":{\"@id\":\"https:\/\/profert.dz\/fr\/#website\"},\"primaryImageOfPage\":{\"@id\":\"https:\/\/profert.dz\/fr\/index.php\/produit\/heliopolis-copie\/#primaryimage\"},\"image\":{\"@id\":\"https:\/\/profert.dz\/fr\/index.php\/produit\/heliopolis-copie\/#primaryimage\"},\"thumbnailUrl\":\"https:\/\/profert.dz\/fr\/wp-content\/uploads\/2024\/07\/HELIOPOLIS.jpg\",\"datePublished\":\"2024-08-29T15:14:23+00:00\",\"dateModified\":\"2025-09-16T07:21:44+00:00\",\"breadcrumb\":{\"@id\":\"https:\/\/profert.dz\/fr\/index.php\/produit\/heliopolis-copie\/#breadcrumb\"},\"inLanguage\":\"fr-FR\",\"potentialAction\":[{\"@type\":\"ReadAction\",\"target\":[\"https:\/\/profert.dz\/fr\/index.php\/produit\/heliopolis-copie\/\"]}]},{\"@type\":\"ImageObject\",\"inLanguage\":\"fr-FR\",\"@id\":\"https:\/\/profert.dz\/fr\/index.php\/produit\/heliopolis-copie\/#primaryimage\",\"url\":\"https:\/\/profert.dz\/fr\/wp-content\/uploads\/2024\/07\/HELIOPOLIS.jpg\",\"contentUrl\":\"https:\/\/profert.dz\/fr\/wp-content\/uploads\/2024\/07\/HELIOPOLIS.jpg\",\"width\":720,\"height\":658},{\"@type\":\"BreadcrumbList\",\"@id\":\"https:\/\/profert.dz\/fr\/index.php\/produit\/heliopolis-copie\/#breadcrumb\",\"itemListElement\":[{\"@type\":\"ListItem\",\"position\":1,\"name\":\"Accueil\",\"item\":\"https:\/\/profert.dz\/fr\/\"},{\"@type\":\"ListItem\",\"position\":2,\"name\":\"Produits\",\"item\":\"https:\/\/profert.dz\/fr\/index.php\/boutique\/\"},{\"@type\":\"ListItem\",\"position\":3,\"name\":\"HELIOPOLIS\u00ae\"}]},{\"@type\":\"WebSite\",\"@id\":\"https:\/\/profert.dz\/fr\/#website\",\"url\":\"https:\/\/profert.dz\/fr\/\",\"name\":\"Profert.dz\",\"description\":\"Agriculture Alg\u00e9rie\",\"potentialAction\":[{\"@type\":\"SearchAction\",\"target\":{\"@type\":\"EntryPoint\",\"urlTemplate\":\"https:\/\/profert.dz\/fr\/?s={search_term_string}\"},\"query-input\":{\"@type\":\"PropertyValueSpecification\",\"valueRequired\":true,\"valueName\":\"search_term_string\"}}],\"inLanguage\":\"fr-FR\"}]}<\/script>\n<!-- \/ Yoast SEO plugin. -->","yoast_head_json":{"title":"HELIOPOLIS\u00ae - Profert","robots":{"index":"index","follow":"follow","max-snippet":"max-snippet:-1","max-image-preview":"max-image-preview:large","max-video-preview":"max-video-preview:-1"},"canonical":"https:\/\/profert.dz\/fr\/index.php\/produit\/heliopolis-copie\/","og_locale":"fr_FR","og_type":"article","og_title":"HELIOPOLIS\u00ae - Profert","og_description":"Cat\u00e9gorie : Extrait v\u00e9g\u00e9tal Composition : Oligom\u00e8res d'alpha-pin\u00e8ne et beta-pin\u00e8ne. Concentration : 80 - 96 %. Formulation : Concentr\u00e9 \u00e9mulsionnable (EC).  HELIOPOLIS\u00ae est un produit anti-stress \u00e0 base d'une combinaison unique de terp\u00e8nes. Il est utilis\u00e9 pour limiter les coups de soleil, l'\u00e9chaudage, l'\u00e9vapotranspiration et l'\u00e9clatement des fruits.  MODE D\u2019ACTION : HELIOPOLIS\u00ae agit comme une barri\u00e8re physique capable d'absorber les rayons UV. Il limite l'effet du stress thermique sur les cultures.  USAGES ET DOSES RECOMMAND\u00c9S :    Cultures Cible Dose technique     Tomate Concombre Poivron \u00c9vapotranspiration Coup de soleil 1 \u00e0 2 L\/ha   Pomme P\u00eache \u00c9vapotranspiration et \u00e9clatement des fruits Coup de soleil 1 \u00e0 2 L\/ha   Cerise Prune \u00c9vapotranspiration Eclatement des fruits 1 \u00e0 2 L\/ha   Vigne \u00c9vapotranspiration Coup de soleil 1 \u00e0 2 L\/ha   Pomme de terre \u00c9vapotranspiration 2 L\/ha   C\u00e9r\u00e9ales \u00c9vapotranspiration (Echaudage et remplissage des grains) 2 L\/ha   Ma\u00efs \u00c9vapotranspiration 2 L\/ha   Colza \u00c9clatement des siliques 1 L\/ha    AVANTAGES :    HELIOPOLIS r\u00e9gule l\u2019\u00e9vapotranspiration en cas de forte chaleur.   HELIOPOLIS r\u00e9duit le nombre de fruits \u00e9clat\u00e9s.   HELIOPOLIS prot\u00e8ge contre les coups de soleil.   HELIOPOLIS n\u2019occasionne pas de t\u00e2ches sur les fruits.   HELIOPOLIS ne provoque pas de phytotoxicit\u00e9.  RECOMMANDATIONS :   Respecter un d\u00e9lai avant r\u00e9colte de 7 jours.  Attendre le s\u00e9chage complet du produit avant de rentrer dans les parcelles trait\u00e9es.","og_url":"https:\/\/profert.dz\/fr\/index.php\/produit\/heliopolis-copie\/","og_site_name":"Profert","article_modified_time":"2025-09-16T07:21:44+00:00","og_image":[{"width":720,"height":658,"url":"https:\/\/profert.dz\/fr\/wp-content\/uploads\/2024\/07\/HELIOPOLIS.jpg","type":"image\/jpeg"}],"twitter_card":"summary_large_image","twitter_misc":{"Dur\u00e9e de lecture estim\u00e9e":"1 minute"},"schema":{"@context":"https:\/\/schema.org","@graph":[{"@type":"WebPage","@id":"https:\/\/profert.dz\/fr\/index.php\/produit\/heliopolis-copie\/","url":"https:\/\/profert.dz\/fr\/index.php\/produit\/heliopolis-copie\/","name":"HELIOPOLIS\u00ae - Profert","isPartOf":{"@id":"https:\/\/profert.dz\/fr\/#website"},"primaryImageOfPage":{"@id":"https:\/\/profert.dz\/fr\/index.php\/produit\/heliopolis-copie\/#primaryimage"},"image":{"@id":"https:\/\/profert.dz\/fr\/index.php\/produit\/heliopolis-copie\/#primaryimage"},"thumbnailUrl":"https:\/\/profert.dz\/fr\/wp-content\/uploads\/2024\/07\/HELIOPOLIS.jpg","datePublished":"2024-08-29T15:14:23+00:00","dateModified":"2025-09-16T07:21:44+00:00","breadcrumb":{"@id":"https:\/\/profert.dz\/fr\/index.php\/produit\/heliopolis-copie\/#breadcrumb"},"inLanguage":"fr-FR","potentialAction":[{"@type":"ReadAction","target":["https:\/\/profert.dz\/fr\/index.php\/produit\/heliopolis-copie\/"]}]},{"@type":"ImageObject","inLanguage":"fr-FR","@id":"https:\/\/profert.dz\/fr\/index.php\/produit\/heliopolis-copie\/#primaryimage","url":"https:\/\/profert.dz\/fr\/wp-content\/uploads\/2024\/07\/HELIOPOLIS.jpg","contentUrl":"https:\/\/profert.dz\/fr\/wp-content\/uploads\/2024\/07\/HELIOPOLIS.jpg","width":720,"height":658},{"@type":"BreadcrumbList","@id":"https:\/\/profert.dz\/fr\/index.php\/produit\/heliopolis-copie\/#breadcrumb","itemListElement":[{"@type":"ListItem","position":1,"name":"Accueil","item":"https:\/\/profert.dz\/fr\/"},{"@type":"ListItem","position":2,"name":"Produits","item":"https:\/\/profert.dz\/fr\/index.php\/boutique\/"},{"@type":"ListItem","position":3,"name":"HELIOPOLIS\u00ae"}]},{"@type":"WebSite","@id":"https:\/\/profert.dz\/fr\/#website","url":"https:\/\/profert.dz\/fr\/","name":"Profert.dz","description":"Agriculture Alg\u00e9rie","potentialAction":[{"@type":"SearchAction","target":{"@type":"EntryPoint","urlTemplate":"https:\/\/profert.dz\/fr\/?s={search_term_string}"},"query-input":{"@type":"PropertyValueSpecification","valueRequired":true,"valueName":"search_term_string"}}],"inLanguage":"fr-FR"}]}},"_links":{"self":[{"href":"https:\/\/profert.dz\/fr\/index.php\/wp-json\/wp\/v2\/product\/30307"}],"collection":[{"href":"https:\/\/profert.dz\/fr\/index.php\/wp-json\/wp\/v2\/product"}],"about":[{"href":"https:\/\/profert.dz\/fr\/index.php\/wp-json\/wp\/v2\/types\/product"}],"wp:featuredmedia":[{"embeddable":true,"href":"https:\/\/profert.dz\/fr\/index.php\/wp-json\/wp\/v2\/media\/30281"}],"wp:attachment":[{"href":"https:\/\/profert.dz\/fr\/index.php\/wp-json\/wp\/v2\/media?parent=30307"}],"wp:term":[{"taxonomy":"product_brand","embeddable":true,"href":"https:\/\/profert.dz\/fr\/index.php\/wp-json\/wp\/v2\/product_brand?post=30307"},{"taxonomy":"product_cat","embeddable":true,"href":"https:\/\/profert.dz\/fr\/index.php\/wp-json\/wp\/v2\/product_cat?post=30307"},{"taxonomy":"product_tag","embeddable":true,"href":"https:\/\/profert.dz\/fr\/index.php\/wp-json\/wp\/v2\/product_tag?post=30307"}],"curies":[{"name":"wp","href":"https:\/\/api.w.org\/{rel}","templated":true}]}}