{"id":30158,"date":"2024-07-21T10:15:48","date_gmt":"2024-07-21T08:15:48","guid":{"rendered":"https:\/\/profert.dz\/fr\/?post_type=product&#038;p=30158"},"modified":"2025-02-24T10:51:43","modified_gmt":"2025-02-24T09:51:43","slug":"vegex-repelex","status":"publish","type":"product","link":"https:\/\/profert.dz\/fr\/index.php\/produit\/vegex-repelex\/","title":{"rendered":"Vegex Repelex <sup>\u00ae<sup>"},"content":{"rendered":"","protected":false},"excerpt":{"rendered":"<p><strong>Cat\u00e9gorie<\/strong>: Extrait de plante.<br \/>\n<strong>Composition<\/strong>: Ol\u00e9or\u00e9sine \u00e9pic\u00e9e.<br \/>\n<strong>Concentration<\/strong>: 22.0 % p\/p.<br \/>\n<strong>Formulation<\/strong>: Concentr\u00e9 \u00e9mulsionnable (EC).<\/p>\n<p><strong>Vegex Repelex<\/strong> est un produit de biocontr\u00f4le, mobilisateur des ravageurs, \u00e0 base de capsa\u00efcine. Il est utilis\u00e9 sur plusieurs cultures.<\/p>\n<p><strong>MODE D\u2019ACTION :<\/strong><br \/>\n<strong>Vegex Repelex<\/strong> agit comme r\u00e9pulsif. Il cr\u00e9e un environnement non propice \u00e0 l&rsquo;installation et au d\u00e9veloppement des insectes nuisibles.<br \/>\n<strong>Vegex Repelex<\/strong> agit aussi par contact, il provoque une forte irritation des voies respiratoires des ravageurs<br \/>\n<strong>Vegex Repelex<\/strong> agit par ingestion, il provoque des troubles digestifs.<br \/>\n<strong>Vegex Repelex<\/strong> poss\u00e8de un large spectre d\u2019efficacit\u00e9.<\/p>\n<p><strong>USAGES ET DOSES RECOMMAND\u00c9S :<\/strong><\/p>\n<table style=\"border-collapse: collapse; width: 138.155%; height: 57px;\" border=\"1\">\n<tbody>\n<tr style=\"height: 33px;\">\n<td style=\"width: 16%; height: 33px; text-align: left; padding-left: 20px;\" width=\"151\"><strong>Cultures<\/strong><\/td>\n<td style=\"width: 14%; height: 33px; text-align: left; padding-left: 20px;\" width=\"180\"><strong>Cible<\/strong><\/td>\n<td style=\"width: 50%; height: 33px; text-align: left; padding-left: 20px;\" width=\"274\"><strong>Doses<\/strong><\/td>\n<\/tr>\n<tr style=\"height: 202px;\">\n<td style=\"width: 16%; height: 24px; padding-left: 20px;\" width=\"151\">Vigne<br \/>\nAgrumes<br \/>\nTomate<br \/>\nPiment<br \/>\nPoivron<\/td>\n<td style=\"width: 14%; height: 24px; padding-left: 20px;\" width=\"180\">Thrips<\/td>\n<td style=\"width: 50%; height: 24px;\" width=\"274\">\n<p style=\"padding-left: 20px;\">Application foliaire\u00a0: 150 \u00e0 300 ml\/hl<\/p>\n<p style=\"padding-left: 20px;\">Application Racinaire\u00a0: 2 \u00e0 3 L\/ha<\/p>\n<\/td>\n<\/tr>\n<\/tbody>\n<\/table>\n<p style=\"text-align: justify;\"><strong>AVANTAGES :<\/strong><br \/>\n\u2022 <strong>Vegex Repelex<\/strong> est efficace contre tous les ravageurs situ\u00e9s sur la face inf\u00e9rieure et sup\u00e9rieure de la feuille, et \u00e0 l\u2019int\u00e9rieur de la fleur, il agit contre les ravageurs difficiles \u00e0 atteindre avec des produits de contact.<br \/>\n\u2022 <strong>Vegex Repelex<\/strong> est fortement recommand\u00e9 contre tous les insectes cach\u00e9s dans tous les organes de la plante (fleurs, \u00e9cailles, face inferieure des feuilles).<br \/>\n\u2022 <strong>Vegex Repelex<\/strong> \u00e9limine tous les foyers des ravageurs apr\u00e8s 7 jours de traitement.<br \/>\n\u2022 <strong>Vegex Repelex<\/strong> r\u00e9duit le risque de transmission virale, en \u00e9loignant les vecteurs.<br \/>\n\u2022 <strong>Vegex Repelex<\/strong> ne provoque pas de phytotoxicit\u00e9.<br \/>\n\u2022 <strong>Vegex Repelex<\/strong> ne laisse pas de r\u00e9sidus dans les fruits. Il n\u2019y a pas besoin de respecter de d\u00e9lai avant r\u00e9colte (DAR).<br \/>\n\u2022 <strong>Vegex Repelex<\/strong> est utilisable en agriculture biologique.<br \/>\n\u2022 <strong>Vegex Repelex<\/strong> pr\u00e9sente \u00e9galement un effet r\u00e9pulsif sur les mammif\u00e8res, les oiseaux et les rongeurs.<\/p>\n<p><strong>RECOMMANDATIONS :<\/strong><br \/>\n\u2022 Pour une bonne couverture des cultures trait\u00e9es, associer <strong>Vegex Repelex<\/strong> avec <strong>Vegex Fos<\/strong>.<br \/>\n\u2022 Un pH neutre ou l\u00e9g\u00e8rement acide est recommand\u00e9 pour l&rsquo;application.<br \/>\n\u2022 Pour un effet de choc, nettoyant et r\u00e9pulsif, Il est conseill\u00e9 de m\u00e9langer <strong>Vegex Repelex<\/strong> avec <strong>Vegex Crisflor.<\/strong><\/p>\n","protected":false},"featured_media":31239,"template":"","meta":[],"product_brand":[],"product_cat":[235],"product_tag":[],"class_list":{"0":"post-30158","1":"product","2":"type-product","3":"status-publish","4":"has-post-thumbnail","6":"product_cat-bio-insecticides-acaricides","8":"first","9":"instock","10":"shipping-taxable","11":"product-type-simple"},"yoast_head":"<!-- This site is optimized with the Yoast SEO plugin v25.6 - https:\/\/yoast.com\/wordpress\/plugins\/seo\/ -->\n<title>Vegex Repelex \u00ae - Profert<\/title>\n<meta name=\"robots\" content=\"index, follow, max-snippet:-1, max-image-preview:large, max-video-preview:-1\" \/>\n<link rel=\"canonical\" href=\"https:\/\/profert.dz\/fr\/index.php\/produit\/vegex-repelex\/\" \/>\n<meta property=\"og:locale\" content=\"fr_FR\" \/>\n<meta property=\"og:type\" content=\"article\" \/>\n<meta property=\"og:title\" content=\"Vegex Repelex \u00ae - Profert\" \/>\n<meta property=\"og:description\" content=\"Cat\u00e9gorie: Extrait de plante. Composition: Ol\u00e9or\u00e9sine \u00e9pic\u00e9e. Concentration: 22.0 % p\/p. Formulation: Concentr\u00e9 \u00e9mulsionnable (EC).  Vegex Repelex est un produit de biocontr\u00f4le, mobilisateur des ravageurs, \u00e0 base de capsa\u00efcine. Il est utilis\u00e9 sur plusieurs cultures.  MODE D\u2019ACTION : Vegex Repelex agit comme r\u00e9pulsif. Il cr\u00e9e un environnement non propice \u00e0 l&#039;installation et au d\u00e9veloppement des insectes nuisibles. Vegex Repelex agit aussi par contact, il provoque une forte irritation des voies respiratoires des ravageurs Vegex Repelex agit par ingestion, il provoque des troubles digestifs. Vegex Repelex poss\u00e8de un large spectre d\u2019efficacit\u00e9.  USAGES ET DOSES RECOMMAND\u00c9S :    Cultures Cible Doses   Vigne Agrumes Tomate Piment Poivron Thrips  Application foliaire\u00a0: 150 \u00e0 300 ml\/hl Application Racinaire\u00a0: 2 \u00e0 3 L\/ha     AVANTAGES : \u2022 Vegex Repelex est efficace contre tous les ravageurs situ\u00e9s sur la face inf\u00e9rieure et sup\u00e9rieure de la feuille, et \u00e0 l\u2019int\u00e9rieur de la fleur, il agit contre les ravageurs difficiles \u00e0 atteindre avec des produits de contact. \u2022 Vegex Repelex est fortement recommand\u00e9 contre tous les insectes cach\u00e9s dans tous les organes de la plante (fleurs, \u00e9cailles, face inferieure des feuilles). \u2022 Vegex Repelex \u00e9limine tous les foyers des ravageurs apr\u00e8s 7 jours de traitement. \u2022 Vegex Repelex r\u00e9duit le risque de transmission virale, en \u00e9loignant les vecteurs. \u2022 Vegex Repelex ne provoque pas de phytotoxicit\u00e9. \u2022 Vegex Repelex ne laisse pas de r\u00e9sidus dans les fruits. Il n\u2019y a pas besoin de respecter de d\u00e9lai avant r\u00e9colte (DAR). \u2022 Vegex Repelex est utilisable en agriculture biologique. \u2022 Vegex Repelex pr\u00e9sente \u00e9galement un effet r\u00e9pulsif sur les mammif\u00e8res, les oiseaux et les rongeurs. RECOMMANDATIONS : \u2022 Pour une bonne couverture des cultures trait\u00e9es, associer Vegex Repelex avec Vegex Fos. \u2022 Un pH neutre ou l\u00e9g\u00e8rement acide est recommand\u00e9 pour l&#039;application. \u2022 Pour un effet de choc, nettoyant et r\u00e9pulsif, Il est conseill\u00e9 de m\u00e9langer Vegex Repelex avec Vegex Crisflor.\" \/>\n<meta property=\"og:url\" content=\"https:\/\/profert.dz\/fr\/index.php\/produit\/vegex-repelex\/\" \/>\n<meta property=\"og:site_name\" content=\"Profert\" \/>\n<meta property=\"article:modified_time\" content=\"2025-02-24T09:51:43+00:00\" \/>\n<meta property=\"og:image\" content=\"https:\/\/profert.dz\/fr\/wp-content\/uploads\/2024\/07\/god11.jpg\" \/>\n\t<meta property=\"og:image:width\" content=\"1667\" \/>\n\t<meta property=\"og:image:height\" content=\"1539\" \/>\n\t<meta property=\"og:image:type\" content=\"image\/jpeg\" \/>\n<meta name=\"twitter:card\" content=\"summary_large_image\" \/>\n<meta name=\"twitter:label1\" content=\"Dur\u00e9e de lecture estim\u00e9e\" \/>\n\t<meta name=\"twitter:data1\" content=\"1 minute\" \/>\n<script type=\"application\/ld+json\" class=\"yoast-schema-graph\">{\"@context\":\"https:\/\/schema.org\",\"@graph\":[{\"@type\":\"WebPage\",\"@id\":\"https:\/\/profert.dz\/fr\/index.php\/produit\/vegex-repelex\/\",\"url\":\"https:\/\/profert.dz\/fr\/index.php\/produit\/vegex-repelex\/\",\"name\":\"Vegex Repelex \u00ae - Profert\",\"isPartOf\":{\"@id\":\"https:\/\/profert.dz\/fr\/#website\"},\"primaryImageOfPage\":{\"@id\":\"https:\/\/profert.dz\/fr\/index.php\/produit\/vegex-repelex\/#primaryimage\"},\"image\":{\"@id\":\"https:\/\/profert.dz\/fr\/index.php\/produit\/vegex-repelex\/#primaryimage\"},\"thumbnailUrl\":\"https:\/\/profert.dz\/fr\/wp-content\/uploads\/2024\/07\/god11.jpg\",\"datePublished\":\"2024-07-21T08:15:48+00:00\",\"dateModified\":\"2025-02-24T09:51:43+00:00\",\"breadcrumb\":{\"@id\":\"https:\/\/profert.dz\/fr\/index.php\/produit\/vegex-repelex\/#breadcrumb\"},\"inLanguage\":\"fr-FR\",\"potentialAction\":[{\"@type\":\"ReadAction\",\"target\":[\"https:\/\/profert.dz\/fr\/index.php\/produit\/vegex-repelex\/\"]}]},{\"@type\":\"ImageObject\",\"inLanguage\":\"fr-FR\",\"@id\":\"https:\/\/profert.dz\/fr\/index.php\/produit\/vegex-repelex\/#primaryimage\",\"url\":\"https:\/\/profert.dz\/fr\/wp-content\/uploads\/2024\/07\/god11.jpg\",\"contentUrl\":\"https:\/\/profert.dz\/fr\/wp-content\/uploads\/2024\/07\/god11.jpg\",\"width\":1667,\"height\":1539},{\"@type\":\"BreadcrumbList\",\"@id\":\"https:\/\/profert.dz\/fr\/index.php\/produit\/vegex-repelex\/#breadcrumb\",\"itemListElement\":[{\"@type\":\"ListItem\",\"position\":1,\"name\":\"Accueil\",\"item\":\"https:\/\/profert.dz\/fr\/\"},{\"@type\":\"ListItem\",\"position\":2,\"name\":\"Produits\",\"item\":\"https:\/\/profert.dz\/fr\/index.php\/boutique\/\"},{\"@type\":\"ListItem\",\"position\":3,\"name\":\"Vegex Repelex \u00ae\"}]},{\"@type\":\"WebSite\",\"@id\":\"https:\/\/profert.dz\/fr\/#website\",\"url\":\"https:\/\/profert.dz\/fr\/\",\"name\":\"Profert.dz\",\"description\":\"Agriculture Alg\u00e9rie\",\"potentialAction\":[{\"@type\":\"SearchAction\",\"target\":{\"@type\":\"EntryPoint\",\"urlTemplate\":\"https:\/\/profert.dz\/fr\/?s={search_term_string}\"},\"query-input\":{\"@type\":\"PropertyValueSpecification\",\"valueRequired\":true,\"valueName\":\"search_term_string\"}}],\"inLanguage\":\"fr-FR\"}]}<\/script>\n<!-- \/ Yoast SEO plugin. -->","yoast_head_json":{"title":"Vegex Repelex \u00ae - Profert","robots":{"index":"index","follow":"follow","max-snippet":"max-snippet:-1","max-image-preview":"max-image-preview:large","max-video-preview":"max-video-preview:-1"},"canonical":"https:\/\/profert.dz\/fr\/index.php\/produit\/vegex-repelex\/","og_locale":"fr_FR","og_type":"article","og_title":"Vegex Repelex \u00ae - Profert","og_description":"Cat\u00e9gorie: Extrait de plante. Composition: Ol\u00e9or\u00e9sine \u00e9pic\u00e9e. Concentration: 22.0 % p\/p. Formulation: Concentr\u00e9 \u00e9mulsionnable (EC).  Vegex Repelex est un produit de biocontr\u00f4le, mobilisateur des ravageurs, \u00e0 base de capsa\u00efcine. Il est utilis\u00e9 sur plusieurs cultures.  MODE D\u2019ACTION : Vegex Repelex agit comme r\u00e9pulsif. Il cr\u00e9e un environnement non propice \u00e0 l'installation et au d\u00e9veloppement des insectes nuisibles. Vegex Repelex agit aussi par contact, il provoque une forte irritation des voies respiratoires des ravageurs Vegex Repelex agit par ingestion, il provoque des troubles digestifs. Vegex Repelex poss\u00e8de un large spectre d\u2019efficacit\u00e9.  USAGES ET DOSES RECOMMAND\u00c9S :    Cultures Cible Doses   Vigne Agrumes Tomate Piment Poivron Thrips  Application foliaire\u00a0: 150 \u00e0 300 ml\/hl Application Racinaire\u00a0: 2 \u00e0 3 L\/ha     AVANTAGES : \u2022 Vegex Repelex est efficace contre tous les ravageurs situ\u00e9s sur la face inf\u00e9rieure et sup\u00e9rieure de la feuille, et \u00e0 l\u2019int\u00e9rieur de la fleur, il agit contre les ravageurs difficiles \u00e0 atteindre avec des produits de contact. \u2022 Vegex Repelex est fortement recommand\u00e9 contre tous les insectes cach\u00e9s dans tous les organes de la plante (fleurs, \u00e9cailles, face inferieure des feuilles). \u2022 Vegex Repelex \u00e9limine tous les foyers des ravageurs apr\u00e8s 7 jours de traitement. \u2022 Vegex Repelex r\u00e9duit le risque de transmission virale, en \u00e9loignant les vecteurs. \u2022 Vegex Repelex ne provoque pas de phytotoxicit\u00e9. \u2022 Vegex Repelex ne laisse pas de r\u00e9sidus dans les fruits. Il n\u2019y a pas besoin de respecter de d\u00e9lai avant r\u00e9colte (DAR). \u2022 Vegex Repelex est utilisable en agriculture biologique. \u2022 Vegex Repelex pr\u00e9sente \u00e9galement un effet r\u00e9pulsif sur les mammif\u00e8res, les oiseaux et les rongeurs. RECOMMANDATIONS : \u2022 Pour une bonne couverture des cultures trait\u00e9es, associer Vegex Repelex avec Vegex Fos. \u2022 Un pH neutre ou l\u00e9g\u00e8rement acide est recommand\u00e9 pour l'application. \u2022 Pour un effet de choc, nettoyant et r\u00e9pulsif, Il est conseill\u00e9 de m\u00e9langer Vegex Repelex avec Vegex Crisflor.","og_url":"https:\/\/profert.dz\/fr\/index.php\/produit\/vegex-repelex\/","og_site_name":"Profert","article_modified_time":"2025-02-24T09:51:43+00:00","og_image":[{"width":1667,"height":1539,"url":"https:\/\/profert.dz\/fr\/wp-content\/uploads\/2024\/07\/god11.jpg","type":"image\/jpeg"}],"twitter_card":"summary_large_image","twitter_misc":{"Dur\u00e9e de lecture estim\u00e9e":"1 minute"},"schema":{"@context":"https:\/\/schema.org","@graph":[{"@type":"WebPage","@id":"https:\/\/profert.dz\/fr\/index.php\/produit\/vegex-repelex\/","url":"https:\/\/profert.dz\/fr\/index.php\/produit\/vegex-repelex\/","name":"Vegex Repelex \u00ae - Profert","isPartOf":{"@id":"https:\/\/profert.dz\/fr\/#website"},"primaryImageOfPage":{"@id":"https:\/\/profert.dz\/fr\/index.php\/produit\/vegex-repelex\/#primaryimage"},"image":{"@id":"https:\/\/profert.dz\/fr\/index.php\/produit\/vegex-repelex\/#primaryimage"},"thumbnailUrl":"https:\/\/profert.dz\/fr\/wp-content\/uploads\/2024\/07\/god11.jpg","datePublished":"2024-07-21T08:15:48+00:00","dateModified":"2025-02-24T09:51:43+00:00","breadcrumb":{"@id":"https:\/\/profert.dz\/fr\/index.php\/produit\/vegex-repelex\/#breadcrumb"},"inLanguage":"fr-FR","potentialAction":[{"@type":"ReadAction","target":["https:\/\/profert.dz\/fr\/index.php\/produit\/vegex-repelex\/"]}]},{"@type":"ImageObject","inLanguage":"fr-FR","@id":"https:\/\/profert.dz\/fr\/index.php\/produit\/vegex-repelex\/#primaryimage","url":"https:\/\/profert.dz\/fr\/wp-content\/uploads\/2024\/07\/god11.jpg","contentUrl":"https:\/\/profert.dz\/fr\/wp-content\/uploads\/2024\/07\/god11.jpg","width":1667,"height":1539},{"@type":"BreadcrumbList","@id":"https:\/\/profert.dz\/fr\/index.php\/produit\/vegex-repelex\/#breadcrumb","itemListElement":[{"@type":"ListItem","position":1,"name":"Accueil","item":"https:\/\/profert.dz\/fr\/"},{"@type":"ListItem","position":2,"name":"Produits","item":"https:\/\/profert.dz\/fr\/index.php\/boutique\/"},{"@type":"ListItem","position":3,"name":"Vegex Repelex \u00ae"}]},{"@type":"WebSite","@id":"https:\/\/profert.dz\/fr\/#website","url":"https:\/\/profert.dz\/fr\/","name":"Profert.dz","description":"Agriculture Alg\u00e9rie","potentialAction":[{"@type":"SearchAction","target":{"@type":"EntryPoint","urlTemplate":"https:\/\/profert.dz\/fr\/?s={search_term_string}"},"query-input":{"@type":"PropertyValueSpecification","valueRequired":true,"valueName":"search_term_string"}}],"inLanguage":"fr-FR"}]}},"_links":{"self":[{"href":"https:\/\/profert.dz\/fr\/index.php\/wp-json\/wp\/v2\/product\/30158"}],"collection":[{"href":"https:\/\/profert.dz\/fr\/index.php\/wp-json\/wp\/v2\/product"}],"about":[{"href":"https:\/\/profert.dz\/fr\/index.php\/wp-json\/wp\/v2\/types\/product"}],"wp:featuredmedia":[{"embeddable":true,"href":"https:\/\/profert.dz\/fr\/index.php\/wp-json\/wp\/v2\/media\/31239"}],"wp:attachment":[{"href":"https:\/\/profert.dz\/fr\/index.php\/wp-json\/wp\/v2\/media?parent=30158"}],"wp:term":[{"taxonomy":"product_brand","embeddable":true,"href":"https:\/\/profert.dz\/fr\/index.php\/wp-json\/wp\/v2\/product_brand?post=30158"},{"taxonomy":"product_cat","embeddable":true,"href":"https:\/\/profert.dz\/fr\/index.php\/wp-json\/wp\/v2\/product_cat?post=30158"},{"taxonomy":"product_tag","embeddable":true,"href":"https:\/\/profert.dz\/fr\/index.php\/wp-json\/wp\/v2\/product_tag?post=30158"}],"curies":[{"name":"wp","href":"https:\/\/api.w.org\/{rel}","templated":true}]}}