{"id":29625,"date":"2024-07-04T11:06:11","date_gmt":"2024-07-04T09:06:11","guid":{"rendered":"https:\/\/profert.dz\/fr\/?post_type=product&#038;p=29625"},"modified":"2025-03-06T12:41:12","modified_gmt":"2025-03-06T11:41:12","slug":"heckate-2","status":"publish","type":"product","link":"https:\/\/profert.dz\/fr\/index.php\/produit\/heckate-2\/","title":{"rendered":"HECKATE <sup>\u00ae<sup>"},"content":{"rendered":"","protected":false},"excerpt":{"rendered":"<p><strong>Composition :<\/strong> 600 g\/L d\u2019Aclonif\u00e8ne.<br \/>\n<strong>Formulation :<\/strong> Suspension concentr\u00e9e (SC).<\/p>\n<p style=\"text-align: justify;\"><strong>HECKATE<sup>\u00ae<\/sup><\/strong> est un herbicide de pr\u00e9lev\u00e9e et de post lev\u00e9e pr\u00e9coce.<br \/>\n<strong>HECKATE<sup>\u00ae <\/sup><\/strong>est compos\u00e9 d\u2019Aclonif\u00e8ne, une mati\u00e8re active de la famille des Diph\u00e9nyl ethers.<br \/>\nL\u2019aclonif\u00e8ne a deux sites d\u2019action, il est \u00e0 la fois inhibiteur de la biosynth\u00e8se de la hlorophylle et de carot\u00e9no\u00efdes.<br \/>\n<strong>HECKATE<sup>\u00ae<\/sup><\/strong> est utilis\u00e9 sur plusieurs cultures. Principalement les l\u00e9gumineuses, la pomme de terre et le tournesol.<br \/>\n<strong>HECKATE<sup>\u00ae<\/sup><\/strong> est un herbicide de contact, qui agit contre la plupart des adventices dicotyl\u00e9dones (Coquelicot, Ch\u00e9nopode, Fumeterre, Gaillet, Ravenelle, Matricaire, Lamier, Renou\u00e9e des oiseaux, Renou\u00e9e des liseron\u2026).<br \/>\n<strong>HECKATE<sup>\u00ae<\/sup><\/strong> permet de contr\u00f4ler plusieurs adventices gramin\u00e9es (Ray-grass, Folle avoine, Phalaris, etc.).<\/p>\n<p><strong>Doses et utilisations homologu\u00e9es<\/strong><br \/>\n<img decoding=\"async\" class=\"alignnone size-full wp-image-29624\" src=\"https:\/\/profert.dz\/fr\/wp-content\/uploads\/2024\/07\/Tab-heckate.jpg\" alt=\"\" width=\"637\" height=\"238\" srcset=\"https:\/\/profert.dz\/fr\/wp-content\/uploads\/2024\/07\/Tab-heckate-66x25.jpg 66w, https:\/\/profert.dz\/fr\/wp-content\/uploads\/2024\/07\/Tab-heckate-177x66.jpg 177w, https:\/\/profert.dz\/fr\/wp-content\/uploads\/2024\/07\/Tab-heckate-200x75.jpg 200w, https:\/\/profert.dz\/fr\/wp-content\/uploads\/2024\/07\/Tab-heckate-300x112.jpg 300w, https:\/\/profert.dz\/fr\/wp-content\/uploads\/2024\/07\/Tab-heckate-320x120.jpg 320w, https:\/\/profert.dz\/fr\/wp-content\/uploads\/2024\/07\/Tab-heckate-400x149.jpg 400w, https:\/\/profert.dz\/fr\/wp-content\/uploads\/2024\/07\/Tab-heckate-460x172.jpg 460w, https:\/\/profert.dz\/fr\/wp-content\/uploads\/2024\/07\/Tab-heckate-500x187.jpg 500w, https:\/\/profert.dz\/fr\/wp-content\/uploads\/2024\/07\/Tab-heckate-540x202.jpg 540w, https:\/\/profert.dz\/fr\/wp-content\/uploads\/2024\/07\/Tab-heckate-600x224.jpg 600w, https:\/\/profert.dz\/fr\/wp-content\/uploads\/2024\/07\/Tab-heckate.jpg 637w\" sizes=\"(max-width: 637px) 100vw, 637px\" \/><br \/>\n<strong>* <\/strong>Maximum deux \u00e0 trois feuilles.<br \/>\n<strong>HECKATE<sup>\u00ae<\/sup><\/strong> doit \u00eatre utilis\u00e9 en respectant les recommandations suivantes :<br \/>\n\u2022 Un sol bien ameubli, sans mottes.<br \/>\n\u2022 Un sol assez humide.<br \/>\n[wpdm_package id='31925']<\/p>\n","protected":false},"featured_media":29627,"template":"","meta":[],"product_brand":[],"product_cat":[86],"product_tag":[],"class_list":{"0":"post-29625","1":"product","2":"type-product","3":"status-publish","4":"has-post-thumbnail","6":"product_cat-herbicides-00","8":"first","9":"instock","10":"shipping-taxable","11":"product-type-simple"},"yoast_head":"<!-- This site is optimized with the Yoast SEO plugin v25.6 - https:\/\/yoast.com\/wordpress\/plugins\/seo\/ -->\n<title>HECKATE \u00ae - Profert<\/title>\n<meta name=\"robots\" content=\"index, follow, max-snippet:-1, max-image-preview:large, max-video-preview:-1\" \/>\n<link rel=\"canonical\" href=\"https:\/\/profert.dz\/fr\/index.php\/produit\/heckate-2\/\" \/>\n<meta property=\"og:locale\" content=\"fr_FR\" \/>\n<meta property=\"og:type\" content=\"article\" \/>\n<meta property=\"og:title\" content=\"HECKATE \u00ae - Profert\" \/>\n<meta property=\"og:description\" content=\"Composition : 600 g\/L d\u2019Aclonif\u00e8ne. Formulation : Suspension concentr\u00e9e (SC). HECKATE\u00ae est un herbicide de pr\u00e9lev\u00e9e et de post lev\u00e9e pr\u00e9coce. HECKATE\u00ae est compos\u00e9 d\u2019Aclonif\u00e8ne, une mati\u00e8re active de la famille des Diph\u00e9nyl ethers. L\u2019aclonif\u00e8ne a deux sites d\u2019action, il est \u00e0 la fois inhibiteur de la biosynth\u00e8se de la hlorophylle et de carot\u00e9no\u00efdes. HECKATE\u00ae est utilis\u00e9 sur plusieurs cultures. Principalement les l\u00e9gumineuses, la pomme de terre et le tournesol. HECKATE\u00ae est un herbicide de contact, qui agit contre la plupart des adventices dicotyl\u00e9dones (Coquelicot, Ch\u00e9nopode, Fumeterre, Gaillet, Ravenelle, Matricaire, Lamier, Renou\u00e9e des oiseaux, Renou\u00e9e des liseron\u2026). HECKATE\u00ae permet de contr\u00f4ler plusieurs adventices gramin\u00e9es (Ray-grass, Folle avoine, Phalaris, etc.). Doses et utilisations homologu\u00e9es  * Maximum deux \u00e0 trois feuilles. HECKATE\u00ae doit \u00eatre utilis\u00e9 en respectant les recommandations suivantes : \u2022 Un sol bien ameubli, sans mottes. \u2022 Un sol assez humide.\" \/>\n<meta property=\"og:url\" content=\"https:\/\/profert.dz\/fr\/index.php\/produit\/heckate-2\/\" \/>\n<meta property=\"og:site_name\" content=\"Profert\" \/>\n<meta property=\"article:modified_time\" content=\"2025-03-06T11:41:12+00:00\" \/>\n<meta property=\"og:image\" content=\"https:\/\/profert.dz\/fr\/wp-content\/uploads\/2024\/07\/Emballage-heckate-1.jpg\" \/>\n\t<meta property=\"og:image:width\" content=\"720\" \/>\n\t<meta property=\"og:image:height\" content=\"658\" \/>\n\t<meta property=\"og:image:type\" content=\"image\/jpeg\" \/>\n<meta name=\"twitter:card\" content=\"summary_large_image\" \/>\n<meta name=\"twitter:label1\" content=\"Dur\u00e9e de lecture estim\u00e9e\" \/>\n\t<meta name=\"twitter:data1\" content=\"1 minute\" \/>\n<script type=\"application\/ld+json\" class=\"yoast-schema-graph\">{\"@context\":\"https:\/\/schema.org\",\"@graph\":[{\"@type\":\"WebPage\",\"@id\":\"https:\/\/profert.dz\/fr\/index.php\/produit\/heckate-2\/\",\"url\":\"https:\/\/profert.dz\/fr\/index.php\/produit\/heckate-2\/\",\"name\":\"HECKATE \u00ae - Profert\",\"isPartOf\":{\"@id\":\"https:\/\/profert.dz\/fr\/#website\"},\"primaryImageOfPage\":{\"@id\":\"https:\/\/profert.dz\/fr\/index.php\/produit\/heckate-2\/#primaryimage\"},\"image\":{\"@id\":\"https:\/\/profert.dz\/fr\/index.php\/produit\/heckate-2\/#primaryimage\"},\"thumbnailUrl\":\"https:\/\/profert.dz\/fr\/wp-content\/uploads\/2024\/07\/Emballage-heckate-1.jpg\",\"datePublished\":\"2024-07-04T09:06:11+00:00\",\"dateModified\":\"2025-03-06T11:41:12+00:00\",\"breadcrumb\":{\"@id\":\"https:\/\/profert.dz\/fr\/index.php\/produit\/heckate-2\/#breadcrumb\"},\"inLanguage\":\"fr-FR\",\"potentialAction\":[{\"@type\":\"ReadAction\",\"target\":[\"https:\/\/profert.dz\/fr\/index.php\/produit\/heckate-2\/\"]}]},{\"@type\":\"ImageObject\",\"inLanguage\":\"fr-FR\",\"@id\":\"https:\/\/profert.dz\/fr\/index.php\/produit\/heckate-2\/#primaryimage\",\"url\":\"https:\/\/profert.dz\/fr\/wp-content\/uploads\/2024\/07\/Emballage-heckate-1.jpg\",\"contentUrl\":\"https:\/\/profert.dz\/fr\/wp-content\/uploads\/2024\/07\/Emballage-heckate-1.jpg\",\"width\":720,\"height\":658},{\"@type\":\"BreadcrumbList\",\"@id\":\"https:\/\/profert.dz\/fr\/index.php\/produit\/heckate-2\/#breadcrumb\",\"itemListElement\":[{\"@type\":\"ListItem\",\"position\":1,\"name\":\"Accueil\",\"item\":\"https:\/\/profert.dz\/fr\/\"},{\"@type\":\"ListItem\",\"position\":2,\"name\":\"Produits\",\"item\":\"https:\/\/profert.dz\/fr\/index.php\/boutique\/\"},{\"@type\":\"ListItem\",\"position\":3,\"name\":\"HECKATE \u00ae\"}]},{\"@type\":\"WebSite\",\"@id\":\"https:\/\/profert.dz\/fr\/#website\",\"url\":\"https:\/\/profert.dz\/fr\/\",\"name\":\"Profert.dz\",\"description\":\"Agriculture Alg\u00e9rie\",\"potentialAction\":[{\"@type\":\"SearchAction\",\"target\":{\"@type\":\"EntryPoint\",\"urlTemplate\":\"https:\/\/profert.dz\/fr\/?s={search_term_string}\"},\"query-input\":{\"@type\":\"PropertyValueSpecification\",\"valueRequired\":true,\"valueName\":\"search_term_string\"}}],\"inLanguage\":\"fr-FR\"}]}<\/script>\n<!-- \/ Yoast SEO plugin. -->","yoast_head_json":{"title":"HECKATE \u00ae - Profert","robots":{"index":"index","follow":"follow","max-snippet":"max-snippet:-1","max-image-preview":"max-image-preview:large","max-video-preview":"max-video-preview:-1"},"canonical":"https:\/\/profert.dz\/fr\/index.php\/produit\/heckate-2\/","og_locale":"fr_FR","og_type":"article","og_title":"HECKATE \u00ae - Profert","og_description":"Composition : 600 g\/L d\u2019Aclonif\u00e8ne. Formulation : Suspension concentr\u00e9e (SC). HECKATE\u00ae est un herbicide de pr\u00e9lev\u00e9e et de post lev\u00e9e pr\u00e9coce. HECKATE\u00ae est compos\u00e9 d\u2019Aclonif\u00e8ne, une mati\u00e8re active de la famille des Diph\u00e9nyl ethers. L\u2019aclonif\u00e8ne a deux sites d\u2019action, il est \u00e0 la fois inhibiteur de la biosynth\u00e8se de la hlorophylle et de carot\u00e9no\u00efdes. HECKATE\u00ae est utilis\u00e9 sur plusieurs cultures. Principalement les l\u00e9gumineuses, la pomme de terre et le tournesol. HECKATE\u00ae est un herbicide de contact, qui agit contre la plupart des adventices dicotyl\u00e9dones (Coquelicot, Ch\u00e9nopode, Fumeterre, Gaillet, Ravenelle, Matricaire, Lamier, Renou\u00e9e des oiseaux, Renou\u00e9e des liseron\u2026). HECKATE\u00ae permet de contr\u00f4ler plusieurs adventices gramin\u00e9es (Ray-grass, Folle avoine, Phalaris, etc.). Doses et utilisations homologu\u00e9es  * Maximum deux \u00e0 trois feuilles. HECKATE\u00ae doit \u00eatre utilis\u00e9 en respectant les recommandations suivantes : \u2022 Un sol bien ameubli, sans mottes. \u2022 Un sol assez humide.","og_url":"https:\/\/profert.dz\/fr\/index.php\/produit\/heckate-2\/","og_site_name":"Profert","article_modified_time":"2025-03-06T11:41:12+00:00","og_image":[{"width":720,"height":658,"url":"https:\/\/profert.dz\/fr\/wp-content\/uploads\/2024\/07\/Emballage-heckate-1.jpg","type":"image\/jpeg"}],"twitter_card":"summary_large_image","twitter_misc":{"Dur\u00e9e de lecture estim\u00e9e":"1 minute"},"schema":{"@context":"https:\/\/schema.org","@graph":[{"@type":"WebPage","@id":"https:\/\/profert.dz\/fr\/index.php\/produit\/heckate-2\/","url":"https:\/\/profert.dz\/fr\/index.php\/produit\/heckate-2\/","name":"HECKATE \u00ae - Profert","isPartOf":{"@id":"https:\/\/profert.dz\/fr\/#website"},"primaryImageOfPage":{"@id":"https:\/\/profert.dz\/fr\/index.php\/produit\/heckate-2\/#primaryimage"},"image":{"@id":"https:\/\/profert.dz\/fr\/index.php\/produit\/heckate-2\/#primaryimage"},"thumbnailUrl":"https:\/\/profert.dz\/fr\/wp-content\/uploads\/2024\/07\/Emballage-heckate-1.jpg","datePublished":"2024-07-04T09:06:11+00:00","dateModified":"2025-03-06T11:41:12+00:00","breadcrumb":{"@id":"https:\/\/profert.dz\/fr\/index.php\/produit\/heckate-2\/#breadcrumb"},"inLanguage":"fr-FR","potentialAction":[{"@type":"ReadAction","target":["https:\/\/profert.dz\/fr\/index.php\/produit\/heckate-2\/"]}]},{"@type":"ImageObject","inLanguage":"fr-FR","@id":"https:\/\/profert.dz\/fr\/index.php\/produit\/heckate-2\/#primaryimage","url":"https:\/\/profert.dz\/fr\/wp-content\/uploads\/2024\/07\/Emballage-heckate-1.jpg","contentUrl":"https:\/\/profert.dz\/fr\/wp-content\/uploads\/2024\/07\/Emballage-heckate-1.jpg","width":720,"height":658},{"@type":"BreadcrumbList","@id":"https:\/\/profert.dz\/fr\/index.php\/produit\/heckate-2\/#breadcrumb","itemListElement":[{"@type":"ListItem","position":1,"name":"Accueil","item":"https:\/\/profert.dz\/fr\/"},{"@type":"ListItem","position":2,"name":"Produits","item":"https:\/\/profert.dz\/fr\/index.php\/boutique\/"},{"@type":"ListItem","position":3,"name":"HECKATE \u00ae"}]},{"@type":"WebSite","@id":"https:\/\/profert.dz\/fr\/#website","url":"https:\/\/profert.dz\/fr\/","name":"Profert.dz","description":"Agriculture Alg\u00e9rie","potentialAction":[{"@type":"SearchAction","target":{"@type":"EntryPoint","urlTemplate":"https:\/\/profert.dz\/fr\/?s={search_term_string}"},"query-input":{"@type":"PropertyValueSpecification","valueRequired":true,"valueName":"search_term_string"}}],"inLanguage":"fr-FR"}]}},"_links":{"self":[{"href":"https:\/\/profert.dz\/fr\/index.php\/wp-json\/wp\/v2\/product\/29625"}],"collection":[{"href":"https:\/\/profert.dz\/fr\/index.php\/wp-json\/wp\/v2\/product"}],"about":[{"href":"https:\/\/profert.dz\/fr\/index.php\/wp-json\/wp\/v2\/types\/product"}],"wp:featuredmedia":[{"embeddable":true,"href":"https:\/\/profert.dz\/fr\/index.php\/wp-json\/wp\/v2\/media\/29627"}],"wp:attachment":[{"href":"https:\/\/profert.dz\/fr\/index.php\/wp-json\/wp\/v2\/media?parent=29625"}],"wp:term":[{"taxonomy":"product_brand","embeddable":true,"href":"https:\/\/profert.dz\/fr\/index.php\/wp-json\/wp\/v2\/product_brand?post=29625"},{"taxonomy":"product_cat","embeddable":true,"href":"https:\/\/profert.dz\/fr\/index.php\/wp-json\/wp\/v2\/product_cat?post=29625"},{"taxonomy":"product_tag","embeddable":true,"href":"https:\/\/profert.dz\/fr\/index.php\/wp-json\/wp\/v2\/product_tag?post=29625"}],"curies":[{"name":"wp","href":"https:\/\/api.w.org\/{rel}","templated":true}]}}