{"id":28987,"date":"2024-03-13T12:41:09","date_gmt":"2024-03-13T11:41:09","guid":{"rendered":"https:\/\/profert.dz\/fr\/?post_type=product&#038;p=28987"},"modified":"2025-02-13T10:01:25","modified_gmt":"2025-02-13T09:01:25","slug":"isomate","status":"publish","type":"product","link":"https:\/\/profert.dz\/fr\/index.php\/produit\/isomate\/","title":{"rendered":"ISOMATE<sup>\u00ae<\/sup>OFM-TT"},"content":{"rendered":"","protected":false},"excerpt":{"rendered":"<p><strong>Cat\u00e9gorie :<\/strong> \u00a0m\u00e9diateur chimique<br \/>\n<strong>Composition :<\/strong> \u00a0ac\u00e9tate de Z-8-dod\u00e9c\u00e9nyle, ac\u00e9tate de E-8-dod\u00e9cenyle, Z-8-dod\u00e9c\u00e9nol<br \/>\n<strong>Concentration :<\/strong> \u00a0446,4 mg\/diffuseur, 28,8 mg\/diffuseur, 4,8 mg\/diffuseur<br \/>\n<strong>Formulation :<\/strong> \u00a0\u00a0Diffuseurs de Vapeur<\/p>\n<p><strong>ISOMATE<sup>\u00ae<\/sup>OFM-TT<\/strong> est un diffuseur de ph\u00e9romones destin\u00e9 \u00e0 la lutte, par confusion sexuelle. Il est efficace contre la tordeuse orientale du p\u00eacher <em>(Cydia molesta)<\/em>, en vergers de p\u00eachers, abricotiers, pommiers, poiriers et contre le carpocapse des prunes <em>(Cydia funebrana)<\/em>.<\/p>\n<p><strong>MODE D\u2019ACTION :<\/strong><br \/>\n<strong>ISOMATE<sup>\u00ae<\/sup>OFM-TT <\/strong>\u00e9met un m\u00e9lange ph\u00e9romonal. Il reproduit les principaux composants de la ph\u00e9romone naturelle de la femelle de la tordeuse orientale du p\u00eacher et le carpocapse des prunes. Ce m\u00e9lange, lib\u00e9r\u00e9 dans l\u2019atmosph\u00e8re, d\u00e9soriente le m\u00e2le et emp\u00eache son accouplement avec la femelle. Le cycle du ravageur est ainsi interrompu d\u00e8s le premier vol, et avant son stade nuisible.<\/p>\n<p style=\"text-align: justify;\"><strong>USAGES ET DOSES RECOMMAND\u00c9S :<\/strong><\/p>\n<table style=\"height: 267px; width: 100.1%; border-collapse: collapse; margin-bottom: 20px;\" border=\"1\" cellpadding=\"5\">\n<tbody>\n<tr style=\"height: 38px;\">\n<td style=\"width: 11.6466%; vertical-align: middle; height: 38px;\">\n<h3><span style=\"font-size: 12pt;\"><strong>Cultures <\/strong><\/span><\/h3>\n<\/td>\n<td style=\"width: 15.1624%; vertical-align: middle; height: 38px;\">\n<h3><span style=\"font-size: 12pt;\"><strong>Cibles <\/strong><\/span><\/h3>\n<\/td>\n<td style=\"width: 24.8538%; vertical-align: middle; height: 38px;\">\n<h3><span style=\"font-size: 12pt;\"><strong>Doses<\/strong><\/span><\/h3>\n<\/td>\n<td style=\"width: 12.0924%; vertical-align: middle; height: 38px;\">\n<h3><span style=\"font-size: 12pt;\"><strong>Stade d\u2019application <\/strong><\/span><\/h3>\n<\/td>\n<\/tr>\n<tr style=\"height: 48px;\">\n<td style=\"width: 11.6466%; vertical-align: middle; height: 48px;\">P\u00eacher<br \/>\nAbricotier<\/td>\n<td style=\"width: 15.1624%; vertical-align: middle; height: 96px;\" rowspan=\"2\">Tordeuse Orientale<\/p>\n<p><em>(Cydia molesta)<\/em><\/td>\n<td style=\"width: 24.8538%; vertical-align: middle; height: 48px;\">250 diffuseurs\/ha parcelle avec une surface minimale de 1 ha<\/td>\n<td style=\"width: 12.0924%; vertical-align: middle; height: 229px;\" rowspan=\"4\">D\u00e9but floraison<\/td>\n<\/tr>\n<tr style=\"height: 48px;\">\n<td style=\"width: 11.6466%; vertical-align: middle; height: 48px;\">Pommier<br \/>\nPoirier<\/td>\n<td style=\"width: 24.8538%; vertical-align: middle; height: 48px;\">250 diffuseurs\/ha parcelle avec une surface minimale de 2 \u00e0 3 ha<\/td>\n<\/tr>\n<tr style=\"height: 72px;\">\n<td style=\"width: 11.6466%; vertical-align: middle; height: 133px;\" rowspan=\"2\">Prunier<\/td>\n<td style=\"width: 15.1624%; vertical-align: middle; height: 37px;\">Carpocapse<\/p>\n<p><em>(Cydia funebrana)<\/em><\/td>\n<td style=\"width: 24.8538%; vertical-align: middle; height: 133px;\" rowspan=\"2\">300 diffuseurs\/ha parcelle avec une surface minimale de 2 \u00e0 3 ha<\/td>\n<\/tr>\n<tr style=\"height: 96px;\">\n<td style=\"width: 15.1624%; vertical-align: middle; height: 96px;\">Tordeuse Orientale<\/p>\n<p>(Cydia molesta)<\/td>\n<\/tr>\n<\/tbody>\n<\/table>\n<p><strong>AVANTAGES :<\/strong><\/p>\n<p style=\"text-align: justify;\"><strong>ISOMATE<sup>\u00ae<\/sup>OFM-TT <\/strong>est un diffuseur qui prot\u00e8ge cinq cultures contre deux ravageurs.<br \/>\n<strong>ISOMATE<sup>\u00ae<\/sup>OFM-TT <\/strong>est un de diffuseur \u00e0 capillarit\u00e9 et porosit\u00e9 brevet\u00e9 de la derni\u00e8re technologie japonaise.<br \/>\n<strong>ISOMATE<sup>\u00ae<\/sup>OFM-TT <\/strong>est un diffuseur optimis\u00e9 pour une diffusion tout au long de la saison, avec une grande r\u00e9gularit\u00e9 de relargage des ph\u00e9romones.<br \/>\n<strong>ISOMATE<sup>\u00ae<\/sup>OFM-TT<\/strong>s\u2019applique en une seule fois, au stade floraison.<br \/>\n<strong>ISOMATE<sup>\u00ae<\/sup>OFM-TT<\/strong>a une r\u00e9manence de 06 mois.<br \/>\n<strong>ISOMATE<sup>\u00ae<\/sup>OFM-TT<\/strong>est utilisable en agriculture biologique.<br \/>\n<strong>ISOMATE<sup>\u00ae<\/sup>OFM-TT<\/strong>ne laisse pas de r\u00e9sidus dans le fruit. Il n\u2019y a pas besoin de respecter de d\u00e9lai avant r\u00e9colte (DAR).<br \/>\n<strong>ISOMATE<sup>\u00ae<\/sup>OFM-TT<\/strong>n\u2019est pas affect\u00e9 par les conditions climatiques.<\/p>\n<p><strong>RECOMMANDATIONS :<\/strong><br \/>\n\u2022 La zone prot\u00e9g\u00e9e par <strong>ISOMATE OFM-TT<\/strong> doit \u00eatre de forme compacte et avoir une surface minimale de 1ha.<br \/>\n\u2022 L\u2019application de <strong>ISOMATE OFM-TT<\/strong> doit se faire dans un verger o\u00f9 la plantation est homog\u00e8ne et suffisamment d\u00e9velopp\u00e9e.<br \/>\n\u2022 Appliquer les diffuseurs avant le d\u00e9but du vol de la premi\u00e8re g\u00e9n\u00e9ration.<br \/>\n\u2022 Renforcer la protection des bordures en doublant la densit\u00e9 de diffuseurs.<br \/>\n\u2022 Appliquer les diffuseurs dans le tiers sup\u00e9rieur de l\u2019arbre, r\u00e9partis de mani\u00e8re homog\u00e8ne sur la parcelle.<br \/>\n\u2022 Il est conseill\u00e9 d\u2019effectuer un suivi r\u00e9gulier, tout au long de la saison, dans le but de positionner des applications \u00e9ventuelles d\u2019insecticides compl\u00e9mentaires.<\/p>\n","protected":false},"featured_media":29192,"template":"","meta":[],"product_brand":[],"product_cat":[219,236],"product_tag":[],"class_list":{"0":"post-28987","1":"product","2":"type-product","3":"status-publish","4":"has-post-thumbnail","6":"product_cat-confusion-sexuelle","7":"product_cat-confusion-sexuelle-biocontroles","9":"first","10":"instock","11":"shipping-taxable","12":"product-type-simple"},"yoast_head":"<!-- This site is optimized with the Yoast SEO plugin v25.6 - https:\/\/yoast.com\/wordpress\/plugins\/seo\/ -->\n<title>ISOMATE\u00aeOFM-TT - Profert<\/title>\n<meta name=\"robots\" content=\"index, follow, max-snippet:-1, max-image-preview:large, max-video-preview:-1\" \/>\n<link rel=\"canonical\" href=\"https:\/\/profert.dz\/fr\/index.php\/produit\/isomate\/\" \/>\n<meta property=\"og:locale\" content=\"fr_FR\" \/>\n<meta property=\"og:type\" content=\"article\" \/>\n<meta property=\"og:title\" content=\"ISOMATE\u00aeOFM-TT - Profert\" \/>\n<meta property=\"og:description\" content=\"Cat\u00e9gorie : \u00a0m\u00e9diateur chimique Composition : \u00a0ac\u00e9tate de Z-8-dod\u00e9c\u00e9nyle, ac\u00e9tate de E-8-dod\u00e9cenyle, Z-8-dod\u00e9c\u00e9nol Concentration : \u00a0446,4 mg\/diffuseur, 28,8 mg\/diffuseur, 4,8 mg\/diffuseur Formulation : \u00a0\u00a0Diffuseurs de Vapeur  ISOMATE\u00aeOFM-TT est un diffuseur de ph\u00e9romones destin\u00e9 \u00e0 la lutte, par confusion sexuelle. Il est efficace contre la tordeuse orientale du p\u00eacher (Cydia molesta), en vergers de p\u00eachers, abricotiers, pommiers, poiriers et contre le carpocapse des prunes (Cydia funebrana).  MODE D\u2019ACTION : ISOMATE\u00aeOFM-TT \u00e9met un m\u00e9lange ph\u00e9romonal. Il reproduit les principaux composants de la ph\u00e9romone naturelle de la femelle de la tordeuse orientale du p\u00eacher et le carpocapse des prunes. Ce m\u00e9lange, lib\u00e9r\u00e9 dans l\u2019atmosph\u00e8re, d\u00e9soriente le m\u00e2le et emp\u00eache son accouplement avec la femelle. Le cycle du ravageur est ainsi interrompu d\u00e8s le premier vol, et avant son stade nuisible. USAGES ET DOSES RECOMMAND\u00c9S :      Cultures    Cibles    Doses   Stade d\u2019application     P\u00eacher Abricotier Tordeuse Orientale  (Cydia molesta) 250 diffuseurs\/ha parcelle avec une surface minimale de 1 ha D\u00e9but floraison   Pommier Poirier 250 diffuseurs\/ha parcelle avec une surface minimale de 2 \u00e0 3 ha   Prunier Carpocapse  (Cydia funebrana) 300 diffuseurs\/ha parcelle avec une surface minimale de 2 \u00e0 3 ha   Tordeuse Orientale  (Cydia molesta)    AVANTAGES : ISOMATE\u00aeOFM-TT est un diffuseur qui prot\u00e8ge cinq cultures contre deux ravageurs. ISOMATE\u00aeOFM-TT est un de diffuseur \u00e0 capillarit\u00e9 et porosit\u00e9 brevet\u00e9 de la derni\u00e8re technologie japonaise. ISOMATE\u00aeOFM-TT est un diffuseur optimis\u00e9 pour une diffusion tout au long de la saison, avec une grande r\u00e9gularit\u00e9 de relargage des ph\u00e9romones. ISOMATE\u00aeOFM-TTs\u2019applique en une seule fois, au stade floraison. ISOMATE\u00aeOFM-TTa une r\u00e9manence de 06 mois. ISOMATE\u00aeOFM-TTest utilisable en agriculture biologique. ISOMATE\u00aeOFM-TTne laisse pas de r\u00e9sidus dans le fruit. Il n\u2019y a pas besoin de respecter de d\u00e9lai avant r\u00e9colte (DAR). ISOMATE\u00aeOFM-TTn\u2019est pas affect\u00e9 par les conditions climatiques. RECOMMANDATIONS : \u2022 La zone prot\u00e9g\u00e9e par ISOMATE OFM-TT doit \u00eatre de forme compacte et avoir une surface minimale de 1ha. \u2022 L\u2019application de ISOMATE OFM-TT doit se faire dans un verger o\u00f9 la plantation est homog\u00e8ne et suffisamment d\u00e9velopp\u00e9e. \u2022 Appliquer les diffuseurs avant le d\u00e9but du vol de la premi\u00e8re g\u00e9n\u00e9ration. \u2022 Renforcer la protection des bordures en doublant la densit\u00e9 de diffuseurs. \u2022 Appliquer les diffuseurs dans le tiers sup\u00e9rieur de l\u2019arbre, r\u00e9partis de mani\u00e8re homog\u00e8ne sur la parcelle. \u2022 Il est conseill\u00e9 d\u2019effectuer un suivi r\u00e9gulier, tout au long de la saison, dans le but de positionner des applications \u00e9ventuelles d\u2019insecticides compl\u00e9mentaires.\" \/>\n<meta property=\"og:url\" content=\"https:\/\/profert.dz\/fr\/index.php\/produit\/isomate\/\" \/>\n<meta property=\"og:site_name\" content=\"Profert\" \/>\n<meta property=\"article:modified_time\" content=\"2025-02-13T09:01:25+00:00\" \/>\n<meta property=\"og:image\" content=\"https:\/\/profert.dz\/fr\/wp-content\/uploads\/2024\/03\/Isomate-Produit.jpg\" \/>\n\t<meta property=\"og:image:width\" content=\"720\" \/>\n\t<meta property=\"og:image:height\" content=\"658\" \/>\n\t<meta property=\"og:image:type\" content=\"image\/jpeg\" \/>\n<meta name=\"twitter:card\" content=\"summary_large_image\" \/>\n<meta name=\"twitter:label1\" content=\"Dur\u00e9e de lecture estim\u00e9e\" \/>\n\t<meta name=\"twitter:data1\" content=\"1 minute\" \/>\n<script type=\"application\/ld+json\" class=\"yoast-schema-graph\">{\"@context\":\"https:\/\/schema.org\",\"@graph\":[{\"@type\":\"WebPage\",\"@id\":\"https:\/\/profert.dz\/fr\/index.php\/produit\/isomate\/\",\"url\":\"https:\/\/profert.dz\/fr\/index.php\/produit\/isomate\/\",\"name\":\"ISOMATE\u00aeOFM-TT - Profert\",\"isPartOf\":{\"@id\":\"https:\/\/profert.dz\/fr\/#website\"},\"primaryImageOfPage\":{\"@id\":\"https:\/\/profert.dz\/fr\/index.php\/produit\/isomate\/#primaryimage\"},\"image\":{\"@id\":\"https:\/\/profert.dz\/fr\/index.php\/produit\/isomate\/#primaryimage\"},\"thumbnailUrl\":\"https:\/\/profert.dz\/fr\/wp-content\/uploads\/2024\/03\/Isomate-Produit.jpg\",\"datePublished\":\"2024-03-13T11:41:09+00:00\",\"dateModified\":\"2025-02-13T09:01:25+00:00\",\"breadcrumb\":{\"@id\":\"https:\/\/profert.dz\/fr\/index.php\/produit\/isomate\/#breadcrumb\"},\"inLanguage\":\"fr-FR\",\"potentialAction\":[{\"@type\":\"ReadAction\",\"target\":[\"https:\/\/profert.dz\/fr\/index.php\/produit\/isomate\/\"]}]},{\"@type\":\"ImageObject\",\"inLanguage\":\"fr-FR\",\"@id\":\"https:\/\/profert.dz\/fr\/index.php\/produit\/isomate\/#primaryimage\",\"url\":\"https:\/\/profert.dz\/fr\/wp-content\/uploads\/2024\/03\/Isomate-Produit.jpg\",\"contentUrl\":\"https:\/\/profert.dz\/fr\/wp-content\/uploads\/2024\/03\/Isomate-Produit.jpg\",\"width\":720,\"height\":658},{\"@type\":\"BreadcrumbList\",\"@id\":\"https:\/\/profert.dz\/fr\/index.php\/produit\/isomate\/#breadcrumb\",\"itemListElement\":[{\"@type\":\"ListItem\",\"position\":1,\"name\":\"Accueil\",\"item\":\"https:\/\/profert.dz\/fr\/\"},{\"@type\":\"ListItem\",\"position\":2,\"name\":\"Produits\",\"item\":\"https:\/\/profert.dz\/fr\/index.php\/boutique\/\"},{\"@type\":\"ListItem\",\"position\":3,\"name\":\"ISOMATE\u00aeOFM-TT\"}]},{\"@type\":\"WebSite\",\"@id\":\"https:\/\/profert.dz\/fr\/#website\",\"url\":\"https:\/\/profert.dz\/fr\/\",\"name\":\"Profert.dz\",\"description\":\"Agriculture Alg\u00e9rie\",\"potentialAction\":[{\"@type\":\"SearchAction\",\"target\":{\"@type\":\"EntryPoint\",\"urlTemplate\":\"https:\/\/profert.dz\/fr\/?s={search_term_string}\"},\"query-input\":{\"@type\":\"PropertyValueSpecification\",\"valueRequired\":true,\"valueName\":\"search_term_string\"}}],\"inLanguage\":\"fr-FR\"}]}<\/script>\n<!-- \/ Yoast SEO plugin. -->","yoast_head_json":{"title":"ISOMATE\u00aeOFM-TT - Profert","robots":{"index":"index","follow":"follow","max-snippet":"max-snippet:-1","max-image-preview":"max-image-preview:large","max-video-preview":"max-video-preview:-1"},"canonical":"https:\/\/profert.dz\/fr\/index.php\/produit\/isomate\/","og_locale":"fr_FR","og_type":"article","og_title":"ISOMATE\u00aeOFM-TT - Profert","og_description":"Cat\u00e9gorie : \u00a0m\u00e9diateur chimique Composition : \u00a0ac\u00e9tate de Z-8-dod\u00e9c\u00e9nyle, ac\u00e9tate de E-8-dod\u00e9cenyle, Z-8-dod\u00e9c\u00e9nol Concentration : \u00a0446,4 mg\/diffuseur, 28,8 mg\/diffuseur, 4,8 mg\/diffuseur Formulation : \u00a0\u00a0Diffuseurs de Vapeur  ISOMATE\u00aeOFM-TT est un diffuseur de ph\u00e9romones destin\u00e9 \u00e0 la lutte, par confusion sexuelle. Il est efficace contre la tordeuse orientale du p\u00eacher (Cydia molesta), en vergers de p\u00eachers, abricotiers, pommiers, poiriers et contre le carpocapse des prunes (Cydia funebrana).  MODE D\u2019ACTION : ISOMATE\u00aeOFM-TT \u00e9met un m\u00e9lange ph\u00e9romonal. Il reproduit les principaux composants de la ph\u00e9romone naturelle de la femelle de la tordeuse orientale du p\u00eacher et le carpocapse des prunes. Ce m\u00e9lange, lib\u00e9r\u00e9 dans l\u2019atmosph\u00e8re, d\u00e9soriente le m\u00e2le et emp\u00eache son accouplement avec la femelle. Le cycle du ravageur est ainsi interrompu d\u00e8s le premier vol, et avant son stade nuisible. USAGES ET DOSES RECOMMAND\u00c9S :      Cultures    Cibles    Doses   Stade d\u2019application     P\u00eacher Abricotier Tordeuse Orientale  (Cydia molesta) 250 diffuseurs\/ha parcelle avec une surface minimale de 1 ha D\u00e9but floraison   Pommier Poirier 250 diffuseurs\/ha parcelle avec une surface minimale de 2 \u00e0 3 ha   Prunier Carpocapse  (Cydia funebrana) 300 diffuseurs\/ha parcelle avec une surface minimale de 2 \u00e0 3 ha   Tordeuse Orientale  (Cydia molesta)    AVANTAGES : ISOMATE\u00aeOFM-TT est un diffuseur qui prot\u00e8ge cinq cultures contre deux ravageurs. ISOMATE\u00aeOFM-TT est un de diffuseur \u00e0 capillarit\u00e9 et porosit\u00e9 brevet\u00e9 de la derni\u00e8re technologie japonaise. ISOMATE\u00aeOFM-TT est un diffuseur optimis\u00e9 pour une diffusion tout au long de la saison, avec une grande r\u00e9gularit\u00e9 de relargage des ph\u00e9romones. ISOMATE\u00aeOFM-TTs\u2019applique en une seule fois, au stade floraison. ISOMATE\u00aeOFM-TTa une r\u00e9manence de 06 mois. ISOMATE\u00aeOFM-TTest utilisable en agriculture biologique. ISOMATE\u00aeOFM-TTne laisse pas de r\u00e9sidus dans le fruit. Il n\u2019y a pas besoin de respecter de d\u00e9lai avant r\u00e9colte (DAR). ISOMATE\u00aeOFM-TTn\u2019est pas affect\u00e9 par les conditions climatiques. RECOMMANDATIONS : \u2022 La zone prot\u00e9g\u00e9e par ISOMATE OFM-TT doit \u00eatre de forme compacte et avoir une surface minimale de 1ha. \u2022 L\u2019application de ISOMATE OFM-TT doit se faire dans un verger o\u00f9 la plantation est homog\u00e8ne et suffisamment d\u00e9velopp\u00e9e. \u2022 Appliquer les diffuseurs avant le d\u00e9but du vol de la premi\u00e8re g\u00e9n\u00e9ration. \u2022 Renforcer la protection des bordures en doublant la densit\u00e9 de diffuseurs. \u2022 Appliquer les diffuseurs dans le tiers sup\u00e9rieur de l\u2019arbre, r\u00e9partis de mani\u00e8re homog\u00e8ne sur la parcelle. \u2022 Il est conseill\u00e9 d\u2019effectuer un suivi r\u00e9gulier, tout au long de la saison, dans le but de positionner des applications \u00e9ventuelles d\u2019insecticides compl\u00e9mentaires.","og_url":"https:\/\/profert.dz\/fr\/index.php\/produit\/isomate\/","og_site_name":"Profert","article_modified_time":"2025-02-13T09:01:25+00:00","og_image":[{"width":720,"height":658,"url":"https:\/\/profert.dz\/fr\/wp-content\/uploads\/2024\/03\/Isomate-Produit.jpg","type":"image\/jpeg"}],"twitter_card":"summary_large_image","twitter_misc":{"Dur\u00e9e de lecture estim\u00e9e":"1 minute"},"schema":{"@context":"https:\/\/schema.org","@graph":[{"@type":"WebPage","@id":"https:\/\/profert.dz\/fr\/index.php\/produit\/isomate\/","url":"https:\/\/profert.dz\/fr\/index.php\/produit\/isomate\/","name":"ISOMATE\u00aeOFM-TT - Profert","isPartOf":{"@id":"https:\/\/profert.dz\/fr\/#website"},"primaryImageOfPage":{"@id":"https:\/\/profert.dz\/fr\/index.php\/produit\/isomate\/#primaryimage"},"image":{"@id":"https:\/\/profert.dz\/fr\/index.php\/produit\/isomate\/#primaryimage"},"thumbnailUrl":"https:\/\/profert.dz\/fr\/wp-content\/uploads\/2024\/03\/Isomate-Produit.jpg","datePublished":"2024-03-13T11:41:09+00:00","dateModified":"2025-02-13T09:01:25+00:00","breadcrumb":{"@id":"https:\/\/profert.dz\/fr\/index.php\/produit\/isomate\/#breadcrumb"},"inLanguage":"fr-FR","potentialAction":[{"@type":"ReadAction","target":["https:\/\/profert.dz\/fr\/index.php\/produit\/isomate\/"]}]},{"@type":"ImageObject","inLanguage":"fr-FR","@id":"https:\/\/profert.dz\/fr\/index.php\/produit\/isomate\/#primaryimage","url":"https:\/\/profert.dz\/fr\/wp-content\/uploads\/2024\/03\/Isomate-Produit.jpg","contentUrl":"https:\/\/profert.dz\/fr\/wp-content\/uploads\/2024\/03\/Isomate-Produit.jpg","width":720,"height":658},{"@type":"BreadcrumbList","@id":"https:\/\/profert.dz\/fr\/index.php\/produit\/isomate\/#breadcrumb","itemListElement":[{"@type":"ListItem","position":1,"name":"Accueil","item":"https:\/\/profert.dz\/fr\/"},{"@type":"ListItem","position":2,"name":"Produits","item":"https:\/\/profert.dz\/fr\/index.php\/boutique\/"},{"@type":"ListItem","position":3,"name":"ISOMATE\u00aeOFM-TT"}]},{"@type":"WebSite","@id":"https:\/\/profert.dz\/fr\/#website","url":"https:\/\/profert.dz\/fr\/","name":"Profert.dz","description":"Agriculture Alg\u00e9rie","potentialAction":[{"@type":"SearchAction","target":{"@type":"EntryPoint","urlTemplate":"https:\/\/profert.dz\/fr\/?s={search_term_string}"},"query-input":{"@type":"PropertyValueSpecification","valueRequired":true,"valueName":"search_term_string"}}],"inLanguage":"fr-FR"}]}},"_links":{"self":[{"href":"https:\/\/profert.dz\/fr\/index.php\/wp-json\/wp\/v2\/product\/28987"}],"collection":[{"href":"https:\/\/profert.dz\/fr\/index.php\/wp-json\/wp\/v2\/product"}],"about":[{"href":"https:\/\/profert.dz\/fr\/index.php\/wp-json\/wp\/v2\/types\/product"}],"wp:featuredmedia":[{"embeddable":true,"href":"https:\/\/profert.dz\/fr\/index.php\/wp-json\/wp\/v2\/media\/29192"}],"wp:attachment":[{"href":"https:\/\/profert.dz\/fr\/index.php\/wp-json\/wp\/v2\/media?parent=28987"}],"wp:term":[{"taxonomy":"product_brand","embeddable":true,"href":"https:\/\/profert.dz\/fr\/index.php\/wp-json\/wp\/v2\/product_brand?post=28987"},{"taxonomy":"product_cat","embeddable":true,"href":"https:\/\/profert.dz\/fr\/index.php\/wp-json\/wp\/v2\/product_cat?post=28987"},{"taxonomy":"product_tag","embeddable":true,"href":"https:\/\/profert.dz\/fr\/index.php\/wp-json\/wp\/v2\/product_tag?post=28987"}],"curies":[{"name":"wp","href":"https:\/\/api.w.org\/{rel}","templated":true}]}}