{"id":28981,"date":"2024-03-13T10:59:49","date_gmt":"2024-03-13T09:59:49","guid":{"rendered":"https:\/\/profert.dz\/fr\/?post_type=product&#038;p=28981"},"modified":"2025-02-13T09:53:23","modified_gmt":"2025-02-13T08:53:23","slug":"ginko","status":"publish","type":"product","link":"https:\/\/profert.dz\/fr\/index.php\/produit\/ginko\/","title":{"rendered":"Ginko"},"content":{"rendered":"","protected":false},"excerpt":{"rendered":"<p><strong>Cat\u00e9gorie :<\/strong> m\u00e9diateur chimique.<br \/>\n<strong>Composition :<\/strong> E, E-8, 10-dod\u00e9cadinol 1-ol, 1-dod\u00e9canol, 1-t\u00e9trad\u00e9canol.<br \/>\n<strong>Concentration :<\/strong> 254 mg\/diffuseur + 132 mg\/diffuseur + 31mg\/diffuseur.<br \/>\n<strong>Formulation :<\/strong> Diffuseur de Vapeur.<\/p>\n<p><strong>Ginko<sup>\u00ae<\/sup><\/strong> est un diffuseur de ph\u00e9romones destin\u00e9 \u00e0 la lutte biologique, par confusion sexuelle, contre le carpocapse <em>(Cydia pomonella)<\/em>, dans les cultures de pommiers et poiriers.<\/p>\n<p><strong>MODE D\u2019ACTION :<\/strong><br \/>\n<strong>Ginko<sup>\u00ae<\/sup> <\/strong>\u00e9met un m\u00e9lange ph\u00e9romonal. Il reproduit les principaux composants de la ph\u00e9romone naturelle de la femelle du carpocapse. Ce m\u00e9lange, lib\u00e9r\u00e9 dans l\u2019atmosph\u00e8re, d\u00e9soriente le m\u00e2le du carpocapse. Il emp\u00eache son accouplement avec la femelle. Le cycle du carpocapse est ainsi interrompu d\u00e8s le premier vol et avant son stade de nuisibilit\u00e9.<\/p>\n<p><b><span style=\"color: windowtext;\">USAGES ET DOSES RECOMMAND\u00c9S :<\/span><\/b><\/p>\n<table style=\"height: 122px; width: 100.1%; border-collapse: collapse; margin-bottom: 20px;\" border=\"1\" cellpadding=\"5\">\n<tbody>\n<tr style=\"height: 10px;\">\n<td style=\"width: 11.6466%; vertical-align: middle; height: 10px;\">\n<h3><span style=\"font-size: 12pt;\"><strong>Cultures<\/strong><\/span><\/h3>\n<\/td>\n<td style=\"width: 20.494%; vertical-align: middle; height: 10px;\">\n<h3><span style=\"font-size: 12pt;\"><strong>Cible<\/strong><\/span><\/h3>\n<\/td>\n<td style=\"width: 20.494%; vertical-align: middle; height: 10px;\">\n<h3><span style=\"font-size: 12pt;\"><strong>Dose<\/strong><\/span><\/h3>\n<\/td>\n<td style=\"width: 11.6466%; vertical-align: middle; height: 10px;\">\n<h3><span style=\"font-size: 12pt;\"><strong>Stade d\u2019application<\/strong><\/span><\/h3>\n<\/td>\n<\/tr>\n<tr style=\"height: 112px;\">\n<td style=\"width: 11.6466%; vertical-align: middle; height: 112px;\">Pommier<br \/>\nPoirier<br \/>\nCognassier<br \/>\nNoyer<\/td>\n<td style=\"width: 20.494%; vertical-align: middle; height: 112px;\" rowspan=\"2\"><em>Carpocapse (Cydia pomonella)<\/em><\/td>\n<td style=\"width: 20.494%; vertical-align: middle; height: 112px;\" rowspan=\"2\">500 diffuseurs\/ha<\/td>\n<td style=\"width: 11.6466%; vertical-align: middle; height: 112px;\" rowspan=\"2\">Floraison<\/td>\n<\/tr>\n<\/tbody>\n<\/table>\n<p><strong>AVANTAGES :<\/strong><\/p>\n<p style=\"text-align: justify;\"><strong>Ginko<sup>\u00ae<\/sup><\/strong> est un diffuseur \u00e0 capillarit\u00e9 et porosit\u00e9 brevet\u00e9 de la derni\u00e8re technologie japonaise.<\/p>\n<p style=\"text-align: justify;\"><strong>Ginko<sup>\u00ae<\/sup><\/strong> est un diffuseur optimis\u00e9 pour une diffusion tout au long de la saison, avec une grande r\u00e9gularit\u00e9 de relargage des ph\u00e9romones.<\/p>\n<p style=\"text-align: justify;\"><strong>Ginko<sup>\u00ae<\/sup><\/strong> s\u2019applique en une seule fois, au stade floraison. Il a une r\u00e9manence de 06 mois.<\/p>\n<p style=\"text-align: justify;\"><strong>Ginko<sup>\u00ae<\/sup><\/strong> est utilisable en agriculture biologique.<\/p>\n<p style=\"text-align: justify;\"><strong>Ginko<sup>\u00ae<\/sup><\/strong> pr\u00e9serve les insectes pollinisateurs et la faune auxiliaire.<\/p>\n<p style=\"text-align: justify;\"><strong>Ginko<sup>\u00ae<\/sup><\/strong> ne laisse pas de r\u00e9sidus dans le fruit. Il n\u2019y a pas besoin de respecter de d\u00e9lai avant r\u00e9colte (DAR).<\/p>\n<p style=\"text-align: justify;\"><strong>Ginko<sup>\u00ae<\/sup><\/strong> n\u2019est pas affect\u00e9 par les conditions climatiques.<\/p>\n<p><strong>RECOMMANDATIONS :<\/strong><br \/>\n\u2022 La zone prot\u00e9g\u00e9e par <strong>Ginko<\/strong> doit \u00eatre de forme compacte et avoir une surface minimale de 3ha.<br \/>\n\u2022 L\u2019application de <strong>Ginko<\/strong> doit se faire dans un verger o\u00f9 la plantation est homog\u00e8ne et suffisamment d\u00e9velopp\u00e9e.<br \/>\n\u2022 Il est recommand\u00e9 d\u2019appliquer les diffuseurs avant le d\u00e9but du vol de la premi\u00e8re g\u00e9n\u00e9ration<br \/>\n\u2022 Appliquer 500 diffuseurs par hectare, r\u00e9partis de mani\u00e8re homog\u00e8ne sur la parcelle.<br \/>\n\u2022 D\u00e9poser les diffuseurs dans le tiers sup\u00e9rieur de l\u2019arbre.<br \/>\n\u2022 Eviter de poser sur les branches qui risquent de descendre par la suite avec le poids des fruits.<br \/>\n\u2022 Il est recommand\u00e9 de renforcer la protection des bordures en doublant la densit\u00e9 de diffuseurs.<br \/>\n\u2022 Il est conseill\u00e9 d\u2019effectuer un suivi r\u00e9gulier tout au long de la saison dans le but de positionner des applications \u00e9ventuelles d\u2019insecticides compl\u00e9mentaires.<\/p>\n","protected":false},"featured_media":29193,"template":"","meta":[],"product_brand":[],"product_cat":[219,236],"product_tag":[],"class_list":{"0":"post-28981","1":"product","2":"type-product","3":"status-publish","4":"has-post-thumbnail","6":"product_cat-confusion-sexuelle","7":"product_cat-confusion-sexuelle-biocontroles","9":"first","10":"instock","11":"shipping-taxable","12":"product-type-simple"},"yoast_head":"<!-- This site is optimized with the Yoast SEO plugin v25.6 - https:\/\/yoast.com\/wordpress\/plugins\/seo\/ -->\n<title>Ginko - Profert<\/title>\n<meta name=\"robots\" content=\"index, follow, max-snippet:-1, max-image-preview:large, max-video-preview:-1\" \/>\n<link rel=\"canonical\" href=\"https:\/\/profert.dz\/fr\/index.php\/produit\/ginko\/\" \/>\n<meta property=\"og:locale\" content=\"fr_FR\" \/>\n<meta property=\"og:type\" content=\"article\" \/>\n<meta property=\"og:title\" content=\"Ginko - Profert\" \/>\n<meta property=\"og:description\" content=\"Cat\u00e9gorie : m\u00e9diateur chimique. Composition : E, E-8, 10-dod\u00e9cadinol 1-ol, 1-dod\u00e9canol, 1-t\u00e9trad\u00e9canol. Concentration : 254 mg\/diffuseur + 132 mg\/diffuseur + 31mg\/diffuseur. Formulation : Diffuseur de Vapeur.  Ginko\u00ae est un diffuseur de ph\u00e9romones destin\u00e9 \u00e0 la lutte biologique, par confusion sexuelle, contre le carpocapse (Cydia pomonella), dans les cultures de pommiers et poiriers.  MODE D\u2019ACTION : Ginko\u00ae \u00e9met un m\u00e9lange ph\u00e9romonal. Il reproduit les principaux composants de la ph\u00e9romone naturelle de la femelle du carpocapse. Ce m\u00e9lange, lib\u00e9r\u00e9 dans l\u2019atmosph\u00e8re, d\u00e9soriente le m\u00e2le du carpocapse. Il emp\u00eache son accouplement avec la femelle. Le cycle du carpocapse est ainsi interrompu d\u00e8s le premier vol et avant son stade de nuisibilit\u00e9.  USAGES ET DOSES RECOMMAND\u00c9S :     Cultures   Cible   Dose   Stade d\u2019application    Pommier Poirier Cognassier Noyer Carpocapse (Cydia pomonella) 500 diffuseurs\/ha Floraison    AVANTAGES : Ginko\u00ae est un diffuseur \u00e0 capillarit\u00e9 et porosit\u00e9 brevet\u00e9 de la derni\u00e8re technologie japonaise. Ginko\u00ae est un diffuseur optimis\u00e9 pour une diffusion tout au long de la saison, avec une grande r\u00e9gularit\u00e9 de relargage des ph\u00e9romones. Ginko\u00ae s\u2019applique en une seule fois, au stade floraison. Il a une r\u00e9manence de 06 mois. Ginko\u00ae est utilisable en agriculture biologique. Ginko\u00ae pr\u00e9serve les insectes pollinisateurs et la faune auxiliaire. Ginko\u00ae ne laisse pas de r\u00e9sidus dans le fruit. Il n\u2019y a pas besoin de respecter de d\u00e9lai avant r\u00e9colte (DAR). Ginko\u00ae n\u2019est pas affect\u00e9 par les conditions climatiques. RECOMMANDATIONS : \u2022 La zone prot\u00e9g\u00e9e par Ginko doit \u00eatre de forme compacte et avoir une surface minimale de 3ha. \u2022 L\u2019application de Ginko doit se faire dans un verger o\u00f9 la plantation est homog\u00e8ne et suffisamment d\u00e9velopp\u00e9e. \u2022 Il est recommand\u00e9 d\u2019appliquer les diffuseurs avant le d\u00e9but du vol de la premi\u00e8re g\u00e9n\u00e9ration \u2022 Appliquer 500 diffuseurs par hectare, r\u00e9partis de mani\u00e8re homog\u00e8ne sur la parcelle. \u2022 D\u00e9poser les diffuseurs dans le tiers sup\u00e9rieur de l\u2019arbre. \u2022 Eviter de poser sur les branches qui risquent de descendre par la suite avec le poids des fruits. \u2022 Il est recommand\u00e9 de renforcer la protection des bordures en doublant la densit\u00e9 de diffuseurs. \u2022 Il est conseill\u00e9 d\u2019effectuer un suivi r\u00e9gulier tout au long de la saison dans le but de positionner des applications \u00e9ventuelles d\u2019insecticides compl\u00e9mentaires.\" \/>\n<meta property=\"og:url\" content=\"https:\/\/profert.dz\/fr\/index.php\/produit\/ginko\/\" \/>\n<meta property=\"og:site_name\" content=\"Profert\" \/>\n<meta property=\"article:modified_time\" content=\"2025-02-13T08:53:23+00:00\" \/>\n<meta property=\"og:image\" content=\"https:\/\/profert.dz\/fr\/wp-content\/uploads\/2024\/03\/Ginko-Produit.jpg\" \/>\n\t<meta property=\"og:image:width\" content=\"720\" \/>\n\t<meta property=\"og:image:height\" content=\"658\" \/>\n\t<meta property=\"og:image:type\" content=\"image\/jpeg\" \/>\n<meta name=\"twitter:card\" content=\"summary_large_image\" \/>\n<meta name=\"twitter:label1\" content=\"Dur\u00e9e de lecture estim\u00e9e\" \/>\n\t<meta name=\"twitter:data1\" content=\"1 minute\" \/>\n<script type=\"application\/ld+json\" class=\"yoast-schema-graph\">{\"@context\":\"https:\/\/schema.org\",\"@graph\":[{\"@type\":\"WebPage\",\"@id\":\"https:\/\/profert.dz\/fr\/index.php\/produit\/ginko\/\",\"url\":\"https:\/\/profert.dz\/fr\/index.php\/produit\/ginko\/\",\"name\":\"Ginko - Profert\",\"isPartOf\":{\"@id\":\"https:\/\/profert.dz\/fr\/#website\"},\"primaryImageOfPage\":{\"@id\":\"https:\/\/profert.dz\/fr\/index.php\/produit\/ginko\/#primaryimage\"},\"image\":{\"@id\":\"https:\/\/profert.dz\/fr\/index.php\/produit\/ginko\/#primaryimage\"},\"thumbnailUrl\":\"https:\/\/profert.dz\/fr\/wp-content\/uploads\/2024\/03\/Ginko-Produit.jpg\",\"datePublished\":\"2024-03-13T09:59:49+00:00\",\"dateModified\":\"2025-02-13T08:53:23+00:00\",\"breadcrumb\":{\"@id\":\"https:\/\/profert.dz\/fr\/index.php\/produit\/ginko\/#breadcrumb\"},\"inLanguage\":\"fr-FR\",\"potentialAction\":[{\"@type\":\"ReadAction\",\"target\":[\"https:\/\/profert.dz\/fr\/index.php\/produit\/ginko\/\"]}]},{\"@type\":\"ImageObject\",\"inLanguage\":\"fr-FR\",\"@id\":\"https:\/\/profert.dz\/fr\/index.php\/produit\/ginko\/#primaryimage\",\"url\":\"https:\/\/profert.dz\/fr\/wp-content\/uploads\/2024\/03\/Ginko-Produit.jpg\",\"contentUrl\":\"https:\/\/profert.dz\/fr\/wp-content\/uploads\/2024\/03\/Ginko-Produit.jpg\",\"width\":720,\"height\":658},{\"@type\":\"BreadcrumbList\",\"@id\":\"https:\/\/profert.dz\/fr\/index.php\/produit\/ginko\/#breadcrumb\",\"itemListElement\":[{\"@type\":\"ListItem\",\"position\":1,\"name\":\"Accueil\",\"item\":\"https:\/\/profert.dz\/fr\/\"},{\"@type\":\"ListItem\",\"position\":2,\"name\":\"Produits\",\"item\":\"https:\/\/profert.dz\/fr\/index.php\/boutique\/\"},{\"@type\":\"ListItem\",\"position\":3,\"name\":\"Ginko\"}]},{\"@type\":\"WebSite\",\"@id\":\"https:\/\/profert.dz\/fr\/#website\",\"url\":\"https:\/\/profert.dz\/fr\/\",\"name\":\"Profert.dz\",\"description\":\"Agriculture Alg\u00e9rie\",\"potentialAction\":[{\"@type\":\"SearchAction\",\"target\":{\"@type\":\"EntryPoint\",\"urlTemplate\":\"https:\/\/profert.dz\/fr\/?s={search_term_string}\"},\"query-input\":{\"@type\":\"PropertyValueSpecification\",\"valueRequired\":true,\"valueName\":\"search_term_string\"}}],\"inLanguage\":\"fr-FR\"}]}<\/script>\n<!-- \/ Yoast SEO plugin. -->","yoast_head_json":{"title":"Ginko - Profert","robots":{"index":"index","follow":"follow","max-snippet":"max-snippet:-1","max-image-preview":"max-image-preview:large","max-video-preview":"max-video-preview:-1"},"canonical":"https:\/\/profert.dz\/fr\/index.php\/produit\/ginko\/","og_locale":"fr_FR","og_type":"article","og_title":"Ginko - Profert","og_description":"Cat\u00e9gorie : m\u00e9diateur chimique. Composition : E, E-8, 10-dod\u00e9cadinol 1-ol, 1-dod\u00e9canol, 1-t\u00e9trad\u00e9canol. Concentration : 254 mg\/diffuseur + 132 mg\/diffuseur + 31mg\/diffuseur. Formulation : Diffuseur de Vapeur.  Ginko\u00ae est un diffuseur de ph\u00e9romones destin\u00e9 \u00e0 la lutte biologique, par confusion sexuelle, contre le carpocapse (Cydia pomonella), dans les cultures de pommiers et poiriers.  MODE D\u2019ACTION : Ginko\u00ae \u00e9met un m\u00e9lange ph\u00e9romonal. Il reproduit les principaux composants de la ph\u00e9romone naturelle de la femelle du carpocapse. Ce m\u00e9lange, lib\u00e9r\u00e9 dans l\u2019atmosph\u00e8re, d\u00e9soriente le m\u00e2le du carpocapse. Il emp\u00eache son accouplement avec la femelle. Le cycle du carpocapse est ainsi interrompu d\u00e8s le premier vol et avant son stade de nuisibilit\u00e9.  USAGES ET DOSES RECOMMAND\u00c9S :     Cultures   Cible   Dose   Stade d\u2019application    Pommier Poirier Cognassier Noyer Carpocapse (Cydia pomonella) 500 diffuseurs\/ha Floraison    AVANTAGES : Ginko\u00ae est un diffuseur \u00e0 capillarit\u00e9 et porosit\u00e9 brevet\u00e9 de la derni\u00e8re technologie japonaise. Ginko\u00ae est un diffuseur optimis\u00e9 pour une diffusion tout au long de la saison, avec une grande r\u00e9gularit\u00e9 de relargage des ph\u00e9romones. Ginko\u00ae s\u2019applique en une seule fois, au stade floraison. Il a une r\u00e9manence de 06 mois. Ginko\u00ae est utilisable en agriculture biologique. Ginko\u00ae pr\u00e9serve les insectes pollinisateurs et la faune auxiliaire. Ginko\u00ae ne laisse pas de r\u00e9sidus dans le fruit. Il n\u2019y a pas besoin de respecter de d\u00e9lai avant r\u00e9colte (DAR). Ginko\u00ae n\u2019est pas affect\u00e9 par les conditions climatiques. RECOMMANDATIONS : \u2022 La zone prot\u00e9g\u00e9e par Ginko doit \u00eatre de forme compacte et avoir une surface minimale de 3ha. \u2022 L\u2019application de Ginko doit se faire dans un verger o\u00f9 la plantation est homog\u00e8ne et suffisamment d\u00e9velopp\u00e9e. \u2022 Il est recommand\u00e9 d\u2019appliquer les diffuseurs avant le d\u00e9but du vol de la premi\u00e8re g\u00e9n\u00e9ration \u2022 Appliquer 500 diffuseurs par hectare, r\u00e9partis de mani\u00e8re homog\u00e8ne sur la parcelle. \u2022 D\u00e9poser les diffuseurs dans le tiers sup\u00e9rieur de l\u2019arbre. \u2022 Eviter de poser sur les branches qui risquent de descendre par la suite avec le poids des fruits. \u2022 Il est recommand\u00e9 de renforcer la protection des bordures en doublant la densit\u00e9 de diffuseurs. \u2022 Il est conseill\u00e9 d\u2019effectuer un suivi r\u00e9gulier tout au long de la saison dans le but de positionner des applications \u00e9ventuelles d\u2019insecticides compl\u00e9mentaires.","og_url":"https:\/\/profert.dz\/fr\/index.php\/produit\/ginko\/","og_site_name":"Profert","article_modified_time":"2025-02-13T08:53:23+00:00","og_image":[{"width":720,"height":658,"url":"https:\/\/profert.dz\/fr\/wp-content\/uploads\/2024\/03\/Ginko-Produit.jpg","type":"image\/jpeg"}],"twitter_card":"summary_large_image","twitter_misc":{"Dur\u00e9e de lecture estim\u00e9e":"1 minute"},"schema":{"@context":"https:\/\/schema.org","@graph":[{"@type":"WebPage","@id":"https:\/\/profert.dz\/fr\/index.php\/produit\/ginko\/","url":"https:\/\/profert.dz\/fr\/index.php\/produit\/ginko\/","name":"Ginko - Profert","isPartOf":{"@id":"https:\/\/profert.dz\/fr\/#website"},"primaryImageOfPage":{"@id":"https:\/\/profert.dz\/fr\/index.php\/produit\/ginko\/#primaryimage"},"image":{"@id":"https:\/\/profert.dz\/fr\/index.php\/produit\/ginko\/#primaryimage"},"thumbnailUrl":"https:\/\/profert.dz\/fr\/wp-content\/uploads\/2024\/03\/Ginko-Produit.jpg","datePublished":"2024-03-13T09:59:49+00:00","dateModified":"2025-02-13T08:53:23+00:00","breadcrumb":{"@id":"https:\/\/profert.dz\/fr\/index.php\/produit\/ginko\/#breadcrumb"},"inLanguage":"fr-FR","potentialAction":[{"@type":"ReadAction","target":["https:\/\/profert.dz\/fr\/index.php\/produit\/ginko\/"]}]},{"@type":"ImageObject","inLanguage":"fr-FR","@id":"https:\/\/profert.dz\/fr\/index.php\/produit\/ginko\/#primaryimage","url":"https:\/\/profert.dz\/fr\/wp-content\/uploads\/2024\/03\/Ginko-Produit.jpg","contentUrl":"https:\/\/profert.dz\/fr\/wp-content\/uploads\/2024\/03\/Ginko-Produit.jpg","width":720,"height":658},{"@type":"BreadcrumbList","@id":"https:\/\/profert.dz\/fr\/index.php\/produit\/ginko\/#breadcrumb","itemListElement":[{"@type":"ListItem","position":1,"name":"Accueil","item":"https:\/\/profert.dz\/fr\/"},{"@type":"ListItem","position":2,"name":"Produits","item":"https:\/\/profert.dz\/fr\/index.php\/boutique\/"},{"@type":"ListItem","position":3,"name":"Ginko"}]},{"@type":"WebSite","@id":"https:\/\/profert.dz\/fr\/#website","url":"https:\/\/profert.dz\/fr\/","name":"Profert.dz","description":"Agriculture Alg\u00e9rie","potentialAction":[{"@type":"SearchAction","target":{"@type":"EntryPoint","urlTemplate":"https:\/\/profert.dz\/fr\/?s={search_term_string}"},"query-input":{"@type":"PropertyValueSpecification","valueRequired":true,"valueName":"search_term_string"}}],"inLanguage":"fr-FR"}]}},"_links":{"self":[{"href":"https:\/\/profert.dz\/fr\/index.php\/wp-json\/wp\/v2\/product\/28981"}],"collection":[{"href":"https:\/\/profert.dz\/fr\/index.php\/wp-json\/wp\/v2\/product"}],"about":[{"href":"https:\/\/profert.dz\/fr\/index.php\/wp-json\/wp\/v2\/types\/product"}],"wp:featuredmedia":[{"embeddable":true,"href":"https:\/\/profert.dz\/fr\/index.php\/wp-json\/wp\/v2\/media\/29193"}],"wp:attachment":[{"href":"https:\/\/profert.dz\/fr\/index.php\/wp-json\/wp\/v2\/media?parent=28981"}],"wp:term":[{"taxonomy":"product_brand","embeddable":true,"href":"https:\/\/profert.dz\/fr\/index.php\/wp-json\/wp\/v2\/product_brand?post=28981"},{"taxonomy":"product_cat","embeddable":true,"href":"https:\/\/profert.dz\/fr\/index.php\/wp-json\/wp\/v2\/product_cat?post=28981"},{"taxonomy":"product_tag","embeddable":true,"href":"https:\/\/profert.dz\/fr\/index.php\/wp-json\/wp\/v2\/product_tag?post=28981"}],"curies":[{"name":"wp","href":"https:\/\/api.w.org\/{rel}","templated":true}]}}