{"id":27204,"date":"2023-10-16T15:26:45","date_gmt":"2023-10-16T13:26:45","guid":{"rendered":"https:\/\/profert.dz\/fr\/?post_type=product&#038;p=27204"},"modified":"2024-02-11T08:45:07","modified_gmt":"2024-02-11T07:45:07","slug":"click","status":"publish","type":"product","link":"https:\/\/profert.dz\/fr\/index.php\/produit\/click\/","title":{"rendered":"Click<sup>\u00ae<\/sup>"},"content":{"rendered":"","protected":false},"excerpt":{"rendered":"<p>Granul\u00e9s<br \/>\nDispersibles dans l&rsquo;eau (WG)<br \/>\n70 % DITHIANON<\/p>\n<p style=\"text-align: justify;\"><strong>Mode d\u2019action<\/strong><br \/>\n<strong>Click<sup>\u00ae<\/sup><\/strong> est un fongicide de contact \u00e0 action multisites, efficace sur un large spectre de maladies fongiques (cloque, maladie cribl\u00e9e, tavelure, moniliose, mildiou, excoriose, rougeot, black rot, etc.) sur diff\u00e9rentes cultures arboricoles (pommier, poirier, p\u00eacher, nectarinier, raisins, etc.).<br \/>\n<strong>Click<sup>\u00ae<\/sup><\/strong> contient 70 % de dithianon qui agit en emp\u00eachant la germination des spores avec un blocage de la consommation d\u2019oxyg\u00e8ne, catabolisme des substances de r\u00e9serve des spores (lipides, sucres) et de la production d\u2019\u00e9nergie.<br \/>\n<strong>Click<sup>\u00ae<\/sup><\/strong> forme un film protecteur sur la surface des feuilles et il est r\u00e9sistant au lessivage.<\/p>\n<p style=\"text-align: justify;\"><strong>Avantages<\/strong><br \/>\n\u2022 <strong>Click<sup>\u00ae<\/sup><\/strong> peut \u00eatre utiliser sur un grand nombre de cultures.<br \/>\n\u2022 <strong>Click<sup>\u00ae<\/sup><\/strong> est \u00e0 l\u2019abris du ph\u00e9nom\u00e8ne de r\u00e9sistance, car c\u2019est un fongicide \u00e0 action multisites, et le seul repr\u00e9sentant de sa famille chimique des Quinones.<br \/>\n\u2022 <strong>Click<sup>\u00ae<\/sup><\/strong> est un produit non-nocif \u00e0 la faune auxiliaire.<\/p>\n<p style=\"text-align: justify;\"><strong>Recommandations et modes d\u2019applications<\/strong><br \/>\n\u2022 Pour un contr\u00f4le efficace des maladies fongiques, le traitement doit \u00eatre appliqu\u00e9 pr\u00e9ventivement avant l\u2019apparition de la maladie.<br \/>\n\u2022 Pour le p\u00eacher, l\u2019application est recommand\u00e9e durant la p\u00e9riode de gonflement des bourgeons afin de contr\u00f4ler la cloque et le coryneum.<br \/>\n\u2022 Pour la vigne, l\u2019application est recommand\u00e9e de la p\u00e9riode de d\u00e9bourrement jusqu\u2019\u00e0 la p\u00e9riode des grappes visibles afin de contr\u00f4ler le mildiou.<br \/>\n\u2022 Pour le pommier et le poirier, il est recommand\u00e9 d\u2019appliquer <strong>Click<sup>\u00ae<\/sup><\/strong> \u00e0 partir du stade \u00e9clatement des bourgeons (les extr\u00e9mit\u00e9s des feuilles entourant les fleurs visibles) jusqu\u2019au stade o\u00f9 les fruits atteignent environ 90% de leur taille finale et ce afin de contr\u00f4ler la tavelure.<br \/>\n\u2022 Il est recommand\u00e9 de ne pas d\u00e9passer 6 applications par saison.<br \/>\n<strong>Click<sup>\u00ae<\/sup><\/strong> peut \u00eatre utilis\u00e9 en m\u00e9lange avec les insecticides et les fongicides \u00e0 l\u2019exception des produits alcalins, la chaux soufr\u00e9e et les huiles.<\/p>\n<p><strong>Usage et dose autoris\u00e9s<\/strong><br \/>\n<img decoding=\"async\" class=\"alignnone size-full wp-image-27205\" src=\"https:\/\/profert.dz\/fr\/wp-content\/uploads\/2023\/10\/Tab-Click-Fr.jpg\" alt=\"\" width=\"800\" height=\"150\" srcset=\"https:\/\/profert.dz\/fr\/wp-content\/uploads\/2023\/10\/Tab-Click-Fr-200x38.jpg 200w, https:\/\/profert.dz\/fr\/wp-content\/uploads\/2023\/10\/Tab-Click-Fr-300x56.jpg 300w, https:\/\/profert.dz\/fr\/wp-content\/uploads\/2023\/10\/Tab-Click-Fr-400x75.jpg 400w, https:\/\/profert.dz\/fr\/wp-content\/uploads\/2023\/10\/Tab-Click-Fr-500x94.jpg 500w, https:\/\/profert.dz\/fr\/wp-content\/uploads\/2023\/10\/Tab-Click-Fr-600x113.jpg 600w, https:\/\/profert.dz\/fr\/wp-content\/uploads\/2023\/10\/Tab-Click-Fr-700x131.jpg 700w, https:\/\/profert.dz\/fr\/wp-content\/uploads\/2023\/10\/Tab-Click-Fr-768x144.jpg 768w, https:\/\/profert.dz\/fr\/wp-content\/uploads\/2023\/10\/Tab-Click-Fr.jpg 800w\" sizes=\"(max-width: 800px) 100vw, 800px\" \/><\/p>\n<p style=\"text-align: justify;\"><strong>Autres utilisations<\/strong><br \/>\nVigne (mildiou et excoriose), arbres fruitiers \u00e0 p\u00e9pins (tavelure), arbres fruitiers \u00e0 noyaux (coryneum, moniliose, cloque et fusicoccum) \u00e0 la dose de <strong>400 g\/ha<\/strong>.<br \/>\n[wpdm_package id='27206']<\/p>\n","protected":false},"featured_media":27766,"template":"","meta":[],"product_brand":[],"product_cat":[87],"product_tag":[],"class_list":{"0":"post-27204","1":"product","2":"type-product","3":"status-publish","4":"has-post-thumbnail","6":"product_cat-fongicides-00","8":"first","9":"instock","10":"shipping-taxable","11":"product-type-simple"},"yoast_head":"<!-- This site is optimized with the Yoast SEO plugin v25.6 - https:\/\/yoast.com\/wordpress\/plugins\/seo\/ -->\n<title>Click\u00ae - Profert<\/title>\n<meta name=\"robots\" content=\"index, follow, max-snippet:-1, max-image-preview:large, max-video-preview:-1\" \/>\n<link rel=\"canonical\" href=\"https:\/\/profert.dz\/fr\/index.php\/produit\/click\/\" \/>\n<meta property=\"og:locale\" content=\"fr_FR\" \/>\n<meta property=\"og:type\" content=\"article\" \/>\n<meta property=\"og:title\" content=\"Click\u00ae - Profert\" \/>\n<meta property=\"og:description\" content=\"Granul\u00e9s Dispersibles dans l&#039;eau (WG) 70 % DITHIANON Mode d\u2019action Click\u00ae est un fongicide de contact \u00e0 action multisites, efficace sur un large spectre de maladies fongiques (cloque, maladie cribl\u00e9e, tavelure, moniliose, mildiou, excoriose, rougeot, black rot, etc.) sur diff\u00e9rentes cultures arboricoles (pommier, poirier, p\u00eacher, nectarinier, raisins, etc.). Click\u00ae contient 70 % de dithianon qui agit en emp\u00eachant la germination des spores avec un blocage de la consommation d\u2019oxyg\u00e8ne, catabolisme des substances de r\u00e9serve des spores (lipides, sucres) et de la production d\u2019\u00e9nergie. Click\u00ae forme un film protecteur sur la surface des feuilles et il est r\u00e9sistant au lessivage. Avantages \u2022 Click\u00ae peut \u00eatre utiliser sur un grand nombre de cultures. \u2022 Click\u00ae est \u00e0 l\u2019abris du ph\u00e9nom\u00e8ne de r\u00e9sistance, car c\u2019est un fongicide \u00e0 action multisites, et le seul repr\u00e9sentant de sa famille chimique des Quinones. \u2022 Click\u00ae est un produit non-nocif \u00e0 la faune auxiliaire. Recommandations et modes d\u2019applications \u2022 Pour un contr\u00f4le efficace des maladies fongiques, le traitement doit \u00eatre appliqu\u00e9 pr\u00e9ventivement avant l\u2019apparition de la maladie. \u2022 Pour le p\u00eacher, l\u2019application est recommand\u00e9e durant la p\u00e9riode de gonflement des bourgeons afin de contr\u00f4ler la cloque et le coryneum. \u2022 Pour la vigne, l\u2019application est recommand\u00e9e de la p\u00e9riode de d\u00e9bourrement jusqu\u2019\u00e0 la p\u00e9riode des grappes visibles afin de contr\u00f4ler le mildiou. \u2022 Pour le pommier et le poirier, il est recommand\u00e9 d\u2019appliquer Click\u00ae \u00e0 partir du stade \u00e9clatement des bourgeons (les extr\u00e9mit\u00e9s des feuilles entourant les fleurs visibles) jusqu\u2019au stade o\u00f9 les fruits atteignent environ 90% de leur taille finale et ce afin de contr\u00f4ler la tavelure. \u2022 Il est recommand\u00e9 de ne pas d\u00e9passer 6 applications par saison. Click\u00ae peut \u00eatre utilis\u00e9 en m\u00e9lange avec les insecticides et les fongicides \u00e0 l\u2019exception des produits alcalins, la chaux soufr\u00e9e et les huiles. Usage et dose autoris\u00e9s  Autres utilisations Vigne (mildiou et excoriose), arbres fruitiers \u00e0 p\u00e9pins (tavelure), arbres fruitiers \u00e0 noyaux (coryneum, moniliose, cloque et fusicoccum) \u00e0 la dose de 400 g\/ha.\" \/>\n<meta property=\"og:url\" content=\"https:\/\/profert.dz\/fr\/index.php\/produit\/click\/\" \/>\n<meta property=\"og:site_name\" content=\"Profert\" \/>\n<meta property=\"article:modified_time\" content=\"2024-02-11T07:45:07+00:00\" \/>\n<meta property=\"og:image\" content=\"https:\/\/profert.dz\/fr\/wp-content\/uploads\/2023\/10\/Click.jpg\" \/>\n\t<meta property=\"og:image:width\" content=\"720\" \/>\n\t<meta property=\"og:image:height\" content=\"658\" \/>\n\t<meta property=\"og:image:type\" content=\"image\/jpeg\" \/>\n<meta name=\"twitter:card\" content=\"summary_large_image\" \/>\n<script type=\"application\/ld+json\" class=\"yoast-schema-graph\">{\"@context\":\"https:\/\/schema.org\",\"@graph\":[{\"@type\":\"WebPage\",\"@id\":\"https:\/\/profert.dz\/fr\/index.php\/produit\/click\/\",\"url\":\"https:\/\/profert.dz\/fr\/index.php\/produit\/click\/\",\"name\":\"Click\u00ae - Profert\",\"isPartOf\":{\"@id\":\"https:\/\/profert.dz\/fr\/#website\"},\"primaryImageOfPage\":{\"@id\":\"https:\/\/profert.dz\/fr\/index.php\/produit\/click\/#primaryimage\"},\"image\":{\"@id\":\"https:\/\/profert.dz\/fr\/index.php\/produit\/click\/#primaryimage\"},\"thumbnailUrl\":\"https:\/\/profert.dz\/fr\/wp-content\/uploads\/2023\/10\/Click.jpg\",\"datePublished\":\"2023-10-16T13:26:45+00:00\",\"dateModified\":\"2024-02-11T07:45:07+00:00\",\"breadcrumb\":{\"@id\":\"https:\/\/profert.dz\/fr\/index.php\/produit\/click\/#breadcrumb\"},\"inLanguage\":\"fr-FR\",\"potentialAction\":[{\"@type\":\"ReadAction\",\"target\":[\"https:\/\/profert.dz\/fr\/index.php\/produit\/click\/\"]}]},{\"@type\":\"ImageObject\",\"inLanguage\":\"fr-FR\",\"@id\":\"https:\/\/profert.dz\/fr\/index.php\/produit\/click\/#primaryimage\",\"url\":\"https:\/\/profert.dz\/fr\/wp-content\/uploads\/2023\/10\/Click.jpg\",\"contentUrl\":\"https:\/\/profert.dz\/fr\/wp-content\/uploads\/2023\/10\/Click.jpg\",\"width\":720,\"height\":658},{\"@type\":\"BreadcrumbList\",\"@id\":\"https:\/\/profert.dz\/fr\/index.php\/produit\/click\/#breadcrumb\",\"itemListElement\":[{\"@type\":\"ListItem\",\"position\":1,\"name\":\"Accueil\",\"item\":\"https:\/\/profert.dz\/fr\/\"},{\"@type\":\"ListItem\",\"position\":2,\"name\":\"Produits\",\"item\":\"https:\/\/profert.dz\/fr\/index.php\/boutique\/\"},{\"@type\":\"ListItem\",\"position\":3,\"name\":\"Click\u00ae\"}]},{\"@type\":\"WebSite\",\"@id\":\"https:\/\/profert.dz\/fr\/#website\",\"url\":\"https:\/\/profert.dz\/fr\/\",\"name\":\"Profert.dz\",\"description\":\"Agriculture Alg\u00e9rie\",\"potentialAction\":[{\"@type\":\"SearchAction\",\"target\":{\"@type\":\"EntryPoint\",\"urlTemplate\":\"https:\/\/profert.dz\/fr\/?s={search_term_string}\"},\"query-input\":{\"@type\":\"PropertyValueSpecification\",\"valueRequired\":true,\"valueName\":\"search_term_string\"}}],\"inLanguage\":\"fr-FR\"}]}<\/script>\n<!-- \/ Yoast SEO plugin. -->","yoast_head_json":{"title":"Click\u00ae - Profert","robots":{"index":"index","follow":"follow","max-snippet":"max-snippet:-1","max-image-preview":"max-image-preview:large","max-video-preview":"max-video-preview:-1"},"canonical":"https:\/\/profert.dz\/fr\/index.php\/produit\/click\/","og_locale":"fr_FR","og_type":"article","og_title":"Click\u00ae - Profert","og_description":"Granul\u00e9s Dispersibles dans l'eau (WG) 70 % DITHIANON Mode d\u2019action Click\u00ae est un fongicide de contact \u00e0 action multisites, efficace sur un large spectre de maladies fongiques (cloque, maladie cribl\u00e9e, tavelure, moniliose, mildiou, excoriose, rougeot, black rot, etc.) sur diff\u00e9rentes cultures arboricoles (pommier, poirier, p\u00eacher, nectarinier, raisins, etc.). Click\u00ae contient 70 % de dithianon qui agit en emp\u00eachant la germination des spores avec un blocage de la consommation d\u2019oxyg\u00e8ne, catabolisme des substances de r\u00e9serve des spores (lipides, sucres) et de la production d\u2019\u00e9nergie. Click\u00ae forme un film protecteur sur la surface des feuilles et il est r\u00e9sistant au lessivage. Avantages \u2022 Click\u00ae peut \u00eatre utiliser sur un grand nombre de cultures. \u2022 Click\u00ae est \u00e0 l\u2019abris du ph\u00e9nom\u00e8ne de r\u00e9sistance, car c\u2019est un fongicide \u00e0 action multisites, et le seul repr\u00e9sentant de sa famille chimique des Quinones. \u2022 Click\u00ae est un produit non-nocif \u00e0 la faune auxiliaire. Recommandations et modes d\u2019applications \u2022 Pour un contr\u00f4le efficace des maladies fongiques, le traitement doit \u00eatre appliqu\u00e9 pr\u00e9ventivement avant l\u2019apparition de la maladie. \u2022 Pour le p\u00eacher, l\u2019application est recommand\u00e9e durant la p\u00e9riode de gonflement des bourgeons afin de contr\u00f4ler la cloque et le coryneum. \u2022 Pour la vigne, l\u2019application est recommand\u00e9e de la p\u00e9riode de d\u00e9bourrement jusqu\u2019\u00e0 la p\u00e9riode des grappes visibles afin de contr\u00f4ler le mildiou. \u2022 Pour le pommier et le poirier, il est recommand\u00e9 d\u2019appliquer Click\u00ae \u00e0 partir du stade \u00e9clatement des bourgeons (les extr\u00e9mit\u00e9s des feuilles entourant les fleurs visibles) jusqu\u2019au stade o\u00f9 les fruits atteignent environ 90% de leur taille finale et ce afin de contr\u00f4ler la tavelure. \u2022 Il est recommand\u00e9 de ne pas d\u00e9passer 6 applications par saison. Click\u00ae peut \u00eatre utilis\u00e9 en m\u00e9lange avec les insecticides et les fongicides \u00e0 l\u2019exception des produits alcalins, la chaux soufr\u00e9e et les huiles. Usage et dose autoris\u00e9s  Autres utilisations Vigne (mildiou et excoriose), arbres fruitiers \u00e0 p\u00e9pins (tavelure), arbres fruitiers \u00e0 noyaux (coryneum, moniliose, cloque et fusicoccum) \u00e0 la dose de 400 g\/ha.","og_url":"https:\/\/profert.dz\/fr\/index.php\/produit\/click\/","og_site_name":"Profert","article_modified_time":"2024-02-11T07:45:07+00:00","og_image":[{"width":720,"height":658,"url":"https:\/\/profert.dz\/fr\/wp-content\/uploads\/2023\/10\/Click.jpg","type":"image\/jpeg"}],"twitter_card":"summary_large_image","schema":{"@context":"https:\/\/schema.org","@graph":[{"@type":"WebPage","@id":"https:\/\/profert.dz\/fr\/index.php\/produit\/click\/","url":"https:\/\/profert.dz\/fr\/index.php\/produit\/click\/","name":"Click\u00ae - Profert","isPartOf":{"@id":"https:\/\/profert.dz\/fr\/#website"},"primaryImageOfPage":{"@id":"https:\/\/profert.dz\/fr\/index.php\/produit\/click\/#primaryimage"},"image":{"@id":"https:\/\/profert.dz\/fr\/index.php\/produit\/click\/#primaryimage"},"thumbnailUrl":"https:\/\/profert.dz\/fr\/wp-content\/uploads\/2023\/10\/Click.jpg","datePublished":"2023-10-16T13:26:45+00:00","dateModified":"2024-02-11T07:45:07+00:00","breadcrumb":{"@id":"https:\/\/profert.dz\/fr\/index.php\/produit\/click\/#breadcrumb"},"inLanguage":"fr-FR","potentialAction":[{"@type":"ReadAction","target":["https:\/\/profert.dz\/fr\/index.php\/produit\/click\/"]}]},{"@type":"ImageObject","inLanguage":"fr-FR","@id":"https:\/\/profert.dz\/fr\/index.php\/produit\/click\/#primaryimage","url":"https:\/\/profert.dz\/fr\/wp-content\/uploads\/2023\/10\/Click.jpg","contentUrl":"https:\/\/profert.dz\/fr\/wp-content\/uploads\/2023\/10\/Click.jpg","width":720,"height":658},{"@type":"BreadcrumbList","@id":"https:\/\/profert.dz\/fr\/index.php\/produit\/click\/#breadcrumb","itemListElement":[{"@type":"ListItem","position":1,"name":"Accueil","item":"https:\/\/profert.dz\/fr\/"},{"@type":"ListItem","position":2,"name":"Produits","item":"https:\/\/profert.dz\/fr\/index.php\/boutique\/"},{"@type":"ListItem","position":3,"name":"Click\u00ae"}]},{"@type":"WebSite","@id":"https:\/\/profert.dz\/fr\/#website","url":"https:\/\/profert.dz\/fr\/","name":"Profert.dz","description":"Agriculture Alg\u00e9rie","potentialAction":[{"@type":"SearchAction","target":{"@type":"EntryPoint","urlTemplate":"https:\/\/profert.dz\/fr\/?s={search_term_string}"},"query-input":{"@type":"PropertyValueSpecification","valueRequired":true,"valueName":"search_term_string"}}],"inLanguage":"fr-FR"}]}},"_links":{"self":[{"href":"https:\/\/profert.dz\/fr\/index.php\/wp-json\/wp\/v2\/product\/27204"}],"collection":[{"href":"https:\/\/profert.dz\/fr\/index.php\/wp-json\/wp\/v2\/product"}],"about":[{"href":"https:\/\/profert.dz\/fr\/index.php\/wp-json\/wp\/v2\/types\/product"}],"wp:featuredmedia":[{"embeddable":true,"href":"https:\/\/profert.dz\/fr\/index.php\/wp-json\/wp\/v2\/media\/27766"}],"wp:attachment":[{"href":"https:\/\/profert.dz\/fr\/index.php\/wp-json\/wp\/v2\/media?parent=27204"}],"wp:term":[{"taxonomy":"product_brand","embeddable":true,"href":"https:\/\/profert.dz\/fr\/index.php\/wp-json\/wp\/v2\/product_brand?post=27204"},{"taxonomy":"product_cat","embeddable":true,"href":"https:\/\/profert.dz\/fr\/index.php\/wp-json\/wp\/v2\/product_cat?post=27204"},{"taxonomy":"product_tag","embeddable":true,"href":"https:\/\/profert.dz\/fr\/index.php\/wp-json\/wp\/v2\/product_tag?post=27204"}],"curies":[{"name":"wp","href":"https:\/\/api.w.org\/{rel}","templated":true}]}}