{"id":27167,"date":"2023-10-15T16:15:14","date_gmt":"2023-10-15T14:15:14","guid":{"rendered":"https:\/\/profert.dz\/fr\/?post_type=product&#038;p=27167"},"modified":"2025-03-11T10:26:42","modified_gmt":"2025-03-11T09:26:42","slug":"tchinsol-1","status":"publish","type":"product","link":"https:\/\/profert.dz\/fr\/index.php\/produit\/tchinsol-1\/","title":{"rendered":"Tchinsol<sup>\u00ae<\/sup> 1"},"content":{"rendered":"","protected":false},"excerpt":{"rendered":"<p><strong>FORMULATION :<\/strong> Cristaux.<br \/>\n<strong>COMPOSITION:<\/strong><br \/>\n<strong>\u2022 Azote total (N) :<\/strong> 12 %.<br \/>\n\u2022 Anhydride phosphorique (P<sub>2<\/sub>O<sub>5<\/sub>) : 20 %.<br \/>\n\u2022 Oxyde de potassium (K<sub>2<\/sub>O) : 30 %.<br \/>\n\u2022 Anhydre Sulfurique (SO<sub>3<\/sub>) : 1 %.<\/p>\n<p style=\"text-align: justify;\"><strong>AVANTAGES ET CARACT\u00c9RISTIQUES TECHNIQUES<\/strong><br \/>\n<strong>Tchinsol<sup>\u00ae<\/sup> 1<\/strong> est un engrais tertiaire NPK hydrosoluble tr\u00e8s riche en azote,phosphore et potassium.<br \/>\n<strong>Tchinsol<sup>\u00ae<\/sup> 1<\/strong> est tr\u00e8s riche en \u00e9l\u00e9ments fertilisants majeurs, dans un \u00e9quilibre qui r\u00e9pond aux besoins importants des agrumes \u00e0 partir du stade post r\u00e9colte jusqu\u2019au stade bouton vert.<br \/>\nDurant ces stades, les agrumes mobilisent une quantit\u00e9 importante d\u2019\u00e9l\u00e9ments majeurs afin d\u2019assurer le d\u00e9marrage de la culture. \u00c0 ces stades tout stress ou d\u00e9sordre nutritionnel peut affecter consid\u00e9rablement le rendement de l\u2019ann\u00e9e et celle de l\u2019ann\u00e9e suivante.<br \/>\n<strong>Tchinsol<sup>\u00ae<\/sup> 1<\/strong> est formul\u00e9 pour r\u00e9pondre aux exigences nutritionnelles des agrumes.<br \/>\n<strong>Tchinsol<sup>\u00ae<\/sup> 1<\/strong> est tr\u00e8s riche en phosphore et en potasse pour assurer la production de sucres et d\u2019amidon n\u00e9cessaires \u00e0 son m\u00e9tabolisme et a un bon d\u00e9marrage.<br \/>\nLe phosphore joue un r\u00f4le important dans le ph\u00e9nom\u00e8ne de floraison, de l\u2019enracinement et de la division cellulaire.<\/p>\n<p><strong>DOSES RECOMMAND\u00c9ES :<\/strong> en fertigation et apport au sol.<br \/>\n<img decoding=\"async\" class=\"alignnone size-full wp-image-27185\" src=\"https:\/\/profert.dz\/fr\/wp-content\/uploads\/2023\/10\/Tab-Tchin-Sol-1-Fr.jpg\" alt=\"\" width=\"800\" height=\"49\" srcset=\"https:\/\/profert.dz\/fr\/wp-content\/uploads\/2023\/10\/Tab-Tchin-Sol-1-Fr-200x12.jpg 200w, https:\/\/profert.dz\/fr\/wp-content\/uploads\/2023\/10\/Tab-Tchin-Sol-1-Fr-300x18.jpg 300w, https:\/\/profert.dz\/fr\/wp-content\/uploads\/2023\/10\/Tab-Tchin-Sol-1-Fr-400x25.jpg 400w, https:\/\/profert.dz\/fr\/wp-content\/uploads\/2023\/10\/Tab-Tchin-Sol-1-Fr-500x31.jpg 500w, https:\/\/profert.dz\/fr\/wp-content\/uploads\/2023\/10\/Tab-Tchin-Sol-1-Fr-600x37.jpg 600w, https:\/\/profert.dz\/fr\/wp-content\/uploads\/2023\/10\/Tab-Tchin-Sol-1-Fr-700x43.jpg 700w, https:\/\/profert.dz\/fr\/wp-content\/uploads\/2023\/10\/Tab-Tchin-Sol-1-Fr-768x47.jpg 768w, https:\/\/profert.dz\/fr\/wp-content\/uploads\/2023\/10\/Tab-Tchin-Sol-1-Fr.jpg 800w\" sizes=\"(max-width: 800px) 100vw, 800px\" \/><br \/>\nNous recommandons d\u2019augmenter la dose de 20 % dans les conditions de sols l\u00e9gers ou sableux.<br \/>\nPour la fertigation : m\u00e9langer 10 kg de produit dans 100 L d\u2019eau.<\/p>\n<p><strong>COMPATIBILIT\u00c9 :<\/strong><br \/>\n<strong>Tchinsol<sup>\u00ae<\/sup> 1<\/strong> peut \u00eatre m\u00e9lang\u00e9 avec la plupart des produits phytosanitaires.<br \/>\nIl est recommand\u00e9, toutefois, d\u2019effectuer un test de compatibilit\u00e9 avant traitement.<\/p>\n<p><img decoding=\"async\" class=\"alignnone size-full wp-image-27184\" src=\"https:\/\/profert.dz\/fr\/wp-content\/uploads\/2023\/10\/Figure-Tchin-Sol-1-Fr.jpg\" alt=\"\" width=\"800\" height=\"255\" srcset=\"https:\/\/profert.dz\/fr\/wp-content\/uploads\/2023\/10\/Figure-Tchin-Sol-1-Fr-200x64.jpg 200w, https:\/\/profert.dz\/fr\/wp-content\/uploads\/2023\/10\/Figure-Tchin-Sol-1-Fr-300x96.jpg 300w, https:\/\/profert.dz\/fr\/wp-content\/uploads\/2023\/10\/Figure-Tchin-Sol-1-Fr-400x128.jpg 400w, https:\/\/profert.dz\/fr\/wp-content\/uploads\/2023\/10\/Figure-Tchin-Sol-1-Fr-500x159.jpg 500w, https:\/\/profert.dz\/fr\/wp-content\/uploads\/2023\/10\/Figure-Tchin-Sol-1-Fr-600x191.jpg 600w, https:\/\/profert.dz\/fr\/wp-content\/uploads\/2023\/10\/Figure-Tchin-Sol-1-Fr-700x223.jpg 700w, https:\/\/profert.dz\/fr\/wp-content\/uploads\/2023\/10\/Figure-Tchin-Sol-1-Fr-768x245.jpg 768w, https:\/\/profert.dz\/fr\/wp-content\/uploads\/2023\/10\/Figure-Tchin-Sol-1-Fr.jpg 800w\" sizes=\"(max-width: 800px) 100vw, 800px\" \/><br \/>\n[wpdm_package id='27186']<\/p>\n","protected":false},"featured_media":31969,"template":"","meta":[],"product_brand":[],"product_cat":[157],"product_tag":[],"class_list":{"0":"post-27167","1":"product","2":"type-product","3":"status-publish","4":"has-post-thumbnail","6":"product_cat-special-arboriculture","8":"first","9":"instock","10":"shipping-taxable","11":"product-type-simple"},"yoast_head":"<!-- This site is optimized with the Yoast SEO plugin v25.6 - https:\/\/yoast.com\/wordpress\/plugins\/seo\/ -->\n<title>Tchinsol\u00ae 1 - Profert<\/title>\n<meta name=\"robots\" content=\"index, follow, max-snippet:-1, max-image-preview:large, max-video-preview:-1\" \/>\n<link rel=\"canonical\" href=\"https:\/\/profert.dz\/fr\/index.php\/produit\/tchinsol-1\/\" \/>\n<meta property=\"og:locale\" content=\"fr_FR\" \/>\n<meta property=\"og:type\" content=\"article\" \/>\n<meta property=\"og:title\" content=\"Tchinsol\u00ae 1 - Profert\" \/>\n<meta property=\"og:description\" content=\"FORMULATION : Cristaux. COMPOSITION: \u2022 Azote total (N) : 12 %. \u2022 Anhydride phosphorique (P2O5) : 20 %. \u2022 Oxyde de potassium (K2O) : 30 %. \u2022 Anhydre Sulfurique (SO3) : 1 %. AVANTAGES ET CARACT\u00c9RISTIQUES TECHNIQUES Tchinsol\u00ae 1 est un engrais tertiaire NPK hydrosoluble tr\u00e8s riche en azote,phosphore et potassium. Tchinsol\u00ae 1 est tr\u00e8s riche en \u00e9l\u00e9ments fertilisants majeurs, dans un \u00e9quilibre qui r\u00e9pond aux besoins importants des agrumes \u00e0 partir du stade post r\u00e9colte jusqu\u2019au stade bouton vert. Durant ces stades, les agrumes mobilisent une quantit\u00e9 importante d\u2019\u00e9l\u00e9ments majeurs afin d\u2019assurer le d\u00e9marrage de la culture. \u00c0 ces stades tout stress ou d\u00e9sordre nutritionnel peut affecter consid\u00e9rablement le rendement de l\u2019ann\u00e9e et celle de l\u2019ann\u00e9e suivante. Tchinsol\u00ae 1 est formul\u00e9 pour r\u00e9pondre aux exigences nutritionnelles des agrumes. Tchinsol\u00ae 1 est tr\u00e8s riche en phosphore et en potasse pour assurer la production de sucres et d\u2019amidon n\u00e9cessaires \u00e0 son m\u00e9tabolisme et a un bon d\u00e9marrage. Le phosphore joue un r\u00f4le important dans le ph\u00e9nom\u00e8ne de floraison, de l\u2019enracinement et de la division cellulaire. DOSES RECOMMAND\u00c9ES : en fertigation et apport au sol.  Nous recommandons d\u2019augmenter la dose de 20 % dans les conditions de sols l\u00e9gers ou sableux. Pour la fertigation : m\u00e9langer 10 kg de produit dans 100 L d\u2019eau.  COMPATIBILIT\u00c9 : Tchinsol\u00ae 1 peut \u00eatre m\u00e9lang\u00e9 avec la plupart des produits phytosanitaires. Il est recommand\u00e9, toutefois, d\u2019effectuer un test de compatibilit\u00e9 avant traitement.\" \/>\n<meta property=\"og:url\" content=\"https:\/\/profert.dz\/fr\/index.php\/produit\/tchinsol-1\/\" \/>\n<meta property=\"og:site_name\" content=\"Profert\" \/>\n<meta property=\"article:modified_time\" content=\"2025-03-11T09:26:42+00:00\" \/>\n<meta property=\"og:image\" content=\"https:\/\/profert.dz\/fr\/wp-content\/uploads\/2025\/03\/Tchinsol-1-1024x1024.png\" \/>\n\t<meta property=\"og:image:width\" content=\"1024\" \/>\n\t<meta property=\"og:image:height\" content=\"1024\" \/>\n\t<meta property=\"og:image:type\" content=\"image\/png\" \/>\n<meta name=\"twitter:card\" content=\"summary_large_image\" \/>\n<meta name=\"twitter:label1\" content=\"Dur\u00e9e de lecture estim\u00e9e\" \/>\n\t<meta name=\"twitter:data1\" content=\"1 minute\" \/>\n<script type=\"application\/ld+json\" class=\"yoast-schema-graph\">{\"@context\":\"https:\/\/schema.org\",\"@graph\":[{\"@type\":\"WebPage\",\"@id\":\"https:\/\/profert.dz\/fr\/index.php\/produit\/tchinsol-1\/\",\"url\":\"https:\/\/profert.dz\/fr\/index.php\/produit\/tchinsol-1\/\",\"name\":\"Tchinsol\u00ae 1 - Profert\",\"isPartOf\":{\"@id\":\"https:\/\/profert.dz\/fr\/#website\"},\"primaryImageOfPage\":{\"@id\":\"https:\/\/profert.dz\/fr\/index.php\/produit\/tchinsol-1\/#primaryimage\"},\"image\":{\"@id\":\"https:\/\/profert.dz\/fr\/index.php\/produit\/tchinsol-1\/#primaryimage\"},\"thumbnailUrl\":\"https:\/\/profert.dz\/fr\/wp-content\/uploads\/2025\/03\/Tchinsol-1.png\",\"datePublished\":\"2023-10-15T14:15:14+00:00\",\"dateModified\":\"2025-03-11T09:26:42+00:00\",\"breadcrumb\":{\"@id\":\"https:\/\/profert.dz\/fr\/index.php\/produit\/tchinsol-1\/#breadcrumb\"},\"inLanguage\":\"fr-FR\",\"potentialAction\":[{\"@type\":\"ReadAction\",\"target\":[\"https:\/\/profert.dz\/fr\/index.php\/produit\/tchinsol-1\/\"]}]},{\"@type\":\"ImageObject\",\"inLanguage\":\"fr-FR\",\"@id\":\"https:\/\/profert.dz\/fr\/index.php\/produit\/tchinsol-1\/#primaryimage\",\"url\":\"https:\/\/profert.dz\/fr\/wp-content\/uploads\/2025\/03\/Tchinsol-1.png\",\"contentUrl\":\"https:\/\/profert.dz\/fr\/wp-content\/uploads\/2025\/03\/Tchinsol-1.png\",\"width\":4000,\"height\":4000},{\"@type\":\"BreadcrumbList\",\"@id\":\"https:\/\/profert.dz\/fr\/index.php\/produit\/tchinsol-1\/#breadcrumb\",\"itemListElement\":[{\"@type\":\"ListItem\",\"position\":1,\"name\":\"Accueil\",\"item\":\"https:\/\/profert.dz\/fr\/\"},{\"@type\":\"ListItem\",\"position\":2,\"name\":\"Produits\",\"item\":\"https:\/\/profert.dz\/fr\/index.php\/boutique\/\"},{\"@type\":\"ListItem\",\"position\":3,\"name\":\"Tchinsol\u00ae 1\"}]},{\"@type\":\"WebSite\",\"@id\":\"https:\/\/profert.dz\/fr\/#website\",\"url\":\"https:\/\/profert.dz\/fr\/\",\"name\":\"Profert.dz\",\"description\":\"Agriculture Alg\u00e9rie\",\"potentialAction\":[{\"@type\":\"SearchAction\",\"target\":{\"@type\":\"EntryPoint\",\"urlTemplate\":\"https:\/\/profert.dz\/fr\/?s={search_term_string}\"},\"query-input\":{\"@type\":\"PropertyValueSpecification\",\"valueRequired\":true,\"valueName\":\"search_term_string\"}}],\"inLanguage\":\"fr-FR\"}]}<\/script>\n<!-- \/ Yoast SEO plugin. -->","yoast_head_json":{"title":"Tchinsol\u00ae 1 - Profert","robots":{"index":"index","follow":"follow","max-snippet":"max-snippet:-1","max-image-preview":"max-image-preview:large","max-video-preview":"max-video-preview:-1"},"canonical":"https:\/\/profert.dz\/fr\/index.php\/produit\/tchinsol-1\/","og_locale":"fr_FR","og_type":"article","og_title":"Tchinsol\u00ae 1 - Profert","og_description":"FORMULATION : Cristaux. COMPOSITION: \u2022 Azote total (N) : 12 %. \u2022 Anhydride phosphorique (P2O5) : 20 %. \u2022 Oxyde de potassium (K2O) : 30 %. \u2022 Anhydre Sulfurique (SO3) : 1 %. AVANTAGES ET CARACT\u00c9RISTIQUES TECHNIQUES Tchinsol\u00ae 1 est un engrais tertiaire NPK hydrosoluble tr\u00e8s riche en azote,phosphore et potassium. Tchinsol\u00ae 1 est tr\u00e8s riche en \u00e9l\u00e9ments fertilisants majeurs, dans un \u00e9quilibre qui r\u00e9pond aux besoins importants des agrumes \u00e0 partir du stade post r\u00e9colte jusqu\u2019au stade bouton vert. Durant ces stades, les agrumes mobilisent une quantit\u00e9 importante d\u2019\u00e9l\u00e9ments majeurs afin d\u2019assurer le d\u00e9marrage de la culture. \u00c0 ces stades tout stress ou d\u00e9sordre nutritionnel peut affecter consid\u00e9rablement le rendement de l\u2019ann\u00e9e et celle de l\u2019ann\u00e9e suivante. Tchinsol\u00ae 1 est formul\u00e9 pour r\u00e9pondre aux exigences nutritionnelles des agrumes. Tchinsol\u00ae 1 est tr\u00e8s riche en phosphore et en potasse pour assurer la production de sucres et d\u2019amidon n\u00e9cessaires \u00e0 son m\u00e9tabolisme et a un bon d\u00e9marrage. Le phosphore joue un r\u00f4le important dans le ph\u00e9nom\u00e8ne de floraison, de l\u2019enracinement et de la division cellulaire. DOSES RECOMMAND\u00c9ES : en fertigation et apport au sol.  Nous recommandons d\u2019augmenter la dose de 20 % dans les conditions de sols l\u00e9gers ou sableux. Pour la fertigation : m\u00e9langer 10 kg de produit dans 100 L d\u2019eau.  COMPATIBILIT\u00c9 : Tchinsol\u00ae 1 peut \u00eatre m\u00e9lang\u00e9 avec la plupart des produits phytosanitaires. Il est recommand\u00e9, toutefois, d\u2019effectuer un test de compatibilit\u00e9 avant traitement.","og_url":"https:\/\/profert.dz\/fr\/index.php\/produit\/tchinsol-1\/","og_site_name":"Profert","article_modified_time":"2025-03-11T09:26:42+00:00","og_image":[{"width":1024,"height":1024,"url":"https:\/\/profert.dz\/fr\/wp-content\/uploads\/2025\/03\/Tchinsol-1-1024x1024.png","type":"image\/png"}],"twitter_card":"summary_large_image","twitter_misc":{"Dur\u00e9e de lecture estim\u00e9e":"1 minute"},"schema":{"@context":"https:\/\/schema.org","@graph":[{"@type":"WebPage","@id":"https:\/\/profert.dz\/fr\/index.php\/produit\/tchinsol-1\/","url":"https:\/\/profert.dz\/fr\/index.php\/produit\/tchinsol-1\/","name":"Tchinsol\u00ae 1 - Profert","isPartOf":{"@id":"https:\/\/profert.dz\/fr\/#website"},"primaryImageOfPage":{"@id":"https:\/\/profert.dz\/fr\/index.php\/produit\/tchinsol-1\/#primaryimage"},"image":{"@id":"https:\/\/profert.dz\/fr\/index.php\/produit\/tchinsol-1\/#primaryimage"},"thumbnailUrl":"https:\/\/profert.dz\/fr\/wp-content\/uploads\/2025\/03\/Tchinsol-1.png","datePublished":"2023-10-15T14:15:14+00:00","dateModified":"2025-03-11T09:26:42+00:00","breadcrumb":{"@id":"https:\/\/profert.dz\/fr\/index.php\/produit\/tchinsol-1\/#breadcrumb"},"inLanguage":"fr-FR","potentialAction":[{"@type":"ReadAction","target":["https:\/\/profert.dz\/fr\/index.php\/produit\/tchinsol-1\/"]}]},{"@type":"ImageObject","inLanguage":"fr-FR","@id":"https:\/\/profert.dz\/fr\/index.php\/produit\/tchinsol-1\/#primaryimage","url":"https:\/\/profert.dz\/fr\/wp-content\/uploads\/2025\/03\/Tchinsol-1.png","contentUrl":"https:\/\/profert.dz\/fr\/wp-content\/uploads\/2025\/03\/Tchinsol-1.png","width":4000,"height":4000},{"@type":"BreadcrumbList","@id":"https:\/\/profert.dz\/fr\/index.php\/produit\/tchinsol-1\/#breadcrumb","itemListElement":[{"@type":"ListItem","position":1,"name":"Accueil","item":"https:\/\/profert.dz\/fr\/"},{"@type":"ListItem","position":2,"name":"Produits","item":"https:\/\/profert.dz\/fr\/index.php\/boutique\/"},{"@type":"ListItem","position":3,"name":"Tchinsol\u00ae 1"}]},{"@type":"WebSite","@id":"https:\/\/profert.dz\/fr\/#website","url":"https:\/\/profert.dz\/fr\/","name":"Profert.dz","description":"Agriculture Alg\u00e9rie","potentialAction":[{"@type":"SearchAction","target":{"@type":"EntryPoint","urlTemplate":"https:\/\/profert.dz\/fr\/?s={search_term_string}"},"query-input":{"@type":"PropertyValueSpecification","valueRequired":true,"valueName":"search_term_string"}}],"inLanguage":"fr-FR"}]}},"_links":{"self":[{"href":"https:\/\/profert.dz\/fr\/index.php\/wp-json\/wp\/v2\/product\/27167"}],"collection":[{"href":"https:\/\/profert.dz\/fr\/index.php\/wp-json\/wp\/v2\/product"}],"about":[{"href":"https:\/\/profert.dz\/fr\/index.php\/wp-json\/wp\/v2\/types\/product"}],"wp:featuredmedia":[{"embeddable":true,"href":"https:\/\/profert.dz\/fr\/index.php\/wp-json\/wp\/v2\/media\/31969"}],"wp:attachment":[{"href":"https:\/\/profert.dz\/fr\/index.php\/wp-json\/wp\/v2\/media?parent=27167"}],"wp:term":[{"taxonomy":"product_brand","embeddable":true,"href":"https:\/\/profert.dz\/fr\/index.php\/wp-json\/wp\/v2\/product_brand?post=27167"},{"taxonomy":"product_cat","embeddable":true,"href":"https:\/\/profert.dz\/fr\/index.php\/wp-json\/wp\/v2\/product_cat?post=27167"},{"taxonomy":"product_tag","embeddable":true,"href":"https:\/\/profert.dz\/fr\/index.php\/wp-json\/wp\/v2\/product_tag?post=27167"}],"curies":[{"name":"wp","href":"https:\/\/api.w.org\/{rel}","templated":true}]}}