{"id":26565,"date":"2023-08-31T14:41:28","date_gmt":"2023-08-31T12:41:28","guid":{"rendered":"https:\/\/profert.dz\/fr\/?post_type=product&#038;p=26565"},"modified":"2025-03-06T12:46:21","modified_gmt":"2025-03-06T11:46:21","slug":"gallant-super","status":"publish","type":"product","link":"https:\/\/profert.dz\/fr\/index.php\/produit\/gallant-super\/","title":{"rendered":"Gallant<sup>\u00ae<\/sup> SUPER"},"content":{"rendered":"","protected":false},"excerpt":{"rendered":"<p style=\"text-align: justify;\"><strong>Formulation :<\/strong> EC (concentr\u00e9 \u00e9mulsifiable)<br \/>\n<strong>Mati\u00e8re active :<\/strong> Haloxyfop-R-M\u00e9thyl Ester<br \/>\n<strong>Famille chimique :<\/strong> Aryloxyphenoxy-propionates (FOPs)<br \/>\n<strong>R\u00e9sistance HRAC :<\/strong> Groupe 1\/A<br \/>\n<strong>Concentration :<\/strong> 104 g\/L<\/p>\n<p style=\"text-align: justify;\"><strong>Gallant<sup>\u00ae<\/sup> SUPER<\/strong> est un herbicide s\u00e9lectif syst\u00e9mique de post lev\u00e9e, efficace contre les gramin\u00e9es annuelles telles que la folle avoine, aussi les repousses des c\u00e9r\u00e9ales et les gramin\u00e9es vivaces (chiendent et ray-grass) ainsi que le paturin dans diverses cultures.<br \/>\n<strong>Gallant<sup>\u00ae<\/sup> SUPER<\/strong> appartient \u00e0 la famille des FOPs qui interviennent dans le m\u00e9tabolisme cellulaire, en inhibant l\u2019ac\u00e9tyl-CoA carboxylase, catalyseur de la premi\u00e8re \u00e9tape de la biosynth\u00e8se des acides gras qui rentrent dans la constitution de la membrane cellulaire.<br \/>\n<strong>Gallant<sup>\u00ae<\/sup> SUPER<\/strong> est dot\u00e9 d\u2019une absorption foliaire qui est rapidement transport\u00e9 dans la plante ; il s&rsquo;accumule dans les tissus m\u00e9rist\u00e9matiques. La croissance des gramin\u00e9es est ainsi stopp\u00e9e. Les feuilles touch\u00e9es se laissent facilement extraire de la gaine de la tige.<br \/>\n<strong>Gallant<sup>\u00ae<\/sup> SUPER<\/strong> peut \u00eatre absorb\u00e9 par les racinaires et inhibe les gramin\u00e9es en cours de germination au moment de l&rsquo;application.<br \/>\n<strong>Gallant<sup>\u00ae<\/sup> SUPER<\/strong> est efficace sur les adventices qui envahissent les cultures de la pomme de terre (comme les repousses des c\u00e9r\u00e9ales apr\u00e8s un pr\u00e9c\u00e9dent c\u00e9r\u00e9alier), de la tomate, des cucurbitac\u00e9es et des liliac\u00e9es.<br \/>\n<strong>Gallant<sup>\u00ae<\/sup> SUPER<\/strong> contr\u00f4le les mauvaises herbes les plus r\u00e9pandues dans les cultures arboricoles (les arbres fruitiers \u00e0 p\u00e9pins, les arbres fruitiers \u00e0 noyaux, les agrumes et la vigne) telles que le ray gras, le chiendent, le phalaris et la digitaire sanguine.<br \/>\n<strong>Gallant<sup>\u00ae<\/sup> SUPER<\/strong> a une utilisation polyvalente dans les cultures d\u2019hiver et d\u2019\u00e9t\u00e9.<\/p>\n<p><strong>Utilisation<\/strong><br \/>\n<img decoding=\"async\" class=\"alignnone size-full wp-image-26777\" src=\"https:\/\/profert.dz\/fr\/wp-content\/uploads\/2023\/08\/Tab-Gallant-Super-5.png\" alt=\"\" width=\"948\" height=\"94\" srcset=\"https:\/\/profert.dz\/fr\/wp-content\/uploads\/2023\/08\/Tab-Gallant-Super-5-200x20.png 200w, https:\/\/profert.dz\/fr\/wp-content\/uploads\/2023\/08\/Tab-Gallant-Super-5-300x30.png 300w, https:\/\/profert.dz\/fr\/wp-content\/uploads\/2023\/08\/Tab-Gallant-Super-5-400x40.png 400w, https:\/\/profert.dz\/fr\/wp-content\/uploads\/2023\/08\/Tab-Gallant-Super-5-500x50.png 500w, https:\/\/profert.dz\/fr\/wp-content\/uploads\/2023\/08\/Tab-Gallant-Super-5-600x59.png 600w, https:\/\/profert.dz\/fr\/wp-content\/uploads\/2023\/08\/Tab-Gallant-Super-5-700x69.png 700w, https:\/\/profert.dz\/fr\/wp-content\/uploads\/2023\/08\/Tab-Gallant-Super-5-768x76.png 768w, https:\/\/profert.dz\/fr\/wp-content\/uploads\/2023\/08\/Tab-Gallant-Super-5-800x79.png 800w, https:\/\/profert.dz\/fr\/wp-content\/uploads\/2023\/08\/Tab-Gallant-Super-5-940x94.png 940w, https:\/\/profert.dz\/fr\/wp-content\/uploads\/2023\/08\/Tab-Gallant-Super-5.png 948w\" sizes=\"(max-width: 948px) 100vw, 948px\" \/><\/p>\n<p style=\"text-align: justify;\"><strong>Recommandations<\/strong><br \/>\nLes meilleurs r\u00e9sultats s\u2019obtiennent par des applications sur des populations de gramin\u00e9es adventices enti\u00e8rement lev\u00e9es.<br \/>\nLes grandes amplitudes thermiques n&rsquo;influencent pas l&rsquo;efficacit\u00e9 de <strong>Gallant<sup>\u00ae<\/sup> SUPER<\/strong>. Par temp\u00e9ratures froides et l\u00e9gers gels nocturnes, l&rsquo;action graminicide est seulement ralentie. Toutefois, il n&rsquo;est pas recommand\u00e9 d&rsquo;effectuer un traitement avec <strong>Gallant<sup>\u00ae<\/sup> SUPER<\/strong> en p\u00e9riode de gel durable. Ne pas m\u00e9langer <strong>Gallant<sup>\u00ae<\/sup> SUPER<\/strong> avec d&rsquo;autres produits chimiques. Il n&rsquo;est pas n\u00e9cessaire d&rsquo;ajouter un agent mouillant. <strong>Gallant<sup>\u00ae<\/sup> SUPER<\/strong> est r\u00e9sistant au lessivage 2 heures apr\u00e8s l\u2019application.<\/p>\n[wpdm_package id='31926']\n","protected":false},"featured_media":26695,"template":"","meta":[],"product_brand":[],"product_cat":[86],"product_tag":[],"class_list":{"0":"post-26565","1":"product","2":"type-product","3":"status-publish","4":"has-post-thumbnail","6":"product_cat-herbicides-00","8":"first","9":"instock","10":"shipping-taxable","11":"product-type-simple"},"yoast_head":"<!-- This site is optimized with the Yoast SEO plugin v25.6 - https:\/\/yoast.com\/wordpress\/plugins\/seo\/ -->\n<title>Gallant\u00ae SUPER - Profert<\/title>\n<meta name=\"robots\" content=\"index, follow, max-snippet:-1, max-image-preview:large, max-video-preview:-1\" \/>\n<link rel=\"canonical\" href=\"https:\/\/profert.dz\/fr\/index.php\/produit\/gallant-super\/\" \/>\n<meta property=\"og:locale\" content=\"fr_FR\" \/>\n<meta property=\"og:type\" content=\"article\" \/>\n<meta property=\"og:title\" content=\"Gallant\u00ae SUPER - Profert\" \/>\n<meta property=\"og:description\" content=\"Formulation : EC (concentr\u00e9 \u00e9mulsifiable) Mati\u00e8re active : Haloxyfop-R-M\u00e9thyl Ester Famille chimique : Aryloxyphenoxy-propionates (FOPs) R\u00e9sistance HRAC : Groupe 1\/A Concentration : 104 g\/L Gallant\u00ae SUPER est un herbicide s\u00e9lectif syst\u00e9mique de post lev\u00e9e, efficace contre les gramin\u00e9es annuelles telles que la folle avoine, aussi les repousses des c\u00e9r\u00e9ales et les gramin\u00e9es vivaces (chiendent et ray-grass) ainsi que le paturin dans diverses cultures. Gallant\u00ae SUPER appartient \u00e0 la famille des FOPs qui interviennent dans le m\u00e9tabolisme cellulaire, en inhibant l\u2019ac\u00e9tyl-CoA carboxylase, catalyseur de la premi\u00e8re \u00e9tape de la biosynth\u00e8se des acides gras qui rentrent dans la constitution de la membrane cellulaire. Gallant\u00ae SUPER est dot\u00e9 d\u2019une absorption foliaire qui est rapidement transport\u00e9 dans la plante ; il s&#039;accumule dans les tissus m\u00e9rist\u00e9matiques. La croissance des gramin\u00e9es est ainsi stopp\u00e9e. Les feuilles touch\u00e9es se laissent facilement extraire de la gaine de la tige. Gallant\u00ae SUPER peut \u00eatre absorb\u00e9 par les racinaires et inhibe les gramin\u00e9es en cours de germination au moment de l&#039;application. Gallant\u00ae SUPER est efficace sur les adventices qui envahissent les cultures de la pomme de terre (comme les repousses des c\u00e9r\u00e9ales apr\u00e8s un pr\u00e9c\u00e9dent c\u00e9r\u00e9alier), de la tomate, des cucurbitac\u00e9es et des liliac\u00e9es. Gallant\u00ae SUPER contr\u00f4le les mauvaises herbes les plus r\u00e9pandues dans les cultures arboricoles (les arbres fruitiers \u00e0 p\u00e9pins, les arbres fruitiers \u00e0 noyaux, les agrumes et la vigne) telles que le ray gras, le chiendent, le phalaris et la digitaire sanguine. Gallant\u00ae SUPER a une utilisation polyvalente dans les cultures d\u2019hiver et d\u2019\u00e9t\u00e9. Utilisation  Recommandations Les meilleurs r\u00e9sultats s\u2019obtiennent par des applications sur des populations de gramin\u00e9es adventices enti\u00e8rement lev\u00e9es. Les grandes amplitudes thermiques n&#039;influencent pas l&#039;efficacit\u00e9 de Gallant\u00ae SUPER. Par temp\u00e9ratures froides et l\u00e9gers gels nocturnes, l&#039;action graminicide est seulement ralentie. Toutefois, il n&#039;est pas recommand\u00e9 d&#039;effectuer un traitement avec Gallant\u00ae SUPER en p\u00e9riode de gel durable. Ne pas m\u00e9langer Gallant\u00ae SUPER avec d&#039;autres produits chimiques. Il n&#039;est pas n\u00e9cessaire d&#039;ajouter un agent mouillant. Gallant\u00ae SUPER est r\u00e9sistant au lessivage 2 heures apr\u00e8s l\u2019application.\" \/>\n<meta property=\"og:url\" content=\"https:\/\/profert.dz\/fr\/index.php\/produit\/gallant-super\/\" \/>\n<meta property=\"og:site_name\" content=\"Profert\" \/>\n<meta property=\"article:modified_time\" content=\"2025-03-06T11:46:21+00:00\" \/>\n<meta property=\"og:image\" content=\"https:\/\/profert.dz\/fr\/wp-content\/uploads\/2023\/08\/Gallant-Super-Produit.jpg\" \/>\n\t<meta property=\"og:image:width\" content=\"720\" \/>\n\t<meta property=\"og:image:height\" content=\"658\" \/>\n\t<meta property=\"og:image:type\" content=\"image\/jpeg\" \/>\n<meta name=\"twitter:card\" content=\"summary_large_image\" \/>\n<meta name=\"twitter:label1\" content=\"Dur\u00e9e de lecture estim\u00e9e\" \/>\n\t<meta name=\"twitter:data1\" content=\"1 minute\" \/>\n<script type=\"application\/ld+json\" class=\"yoast-schema-graph\">{\"@context\":\"https:\/\/schema.org\",\"@graph\":[{\"@type\":\"WebPage\",\"@id\":\"https:\/\/profert.dz\/fr\/index.php\/produit\/gallant-super\/\",\"url\":\"https:\/\/profert.dz\/fr\/index.php\/produit\/gallant-super\/\",\"name\":\"Gallant\u00ae SUPER - Profert\",\"isPartOf\":{\"@id\":\"https:\/\/profert.dz\/fr\/#website\"},\"primaryImageOfPage\":{\"@id\":\"https:\/\/profert.dz\/fr\/index.php\/produit\/gallant-super\/#primaryimage\"},\"image\":{\"@id\":\"https:\/\/profert.dz\/fr\/index.php\/produit\/gallant-super\/#primaryimage\"},\"thumbnailUrl\":\"https:\/\/profert.dz\/fr\/wp-content\/uploads\/2023\/08\/Gallant-Super-Produit.jpg\",\"datePublished\":\"2023-08-31T12:41:28+00:00\",\"dateModified\":\"2025-03-06T11:46:21+00:00\",\"breadcrumb\":{\"@id\":\"https:\/\/profert.dz\/fr\/index.php\/produit\/gallant-super\/#breadcrumb\"},\"inLanguage\":\"fr-FR\",\"potentialAction\":[{\"@type\":\"ReadAction\",\"target\":[\"https:\/\/profert.dz\/fr\/index.php\/produit\/gallant-super\/\"]}]},{\"@type\":\"ImageObject\",\"inLanguage\":\"fr-FR\",\"@id\":\"https:\/\/profert.dz\/fr\/index.php\/produit\/gallant-super\/#primaryimage\",\"url\":\"https:\/\/profert.dz\/fr\/wp-content\/uploads\/2023\/08\/Gallant-Super-Produit.jpg\",\"contentUrl\":\"https:\/\/profert.dz\/fr\/wp-content\/uploads\/2023\/08\/Gallant-Super-Produit.jpg\",\"width\":720,\"height\":658},{\"@type\":\"BreadcrumbList\",\"@id\":\"https:\/\/profert.dz\/fr\/index.php\/produit\/gallant-super\/#breadcrumb\",\"itemListElement\":[{\"@type\":\"ListItem\",\"position\":1,\"name\":\"Accueil\",\"item\":\"https:\/\/profert.dz\/fr\/\"},{\"@type\":\"ListItem\",\"position\":2,\"name\":\"Produits\",\"item\":\"https:\/\/profert.dz\/fr\/index.php\/boutique\/\"},{\"@type\":\"ListItem\",\"position\":3,\"name\":\"Gallant\u00ae SUPER\"}]},{\"@type\":\"WebSite\",\"@id\":\"https:\/\/profert.dz\/fr\/#website\",\"url\":\"https:\/\/profert.dz\/fr\/\",\"name\":\"Profert.dz\",\"description\":\"Agriculture Alg\u00e9rie\",\"potentialAction\":[{\"@type\":\"SearchAction\",\"target\":{\"@type\":\"EntryPoint\",\"urlTemplate\":\"https:\/\/profert.dz\/fr\/?s={search_term_string}\"},\"query-input\":{\"@type\":\"PropertyValueSpecification\",\"valueRequired\":true,\"valueName\":\"search_term_string\"}}],\"inLanguage\":\"fr-FR\"}]}<\/script>\n<!-- \/ Yoast SEO plugin. -->","yoast_head_json":{"title":"Gallant\u00ae SUPER - Profert","robots":{"index":"index","follow":"follow","max-snippet":"max-snippet:-1","max-image-preview":"max-image-preview:large","max-video-preview":"max-video-preview:-1"},"canonical":"https:\/\/profert.dz\/fr\/index.php\/produit\/gallant-super\/","og_locale":"fr_FR","og_type":"article","og_title":"Gallant\u00ae SUPER - Profert","og_description":"Formulation : EC (concentr\u00e9 \u00e9mulsifiable) Mati\u00e8re active : Haloxyfop-R-M\u00e9thyl Ester Famille chimique : Aryloxyphenoxy-propionates (FOPs) R\u00e9sistance HRAC : Groupe 1\/A Concentration : 104 g\/L Gallant\u00ae SUPER est un herbicide s\u00e9lectif syst\u00e9mique de post lev\u00e9e, efficace contre les gramin\u00e9es annuelles telles que la folle avoine, aussi les repousses des c\u00e9r\u00e9ales et les gramin\u00e9es vivaces (chiendent et ray-grass) ainsi que le paturin dans diverses cultures. Gallant\u00ae SUPER appartient \u00e0 la famille des FOPs qui interviennent dans le m\u00e9tabolisme cellulaire, en inhibant l\u2019ac\u00e9tyl-CoA carboxylase, catalyseur de la premi\u00e8re \u00e9tape de la biosynth\u00e8se des acides gras qui rentrent dans la constitution de la membrane cellulaire. Gallant\u00ae SUPER est dot\u00e9 d\u2019une absorption foliaire qui est rapidement transport\u00e9 dans la plante ; il s'accumule dans les tissus m\u00e9rist\u00e9matiques. La croissance des gramin\u00e9es est ainsi stopp\u00e9e. Les feuilles touch\u00e9es se laissent facilement extraire de la gaine de la tige. Gallant\u00ae SUPER peut \u00eatre absorb\u00e9 par les racinaires et inhibe les gramin\u00e9es en cours de germination au moment de l'application. Gallant\u00ae SUPER est efficace sur les adventices qui envahissent les cultures de la pomme de terre (comme les repousses des c\u00e9r\u00e9ales apr\u00e8s un pr\u00e9c\u00e9dent c\u00e9r\u00e9alier), de la tomate, des cucurbitac\u00e9es et des liliac\u00e9es. Gallant\u00ae SUPER contr\u00f4le les mauvaises herbes les plus r\u00e9pandues dans les cultures arboricoles (les arbres fruitiers \u00e0 p\u00e9pins, les arbres fruitiers \u00e0 noyaux, les agrumes et la vigne) telles que le ray gras, le chiendent, le phalaris et la digitaire sanguine. Gallant\u00ae SUPER a une utilisation polyvalente dans les cultures d\u2019hiver et d\u2019\u00e9t\u00e9. Utilisation  Recommandations Les meilleurs r\u00e9sultats s\u2019obtiennent par des applications sur des populations de gramin\u00e9es adventices enti\u00e8rement lev\u00e9es. Les grandes amplitudes thermiques n'influencent pas l'efficacit\u00e9 de Gallant\u00ae SUPER. Par temp\u00e9ratures froides et l\u00e9gers gels nocturnes, l'action graminicide est seulement ralentie. Toutefois, il n'est pas recommand\u00e9 d'effectuer un traitement avec Gallant\u00ae SUPER en p\u00e9riode de gel durable. Ne pas m\u00e9langer Gallant\u00ae SUPER avec d'autres produits chimiques. Il n'est pas n\u00e9cessaire d'ajouter un agent mouillant. Gallant\u00ae SUPER est r\u00e9sistant au lessivage 2 heures apr\u00e8s l\u2019application.","og_url":"https:\/\/profert.dz\/fr\/index.php\/produit\/gallant-super\/","og_site_name":"Profert","article_modified_time":"2025-03-06T11:46:21+00:00","og_image":[{"width":720,"height":658,"url":"https:\/\/profert.dz\/fr\/wp-content\/uploads\/2023\/08\/Gallant-Super-Produit.jpg","type":"image\/jpeg"}],"twitter_card":"summary_large_image","twitter_misc":{"Dur\u00e9e de lecture estim\u00e9e":"1 minute"},"schema":{"@context":"https:\/\/schema.org","@graph":[{"@type":"WebPage","@id":"https:\/\/profert.dz\/fr\/index.php\/produit\/gallant-super\/","url":"https:\/\/profert.dz\/fr\/index.php\/produit\/gallant-super\/","name":"Gallant\u00ae SUPER - Profert","isPartOf":{"@id":"https:\/\/profert.dz\/fr\/#website"},"primaryImageOfPage":{"@id":"https:\/\/profert.dz\/fr\/index.php\/produit\/gallant-super\/#primaryimage"},"image":{"@id":"https:\/\/profert.dz\/fr\/index.php\/produit\/gallant-super\/#primaryimage"},"thumbnailUrl":"https:\/\/profert.dz\/fr\/wp-content\/uploads\/2023\/08\/Gallant-Super-Produit.jpg","datePublished":"2023-08-31T12:41:28+00:00","dateModified":"2025-03-06T11:46:21+00:00","breadcrumb":{"@id":"https:\/\/profert.dz\/fr\/index.php\/produit\/gallant-super\/#breadcrumb"},"inLanguage":"fr-FR","potentialAction":[{"@type":"ReadAction","target":["https:\/\/profert.dz\/fr\/index.php\/produit\/gallant-super\/"]}]},{"@type":"ImageObject","inLanguage":"fr-FR","@id":"https:\/\/profert.dz\/fr\/index.php\/produit\/gallant-super\/#primaryimage","url":"https:\/\/profert.dz\/fr\/wp-content\/uploads\/2023\/08\/Gallant-Super-Produit.jpg","contentUrl":"https:\/\/profert.dz\/fr\/wp-content\/uploads\/2023\/08\/Gallant-Super-Produit.jpg","width":720,"height":658},{"@type":"BreadcrumbList","@id":"https:\/\/profert.dz\/fr\/index.php\/produit\/gallant-super\/#breadcrumb","itemListElement":[{"@type":"ListItem","position":1,"name":"Accueil","item":"https:\/\/profert.dz\/fr\/"},{"@type":"ListItem","position":2,"name":"Produits","item":"https:\/\/profert.dz\/fr\/index.php\/boutique\/"},{"@type":"ListItem","position":3,"name":"Gallant\u00ae SUPER"}]},{"@type":"WebSite","@id":"https:\/\/profert.dz\/fr\/#website","url":"https:\/\/profert.dz\/fr\/","name":"Profert.dz","description":"Agriculture Alg\u00e9rie","potentialAction":[{"@type":"SearchAction","target":{"@type":"EntryPoint","urlTemplate":"https:\/\/profert.dz\/fr\/?s={search_term_string}"},"query-input":{"@type":"PropertyValueSpecification","valueRequired":true,"valueName":"search_term_string"}}],"inLanguage":"fr-FR"}]}},"_links":{"self":[{"href":"https:\/\/profert.dz\/fr\/index.php\/wp-json\/wp\/v2\/product\/26565"}],"collection":[{"href":"https:\/\/profert.dz\/fr\/index.php\/wp-json\/wp\/v2\/product"}],"about":[{"href":"https:\/\/profert.dz\/fr\/index.php\/wp-json\/wp\/v2\/types\/product"}],"wp:featuredmedia":[{"embeddable":true,"href":"https:\/\/profert.dz\/fr\/index.php\/wp-json\/wp\/v2\/media\/26695"}],"wp:attachment":[{"href":"https:\/\/profert.dz\/fr\/index.php\/wp-json\/wp\/v2\/media?parent=26565"}],"wp:term":[{"taxonomy":"product_brand","embeddable":true,"href":"https:\/\/profert.dz\/fr\/index.php\/wp-json\/wp\/v2\/product_brand?post=26565"},{"taxonomy":"product_cat","embeddable":true,"href":"https:\/\/profert.dz\/fr\/index.php\/wp-json\/wp\/v2\/product_cat?post=26565"},{"taxonomy":"product_tag","embeddable":true,"href":"https:\/\/profert.dz\/fr\/index.php\/wp-json\/wp\/v2\/product_tag?post=26565"}],"curies":[{"name":"wp","href":"https:\/\/api.w.org\/{rel}","templated":true}]}}