{"id":25657,"date":"2023-02-01T10:05:51","date_gmt":"2023-02-01T09:05:51","guid":{"rendered":"https:\/\/profert.dz\/fr\/?post_type=product&#038;p=25657"},"modified":"2025-09-16T09:55:11","modified_gmt":"2025-09-16T07:55:11","slug":"akogib-ec","status":"publish","type":"product","link":"https:\/\/profert.dz\/fr\/index.php\/produit\/akogib-ec\/","title":{"rendered":"Akogib EC"},"content":{"rendered":"","protected":false},"excerpt":{"rendered":"<p style=\"text-align: justify;\"><strong>Contient<\/strong><br \/>\n\u25a0\u00a0 Acide gibb\u00e9rellique<br \/>\n\u25a0\u00a0 3%<br \/>\n\u25a0\u00a0 EC (Emulsion Concentr\u00e9e)<\/p>\n<p style=\"text-align: justify;\"><strong>Mode d&rsquo;action<\/strong><br \/>\n<strong>Akogib<sup>\u00a0<\/sup>EC<\/strong> contient de l&rsquo;acide gibb\u00e9rellique, un compos\u00e9 naturel utilis\u00e9 en agriculture en tant que r\u00e9gulateur de plante. Cette substance de croissance est l&rsquo;une des principales hormones pouvant \u00eatre synth\u00e9tis\u00e9es chez les plantes. Elle agit principalement sur la multiplication et l&rsquo;\u00e9longation cellulaire. Elle stimule la croissance de la tige, l&rsquo;induction florale, le d\u00e9veloppement des fruits ainsi que la germination des grains et la lev\u00e9e de dormance des plantes en repos v\u00e9g\u00e9tatifs.<br \/>\nSes effets b\u00e9n\u00e9fiques interviennent sur la pr\u00e9cocit\u00e9, la qualit\u00e9 et la quantit\u00e9 des r\u00e9coltes.<\/p>\n<p><strong>Usages<\/strong><br \/>\n<img decoding=\"async\" class=\"alignnone size-full wp-image-25686\" src=\"https:\/\/profert.dz\/fr\/wp-content\/uploads\/2023\/02\/Tab-Akogib-Fr.jpg\" alt=\"\" width=\"800\" height=\"468\" srcset=\"https:\/\/profert.dz\/fr\/wp-content\/uploads\/2023\/02\/Tab-Akogib-Fr-120x70.jpg 120w, https:\/\/profert.dz\/fr\/wp-content\/uploads\/2023\/02\/Tab-Akogib-Fr-200x117.jpg 200w, https:\/\/profert.dz\/fr\/wp-content\/uploads\/2023\/02\/Tab-Akogib-Fr-300x176.jpg 300w, https:\/\/profert.dz\/fr\/wp-content\/uploads\/2023\/02\/Tab-Akogib-Fr-400x234.jpg 400w, https:\/\/profert.dz\/fr\/wp-content\/uploads\/2023\/02\/Tab-Akogib-Fr-500x293.jpg 500w, https:\/\/profert.dz\/fr\/wp-content\/uploads\/2023\/02\/Tab-Akogib-Fr-600x351.jpg 600w, https:\/\/profert.dz\/fr\/wp-content\/uploads\/2023\/02\/Tab-Akogib-Fr-700x410.jpg 700w, https:\/\/profert.dz\/fr\/wp-content\/uploads\/2023\/02\/Tab-Akogib-Fr-768x449.jpg 768w, https:\/\/profert.dz\/fr\/wp-content\/uploads\/2023\/02\/Tab-Akogib-Fr.jpg 800w\" sizes=\"(max-width: 800px) 100vw, 800px\" \/><\/p>\n","protected":false},"featured_media":25662,"template":"","meta":[],"product_brand":[],"product_cat":[112],"product_tag":[],"class_list":{"0":"post-25657","1":"product","2":"type-product","3":"status-publish","4":"has-post-thumbnail","6":"product_cat-correcteur-de-croissance","8":"first","9":"instock","10":"shipping-taxable","11":"product-type-simple"},"yoast_head":"<!-- This site is optimized with the Yoast SEO plugin v25.6 - https:\/\/yoast.com\/wordpress\/plugins\/seo\/ -->\n<title>Akogib EC - Profert<\/title>\n<meta name=\"robots\" content=\"index, follow, max-snippet:-1, max-image-preview:large, max-video-preview:-1\" \/>\n<link rel=\"canonical\" href=\"https:\/\/profert.dz\/fr\/index.php\/produit\/akogib-ec\/\" \/>\n<meta property=\"og:locale\" content=\"fr_FR\" \/>\n<meta property=\"og:type\" content=\"article\" \/>\n<meta property=\"og:title\" content=\"Akogib EC - Profert\" \/>\n<meta property=\"og:description\" content=\"Contient \u25a0\u00a0 Acide gibb\u00e9rellique \u25a0\u00a0 3% \u25a0\u00a0 EC (Emulsion Concentr\u00e9e) Mode d&#039;action Akogib\u00a0EC contient de l&#039;acide gibb\u00e9rellique, un compos\u00e9 naturel utilis\u00e9 en agriculture en tant que r\u00e9gulateur de plante. Cette substance de croissance est l&#039;une des principales hormones pouvant \u00eatre synth\u00e9tis\u00e9es chez les plantes. Elle agit principalement sur la multiplication et l&#039;\u00e9longation cellulaire. Elle stimule la croissance de la tige, l&#039;induction florale, le d\u00e9veloppement des fruits ainsi que la germination des grains et la lev\u00e9e de dormance des plantes en repos v\u00e9g\u00e9tatifs. Ses effets b\u00e9n\u00e9fiques interviennent sur la pr\u00e9cocit\u00e9, la qualit\u00e9 et la quantit\u00e9 des r\u00e9coltes. Usages\" \/>\n<meta property=\"og:url\" content=\"https:\/\/profert.dz\/fr\/index.php\/produit\/akogib-ec\/\" \/>\n<meta property=\"og:site_name\" content=\"Profert\" \/>\n<meta property=\"article:modified_time\" content=\"2025-09-16T07:55:11+00:00\" \/>\n<meta property=\"og:image\" content=\"https:\/\/profert.dz\/fr\/wp-content\/uploads\/2023\/02\/Emballage-Akogib\u00ae-EC.jpg\" \/>\n\t<meta property=\"og:image:width\" content=\"720\" \/>\n\t<meta property=\"og:image:height\" content=\"658\" \/>\n\t<meta property=\"og:image:type\" content=\"image\/jpeg\" \/>\n<meta name=\"twitter:card\" content=\"summary_large_image\" \/>\n<meta name=\"twitter:label1\" content=\"Dur\u00e9e de lecture estim\u00e9e\" \/>\n\t<meta name=\"twitter:data1\" content=\"1 minute\" \/>\n<script type=\"application\/ld+json\" class=\"yoast-schema-graph\">{\"@context\":\"https:\/\/schema.org\",\"@graph\":[{\"@type\":\"WebPage\",\"@id\":\"https:\/\/profert.dz\/fr\/index.php\/produit\/akogib-ec\/\",\"url\":\"https:\/\/profert.dz\/fr\/index.php\/produit\/akogib-ec\/\",\"name\":\"Akogib EC - Profert\",\"isPartOf\":{\"@id\":\"https:\/\/profert.dz\/fr\/#website\"},\"primaryImageOfPage\":{\"@id\":\"https:\/\/profert.dz\/fr\/index.php\/produit\/akogib-ec\/#primaryimage\"},\"image\":{\"@id\":\"https:\/\/profert.dz\/fr\/index.php\/produit\/akogib-ec\/#primaryimage\"},\"thumbnailUrl\":\"https:\/\/profert.dz\/fr\/wp-content\/uploads\/2023\/02\/Emballage-Akogib\u00ae-EC.jpg\",\"datePublished\":\"2023-02-01T09:05:51+00:00\",\"dateModified\":\"2025-09-16T07:55:11+00:00\",\"breadcrumb\":{\"@id\":\"https:\/\/profert.dz\/fr\/index.php\/produit\/akogib-ec\/#breadcrumb\"},\"inLanguage\":\"fr-FR\",\"potentialAction\":[{\"@type\":\"ReadAction\",\"target\":[\"https:\/\/profert.dz\/fr\/index.php\/produit\/akogib-ec\/\"]}]},{\"@type\":\"ImageObject\",\"inLanguage\":\"fr-FR\",\"@id\":\"https:\/\/profert.dz\/fr\/index.php\/produit\/akogib-ec\/#primaryimage\",\"url\":\"https:\/\/profert.dz\/fr\/wp-content\/uploads\/2023\/02\/Emballage-Akogib\u00ae-EC.jpg\",\"contentUrl\":\"https:\/\/profert.dz\/fr\/wp-content\/uploads\/2023\/02\/Emballage-Akogib\u00ae-EC.jpg\",\"width\":720,\"height\":658},{\"@type\":\"BreadcrumbList\",\"@id\":\"https:\/\/profert.dz\/fr\/index.php\/produit\/akogib-ec\/#breadcrumb\",\"itemListElement\":[{\"@type\":\"ListItem\",\"position\":1,\"name\":\"Accueil\",\"item\":\"https:\/\/profert.dz\/fr\/\"},{\"@type\":\"ListItem\",\"position\":2,\"name\":\"Produits\",\"item\":\"https:\/\/profert.dz\/fr\/index.php\/boutique\/\"},{\"@type\":\"ListItem\",\"position\":3,\"name\":\"Akogib EC\"}]},{\"@type\":\"WebSite\",\"@id\":\"https:\/\/profert.dz\/fr\/#website\",\"url\":\"https:\/\/profert.dz\/fr\/\",\"name\":\"Profert.dz\",\"description\":\"Agriculture Alg\u00e9rie\",\"potentialAction\":[{\"@type\":\"SearchAction\",\"target\":{\"@type\":\"EntryPoint\",\"urlTemplate\":\"https:\/\/profert.dz\/fr\/?s={search_term_string}\"},\"query-input\":{\"@type\":\"PropertyValueSpecification\",\"valueRequired\":true,\"valueName\":\"search_term_string\"}}],\"inLanguage\":\"fr-FR\"}]}<\/script>\n<!-- \/ Yoast SEO plugin. -->","yoast_head_json":{"title":"Akogib EC - Profert","robots":{"index":"index","follow":"follow","max-snippet":"max-snippet:-1","max-image-preview":"max-image-preview:large","max-video-preview":"max-video-preview:-1"},"canonical":"https:\/\/profert.dz\/fr\/index.php\/produit\/akogib-ec\/","og_locale":"fr_FR","og_type":"article","og_title":"Akogib EC - Profert","og_description":"Contient \u25a0\u00a0 Acide gibb\u00e9rellique \u25a0\u00a0 3% \u25a0\u00a0 EC (Emulsion Concentr\u00e9e) Mode d'action Akogib\u00a0EC contient de l'acide gibb\u00e9rellique, un compos\u00e9 naturel utilis\u00e9 en agriculture en tant que r\u00e9gulateur de plante. Cette substance de croissance est l'une des principales hormones pouvant \u00eatre synth\u00e9tis\u00e9es chez les plantes. Elle agit principalement sur la multiplication et l'\u00e9longation cellulaire. Elle stimule la croissance de la tige, l'induction florale, le d\u00e9veloppement des fruits ainsi que la germination des grains et la lev\u00e9e de dormance des plantes en repos v\u00e9g\u00e9tatifs. Ses effets b\u00e9n\u00e9fiques interviennent sur la pr\u00e9cocit\u00e9, la qualit\u00e9 et la quantit\u00e9 des r\u00e9coltes. Usages","og_url":"https:\/\/profert.dz\/fr\/index.php\/produit\/akogib-ec\/","og_site_name":"Profert","article_modified_time":"2025-09-16T07:55:11+00:00","og_image":[{"width":720,"height":658,"url":"https:\/\/profert.dz\/fr\/wp-content\/uploads\/2023\/02\/Emballage-Akogib\u00ae-EC.jpg","type":"image\/jpeg"}],"twitter_card":"summary_large_image","twitter_misc":{"Dur\u00e9e de lecture estim\u00e9e":"1 minute"},"schema":{"@context":"https:\/\/schema.org","@graph":[{"@type":"WebPage","@id":"https:\/\/profert.dz\/fr\/index.php\/produit\/akogib-ec\/","url":"https:\/\/profert.dz\/fr\/index.php\/produit\/akogib-ec\/","name":"Akogib EC - Profert","isPartOf":{"@id":"https:\/\/profert.dz\/fr\/#website"},"primaryImageOfPage":{"@id":"https:\/\/profert.dz\/fr\/index.php\/produit\/akogib-ec\/#primaryimage"},"image":{"@id":"https:\/\/profert.dz\/fr\/index.php\/produit\/akogib-ec\/#primaryimage"},"thumbnailUrl":"https:\/\/profert.dz\/fr\/wp-content\/uploads\/2023\/02\/Emballage-Akogib\u00ae-EC.jpg","datePublished":"2023-02-01T09:05:51+00:00","dateModified":"2025-09-16T07:55:11+00:00","breadcrumb":{"@id":"https:\/\/profert.dz\/fr\/index.php\/produit\/akogib-ec\/#breadcrumb"},"inLanguage":"fr-FR","potentialAction":[{"@type":"ReadAction","target":["https:\/\/profert.dz\/fr\/index.php\/produit\/akogib-ec\/"]}]},{"@type":"ImageObject","inLanguage":"fr-FR","@id":"https:\/\/profert.dz\/fr\/index.php\/produit\/akogib-ec\/#primaryimage","url":"https:\/\/profert.dz\/fr\/wp-content\/uploads\/2023\/02\/Emballage-Akogib\u00ae-EC.jpg","contentUrl":"https:\/\/profert.dz\/fr\/wp-content\/uploads\/2023\/02\/Emballage-Akogib\u00ae-EC.jpg","width":720,"height":658},{"@type":"BreadcrumbList","@id":"https:\/\/profert.dz\/fr\/index.php\/produit\/akogib-ec\/#breadcrumb","itemListElement":[{"@type":"ListItem","position":1,"name":"Accueil","item":"https:\/\/profert.dz\/fr\/"},{"@type":"ListItem","position":2,"name":"Produits","item":"https:\/\/profert.dz\/fr\/index.php\/boutique\/"},{"@type":"ListItem","position":3,"name":"Akogib EC"}]},{"@type":"WebSite","@id":"https:\/\/profert.dz\/fr\/#website","url":"https:\/\/profert.dz\/fr\/","name":"Profert.dz","description":"Agriculture Alg\u00e9rie","potentialAction":[{"@type":"SearchAction","target":{"@type":"EntryPoint","urlTemplate":"https:\/\/profert.dz\/fr\/?s={search_term_string}"},"query-input":{"@type":"PropertyValueSpecification","valueRequired":true,"valueName":"search_term_string"}}],"inLanguage":"fr-FR"}]}},"_links":{"self":[{"href":"https:\/\/profert.dz\/fr\/index.php\/wp-json\/wp\/v2\/product\/25657"}],"collection":[{"href":"https:\/\/profert.dz\/fr\/index.php\/wp-json\/wp\/v2\/product"}],"about":[{"href":"https:\/\/profert.dz\/fr\/index.php\/wp-json\/wp\/v2\/types\/product"}],"wp:featuredmedia":[{"embeddable":true,"href":"https:\/\/profert.dz\/fr\/index.php\/wp-json\/wp\/v2\/media\/25662"}],"wp:attachment":[{"href":"https:\/\/profert.dz\/fr\/index.php\/wp-json\/wp\/v2\/media?parent=25657"}],"wp:term":[{"taxonomy":"product_brand","embeddable":true,"href":"https:\/\/profert.dz\/fr\/index.php\/wp-json\/wp\/v2\/product_brand?post=25657"},{"taxonomy":"product_cat","embeddable":true,"href":"https:\/\/profert.dz\/fr\/index.php\/wp-json\/wp\/v2\/product_cat?post=25657"},{"taxonomy":"product_tag","embeddable":true,"href":"https:\/\/profert.dz\/fr\/index.php\/wp-json\/wp\/v2\/product_tag?post=25657"}],"curies":[{"name":"wp","href":"https:\/\/api.w.org\/{rel}","templated":true}]}}