{"id":25199,"date":"2022-09-21T17:26:56","date_gmt":"2022-09-21T15:26:56","guid":{"rendered":"https:\/\/profert.dz\/fr\/?post_type=product&#038;p=25199"},"modified":"2023-08-22T16:37:04","modified_gmt":"2023-08-22T14:37:04","slug":"ceres","status":"publish","type":"product","link":"https:\/\/profert.dz\/fr\/index.php\/produit\/ceres\/","title":{"rendered":"Ceres<sup>\u00ae<\/sup>"},"content":{"rendered":"","protected":false},"excerpt":{"rendered":"<p style=\"text-align: justify;\"><strong>Compositions :<\/strong> 22,5 % Famoxadone + 30 % Cymoxanil.<br \/>\n<strong>Famille Chimique :<\/strong> oxazolidinediones + ac\u00e9tamides.<br \/>\n<strong>Formulation :<\/strong> Granul\u00e9 dispersible dans l&rsquo;eau (WG).<\/p>\n<p style=\"text-align: justify;\"><strong>Ceres<sup>\u00ae<\/sup><\/strong> est un produit actif contre le mildiou de diff\u00e9rentes cultures : la vigne, la pomme de terre, la tomate et concombre. Il est aussi actif sur l\u2019alternaria chez les solanac\u00e9es (tomate, pomme de terre, etc.).<br \/>\n<strong>Ceres<sup>\u00ae<\/sup><\/strong> est compos\u00e9 de deux mati\u00e8res actives, lui conf\u00e9rant deux modes d\u2019actions compl\u00e9mentaires pour une meilleure efficacit\u00e9.<br \/>\n<strong>Famoxadone<\/strong> agit en pr\u00e9ventif. Elle est dot\u00e9e d\u2019une longue persistance d\u2019action.<br \/>\n<strong>Famoxadone<\/strong> inhibe la cha\u00eene respiratoire mitochondriale du champignon. Elle bloque l&rsquo;enzyme ubiquino, entra\u00eenant la mort du champignon.<br \/>\n<strong>Cymoxanil<\/strong> a une action de contact sur les spores du champignon au moment de leur germination; il poss\u00e8de en outre une action stoppante qui d\u00e9truit les champignons durant la phase d\u2019incubation.<br \/>\n<strong>Cymoxanil<\/strong> est reconnu par son excellente action curative et r\u00e9troactive. Il agit par l\u2019alt\u00e9ration du m\u00e9tabolisme du champignon en inhibant la synth\u00e8se des acides nucl\u00e9iques,\u00a0 des acides amin\u00e9s et d&rsquo;autres processus cellulaires.<\/p>\n<p style=\"text-align: justify;\"><strong>Utilisations et doses d\u2019emploi<\/strong><br \/>\n<img decoding=\"async\" class=\"alignnone size-full wp-image-25201\" src=\"https:\/\/profert.dz\/fr\/wp-content\/uploads\/2022\/09\/Tab-Ceres.jpg\" alt=\"\" width=\"544\" height=\"46\" srcset=\"https:\/\/profert.dz\/fr\/wp-content\/uploads\/2022\/09\/Tab-Ceres-120x10.jpg 120w, https:\/\/profert.dz\/fr\/wp-content\/uploads\/2022\/09\/Tab-Ceres-200x17.jpg 200w, https:\/\/profert.dz\/fr\/wp-content\/uploads\/2022\/09\/Tab-Ceres-300x25.jpg 300w, https:\/\/profert.dz\/fr\/wp-content\/uploads\/2022\/09\/Tab-Ceres-400x34.jpg 400w, https:\/\/profert.dz\/fr\/wp-content\/uploads\/2022\/09\/Tab-Ceres-500x42.jpg 500w, https:\/\/profert.dz\/fr\/wp-content\/uploads\/2022\/09\/Tab-Ceres-540x46.jpg 540w, https:\/\/profert.dz\/fr\/wp-content\/uploads\/2022\/09\/Tab-Ceres.jpg 544w\" sizes=\"(max-width: 544px) 100vw, 544px\" \/><\/p>\n[wpdm_package id='26414']\n","protected":false},"featured_media":25206,"template":"","meta":[],"product_brand":[],"product_cat":[87],"product_tag":[],"class_list":{"0":"post-25199","1":"product","2":"type-product","3":"status-publish","4":"has-post-thumbnail","6":"product_cat-fongicides-00","8":"first","9":"instock","10":"shipping-taxable","11":"product-type-simple"},"yoast_head":"<!-- This site is optimized with the Yoast SEO plugin v25.6 - https:\/\/yoast.com\/wordpress\/plugins\/seo\/ -->\n<title>Ceres\u00ae - Profert<\/title>\n<meta name=\"robots\" content=\"index, follow, max-snippet:-1, max-image-preview:large, max-video-preview:-1\" \/>\n<link rel=\"canonical\" href=\"https:\/\/profert.dz\/fr\/index.php\/produit\/ceres\/\" \/>\n<meta property=\"og:locale\" content=\"fr_FR\" \/>\n<meta property=\"og:type\" content=\"article\" \/>\n<meta property=\"og:title\" content=\"Ceres\u00ae - Profert\" \/>\n<meta property=\"og:description\" content=\"Compositions : 22,5 % Famoxadone + 30 % Cymoxanil. Famille Chimique : oxazolidinediones + ac\u00e9tamides. Formulation : Granul\u00e9 dispersible dans l&#039;eau (WG). Ceres\u00ae est un produit actif contre le mildiou de diff\u00e9rentes cultures : la vigne, la pomme de terre, la tomate et concombre. Il est aussi actif sur l\u2019alternaria chez les solanac\u00e9es (tomate, pomme de terre, etc.). Ceres\u00ae est compos\u00e9 de deux mati\u00e8res actives, lui conf\u00e9rant deux modes d\u2019actions compl\u00e9mentaires pour une meilleure efficacit\u00e9. Famoxadone agit en pr\u00e9ventif. Elle est dot\u00e9e d\u2019une longue persistance d\u2019action. Famoxadone inhibe la cha\u00eene respiratoire mitochondriale du champignon. Elle bloque l&#039;enzyme ubiquino, entra\u00eenant la mort du champignon. Cymoxanil a une action de contact sur les spores du champignon au moment de leur germination; il poss\u00e8de en outre une action stoppante qui d\u00e9truit les champignons durant la phase d\u2019incubation. Cymoxanil est reconnu par son excellente action curative et r\u00e9troactive. Il agit par l\u2019alt\u00e9ration du m\u00e9tabolisme du champignon en inhibant la synth\u00e8se des acides nucl\u00e9iques,\u00a0 des acides amin\u00e9s et d&#039;autres processus cellulaires. Utilisations et doses d\u2019emploi\" \/>\n<meta property=\"og:url\" content=\"https:\/\/profert.dz\/fr\/index.php\/produit\/ceres\/\" \/>\n<meta property=\"og:site_name\" content=\"Profert\" \/>\n<meta property=\"article:modified_time\" content=\"2023-08-22T14:37:04+00:00\" \/>\n<meta property=\"og:image\" content=\"https:\/\/profert.dz\/fr\/wp-content\/uploads\/2022\/09\/Emballage-Ceres.jpg\" \/>\n\t<meta property=\"og:image:width\" content=\"720\" \/>\n\t<meta property=\"og:image:height\" content=\"658\" \/>\n\t<meta property=\"og:image:type\" content=\"image\/jpeg\" \/>\n<meta name=\"twitter:card\" content=\"summary_large_image\" \/>\n<script type=\"application\/ld+json\" class=\"yoast-schema-graph\">{\"@context\":\"https:\/\/schema.org\",\"@graph\":[{\"@type\":\"WebPage\",\"@id\":\"https:\/\/profert.dz\/fr\/index.php\/produit\/ceres\/\",\"url\":\"https:\/\/profert.dz\/fr\/index.php\/produit\/ceres\/\",\"name\":\"Ceres\u00ae - Profert\",\"isPartOf\":{\"@id\":\"https:\/\/profert.dz\/fr\/#website\"},\"primaryImageOfPage\":{\"@id\":\"https:\/\/profert.dz\/fr\/index.php\/produit\/ceres\/#primaryimage\"},\"image\":{\"@id\":\"https:\/\/profert.dz\/fr\/index.php\/produit\/ceres\/#primaryimage\"},\"thumbnailUrl\":\"https:\/\/profert.dz\/fr\/wp-content\/uploads\/2022\/09\/Emballage-Ceres.jpg\",\"datePublished\":\"2022-09-21T15:26:56+00:00\",\"dateModified\":\"2023-08-22T14:37:04+00:00\",\"breadcrumb\":{\"@id\":\"https:\/\/profert.dz\/fr\/index.php\/produit\/ceres\/#breadcrumb\"},\"inLanguage\":\"fr-FR\",\"potentialAction\":[{\"@type\":\"ReadAction\",\"target\":[\"https:\/\/profert.dz\/fr\/index.php\/produit\/ceres\/\"]}]},{\"@type\":\"ImageObject\",\"inLanguage\":\"fr-FR\",\"@id\":\"https:\/\/profert.dz\/fr\/index.php\/produit\/ceres\/#primaryimage\",\"url\":\"https:\/\/profert.dz\/fr\/wp-content\/uploads\/2022\/09\/Emballage-Ceres.jpg\",\"contentUrl\":\"https:\/\/profert.dz\/fr\/wp-content\/uploads\/2022\/09\/Emballage-Ceres.jpg\",\"width\":720,\"height\":658},{\"@type\":\"BreadcrumbList\",\"@id\":\"https:\/\/profert.dz\/fr\/index.php\/produit\/ceres\/#breadcrumb\",\"itemListElement\":[{\"@type\":\"ListItem\",\"position\":1,\"name\":\"Accueil\",\"item\":\"https:\/\/profert.dz\/fr\/\"},{\"@type\":\"ListItem\",\"position\":2,\"name\":\"Produits\",\"item\":\"https:\/\/profert.dz\/fr\/index.php\/boutique\/\"},{\"@type\":\"ListItem\",\"position\":3,\"name\":\"Ceres\u00ae\"}]},{\"@type\":\"WebSite\",\"@id\":\"https:\/\/profert.dz\/fr\/#website\",\"url\":\"https:\/\/profert.dz\/fr\/\",\"name\":\"Profert.dz\",\"description\":\"Agriculture Alg\u00e9rie\",\"potentialAction\":[{\"@type\":\"SearchAction\",\"target\":{\"@type\":\"EntryPoint\",\"urlTemplate\":\"https:\/\/profert.dz\/fr\/?s={search_term_string}\"},\"query-input\":{\"@type\":\"PropertyValueSpecification\",\"valueRequired\":true,\"valueName\":\"search_term_string\"}}],\"inLanguage\":\"fr-FR\"}]}<\/script>\n<!-- \/ Yoast SEO plugin. -->","yoast_head_json":{"title":"Ceres\u00ae - Profert","robots":{"index":"index","follow":"follow","max-snippet":"max-snippet:-1","max-image-preview":"max-image-preview:large","max-video-preview":"max-video-preview:-1"},"canonical":"https:\/\/profert.dz\/fr\/index.php\/produit\/ceres\/","og_locale":"fr_FR","og_type":"article","og_title":"Ceres\u00ae - Profert","og_description":"Compositions : 22,5 % Famoxadone + 30 % Cymoxanil. Famille Chimique : oxazolidinediones + ac\u00e9tamides. Formulation : Granul\u00e9 dispersible dans l'eau (WG). Ceres\u00ae est un produit actif contre le mildiou de diff\u00e9rentes cultures : la vigne, la pomme de terre, la tomate et concombre. Il est aussi actif sur l\u2019alternaria chez les solanac\u00e9es (tomate, pomme de terre, etc.). Ceres\u00ae est compos\u00e9 de deux mati\u00e8res actives, lui conf\u00e9rant deux modes d\u2019actions compl\u00e9mentaires pour une meilleure efficacit\u00e9. Famoxadone agit en pr\u00e9ventif. Elle est dot\u00e9e d\u2019une longue persistance d\u2019action. Famoxadone inhibe la cha\u00eene respiratoire mitochondriale du champignon. Elle bloque l'enzyme ubiquino, entra\u00eenant la mort du champignon. Cymoxanil a une action de contact sur les spores du champignon au moment de leur germination; il poss\u00e8de en outre une action stoppante qui d\u00e9truit les champignons durant la phase d\u2019incubation. Cymoxanil est reconnu par son excellente action curative et r\u00e9troactive. Il agit par l\u2019alt\u00e9ration du m\u00e9tabolisme du champignon en inhibant la synth\u00e8se des acides nucl\u00e9iques,\u00a0 des acides amin\u00e9s et d'autres processus cellulaires. Utilisations et doses d\u2019emploi","og_url":"https:\/\/profert.dz\/fr\/index.php\/produit\/ceres\/","og_site_name":"Profert","article_modified_time":"2023-08-22T14:37:04+00:00","og_image":[{"width":720,"height":658,"url":"https:\/\/profert.dz\/fr\/wp-content\/uploads\/2022\/09\/Emballage-Ceres.jpg","type":"image\/jpeg"}],"twitter_card":"summary_large_image","schema":{"@context":"https:\/\/schema.org","@graph":[{"@type":"WebPage","@id":"https:\/\/profert.dz\/fr\/index.php\/produit\/ceres\/","url":"https:\/\/profert.dz\/fr\/index.php\/produit\/ceres\/","name":"Ceres\u00ae - Profert","isPartOf":{"@id":"https:\/\/profert.dz\/fr\/#website"},"primaryImageOfPage":{"@id":"https:\/\/profert.dz\/fr\/index.php\/produit\/ceres\/#primaryimage"},"image":{"@id":"https:\/\/profert.dz\/fr\/index.php\/produit\/ceres\/#primaryimage"},"thumbnailUrl":"https:\/\/profert.dz\/fr\/wp-content\/uploads\/2022\/09\/Emballage-Ceres.jpg","datePublished":"2022-09-21T15:26:56+00:00","dateModified":"2023-08-22T14:37:04+00:00","breadcrumb":{"@id":"https:\/\/profert.dz\/fr\/index.php\/produit\/ceres\/#breadcrumb"},"inLanguage":"fr-FR","potentialAction":[{"@type":"ReadAction","target":["https:\/\/profert.dz\/fr\/index.php\/produit\/ceres\/"]}]},{"@type":"ImageObject","inLanguage":"fr-FR","@id":"https:\/\/profert.dz\/fr\/index.php\/produit\/ceres\/#primaryimage","url":"https:\/\/profert.dz\/fr\/wp-content\/uploads\/2022\/09\/Emballage-Ceres.jpg","contentUrl":"https:\/\/profert.dz\/fr\/wp-content\/uploads\/2022\/09\/Emballage-Ceres.jpg","width":720,"height":658},{"@type":"BreadcrumbList","@id":"https:\/\/profert.dz\/fr\/index.php\/produit\/ceres\/#breadcrumb","itemListElement":[{"@type":"ListItem","position":1,"name":"Accueil","item":"https:\/\/profert.dz\/fr\/"},{"@type":"ListItem","position":2,"name":"Produits","item":"https:\/\/profert.dz\/fr\/index.php\/boutique\/"},{"@type":"ListItem","position":3,"name":"Ceres\u00ae"}]},{"@type":"WebSite","@id":"https:\/\/profert.dz\/fr\/#website","url":"https:\/\/profert.dz\/fr\/","name":"Profert.dz","description":"Agriculture Alg\u00e9rie","potentialAction":[{"@type":"SearchAction","target":{"@type":"EntryPoint","urlTemplate":"https:\/\/profert.dz\/fr\/?s={search_term_string}"},"query-input":{"@type":"PropertyValueSpecification","valueRequired":true,"valueName":"search_term_string"}}],"inLanguage":"fr-FR"}]}},"_links":{"self":[{"href":"https:\/\/profert.dz\/fr\/index.php\/wp-json\/wp\/v2\/product\/25199"}],"collection":[{"href":"https:\/\/profert.dz\/fr\/index.php\/wp-json\/wp\/v2\/product"}],"about":[{"href":"https:\/\/profert.dz\/fr\/index.php\/wp-json\/wp\/v2\/types\/product"}],"wp:featuredmedia":[{"embeddable":true,"href":"https:\/\/profert.dz\/fr\/index.php\/wp-json\/wp\/v2\/media\/25206"}],"wp:attachment":[{"href":"https:\/\/profert.dz\/fr\/index.php\/wp-json\/wp\/v2\/media?parent=25199"}],"wp:term":[{"taxonomy":"product_brand","embeddable":true,"href":"https:\/\/profert.dz\/fr\/index.php\/wp-json\/wp\/v2\/product_brand?post=25199"},{"taxonomy":"product_cat","embeddable":true,"href":"https:\/\/profert.dz\/fr\/index.php\/wp-json\/wp\/v2\/product_cat?post=25199"},{"taxonomy":"product_tag","embeddable":true,"href":"https:\/\/profert.dz\/fr\/index.php\/wp-json\/wp\/v2\/product_tag?post=25199"}],"curies":[{"name":"wp","href":"https:\/\/api.w.org\/{rel}","templated":true}]}}