{"id":24960,"date":"2022-07-11T10:53:38","date_gmt":"2022-07-11T08:53:38","guid":{"rendered":"http:\/\/profert.dz\/fr\/?post_type=product&#038;p=24960"},"modified":"2025-03-16T13:14:04","modified_gmt":"2025-03-16T12:14:04","slug":"northweat","status":"publish","type":"product","link":"https:\/\/profert.dz\/fr\/index.php\/produit\/northweat\/","title":{"rendered":"Northweat<sup>\u00ae<\/sup>"},"content":{"rendered":"","protected":false},"excerpt":{"rendered":"<h3 style=\"text-align: justify;\">Engrais sp\u00e9cial c\u00e9r\u00e9ales, l\u00e9gumineuses et ol\u00e9agineuses.<\/h3>\n<p style=\"text-align: justify;\"><strong>Formulation :<\/strong> granul\u00e9.<br \/>\n<strong>Composition :<\/strong><br \/>\n\u2022 Azote total (N): 10 %.<br \/>\n\u2022 Anhydride phosphorique (P<sub>2<\/sub>O<sub>5<\/sub>) : 30 % .<br \/>\n\u2022 Potasse sous forme sulfate (K<sub>2<\/sub>O) : 10 % .<br \/>\n\u2022 Soufre sous forme sulfate (SO<sub>3<\/sub>) : 9 % .<\/p>\n<p style=\"text-align: justify;\"><strong>Caract\u00e9ristiques<\/strong><br \/>\n<strong>Northweat<sup>\u00ae<\/sup><\/strong> est un engrais ternaire adapt\u00e9 au d\u00e9marrage des c\u00e9r\u00e9ales (bl\u00e9s, orge et ma\u00efs), l\u00e9gumineuses et ol\u00e9agineuses. C\u2019est un engrais compos\u00e9 d\u2019azote, phosphore, potassium et soufre. La synergie entre les 4 \u00e9l\u00e9ments permet un bon d\u00e9marrage de la culture.<br \/>\n<strong>Northweat<sup>\u00ae<\/sup><\/strong> contient de l\u2019azote. Un \u00e9l\u00e9ment primordial du tallage, du d\u00e9veloppement des plantes et responsable de l\u2019augmentation du taux de prot\u00e9ines des grains.<br \/>\nLe phosphore contenu dans Northweat\u00ae est soluble et assimilable. Le phosphore joue un r\u00f4le tr\u00e8s important dans le d\u00e9veloppement racinaire. La formation d\u2019un bon tissu racinaire, au stade pr\u00e9coce de la culture, permet \u00e0 la plante de puiser efficacement les \u00e9l\u00e9ments nutritifs peu mobiles comme le phosphore ou de prospecter une partie importante du sol \u00e0 la recherche d\u2019\u00e9l\u00e9ments nutritifs et de l\u2019eau.<br \/>\n<strong>Northweat<sup>\u00ae<\/sup><\/strong> est riche en potassium. Cet \u00e9l\u00e9ment est tr\u00e8s mobilis\u00e9 par les c\u00e9r\u00e9ales, d\u00e8s les premiers stades du d\u00e9veloppement. Le potassium joue plusieurs r\u00f4les :<br \/>\n\u2022 Limitation de l\u2019\u00e9chaudage.<br \/>\n\u2022 R\u00e9sistance au stress hydrique par la r\u00e9gulation de l\u2019ouverture et la fermeture des stomates.<br \/>\n\u2022 Resistance aux gels et aux maladies fongiques.<br \/>\n\u2022 Bon remplissage des grains.<br \/>\n\u2022 Meilleure assimilation de l\u2019azote par les plantes.<br \/>\n<strong>Northweat<sup>\u00ae<\/sup><\/strong> contient du soufre sous formes sulfates. Cet \u00e9l\u00e9ment participe \u00e0 la nutrition de la plante et au lessivage des cations : Mg<sup>+<\/sup>, Ca<sup>+<\/sup> et Na<sup>+<\/sup> dans le sol. Cette action de lessivage aide \u00e0 la lutte contre la salinit\u00e9 et participe activement \u00e0 l\u2019acidification de la rhizosph\u00e8re.<br \/>\nLe soufre entre dans la constitution de la chlorophylle, de certaines vitamines et de certaines enzymes telles que la nitrate r\u00e9ductase et la nitrite r\u00e9ductase, responsables de la r\u00e9duction de l\u2019azote dans la plante. C\u2019est la synergie entre l\u2019azote et le soufre.<\/p>\n<p><strong>Dose g\u00e9n\u00e9ralement recommand\u00e9e<\/strong><br \/>\n<img decoding=\"async\" class=\"alignnone wp-image-24962\" src=\"http:\/\/profert.dz\/fr\/wp-content\/uploads\/2022\/07\/Tab-Northweat.jpg\" alt=\"\" width=\"380\" height=\"126\" srcset=\"https:\/\/profert.dz\/fr\/wp-content\/uploads\/2022\/07\/Tab-Northweat-120x40.jpg 120w, https:\/\/profert.dz\/fr\/wp-content\/uploads\/2022\/07\/Tab-Northweat-200x66.jpg 200w, https:\/\/profert.dz\/fr\/wp-content\/uploads\/2022\/07\/Tab-Northweat-300x100.jpg 300w, https:\/\/profert.dz\/fr\/wp-content\/uploads\/2022\/07\/Tab-Northweat-400x133.jpg 400w, https:\/\/profert.dz\/fr\/wp-content\/uploads\/2022\/07\/Tab-Northweat.jpg 500w\" sizes=\"(max-width: 380px) 100vw, 380px\" \/><br \/>\n[wpdm_package id='26541']<\/p>\n","protected":false},"featured_media":31995,"template":"","meta":[],"product_brand":[],"product_cat":[120],"product_tag":[],"class_list":{"0":"post-24960","1":"product","2":"type-product","3":"status-publish","4":"has-post-thumbnail","6":"product_cat-engraisnpk","8":"first","9":"instock","10":"shipping-taxable","11":"product-type-simple"},"yoast_head":"<!-- This site is optimized with the Yoast SEO plugin v25.6 - https:\/\/yoast.com\/wordpress\/plugins\/seo\/ -->\n<title>Northweat\u00ae - Profert<\/title>\n<meta name=\"robots\" content=\"index, follow, max-snippet:-1, max-image-preview:large, max-video-preview:-1\" \/>\n<link rel=\"canonical\" href=\"https:\/\/profert.dz\/fr\/index.php\/produit\/northweat\/\" \/>\n<meta property=\"og:locale\" content=\"fr_FR\" \/>\n<meta property=\"og:type\" content=\"article\" \/>\n<meta property=\"og:title\" content=\"Northweat\u00ae - Profert\" \/>\n<meta property=\"og:description\" content=\"Engrais sp\u00e9cial c\u00e9r\u00e9ales, l\u00e9gumineuses et ol\u00e9agineuses. Formulation : granul\u00e9. Composition : \u2022 Azote total (N): 10 %. \u2022 Anhydride phosphorique (P2O5) : 30 % . \u2022 Potasse sous forme sulfate (K2O) : 10 % . \u2022 Soufre sous forme sulfate (SO3) : 9 % . Caract\u00e9ristiques Northweat\u00ae est un engrais ternaire adapt\u00e9 au d\u00e9marrage des c\u00e9r\u00e9ales (bl\u00e9s, orge et ma\u00efs), l\u00e9gumineuses et ol\u00e9agineuses. C\u2019est un engrais compos\u00e9 d\u2019azote, phosphore, potassium et soufre. La synergie entre les 4 \u00e9l\u00e9ments permet un bon d\u00e9marrage de la culture. Northweat\u00ae contient de l\u2019azote. Un \u00e9l\u00e9ment primordial du tallage, du d\u00e9veloppement des plantes et responsable de l\u2019augmentation du taux de prot\u00e9ines des grains. Le phosphore contenu dans Northweat\u00ae est soluble et assimilable. Le phosphore joue un r\u00f4le tr\u00e8s important dans le d\u00e9veloppement racinaire. La formation d\u2019un bon tissu racinaire, au stade pr\u00e9coce de la culture, permet \u00e0 la plante de puiser efficacement les \u00e9l\u00e9ments nutritifs peu mobiles comme le phosphore ou de prospecter une partie importante du sol \u00e0 la recherche d\u2019\u00e9l\u00e9ments nutritifs et de l\u2019eau. Northweat\u00ae est riche en potassium. Cet \u00e9l\u00e9ment est tr\u00e8s mobilis\u00e9 par les c\u00e9r\u00e9ales, d\u00e8s les premiers stades du d\u00e9veloppement. Le potassium joue plusieurs r\u00f4les : \u2022 Limitation de l\u2019\u00e9chaudage. \u2022 R\u00e9sistance au stress hydrique par la r\u00e9gulation de l\u2019ouverture et la fermeture des stomates. \u2022 Resistance aux gels et aux maladies fongiques. \u2022 Bon remplissage des grains. \u2022 Meilleure assimilation de l\u2019azote par les plantes. Northweat\u00ae contient du soufre sous formes sulfates. Cet \u00e9l\u00e9ment participe \u00e0 la nutrition de la plante et au lessivage des cations : Mg+, Ca+ et Na+ dans le sol. Cette action de lessivage aide \u00e0 la lutte contre la salinit\u00e9 et participe activement \u00e0 l\u2019acidification de la rhizosph\u00e8re. Le soufre entre dans la constitution de la chlorophylle, de certaines vitamines et de certaines enzymes telles que la nitrate r\u00e9ductase et la nitrite r\u00e9ductase, responsables de la r\u00e9duction de l\u2019azote dans la plante. C\u2019est la synergie entre l\u2019azote et le soufre. Dose g\u00e9n\u00e9ralement recommand\u00e9e\" \/>\n<meta property=\"og:url\" content=\"https:\/\/profert.dz\/fr\/index.php\/produit\/northweat\/\" \/>\n<meta property=\"og:site_name\" content=\"Profert\" \/>\n<meta property=\"article:modified_time\" content=\"2025-03-16T12:14:04+00:00\" \/>\n<meta property=\"og:image\" content=\"https:\/\/profert.dz\/fr\/wp-content\/uploads\/2022\/07\/northweat2.jpg\" \/>\n\t<meta property=\"og:image:width\" content=\"942\" \/>\n\t<meta property=\"og:image:height\" content=\"864\" \/>\n\t<meta property=\"og:image:type\" content=\"image\/jpeg\" \/>\n<meta name=\"twitter:card\" content=\"summary_large_image\" \/>\n<meta name=\"twitter:label1\" content=\"Dur\u00e9e de lecture estim\u00e9e\" \/>\n\t<meta name=\"twitter:data1\" content=\"1 minute\" \/>\n<script type=\"application\/ld+json\" class=\"yoast-schema-graph\">{\"@context\":\"https:\/\/schema.org\",\"@graph\":[{\"@type\":\"WebPage\",\"@id\":\"https:\/\/profert.dz\/fr\/index.php\/produit\/northweat\/\",\"url\":\"https:\/\/profert.dz\/fr\/index.php\/produit\/northweat\/\",\"name\":\"Northweat\u00ae - Profert\",\"isPartOf\":{\"@id\":\"https:\/\/profert.dz\/fr\/#website\"},\"primaryImageOfPage\":{\"@id\":\"https:\/\/profert.dz\/fr\/index.php\/produit\/northweat\/#primaryimage\"},\"image\":{\"@id\":\"https:\/\/profert.dz\/fr\/index.php\/produit\/northweat\/#primaryimage\"},\"thumbnailUrl\":\"https:\/\/profert.dz\/fr\/wp-content\/uploads\/2022\/07\/northweat2.jpg\",\"datePublished\":\"2022-07-11T08:53:38+00:00\",\"dateModified\":\"2025-03-16T12:14:04+00:00\",\"breadcrumb\":{\"@id\":\"https:\/\/profert.dz\/fr\/index.php\/produit\/northweat\/#breadcrumb\"},\"inLanguage\":\"fr-FR\",\"potentialAction\":[{\"@type\":\"ReadAction\",\"target\":[\"https:\/\/profert.dz\/fr\/index.php\/produit\/northweat\/\"]}]},{\"@type\":\"ImageObject\",\"inLanguage\":\"fr-FR\",\"@id\":\"https:\/\/profert.dz\/fr\/index.php\/produit\/northweat\/#primaryimage\",\"url\":\"https:\/\/profert.dz\/fr\/wp-content\/uploads\/2022\/07\/northweat2.jpg\",\"contentUrl\":\"https:\/\/profert.dz\/fr\/wp-content\/uploads\/2022\/07\/northweat2.jpg\",\"width\":942,\"height\":864},{\"@type\":\"BreadcrumbList\",\"@id\":\"https:\/\/profert.dz\/fr\/index.php\/produit\/northweat\/#breadcrumb\",\"itemListElement\":[{\"@type\":\"ListItem\",\"position\":1,\"name\":\"Accueil\",\"item\":\"https:\/\/profert.dz\/fr\/\"},{\"@type\":\"ListItem\",\"position\":2,\"name\":\"Produits\",\"item\":\"https:\/\/profert.dz\/fr\/index.php\/boutique\/\"},{\"@type\":\"ListItem\",\"position\":3,\"name\":\"Northweat\u00ae\"}]},{\"@type\":\"WebSite\",\"@id\":\"https:\/\/profert.dz\/fr\/#website\",\"url\":\"https:\/\/profert.dz\/fr\/\",\"name\":\"Profert.dz\",\"description\":\"Agriculture Alg\u00e9rie\",\"potentialAction\":[{\"@type\":\"SearchAction\",\"target\":{\"@type\":\"EntryPoint\",\"urlTemplate\":\"https:\/\/profert.dz\/fr\/?s={search_term_string}\"},\"query-input\":{\"@type\":\"PropertyValueSpecification\",\"valueRequired\":true,\"valueName\":\"search_term_string\"}}],\"inLanguage\":\"fr-FR\"}]}<\/script>\n<!-- \/ Yoast SEO plugin. -->","yoast_head_json":{"title":"Northweat\u00ae - Profert","robots":{"index":"index","follow":"follow","max-snippet":"max-snippet:-1","max-image-preview":"max-image-preview:large","max-video-preview":"max-video-preview:-1"},"canonical":"https:\/\/profert.dz\/fr\/index.php\/produit\/northweat\/","og_locale":"fr_FR","og_type":"article","og_title":"Northweat\u00ae - Profert","og_description":"Engrais sp\u00e9cial c\u00e9r\u00e9ales, l\u00e9gumineuses et ol\u00e9agineuses. Formulation : granul\u00e9. Composition : \u2022 Azote total (N): 10 %. \u2022 Anhydride phosphorique (P2O5) : 30 % . \u2022 Potasse sous forme sulfate (K2O) : 10 % . \u2022 Soufre sous forme sulfate (SO3) : 9 % . Caract\u00e9ristiques Northweat\u00ae est un engrais ternaire adapt\u00e9 au d\u00e9marrage des c\u00e9r\u00e9ales (bl\u00e9s, orge et ma\u00efs), l\u00e9gumineuses et ol\u00e9agineuses. C\u2019est un engrais compos\u00e9 d\u2019azote, phosphore, potassium et soufre. La synergie entre les 4 \u00e9l\u00e9ments permet un bon d\u00e9marrage de la culture. Northweat\u00ae contient de l\u2019azote. Un \u00e9l\u00e9ment primordial du tallage, du d\u00e9veloppement des plantes et responsable de l\u2019augmentation du taux de prot\u00e9ines des grains. Le phosphore contenu dans Northweat\u00ae est soluble et assimilable. Le phosphore joue un r\u00f4le tr\u00e8s important dans le d\u00e9veloppement racinaire. La formation d\u2019un bon tissu racinaire, au stade pr\u00e9coce de la culture, permet \u00e0 la plante de puiser efficacement les \u00e9l\u00e9ments nutritifs peu mobiles comme le phosphore ou de prospecter une partie importante du sol \u00e0 la recherche d\u2019\u00e9l\u00e9ments nutritifs et de l\u2019eau. Northweat\u00ae est riche en potassium. Cet \u00e9l\u00e9ment est tr\u00e8s mobilis\u00e9 par les c\u00e9r\u00e9ales, d\u00e8s les premiers stades du d\u00e9veloppement. Le potassium joue plusieurs r\u00f4les : \u2022 Limitation de l\u2019\u00e9chaudage. \u2022 R\u00e9sistance au stress hydrique par la r\u00e9gulation de l\u2019ouverture et la fermeture des stomates. \u2022 Resistance aux gels et aux maladies fongiques. \u2022 Bon remplissage des grains. \u2022 Meilleure assimilation de l\u2019azote par les plantes. Northweat\u00ae contient du soufre sous formes sulfates. Cet \u00e9l\u00e9ment participe \u00e0 la nutrition de la plante et au lessivage des cations : Mg+, Ca+ et Na+ dans le sol. Cette action de lessivage aide \u00e0 la lutte contre la salinit\u00e9 et participe activement \u00e0 l\u2019acidification de la rhizosph\u00e8re. Le soufre entre dans la constitution de la chlorophylle, de certaines vitamines et de certaines enzymes telles que la nitrate r\u00e9ductase et la nitrite r\u00e9ductase, responsables de la r\u00e9duction de l\u2019azote dans la plante. C\u2019est la synergie entre l\u2019azote et le soufre. Dose g\u00e9n\u00e9ralement recommand\u00e9e","og_url":"https:\/\/profert.dz\/fr\/index.php\/produit\/northweat\/","og_site_name":"Profert","article_modified_time":"2025-03-16T12:14:04+00:00","og_image":[{"width":942,"height":864,"url":"https:\/\/profert.dz\/fr\/wp-content\/uploads\/2022\/07\/northweat2.jpg","type":"image\/jpeg"}],"twitter_card":"summary_large_image","twitter_misc":{"Dur\u00e9e de lecture estim\u00e9e":"1 minute"},"schema":{"@context":"https:\/\/schema.org","@graph":[{"@type":"WebPage","@id":"https:\/\/profert.dz\/fr\/index.php\/produit\/northweat\/","url":"https:\/\/profert.dz\/fr\/index.php\/produit\/northweat\/","name":"Northweat\u00ae - Profert","isPartOf":{"@id":"https:\/\/profert.dz\/fr\/#website"},"primaryImageOfPage":{"@id":"https:\/\/profert.dz\/fr\/index.php\/produit\/northweat\/#primaryimage"},"image":{"@id":"https:\/\/profert.dz\/fr\/index.php\/produit\/northweat\/#primaryimage"},"thumbnailUrl":"https:\/\/profert.dz\/fr\/wp-content\/uploads\/2022\/07\/northweat2.jpg","datePublished":"2022-07-11T08:53:38+00:00","dateModified":"2025-03-16T12:14:04+00:00","breadcrumb":{"@id":"https:\/\/profert.dz\/fr\/index.php\/produit\/northweat\/#breadcrumb"},"inLanguage":"fr-FR","potentialAction":[{"@type":"ReadAction","target":["https:\/\/profert.dz\/fr\/index.php\/produit\/northweat\/"]}]},{"@type":"ImageObject","inLanguage":"fr-FR","@id":"https:\/\/profert.dz\/fr\/index.php\/produit\/northweat\/#primaryimage","url":"https:\/\/profert.dz\/fr\/wp-content\/uploads\/2022\/07\/northweat2.jpg","contentUrl":"https:\/\/profert.dz\/fr\/wp-content\/uploads\/2022\/07\/northweat2.jpg","width":942,"height":864},{"@type":"BreadcrumbList","@id":"https:\/\/profert.dz\/fr\/index.php\/produit\/northweat\/#breadcrumb","itemListElement":[{"@type":"ListItem","position":1,"name":"Accueil","item":"https:\/\/profert.dz\/fr\/"},{"@type":"ListItem","position":2,"name":"Produits","item":"https:\/\/profert.dz\/fr\/index.php\/boutique\/"},{"@type":"ListItem","position":3,"name":"Northweat\u00ae"}]},{"@type":"WebSite","@id":"https:\/\/profert.dz\/fr\/#website","url":"https:\/\/profert.dz\/fr\/","name":"Profert.dz","description":"Agriculture Alg\u00e9rie","potentialAction":[{"@type":"SearchAction","target":{"@type":"EntryPoint","urlTemplate":"https:\/\/profert.dz\/fr\/?s={search_term_string}"},"query-input":{"@type":"PropertyValueSpecification","valueRequired":true,"valueName":"search_term_string"}}],"inLanguage":"fr-FR"}]}},"_links":{"self":[{"href":"https:\/\/profert.dz\/fr\/index.php\/wp-json\/wp\/v2\/product\/24960"}],"collection":[{"href":"https:\/\/profert.dz\/fr\/index.php\/wp-json\/wp\/v2\/product"}],"about":[{"href":"https:\/\/profert.dz\/fr\/index.php\/wp-json\/wp\/v2\/types\/product"}],"wp:featuredmedia":[{"embeddable":true,"href":"https:\/\/profert.dz\/fr\/index.php\/wp-json\/wp\/v2\/media\/31995"}],"wp:attachment":[{"href":"https:\/\/profert.dz\/fr\/index.php\/wp-json\/wp\/v2\/media?parent=24960"}],"wp:term":[{"taxonomy":"product_brand","embeddable":true,"href":"https:\/\/profert.dz\/fr\/index.php\/wp-json\/wp\/v2\/product_brand?post=24960"},{"taxonomy":"product_cat","embeddable":true,"href":"https:\/\/profert.dz\/fr\/index.php\/wp-json\/wp\/v2\/product_cat?post=24960"},{"taxonomy":"product_tag","embeddable":true,"href":"https:\/\/profert.dz\/fr\/index.php\/wp-json\/wp\/v2\/product_tag?post=24960"}],"curies":[{"name":"wp","href":"https:\/\/api.w.org\/{rel}","templated":true}]}}