{"id":24888,"date":"2022-06-19T10:56:56","date_gmt":"2022-06-19T08:56:56","guid":{"rendered":"http:\/\/profert.dz\/fr\/?post_type=product&#038;p=24888"},"modified":"2025-03-16T13:43:06","modified_gmt":"2025-03-16T12:43:06","slug":"azoplus","status":"publish","type":"product","link":"https:\/\/profert.dz\/fr\/index.php\/produit\/azoplus\/","title":{"rendered":"Azoplus<sup>\u00ae<\/sup>"},"content":{"rendered":"","protected":false},"excerpt":{"rendered":"<h3>Azoplus<sup>\u00ae<\/sup> est un engrais azot\u00e9 qui contient deux formes d\u2019azote et du soufre.<\/h3>\n<p><strong>Formulation :<\/strong> granul\u00e9s.<br \/>\n<strong>Composition :<\/strong><br \/>\n<strong>\u2022 Azote total :<\/strong> 40 %.<br \/>\n<strong>\u2022 SO<sub>3<\/sub> :<\/strong> 15 %.<\/p>\n<p style=\"text-align: justify;\"><strong>AVANTAGES :<\/strong><br \/>\n<strong>Azoplus<sup>\u00ae<\/sup> <\/strong>est un engrais azot\u00e9 adapt\u00e9 aux besoins des cultures c\u00e9r\u00e9ali\u00e8res (bl\u00e9s, orge et ma\u00efs) et des cultures ol\u00e9agineuses.<br \/>\n<strong>Azoplus<sup>\u00ae<\/sup><\/strong> contient deux (2) formes d\u2019azote : azote ammoniacal et azote ur\u00e9ique. Cette formulation permet une disponibilit\u00e9 imm\u00e9diate de l\u2019azote lors de l\u2019apport et une lib\u00e9ration continue dans le temps gr\u00e2ce aux transformations de l\u2019azote ammoniacal et ur\u00e9ique.<br \/>\n<strong>Azoplus<sup>\u00ae<\/sup><\/strong> am\u00e9liore le pH du sol. Lors de la nitrification de l\u2019azote, des ions H+ sont lib\u00e9r\u00e9s et participent activement \u00e0 l\u2019acidification du sol.<br \/>\n<strong>Azoplus<sup>\u00ae<\/sup><\/strong> est rapidement dissous au moindre contact de l\u2019humidit\u00e9. Les pertes dues \u00e0 la volatilisation sont ainsi grandement r\u00e9duites, augmentant substantiellement le coefficient d\u2019utilisation de l\u2019azote.<br \/>\n<strong>Azoplus<sup>\u00ae<\/sup><\/strong> lib\u00e8re les \u00e9l\u00e9ments nutritifs bloqu\u00e9s dans le sol et les rend disponibles pour la plante (K<sup>+<\/sup>, NH<sub>4<\/sub><sup>+<\/sup>, PO<sub>4<\/sub><sup>&#8211;<\/sup>, Ca<sup>+<\/sup> Mg<sup>+<\/sup>, Fe, Mn, Zn, etc.).<br \/>\n<strong>Azoplus<sup>\u00ae<\/sup><\/strong> contient du soufre. Le soufre joue un r\u00f4le tr\u00e8s important dans le d\u00e9veloppement des cultures :<br \/>\n\u2022 Nutrition des plantes exigeantes en soufre, ce qui est le cas de toutes les cultures et plus particuli\u00e8rement les crucif\u00e8res.<br \/>\n\u2022 Le soufre participe \u00e0 l\u2019acidification de la rhizosph\u00e8re.<br \/>\n\u2022 Le soufre entre dans la constitution de la chlorophylle et de certaines vitamines.<br \/>\n\u2022 Le soufre participe \u00e0 la production des prot\u00e9ines.<br \/>\n\u2022 Le soufre est un constituant de certaines enzymes telles que la nitrate r\u00e9ductase, responsable de la r\u00e9duction de l\u2019azote assimil\u00e9 dans la plante. C\u2019est la synergie entre l\u2019azote et le soufre.<br \/>\n\u2022 Pour la culture du colza, tr\u00e8s exigeante en soufre, il participe activement \u00e0 la production des Glucosinolates, stimulateurs de d\u00e9fenses naturelles.<\/p>\n<p><strong>DOSE G\u00c9N\u00c9RALEMENT RECOMMAND\u00c9E<\/strong><br \/>\n<img decoding=\"async\" class=\"alignnone wp-image-24890\" src=\"http:\/\/profert.dz\/fr\/wp-content\/uploads\/2022\/06\/Tab-Azoplus.png\" alt=\"\" width=\"400\" height=\"110\" srcset=\"https:\/\/profert.dz\/fr\/wp-content\/uploads\/2022\/06\/Tab-Azoplus-120x33.png 120w, https:\/\/profert.dz\/fr\/wp-content\/uploads\/2022\/06\/Tab-Azoplus-200x55.png 200w, https:\/\/profert.dz\/fr\/wp-content\/uploads\/2022\/06\/Tab-Azoplus-300x82.png 300w, https:\/\/profert.dz\/fr\/wp-content\/uploads\/2022\/06\/Tab-Azoplus-400x110.png 400w, https:\/\/profert.dz\/fr\/wp-content\/uploads\/2022\/06\/Tab-Azoplus.png 500w\" sizes=\"(max-width: 400px) 100vw, 400px\" \/><br \/>\n[wpdm_package id='26537']<\/p>\n","protected":false},"featured_media":32000,"template":"","meta":[],"product_brand":[],"product_cat":[119],"product_tag":[],"class_list":{"0":"post-24888","1":"product","2":"type-product","3":"status-publish","4":"has-post-thumbnail","6":"product_cat-engraisazote","8":"first","9":"instock","10":"shipping-taxable","11":"product-type-simple"},"yoast_head":"<!-- This site is optimized with the Yoast SEO plugin v25.6 - https:\/\/yoast.com\/wordpress\/plugins\/seo\/ -->\n<title>Azoplus\u00ae - Profert<\/title>\n<meta name=\"robots\" content=\"index, follow, max-snippet:-1, max-image-preview:large, max-video-preview:-1\" \/>\n<link rel=\"canonical\" href=\"https:\/\/profert.dz\/fr\/index.php\/produit\/azoplus\/\" \/>\n<meta property=\"og:locale\" content=\"fr_FR\" \/>\n<meta property=\"og:type\" content=\"article\" \/>\n<meta property=\"og:title\" content=\"Azoplus\u00ae - Profert\" \/>\n<meta property=\"og:description\" content=\"Azoplus\u00ae est un engrais azot\u00e9 qui contient deux formes d\u2019azote et du soufre. Formulation : granul\u00e9s. Composition : \u2022 Azote total : 40 %. \u2022 SO3 : 15 %. AVANTAGES : Azoplus\u00ae est un engrais azot\u00e9 adapt\u00e9 aux besoins des cultures c\u00e9r\u00e9ali\u00e8res (bl\u00e9s, orge et ma\u00efs) et des cultures ol\u00e9agineuses. Azoplus\u00ae contient deux (2) formes d\u2019azote : azote ammoniacal et azote ur\u00e9ique. Cette formulation permet une disponibilit\u00e9 imm\u00e9diate de l\u2019azote lors de l\u2019apport et une lib\u00e9ration continue dans le temps gr\u00e2ce aux transformations de l\u2019azote ammoniacal et ur\u00e9ique. Azoplus\u00ae am\u00e9liore le pH du sol. Lors de la nitrification de l\u2019azote, des ions H+ sont lib\u00e9r\u00e9s et participent activement \u00e0 l\u2019acidification du sol. Azoplus\u00ae est rapidement dissous au moindre contact de l\u2019humidit\u00e9. Les pertes dues \u00e0 la volatilisation sont ainsi grandement r\u00e9duites, augmentant substantiellement le coefficient d\u2019utilisation de l\u2019azote. Azoplus\u00ae lib\u00e8re les \u00e9l\u00e9ments nutritifs bloqu\u00e9s dans le sol et les rend disponibles pour la plante (K+, NH4+, PO4-, Ca+ Mg+, Fe, Mn, Zn, etc.). Azoplus\u00ae contient du soufre. Le soufre joue un r\u00f4le tr\u00e8s important dans le d\u00e9veloppement des cultures : \u2022 Nutrition des plantes exigeantes en soufre, ce qui est le cas de toutes les cultures et plus particuli\u00e8rement les crucif\u00e8res. \u2022 Le soufre participe \u00e0 l\u2019acidification de la rhizosph\u00e8re. \u2022 Le soufre entre dans la constitution de la chlorophylle et de certaines vitamines. \u2022 Le soufre participe \u00e0 la production des prot\u00e9ines. \u2022 Le soufre est un constituant de certaines enzymes telles que la nitrate r\u00e9ductase, responsable de la r\u00e9duction de l\u2019azote assimil\u00e9 dans la plante. C\u2019est la synergie entre l\u2019azote et le soufre. \u2022 Pour la culture du colza, tr\u00e8s exigeante en soufre, il participe activement \u00e0 la production des Glucosinolates, stimulateurs de d\u00e9fenses naturelles. DOSE G\u00c9N\u00c9RALEMENT RECOMMAND\u00c9E\" \/>\n<meta property=\"og:url\" content=\"https:\/\/profert.dz\/fr\/index.php\/produit\/azoplus\/\" \/>\n<meta property=\"og:site_name\" content=\"Profert\" \/>\n<meta property=\"article:modified_time\" content=\"2025-03-16T12:43:06+00:00\" \/>\n<meta property=\"og:image\" content=\"https:\/\/profert.dz\/fr\/wp-content\/uploads\/2022\/06\/azoplus2.jpg\" \/>\n\t<meta property=\"og:image:width\" content=\"942\" \/>\n\t<meta property=\"og:image:height\" content=\"860\" \/>\n\t<meta property=\"og:image:type\" content=\"image\/jpeg\" \/>\n<meta name=\"twitter:card\" content=\"summary_large_image\" \/>\n<meta name=\"twitter:label1\" content=\"Dur\u00e9e de lecture estim\u00e9e\" \/>\n\t<meta name=\"twitter:data1\" content=\"1 minute\" \/>\n<script type=\"application\/ld+json\" class=\"yoast-schema-graph\">{\"@context\":\"https:\/\/schema.org\",\"@graph\":[{\"@type\":\"WebPage\",\"@id\":\"https:\/\/profert.dz\/fr\/index.php\/produit\/azoplus\/\",\"url\":\"https:\/\/profert.dz\/fr\/index.php\/produit\/azoplus\/\",\"name\":\"Azoplus\u00ae - Profert\",\"isPartOf\":{\"@id\":\"https:\/\/profert.dz\/fr\/#website\"},\"primaryImageOfPage\":{\"@id\":\"https:\/\/profert.dz\/fr\/index.php\/produit\/azoplus\/#primaryimage\"},\"image\":{\"@id\":\"https:\/\/profert.dz\/fr\/index.php\/produit\/azoplus\/#primaryimage\"},\"thumbnailUrl\":\"https:\/\/profert.dz\/fr\/wp-content\/uploads\/2022\/06\/azoplus2.jpg\",\"datePublished\":\"2022-06-19T08:56:56+00:00\",\"dateModified\":\"2025-03-16T12:43:06+00:00\",\"breadcrumb\":{\"@id\":\"https:\/\/profert.dz\/fr\/index.php\/produit\/azoplus\/#breadcrumb\"},\"inLanguage\":\"fr-FR\",\"potentialAction\":[{\"@type\":\"ReadAction\",\"target\":[\"https:\/\/profert.dz\/fr\/index.php\/produit\/azoplus\/\"]}]},{\"@type\":\"ImageObject\",\"inLanguage\":\"fr-FR\",\"@id\":\"https:\/\/profert.dz\/fr\/index.php\/produit\/azoplus\/#primaryimage\",\"url\":\"https:\/\/profert.dz\/fr\/wp-content\/uploads\/2022\/06\/azoplus2.jpg\",\"contentUrl\":\"https:\/\/profert.dz\/fr\/wp-content\/uploads\/2022\/06\/azoplus2.jpg\",\"width\":942,\"height\":860},{\"@type\":\"BreadcrumbList\",\"@id\":\"https:\/\/profert.dz\/fr\/index.php\/produit\/azoplus\/#breadcrumb\",\"itemListElement\":[{\"@type\":\"ListItem\",\"position\":1,\"name\":\"Accueil\",\"item\":\"https:\/\/profert.dz\/fr\/\"},{\"@type\":\"ListItem\",\"position\":2,\"name\":\"Produits\",\"item\":\"https:\/\/profert.dz\/fr\/index.php\/boutique\/\"},{\"@type\":\"ListItem\",\"position\":3,\"name\":\"Azoplus\u00ae\"}]},{\"@type\":\"WebSite\",\"@id\":\"https:\/\/profert.dz\/fr\/#website\",\"url\":\"https:\/\/profert.dz\/fr\/\",\"name\":\"Profert.dz\",\"description\":\"Agriculture Alg\u00e9rie\",\"potentialAction\":[{\"@type\":\"SearchAction\",\"target\":{\"@type\":\"EntryPoint\",\"urlTemplate\":\"https:\/\/profert.dz\/fr\/?s={search_term_string}\"},\"query-input\":{\"@type\":\"PropertyValueSpecification\",\"valueRequired\":true,\"valueName\":\"search_term_string\"}}],\"inLanguage\":\"fr-FR\"}]}<\/script>\n<!-- \/ Yoast SEO plugin. -->","yoast_head_json":{"title":"Azoplus\u00ae - Profert","robots":{"index":"index","follow":"follow","max-snippet":"max-snippet:-1","max-image-preview":"max-image-preview:large","max-video-preview":"max-video-preview:-1"},"canonical":"https:\/\/profert.dz\/fr\/index.php\/produit\/azoplus\/","og_locale":"fr_FR","og_type":"article","og_title":"Azoplus\u00ae - Profert","og_description":"Azoplus\u00ae est un engrais azot\u00e9 qui contient deux formes d\u2019azote et du soufre. Formulation : granul\u00e9s. Composition : \u2022 Azote total : 40 %. \u2022 SO3 : 15 %. AVANTAGES : Azoplus\u00ae est un engrais azot\u00e9 adapt\u00e9 aux besoins des cultures c\u00e9r\u00e9ali\u00e8res (bl\u00e9s, orge et ma\u00efs) et des cultures ol\u00e9agineuses. Azoplus\u00ae contient deux (2) formes d\u2019azote : azote ammoniacal et azote ur\u00e9ique. Cette formulation permet une disponibilit\u00e9 imm\u00e9diate de l\u2019azote lors de l\u2019apport et une lib\u00e9ration continue dans le temps gr\u00e2ce aux transformations de l\u2019azote ammoniacal et ur\u00e9ique. Azoplus\u00ae am\u00e9liore le pH du sol. Lors de la nitrification de l\u2019azote, des ions H+ sont lib\u00e9r\u00e9s et participent activement \u00e0 l\u2019acidification du sol. Azoplus\u00ae est rapidement dissous au moindre contact de l\u2019humidit\u00e9. Les pertes dues \u00e0 la volatilisation sont ainsi grandement r\u00e9duites, augmentant substantiellement le coefficient d\u2019utilisation de l\u2019azote. Azoplus\u00ae lib\u00e8re les \u00e9l\u00e9ments nutritifs bloqu\u00e9s dans le sol et les rend disponibles pour la plante (K+, NH4+, PO4-, Ca+ Mg+, Fe, Mn, Zn, etc.). Azoplus\u00ae contient du soufre. Le soufre joue un r\u00f4le tr\u00e8s important dans le d\u00e9veloppement des cultures : \u2022 Nutrition des plantes exigeantes en soufre, ce qui est le cas de toutes les cultures et plus particuli\u00e8rement les crucif\u00e8res. \u2022 Le soufre participe \u00e0 l\u2019acidification de la rhizosph\u00e8re. \u2022 Le soufre entre dans la constitution de la chlorophylle et de certaines vitamines. \u2022 Le soufre participe \u00e0 la production des prot\u00e9ines. \u2022 Le soufre est un constituant de certaines enzymes telles que la nitrate r\u00e9ductase, responsable de la r\u00e9duction de l\u2019azote assimil\u00e9 dans la plante. C\u2019est la synergie entre l\u2019azote et le soufre. \u2022 Pour la culture du colza, tr\u00e8s exigeante en soufre, il participe activement \u00e0 la production des Glucosinolates, stimulateurs de d\u00e9fenses naturelles. DOSE G\u00c9N\u00c9RALEMENT RECOMMAND\u00c9E","og_url":"https:\/\/profert.dz\/fr\/index.php\/produit\/azoplus\/","og_site_name":"Profert","article_modified_time":"2025-03-16T12:43:06+00:00","og_image":[{"width":942,"height":860,"url":"https:\/\/profert.dz\/fr\/wp-content\/uploads\/2022\/06\/azoplus2.jpg","type":"image\/jpeg"}],"twitter_card":"summary_large_image","twitter_misc":{"Dur\u00e9e de lecture estim\u00e9e":"1 minute"},"schema":{"@context":"https:\/\/schema.org","@graph":[{"@type":"WebPage","@id":"https:\/\/profert.dz\/fr\/index.php\/produit\/azoplus\/","url":"https:\/\/profert.dz\/fr\/index.php\/produit\/azoplus\/","name":"Azoplus\u00ae - Profert","isPartOf":{"@id":"https:\/\/profert.dz\/fr\/#website"},"primaryImageOfPage":{"@id":"https:\/\/profert.dz\/fr\/index.php\/produit\/azoplus\/#primaryimage"},"image":{"@id":"https:\/\/profert.dz\/fr\/index.php\/produit\/azoplus\/#primaryimage"},"thumbnailUrl":"https:\/\/profert.dz\/fr\/wp-content\/uploads\/2022\/06\/azoplus2.jpg","datePublished":"2022-06-19T08:56:56+00:00","dateModified":"2025-03-16T12:43:06+00:00","breadcrumb":{"@id":"https:\/\/profert.dz\/fr\/index.php\/produit\/azoplus\/#breadcrumb"},"inLanguage":"fr-FR","potentialAction":[{"@type":"ReadAction","target":["https:\/\/profert.dz\/fr\/index.php\/produit\/azoplus\/"]}]},{"@type":"ImageObject","inLanguage":"fr-FR","@id":"https:\/\/profert.dz\/fr\/index.php\/produit\/azoplus\/#primaryimage","url":"https:\/\/profert.dz\/fr\/wp-content\/uploads\/2022\/06\/azoplus2.jpg","contentUrl":"https:\/\/profert.dz\/fr\/wp-content\/uploads\/2022\/06\/azoplus2.jpg","width":942,"height":860},{"@type":"BreadcrumbList","@id":"https:\/\/profert.dz\/fr\/index.php\/produit\/azoplus\/#breadcrumb","itemListElement":[{"@type":"ListItem","position":1,"name":"Accueil","item":"https:\/\/profert.dz\/fr\/"},{"@type":"ListItem","position":2,"name":"Produits","item":"https:\/\/profert.dz\/fr\/index.php\/boutique\/"},{"@type":"ListItem","position":3,"name":"Azoplus\u00ae"}]},{"@type":"WebSite","@id":"https:\/\/profert.dz\/fr\/#website","url":"https:\/\/profert.dz\/fr\/","name":"Profert.dz","description":"Agriculture Alg\u00e9rie","potentialAction":[{"@type":"SearchAction","target":{"@type":"EntryPoint","urlTemplate":"https:\/\/profert.dz\/fr\/?s={search_term_string}"},"query-input":{"@type":"PropertyValueSpecification","valueRequired":true,"valueName":"search_term_string"}}],"inLanguage":"fr-FR"}]}},"_links":{"self":[{"href":"https:\/\/profert.dz\/fr\/index.php\/wp-json\/wp\/v2\/product\/24888"}],"collection":[{"href":"https:\/\/profert.dz\/fr\/index.php\/wp-json\/wp\/v2\/product"}],"about":[{"href":"https:\/\/profert.dz\/fr\/index.php\/wp-json\/wp\/v2\/types\/product"}],"wp:featuredmedia":[{"embeddable":true,"href":"https:\/\/profert.dz\/fr\/index.php\/wp-json\/wp\/v2\/media\/32000"}],"wp:attachment":[{"href":"https:\/\/profert.dz\/fr\/index.php\/wp-json\/wp\/v2\/media?parent=24888"}],"wp:term":[{"taxonomy":"product_brand","embeddable":true,"href":"https:\/\/profert.dz\/fr\/index.php\/wp-json\/wp\/v2\/product_brand?post=24888"},{"taxonomy":"product_cat","embeddable":true,"href":"https:\/\/profert.dz\/fr\/index.php\/wp-json\/wp\/v2\/product_cat?post=24888"},{"taxonomy":"product_tag","embeddable":true,"href":"https:\/\/profert.dz\/fr\/index.php\/wp-json\/wp\/v2\/product_tag?post=24888"}],"curies":[{"name":"wp","href":"https:\/\/api.w.org\/{rel}","templated":true}]}}