{"id":23237,"date":"2021-07-15T10:30:31","date_gmt":"2021-07-15T08:30:31","guid":{"rendered":"http:\/\/profert.dz\/fr\/?post_type=product&#038;p=23237"},"modified":"2023-08-22T16:36:13","modified_gmt":"2023-08-22T14:36:13","slug":"uniform","status":"publish","type":"product","link":"https:\/\/profert.dz\/fr\/index.php\/produit\/uniform\/","title":{"rendered":"Uniform<sup>\u00ae<\/sup>"},"content":{"rendered":"","protected":false},"excerpt":{"rendered":"<h2 style=\"text-align: justify;\">La r\u00e9f\u00e9rence pour la protection de vos racines contre les maladies du sol<\/h2>\n<p><strong>Formulation :<\/strong> SE (suspension \u00e9mulsionnable).<br \/>\n<strong>Mati\u00e8re active :<\/strong> Mefenoxam124 g\/L + Azoxystrobine 322 g\/L.<br \/>\n<strong>Famille chimique :<\/strong> Phenylamide + Strobilurine.<\/p>\n<p style=\"text-align: justify;\"><strong>Uniform<sup>\u00ae<\/sup><\/strong> agit sur toutes les maladies qui peuvent provoquer les pourritures racinaires.<br \/>\n<strong>Uniform<sup>\u00ae\u00a0<\/sup><\/strong>est un fongicide \u00e0 base de M\u00e9f\u00e9noxam qui inhibe les diff\u00e9rents stades de d\u00e9veloppement des champignons dans le sol et \u00e0 l&#039;int\u00e9rieur de la plante, et cela en arr\u00eatant la croissance myc\u00e9lienne et la formation des spores. Le M\u00e9f\u00e9noxam p\u00e9n\u00e8tre \u00e0 travers les racines des plantes trait\u00e9es et transport\u00e9es par la s\u00e8ve vers les pousses et les feuilles. L\u2019Azoxystrobine agit par inhibition de la germination des spores et leur p\u00e9n\u00e9tration dans les tissus de la plante.<br \/>\n<strong>Uniform<sup>\u00ae\u00a0<\/sup><\/strong>contr\u00f4le les pourritures racinaires caus\u00e9es par les champignons du sol : Pythium, Phytophthora, Rhizoctonia, Verticillium, Fusarium, etc.<br \/>\n<strong>Uniform<sup>\u00ae<\/sup><\/strong> assure le contr\u00f4le le plus complet de la pourriture racinaire. Son action pr\u00e9ventive et curative, fournit un contr\u00f4le sup\u00e9rieur des maladies du sol.<br \/>\n<strong>Uniform<sup>\u00ae<\/sup><\/strong> a aussi une action sur le d\u00e9veloppement des racines en allongeant la p\u00e9riode de protection, assurant ainsi un d\u00e9marrage r\u00e9ussi de la culture.<br \/>\n<strong>Uniform<sup>\u00ae<\/sup><\/strong> a un large spectre d\u2019action couvrant les maladies du sol les plus nuisibles. Gr\u00e2ce \u00e0 son adaptation \u00e0 tous les types de sol.<br \/>\n<strong>Uniform<sup>\u00ae<\/sup><\/strong> vous garantit un gain de rendement important en assurant un contr\u00f4le remarquable des maladies fongiques du sol.<\/p>\n<p><strong>Application et recommandation d\u2019usage<\/strong><br \/>\n<img decoding=\"async\" class=\"alignnone size-full wp-image-23299\" src=\"http:\/\/profert.dz\/fr\/wp-content\/uploads\/2021\/07\/Tab-Iniform.jpg\" alt=\"\" width=\"600\" height=\"47\" srcset=\"https:\/\/profert.dz\/fr\/wp-content\/uploads\/2021\/07\/Tab-Iniform-120x9.jpg 120w, https:\/\/profert.dz\/fr\/wp-content\/uploads\/2021\/07\/Tab-Iniform-200x16.jpg 200w, https:\/\/profert.dz\/fr\/wp-content\/uploads\/2021\/07\/Tab-Iniform-300x24.jpg 300w, https:\/\/profert.dz\/fr\/wp-content\/uploads\/2021\/07\/Tab-Iniform-400x31.jpg 400w, https:\/\/profert.dz\/fr\/wp-content\/uploads\/2021\/07\/Tab-Iniform-500x39.jpg 500w, https:\/\/profert.dz\/fr\/wp-content\/uploads\/2021\/07\/Tab-Iniform.jpg 600w\" sizes=\"(max-width: 600px) 100vw, 600px\" \/><\/p>\n<p><strong>Conseils d\u2019utilisation<\/strong><br \/>\n\u2022 Produit \u00e0 appliquer en traitement du sol uniquement.<br \/>\n\u2022 Le meilleur moment d\u2019application est \u00e0 partir de 3 jours apr\u00e8s la transplantation.<br \/>\n\u2022 Evitez d\u2019appliquer le produit en p\u00e9riode de forte chaleur.<br \/>\n\u2022 Le volume d\u2019eau est de 50 ml \/plante avec un pulv\u00e9risateur \u00e0 dos, 100 ml\/plante en injection goutte \u00e0 goutte.<br \/>\n\u2022 Toujours injecter le produit pr\u00e8s de la base des tiges.<br \/>\n\u2022 <strong>Dose d\u2019utilisation :<\/strong> 1 L\/ha sur Tomate.<br \/>\n[wpdm_package id='26415']<\/p>\n","protected":false},"featured_media":23273,"template":"","meta":[],"product_brand":[],"product_cat":[87],"product_tag":[],"class_list":{"0":"post-23237","1":"product","2":"type-product","3":"status-publish","4":"has-post-thumbnail","6":"product_cat-fongicides-00","8":"first","9":"instock","10":"shipping-taxable","11":"product-type-simple"},"yoast_head":"<!-- This site is optimized with the Yoast SEO plugin v25.6 - https:\/\/yoast.com\/wordpress\/plugins\/seo\/ -->\n<title>Uniform\u00ae - Profert<\/title>\n<meta name=\"robots\" content=\"index, follow, max-snippet:-1, max-image-preview:large, max-video-preview:-1\" \/>\n<link rel=\"canonical\" href=\"https:\/\/profert.dz\/fr\/index.php\/produit\/uniform\/\" \/>\n<meta property=\"og:locale\" content=\"fr_FR\" \/>\n<meta property=\"og:type\" content=\"article\" \/>\n<meta property=\"og:title\" content=\"Uniform\u00ae - Profert\" \/>\n<meta property=\"og:description\" content=\"La r\u00e9f\u00e9rence pour la protection de vos racines contre les maladies du sol Formulation : SE (suspension \u00e9mulsionnable). Mati\u00e8re active : Mefenoxam124 g\/L + Azoxystrobine 322 g\/L. Famille chimique : Phenylamide + Strobilurine. Uniform\u00ae agit sur toutes les maladies qui peuvent provoquer les pourritures racinaires. Uniform\u00ae\u00a0est un fongicide \u00e0 base de M\u00e9f\u00e9noxam qui inhibe les diff\u00e9rents stades de d\u00e9veloppement des champignons dans le sol et \u00e0 l&#039;int\u00e9rieur de la plante, et cela en arr\u00eatant la croissance myc\u00e9lienne et la formation des spores. Le M\u00e9f\u00e9noxam p\u00e9n\u00e8tre \u00e0 travers les racines des plantes trait\u00e9es et transport\u00e9es par la s\u00e8ve vers les pousses et les feuilles. L\u2019Azoxystrobine agit par inhibition de la germination des spores et leur p\u00e9n\u00e9tration dans les tissus de la plante. Uniform\u00ae\u00a0contr\u00f4le les pourritures racinaires caus\u00e9es par les champignons du sol : Pythium, Phytophthora, Rhizoctonia, Verticillium, Fusarium, etc. Uniform\u00ae assure le contr\u00f4le le plus complet de la pourriture racinaire. Son action pr\u00e9ventive et curative, fournit un contr\u00f4le sup\u00e9rieur des maladies du sol. Uniform\u00ae a aussi une action sur le d\u00e9veloppement des racines en allongeant la p\u00e9riode de protection, assurant ainsi un d\u00e9marrage r\u00e9ussi de la culture. Uniform\u00ae a un large spectre d\u2019action couvrant les maladies du sol les plus nuisibles. Gr\u00e2ce \u00e0 son adaptation \u00e0 tous les types de sol. Uniform\u00ae vous garantit un gain de rendement important en assurant un contr\u00f4le remarquable des maladies fongiques du sol. Application et recommandation d\u2019usage   Conseils d\u2019utilisation \u2022 Produit \u00e0 appliquer en traitement du sol uniquement. \u2022 Le meilleur moment d\u2019application est \u00e0 partir de 3 jours apr\u00e8s la transplantation. \u2022 Evitez d\u2019appliquer le produit en p\u00e9riode de forte chaleur. \u2022 Le volume d\u2019eau est de 50 ml \/plante avec un pulv\u00e9risateur \u00e0 dos, 100 ml\/plante en injection goutte \u00e0 goutte. \u2022 Toujours injecter le produit pr\u00e8s de la base des tiges. \u2022 Dose d\u2019utilisation : 1 L\/ha sur Tomate.\" \/>\n<meta property=\"og:url\" content=\"https:\/\/profert.dz\/fr\/index.php\/produit\/uniform\/\" \/>\n<meta property=\"og:site_name\" content=\"Profert\" \/>\n<meta property=\"article:modified_time\" content=\"2023-08-22T14:36:13+00:00\" \/>\n<meta property=\"og:image\" content=\"https:\/\/profert.dz\/fr\/wp-content\/uploads\/2021\/07\/Uniform-Emballage.jpg\" \/>\n\t<meta property=\"og:image:width\" content=\"720\" \/>\n\t<meta property=\"og:image:height\" content=\"658\" \/>\n\t<meta property=\"og:image:type\" content=\"image\/jpeg\" \/>\n<meta name=\"twitter:card\" content=\"summary_large_image\" \/>\n<script type=\"application\/ld+json\" class=\"yoast-schema-graph\">{\"@context\":\"https:\/\/schema.org\",\"@graph\":[{\"@type\":\"WebPage\",\"@id\":\"https:\/\/profert.dz\/fr\/index.php\/produit\/uniform\/\",\"url\":\"https:\/\/profert.dz\/fr\/index.php\/produit\/uniform\/\",\"name\":\"Uniform\u00ae - Profert\",\"isPartOf\":{\"@id\":\"https:\/\/profert.dz\/fr\/#website\"},\"primaryImageOfPage\":{\"@id\":\"https:\/\/profert.dz\/fr\/index.php\/produit\/uniform\/#primaryimage\"},\"image\":{\"@id\":\"https:\/\/profert.dz\/fr\/index.php\/produit\/uniform\/#primaryimage\"},\"thumbnailUrl\":\"https:\/\/profert.dz\/fr\/wp-content\/uploads\/2021\/07\/Uniform-Emballage.jpg\",\"datePublished\":\"2021-07-15T08:30:31+00:00\",\"dateModified\":\"2023-08-22T14:36:13+00:00\",\"breadcrumb\":{\"@id\":\"https:\/\/profert.dz\/fr\/index.php\/produit\/uniform\/#breadcrumb\"},\"inLanguage\":\"fr-FR\",\"potentialAction\":[{\"@type\":\"ReadAction\",\"target\":[\"https:\/\/profert.dz\/fr\/index.php\/produit\/uniform\/\"]}]},{\"@type\":\"ImageObject\",\"inLanguage\":\"fr-FR\",\"@id\":\"https:\/\/profert.dz\/fr\/index.php\/produit\/uniform\/#primaryimage\",\"url\":\"https:\/\/profert.dz\/fr\/wp-content\/uploads\/2021\/07\/Uniform-Emballage.jpg\",\"contentUrl\":\"https:\/\/profert.dz\/fr\/wp-content\/uploads\/2021\/07\/Uniform-Emballage.jpg\",\"width\":720,\"height\":658},{\"@type\":\"BreadcrumbList\",\"@id\":\"https:\/\/profert.dz\/fr\/index.php\/produit\/uniform\/#breadcrumb\",\"itemListElement\":[{\"@type\":\"ListItem\",\"position\":1,\"name\":\"Accueil\",\"item\":\"https:\/\/profert.dz\/fr\/\"},{\"@type\":\"ListItem\",\"position\":2,\"name\":\"Produits\",\"item\":\"https:\/\/profert.dz\/fr\/index.php\/boutique\/\"},{\"@type\":\"ListItem\",\"position\":3,\"name\":\"Uniform\u00ae\"}]},{\"@type\":\"WebSite\",\"@id\":\"https:\/\/profert.dz\/fr\/#website\",\"url\":\"https:\/\/profert.dz\/fr\/\",\"name\":\"Profert.dz\",\"description\":\"Agriculture Alg\u00e9rie\",\"potentialAction\":[{\"@type\":\"SearchAction\",\"target\":{\"@type\":\"EntryPoint\",\"urlTemplate\":\"https:\/\/profert.dz\/fr\/?s={search_term_string}\"},\"query-input\":{\"@type\":\"PropertyValueSpecification\",\"valueRequired\":true,\"valueName\":\"search_term_string\"}}],\"inLanguage\":\"fr-FR\"}]}<\/script>\n<!-- \/ Yoast SEO plugin. -->","yoast_head_json":{"title":"Uniform\u00ae - Profert","robots":{"index":"index","follow":"follow","max-snippet":"max-snippet:-1","max-image-preview":"max-image-preview:large","max-video-preview":"max-video-preview:-1"},"canonical":"https:\/\/profert.dz\/fr\/index.php\/produit\/uniform\/","og_locale":"fr_FR","og_type":"article","og_title":"Uniform\u00ae - Profert","og_description":"La r\u00e9f\u00e9rence pour la protection de vos racines contre les maladies du sol Formulation : SE (suspension \u00e9mulsionnable). Mati\u00e8re active : Mefenoxam124 g\/L + Azoxystrobine 322 g\/L. Famille chimique : Phenylamide + Strobilurine. Uniform\u00ae agit sur toutes les maladies qui peuvent provoquer les pourritures racinaires. Uniform\u00ae\u00a0est un fongicide \u00e0 base de M\u00e9f\u00e9noxam qui inhibe les diff\u00e9rents stades de d\u00e9veloppement des champignons dans le sol et \u00e0 l&#039;int\u00e9rieur de la plante, et cela en arr\u00eatant la croissance myc\u00e9lienne et la formation des spores. Le M\u00e9f\u00e9noxam p\u00e9n\u00e8tre \u00e0 travers les racines des plantes trait\u00e9es et transport\u00e9es par la s\u00e8ve vers les pousses et les feuilles. L\u2019Azoxystrobine agit par inhibition de la germination des spores et leur p\u00e9n\u00e9tration dans les tissus de la plante. Uniform\u00ae\u00a0contr\u00f4le les pourritures racinaires caus\u00e9es par les champignons du sol : Pythium, Phytophthora, Rhizoctonia, Verticillium, Fusarium, etc. Uniform\u00ae assure le contr\u00f4le le plus complet de la pourriture racinaire. Son action pr\u00e9ventive et curative, fournit un contr\u00f4le sup\u00e9rieur des maladies du sol. Uniform\u00ae a aussi une action sur le d\u00e9veloppement des racines en allongeant la p\u00e9riode de protection, assurant ainsi un d\u00e9marrage r\u00e9ussi de la culture. Uniform\u00ae a un large spectre d\u2019action couvrant les maladies du sol les plus nuisibles. Gr\u00e2ce \u00e0 son adaptation \u00e0 tous les types de sol. Uniform\u00ae vous garantit un gain de rendement important en assurant un contr\u00f4le remarquable des maladies fongiques du sol. Application et recommandation d\u2019usage   Conseils d\u2019utilisation \u2022 Produit \u00e0 appliquer en traitement du sol uniquement. \u2022 Le meilleur moment d\u2019application est \u00e0 partir de 3 jours apr\u00e8s la transplantation. \u2022 Evitez d\u2019appliquer le produit en p\u00e9riode de forte chaleur. \u2022 Le volume d\u2019eau est de 50 ml \/plante avec un pulv\u00e9risateur \u00e0 dos, 100 ml\/plante en injection goutte \u00e0 goutte. \u2022 Toujours injecter le produit pr\u00e8s de la base des tiges. \u2022 Dose d\u2019utilisation : 1 L\/ha sur Tomate.","og_url":"https:\/\/profert.dz\/fr\/index.php\/produit\/uniform\/","og_site_name":"Profert","article_modified_time":"2023-08-22T14:36:13+00:00","og_image":[{"width":720,"height":658,"url":"https:\/\/profert.dz\/fr\/wp-content\/uploads\/2021\/07\/Uniform-Emballage.jpg","type":"image\/jpeg"}],"twitter_card":"summary_large_image","schema":{"@context":"https:\/\/schema.org","@graph":[{"@type":"WebPage","@id":"https:\/\/profert.dz\/fr\/index.php\/produit\/uniform\/","url":"https:\/\/profert.dz\/fr\/index.php\/produit\/uniform\/","name":"Uniform\u00ae - Profert","isPartOf":{"@id":"https:\/\/profert.dz\/fr\/#website"},"primaryImageOfPage":{"@id":"https:\/\/profert.dz\/fr\/index.php\/produit\/uniform\/#primaryimage"},"image":{"@id":"https:\/\/profert.dz\/fr\/index.php\/produit\/uniform\/#primaryimage"},"thumbnailUrl":"https:\/\/profert.dz\/fr\/wp-content\/uploads\/2021\/07\/Uniform-Emballage.jpg","datePublished":"2021-07-15T08:30:31+00:00","dateModified":"2023-08-22T14:36:13+00:00","breadcrumb":{"@id":"https:\/\/profert.dz\/fr\/index.php\/produit\/uniform\/#breadcrumb"},"inLanguage":"fr-FR","potentialAction":[{"@type":"ReadAction","target":["https:\/\/profert.dz\/fr\/index.php\/produit\/uniform\/"]}]},{"@type":"ImageObject","inLanguage":"fr-FR","@id":"https:\/\/profert.dz\/fr\/index.php\/produit\/uniform\/#primaryimage","url":"https:\/\/profert.dz\/fr\/wp-content\/uploads\/2021\/07\/Uniform-Emballage.jpg","contentUrl":"https:\/\/profert.dz\/fr\/wp-content\/uploads\/2021\/07\/Uniform-Emballage.jpg","width":720,"height":658},{"@type":"BreadcrumbList","@id":"https:\/\/profert.dz\/fr\/index.php\/produit\/uniform\/#breadcrumb","itemListElement":[{"@type":"ListItem","position":1,"name":"Accueil","item":"https:\/\/profert.dz\/fr\/"},{"@type":"ListItem","position":2,"name":"Produits","item":"https:\/\/profert.dz\/fr\/index.php\/boutique\/"},{"@type":"ListItem","position":3,"name":"Uniform\u00ae"}]},{"@type":"WebSite","@id":"https:\/\/profert.dz\/fr\/#website","url":"https:\/\/profert.dz\/fr\/","name":"Profert.dz","description":"Agriculture Alg\u00e9rie","potentialAction":[{"@type":"SearchAction","target":{"@type":"EntryPoint","urlTemplate":"https:\/\/profert.dz\/fr\/?s={search_term_string}"},"query-input":{"@type":"PropertyValueSpecification","valueRequired":true,"valueName":"search_term_string"}}],"inLanguage":"fr-FR"}]}},"_links":{"self":[{"href":"https:\/\/profert.dz\/fr\/index.php\/wp-json\/wp\/v2\/product\/23237"}],"collection":[{"href":"https:\/\/profert.dz\/fr\/index.php\/wp-json\/wp\/v2\/product"}],"about":[{"href":"https:\/\/profert.dz\/fr\/index.php\/wp-json\/wp\/v2\/types\/product"}],"wp:featuredmedia":[{"embeddable":true,"href":"https:\/\/profert.dz\/fr\/index.php\/wp-json\/wp\/v2\/media\/23273"}],"wp:attachment":[{"href":"https:\/\/profert.dz\/fr\/index.php\/wp-json\/wp\/v2\/media?parent=23237"}],"wp:term":[{"taxonomy":"product_brand","embeddable":true,"href":"https:\/\/profert.dz\/fr\/index.php\/wp-json\/wp\/v2\/product_brand?post=23237"},{"taxonomy":"product_cat","embeddable":true,"href":"https:\/\/profert.dz\/fr\/index.php\/wp-json\/wp\/v2\/product_cat?post=23237"},{"taxonomy":"product_tag","embeddable":true,"href":"https:\/\/profert.dz\/fr\/index.php\/wp-json\/wp\/v2\/product_tag?post=23237"}],"curies":[{"name":"wp","href":"https:\/\/api.w.org\/{rel}","templated":true}]}}