{"id":22915,"date":"2021-02-11T09:29:22","date_gmt":"2021-02-11T08:29:22","guid":{"rendered":"http:\/\/profert.dz\/fr\/?post_type=product&#038;p=22915"},"modified":"2023-08-29T12:31:02","modified_gmt":"2023-08-29T10:31:02","slug":"tomastart","status":"publish","type":"product","link":"https:\/\/profert.dz\/fr\/index.php\/produit\/tomastart\/","title":{"rendered":"Tomastart<sup>\u00ae<\/sup>"},"content":{"rendered":"","protected":false},"excerpt":{"rendered":"<h2 style=\"text-align: justify;\">TOMASTART est un engrais solide adapt\u00e9 \u00e0 la culture de la tomate au stade repiquage.<\/h2>\n<p style=\"text-align: justify;\"><strong>Formulation :<\/strong> granul\u00e9s.<br \/>\n<strong>Composition :<\/strong><br \/>\n<strong>\u2022 Azote total (N): 11 %.<\/strong><br \/>\n&gt; Azote ur\u00e9ique CO(NH<sub>2<\/sub>)<sub>2<\/sub> : 7 %.<br \/>\n&gt; Azote ammoniacal (NH<sub>4<\/sub>) : 4 %.<br \/>\n<strong>\u2022 Anhydride phosphorique (P<sub>2<\/sub>O<sub>5<\/sub>) :<\/strong> 18 % assimilables.<br \/>\n<strong>\u2022 Potasse sous forme sulfate (K<sub>2<\/sub>O) :<\/strong> 18 % sous forme sulfate de potassium.<br \/>\n<strong>\u2022 Soufre sous forme sulfate (SO<sub>3<\/sub>)<\/strong> : 24 %.<br \/>\n<strong>\u2022 Oxyde de magn\u00e9sium (MgO) :<\/strong> 4 %.<\/p>\n<p style=\"text-align: justify;\"><strong>Caract\u00e9ristiques\u00a0<\/strong><br \/>\nLes sols alg\u00e9riens sont calcaires et majoritairement pauvres en mati\u00e8re organique. L\u2019alcalinit\u00e9 des sols, exprim\u00e9e par un pH \u00e9lev\u00e9, parfois aussi une forte salinit\u00e9 et une faible restitution du sol en \u00e9l\u00e9ments fertilisants, impose une strat\u00e9gie de fertilisation qui permettrait d\u2019atteindre des objectifs \u00e9lev\u00e9s, tant en quantit\u00e9 qu\u2019en qualit\u00e9.<br \/>\nCette caract\u00e9ristique impose une fertilisation \u00e0 base de produits \u00e0 pH bas, \u00e0 tr\u00e8s fort pouvoir acidifiant, des \u00e9l\u00e9ments biodisponibles et un phosphore \u00e0 base d\u2019acide phosphorique pour favoriser, apr\u00e8s le repiquage, un fort d\u00e9veloppement racinaire garant d\u2019un bon d\u00e9veloppement futur de la culture. La culture de la tomate a un cycle court de quelques mois. Les apports en potasse doivent \u00eatre apport\u00e9s d\u00e8s le repiquage pour remplir les r\u00e9serves du sol, migrer dans les diff\u00e9rentes composantes de la plante et \u00e9viter toute carence en cet \u00e9l\u00e9ment lors des phases de d\u00e9veloppement et notamment la phase nouaison et grossissement du fruit. La tomate exprime des besoins importants au stade lev\u00e9e, principalement en azote et en potasse. L\u2019azote permettra le d\u00e9veloppement du couvert v\u00e9g\u00e9tatif et d\u2019initier une bonne floraison et nouaison. Cet azote devra, id\u00e9alement \u00eatre apport\u00e9 sous forme ammoniacale et ur\u00e9ique afin de maintenir l\u2019acidification de la rhizosph\u00e8re et assurer une disponibilit\u00e9 soutenue dans le temps.<br \/>\nCes contraintes et cette complexit\u00e9 ont \u00e9t\u00e9 prises en consid\u00e9ration pour l\u2019\u00e9laboration de <strong>Tomastart<sup>\u00ae<\/sup><\/strong> et <strong>Tomasol<sup>\u00ae<\/sup> 3<\/strong>.<br \/>\nLa combinaison des deux produits garantit la disponibilit\u00e9 des \u00e9l\u00e9ments tout au long du cycle, en quantit\u00e9 suffisante<br \/>\npour atteindre de gros objectifs de rendements.<\/p>\n<p style=\"text-align: justify;\"><strong>Avantages<\/strong><br \/>\n<strong>Tomastart<sup>\u00ae<\/sup><\/strong> est un engrais ternaire formul\u00e9 sp\u00e9cifiquement pour la culture de la tomate.<br \/>\n<strong>Tomastart<sup>\u00ae<\/sup><\/strong> doit \u00eatre utilis\u00e9 au repiquage. L\u2019\u00e9quilibre de sa formule est adapt\u00e9 \u00e0 la culture de la tomate pour ce stade.<br \/>\n<strong>Tomastart<sup>\u00ae<\/sup><\/strong>\u00a0permet une acidification rapide de la rizosph\u00e8re et le d\u00e9veloppement racinaire.<br \/>\nTous les \u00e9l\u00e9ments nutritifs contenus dans Tomastart\u00ae sont assimilables, ils se dissolvent facilement et rapidement dans l\u2019eau offrant une biodisponibilit\u00e9 imm\u00e9diate.<br \/>\n<strong>Tomastart<sup>\u00ae<\/sup><\/strong> est dot\u00e9 d\u2019un pouvoir acidifiant important gr\u00e2ce aux \u00e9l\u00e9ments qui le composent. Tous ces \u00e9l\u00e9ments concourent \u00e0 acidifier fortement la rhizosph\u00e8re, \u00e0 lib\u00e9rer et \u00e0 faciliter la fixation et l\u2019assimilation des \u00e9l\u00e9ments nutritifs.<br \/>\n<strong>Tomastart<sup>\u00ae<\/sup><\/strong> ne contient pas de nitrates, pas de chlore et pas de calcium.<\/p>\n<p style=\"text-align: justify;\"><strong>Dose g\u00e9n\u00e9ralement recommand\u00e9e<\/strong><br \/>\nAppliquer <strong>Tomastart<sup>\u00ae<\/sup><\/strong>\u00a0au repiquage \u00e0 la dose de 9 qx\/ha.<\/p>\n[wpdm_package id='26546']\n","protected":false},"featured_media":24849,"template":"","meta":[],"product_brand":[],"product_cat":[120],"product_tag":[],"class_list":{"0":"post-22915","1":"product","2":"type-product","3":"status-publish","4":"has-post-thumbnail","6":"product_cat-engraisnpk","8":"first","9":"instock","10":"shipping-taxable","11":"product-type-simple"},"yoast_head":"<!-- This site is optimized with the Yoast SEO plugin v25.6 - https:\/\/yoast.com\/wordpress\/plugins\/seo\/ -->\n<title>Tomastart\u00ae - Profert<\/title>\n<meta name=\"robots\" content=\"index, follow, max-snippet:-1, max-image-preview:large, max-video-preview:-1\" \/>\n<link rel=\"canonical\" href=\"https:\/\/profert.dz\/fr\/index.php\/produit\/tomastart\/\" \/>\n<meta property=\"og:locale\" content=\"fr_FR\" \/>\n<meta property=\"og:type\" content=\"article\" \/>\n<meta property=\"og:title\" content=\"Tomastart\u00ae - Profert\" \/>\n<meta property=\"og:description\" content=\"TOMASTART est un engrais solide adapt\u00e9 \u00e0 la culture de la tomate au stade repiquage. Formulation : granul\u00e9s. Composition : \u2022 Azote total (N): 11 %. &gt; Azote ur\u00e9ique CO(NH2)2 : 7 %. &gt; Azote ammoniacal (NH4) : 4 %. \u2022 Anhydride phosphorique (P2O5) : 18 % assimilables. \u2022 Potasse sous forme sulfate (K2O) : 18 % sous forme sulfate de potassium. \u2022 Soufre sous forme sulfate (SO3) : 24 %. \u2022 Oxyde de magn\u00e9sium (MgO) : 4 %. Caract\u00e9ristiques\u00a0 Les sols alg\u00e9riens sont calcaires et majoritairement pauvres en mati\u00e8re organique. L\u2019alcalinit\u00e9 des sols, exprim\u00e9e par un pH \u00e9lev\u00e9, parfois aussi une forte salinit\u00e9 et une faible restitution du sol en \u00e9l\u00e9ments fertilisants, impose une strat\u00e9gie de fertilisation qui permettrait d\u2019atteindre des objectifs \u00e9lev\u00e9s, tant en quantit\u00e9 qu\u2019en qualit\u00e9. Cette caract\u00e9ristique impose une fertilisation \u00e0 base de produits \u00e0 pH bas, \u00e0 tr\u00e8s fort pouvoir acidifiant, des \u00e9l\u00e9ments biodisponibles et un phosphore \u00e0 base d\u2019acide phosphorique pour favoriser, apr\u00e8s le repiquage, un fort d\u00e9veloppement racinaire garant d\u2019un bon d\u00e9veloppement futur de la culture. La culture de la tomate a un cycle court de quelques mois. Les apports en potasse doivent \u00eatre apport\u00e9s d\u00e8s le repiquage pour remplir les r\u00e9serves du sol, migrer dans les diff\u00e9rentes composantes de la plante et \u00e9viter toute carence en cet \u00e9l\u00e9ment lors des phases de d\u00e9veloppement et notamment la phase nouaison et grossissement du fruit. La tomate exprime des besoins importants au stade lev\u00e9e, principalement en azote et en potasse. L\u2019azote permettra le d\u00e9veloppement du couvert v\u00e9g\u00e9tatif et d\u2019initier une bonne floraison et nouaison. Cet azote devra, id\u00e9alement \u00eatre apport\u00e9 sous forme ammoniacale et ur\u00e9ique afin de maintenir l\u2019acidification de la rhizosph\u00e8re et assurer une disponibilit\u00e9 soutenue dans le temps. Ces contraintes et cette complexit\u00e9 ont \u00e9t\u00e9 prises en consid\u00e9ration pour l\u2019\u00e9laboration de Tomastart\u00ae et Tomasol\u00ae 3. La combinaison des deux produits garantit la disponibilit\u00e9 des \u00e9l\u00e9ments tout au long du cycle, en quantit\u00e9 suffisante pour atteindre de gros objectifs de rendements. Avantages Tomastart\u00ae est un engrais ternaire formul\u00e9 sp\u00e9cifiquement pour la culture de la tomate. Tomastart\u00ae doit \u00eatre utilis\u00e9 au repiquage. L\u2019\u00e9quilibre de sa formule est adapt\u00e9 \u00e0 la culture de la tomate pour ce stade. Tomastart\u00ae\u00a0permet une acidification rapide de la rizosph\u00e8re et le d\u00e9veloppement racinaire. Tous les \u00e9l\u00e9ments nutritifs contenus dans Tomastart\u00ae sont assimilables, ils se dissolvent facilement et rapidement dans l\u2019eau offrant une biodisponibilit\u00e9 imm\u00e9diate. Tomastart\u00ae est dot\u00e9 d\u2019un pouvoir acidifiant important gr\u00e2ce aux \u00e9l\u00e9ments qui le composent. Tous ces \u00e9l\u00e9ments concourent \u00e0 acidifier fortement la rhizosph\u00e8re, \u00e0 lib\u00e9rer et \u00e0 faciliter la fixation et l\u2019assimilation des \u00e9l\u00e9ments nutritifs. Tomastart\u00ae ne contient pas de nitrates, pas de chlore et pas de calcium. Dose g\u00e9n\u00e9ralement recommand\u00e9e Appliquer Tomastart\u00ae\u00a0au repiquage \u00e0 la dose de 9 qx\/ha.\" \/>\n<meta property=\"og:url\" content=\"https:\/\/profert.dz\/fr\/index.php\/produit\/tomastart\/\" \/>\n<meta property=\"og:site_name\" content=\"Profert\" \/>\n<meta property=\"article:modified_time\" content=\"2023-08-29T10:31:02+00:00\" \/>\n<meta property=\"og:image\" content=\"https:\/\/profert.dz\/fr\/wp-content\/uploads\/2021\/02\/tomastart.png\" \/>\n\t<meta property=\"og:image:width\" content=\"720\" \/>\n\t<meta property=\"og:image:height\" content=\"658\" \/>\n\t<meta property=\"og:image:type\" content=\"image\/png\" \/>\n<meta name=\"twitter:card\" content=\"summary_large_image\" \/>\n<script type=\"application\/ld+json\" class=\"yoast-schema-graph\">{\"@context\":\"https:\/\/schema.org\",\"@graph\":[{\"@type\":\"WebPage\",\"@id\":\"https:\/\/profert.dz\/fr\/index.php\/produit\/tomastart\/\",\"url\":\"https:\/\/profert.dz\/fr\/index.php\/produit\/tomastart\/\",\"name\":\"Tomastart\u00ae - Profert\",\"isPartOf\":{\"@id\":\"https:\/\/profert.dz\/fr\/#website\"},\"primaryImageOfPage\":{\"@id\":\"https:\/\/profert.dz\/fr\/index.php\/produit\/tomastart\/#primaryimage\"},\"image\":{\"@id\":\"https:\/\/profert.dz\/fr\/index.php\/produit\/tomastart\/#primaryimage\"},\"thumbnailUrl\":\"https:\/\/profert.dz\/fr\/wp-content\/uploads\/2021\/02\/tomastart.png\",\"datePublished\":\"2021-02-11T08:29:22+00:00\",\"dateModified\":\"2023-08-29T10:31:02+00:00\",\"breadcrumb\":{\"@id\":\"https:\/\/profert.dz\/fr\/index.php\/produit\/tomastart\/#breadcrumb\"},\"inLanguage\":\"fr-FR\",\"potentialAction\":[{\"@type\":\"ReadAction\",\"target\":[\"https:\/\/profert.dz\/fr\/index.php\/produit\/tomastart\/\"]}]},{\"@type\":\"ImageObject\",\"inLanguage\":\"fr-FR\",\"@id\":\"https:\/\/profert.dz\/fr\/index.php\/produit\/tomastart\/#primaryimage\",\"url\":\"https:\/\/profert.dz\/fr\/wp-content\/uploads\/2021\/02\/tomastart.png\",\"contentUrl\":\"https:\/\/profert.dz\/fr\/wp-content\/uploads\/2021\/02\/tomastart.png\",\"width\":720,\"height\":658},{\"@type\":\"BreadcrumbList\",\"@id\":\"https:\/\/profert.dz\/fr\/index.php\/produit\/tomastart\/#breadcrumb\",\"itemListElement\":[{\"@type\":\"ListItem\",\"position\":1,\"name\":\"Accueil\",\"item\":\"https:\/\/profert.dz\/fr\/\"},{\"@type\":\"ListItem\",\"position\":2,\"name\":\"Produits\",\"item\":\"https:\/\/profert.dz\/fr\/index.php\/boutique\/\"},{\"@type\":\"ListItem\",\"position\":3,\"name\":\"Tomastart\u00ae\"}]},{\"@type\":\"WebSite\",\"@id\":\"https:\/\/profert.dz\/fr\/#website\",\"url\":\"https:\/\/profert.dz\/fr\/\",\"name\":\"Profert.dz\",\"description\":\"Agriculture Alg\u00e9rie\",\"potentialAction\":[{\"@type\":\"SearchAction\",\"target\":{\"@type\":\"EntryPoint\",\"urlTemplate\":\"https:\/\/profert.dz\/fr\/?s={search_term_string}\"},\"query-input\":{\"@type\":\"PropertyValueSpecification\",\"valueRequired\":true,\"valueName\":\"search_term_string\"}}],\"inLanguage\":\"fr-FR\"}]}<\/script>\n<!-- \/ Yoast SEO plugin. -->","yoast_head_json":{"title":"Tomastart\u00ae - Profert","robots":{"index":"index","follow":"follow","max-snippet":"max-snippet:-1","max-image-preview":"max-image-preview:large","max-video-preview":"max-video-preview:-1"},"canonical":"https:\/\/profert.dz\/fr\/index.php\/produit\/tomastart\/","og_locale":"fr_FR","og_type":"article","og_title":"Tomastart\u00ae - Profert","og_description":"TOMASTART est un engrais solide adapt\u00e9 \u00e0 la culture de la tomate au stade repiquage. Formulation : granul\u00e9s. Composition : \u2022 Azote total (N): 11 %. &gt; Azote ur\u00e9ique CO(NH2)2 : 7 %. &gt; Azote ammoniacal (NH4) : 4 %. \u2022 Anhydride phosphorique (P2O5) : 18 % assimilables. \u2022 Potasse sous forme sulfate (K2O) : 18 % sous forme sulfate de potassium. \u2022 Soufre sous forme sulfate (SO3) : 24 %. \u2022 Oxyde de magn\u00e9sium (MgO) : 4 %. Caract\u00e9ristiques\u00a0 Les sols alg\u00e9riens sont calcaires et majoritairement pauvres en mati\u00e8re organique. L\u2019alcalinit\u00e9 des sols, exprim\u00e9e par un pH \u00e9lev\u00e9, parfois aussi une forte salinit\u00e9 et une faible restitution du sol en \u00e9l\u00e9ments fertilisants, impose une strat\u00e9gie de fertilisation qui permettrait d\u2019atteindre des objectifs \u00e9lev\u00e9s, tant en quantit\u00e9 qu\u2019en qualit\u00e9. Cette caract\u00e9ristique impose une fertilisation \u00e0 base de produits \u00e0 pH bas, \u00e0 tr\u00e8s fort pouvoir acidifiant, des \u00e9l\u00e9ments biodisponibles et un phosphore \u00e0 base d\u2019acide phosphorique pour favoriser, apr\u00e8s le repiquage, un fort d\u00e9veloppement racinaire garant d\u2019un bon d\u00e9veloppement futur de la culture. La culture de la tomate a un cycle court de quelques mois. Les apports en potasse doivent \u00eatre apport\u00e9s d\u00e8s le repiquage pour remplir les r\u00e9serves du sol, migrer dans les diff\u00e9rentes composantes de la plante et \u00e9viter toute carence en cet \u00e9l\u00e9ment lors des phases de d\u00e9veloppement et notamment la phase nouaison et grossissement du fruit. La tomate exprime des besoins importants au stade lev\u00e9e, principalement en azote et en potasse. L\u2019azote permettra le d\u00e9veloppement du couvert v\u00e9g\u00e9tatif et d\u2019initier une bonne floraison et nouaison. Cet azote devra, id\u00e9alement \u00eatre apport\u00e9 sous forme ammoniacale et ur\u00e9ique afin de maintenir l\u2019acidification de la rhizosph\u00e8re et assurer une disponibilit\u00e9 soutenue dans le temps. Ces contraintes et cette complexit\u00e9 ont \u00e9t\u00e9 prises en consid\u00e9ration pour l\u2019\u00e9laboration de Tomastart\u00ae et Tomasol\u00ae 3. La combinaison des deux produits garantit la disponibilit\u00e9 des \u00e9l\u00e9ments tout au long du cycle, en quantit\u00e9 suffisante pour atteindre de gros objectifs de rendements. Avantages Tomastart\u00ae est un engrais ternaire formul\u00e9 sp\u00e9cifiquement pour la culture de la tomate. Tomastart\u00ae doit \u00eatre utilis\u00e9 au repiquage. L\u2019\u00e9quilibre de sa formule est adapt\u00e9 \u00e0 la culture de la tomate pour ce stade. Tomastart\u00ae\u00a0permet une acidification rapide de la rizosph\u00e8re et le d\u00e9veloppement racinaire. Tous les \u00e9l\u00e9ments nutritifs contenus dans Tomastart\u00ae sont assimilables, ils se dissolvent facilement et rapidement dans l\u2019eau offrant une biodisponibilit\u00e9 imm\u00e9diate. Tomastart\u00ae est dot\u00e9 d\u2019un pouvoir acidifiant important gr\u00e2ce aux \u00e9l\u00e9ments qui le composent. Tous ces \u00e9l\u00e9ments concourent \u00e0 acidifier fortement la rhizosph\u00e8re, \u00e0 lib\u00e9rer et \u00e0 faciliter la fixation et l\u2019assimilation des \u00e9l\u00e9ments nutritifs. Tomastart\u00ae ne contient pas de nitrates, pas de chlore et pas de calcium. Dose g\u00e9n\u00e9ralement recommand\u00e9e Appliquer Tomastart\u00ae\u00a0au repiquage \u00e0 la dose de 9 qx\/ha.","og_url":"https:\/\/profert.dz\/fr\/index.php\/produit\/tomastart\/","og_site_name":"Profert","article_modified_time":"2023-08-29T10:31:02+00:00","og_image":[{"width":720,"height":658,"url":"https:\/\/profert.dz\/fr\/wp-content\/uploads\/2021\/02\/tomastart.png","type":"image\/png"}],"twitter_card":"summary_large_image","schema":{"@context":"https:\/\/schema.org","@graph":[{"@type":"WebPage","@id":"https:\/\/profert.dz\/fr\/index.php\/produit\/tomastart\/","url":"https:\/\/profert.dz\/fr\/index.php\/produit\/tomastart\/","name":"Tomastart\u00ae - Profert","isPartOf":{"@id":"https:\/\/profert.dz\/fr\/#website"},"primaryImageOfPage":{"@id":"https:\/\/profert.dz\/fr\/index.php\/produit\/tomastart\/#primaryimage"},"image":{"@id":"https:\/\/profert.dz\/fr\/index.php\/produit\/tomastart\/#primaryimage"},"thumbnailUrl":"https:\/\/profert.dz\/fr\/wp-content\/uploads\/2021\/02\/tomastart.png","datePublished":"2021-02-11T08:29:22+00:00","dateModified":"2023-08-29T10:31:02+00:00","breadcrumb":{"@id":"https:\/\/profert.dz\/fr\/index.php\/produit\/tomastart\/#breadcrumb"},"inLanguage":"fr-FR","potentialAction":[{"@type":"ReadAction","target":["https:\/\/profert.dz\/fr\/index.php\/produit\/tomastart\/"]}]},{"@type":"ImageObject","inLanguage":"fr-FR","@id":"https:\/\/profert.dz\/fr\/index.php\/produit\/tomastart\/#primaryimage","url":"https:\/\/profert.dz\/fr\/wp-content\/uploads\/2021\/02\/tomastart.png","contentUrl":"https:\/\/profert.dz\/fr\/wp-content\/uploads\/2021\/02\/tomastart.png","width":720,"height":658},{"@type":"BreadcrumbList","@id":"https:\/\/profert.dz\/fr\/index.php\/produit\/tomastart\/#breadcrumb","itemListElement":[{"@type":"ListItem","position":1,"name":"Accueil","item":"https:\/\/profert.dz\/fr\/"},{"@type":"ListItem","position":2,"name":"Produits","item":"https:\/\/profert.dz\/fr\/index.php\/boutique\/"},{"@type":"ListItem","position":3,"name":"Tomastart\u00ae"}]},{"@type":"WebSite","@id":"https:\/\/profert.dz\/fr\/#website","url":"https:\/\/profert.dz\/fr\/","name":"Profert.dz","description":"Agriculture Alg\u00e9rie","potentialAction":[{"@type":"SearchAction","target":{"@type":"EntryPoint","urlTemplate":"https:\/\/profert.dz\/fr\/?s={search_term_string}"},"query-input":{"@type":"PropertyValueSpecification","valueRequired":true,"valueName":"search_term_string"}}],"inLanguage":"fr-FR"}]}},"_links":{"self":[{"href":"https:\/\/profert.dz\/fr\/index.php\/wp-json\/wp\/v2\/product\/22915"}],"collection":[{"href":"https:\/\/profert.dz\/fr\/index.php\/wp-json\/wp\/v2\/product"}],"about":[{"href":"https:\/\/profert.dz\/fr\/index.php\/wp-json\/wp\/v2\/types\/product"}],"wp:featuredmedia":[{"embeddable":true,"href":"https:\/\/profert.dz\/fr\/index.php\/wp-json\/wp\/v2\/media\/24849"}],"wp:attachment":[{"href":"https:\/\/profert.dz\/fr\/index.php\/wp-json\/wp\/v2\/media?parent=22915"}],"wp:term":[{"taxonomy":"product_brand","embeddable":true,"href":"https:\/\/profert.dz\/fr\/index.php\/wp-json\/wp\/v2\/product_brand?post=22915"},{"taxonomy":"product_cat","embeddable":true,"href":"https:\/\/profert.dz\/fr\/index.php\/wp-json\/wp\/v2\/product_cat?post=22915"},{"taxonomy":"product_tag","embeddable":true,"href":"https:\/\/profert.dz\/fr\/index.php\/wp-json\/wp\/v2\/product_tag?post=22915"}],"curies":[{"name":"wp","href":"https:\/\/api.w.org\/{rel}","templated":true}]}}