{"id":22692,"date":"2020-12-14T14:57:45","date_gmt":"2020-12-14T13:57:45","guid":{"rendered":"http:\/\/profert.dz\/fr\/?post_type=product&#038;p=22692"},"modified":"2025-12-01T15:35:00","modified_gmt":"2025-12-01T14:35:00","slug":"organo-curbi","status":"publish","type":"product","link":"https:\/\/profert.dz\/fr\/index.php\/produit\/organo-curbi\/","title":{"rendered":"Organo<sup>\u00ae<\/sup> Curbi"},"content":{"rendered":"","protected":false},"excerpt":{"rendered":"<h2>Engrais organo-min\u00e9ral destin\u00e9 \u00e0 la culture des cucurbitac\u00e9es (Past\u00e8que, Melon)<\/h2>\n<p style=\"text-align: justify;\"><strong>FORMULATION :<\/strong> PELLETS (BOUCHONS)<br \/>\n<strong>PR\u00c9SENTATION :<\/strong><br \/>\n<strong>Organo<sup>\u00ae<\/sup> Curbi<\/strong> est un engrais organo-min\u00e9ral qui r\u00e9pond aux besoins de la nutrition de la past\u00e8que et du melon, au stade repiquage ou semis.<br \/>\n<strong>Organo<sup>\u00ae<\/sup> Curbi<\/strong> est une combinaison d\u2019\u00e9l\u00e9ments organiques et min\u00e9raux. Il contient une quantit\u00e9 \u00e9lev\u00e9e d\u2019amendements organiques et d\u2019\u00e9l\u00e9ments min\u00e9raux. Il est con\u00e7u pour r\u00e9pondre aux exigences nutritionnelles de la culture de la past\u00e8que et du melon, au stade d\u00e9marrage ou semis.<br \/>\n<strong>Organo<sup>\u00ae<\/sup> Curbi\u00a0<\/strong>doit \u00eatre utilis\u00e9 au repiquage ou au semi. Ce stade permet \u00e0 la mati\u00e8re organique de d\u00e9velopper l\u2019activit\u00e9 biologique qui va lib\u00e9rer des \u00e9l\u00e9ments nutritifs, chauffer le sol, am\u00e9liorer et favoriser une germination rapide ou une reprise v\u00e9g\u00e9tative pr\u00e9coce et homog\u00e8ne.<br \/>\nElle participera \u00e9galement \u00e0 l\u2019am\u00e9lioration de la structure du sol. Dans les sols l\u00e9gers, elle participera \u00e0 la cr\u00e9ation d\u2019une vie microbienne essentielle \u00e0 la transformation des \u00e9l\u00e9ments min\u00e9raux en parties absorbables par la plante et la min\u00e9ralisation de la mati\u00e8re organique lib\u00e9rera l\u2019humus qui fixera les argiles pour cr\u00e9er un complexe argilo-humique. Ce complexe retiendra les \u00e9l\u00e9ments chimiques en leur \u00e9vitant le lessivage et la lixiviation. La porosit\u00e9 permettra un rapide et important d\u00e9veloppement racinaire, indispensable pour les cultures de la past\u00e8que et du melon. Le phosphore et la potasse, contenus en quantit\u00e9s suffisantes pour ce stade, stimuleront la production de racines et r\u00e9pondront aux besoins exprim\u00e9s par la culture pour ce premier stade.<br \/>\n<strong>Organo<sup>\u00ae<\/sup> Curbi<\/strong> peut \u00eatre utilis\u00e9 en \u00e9pandage g\u00e9n\u00e9ralis\u00e9 ou en localis\u00e9.<br \/>\n<strong>Organo<sup>\u00ae<\/sup> Curbi<\/strong> est un produit granul\u00e9. Son application m\u00e9canique est ainsi facilit\u00e9e.<\/p>\n<p style=\"text-align: justify;\"><strong>AVANTAGES D\u2019ORGANO<sup>\u00ae<\/sup> CURBI :<\/strong><br \/>\n\u2022 L\u2019am\u00e9lioration de l\u2019a\u00e9ration et de la structure du sol.<br \/>\n\u2022 L\u2019augmentation et l\u2019entretien du stock d\u2019humus dans le sol.<br \/>\n\u2022 La r\u00e9tention en eau dans le sol.<br \/>\n\u2022 L\u2019augmentation de la taille du complexe argilo-humique qui permettra une meilleure r\u00e9tention des \u00e9l\u00e9ments nutritifs et par cons\u00e9quent un meilleur coefficient d\u2019utilisation des engrais.<br \/>\n\u2022 L\u2019am\u00e9lioration du pH du sol, ce qui permet une meilleure disponibilit\u00e9 des \u00e9l\u00e9ments nutritifs.<br \/>\n\u2022 La cr\u00e9ation d\u2019un milieu favorable au d\u00e9veloppement des micro-organismes du sol.<br \/>\n\u2022 L\u2019apport de nutriments sous forme organique.<br \/>\n\u2022 L\u2019apport de nutriments sous forme min\u00e9rale, facilement assimilables et dont l\u2019\u00e9quilibre r\u00e9pond aux besoins de la past\u00e8que et du melon au stade repiquage ou semi.<br \/>\n\u2022 Correction rapide des caract\u00e9ristiques physico-chimiques et biologiques du sol.<br \/>\n<strong>Tous ces avantages = Pr\u00e9cocit\u00e9, Qualit\u00e9 et Rendements \u00e9lev\u00e9s.<\/strong><\/p>\n<p style=\"text-align: justify;\"><strong>CARACT\u00c9RISTIQUES DU PRODUIT :<\/strong><br \/>\n<img decoding=\"async\" class=\"alignnone size-full wp-image-22694\" src=\"http:\/\/profert.dz\/fr\/wp-content\/uploads\/2020\/12\/Tab-Organo-Curbi.jpg\" alt=\"\" width=\"800\" height=\"110\" srcset=\"https:\/\/profert.dz\/fr\/wp-content\/uploads\/2020\/12\/Tab-Organo-Curbi-120x17.jpg 120w, https:\/\/profert.dz\/fr\/wp-content\/uploads\/2020\/12\/Tab-Organo-Curbi-200x28.jpg 200w, https:\/\/profert.dz\/fr\/wp-content\/uploads\/2020\/12\/Tab-Organo-Curbi-300x41.jpg 300w, https:\/\/profert.dz\/fr\/wp-content\/uploads\/2020\/12\/Tab-Organo-Curbi-400x55.jpg 400w, https:\/\/profert.dz\/fr\/wp-content\/uploads\/2020\/12\/Tab-Organo-Curbi-500x69.jpg 500w, https:\/\/profert.dz\/fr\/wp-content\/uploads\/2020\/12\/Tab-Organo-Curbi-600x83.jpg 600w, https:\/\/profert.dz\/fr\/wp-content\/uploads\/2020\/12\/Tab-Organo-Curbi-700x96.jpg 700w, https:\/\/profert.dz\/fr\/wp-content\/uploads\/2020\/12\/Tab-Organo-Curbi-768x106.jpg 768w, https:\/\/profert.dz\/fr\/wp-content\/uploads\/2020\/12\/Tab-Organo-Curbi.jpg 800w\" sizes=\"(max-width: 800px) 100vw, 800px\" \/><\/p>\n<p style=\"text-align: justify;\"><strong>RECOMMANDATIONS D\u2019UTILISATION :<\/strong><br \/>\n<strong>Organo<sup>\u00ae<\/sup> Curbi\u00a0<\/strong> est recommand\u00e9 pour la culture des cucurbitac\u00e9es (past\u00e8que et melon).<br \/>\nIl est recommand\u00e9 d\u2019apporter une quantit\u00e9 de 4 qx\/ha, cette quantit\u00e9 vise \u00e0 r\u00e9pondre aux besoins de la culture au stade d\u00e9marrage et am\u00e9liorer les conditions physiques et biologiques du sol.<br \/>\n<strong>P\u00e9riode d\u2019apport :<\/strong> apporter <strong>Organo<sup>\u00ae<\/sup> Curbi\u00a0<\/strong> au repiquage ou au semi.<br \/>\n<strong>Emballage :<\/strong> <strong>Organo<sup>\u00ae<\/sup> Curbi\u00a0<\/strong> est disponible en sac de 50 L et en big bag de 800 L.<br \/>\n<strong>Organo<sup>\u00ae<\/sup> Curbi\u00a0<\/strong> est un produit fabriqu\u00e9 par Profert dans sa nouvelle unit\u00e9 de production d\u2019amendements organiques de Mostaganem. Il a subi des contr\u00f4les stricts, tout au long du processus de production.<\/p>\n[wpdm_package id='26480']\n","protected":false},"featured_media":33639,"template":"","meta":[],"product_brand":[],"product_cat":[163],"product_tag":[],"class_list":{"0":"post-22692","1":"product","2":"type-product","3":"status-publish","4":"has-post-thumbnail","6":"product_cat-organo-mineraux","8":"first","9":"instock","10":"shipping-taxable","11":"product-type-simple"},"yoast_head":"<!-- This site is optimized with the Yoast SEO plugin v25.6 - https:\/\/yoast.com\/wordpress\/plugins\/seo\/ -->\n<title>Organo\u00ae Curbi - Profert<\/title>\n<meta name=\"robots\" content=\"index, follow, max-snippet:-1, max-image-preview:large, max-video-preview:-1\" \/>\n<link rel=\"canonical\" href=\"https:\/\/profert.dz\/fr\/index.php\/produit\/organo-curbi\/\" \/>\n<meta property=\"og:locale\" content=\"fr_FR\" \/>\n<meta property=\"og:type\" content=\"article\" \/>\n<meta property=\"og:title\" content=\"Organo\u00ae Curbi - Profert\" \/>\n<meta property=\"og:description\" content=\"Engrais organo-min\u00e9ral destin\u00e9 \u00e0 la culture des cucurbitac\u00e9es (Past\u00e8que, Melon) FORMULATION : PELLETS (BOUCHONS) PR\u00c9SENTATION : Organo\u00ae Curbi est un engrais organo-min\u00e9ral qui r\u00e9pond aux besoins de la nutrition de la past\u00e8que et du melon, au stade repiquage ou semis. Organo\u00ae Curbi est une combinaison d\u2019\u00e9l\u00e9ments organiques et min\u00e9raux. Il contient une quantit\u00e9 \u00e9lev\u00e9e d\u2019amendements organiques et d\u2019\u00e9l\u00e9ments min\u00e9raux. Il est con\u00e7u pour r\u00e9pondre aux exigences nutritionnelles de la culture de la past\u00e8que et du melon, au stade d\u00e9marrage ou semis. Organo\u00ae Curbi\u00a0doit \u00eatre utilis\u00e9 au repiquage ou au semi. Ce stade permet \u00e0 la mati\u00e8re organique de d\u00e9velopper l\u2019activit\u00e9 biologique qui va lib\u00e9rer des \u00e9l\u00e9ments nutritifs, chauffer le sol, am\u00e9liorer et favoriser une germination rapide ou une reprise v\u00e9g\u00e9tative pr\u00e9coce et homog\u00e8ne. Elle participera \u00e9galement \u00e0 l\u2019am\u00e9lioration de la structure du sol. Dans les sols l\u00e9gers, elle participera \u00e0 la cr\u00e9ation d\u2019une vie microbienne essentielle \u00e0 la transformation des \u00e9l\u00e9ments min\u00e9raux en parties absorbables par la plante et la min\u00e9ralisation de la mati\u00e8re organique lib\u00e9rera l\u2019humus qui fixera les argiles pour cr\u00e9er un complexe argilo-humique. Ce complexe retiendra les \u00e9l\u00e9ments chimiques en leur \u00e9vitant le lessivage et la lixiviation. La porosit\u00e9 permettra un rapide et important d\u00e9veloppement racinaire, indispensable pour les cultures de la past\u00e8que et du melon. Le phosphore et la potasse, contenus en quantit\u00e9s suffisantes pour ce stade, stimuleront la production de racines et r\u00e9pondront aux besoins exprim\u00e9s par la culture pour ce premier stade. Organo\u00ae Curbi peut \u00eatre utilis\u00e9 en \u00e9pandage g\u00e9n\u00e9ralis\u00e9 ou en localis\u00e9. Organo\u00ae Curbi est un produit granul\u00e9. Son application m\u00e9canique est ainsi facilit\u00e9e. AVANTAGES D\u2019ORGANO\u00ae CURBI : \u2022 L\u2019am\u00e9lioration de l\u2019a\u00e9ration et de la structure du sol. \u2022 L\u2019augmentation et l\u2019entretien du stock d\u2019humus dans le sol. \u2022 La r\u00e9tention en eau dans le sol. \u2022 L\u2019augmentation de la taille du complexe argilo-humique qui permettra une meilleure r\u00e9tention des \u00e9l\u00e9ments nutritifs et par cons\u00e9quent un meilleur coefficient d\u2019utilisation des engrais. \u2022 L\u2019am\u00e9lioration du pH du sol, ce qui permet une meilleure disponibilit\u00e9 des \u00e9l\u00e9ments nutritifs. \u2022 La cr\u00e9ation d\u2019un milieu favorable au d\u00e9veloppement des micro-organismes du sol. \u2022 L\u2019apport de nutriments sous forme organique. \u2022 L\u2019apport de nutriments sous forme min\u00e9rale, facilement assimilables et dont l\u2019\u00e9quilibre r\u00e9pond aux besoins de la past\u00e8que et du melon au stade repiquage ou semi. \u2022 Correction rapide des caract\u00e9ristiques physico-chimiques et biologiques du sol. Tous ces avantages = Pr\u00e9cocit\u00e9, Qualit\u00e9 et Rendements \u00e9lev\u00e9s. CARACT\u00c9RISTIQUES DU PRODUIT :  RECOMMANDATIONS D\u2019UTILISATION : Organo\u00ae Curbi\u00a0 est recommand\u00e9 pour la culture des cucurbitac\u00e9es (past\u00e8que et melon). Il est recommand\u00e9 d\u2019apporter une quantit\u00e9 de 4 qx\/ha, cette quantit\u00e9 vise \u00e0 r\u00e9pondre aux besoins de la culture au stade d\u00e9marrage et am\u00e9liorer les conditions physiques et biologiques du sol. P\u00e9riode d\u2019apport : apporter Organo\u00ae Curbi\u00a0 au repiquage ou au semi. Emballage : Organo\u00ae Curbi\u00a0 est disponible en sac de 50 L et en big bag de 800 L. Organo\u00ae Curbi\u00a0 est un produit fabriqu\u00e9 par Profert dans sa nouvelle unit\u00e9 de production d\u2019amendements organiques de Mostaganem. Il a subi des contr\u00f4les stricts, tout au long du processus de production.\" \/>\n<meta property=\"og:url\" content=\"https:\/\/profert.dz\/fr\/index.php\/produit\/organo-curbi\/\" \/>\n<meta property=\"og:site_name\" content=\"Profert\" \/>\n<meta property=\"article:modified_time\" content=\"2025-12-01T14:35:00+00:00\" \/>\n<meta property=\"og:image\" content=\"https:\/\/profert.dz\/fr\/wp-content\/uploads\/2020\/12\/organo-Curbi-SW.jpg\" \/>\n\t<meta property=\"og:image:width\" content=\"1659\" \/>\n\t<meta property=\"og:image:height\" content=\"1539\" \/>\n\t<meta property=\"og:image:type\" content=\"image\/jpeg\" \/>\n<meta name=\"twitter:card\" content=\"summary_large_image\" \/>\n<meta name=\"twitter:label1\" content=\"Dur\u00e9e de lecture estim\u00e9e\" \/>\n\t<meta name=\"twitter:data1\" content=\"1 minute\" \/>\n<script type=\"application\/ld+json\" class=\"yoast-schema-graph\">{\"@context\":\"https:\/\/schema.org\",\"@graph\":[{\"@type\":\"WebPage\",\"@id\":\"https:\/\/profert.dz\/fr\/index.php\/produit\/organo-curbi\/\",\"url\":\"https:\/\/profert.dz\/fr\/index.php\/produit\/organo-curbi\/\",\"name\":\"Organo\u00ae Curbi - Profert\",\"isPartOf\":{\"@id\":\"https:\/\/profert.dz\/fr\/#website\"},\"primaryImageOfPage\":{\"@id\":\"https:\/\/profert.dz\/fr\/index.php\/produit\/organo-curbi\/#primaryimage\"},\"image\":{\"@id\":\"https:\/\/profert.dz\/fr\/index.php\/produit\/organo-curbi\/#primaryimage\"},\"thumbnailUrl\":\"https:\/\/profert.dz\/fr\/wp-content\/uploads\/2020\/12\/organo-Curbi-SW.jpg\",\"datePublished\":\"2020-12-14T13:57:45+00:00\",\"dateModified\":\"2025-12-01T14:35:00+00:00\",\"breadcrumb\":{\"@id\":\"https:\/\/profert.dz\/fr\/index.php\/produit\/organo-curbi\/#breadcrumb\"},\"inLanguage\":\"fr-FR\",\"potentialAction\":[{\"@type\":\"ReadAction\",\"target\":[\"https:\/\/profert.dz\/fr\/index.php\/produit\/organo-curbi\/\"]}]},{\"@type\":\"ImageObject\",\"inLanguage\":\"fr-FR\",\"@id\":\"https:\/\/profert.dz\/fr\/index.php\/produit\/organo-curbi\/#primaryimage\",\"url\":\"https:\/\/profert.dz\/fr\/wp-content\/uploads\/2020\/12\/organo-Curbi-SW.jpg\",\"contentUrl\":\"https:\/\/profert.dz\/fr\/wp-content\/uploads\/2020\/12\/organo-Curbi-SW.jpg\",\"width\":1659,\"height\":1539},{\"@type\":\"BreadcrumbList\",\"@id\":\"https:\/\/profert.dz\/fr\/index.php\/produit\/organo-curbi\/#breadcrumb\",\"itemListElement\":[{\"@type\":\"ListItem\",\"position\":1,\"name\":\"Accueil\",\"item\":\"https:\/\/profert.dz\/fr\/\"},{\"@type\":\"ListItem\",\"position\":2,\"name\":\"Produits\",\"item\":\"https:\/\/profert.dz\/fr\/index.php\/boutique\/\"},{\"@type\":\"ListItem\",\"position\":3,\"name\":\"Organo\u00ae Curbi\"}]},{\"@type\":\"WebSite\",\"@id\":\"https:\/\/profert.dz\/fr\/#website\",\"url\":\"https:\/\/profert.dz\/fr\/\",\"name\":\"Profert.dz\",\"description\":\"Agriculture Alg\u00e9rie\",\"potentialAction\":[{\"@type\":\"SearchAction\",\"target\":{\"@type\":\"EntryPoint\",\"urlTemplate\":\"https:\/\/profert.dz\/fr\/?s={search_term_string}\"},\"query-input\":{\"@type\":\"PropertyValueSpecification\",\"valueRequired\":true,\"valueName\":\"search_term_string\"}}],\"inLanguage\":\"fr-FR\"}]}<\/script>\n<!-- \/ Yoast SEO plugin. -->","yoast_head_json":{"title":"Organo\u00ae Curbi - Profert","robots":{"index":"index","follow":"follow","max-snippet":"max-snippet:-1","max-image-preview":"max-image-preview:large","max-video-preview":"max-video-preview:-1"},"canonical":"https:\/\/profert.dz\/fr\/index.php\/produit\/organo-curbi\/","og_locale":"fr_FR","og_type":"article","og_title":"Organo\u00ae Curbi - Profert","og_description":"Engrais organo-min\u00e9ral destin\u00e9 \u00e0 la culture des cucurbitac\u00e9es (Past\u00e8que, Melon) FORMULATION : PELLETS (BOUCHONS) PR\u00c9SENTATION : Organo\u00ae Curbi est un engrais organo-min\u00e9ral qui r\u00e9pond aux besoins de la nutrition de la past\u00e8que et du melon, au stade repiquage ou semis. Organo\u00ae Curbi est une combinaison d\u2019\u00e9l\u00e9ments organiques et min\u00e9raux. Il contient une quantit\u00e9 \u00e9lev\u00e9e d\u2019amendements organiques et d\u2019\u00e9l\u00e9ments min\u00e9raux. Il est con\u00e7u pour r\u00e9pondre aux exigences nutritionnelles de la culture de la past\u00e8que et du melon, au stade d\u00e9marrage ou semis. Organo\u00ae Curbi\u00a0doit \u00eatre utilis\u00e9 au repiquage ou au semi. Ce stade permet \u00e0 la mati\u00e8re organique de d\u00e9velopper l\u2019activit\u00e9 biologique qui va lib\u00e9rer des \u00e9l\u00e9ments nutritifs, chauffer le sol, am\u00e9liorer et favoriser une germination rapide ou une reprise v\u00e9g\u00e9tative pr\u00e9coce et homog\u00e8ne. Elle participera \u00e9galement \u00e0 l\u2019am\u00e9lioration de la structure du sol. Dans les sols l\u00e9gers, elle participera \u00e0 la cr\u00e9ation d\u2019une vie microbienne essentielle \u00e0 la transformation des \u00e9l\u00e9ments min\u00e9raux en parties absorbables par la plante et la min\u00e9ralisation de la mati\u00e8re organique lib\u00e9rera l\u2019humus qui fixera les argiles pour cr\u00e9er un complexe argilo-humique. Ce complexe retiendra les \u00e9l\u00e9ments chimiques en leur \u00e9vitant le lessivage et la lixiviation. La porosit\u00e9 permettra un rapide et important d\u00e9veloppement racinaire, indispensable pour les cultures de la past\u00e8que et du melon. Le phosphore et la potasse, contenus en quantit\u00e9s suffisantes pour ce stade, stimuleront la production de racines et r\u00e9pondront aux besoins exprim\u00e9s par la culture pour ce premier stade. Organo\u00ae Curbi peut \u00eatre utilis\u00e9 en \u00e9pandage g\u00e9n\u00e9ralis\u00e9 ou en localis\u00e9. Organo\u00ae Curbi est un produit granul\u00e9. Son application m\u00e9canique est ainsi facilit\u00e9e. AVANTAGES D\u2019ORGANO\u00ae CURBI : \u2022 L\u2019am\u00e9lioration de l\u2019a\u00e9ration et de la structure du sol. \u2022 L\u2019augmentation et l\u2019entretien du stock d\u2019humus dans le sol. \u2022 La r\u00e9tention en eau dans le sol. \u2022 L\u2019augmentation de la taille du complexe argilo-humique qui permettra une meilleure r\u00e9tention des \u00e9l\u00e9ments nutritifs et par cons\u00e9quent un meilleur coefficient d\u2019utilisation des engrais. \u2022 L\u2019am\u00e9lioration du pH du sol, ce qui permet une meilleure disponibilit\u00e9 des \u00e9l\u00e9ments nutritifs. \u2022 La cr\u00e9ation d\u2019un milieu favorable au d\u00e9veloppement des micro-organismes du sol. \u2022 L\u2019apport de nutriments sous forme organique. \u2022 L\u2019apport de nutriments sous forme min\u00e9rale, facilement assimilables et dont l\u2019\u00e9quilibre r\u00e9pond aux besoins de la past\u00e8que et du melon au stade repiquage ou semi. \u2022 Correction rapide des caract\u00e9ristiques physico-chimiques et biologiques du sol. Tous ces avantages = Pr\u00e9cocit\u00e9, Qualit\u00e9 et Rendements \u00e9lev\u00e9s. CARACT\u00c9RISTIQUES DU PRODUIT :  RECOMMANDATIONS D\u2019UTILISATION : Organo\u00ae Curbi\u00a0 est recommand\u00e9 pour la culture des cucurbitac\u00e9es (past\u00e8que et melon). Il est recommand\u00e9 d\u2019apporter une quantit\u00e9 de 4 qx\/ha, cette quantit\u00e9 vise \u00e0 r\u00e9pondre aux besoins de la culture au stade d\u00e9marrage et am\u00e9liorer les conditions physiques et biologiques du sol. P\u00e9riode d\u2019apport : apporter Organo\u00ae Curbi\u00a0 au repiquage ou au semi. Emballage : Organo\u00ae Curbi\u00a0 est disponible en sac de 50 L et en big bag de 800 L. Organo\u00ae Curbi\u00a0 est un produit fabriqu\u00e9 par Profert dans sa nouvelle unit\u00e9 de production d\u2019amendements organiques de Mostaganem. Il a subi des contr\u00f4les stricts, tout au long du processus de production.","og_url":"https:\/\/profert.dz\/fr\/index.php\/produit\/organo-curbi\/","og_site_name":"Profert","article_modified_time":"2025-12-01T14:35:00+00:00","og_image":[{"width":1659,"height":1539,"url":"https:\/\/profert.dz\/fr\/wp-content\/uploads\/2020\/12\/organo-Curbi-SW.jpg","type":"image\/jpeg"}],"twitter_card":"summary_large_image","twitter_misc":{"Dur\u00e9e de lecture estim\u00e9e":"1 minute"},"schema":{"@context":"https:\/\/schema.org","@graph":[{"@type":"WebPage","@id":"https:\/\/profert.dz\/fr\/index.php\/produit\/organo-curbi\/","url":"https:\/\/profert.dz\/fr\/index.php\/produit\/organo-curbi\/","name":"Organo\u00ae Curbi - Profert","isPartOf":{"@id":"https:\/\/profert.dz\/fr\/#website"},"primaryImageOfPage":{"@id":"https:\/\/profert.dz\/fr\/index.php\/produit\/organo-curbi\/#primaryimage"},"image":{"@id":"https:\/\/profert.dz\/fr\/index.php\/produit\/organo-curbi\/#primaryimage"},"thumbnailUrl":"https:\/\/profert.dz\/fr\/wp-content\/uploads\/2020\/12\/organo-Curbi-SW.jpg","datePublished":"2020-12-14T13:57:45+00:00","dateModified":"2025-12-01T14:35:00+00:00","breadcrumb":{"@id":"https:\/\/profert.dz\/fr\/index.php\/produit\/organo-curbi\/#breadcrumb"},"inLanguage":"fr-FR","potentialAction":[{"@type":"ReadAction","target":["https:\/\/profert.dz\/fr\/index.php\/produit\/organo-curbi\/"]}]},{"@type":"ImageObject","inLanguage":"fr-FR","@id":"https:\/\/profert.dz\/fr\/index.php\/produit\/organo-curbi\/#primaryimage","url":"https:\/\/profert.dz\/fr\/wp-content\/uploads\/2020\/12\/organo-Curbi-SW.jpg","contentUrl":"https:\/\/profert.dz\/fr\/wp-content\/uploads\/2020\/12\/organo-Curbi-SW.jpg","width":1659,"height":1539},{"@type":"BreadcrumbList","@id":"https:\/\/profert.dz\/fr\/index.php\/produit\/organo-curbi\/#breadcrumb","itemListElement":[{"@type":"ListItem","position":1,"name":"Accueil","item":"https:\/\/profert.dz\/fr\/"},{"@type":"ListItem","position":2,"name":"Produits","item":"https:\/\/profert.dz\/fr\/index.php\/boutique\/"},{"@type":"ListItem","position":3,"name":"Organo\u00ae Curbi"}]},{"@type":"WebSite","@id":"https:\/\/profert.dz\/fr\/#website","url":"https:\/\/profert.dz\/fr\/","name":"Profert.dz","description":"Agriculture Alg\u00e9rie","potentialAction":[{"@type":"SearchAction","target":{"@type":"EntryPoint","urlTemplate":"https:\/\/profert.dz\/fr\/?s={search_term_string}"},"query-input":{"@type":"PropertyValueSpecification","valueRequired":true,"valueName":"search_term_string"}}],"inLanguage":"fr-FR"}]}},"_links":{"self":[{"href":"https:\/\/profert.dz\/fr\/index.php\/wp-json\/wp\/v2\/product\/22692"}],"collection":[{"href":"https:\/\/profert.dz\/fr\/index.php\/wp-json\/wp\/v2\/product"}],"about":[{"href":"https:\/\/profert.dz\/fr\/index.php\/wp-json\/wp\/v2\/types\/product"}],"wp:featuredmedia":[{"embeddable":true,"href":"https:\/\/profert.dz\/fr\/index.php\/wp-json\/wp\/v2\/media\/33639"}],"wp:attachment":[{"href":"https:\/\/profert.dz\/fr\/index.php\/wp-json\/wp\/v2\/media?parent=22692"}],"wp:term":[{"taxonomy":"product_brand","embeddable":true,"href":"https:\/\/profert.dz\/fr\/index.php\/wp-json\/wp\/v2\/product_brand?post=22692"},{"taxonomy":"product_cat","embeddable":true,"href":"https:\/\/profert.dz\/fr\/index.php\/wp-json\/wp\/v2\/product_cat?post=22692"},{"taxonomy":"product_tag","embeddable":true,"href":"https:\/\/profert.dz\/fr\/index.php\/wp-json\/wp\/v2\/product_tag?post=22692"}],"curies":[{"name":"wp","href":"https:\/\/api.w.org\/{rel}","templated":true}]}}