{"id":22684,"date":"2020-12-14T14:02:26","date_gmt":"2020-12-14T13:02:26","guid":{"rendered":"http:\/\/profert.dz\/fr\/?post_type=product&#038;p=22684"},"modified":"2025-12-01T15:45:46","modified_gmt":"2025-12-01T14:45:46","slug":"organo-citrus","status":"publish","type":"product","link":"https:\/\/profert.dz\/fr\/index.php\/produit\/organo-citrus\/","title":{"rendered":"Organo<sup>\u00ae<\/sup> Citrus"},"content":{"rendered":"","protected":false},"excerpt":{"rendered":"<h2>Engrais organo-min\u00e9ral destin\u00e9 \u00e0 la culture des agrumes.<\/h2>\n<p style=\"text-align: justify;\"><strong>FORMULATION :<\/strong> PELLETS (BOUCHONS)<br \/>\n<strong>PR\u00c9SENTATION :<\/strong><br \/>\n<strong>Organo<sup>\u00ae<\/sup> Citrus<\/strong> est un engrais organo-min\u00e9ral qui r\u00e9pond aux besoins des agrumes en fumure de fond.<br \/>\n<strong>Organo<sup>\u00ae<\/sup> Citrus<\/strong> est une combinaison d\u2019\u00e9l\u00e9ments organiques et min\u00e9raux. Il contient une quantit\u00e9 \u00e9lev\u00e9e d\u2019amendements organiques et d\u2019\u00e9l\u00e9ments min\u00e9raux. Il est con\u00e7u pour r\u00e9pondre aux exigences nutritionnelles des agrumes, en fumure de fond hivernale.<br \/>\n<strong>Organo<sup>\u00ae<\/sup> Citrus<\/strong> doit \u00eatre appliqu\u00e9 en fumure de fond en hiver, apr\u00e8s la r\u00e9colte. Ce stade permet \u00e0 la mati\u00e8re organique de d\u00e9velopper l\u2019activit\u00e9 biologique qui va lib\u00e9rer des \u00e9l\u00e9ments nutritifs, chauffer le sol au niveau des racines et permettre une reprise v\u00e9g\u00e9tative pr\u00e9coce et homog\u00e8ne. Le sol sera a\u00e9r\u00e9 permettant une disponibilit\u00e9 \u00e9lev\u00e9e d&rsquo;oxyg\u00e8ne et cette porosit\u00e9 permettra une reprise du d\u00e9veloppement racinaire. Le phosphore, contenu en quantit\u00e9 suffisante pour ce stade, et la potasse, rempliront les r\u00e9serves du sol et les organes de l\u2019arbre. Ces \u00e9l\u00e9ments assureront la nutrition de l\u2019arbre \u00e0 ce stade de la culture.<br \/>\n<strong>Organo<sup>\u00ae<\/sup> Citrus\u00a0<\/strong>peut \u00eatre utilis\u00e9 en \u00e9pandage g\u00e9n\u00e9ralis\u00e9 ou en localis\u00e9.<br \/>\n<strong>Organo<sup>\u00ae<\/sup> Citrus<\/strong> est un produit granul\u00e9. Son application m\u00e9canique est ainsi facilit\u00e9e.<\/p>\n<p><strong>AVANTAGES D\u2019ORGANO<sup>\u00ae<\/sup> CITRUS :<\/strong><br \/>\n\u2022 L\u2019am\u00e9lioration de l\u2019a\u00e9ration et de la structure du sol.<br \/>\n\u2022 L\u2019augmentation et l\u2019entretien du stock d\u2019humus dans le sol.<br \/>\n\u2022 La r\u00e9tention en eau dans le sol.<br \/>\n\u2022 L\u2019augmentation de la taille du complexe argilo-humique qui permettra une meilleure r\u00e9tention des \u00e9l\u00e9ments nutritifs et par cons\u00e9quent un meilleur coefficient d\u2019utilisation des engrais.<br \/>\n\u2022 L\u2019am\u00e9lioration du pH du sol, ce qui permet une meilleure disponibilit\u00e9 des \u00e9l\u00e9ments nutritifs.<br \/>\n\u2022 La cr\u00e9ation d\u2019un milieu favorable au d\u00e9veloppement des micro-organismes du sol.<br \/>\n\u2022 L\u2019apport de nutriments sous forme organique.<br \/>\n\u2022 L\u2019apport de nutriments sous forme min\u00e9rale, facilement assimilables et dont l\u2019\u00e9quilibre r\u00e9pond aux besoins des agrumes \u00e0 la sortie de l\u2019hiver.<br \/>\n\u2022 Correction rapide des caract\u00e9ristiques physico-chimiques et biologiques du sol.<br \/>\n<strong>Tous ces avantages = Pr\u00e9cocit\u00e9 et rendements \u00e9lev\u00e9s.<\/strong><\/p>\n<p style=\"text-align: justify;\"><strong>CARACT\u00c9RISTIQUES DU PRODUIT :<\/strong><br \/>\n<img decoding=\"async\" class=\"alignnone wp-image-22686\" src=\"http:\/\/profert.dz\/fr\/wp-content\/uploads\/2020\/12\/Tab-FT-Organo-citrus-1024x139.jpg\" alt=\"\" width=\"800\" height=\"109\" srcset=\"https:\/\/profert.dz\/fr\/wp-content\/uploads\/2020\/12\/Tab-FT-Organo-citrus-120x16.jpg 120w, https:\/\/profert.dz\/fr\/wp-content\/uploads\/2020\/12\/Tab-FT-Organo-citrus-200x27.jpg 200w, https:\/\/profert.dz\/fr\/wp-content\/uploads\/2020\/12\/Tab-FT-Organo-citrus-300x41.jpg 300w, https:\/\/profert.dz\/fr\/wp-content\/uploads\/2020\/12\/Tab-FT-Organo-citrus-400x54.jpg 400w, https:\/\/profert.dz\/fr\/wp-content\/uploads\/2020\/12\/Tab-FT-Organo-citrus-500x68.jpg 500w, https:\/\/profert.dz\/fr\/wp-content\/uploads\/2020\/12\/Tab-FT-Organo-citrus-600x82.jpg 600w, https:\/\/profert.dz\/fr\/wp-content\/uploads\/2020\/12\/Tab-FT-Organo-citrus-700x95.jpg 700w, https:\/\/profert.dz\/fr\/wp-content\/uploads\/2020\/12\/Tab-FT-Organo-citrus-768x104.jpg 768w, https:\/\/profert.dz\/fr\/wp-content\/uploads\/2020\/12\/Tab-FT-Organo-citrus-800x109.jpg 800w, https:\/\/profert.dz\/fr\/wp-content\/uploads\/2020\/12\/Tab-FT-Organo-citrus-1024x139.jpg 1024w, https:\/\/profert.dz\/fr\/wp-content\/uploads\/2020\/12\/Tab-FT-Organo-citrus.jpg 1200w\" sizes=\"(max-width: 800px) 100vw, 800px\" \/><\/p>\n<p style=\"text-align: justify;\"><strong>RECOMMANDATIONS D\u2019UTILISATION :<\/strong><br \/>\n<strong>Organo<sup>\u00ae<\/sup> Citrus<\/strong> est recommand\u00e9 pour la culture des agrumes.<br \/>\nIl est recommand\u00e9 d\u2019apporter une quantit\u00e9 annuelle de 14 qx\/ha , cette quantit\u00e9 vise \u00e0 reconstituer les pertes annuelles en humus, entretenir le stock du sol en humus et apporter les \u00e9l\u00e9ments nutritifs n\u00e9cessaires pour un bon d\u00e9marrage de la culture.<br \/>\n<strong>P\u00e9riode d\u2019apport :<\/strong> apporter <strong>Organo<sup>\u00ae<\/sup> Citrus<\/strong> en automne ou en p\u00e9riode hivernale.<br \/>\nPour les jeunes vergers : apporter 1\/3 d\u2019<strong>Organo<sup>\u00ae<\/sup> Citrus<\/strong> , en m\u00e9lange avec 2\/3 de terre et enfouir dans le trou de plantation.<br \/>\n<strong>Emballage : Organo<sup>\u00ae<\/sup> Citrus<\/strong> est disponible en sac de 50 L et en big bag de 800 L.<br \/>\n<strong>Organo<sup>\u00ae<\/sup> Citrus<\/strong> est un produit fabriqu\u00e9 par Profert dans sa nouvelle unit\u00e9 de production d\u2019amendements organiques de Mostaganem. Il a subi des contr\u00f4les stricts, tout au long du processus de production.<\/p>\n[wpdm_package id='26482']\n","protected":false},"featured_media":33641,"template":"","meta":[],"product_brand":[],"product_cat":[163],"product_tag":[],"class_list":{"0":"post-22684","1":"product","2":"type-product","3":"status-publish","4":"has-post-thumbnail","6":"product_cat-organo-mineraux","8":"first","9":"instock","10":"shipping-taxable","11":"product-type-simple"},"yoast_head":"<!-- This site is optimized with the Yoast SEO plugin v25.6 - https:\/\/yoast.com\/wordpress\/plugins\/seo\/ -->\n<title>Organo\u00ae Citrus - Profert<\/title>\n<meta name=\"robots\" content=\"index, follow, max-snippet:-1, max-image-preview:large, max-video-preview:-1\" \/>\n<link rel=\"canonical\" href=\"https:\/\/profert.dz\/fr\/index.php\/produit\/organo-citrus\/\" \/>\n<meta property=\"og:locale\" content=\"fr_FR\" \/>\n<meta property=\"og:type\" content=\"article\" \/>\n<meta property=\"og:title\" content=\"Organo\u00ae Citrus - Profert\" \/>\n<meta property=\"og:description\" content=\"Engrais organo-min\u00e9ral destin\u00e9 \u00e0 la culture des agrumes. FORMULATION : PELLETS (BOUCHONS) PR\u00c9SENTATION : Organo\u00ae Citrus est un engrais organo-min\u00e9ral qui r\u00e9pond aux besoins des agrumes en fumure de fond. Organo\u00ae Citrus est une combinaison d\u2019\u00e9l\u00e9ments organiques et min\u00e9raux. Il contient une quantit\u00e9 \u00e9lev\u00e9e d\u2019amendements organiques et d\u2019\u00e9l\u00e9ments min\u00e9raux. Il est con\u00e7u pour r\u00e9pondre aux exigences nutritionnelles des agrumes, en fumure de fond hivernale. Organo\u00ae Citrus doit \u00eatre appliqu\u00e9 en fumure de fond en hiver, apr\u00e8s la r\u00e9colte. Ce stade permet \u00e0 la mati\u00e8re organique de d\u00e9velopper l\u2019activit\u00e9 biologique qui va lib\u00e9rer des \u00e9l\u00e9ments nutritifs, chauffer le sol au niveau des racines et permettre une reprise v\u00e9g\u00e9tative pr\u00e9coce et homog\u00e8ne. Le sol sera a\u00e9r\u00e9 permettant une disponibilit\u00e9 \u00e9lev\u00e9e d&#039;oxyg\u00e8ne et cette porosit\u00e9 permettra une reprise du d\u00e9veloppement racinaire. Le phosphore, contenu en quantit\u00e9 suffisante pour ce stade, et la potasse, rempliront les r\u00e9serves du sol et les organes de l\u2019arbre. Ces \u00e9l\u00e9ments assureront la nutrition de l\u2019arbre \u00e0 ce stade de la culture. Organo\u00ae Citrus\u00a0peut \u00eatre utilis\u00e9 en \u00e9pandage g\u00e9n\u00e9ralis\u00e9 ou en localis\u00e9. Organo\u00ae Citrus est un produit granul\u00e9. Son application m\u00e9canique est ainsi facilit\u00e9e. AVANTAGES D\u2019ORGANO\u00ae CITRUS : \u2022 L\u2019am\u00e9lioration de l\u2019a\u00e9ration et de la structure du sol. \u2022 L\u2019augmentation et l\u2019entretien du stock d\u2019humus dans le sol. \u2022 La r\u00e9tention en eau dans le sol. \u2022 L\u2019augmentation de la taille du complexe argilo-humique qui permettra une meilleure r\u00e9tention des \u00e9l\u00e9ments nutritifs et par cons\u00e9quent un meilleur coefficient d\u2019utilisation des engrais. \u2022 L\u2019am\u00e9lioration du pH du sol, ce qui permet une meilleure disponibilit\u00e9 des \u00e9l\u00e9ments nutritifs. \u2022 La cr\u00e9ation d\u2019un milieu favorable au d\u00e9veloppement des micro-organismes du sol. \u2022 L\u2019apport de nutriments sous forme organique. \u2022 L\u2019apport de nutriments sous forme min\u00e9rale, facilement assimilables et dont l\u2019\u00e9quilibre r\u00e9pond aux besoins des agrumes \u00e0 la sortie de l\u2019hiver. \u2022 Correction rapide des caract\u00e9ristiques physico-chimiques et biologiques du sol. Tous ces avantages = Pr\u00e9cocit\u00e9 et rendements \u00e9lev\u00e9s. CARACT\u00c9RISTIQUES DU PRODUIT :  RECOMMANDATIONS D\u2019UTILISATION : Organo\u00ae Citrus est recommand\u00e9 pour la culture des agrumes. Il est recommand\u00e9 d\u2019apporter une quantit\u00e9 annuelle de 14 qx\/ha , cette quantit\u00e9 vise \u00e0 reconstituer les pertes annuelles en humus, entretenir le stock du sol en humus et apporter les \u00e9l\u00e9ments nutritifs n\u00e9cessaires pour un bon d\u00e9marrage de la culture. P\u00e9riode d\u2019apport : apporter Organo\u00ae Citrus en automne ou en p\u00e9riode hivernale. Pour les jeunes vergers : apporter 1\/3 d\u2019Organo\u00ae Citrus , en m\u00e9lange avec 2\/3 de terre et enfouir dans le trou de plantation. Emballage : Organo\u00ae Citrus est disponible en sac de 50 L et en big bag de 800 L. Organo\u00ae Citrus est un produit fabriqu\u00e9 par Profert dans sa nouvelle unit\u00e9 de production d\u2019amendements organiques de Mostaganem. Il a subi des contr\u00f4les stricts, tout au long du processus de production.\" \/>\n<meta property=\"og:url\" content=\"https:\/\/profert.dz\/fr\/index.php\/produit\/organo-citrus\/\" \/>\n<meta property=\"og:site_name\" content=\"Profert\" \/>\n<meta property=\"article:modified_time\" content=\"2025-12-01T14:45:46+00:00\" \/>\n<meta property=\"og:image\" content=\"https:\/\/profert.dz\/fr\/wp-content\/uploads\/2020\/12\/organo-Citrus-SW.jpg\" \/>\n\t<meta property=\"og:image:width\" content=\"1659\" \/>\n\t<meta property=\"og:image:height\" content=\"1539\" \/>\n\t<meta property=\"og:image:type\" content=\"image\/jpeg\" \/>\n<meta name=\"twitter:card\" content=\"summary_large_image\" \/>\n<meta name=\"twitter:label1\" content=\"Dur\u00e9e de lecture estim\u00e9e\" \/>\n\t<meta name=\"twitter:data1\" content=\"1 minute\" \/>\n<script type=\"application\/ld+json\" class=\"yoast-schema-graph\">{\"@context\":\"https:\/\/schema.org\",\"@graph\":[{\"@type\":\"WebPage\",\"@id\":\"https:\/\/profert.dz\/fr\/index.php\/produit\/organo-citrus\/\",\"url\":\"https:\/\/profert.dz\/fr\/index.php\/produit\/organo-citrus\/\",\"name\":\"Organo\u00ae Citrus - Profert\",\"isPartOf\":{\"@id\":\"https:\/\/profert.dz\/fr\/#website\"},\"primaryImageOfPage\":{\"@id\":\"https:\/\/profert.dz\/fr\/index.php\/produit\/organo-citrus\/#primaryimage\"},\"image\":{\"@id\":\"https:\/\/profert.dz\/fr\/index.php\/produit\/organo-citrus\/#primaryimage\"},\"thumbnailUrl\":\"https:\/\/profert.dz\/fr\/wp-content\/uploads\/2020\/12\/organo-Citrus-SW.jpg\",\"datePublished\":\"2020-12-14T13:02:26+00:00\",\"dateModified\":\"2025-12-01T14:45:46+00:00\",\"breadcrumb\":{\"@id\":\"https:\/\/profert.dz\/fr\/index.php\/produit\/organo-citrus\/#breadcrumb\"},\"inLanguage\":\"fr-FR\",\"potentialAction\":[{\"@type\":\"ReadAction\",\"target\":[\"https:\/\/profert.dz\/fr\/index.php\/produit\/organo-citrus\/\"]}]},{\"@type\":\"ImageObject\",\"inLanguage\":\"fr-FR\",\"@id\":\"https:\/\/profert.dz\/fr\/index.php\/produit\/organo-citrus\/#primaryimage\",\"url\":\"https:\/\/profert.dz\/fr\/wp-content\/uploads\/2020\/12\/organo-Citrus-SW.jpg\",\"contentUrl\":\"https:\/\/profert.dz\/fr\/wp-content\/uploads\/2020\/12\/organo-Citrus-SW.jpg\",\"width\":1659,\"height\":1539},{\"@type\":\"BreadcrumbList\",\"@id\":\"https:\/\/profert.dz\/fr\/index.php\/produit\/organo-citrus\/#breadcrumb\",\"itemListElement\":[{\"@type\":\"ListItem\",\"position\":1,\"name\":\"Accueil\",\"item\":\"https:\/\/profert.dz\/fr\/\"},{\"@type\":\"ListItem\",\"position\":2,\"name\":\"Produits\",\"item\":\"https:\/\/profert.dz\/fr\/index.php\/boutique\/\"},{\"@type\":\"ListItem\",\"position\":3,\"name\":\"Organo\u00ae Citrus\"}]},{\"@type\":\"WebSite\",\"@id\":\"https:\/\/profert.dz\/fr\/#website\",\"url\":\"https:\/\/profert.dz\/fr\/\",\"name\":\"Profert.dz\",\"description\":\"Agriculture Alg\u00e9rie\",\"potentialAction\":[{\"@type\":\"SearchAction\",\"target\":{\"@type\":\"EntryPoint\",\"urlTemplate\":\"https:\/\/profert.dz\/fr\/?s={search_term_string}\"},\"query-input\":{\"@type\":\"PropertyValueSpecification\",\"valueRequired\":true,\"valueName\":\"search_term_string\"}}],\"inLanguage\":\"fr-FR\"}]}<\/script>\n<!-- \/ Yoast SEO plugin. -->","yoast_head_json":{"title":"Organo\u00ae Citrus - Profert","robots":{"index":"index","follow":"follow","max-snippet":"max-snippet:-1","max-image-preview":"max-image-preview:large","max-video-preview":"max-video-preview:-1"},"canonical":"https:\/\/profert.dz\/fr\/index.php\/produit\/organo-citrus\/","og_locale":"fr_FR","og_type":"article","og_title":"Organo\u00ae Citrus - Profert","og_description":"Engrais organo-min\u00e9ral destin\u00e9 \u00e0 la culture des agrumes. FORMULATION : PELLETS (BOUCHONS) PR\u00c9SENTATION : Organo\u00ae Citrus est un engrais organo-min\u00e9ral qui r\u00e9pond aux besoins des agrumes en fumure de fond. Organo\u00ae Citrus est une combinaison d\u2019\u00e9l\u00e9ments organiques et min\u00e9raux. Il contient une quantit\u00e9 \u00e9lev\u00e9e d\u2019amendements organiques et d\u2019\u00e9l\u00e9ments min\u00e9raux. Il est con\u00e7u pour r\u00e9pondre aux exigences nutritionnelles des agrumes, en fumure de fond hivernale. Organo\u00ae Citrus doit \u00eatre appliqu\u00e9 en fumure de fond en hiver, apr\u00e8s la r\u00e9colte. Ce stade permet \u00e0 la mati\u00e8re organique de d\u00e9velopper l\u2019activit\u00e9 biologique qui va lib\u00e9rer des \u00e9l\u00e9ments nutritifs, chauffer le sol au niveau des racines et permettre une reprise v\u00e9g\u00e9tative pr\u00e9coce et homog\u00e8ne. Le sol sera a\u00e9r\u00e9 permettant une disponibilit\u00e9 \u00e9lev\u00e9e d'oxyg\u00e8ne et cette porosit\u00e9 permettra une reprise du d\u00e9veloppement racinaire. Le phosphore, contenu en quantit\u00e9 suffisante pour ce stade, et la potasse, rempliront les r\u00e9serves du sol et les organes de l\u2019arbre. Ces \u00e9l\u00e9ments assureront la nutrition de l\u2019arbre \u00e0 ce stade de la culture. Organo\u00ae Citrus\u00a0peut \u00eatre utilis\u00e9 en \u00e9pandage g\u00e9n\u00e9ralis\u00e9 ou en localis\u00e9. Organo\u00ae Citrus est un produit granul\u00e9. Son application m\u00e9canique est ainsi facilit\u00e9e. AVANTAGES D\u2019ORGANO\u00ae CITRUS : \u2022 L\u2019am\u00e9lioration de l\u2019a\u00e9ration et de la structure du sol. \u2022 L\u2019augmentation et l\u2019entretien du stock d\u2019humus dans le sol. \u2022 La r\u00e9tention en eau dans le sol. \u2022 L\u2019augmentation de la taille du complexe argilo-humique qui permettra une meilleure r\u00e9tention des \u00e9l\u00e9ments nutritifs et par cons\u00e9quent un meilleur coefficient d\u2019utilisation des engrais. \u2022 L\u2019am\u00e9lioration du pH du sol, ce qui permet une meilleure disponibilit\u00e9 des \u00e9l\u00e9ments nutritifs. \u2022 La cr\u00e9ation d\u2019un milieu favorable au d\u00e9veloppement des micro-organismes du sol. \u2022 L\u2019apport de nutriments sous forme organique. \u2022 L\u2019apport de nutriments sous forme min\u00e9rale, facilement assimilables et dont l\u2019\u00e9quilibre r\u00e9pond aux besoins des agrumes \u00e0 la sortie de l\u2019hiver. \u2022 Correction rapide des caract\u00e9ristiques physico-chimiques et biologiques du sol. Tous ces avantages = Pr\u00e9cocit\u00e9 et rendements \u00e9lev\u00e9s. CARACT\u00c9RISTIQUES DU PRODUIT :  RECOMMANDATIONS D\u2019UTILISATION : Organo\u00ae Citrus est recommand\u00e9 pour la culture des agrumes. Il est recommand\u00e9 d\u2019apporter une quantit\u00e9 annuelle de 14 qx\/ha , cette quantit\u00e9 vise \u00e0 reconstituer les pertes annuelles en humus, entretenir le stock du sol en humus et apporter les \u00e9l\u00e9ments nutritifs n\u00e9cessaires pour un bon d\u00e9marrage de la culture. P\u00e9riode d\u2019apport : apporter Organo\u00ae Citrus en automne ou en p\u00e9riode hivernale. Pour les jeunes vergers : apporter 1\/3 d\u2019Organo\u00ae Citrus , en m\u00e9lange avec 2\/3 de terre et enfouir dans le trou de plantation. Emballage : Organo\u00ae Citrus est disponible en sac de 50 L et en big bag de 800 L. Organo\u00ae Citrus est un produit fabriqu\u00e9 par Profert dans sa nouvelle unit\u00e9 de production d\u2019amendements organiques de Mostaganem. Il a subi des contr\u00f4les stricts, tout au long du processus de production.","og_url":"https:\/\/profert.dz\/fr\/index.php\/produit\/organo-citrus\/","og_site_name":"Profert","article_modified_time":"2025-12-01T14:45:46+00:00","og_image":[{"width":1659,"height":1539,"url":"https:\/\/profert.dz\/fr\/wp-content\/uploads\/2020\/12\/organo-Citrus-SW.jpg","type":"image\/jpeg"}],"twitter_card":"summary_large_image","twitter_misc":{"Dur\u00e9e de lecture estim\u00e9e":"1 minute"},"schema":{"@context":"https:\/\/schema.org","@graph":[{"@type":"WebPage","@id":"https:\/\/profert.dz\/fr\/index.php\/produit\/organo-citrus\/","url":"https:\/\/profert.dz\/fr\/index.php\/produit\/organo-citrus\/","name":"Organo\u00ae Citrus - Profert","isPartOf":{"@id":"https:\/\/profert.dz\/fr\/#website"},"primaryImageOfPage":{"@id":"https:\/\/profert.dz\/fr\/index.php\/produit\/organo-citrus\/#primaryimage"},"image":{"@id":"https:\/\/profert.dz\/fr\/index.php\/produit\/organo-citrus\/#primaryimage"},"thumbnailUrl":"https:\/\/profert.dz\/fr\/wp-content\/uploads\/2020\/12\/organo-Citrus-SW.jpg","datePublished":"2020-12-14T13:02:26+00:00","dateModified":"2025-12-01T14:45:46+00:00","breadcrumb":{"@id":"https:\/\/profert.dz\/fr\/index.php\/produit\/organo-citrus\/#breadcrumb"},"inLanguage":"fr-FR","potentialAction":[{"@type":"ReadAction","target":["https:\/\/profert.dz\/fr\/index.php\/produit\/organo-citrus\/"]}]},{"@type":"ImageObject","inLanguage":"fr-FR","@id":"https:\/\/profert.dz\/fr\/index.php\/produit\/organo-citrus\/#primaryimage","url":"https:\/\/profert.dz\/fr\/wp-content\/uploads\/2020\/12\/organo-Citrus-SW.jpg","contentUrl":"https:\/\/profert.dz\/fr\/wp-content\/uploads\/2020\/12\/organo-Citrus-SW.jpg","width":1659,"height":1539},{"@type":"BreadcrumbList","@id":"https:\/\/profert.dz\/fr\/index.php\/produit\/organo-citrus\/#breadcrumb","itemListElement":[{"@type":"ListItem","position":1,"name":"Accueil","item":"https:\/\/profert.dz\/fr\/"},{"@type":"ListItem","position":2,"name":"Produits","item":"https:\/\/profert.dz\/fr\/index.php\/boutique\/"},{"@type":"ListItem","position":3,"name":"Organo\u00ae Citrus"}]},{"@type":"WebSite","@id":"https:\/\/profert.dz\/fr\/#website","url":"https:\/\/profert.dz\/fr\/","name":"Profert.dz","description":"Agriculture Alg\u00e9rie","potentialAction":[{"@type":"SearchAction","target":{"@type":"EntryPoint","urlTemplate":"https:\/\/profert.dz\/fr\/?s={search_term_string}"},"query-input":{"@type":"PropertyValueSpecification","valueRequired":true,"valueName":"search_term_string"}}],"inLanguage":"fr-FR"}]}},"_links":{"self":[{"href":"https:\/\/profert.dz\/fr\/index.php\/wp-json\/wp\/v2\/product\/22684"}],"collection":[{"href":"https:\/\/profert.dz\/fr\/index.php\/wp-json\/wp\/v2\/product"}],"about":[{"href":"https:\/\/profert.dz\/fr\/index.php\/wp-json\/wp\/v2\/types\/product"}],"wp:featuredmedia":[{"embeddable":true,"href":"https:\/\/profert.dz\/fr\/index.php\/wp-json\/wp\/v2\/media\/33641"}],"wp:attachment":[{"href":"https:\/\/profert.dz\/fr\/index.php\/wp-json\/wp\/v2\/media?parent=22684"}],"wp:term":[{"taxonomy":"product_brand","embeddable":true,"href":"https:\/\/profert.dz\/fr\/index.php\/wp-json\/wp\/v2\/product_brand?post=22684"},{"taxonomy":"product_cat","embeddable":true,"href":"https:\/\/profert.dz\/fr\/index.php\/wp-json\/wp\/v2\/product_cat?post=22684"},{"taxonomy":"product_tag","embeddable":true,"href":"https:\/\/profert.dz\/fr\/index.php\/wp-json\/wp\/v2\/product_tag?post=22684"}],"curies":[{"name":"wp","href":"https:\/\/api.w.org\/{rel}","templated":true}]}}