{"id":22546,"date":"2023-10-15T16:20:33","date_gmt":"2023-10-15T14:20:33","guid":{"rendered":"http:\/\/profert.dz\/fr\/?post_type=product&#038;p=22546"},"modified":"2025-03-11T10:21:32","modified_gmt":"2025-03-11T09:21:32","slug":"sol-nect-2","status":"publish","type":"product","link":"https:\/\/profert.dz\/fr\/index.php\/produit\/sol-nect-2\/","title":{"rendered":"Solnect<sup>\u00ae<\/sup> 2"},"content":{"rendered":"","protected":false},"excerpt":{"rendered":"<p><strong>FORMULATION :<\/strong> Cristaux.<br \/>\n<strong>COMPOSITION :<\/strong><br \/>\n<strong>\u2022 Azote total (N) :<\/strong> 14 %.<br \/>\n<strong>\u2022 Anhydride phosphorique (P<sub>2<\/sub>O<sub>5<\/sub>) :<\/strong> 20 %.<br \/>\n<strong>\u2022 Oxyde de potassium (K<sub>2<\/sub>O) :<\/strong> 30 %.<\/p>\n<p style=\"text-align: justify;\"><strong>AVANTAGES ET CARACT\u00c9RISTIQUES TECHNIQUES :<\/strong><br \/>\n<strong>Solnect<sup>\u00ae<\/sup> 2 <\/strong>\u00a0est un engrais ternaire NPK hydrosoluble, riche en azote, phosphore et potassium.<br \/>\n<strong>Solnect<sup>\u00ae<\/sup> 2 <\/strong>est recommand\u00e9 aux stades post-floraison, d\u00e9but grossissement et maturit\u00e9 des fruits. Durant ces stades, la culture mobilise des quantit\u00e9s importantes d\u2019\u00e9l\u00e9ments nutritifs afin de produire les sucres, de l\u2019\u00e9nergie et de l\u2019amidon pour :<br \/>\n\u2022 Assurer un bon d\u00e9veloppement v\u00e9g\u00e9tatif.<br \/>\n\u2022 Nourrir et assurer le grossissement des fruits.<br \/>\n\u2022 Assurer le stockage des sucres solubles et amidon dans les organes de r\u00e9serves pour pr\u00e9parer la prochaine saison (Ann\u00e9e n+1),<br \/>\n\u00e9viter d\u2019\u00e9ventuels probl\u00e8mes d\u2019alternance et assurer la p\u00e9rennit\u00e9 du verger.<br \/>\nL\u2019\u00e9quilibre de la formules <strong>Solnect<sup>\u00ae<\/sup> 2<\/strong>\u00a0, son application au bon moment et en quantit\u00e9 recommand\u00e9e permet de subvenir aux besoins, en \u00e9l\u00e9ment NPK, des arbres fruitiers \u00e0 noyaux, aux stades post-foraison, d\u00e9but grossissement et maturit\u00e9 des fruits.<br \/>\n<strong>Solnect<sup>\u00ae<\/sup> 2<\/strong> compl\u00e8te avantageusement la fumure de fond r\u00e9alis\u00e9e \u00e0 base d\u2019<strong>Organo Tree<sup>\u00ae<\/sup><\/strong>.<\/p>\n<p><strong>DOSES RECOMMAND\u00c9ES :<\/strong> en fertigation et apport au sol.<br \/>\n<img decoding=\"async\" class=\"alignnone size-full wp-image-22549\" src=\"http:\/\/profert.dz\/fr\/wp-content\/uploads\/2020\/10\/Tab-Sol-Net-2-1.jpg\" alt=\"\" width=\"800\" height=\"70\" srcset=\"https:\/\/profert.dz\/fr\/wp-content\/uploads\/2020\/10\/Tab-Sol-Net-2-1-120x11.jpg 120w, https:\/\/profert.dz\/fr\/wp-content\/uploads\/2020\/10\/Tab-Sol-Net-2-1-200x18.jpg 200w, https:\/\/profert.dz\/fr\/wp-content\/uploads\/2020\/10\/Tab-Sol-Net-2-1-300x26.jpg 300w, https:\/\/profert.dz\/fr\/wp-content\/uploads\/2020\/10\/Tab-Sol-Net-2-1-400x35.jpg 400w, https:\/\/profert.dz\/fr\/wp-content\/uploads\/2020\/10\/Tab-Sol-Net-2-1-500x44.jpg 500w, https:\/\/profert.dz\/fr\/wp-content\/uploads\/2020\/10\/Tab-Sol-Net-2-1-600x53.jpg 600w, https:\/\/profert.dz\/fr\/wp-content\/uploads\/2020\/10\/Tab-Sol-Net-2-1-700x61.jpg 700w, https:\/\/profert.dz\/fr\/wp-content\/uploads\/2020\/10\/Tab-Sol-Net-2-1-768x67.jpg 768w, https:\/\/profert.dz\/fr\/wp-content\/uploads\/2020\/10\/Tab-Sol-Net-2-1.jpg 800w\" sizes=\"(max-width: 800px) 100vw, 800px\" \/><br \/>\nNous recommandons d\u2019augmenter la dose de 20 % dans les conditions de sols l\u00e9gers ou sableux.<br \/>\nPour la fertigation : m\u00e9langer 10 kg de produit dans 100 L d\u2019eau.<\/p>\n<p><strong>COMPATIBILIT\u00c9 :<\/strong><br \/>\n<strong>Solnect<sup>\u00ae<\/sup> 2<\/strong> peut \u00eatre m\u00e9lang\u00e9 avec la plupart des produits phytosanitaires.<br \/>\nIl est recommand\u00e9, toutefois, d\u2019effectuer un test de compatibilit\u00e9 avant traitement.<\/p>\n<p><img decoding=\"async\" class=\"alignnone size-full wp-image-22548\" src=\"http:\/\/profert.dz\/fr\/wp-content\/uploads\/2020\/10\/Sol-Net-2-1.jpg\" alt=\"\" width=\"800\" height=\"202\" srcset=\"https:\/\/profert.dz\/fr\/wp-content\/uploads\/2020\/10\/Sol-Net-2-1-120x30.jpg 120w, https:\/\/profert.dz\/fr\/wp-content\/uploads\/2020\/10\/Sol-Net-2-1-200x51.jpg 200w, https:\/\/profert.dz\/fr\/wp-content\/uploads\/2020\/10\/Sol-Net-2-1-300x76.jpg 300w, https:\/\/profert.dz\/fr\/wp-content\/uploads\/2020\/10\/Sol-Net-2-1-400x101.jpg 400w, https:\/\/profert.dz\/fr\/wp-content\/uploads\/2020\/10\/Sol-Net-2-1-500x126.jpg 500w, https:\/\/profert.dz\/fr\/wp-content\/uploads\/2020\/10\/Sol-Net-2-1-600x152.jpg 600w, https:\/\/profert.dz\/fr\/wp-content\/uploads\/2020\/10\/Sol-Net-2-1-700x177.jpg 700w, https:\/\/profert.dz\/fr\/wp-content\/uploads\/2020\/10\/Sol-Net-2-1-768x194.jpg 768w, https:\/\/profert.dz\/fr\/wp-content\/uploads\/2020\/10\/Sol-Net-2-1.jpg 800w\" sizes=\"(max-width: 800px) 100vw, 800px\" \/><br \/>\n[wpdm_package id='27188']<\/p>\n","protected":false},"featured_media":31968,"template":"","meta":[],"product_brand":[],"product_cat":[157],"product_tag":[],"class_list":{"0":"post-22546","1":"product","2":"type-product","3":"status-publish","4":"has-post-thumbnail","6":"product_cat-special-arboriculture","8":"first","9":"instock","10":"shipping-taxable","11":"product-type-simple"},"yoast_head":"<!-- This site is optimized with the Yoast SEO plugin v25.6 - https:\/\/yoast.com\/wordpress\/plugins\/seo\/ -->\n<title>Solnect\u00ae 2 - Profert<\/title>\n<meta name=\"robots\" content=\"index, follow, max-snippet:-1, max-image-preview:large, max-video-preview:-1\" \/>\n<link rel=\"canonical\" href=\"https:\/\/profert.dz\/fr\/index.php\/produit\/sol-nect-2\/\" \/>\n<meta property=\"og:locale\" content=\"fr_FR\" \/>\n<meta property=\"og:type\" content=\"article\" \/>\n<meta property=\"og:title\" content=\"Solnect\u00ae 2 - Profert\" \/>\n<meta property=\"og:description\" content=\"FORMULATION : Cristaux. COMPOSITION : \u2022 Azote total (N) : 14 %. \u2022 Anhydride phosphorique (P2O5) : 20 %. \u2022 Oxyde de potassium (K2O) : 30 %. AVANTAGES ET CARACT\u00c9RISTIQUES TECHNIQUES : Solnect\u00ae 2 \u00a0est un engrais ternaire NPK hydrosoluble, riche en azote, phosphore et potassium. Solnect\u00ae 2 est recommand\u00e9 aux stades post-floraison, d\u00e9but grossissement et maturit\u00e9 des fruits. Durant ces stades, la culture mobilise des quantit\u00e9s importantes d\u2019\u00e9l\u00e9ments nutritifs afin de produire les sucres, de l\u2019\u00e9nergie et de l\u2019amidon pour : \u2022 Assurer un bon d\u00e9veloppement v\u00e9g\u00e9tatif. \u2022 Nourrir et assurer le grossissement des fruits. \u2022 Assurer le stockage des sucres solubles et amidon dans les organes de r\u00e9serves pour pr\u00e9parer la prochaine saison (Ann\u00e9e n+1), \u00e9viter d\u2019\u00e9ventuels probl\u00e8mes d\u2019alternance et assurer la p\u00e9rennit\u00e9 du verger. L\u2019\u00e9quilibre de la formules Solnect\u00ae 2\u00a0, son application au bon moment et en quantit\u00e9 recommand\u00e9e permet de subvenir aux besoins, en \u00e9l\u00e9ment NPK, des arbres fruitiers \u00e0 noyaux, aux stades post-foraison, d\u00e9but grossissement et maturit\u00e9 des fruits. Solnect\u00ae 2 compl\u00e8te avantageusement la fumure de fond r\u00e9alis\u00e9e \u00e0 base d\u2019Organo Tree\u00ae. DOSES RECOMMAND\u00c9ES : en fertigation et apport au sol.  Nous recommandons d\u2019augmenter la dose de 20 % dans les conditions de sols l\u00e9gers ou sableux. Pour la fertigation : m\u00e9langer 10 kg de produit dans 100 L d\u2019eau.  COMPATIBILIT\u00c9 : Solnect\u00ae 2 peut \u00eatre m\u00e9lang\u00e9 avec la plupart des produits phytosanitaires. Il est recommand\u00e9, toutefois, d\u2019effectuer un test de compatibilit\u00e9 avant traitement.\" \/>\n<meta property=\"og:url\" content=\"https:\/\/profert.dz\/fr\/index.php\/produit\/sol-nect-2\/\" \/>\n<meta property=\"og:site_name\" content=\"Profert\" \/>\n<meta property=\"article:modified_time\" content=\"2025-03-11T09:21:32+00:00\" \/>\n<meta property=\"og:image\" content=\"https:\/\/profert.dz\/fr\/wp-content\/uploads\/2025\/03\/Solnect-2-1024x1024.png\" \/>\n\t<meta property=\"og:image:width\" content=\"1024\" \/>\n\t<meta property=\"og:image:height\" content=\"1024\" \/>\n\t<meta property=\"og:image:type\" content=\"image\/png\" \/>\n<meta name=\"twitter:card\" content=\"summary_large_image\" \/>\n<meta name=\"twitter:label1\" content=\"Dur\u00e9e de lecture estim\u00e9e\" \/>\n\t<meta name=\"twitter:data1\" content=\"1 minute\" \/>\n<script type=\"application\/ld+json\" class=\"yoast-schema-graph\">{\"@context\":\"https:\/\/schema.org\",\"@graph\":[{\"@type\":\"WebPage\",\"@id\":\"https:\/\/profert.dz\/fr\/index.php\/produit\/sol-nect-2\/\",\"url\":\"https:\/\/profert.dz\/fr\/index.php\/produit\/sol-nect-2\/\",\"name\":\"Solnect\u00ae 2 - Profert\",\"isPartOf\":{\"@id\":\"https:\/\/profert.dz\/fr\/#website\"},\"primaryImageOfPage\":{\"@id\":\"https:\/\/profert.dz\/fr\/index.php\/produit\/sol-nect-2\/#primaryimage\"},\"image\":{\"@id\":\"https:\/\/profert.dz\/fr\/index.php\/produit\/sol-nect-2\/#primaryimage\"},\"thumbnailUrl\":\"https:\/\/profert.dz\/fr\/wp-content\/uploads\/2025\/03\/Solnect-2.png\",\"datePublished\":\"2023-10-15T14:20:33+00:00\",\"dateModified\":\"2025-03-11T09:21:32+00:00\",\"breadcrumb\":{\"@id\":\"https:\/\/profert.dz\/fr\/index.php\/produit\/sol-nect-2\/#breadcrumb\"},\"inLanguage\":\"fr-FR\",\"potentialAction\":[{\"@type\":\"ReadAction\",\"target\":[\"https:\/\/profert.dz\/fr\/index.php\/produit\/sol-nect-2\/\"]}]},{\"@type\":\"ImageObject\",\"inLanguage\":\"fr-FR\",\"@id\":\"https:\/\/profert.dz\/fr\/index.php\/produit\/sol-nect-2\/#primaryimage\",\"url\":\"https:\/\/profert.dz\/fr\/wp-content\/uploads\/2025\/03\/Solnect-2.png\",\"contentUrl\":\"https:\/\/profert.dz\/fr\/wp-content\/uploads\/2025\/03\/Solnect-2.png\",\"width\":4000,\"height\":4000},{\"@type\":\"BreadcrumbList\",\"@id\":\"https:\/\/profert.dz\/fr\/index.php\/produit\/sol-nect-2\/#breadcrumb\",\"itemListElement\":[{\"@type\":\"ListItem\",\"position\":1,\"name\":\"Accueil\",\"item\":\"https:\/\/profert.dz\/fr\/\"},{\"@type\":\"ListItem\",\"position\":2,\"name\":\"Produits\",\"item\":\"https:\/\/profert.dz\/fr\/index.php\/boutique\/\"},{\"@type\":\"ListItem\",\"position\":3,\"name\":\"Solnect\u00ae 2\"}]},{\"@type\":\"WebSite\",\"@id\":\"https:\/\/profert.dz\/fr\/#website\",\"url\":\"https:\/\/profert.dz\/fr\/\",\"name\":\"Profert.dz\",\"description\":\"Agriculture Alg\u00e9rie\",\"potentialAction\":[{\"@type\":\"SearchAction\",\"target\":{\"@type\":\"EntryPoint\",\"urlTemplate\":\"https:\/\/profert.dz\/fr\/?s={search_term_string}\"},\"query-input\":{\"@type\":\"PropertyValueSpecification\",\"valueRequired\":true,\"valueName\":\"search_term_string\"}}],\"inLanguage\":\"fr-FR\"}]}<\/script>\n<!-- \/ Yoast SEO plugin. -->","yoast_head_json":{"title":"Solnect\u00ae 2 - Profert","robots":{"index":"index","follow":"follow","max-snippet":"max-snippet:-1","max-image-preview":"max-image-preview:large","max-video-preview":"max-video-preview:-1"},"canonical":"https:\/\/profert.dz\/fr\/index.php\/produit\/sol-nect-2\/","og_locale":"fr_FR","og_type":"article","og_title":"Solnect\u00ae 2 - Profert","og_description":"FORMULATION : Cristaux. COMPOSITION : \u2022 Azote total (N) : 14 %. \u2022 Anhydride phosphorique (P2O5) : 20 %. \u2022 Oxyde de potassium (K2O) : 30 %. AVANTAGES ET CARACT\u00c9RISTIQUES TECHNIQUES : Solnect\u00ae 2 \u00a0est un engrais ternaire NPK hydrosoluble, riche en azote, phosphore et potassium. Solnect\u00ae 2 est recommand\u00e9 aux stades post-floraison, d\u00e9but grossissement et maturit\u00e9 des fruits. Durant ces stades, la culture mobilise des quantit\u00e9s importantes d\u2019\u00e9l\u00e9ments nutritifs afin de produire les sucres, de l\u2019\u00e9nergie et de l\u2019amidon pour : \u2022 Assurer un bon d\u00e9veloppement v\u00e9g\u00e9tatif. \u2022 Nourrir et assurer le grossissement des fruits. \u2022 Assurer le stockage des sucres solubles et amidon dans les organes de r\u00e9serves pour pr\u00e9parer la prochaine saison (Ann\u00e9e n+1), \u00e9viter d\u2019\u00e9ventuels probl\u00e8mes d\u2019alternance et assurer la p\u00e9rennit\u00e9 du verger. L\u2019\u00e9quilibre de la formules Solnect\u00ae 2\u00a0, son application au bon moment et en quantit\u00e9 recommand\u00e9e permet de subvenir aux besoins, en \u00e9l\u00e9ment NPK, des arbres fruitiers \u00e0 noyaux, aux stades post-foraison, d\u00e9but grossissement et maturit\u00e9 des fruits. Solnect\u00ae 2 compl\u00e8te avantageusement la fumure de fond r\u00e9alis\u00e9e \u00e0 base d\u2019Organo Tree\u00ae. DOSES RECOMMAND\u00c9ES : en fertigation et apport au sol.  Nous recommandons d\u2019augmenter la dose de 20 % dans les conditions de sols l\u00e9gers ou sableux. Pour la fertigation : m\u00e9langer 10 kg de produit dans 100 L d\u2019eau.  COMPATIBILIT\u00c9 : Solnect\u00ae 2 peut \u00eatre m\u00e9lang\u00e9 avec la plupart des produits phytosanitaires. Il est recommand\u00e9, toutefois, d\u2019effectuer un test de compatibilit\u00e9 avant traitement.","og_url":"https:\/\/profert.dz\/fr\/index.php\/produit\/sol-nect-2\/","og_site_name":"Profert","article_modified_time":"2025-03-11T09:21:32+00:00","og_image":[{"width":1024,"height":1024,"url":"https:\/\/profert.dz\/fr\/wp-content\/uploads\/2025\/03\/Solnect-2-1024x1024.png","type":"image\/png"}],"twitter_card":"summary_large_image","twitter_misc":{"Dur\u00e9e de lecture estim\u00e9e":"1 minute"},"schema":{"@context":"https:\/\/schema.org","@graph":[{"@type":"WebPage","@id":"https:\/\/profert.dz\/fr\/index.php\/produit\/sol-nect-2\/","url":"https:\/\/profert.dz\/fr\/index.php\/produit\/sol-nect-2\/","name":"Solnect\u00ae 2 - Profert","isPartOf":{"@id":"https:\/\/profert.dz\/fr\/#website"},"primaryImageOfPage":{"@id":"https:\/\/profert.dz\/fr\/index.php\/produit\/sol-nect-2\/#primaryimage"},"image":{"@id":"https:\/\/profert.dz\/fr\/index.php\/produit\/sol-nect-2\/#primaryimage"},"thumbnailUrl":"https:\/\/profert.dz\/fr\/wp-content\/uploads\/2025\/03\/Solnect-2.png","datePublished":"2023-10-15T14:20:33+00:00","dateModified":"2025-03-11T09:21:32+00:00","breadcrumb":{"@id":"https:\/\/profert.dz\/fr\/index.php\/produit\/sol-nect-2\/#breadcrumb"},"inLanguage":"fr-FR","potentialAction":[{"@type":"ReadAction","target":["https:\/\/profert.dz\/fr\/index.php\/produit\/sol-nect-2\/"]}]},{"@type":"ImageObject","inLanguage":"fr-FR","@id":"https:\/\/profert.dz\/fr\/index.php\/produit\/sol-nect-2\/#primaryimage","url":"https:\/\/profert.dz\/fr\/wp-content\/uploads\/2025\/03\/Solnect-2.png","contentUrl":"https:\/\/profert.dz\/fr\/wp-content\/uploads\/2025\/03\/Solnect-2.png","width":4000,"height":4000},{"@type":"BreadcrumbList","@id":"https:\/\/profert.dz\/fr\/index.php\/produit\/sol-nect-2\/#breadcrumb","itemListElement":[{"@type":"ListItem","position":1,"name":"Accueil","item":"https:\/\/profert.dz\/fr\/"},{"@type":"ListItem","position":2,"name":"Produits","item":"https:\/\/profert.dz\/fr\/index.php\/boutique\/"},{"@type":"ListItem","position":3,"name":"Solnect\u00ae 2"}]},{"@type":"WebSite","@id":"https:\/\/profert.dz\/fr\/#website","url":"https:\/\/profert.dz\/fr\/","name":"Profert.dz","description":"Agriculture Alg\u00e9rie","potentialAction":[{"@type":"SearchAction","target":{"@type":"EntryPoint","urlTemplate":"https:\/\/profert.dz\/fr\/?s={search_term_string}"},"query-input":{"@type":"PropertyValueSpecification","valueRequired":true,"valueName":"search_term_string"}}],"inLanguage":"fr-FR"}]}},"_links":{"self":[{"href":"https:\/\/profert.dz\/fr\/index.php\/wp-json\/wp\/v2\/product\/22546"}],"collection":[{"href":"https:\/\/profert.dz\/fr\/index.php\/wp-json\/wp\/v2\/product"}],"about":[{"href":"https:\/\/profert.dz\/fr\/index.php\/wp-json\/wp\/v2\/types\/product"}],"wp:featuredmedia":[{"embeddable":true,"href":"https:\/\/profert.dz\/fr\/index.php\/wp-json\/wp\/v2\/media\/31968"}],"wp:attachment":[{"href":"https:\/\/profert.dz\/fr\/index.php\/wp-json\/wp\/v2\/media?parent=22546"}],"wp:term":[{"taxonomy":"product_brand","embeddable":true,"href":"https:\/\/profert.dz\/fr\/index.php\/wp-json\/wp\/v2\/product_brand?post=22546"},{"taxonomy":"product_cat","embeddable":true,"href":"https:\/\/profert.dz\/fr\/index.php\/wp-json\/wp\/v2\/product_cat?post=22546"},{"taxonomy":"product_tag","embeddable":true,"href":"https:\/\/profert.dz\/fr\/index.php\/wp-json\/wp\/v2\/product_tag?post=22546"}],"curies":[{"name":"wp","href":"https:\/\/api.w.org\/{rel}","templated":true}]}}