{"id":22325,"date":"2020-09-02T15:48:07","date_gmt":"2020-09-02T13:48:07","guid":{"rendered":"http:\/\/profert.dz\/fr\/?post_type=product&#038;p=22325"},"modified":"2025-03-11T11:27:43","modified_gmt":"2025-03-11T10:27:43","slug":"toma-sol-2","status":"publish","type":"product","link":"https:\/\/profert.dz\/fr\/index.php\/produit\/toma-sol-2\/","title":{"rendered":"Tomasol 2"},"content":{"rendered":"","protected":false},"excerpt":{"rendered":"<p><strong>FORMULATION :<\/strong> Cristaux.<\/p>\n<p><strong>COMPOSITION<\/strong><br \/>\n<strong>\u2022 Azote total (N) :<\/strong> 26 %.<br \/>\n<strong>\u2022 Anhydride phosphorique (P<sub>2<\/sub>O<sub>5<\/sub>) :<\/strong> 15 %.<br \/>\n<strong>\u2022 Oxyde de potassium (K<sub>2<\/sub>O) :<\/strong> 15 %.<\/p>\n<p><strong>AVANTAGES ET CARACT\u00c9RISTIQUES TECHNIQUES<\/strong><br \/>\n<strong>Tomasol<sup>\u00ae<\/sup> 2<\/strong> est un engrais ternaire (N.P.K) hydrosoluble, riche en azote.<br \/>\n<strong>Tomasol<sup>\u00ae<\/sup> 2\u00a0<\/strong>est recommand\u00e9 pour le stade d\u00e9veloppement v\u00e9g\u00e9tatif.<br \/>\n\u00c0 ce stade, la culture a besoin de beaucoup de :<br \/>\n\u2022 Azote pour d\u00e9velopper la v\u00e9g\u00e9tation et initier de bonnes floraisons. La formule contient les 3 formes d\u2019azote pour une r\u00e9ponse imm\u00e9diate et une nutrition soutenue dans le temps.<br \/>\n\u2022 Phosphore et potasse pour de bonnes floraisons et nouaisons.<\/p>\n<p><strong>DOSES RECOMMAND\u00c9ES :<\/strong> en fertigation et apport au sol.<br \/>\n<img decoding=\"async\" class=\"alignnone size-full wp-image-26964\" src=\"https:\/\/profert.dz\/fr\/wp-content\/uploads\/2020\/09\/Tab-TomaSol-Fr.png\" alt=\"\" width=\"800\" height=\"49\" srcset=\"https:\/\/profert.dz\/fr\/wp-content\/uploads\/2020\/09\/Tab-TomaSol-Fr-200x12.png 200w, https:\/\/profert.dz\/fr\/wp-content\/uploads\/2020\/09\/Tab-TomaSol-Fr-300x18.png 300w, https:\/\/profert.dz\/fr\/wp-content\/uploads\/2020\/09\/Tab-TomaSol-Fr-400x25.png 400w, https:\/\/profert.dz\/fr\/wp-content\/uploads\/2020\/09\/Tab-TomaSol-Fr-500x31.png 500w, https:\/\/profert.dz\/fr\/wp-content\/uploads\/2020\/09\/Tab-TomaSol-Fr-600x37.png 600w, https:\/\/profert.dz\/fr\/wp-content\/uploads\/2020\/09\/Tab-TomaSol-Fr-700x43.png 700w, https:\/\/profert.dz\/fr\/wp-content\/uploads\/2020\/09\/Tab-TomaSol-Fr-768x47.png 768w, https:\/\/profert.dz\/fr\/wp-content\/uploads\/2020\/09\/Tab-TomaSol-Fr.png 800w\" sizes=\"(max-width: 800px) 100vw, 800px\" \/><br \/>\nNous recommandons d\u2019augmenter la dose de 20 % dans les conditions de sols l\u00e9gers ou sableux.<br \/>\nPour la fertigation : m\u00e9langer 10 kg de produit dans 100 L d\u2019eau.<\/p>\n<p><strong>COMPATIBILIT\u00c9<\/strong><br \/>\nCet engrais peut \u00eatre m\u00e9lang\u00e9 avec la plupart des produits phytosanitaires.<br \/>\nIl est recommand\u00e9, toutefois, d\u2019effectuer un test de compatibilit\u00e9 avant traitement.<br \/>\n<img decoding=\"async\" class=\"alignnone size-full wp-image-26956\" src=\"https:\/\/profert.dz\/fr\/wp-content\/uploads\/2020\/09\/TomaSol-3-PC-GG-1.png\" alt=\"\" width=\"2183\" height=\"736\" srcset=\"https:\/\/profert.dz\/fr\/wp-content\/uploads\/2020\/09\/TomaSol-3-PC-GG-1-200x67.png 200w, https:\/\/profert.dz\/fr\/wp-content\/uploads\/2020\/09\/TomaSol-3-PC-GG-1-300x101.png 300w, https:\/\/profert.dz\/fr\/wp-content\/uploads\/2020\/09\/TomaSol-3-PC-GG-1-400x135.png 400w, https:\/\/profert.dz\/fr\/wp-content\/uploads\/2020\/09\/TomaSol-3-PC-GG-1-500x169.png 500w, https:\/\/profert.dz\/fr\/wp-content\/uploads\/2020\/09\/TomaSol-3-PC-GG-1-600x202.png 600w, https:\/\/profert.dz\/fr\/wp-content\/uploads\/2020\/09\/TomaSol-3-PC-GG-1-700x236.png 700w, https:\/\/profert.dz\/fr\/wp-content\/uploads\/2020\/09\/TomaSol-3-PC-GG-1-768x259.png 768w, https:\/\/profert.dz\/fr\/wp-content\/uploads\/2020\/09\/TomaSol-3-PC-GG-1-800x270.png 800w, https:\/\/profert.dz\/fr\/wp-content\/uploads\/2020\/09\/TomaSol-3-PC-GG-1-1024x345.png 1024w, https:\/\/profert.dz\/fr\/wp-content\/uploads\/2020\/09\/TomaSol-3-PC-GG-1-1200x405.png 1200w, https:\/\/profert.dz\/fr\/wp-content\/uploads\/2020\/09\/TomaSol-3-PC-GG-1-1536x518.png 1536w, https:\/\/profert.dz\/fr\/wp-content\/uploads\/2020\/09\/TomaSol-3-PC-GG-1.png 2183w\" sizes=\"(max-width: 2183px) 100vw, 2183px\" \/><br \/>\n[wpdm_package id='26960']<\/p>\n","protected":false},"featured_media":31979,"template":"","meta":[],"product_brand":[],"product_cat":[154],"product_tag":[],"class_list":{"0":"post-22325","1":"product","2":"type-product","3":"status-publish","4":"has-post-thumbnail","6":"product_cat-tomasol2","8":"first","9":"instock","10":"shipping-taxable","11":"product-type-simple"},"yoast_head":"<!-- This site is optimized with the Yoast SEO plugin v25.6 - https:\/\/yoast.com\/wordpress\/plugins\/seo\/ -->\n<title>Tomasol 2 - Profert<\/title>\n<meta name=\"robots\" content=\"index, follow, max-snippet:-1, max-image-preview:large, max-video-preview:-1\" \/>\n<link rel=\"canonical\" href=\"https:\/\/profert.dz\/fr\/index.php\/produit\/toma-sol-2\/\" \/>\n<meta property=\"og:locale\" content=\"fr_FR\" \/>\n<meta property=\"og:type\" content=\"article\" \/>\n<meta property=\"og:title\" content=\"Tomasol 2 - Profert\" \/>\n<meta property=\"og:description\" content=\"FORMULATION : Cristaux.  COMPOSITION \u2022 Azote total (N) : 26 %. \u2022 Anhydride phosphorique (P2O5) : 15 %. \u2022 Oxyde de potassium (K2O) : 15 %.  AVANTAGES ET CARACT\u00c9RISTIQUES TECHNIQUES Tomasol\u00ae 2 est un engrais ternaire (N.P.K) hydrosoluble, riche en azote. Tomasol\u00ae 2\u00a0est recommand\u00e9 pour le stade d\u00e9veloppement v\u00e9g\u00e9tatif. \u00c0 ce stade, la culture a besoin de beaucoup de : \u2022 Azote pour d\u00e9velopper la v\u00e9g\u00e9tation et initier de bonnes floraisons. La formule contient les 3 formes d\u2019azote pour une r\u00e9ponse imm\u00e9diate et une nutrition soutenue dans le temps. \u2022 Phosphore et potasse pour de bonnes floraisons et nouaisons.  DOSES RECOMMAND\u00c9ES : en fertigation et apport au sol.  Nous recommandons d\u2019augmenter la dose de 20 % dans les conditions de sols l\u00e9gers ou sableux. Pour la fertigation : m\u00e9langer 10 kg de produit dans 100 L d\u2019eau.  COMPATIBILIT\u00c9 Cet engrais peut \u00eatre m\u00e9lang\u00e9 avec la plupart des produits phytosanitaires. Il est recommand\u00e9, toutefois, d\u2019effectuer un test de compatibilit\u00e9 avant traitement.\" \/>\n<meta property=\"og:url\" content=\"https:\/\/profert.dz\/fr\/index.php\/produit\/toma-sol-2\/\" \/>\n<meta property=\"og:site_name\" content=\"Profert\" \/>\n<meta property=\"article:modified_time\" content=\"2025-03-11T10:27:43+00:00\" \/>\n<meta property=\"og:image\" content=\"https:\/\/profert.dz\/fr\/wp-content\/uploads\/2025\/03\/Tomasol-2-1024x1024.png\" \/>\n\t<meta property=\"og:image:width\" content=\"1024\" \/>\n\t<meta property=\"og:image:height\" content=\"1024\" \/>\n\t<meta property=\"og:image:type\" content=\"image\/png\" \/>\n<meta name=\"twitter:card\" content=\"summary_large_image\" \/>\n<meta name=\"twitter:label1\" content=\"Dur\u00e9e de lecture estim\u00e9e\" \/>\n\t<meta name=\"twitter:data1\" content=\"1 minute\" \/>\n<script type=\"application\/ld+json\" class=\"yoast-schema-graph\">{\"@context\":\"https:\/\/schema.org\",\"@graph\":[{\"@type\":\"WebPage\",\"@id\":\"https:\/\/profert.dz\/fr\/index.php\/produit\/toma-sol-2\/\",\"url\":\"https:\/\/profert.dz\/fr\/index.php\/produit\/toma-sol-2\/\",\"name\":\"Tomasol 2 - Profert\",\"isPartOf\":{\"@id\":\"https:\/\/profert.dz\/fr\/#website\"},\"primaryImageOfPage\":{\"@id\":\"https:\/\/profert.dz\/fr\/index.php\/produit\/toma-sol-2\/#primaryimage\"},\"image\":{\"@id\":\"https:\/\/profert.dz\/fr\/index.php\/produit\/toma-sol-2\/#primaryimage\"},\"thumbnailUrl\":\"https:\/\/profert.dz\/fr\/wp-content\/uploads\/2025\/03\/Tomasol-2.png\",\"datePublished\":\"2020-09-02T13:48:07+00:00\",\"dateModified\":\"2025-03-11T10:27:43+00:00\",\"breadcrumb\":{\"@id\":\"https:\/\/profert.dz\/fr\/index.php\/produit\/toma-sol-2\/#breadcrumb\"},\"inLanguage\":\"fr-FR\",\"potentialAction\":[{\"@type\":\"ReadAction\",\"target\":[\"https:\/\/profert.dz\/fr\/index.php\/produit\/toma-sol-2\/\"]}]},{\"@type\":\"ImageObject\",\"inLanguage\":\"fr-FR\",\"@id\":\"https:\/\/profert.dz\/fr\/index.php\/produit\/toma-sol-2\/#primaryimage\",\"url\":\"https:\/\/profert.dz\/fr\/wp-content\/uploads\/2025\/03\/Tomasol-2.png\",\"contentUrl\":\"https:\/\/profert.dz\/fr\/wp-content\/uploads\/2025\/03\/Tomasol-2.png\",\"width\":4000,\"height\":4000},{\"@type\":\"BreadcrumbList\",\"@id\":\"https:\/\/profert.dz\/fr\/index.php\/produit\/toma-sol-2\/#breadcrumb\",\"itemListElement\":[{\"@type\":\"ListItem\",\"position\":1,\"name\":\"Accueil\",\"item\":\"https:\/\/profert.dz\/fr\/\"},{\"@type\":\"ListItem\",\"position\":2,\"name\":\"Produits\",\"item\":\"https:\/\/profert.dz\/fr\/index.php\/boutique\/\"},{\"@type\":\"ListItem\",\"position\":3,\"name\":\"Tomasol 2\"}]},{\"@type\":\"WebSite\",\"@id\":\"https:\/\/profert.dz\/fr\/#website\",\"url\":\"https:\/\/profert.dz\/fr\/\",\"name\":\"Profert.dz\",\"description\":\"Agriculture Alg\u00e9rie\",\"potentialAction\":[{\"@type\":\"SearchAction\",\"target\":{\"@type\":\"EntryPoint\",\"urlTemplate\":\"https:\/\/profert.dz\/fr\/?s={search_term_string}\"},\"query-input\":{\"@type\":\"PropertyValueSpecification\",\"valueRequired\":true,\"valueName\":\"search_term_string\"}}],\"inLanguage\":\"fr-FR\"}]}<\/script>\n<!-- \/ Yoast SEO plugin. -->","yoast_head_json":{"title":"Tomasol 2 - Profert","robots":{"index":"index","follow":"follow","max-snippet":"max-snippet:-1","max-image-preview":"max-image-preview:large","max-video-preview":"max-video-preview:-1"},"canonical":"https:\/\/profert.dz\/fr\/index.php\/produit\/toma-sol-2\/","og_locale":"fr_FR","og_type":"article","og_title":"Tomasol 2 - Profert","og_description":"FORMULATION : Cristaux.  COMPOSITION \u2022 Azote total (N) : 26 %. \u2022 Anhydride phosphorique (P2O5) : 15 %. \u2022 Oxyde de potassium (K2O) : 15 %.  AVANTAGES ET CARACT\u00c9RISTIQUES TECHNIQUES Tomasol\u00ae 2 est un engrais ternaire (N.P.K) hydrosoluble, riche en azote. Tomasol\u00ae 2\u00a0est recommand\u00e9 pour le stade d\u00e9veloppement v\u00e9g\u00e9tatif. \u00c0 ce stade, la culture a besoin de beaucoup de : \u2022 Azote pour d\u00e9velopper la v\u00e9g\u00e9tation et initier de bonnes floraisons. La formule contient les 3 formes d\u2019azote pour une r\u00e9ponse imm\u00e9diate et une nutrition soutenue dans le temps. \u2022 Phosphore et potasse pour de bonnes floraisons et nouaisons.  DOSES RECOMMAND\u00c9ES : en fertigation et apport au sol.  Nous recommandons d\u2019augmenter la dose de 20 % dans les conditions de sols l\u00e9gers ou sableux. Pour la fertigation : m\u00e9langer 10 kg de produit dans 100 L d\u2019eau.  COMPATIBILIT\u00c9 Cet engrais peut \u00eatre m\u00e9lang\u00e9 avec la plupart des produits phytosanitaires. Il est recommand\u00e9, toutefois, d\u2019effectuer un test de compatibilit\u00e9 avant traitement.","og_url":"https:\/\/profert.dz\/fr\/index.php\/produit\/toma-sol-2\/","og_site_name":"Profert","article_modified_time":"2025-03-11T10:27:43+00:00","og_image":[{"width":1024,"height":1024,"url":"https:\/\/profert.dz\/fr\/wp-content\/uploads\/2025\/03\/Tomasol-2-1024x1024.png","type":"image\/png"}],"twitter_card":"summary_large_image","twitter_misc":{"Dur\u00e9e de lecture estim\u00e9e":"1 minute"},"schema":{"@context":"https:\/\/schema.org","@graph":[{"@type":"WebPage","@id":"https:\/\/profert.dz\/fr\/index.php\/produit\/toma-sol-2\/","url":"https:\/\/profert.dz\/fr\/index.php\/produit\/toma-sol-2\/","name":"Tomasol 2 - Profert","isPartOf":{"@id":"https:\/\/profert.dz\/fr\/#website"},"primaryImageOfPage":{"@id":"https:\/\/profert.dz\/fr\/index.php\/produit\/toma-sol-2\/#primaryimage"},"image":{"@id":"https:\/\/profert.dz\/fr\/index.php\/produit\/toma-sol-2\/#primaryimage"},"thumbnailUrl":"https:\/\/profert.dz\/fr\/wp-content\/uploads\/2025\/03\/Tomasol-2.png","datePublished":"2020-09-02T13:48:07+00:00","dateModified":"2025-03-11T10:27:43+00:00","breadcrumb":{"@id":"https:\/\/profert.dz\/fr\/index.php\/produit\/toma-sol-2\/#breadcrumb"},"inLanguage":"fr-FR","potentialAction":[{"@type":"ReadAction","target":["https:\/\/profert.dz\/fr\/index.php\/produit\/toma-sol-2\/"]}]},{"@type":"ImageObject","inLanguage":"fr-FR","@id":"https:\/\/profert.dz\/fr\/index.php\/produit\/toma-sol-2\/#primaryimage","url":"https:\/\/profert.dz\/fr\/wp-content\/uploads\/2025\/03\/Tomasol-2.png","contentUrl":"https:\/\/profert.dz\/fr\/wp-content\/uploads\/2025\/03\/Tomasol-2.png","width":4000,"height":4000},{"@type":"BreadcrumbList","@id":"https:\/\/profert.dz\/fr\/index.php\/produit\/toma-sol-2\/#breadcrumb","itemListElement":[{"@type":"ListItem","position":1,"name":"Accueil","item":"https:\/\/profert.dz\/fr\/"},{"@type":"ListItem","position":2,"name":"Produits","item":"https:\/\/profert.dz\/fr\/index.php\/boutique\/"},{"@type":"ListItem","position":3,"name":"Tomasol 2"}]},{"@type":"WebSite","@id":"https:\/\/profert.dz\/fr\/#website","url":"https:\/\/profert.dz\/fr\/","name":"Profert.dz","description":"Agriculture Alg\u00e9rie","potentialAction":[{"@type":"SearchAction","target":{"@type":"EntryPoint","urlTemplate":"https:\/\/profert.dz\/fr\/?s={search_term_string}"},"query-input":{"@type":"PropertyValueSpecification","valueRequired":true,"valueName":"search_term_string"}}],"inLanguage":"fr-FR"}]}},"_links":{"self":[{"href":"https:\/\/profert.dz\/fr\/index.php\/wp-json\/wp\/v2\/product\/22325"}],"collection":[{"href":"https:\/\/profert.dz\/fr\/index.php\/wp-json\/wp\/v2\/product"}],"about":[{"href":"https:\/\/profert.dz\/fr\/index.php\/wp-json\/wp\/v2\/types\/product"}],"wp:featuredmedia":[{"embeddable":true,"href":"https:\/\/profert.dz\/fr\/index.php\/wp-json\/wp\/v2\/media\/31979"}],"wp:attachment":[{"href":"https:\/\/profert.dz\/fr\/index.php\/wp-json\/wp\/v2\/media?parent=22325"}],"wp:term":[{"taxonomy":"product_brand","embeddable":true,"href":"https:\/\/profert.dz\/fr\/index.php\/wp-json\/wp\/v2\/product_brand?post=22325"},{"taxonomy":"product_cat","embeddable":true,"href":"https:\/\/profert.dz\/fr\/index.php\/wp-json\/wp\/v2\/product_cat?post=22325"},{"taxonomy":"product_tag","embeddable":true,"href":"https:\/\/profert.dz\/fr\/index.php\/wp-json\/wp\/v2\/product_tag?post=22325"}],"curies":[{"name":"wp","href":"https:\/\/api.w.org\/{rel}","templated":true}]}}