{"id":22243,"date":"2020-08-12T15:18:25","date_gmt":"2020-08-12T13:18:25","guid":{"rendered":"http:\/\/profert.dz\/fr\/?post_type=product&#038;p=22243"},"modified":"2025-09-16T10:08:12","modified_gmt":"2025-09-16T08:08:12","slug":"tradeferro-k6","status":"publish","type":"product","link":"https:\/\/profert.dz\/fr\/index.php\/produit\/tradeferro-k6\/","title":{"rendered":"Tradeferro<sup>\u00ae<\/sup> K6"},"content":{"rendered":"","protected":false},"excerpt":{"rendered":"<h3 style=\"text-align: justify;\">Ch\u00e9late de Fer EDDHA microsoluble pour\u00a0 pr\u00e9venir et corriger les carences en Fer (Fe) dans les sols alcalins<\/h3>\n<p style=\"text-align: justify;\"><strong>Composition<\/strong><br \/>\n<strong>Fer (Fe) ch\u00e9lat\u00e9 par EDDHA :<\/strong> 6% p\/p.<\/p>\n<p style=\"text-align: justify;\"><strong>Formulation<\/strong><br \/>\nMicro-granule (WG).<\/p>\n<p style=\"text-align: justify;\"><strong>Description<\/strong><br \/>\n<strong>Tradeferro<sup>\u00ae<\/sup> K6<\/strong> est un fer ch\u00e9lat\u00e9 \u00e0 l\u2019EDDHA. Il se pr\u00e9sente sous forme de microgranul\u00e9s (wg) solubles dans l\u2019eau.<br \/>\n<strong>Tradeferro<sup>\u00ae<\/sup> K6<\/strong> pr\u00e9vient et corrige la chlorose en fer , dans tous types de sols et en toutes conditions.<br \/>\n<strong>Tradeferro<sup>\u00ae<\/sup> K6<\/strong> a une persistance d\u2019action et une stabilit\u00e9 prolong\u00e9e. Il agit rapidement.<\/p>\n<p style=\"text-align: justify;\"><strong>Principaux avantages<\/strong><br \/>\n\u2022 La technologie de Tradecorp garantit une protection maximale du fer par l\u2019agent ch\u00e9latant.<br \/>\n\u2022 Efficacit\u00e9 maximale avec des doses plus faibles.<br \/>\n\u2022 Excellente compatibilit\u00e9 avec la plupart des engrais et produits phytosanitaires.<br \/>\n\u2022 Solubilit\u00e9 totale et instantan\u00e9e dans tous types d\u2019eau.<\/p>\n<p><strong>Doses d\u2019emploi<\/strong><br \/>\n<img decoding=\"async\" class=\"alignnone size-full wp-image-22245\" src=\"http:\/\/profert.dz\/fr\/wp-content\/uploads\/2020\/08\/Tab-5-Tradeferro-K6.jpg\" alt=\"\" width=\"800\" height=\"214\" srcset=\"https:\/\/profert.dz\/fr\/wp-content\/uploads\/2020\/08\/Tab-5-Tradeferro-K6-120x32.jpg 120w, https:\/\/profert.dz\/fr\/wp-content\/uploads\/2020\/08\/Tab-5-Tradeferro-K6-200x54.jpg 200w, https:\/\/profert.dz\/fr\/wp-content\/uploads\/2020\/08\/Tab-5-Tradeferro-K6-300x80.jpg 300w, https:\/\/profert.dz\/fr\/wp-content\/uploads\/2020\/08\/Tab-5-Tradeferro-K6-400x107.jpg 400w, https:\/\/profert.dz\/fr\/wp-content\/uploads\/2020\/08\/Tab-5-Tradeferro-K6-500x134.jpg 500w, https:\/\/profert.dz\/fr\/wp-content\/uploads\/2020\/08\/Tab-5-Tradeferro-K6-600x161.jpg 600w, https:\/\/profert.dz\/fr\/wp-content\/uploads\/2020\/08\/Tab-5-Tradeferro-K6-700x187.jpg 700w, https:\/\/profert.dz\/fr\/wp-content\/uploads\/2020\/08\/Tab-5-Tradeferro-K6-768x205.jpg 768w, https:\/\/profert.dz\/fr\/wp-content\/uploads\/2020\/08\/Tab-5-Tradeferro-K6.jpg 800w\" sizes=\"(max-width: 800px) 100vw, 800px\" \/><\/p>\n<p><strong>Compatibilit\u00e9<\/strong><br \/>\nCompatible avec la plupart des engrais et produits phytosanitaires couramment utilis\u00e9s.<br \/>\n\u2022 \u00c9viter les m\u00e9langes avec les produits acides.<br \/>\n\u2022 Avant tout m\u00e9lange, fair e un test pr\u00e9alable.<\/p>\n","protected":false},"featured_media":22301,"template":"","meta":[],"product_brand":[],"product_cat":[80],"product_tag":[],"class_list":{"0":"post-22243","1":"product","2":"type-product","3":"status-publish","4":"has-post-thumbnail","6":"product_cat-oligoelements","8":"first","9":"instock","10":"shipping-taxable","11":"product-type-simple"},"yoast_head":"<!-- This site is optimized with the Yoast SEO plugin v25.6 - https:\/\/yoast.com\/wordpress\/plugins\/seo\/ -->\n<title>Tradeferro\u00ae K6 - Profert<\/title>\n<meta name=\"robots\" content=\"index, follow, max-snippet:-1, max-image-preview:large, max-video-preview:-1\" \/>\n<link rel=\"canonical\" href=\"https:\/\/profert.dz\/fr\/index.php\/produit\/tradeferro-k6\/\" \/>\n<meta property=\"og:locale\" content=\"fr_FR\" \/>\n<meta property=\"og:type\" content=\"article\" \/>\n<meta property=\"og:title\" content=\"Tradeferro\u00ae K6 - Profert\" \/>\n<meta property=\"og:description\" content=\"Ch\u00e9late de Fer EDDHA microsoluble pour\u00a0 pr\u00e9venir et corriger les carences en Fer (Fe) dans les sols alcalins Composition Fer (Fe) ch\u00e9lat\u00e9 par EDDHA : 6% p\/p. Formulation Micro-granule (WG). Description Tradeferro\u00ae K6 est un fer ch\u00e9lat\u00e9 \u00e0 l\u2019EDDHA. Il se pr\u00e9sente sous forme de microgranul\u00e9s (wg) solubles dans l\u2019eau. Tradeferro\u00ae K6 pr\u00e9vient et corrige la chlorose en fer , dans tous types de sols et en toutes conditions. Tradeferro\u00ae K6 a une persistance d\u2019action et une stabilit\u00e9 prolong\u00e9e. Il agit rapidement. Principaux avantages \u2022 La technologie de Tradecorp garantit une protection maximale du fer par l\u2019agent ch\u00e9latant. \u2022 Efficacit\u00e9 maximale avec des doses plus faibles. \u2022 Excellente compatibilit\u00e9 avec la plupart des engrais et produits phytosanitaires. \u2022 Solubilit\u00e9 totale et instantan\u00e9e dans tous types d\u2019eau. Doses d\u2019emploi   Compatibilit\u00e9 Compatible avec la plupart des engrais et produits phytosanitaires couramment utilis\u00e9s. \u2022 \u00c9viter les m\u00e9langes avec les produits acides. \u2022 Avant tout m\u00e9lange, fair e un test pr\u00e9alable.\" \/>\n<meta property=\"og:url\" content=\"https:\/\/profert.dz\/fr\/index.php\/produit\/tradeferro-k6\/\" \/>\n<meta property=\"og:site_name\" content=\"Profert\" \/>\n<meta property=\"article:modified_time\" content=\"2025-09-16T08:08:12+00:00\" \/>\n<meta property=\"og:image\" content=\"https:\/\/profert.dz\/fr\/wp-content\/uploads\/2020\/08\/Profert-Tradeferro-K6.jpg\" \/>\n\t<meta property=\"og:image:width\" content=\"500\" \/>\n\t<meta property=\"og:image:height\" content=\"457\" \/>\n\t<meta property=\"og:image:type\" content=\"image\/jpeg\" \/>\n<meta name=\"twitter:card\" content=\"summary_large_image\" \/>\n<meta name=\"twitter:label1\" content=\"Dur\u00e9e de lecture estim\u00e9e\" \/>\n\t<meta name=\"twitter:data1\" content=\"1 minute\" \/>\n<script type=\"application\/ld+json\" class=\"yoast-schema-graph\">{\"@context\":\"https:\/\/schema.org\",\"@graph\":[{\"@type\":\"WebPage\",\"@id\":\"https:\/\/profert.dz\/fr\/index.php\/produit\/tradeferro-k6\/\",\"url\":\"https:\/\/profert.dz\/fr\/index.php\/produit\/tradeferro-k6\/\",\"name\":\"Tradeferro\u00ae K6 - Profert\",\"isPartOf\":{\"@id\":\"https:\/\/profert.dz\/fr\/#website\"},\"primaryImageOfPage\":{\"@id\":\"https:\/\/profert.dz\/fr\/index.php\/produit\/tradeferro-k6\/#primaryimage\"},\"image\":{\"@id\":\"https:\/\/profert.dz\/fr\/index.php\/produit\/tradeferro-k6\/#primaryimage\"},\"thumbnailUrl\":\"https:\/\/profert.dz\/fr\/wp-content\/uploads\/2020\/08\/Profert-Tradeferro-K6.jpg\",\"datePublished\":\"2020-08-12T13:18:25+00:00\",\"dateModified\":\"2025-09-16T08:08:12+00:00\",\"breadcrumb\":{\"@id\":\"https:\/\/profert.dz\/fr\/index.php\/produit\/tradeferro-k6\/#breadcrumb\"},\"inLanguage\":\"fr-FR\",\"potentialAction\":[{\"@type\":\"ReadAction\",\"target\":[\"https:\/\/profert.dz\/fr\/index.php\/produit\/tradeferro-k6\/\"]}]},{\"@type\":\"ImageObject\",\"inLanguage\":\"fr-FR\",\"@id\":\"https:\/\/profert.dz\/fr\/index.php\/produit\/tradeferro-k6\/#primaryimage\",\"url\":\"https:\/\/profert.dz\/fr\/wp-content\/uploads\/2020\/08\/Profert-Tradeferro-K6.jpg\",\"contentUrl\":\"https:\/\/profert.dz\/fr\/wp-content\/uploads\/2020\/08\/Profert-Tradeferro-K6.jpg\",\"width\":500,\"height\":457},{\"@type\":\"BreadcrumbList\",\"@id\":\"https:\/\/profert.dz\/fr\/index.php\/produit\/tradeferro-k6\/#breadcrumb\",\"itemListElement\":[{\"@type\":\"ListItem\",\"position\":1,\"name\":\"Accueil\",\"item\":\"https:\/\/profert.dz\/fr\/\"},{\"@type\":\"ListItem\",\"position\":2,\"name\":\"Produits\",\"item\":\"https:\/\/profert.dz\/fr\/index.php\/boutique\/\"},{\"@type\":\"ListItem\",\"position\":3,\"name\":\"Tradeferro\u00ae K6\"}]},{\"@type\":\"WebSite\",\"@id\":\"https:\/\/profert.dz\/fr\/#website\",\"url\":\"https:\/\/profert.dz\/fr\/\",\"name\":\"Profert.dz\",\"description\":\"Agriculture Alg\u00e9rie\",\"potentialAction\":[{\"@type\":\"SearchAction\",\"target\":{\"@type\":\"EntryPoint\",\"urlTemplate\":\"https:\/\/profert.dz\/fr\/?s={search_term_string}\"},\"query-input\":{\"@type\":\"PropertyValueSpecification\",\"valueRequired\":true,\"valueName\":\"search_term_string\"}}],\"inLanguage\":\"fr-FR\"}]}<\/script>\n<!-- \/ Yoast SEO plugin. -->","yoast_head_json":{"title":"Tradeferro\u00ae K6 - Profert","robots":{"index":"index","follow":"follow","max-snippet":"max-snippet:-1","max-image-preview":"max-image-preview:large","max-video-preview":"max-video-preview:-1"},"canonical":"https:\/\/profert.dz\/fr\/index.php\/produit\/tradeferro-k6\/","og_locale":"fr_FR","og_type":"article","og_title":"Tradeferro\u00ae K6 - Profert","og_description":"Ch\u00e9late de Fer EDDHA microsoluble pour\u00a0 pr\u00e9venir et corriger les carences en Fer (Fe) dans les sols alcalins Composition Fer (Fe) ch\u00e9lat\u00e9 par EDDHA : 6% p\/p. Formulation Micro-granule (WG). Description Tradeferro\u00ae K6 est un fer ch\u00e9lat\u00e9 \u00e0 l\u2019EDDHA. Il se pr\u00e9sente sous forme de microgranul\u00e9s (wg) solubles dans l\u2019eau. Tradeferro\u00ae K6 pr\u00e9vient et corrige la chlorose en fer , dans tous types de sols et en toutes conditions. Tradeferro\u00ae K6 a une persistance d\u2019action et une stabilit\u00e9 prolong\u00e9e. Il agit rapidement. Principaux avantages \u2022 La technologie de Tradecorp garantit une protection maximale du fer par l\u2019agent ch\u00e9latant. \u2022 Efficacit\u00e9 maximale avec des doses plus faibles. \u2022 Excellente compatibilit\u00e9 avec la plupart des engrais et produits phytosanitaires. \u2022 Solubilit\u00e9 totale et instantan\u00e9e dans tous types d\u2019eau. Doses d\u2019emploi   Compatibilit\u00e9 Compatible avec la plupart des engrais et produits phytosanitaires couramment utilis\u00e9s. \u2022 \u00c9viter les m\u00e9langes avec les produits acides. \u2022 Avant tout m\u00e9lange, fair e un test pr\u00e9alable.","og_url":"https:\/\/profert.dz\/fr\/index.php\/produit\/tradeferro-k6\/","og_site_name":"Profert","article_modified_time":"2025-09-16T08:08:12+00:00","og_image":[{"width":500,"height":457,"url":"https:\/\/profert.dz\/fr\/wp-content\/uploads\/2020\/08\/Profert-Tradeferro-K6.jpg","type":"image\/jpeg"}],"twitter_card":"summary_large_image","twitter_misc":{"Dur\u00e9e de lecture estim\u00e9e":"1 minute"},"schema":{"@context":"https:\/\/schema.org","@graph":[{"@type":"WebPage","@id":"https:\/\/profert.dz\/fr\/index.php\/produit\/tradeferro-k6\/","url":"https:\/\/profert.dz\/fr\/index.php\/produit\/tradeferro-k6\/","name":"Tradeferro\u00ae K6 - Profert","isPartOf":{"@id":"https:\/\/profert.dz\/fr\/#website"},"primaryImageOfPage":{"@id":"https:\/\/profert.dz\/fr\/index.php\/produit\/tradeferro-k6\/#primaryimage"},"image":{"@id":"https:\/\/profert.dz\/fr\/index.php\/produit\/tradeferro-k6\/#primaryimage"},"thumbnailUrl":"https:\/\/profert.dz\/fr\/wp-content\/uploads\/2020\/08\/Profert-Tradeferro-K6.jpg","datePublished":"2020-08-12T13:18:25+00:00","dateModified":"2025-09-16T08:08:12+00:00","breadcrumb":{"@id":"https:\/\/profert.dz\/fr\/index.php\/produit\/tradeferro-k6\/#breadcrumb"},"inLanguage":"fr-FR","potentialAction":[{"@type":"ReadAction","target":["https:\/\/profert.dz\/fr\/index.php\/produit\/tradeferro-k6\/"]}]},{"@type":"ImageObject","inLanguage":"fr-FR","@id":"https:\/\/profert.dz\/fr\/index.php\/produit\/tradeferro-k6\/#primaryimage","url":"https:\/\/profert.dz\/fr\/wp-content\/uploads\/2020\/08\/Profert-Tradeferro-K6.jpg","contentUrl":"https:\/\/profert.dz\/fr\/wp-content\/uploads\/2020\/08\/Profert-Tradeferro-K6.jpg","width":500,"height":457},{"@type":"BreadcrumbList","@id":"https:\/\/profert.dz\/fr\/index.php\/produit\/tradeferro-k6\/#breadcrumb","itemListElement":[{"@type":"ListItem","position":1,"name":"Accueil","item":"https:\/\/profert.dz\/fr\/"},{"@type":"ListItem","position":2,"name":"Produits","item":"https:\/\/profert.dz\/fr\/index.php\/boutique\/"},{"@type":"ListItem","position":3,"name":"Tradeferro\u00ae K6"}]},{"@type":"WebSite","@id":"https:\/\/profert.dz\/fr\/#website","url":"https:\/\/profert.dz\/fr\/","name":"Profert.dz","description":"Agriculture Alg\u00e9rie","potentialAction":[{"@type":"SearchAction","target":{"@type":"EntryPoint","urlTemplate":"https:\/\/profert.dz\/fr\/?s={search_term_string}"},"query-input":{"@type":"PropertyValueSpecification","valueRequired":true,"valueName":"search_term_string"}}],"inLanguage":"fr-FR"}]}},"_links":{"self":[{"href":"https:\/\/profert.dz\/fr\/index.php\/wp-json\/wp\/v2\/product\/22243"}],"collection":[{"href":"https:\/\/profert.dz\/fr\/index.php\/wp-json\/wp\/v2\/product"}],"about":[{"href":"https:\/\/profert.dz\/fr\/index.php\/wp-json\/wp\/v2\/types\/product"}],"wp:featuredmedia":[{"embeddable":true,"href":"https:\/\/profert.dz\/fr\/index.php\/wp-json\/wp\/v2\/media\/22301"}],"wp:attachment":[{"href":"https:\/\/profert.dz\/fr\/index.php\/wp-json\/wp\/v2\/media?parent=22243"}],"wp:term":[{"taxonomy":"product_brand","embeddable":true,"href":"https:\/\/profert.dz\/fr\/index.php\/wp-json\/wp\/v2\/product_brand?post=22243"},{"taxonomy":"product_cat","embeddable":true,"href":"https:\/\/profert.dz\/fr\/index.php\/wp-json\/wp\/v2\/product_cat?post=22243"},{"taxonomy":"product_tag","embeddable":true,"href":"https:\/\/profert.dz\/fr\/index.php\/wp-json\/wp\/v2\/product_tag?post=22243"}],"curies":[{"name":"wp","href":"https:\/\/api.w.org\/{rel}","templated":true}]}}