{"id":22237,"date":"2020-08-12T12:20:49","date_gmt":"2020-08-12T10:20:49","guid":{"rendered":"http:\/\/profert.dz\/fr\/?post_type=product&#038;p=22237"},"modified":"2025-09-16T09:37:42","modified_gmt":"2025-09-16T07:37:42","slug":"phylgreen-alya","status":"publish","type":"product","link":"https:\/\/profert.dz\/fr\/index.php\/produit\/phylgreen-alya\/","title":{"rendered":"Phylgreen<sup>\u00ae<\/sup> alya"},"content":{"rendered":"","protected":false},"excerpt":{"rendered":"<h3>Le bore sublim\u00e9 par l\u2019extrait d\u2019algues Ascophyllum nodosum<\/h3>\n<p><strong>Composition<\/strong><br \/>\n<strong>Extraits d\u2019algues (Ascophyllum nodosum) :<\/strong> 13,5% p\/p (17,5% p\/v).<br \/>\n<strong>Bore (B) :<\/strong> 9,2% p\/p (12% p\/v).<\/p>\n<p><strong>Formulation<\/strong><br \/>\nConcentr\u00e9 soluble (SL).<\/p>\n<p><strong>Description<\/strong><br \/>\n<strong>Phylgreen<sup>\u00ae<\/sup> alya<\/strong> est un produit biostimulant formul\u00e9 \u00e0 base de l\u2019extrait d\u2019algues Ascophyllum nodosum et de bore.<\/p>\n<p><strong>Principaux avantages<\/strong><br \/>\n<strong>Phylgreen<sup>\u00ae<\/sup> alya<\/strong> contient un extrait de l\u2019algue Ascophyllum nodosum obtenue par extraction \u00e0 froid (gentle extraction) .<br \/>\n<strong>Phylgreen<sup>\u00ae<\/sup> alya\u00a0<\/strong>favorise la floraison et la nouaison gr\u00e2ce \u00e0 une forte teneur en bore et lutte contre toute forme de stress : gel, forte chaleur , salinit\u00e9, stress hydrique, maladies, insectes et traitements phytosanitaires.<br \/>\n<strong>Phylgreen<sup>\u00ae<\/sup> alya<\/strong> favorise la croissance des jeunes tissus, la fertilit\u00e9 des grains de pollen et permet une bonne f\u00e9condation.<\/p>\n<p><strong>Doses d\u2019emploi<\/strong><br \/>\n<img decoding=\"async\" class=\"alignnone size-full wp-image-22239\" src=\"http:\/\/profert.dz\/fr\/wp-content\/uploads\/2020\/08\/Tab-3-Phylgreen-Alya.jpg\" alt=\"\" width=\"800\" height=\"243\" srcset=\"https:\/\/profert.dz\/fr\/wp-content\/uploads\/2020\/08\/Tab-3-Phylgreen-Alya-120x36.jpg 120w, https:\/\/profert.dz\/fr\/wp-content\/uploads\/2020\/08\/Tab-3-Phylgreen-Alya-200x61.jpg 200w, https:\/\/profert.dz\/fr\/wp-content\/uploads\/2020\/08\/Tab-3-Phylgreen-Alya-300x91.jpg 300w, https:\/\/profert.dz\/fr\/wp-content\/uploads\/2020\/08\/Tab-3-Phylgreen-Alya-400x122.jpg 400w, https:\/\/profert.dz\/fr\/wp-content\/uploads\/2020\/08\/Tab-3-Phylgreen-Alya-500x152.jpg 500w, https:\/\/profert.dz\/fr\/wp-content\/uploads\/2020\/08\/Tab-3-Phylgreen-Alya-600x182.jpg 600w, https:\/\/profert.dz\/fr\/wp-content\/uploads\/2020\/08\/Tab-3-Phylgreen-Alya-700x213.jpg 700w, https:\/\/profert.dz\/fr\/wp-content\/uploads\/2020\/08\/Tab-3-Phylgreen-Alya-768x233.jpg 768w, https:\/\/profert.dz\/fr\/wp-content\/uploads\/2020\/08\/Tab-3-Phylgreen-Alya.jpg 800w\" sizes=\"(max-width: 800px) 100vw, 800px\" \/><\/p>\n<p><strong>Compatibilit\u00e9<\/strong><br \/>\n<strong>Phylgreen<sup>\u00ae<\/sup> alya<\/strong> est compatible avec la plupart des engrais et produits phytosanitaires couramment utilis\u00e9s.<br \/>\n\u2022 Ne pas m\u00e9langer avec les produits \u00e0 base de cuivre.<br \/>\n\u2022 Nous recommandons de fair e un test avant tout m\u00e9lange.<br \/>\n\u2022 Pour une efficacit\u00e9 maximale, traiter sur feuille s\u00e8che.<br \/>\n\u2022 Pr\u00e9voir de traiter 3 \u00e0 4 heur es avant toute pluie ou irrigation par aspersion.<br \/>\n\u2022 Traiter de pr\u00e9f\u00e9rence en fn de jour n\u00e9e ou t\u00f4t le matin.<\/p>\n","protected":false},"featured_media":22302,"template":"","meta":[],"product_brand":[],"product_cat":[77],"product_tag":[],"class_list":{"0":"post-22237","1":"product","2":"type-product","3":"status-publish","4":"has-post-thumbnail","6":"product_cat-biostimulant","8":"first","9":"instock","10":"shipping-taxable","11":"product-type-simple"},"yoast_head":"<!-- This site is optimized with the Yoast SEO plugin v25.6 - https:\/\/yoast.com\/wordpress\/plugins\/seo\/ -->\n<title>Phylgreen\u00ae alya - Profert<\/title>\n<meta name=\"robots\" content=\"index, follow, max-snippet:-1, max-image-preview:large, max-video-preview:-1\" \/>\n<link rel=\"canonical\" href=\"https:\/\/profert.dz\/fr\/index.php\/produit\/phylgreen-alya\/\" \/>\n<meta property=\"og:locale\" content=\"fr_FR\" \/>\n<meta property=\"og:type\" content=\"article\" \/>\n<meta property=\"og:title\" content=\"Phylgreen\u00ae alya - Profert\" \/>\n<meta property=\"og:description\" content=\"Le bore sublim\u00e9 par l\u2019extrait d\u2019algues Ascophyllum nodosum Composition Extraits d\u2019algues (Ascophyllum nodosum) : 13,5% p\/p (17,5% p\/v). Bore (B) : 9,2% p\/p (12% p\/v).  Formulation Concentr\u00e9 soluble (SL).  Description Phylgreen\u00ae alya est un produit biostimulant formul\u00e9 \u00e0 base de l\u2019extrait d\u2019algues Ascophyllum nodosum et de bore.  Principaux avantages Phylgreen\u00ae alya contient un extrait de l\u2019algue Ascophyllum nodosum obtenue par extraction \u00e0 froid (gentle extraction) . Phylgreen\u00ae alya\u00a0favorise la floraison et la nouaison gr\u00e2ce \u00e0 une forte teneur en bore et lutte contre toute forme de stress : gel, forte chaleur , salinit\u00e9, stress hydrique, maladies, insectes et traitements phytosanitaires. Phylgreen\u00ae alya favorise la croissance des jeunes tissus, la fertilit\u00e9 des grains de pollen et permet une bonne f\u00e9condation.  Doses d\u2019emploi   Compatibilit\u00e9 Phylgreen\u00ae alya est compatible avec la plupart des engrais et produits phytosanitaires couramment utilis\u00e9s. \u2022 Ne pas m\u00e9langer avec les produits \u00e0 base de cuivre. \u2022 Nous recommandons de fair e un test avant tout m\u00e9lange. \u2022 Pour une efficacit\u00e9 maximale, traiter sur feuille s\u00e8che. \u2022 Pr\u00e9voir de traiter 3 \u00e0 4 heur es avant toute pluie ou irrigation par aspersion. \u2022 Traiter de pr\u00e9f\u00e9rence en fn de jour n\u00e9e ou t\u00f4t le matin.\" \/>\n<meta property=\"og:url\" content=\"https:\/\/profert.dz\/fr\/index.php\/produit\/phylgreen-alya\/\" \/>\n<meta property=\"og:site_name\" content=\"Profert\" \/>\n<meta property=\"article:modified_time\" content=\"2025-09-16T07:37:42+00:00\" \/>\n<meta property=\"og:image\" content=\"https:\/\/profert.dz\/fr\/wp-content\/uploads\/2020\/08\/Profert-Phylgreen-alya.jpg\" \/>\n\t<meta property=\"og:image:width\" content=\"500\" \/>\n\t<meta property=\"og:image:height\" content=\"457\" \/>\n\t<meta property=\"og:image:type\" content=\"image\/jpeg\" \/>\n<meta name=\"twitter:card\" content=\"summary_large_image\" \/>\n<meta name=\"twitter:label1\" content=\"Dur\u00e9e de lecture estim\u00e9e\" \/>\n\t<meta name=\"twitter:data1\" content=\"1 minute\" \/>\n<script type=\"application\/ld+json\" class=\"yoast-schema-graph\">{\"@context\":\"https:\/\/schema.org\",\"@graph\":[{\"@type\":\"WebPage\",\"@id\":\"https:\/\/profert.dz\/fr\/index.php\/produit\/phylgreen-alya\/\",\"url\":\"https:\/\/profert.dz\/fr\/index.php\/produit\/phylgreen-alya\/\",\"name\":\"Phylgreen\u00ae alya - Profert\",\"isPartOf\":{\"@id\":\"https:\/\/profert.dz\/fr\/#website\"},\"primaryImageOfPage\":{\"@id\":\"https:\/\/profert.dz\/fr\/index.php\/produit\/phylgreen-alya\/#primaryimage\"},\"image\":{\"@id\":\"https:\/\/profert.dz\/fr\/index.php\/produit\/phylgreen-alya\/#primaryimage\"},\"thumbnailUrl\":\"https:\/\/profert.dz\/fr\/wp-content\/uploads\/2020\/08\/Profert-Phylgreen-alya.jpg\",\"datePublished\":\"2020-08-12T10:20:49+00:00\",\"dateModified\":\"2025-09-16T07:37:42+00:00\",\"breadcrumb\":{\"@id\":\"https:\/\/profert.dz\/fr\/index.php\/produit\/phylgreen-alya\/#breadcrumb\"},\"inLanguage\":\"fr-FR\",\"potentialAction\":[{\"@type\":\"ReadAction\",\"target\":[\"https:\/\/profert.dz\/fr\/index.php\/produit\/phylgreen-alya\/\"]}]},{\"@type\":\"ImageObject\",\"inLanguage\":\"fr-FR\",\"@id\":\"https:\/\/profert.dz\/fr\/index.php\/produit\/phylgreen-alya\/#primaryimage\",\"url\":\"https:\/\/profert.dz\/fr\/wp-content\/uploads\/2020\/08\/Profert-Phylgreen-alya.jpg\",\"contentUrl\":\"https:\/\/profert.dz\/fr\/wp-content\/uploads\/2020\/08\/Profert-Phylgreen-alya.jpg\",\"width\":500,\"height\":457},{\"@type\":\"BreadcrumbList\",\"@id\":\"https:\/\/profert.dz\/fr\/index.php\/produit\/phylgreen-alya\/#breadcrumb\",\"itemListElement\":[{\"@type\":\"ListItem\",\"position\":1,\"name\":\"Accueil\",\"item\":\"https:\/\/profert.dz\/fr\/\"},{\"@type\":\"ListItem\",\"position\":2,\"name\":\"Produits\",\"item\":\"https:\/\/profert.dz\/fr\/index.php\/boutique\/\"},{\"@type\":\"ListItem\",\"position\":3,\"name\":\"Phylgreen\u00ae alya\"}]},{\"@type\":\"WebSite\",\"@id\":\"https:\/\/profert.dz\/fr\/#website\",\"url\":\"https:\/\/profert.dz\/fr\/\",\"name\":\"Profert.dz\",\"description\":\"Agriculture Alg\u00e9rie\",\"potentialAction\":[{\"@type\":\"SearchAction\",\"target\":{\"@type\":\"EntryPoint\",\"urlTemplate\":\"https:\/\/profert.dz\/fr\/?s={search_term_string}\"},\"query-input\":{\"@type\":\"PropertyValueSpecification\",\"valueRequired\":true,\"valueName\":\"search_term_string\"}}],\"inLanguage\":\"fr-FR\"}]}<\/script>\n<!-- \/ Yoast SEO plugin. -->","yoast_head_json":{"title":"Phylgreen\u00ae alya - Profert","robots":{"index":"index","follow":"follow","max-snippet":"max-snippet:-1","max-image-preview":"max-image-preview:large","max-video-preview":"max-video-preview:-1"},"canonical":"https:\/\/profert.dz\/fr\/index.php\/produit\/phylgreen-alya\/","og_locale":"fr_FR","og_type":"article","og_title":"Phylgreen\u00ae alya - Profert","og_description":"Le bore sublim\u00e9 par l\u2019extrait d\u2019algues Ascophyllum nodosum Composition Extraits d\u2019algues (Ascophyllum nodosum) : 13,5% p\/p (17,5% p\/v). Bore (B) : 9,2% p\/p (12% p\/v).  Formulation Concentr\u00e9 soluble (SL).  Description Phylgreen\u00ae alya est un produit biostimulant formul\u00e9 \u00e0 base de l\u2019extrait d\u2019algues Ascophyllum nodosum et de bore.  Principaux avantages Phylgreen\u00ae alya contient un extrait de l\u2019algue Ascophyllum nodosum obtenue par extraction \u00e0 froid (gentle extraction) . Phylgreen\u00ae alya\u00a0favorise la floraison et la nouaison gr\u00e2ce \u00e0 une forte teneur en bore et lutte contre toute forme de stress : gel, forte chaleur , salinit\u00e9, stress hydrique, maladies, insectes et traitements phytosanitaires. Phylgreen\u00ae alya favorise la croissance des jeunes tissus, la fertilit\u00e9 des grains de pollen et permet une bonne f\u00e9condation.  Doses d\u2019emploi   Compatibilit\u00e9 Phylgreen\u00ae alya est compatible avec la plupart des engrais et produits phytosanitaires couramment utilis\u00e9s. \u2022 Ne pas m\u00e9langer avec les produits \u00e0 base de cuivre. \u2022 Nous recommandons de fair e un test avant tout m\u00e9lange. \u2022 Pour une efficacit\u00e9 maximale, traiter sur feuille s\u00e8che. \u2022 Pr\u00e9voir de traiter 3 \u00e0 4 heur es avant toute pluie ou irrigation par aspersion. \u2022 Traiter de pr\u00e9f\u00e9rence en fn de jour n\u00e9e ou t\u00f4t le matin.","og_url":"https:\/\/profert.dz\/fr\/index.php\/produit\/phylgreen-alya\/","og_site_name":"Profert","article_modified_time":"2025-09-16T07:37:42+00:00","og_image":[{"width":500,"height":457,"url":"https:\/\/profert.dz\/fr\/wp-content\/uploads\/2020\/08\/Profert-Phylgreen-alya.jpg","type":"image\/jpeg"}],"twitter_card":"summary_large_image","twitter_misc":{"Dur\u00e9e de lecture estim\u00e9e":"1 minute"},"schema":{"@context":"https:\/\/schema.org","@graph":[{"@type":"WebPage","@id":"https:\/\/profert.dz\/fr\/index.php\/produit\/phylgreen-alya\/","url":"https:\/\/profert.dz\/fr\/index.php\/produit\/phylgreen-alya\/","name":"Phylgreen\u00ae alya - Profert","isPartOf":{"@id":"https:\/\/profert.dz\/fr\/#website"},"primaryImageOfPage":{"@id":"https:\/\/profert.dz\/fr\/index.php\/produit\/phylgreen-alya\/#primaryimage"},"image":{"@id":"https:\/\/profert.dz\/fr\/index.php\/produit\/phylgreen-alya\/#primaryimage"},"thumbnailUrl":"https:\/\/profert.dz\/fr\/wp-content\/uploads\/2020\/08\/Profert-Phylgreen-alya.jpg","datePublished":"2020-08-12T10:20:49+00:00","dateModified":"2025-09-16T07:37:42+00:00","breadcrumb":{"@id":"https:\/\/profert.dz\/fr\/index.php\/produit\/phylgreen-alya\/#breadcrumb"},"inLanguage":"fr-FR","potentialAction":[{"@type":"ReadAction","target":["https:\/\/profert.dz\/fr\/index.php\/produit\/phylgreen-alya\/"]}]},{"@type":"ImageObject","inLanguage":"fr-FR","@id":"https:\/\/profert.dz\/fr\/index.php\/produit\/phylgreen-alya\/#primaryimage","url":"https:\/\/profert.dz\/fr\/wp-content\/uploads\/2020\/08\/Profert-Phylgreen-alya.jpg","contentUrl":"https:\/\/profert.dz\/fr\/wp-content\/uploads\/2020\/08\/Profert-Phylgreen-alya.jpg","width":500,"height":457},{"@type":"BreadcrumbList","@id":"https:\/\/profert.dz\/fr\/index.php\/produit\/phylgreen-alya\/#breadcrumb","itemListElement":[{"@type":"ListItem","position":1,"name":"Accueil","item":"https:\/\/profert.dz\/fr\/"},{"@type":"ListItem","position":2,"name":"Produits","item":"https:\/\/profert.dz\/fr\/index.php\/boutique\/"},{"@type":"ListItem","position":3,"name":"Phylgreen\u00ae alya"}]},{"@type":"WebSite","@id":"https:\/\/profert.dz\/fr\/#website","url":"https:\/\/profert.dz\/fr\/","name":"Profert.dz","description":"Agriculture Alg\u00e9rie","potentialAction":[{"@type":"SearchAction","target":{"@type":"EntryPoint","urlTemplate":"https:\/\/profert.dz\/fr\/?s={search_term_string}"},"query-input":{"@type":"PropertyValueSpecification","valueRequired":true,"valueName":"search_term_string"}}],"inLanguage":"fr-FR"}]}},"_links":{"self":[{"href":"https:\/\/profert.dz\/fr\/index.php\/wp-json\/wp\/v2\/product\/22237"}],"collection":[{"href":"https:\/\/profert.dz\/fr\/index.php\/wp-json\/wp\/v2\/product"}],"about":[{"href":"https:\/\/profert.dz\/fr\/index.php\/wp-json\/wp\/v2\/types\/product"}],"wp:featuredmedia":[{"embeddable":true,"href":"https:\/\/profert.dz\/fr\/index.php\/wp-json\/wp\/v2\/media\/22302"}],"wp:attachment":[{"href":"https:\/\/profert.dz\/fr\/index.php\/wp-json\/wp\/v2\/media?parent=22237"}],"wp:term":[{"taxonomy":"product_brand","embeddable":true,"href":"https:\/\/profert.dz\/fr\/index.php\/wp-json\/wp\/v2\/product_brand?post=22237"},{"taxonomy":"product_cat","embeddable":true,"href":"https:\/\/profert.dz\/fr\/index.php\/wp-json\/wp\/v2\/product_cat?post=22237"},{"taxonomy":"product_tag","embeddable":true,"href":"https:\/\/profert.dz\/fr\/index.php\/wp-json\/wp\/v2\/product_tag?post=22237"}],"curies":[{"name":"wp","href":"https:\/\/api.w.org\/{rel}","templated":true}]}}