{"id":22234,"date":"2020-08-12T12:05:30","date_gmt":"2020-08-12T10:05:30","guid":{"rendered":"http:\/\/profert.dz\/fr\/?post_type=product&#038;p=22234"},"modified":"2025-09-16T09:39:57","modified_gmt":"2025-09-16T07:39:57","slug":"phylgreen-electra","status":"publish","type":"product","link":"https:\/\/profert.dz\/fr\/index.php\/produit\/phylgreen-electra\/","title":{"rendered":"Phylgreen<sup>\u00ae<\/sup> electra"},"content":{"rendered":"","protected":false},"excerpt":{"rendered":"<h3>Le calcium associ\u00e9 \u00e0 l\u2019extrait d\u2019algues Ascophyllum nodosum<\/h3>\n<p><strong>Composition<\/strong><br \/>\n<strong>Extrait d\u00b4algues:<\/strong> 50 % p\/p (60% p\/v).<br \/>\n<strong>Calcium (CaO) soluble dans l\u2019eau:<\/strong> 7,8% p\/p (9,4% p\/v).<br \/>\n<strong>Bore (B) soluble dans l\u2019eau:<\/strong> 0,2% p\/p (0,24% p\/v).<\/p>\n<p><strong>Formulation<\/strong><br \/>\n<strong>Concentr \u00e9 soluble (SL).<\/strong><\/p>\n<p><strong>Description<\/strong><br \/>\n<strong>Phylgreen<sup>\u00ae<\/sup> electra<\/strong> est un produit biostimulant formul\u00e9 \u00e0 base de l\u2019extrait d\u2019algues Ascophyllum nodosum, obtenu par la m\u00e9thode d\u2019extraction \u00e0 froid, du calcium et du bore.<br \/>\n<strong>Phylgreen<sup>\u00ae<\/sup> electra\u00a0<\/strong>contient du calcium dont la bio-disponibilit\u00e9 est \u00e9lev\u00e9e gr\u00e2ce \u00e0 son association \u00e0 l\u2019extrait d\u2019algues et au bore.<br \/>\n<strong>Phylgreen<sup>\u00ae<\/sup> electra\u00a0<\/strong>nourrit la plante en calcium et la prot\u00e8ge des effets n\u00e9gatifs des conditions extr\u00eames du stress.<\/p>\n<p><strong>Principaux avantages<\/strong><br \/>\n\u2022 <strong>Phylgreen<sup>\u00ae<\/sup> electra<\/strong> contient un extrait de l\u2019algue Ascophyllum nodosum obtenue par extraction \u00e0 froid (gentle extraction).<br \/>\n\u2022 <strong>Phylgreen<sup>\u00ae<\/sup> electra<\/strong> contient des nutriments bio-disponibles et assimilables gr\u00e2ce \u00e0 l\u2019\u00e9xtrait d\u2019algues.<br \/>\n\u2022 <strong>Phylgreen<sup>\u00ae<\/sup> electra\u00a0<\/strong>nourrit en calcium et corrige les d\u00e9sordres physiologiques dus au manque de calcium.<br \/>\n\u2022 <strong>Phylgreen<sup>\u00ae<\/sup> electra<\/strong> est facilement et rapidement assimil\u00e9 par la plante.<\/p>\n<p><strong>Doses d\u2019emploi<\/strong><br \/>\n<img decoding=\"async\" class=\"alignnone size-full wp-image-22236\" src=\"http:\/\/profert.dz\/fr\/wp-content\/uploads\/2020\/08\/Tab-2-Phylgreen-Electra.jpg\" alt=\"\" width=\"800\" height=\"254\" srcset=\"https:\/\/profert.dz\/fr\/wp-content\/uploads\/2020\/08\/Tab-2-Phylgreen-Electra-120x38.jpg 120w, https:\/\/profert.dz\/fr\/wp-content\/uploads\/2020\/08\/Tab-2-Phylgreen-Electra-200x64.jpg 200w, https:\/\/profert.dz\/fr\/wp-content\/uploads\/2020\/08\/Tab-2-Phylgreen-Electra-300x95.jpg 300w, https:\/\/profert.dz\/fr\/wp-content\/uploads\/2020\/08\/Tab-2-Phylgreen-Electra-400x127.jpg 400w, https:\/\/profert.dz\/fr\/wp-content\/uploads\/2020\/08\/Tab-2-Phylgreen-Electra-500x159.jpg 500w, https:\/\/profert.dz\/fr\/wp-content\/uploads\/2020\/08\/Tab-2-Phylgreen-Electra-600x191.jpg 600w, https:\/\/profert.dz\/fr\/wp-content\/uploads\/2020\/08\/Tab-2-Phylgreen-Electra-700x222.jpg 700w, https:\/\/profert.dz\/fr\/wp-content\/uploads\/2020\/08\/Tab-2-Phylgreen-Electra-768x244.jpg 768w, https:\/\/profert.dz\/fr\/wp-content\/uploads\/2020\/08\/Tab-2-Phylgreen-Electra.jpg 800w\" sizes=\"(max-width: 800px) 100vw, 800px\" \/><\/p>\n<p><strong>Compatibilit\u00e9<\/strong><br \/>\n<strong>Phylgreen<sup>\u00ae<\/sup> electra<\/strong> est compatible avec la plupart des engrais et produits phytosanitaires couramment utilis\u00e9s.<br \/>\n\u2022 Ne pas m\u00e9langer avec les produits \u00e0 base de cuivre.<br \/>\n\u2022 Nous recommandons de fair e un test avant tout m\u00e9lange.<br \/>\n\u2022 Pour une efficacit\u00e9 maximale, traiter sur feuille s\u00e8che.<br \/>\n\u2022 Pr\u00e9voir de traiter 3 \u00e0 4 heur es avant toute pluie ou irrigation par aspersion.<br \/>\n\u2022 Traiter de pr\u00e9f\u00e9rence en fin de jour n\u00e9e ou t\u00f4t le matin.<\/p>\n","protected":false},"featured_media":22299,"template":"","meta":[],"product_brand":[],"product_cat":[77],"product_tag":[],"class_list":{"0":"post-22234","1":"product","2":"type-product","3":"status-publish","4":"has-post-thumbnail","6":"product_cat-biostimulant","8":"first","9":"instock","10":"shipping-taxable","11":"product-type-simple"},"yoast_head":"<!-- This site is optimized with the Yoast SEO plugin v25.6 - https:\/\/yoast.com\/wordpress\/plugins\/seo\/ -->\n<title>Phylgreen\u00ae electra - Profert<\/title>\n<meta name=\"robots\" content=\"index, follow, max-snippet:-1, max-image-preview:large, max-video-preview:-1\" \/>\n<link rel=\"canonical\" href=\"https:\/\/profert.dz\/fr\/index.php\/produit\/phylgreen-electra\/\" \/>\n<meta property=\"og:locale\" content=\"fr_FR\" \/>\n<meta property=\"og:type\" content=\"article\" \/>\n<meta property=\"og:title\" content=\"Phylgreen\u00ae electra - Profert\" \/>\n<meta property=\"og:description\" content=\"Le calcium associ\u00e9 \u00e0 l\u2019extrait d\u2019algues Ascophyllum nodosum Composition Extrait d\u00b4algues: 50 % p\/p (60% p\/v). Calcium (CaO) soluble dans l\u2019eau: 7,8% p\/p (9,4% p\/v). Bore (B) soluble dans l\u2019eau: 0,2% p\/p (0,24% p\/v).  Formulation Concentr \u00e9 soluble (SL).  Description Phylgreen\u00ae electra est un produit biostimulant formul\u00e9 \u00e0 base de l\u2019extrait d\u2019algues Ascophyllum nodosum, obtenu par la m\u00e9thode d\u2019extraction \u00e0 froid, du calcium et du bore. Phylgreen\u00ae electra\u00a0contient du calcium dont la bio-disponibilit\u00e9 est \u00e9lev\u00e9e gr\u00e2ce \u00e0 son association \u00e0 l\u2019extrait d\u2019algues et au bore. Phylgreen\u00ae electra\u00a0nourrit la plante en calcium et la prot\u00e8ge des effets n\u00e9gatifs des conditions extr\u00eames du stress.  Principaux avantages \u2022 Phylgreen\u00ae electra contient un extrait de l\u2019algue Ascophyllum nodosum obtenue par extraction \u00e0 froid (gentle extraction). \u2022 Phylgreen\u00ae electra contient des nutriments bio-disponibles et assimilables gr\u00e2ce \u00e0 l\u2019\u00e9xtrait d\u2019algues. \u2022 Phylgreen\u00ae electra\u00a0nourrit en calcium et corrige les d\u00e9sordres physiologiques dus au manque de calcium. \u2022 Phylgreen\u00ae electra est facilement et rapidement assimil\u00e9 par la plante.  Doses d\u2019emploi   Compatibilit\u00e9 Phylgreen\u00ae electra est compatible avec la plupart des engrais et produits phytosanitaires couramment utilis\u00e9s. \u2022 Ne pas m\u00e9langer avec les produits \u00e0 base de cuivre. \u2022 Nous recommandons de fair e un test avant tout m\u00e9lange. \u2022 Pour une efficacit\u00e9 maximale, traiter sur feuille s\u00e8che. \u2022 Pr\u00e9voir de traiter 3 \u00e0 4 heur es avant toute pluie ou irrigation par aspersion. \u2022 Traiter de pr\u00e9f\u00e9rence en fin de jour n\u00e9e ou t\u00f4t le matin.\" \/>\n<meta property=\"og:url\" content=\"https:\/\/profert.dz\/fr\/index.php\/produit\/phylgreen-electra\/\" \/>\n<meta property=\"og:site_name\" content=\"Profert\" \/>\n<meta property=\"article:modified_time\" content=\"2025-09-16T07:39:57+00:00\" \/>\n<meta property=\"og:image\" content=\"https:\/\/profert.dz\/fr\/wp-content\/uploads\/2020\/08\/Apercu-Phylgreen-Electra.jpg\" \/>\n\t<meta property=\"og:image:width\" content=\"500\" \/>\n\t<meta property=\"og:image:height\" content=\"457\" \/>\n\t<meta property=\"og:image:type\" content=\"image\/jpeg\" \/>\n<meta name=\"twitter:card\" content=\"summary_large_image\" \/>\n<meta name=\"twitter:label1\" content=\"Dur\u00e9e de lecture estim\u00e9e\" \/>\n\t<meta name=\"twitter:data1\" content=\"1 minute\" \/>\n<script type=\"application\/ld+json\" class=\"yoast-schema-graph\">{\"@context\":\"https:\/\/schema.org\",\"@graph\":[{\"@type\":\"WebPage\",\"@id\":\"https:\/\/profert.dz\/fr\/index.php\/produit\/phylgreen-electra\/\",\"url\":\"https:\/\/profert.dz\/fr\/index.php\/produit\/phylgreen-electra\/\",\"name\":\"Phylgreen\u00ae electra - Profert\",\"isPartOf\":{\"@id\":\"https:\/\/profert.dz\/fr\/#website\"},\"primaryImageOfPage\":{\"@id\":\"https:\/\/profert.dz\/fr\/index.php\/produit\/phylgreen-electra\/#primaryimage\"},\"image\":{\"@id\":\"https:\/\/profert.dz\/fr\/index.php\/produit\/phylgreen-electra\/#primaryimage\"},\"thumbnailUrl\":\"https:\/\/profert.dz\/fr\/wp-content\/uploads\/2020\/08\/Apercu-Phylgreen-Electra.jpg\",\"datePublished\":\"2020-08-12T10:05:30+00:00\",\"dateModified\":\"2025-09-16T07:39:57+00:00\",\"breadcrumb\":{\"@id\":\"https:\/\/profert.dz\/fr\/index.php\/produit\/phylgreen-electra\/#breadcrumb\"},\"inLanguage\":\"fr-FR\",\"potentialAction\":[{\"@type\":\"ReadAction\",\"target\":[\"https:\/\/profert.dz\/fr\/index.php\/produit\/phylgreen-electra\/\"]}]},{\"@type\":\"ImageObject\",\"inLanguage\":\"fr-FR\",\"@id\":\"https:\/\/profert.dz\/fr\/index.php\/produit\/phylgreen-electra\/#primaryimage\",\"url\":\"https:\/\/profert.dz\/fr\/wp-content\/uploads\/2020\/08\/Apercu-Phylgreen-Electra.jpg\",\"contentUrl\":\"https:\/\/profert.dz\/fr\/wp-content\/uploads\/2020\/08\/Apercu-Phylgreen-Electra.jpg\",\"width\":500,\"height\":457},{\"@type\":\"BreadcrumbList\",\"@id\":\"https:\/\/profert.dz\/fr\/index.php\/produit\/phylgreen-electra\/#breadcrumb\",\"itemListElement\":[{\"@type\":\"ListItem\",\"position\":1,\"name\":\"Accueil\",\"item\":\"https:\/\/profert.dz\/fr\/\"},{\"@type\":\"ListItem\",\"position\":2,\"name\":\"Produits\",\"item\":\"https:\/\/profert.dz\/fr\/index.php\/boutique\/\"},{\"@type\":\"ListItem\",\"position\":3,\"name\":\"Phylgreen\u00ae electra\"}]},{\"@type\":\"WebSite\",\"@id\":\"https:\/\/profert.dz\/fr\/#website\",\"url\":\"https:\/\/profert.dz\/fr\/\",\"name\":\"Profert.dz\",\"description\":\"Agriculture Alg\u00e9rie\",\"potentialAction\":[{\"@type\":\"SearchAction\",\"target\":{\"@type\":\"EntryPoint\",\"urlTemplate\":\"https:\/\/profert.dz\/fr\/?s={search_term_string}\"},\"query-input\":{\"@type\":\"PropertyValueSpecification\",\"valueRequired\":true,\"valueName\":\"search_term_string\"}}],\"inLanguage\":\"fr-FR\"}]}<\/script>\n<!-- \/ Yoast SEO plugin. -->","yoast_head_json":{"title":"Phylgreen\u00ae electra - Profert","robots":{"index":"index","follow":"follow","max-snippet":"max-snippet:-1","max-image-preview":"max-image-preview:large","max-video-preview":"max-video-preview:-1"},"canonical":"https:\/\/profert.dz\/fr\/index.php\/produit\/phylgreen-electra\/","og_locale":"fr_FR","og_type":"article","og_title":"Phylgreen\u00ae electra - Profert","og_description":"Le calcium associ\u00e9 \u00e0 l\u2019extrait d\u2019algues Ascophyllum nodosum Composition Extrait d\u00b4algues: 50 % p\/p (60% p\/v). Calcium (CaO) soluble dans l\u2019eau: 7,8% p\/p (9,4% p\/v). Bore (B) soluble dans l\u2019eau: 0,2% p\/p (0,24% p\/v).  Formulation Concentr \u00e9 soluble (SL).  Description Phylgreen\u00ae electra est un produit biostimulant formul\u00e9 \u00e0 base de l\u2019extrait d\u2019algues Ascophyllum nodosum, obtenu par la m\u00e9thode d\u2019extraction \u00e0 froid, du calcium et du bore. Phylgreen\u00ae electra\u00a0contient du calcium dont la bio-disponibilit\u00e9 est \u00e9lev\u00e9e gr\u00e2ce \u00e0 son association \u00e0 l\u2019extrait d\u2019algues et au bore. Phylgreen\u00ae electra\u00a0nourrit la plante en calcium et la prot\u00e8ge des effets n\u00e9gatifs des conditions extr\u00eames du stress.  Principaux avantages \u2022 Phylgreen\u00ae electra contient un extrait de l\u2019algue Ascophyllum nodosum obtenue par extraction \u00e0 froid (gentle extraction). \u2022 Phylgreen\u00ae electra contient des nutriments bio-disponibles et assimilables gr\u00e2ce \u00e0 l\u2019\u00e9xtrait d\u2019algues. \u2022 Phylgreen\u00ae electra\u00a0nourrit en calcium et corrige les d\u00e9sordres physiologiques dus au manque de calcium. \u2022 Phylgreen\u00ae electra est facilement et rapidement assimil\u00e9 par la plante.  Doses d\u2019emploi   Compatibilit\u00e9 Phylgreen\u00ae electra est compatible avec la plupart des engrais et produits phytosanitaires couramment utilis\u00e9s. \u2022 Ne pas m\u00e9langer avec les produits \u00e0 base de cuivre. \u2022 Nous recommandons de fair e un test avant tout m\u00e9lange. \u2022 Pour une efficacit\u00e9 maximale, traiter sur feuille s\u00e8che. \u2022 Pr\u00e9voir de traiter 3 \u00e0 4 heur es avant toute pluie ou irrigation par aspersion. \u2022 Traiter de pr\u00e9f\u00e9rence en fin de jour n\u00e9e ou t\u00f4t le matin.","og_url":"https:\/\/profert.dz\/fr\/index.php\/produit\/phylgreen-electra\/","og_site_name":"Profert","article_modified_time":"2025-09-16T07:39:57+00:00","og_image":[{"width":500,"height":457,"url":"https:\/\/profert.dz\/fr\/wp-content\/uploads\/2020\/08\/Apercu-Phylgreen-Electra.jpg","type":"image\/jpeg"}],"twitter_card":"summary_large_image","twitter_misc":{"Dur\u00e9e de lecture estim\u00e9e":"1 minute"},"schema":{"@context":"https:\/\/schema.org","@graph":[{"@type":"WebPage","@id":"https:\/\/profert.dz\/fr\/index.php\/produit\/phylgreen-electra\/","url":"https:\/\/profert.dz\/fr\/index.php\/produit\/phylgreen-electra\/","name":"Phylgreen\u00ae electra - Profert","isPartOf":{"@id":"https:\/\/profert.dz\/fr\/#website"},"primaryImageOfPage":{"@id":"https:\/\/profert.dz\/fr\/index.php\/produit\/phylgreen-electra\/#primaryimage"},"image":{"@id":"https:\/\/profert.dz\/fr\/index.php\/produit\/phylgreen-electra\/#primaryimage"},"thumbnailUrl":"https:\/\/profert.dz\/fr\/wp-content\/uploads\/2020\/08\/Apercu-Phylgreen-Electra.jpg","datePublished":"2020-08-12T10:05:30+00:00","dateModified":"2025-09-16T07:39:57+00:00","breadcrumb":{"@id":"https:\/\/profert.dz\/fr\/index.php\/produit\/phylgreen-electra\/#breadcrumb"},"inLanguage":"fr-FR","potentialAction":[{"@type":"ReadAction","target":["https:\/\/profert.dz\/fr\/index.php\/produit\/phylgreen-electra\/"]}]},{"@type":"ImageObject","inLanguage":"fr-FR","@id":"https:\/\/profert.dz\/fr\/index.php\/produit\/phylgreen-electra\/#primaryimage","url":"https:\/\/profert.dz\/fr\/wp-content\/uploads\/2020\/08\/Apercu-Phylgreen-Electra.jpg","contentUrl":"https:\/\/profert.dz\/fr\/wp-content\/uploads\/2020\/08\/Apercu-Phylgreen-Electra.jpg","width":500,"height":457},{"@type":"BreadcrumbList","@id":"https:\/\/profert.dz\/fr\/index.php\/produit\/phylgreen-electra\/#breadcrumb","itemListElement":[{"@type":"ListItem","position":1,"name":"Accueil","item":"https:\/\/profert.dz\/fr\/"},{"@type":"ListItem","position":2,"name":"Produits","item":"https:\/\/profert.dz\/fr\/index.php\/boutique\/"},{"@type":"ListItem","position":3,"name":"Phylgreen\u00ae electra"}]},{"@type":"WebSite","@id":"https:\/\/profert.dz\/fr\/#website","url":"https:\/\/profert.dz\/fr\/","name":"Profert.dz","description":"Agriculture Alg\u00e9rie","potentialAction":[{"@type":"SearchAction","target":{"@type":"EntryPoint","urlTemplate":"https:\/\/profert.dz\/fr\/?s={search_term_string}"},"query-input":{"@type":"PropertyValueSpecification","valueRequired":true,"valueName":"search_term_string"}}],"inLanguage":"fr-FR"}]}},"_links":{"self":[{"href":"https:\/\/profert.dz\/fr\/index.php\/wp-json\/wp\/v2\/product\/22234"}],"collection":[{"href":"https:\/\/profert.dz\/fr\/index.php\/wp-json\/wp\/v2\/product"}],"about":[{"href":"https:\/\/profert.dz\/fr\/index.php\/wp-json\/wp\/v2\/types\/product"}],"wp:featuredmedia":[{"embeddable":true,"href":"https:\/\/profert.dz\/fr\/index.php\/wp-json\/wp\/v2\/media\/22299"}],"wp:attachment":[{"href":"https:\/\/profert.dz\/fr\/index.php\/wp-json\/wp\/v2\/media?parent=22234"}],"wp:term":[{"taxonomy":"product_brand","embeddable":true,"href":"https:\/\/profert.dz\/fr\/index.php\/wp-json\/wp\/v2\/product_brand?post=22234"},{"taxonomy":"product_cat","embeddable":true,"href":"https:\/\/profert.dz\/fr\/index.php\/wp-json\/wp\/v2\/product_cat?post=22234"},{"taxonomy":"product_tag","embeddable":true,"href":"https:\/\/profert.dz\/fr\/index.php\/wp-json\/wp\/v2\/product_tag?post=22234"}],"curies":[{"name":"wp","href":"https:\/\/api.w.org\/{rel}","templated":true}]}}