{"id":22138,"date":"2020-08-02T17:12:44","date_gmt":"2020-08-02T15:12:44","guid":{"rendered":"http:\/\/profert.dz\/fr\/?post_type=product&#038;p=22138"},"modified":"2025-09-16T09:57:28","modified_gmt":"2025-09-16T07:57:28","slug":"regulateur-de-croissance","status":"publish","type":"product","link":"https:\/\/profert.dz\/fr\/index.php\/produit\/regulateur-de-croissance\/","title":{"rendered":"Presto<sup>\u00ae<\/sup>"},"content":{"rendered":"<div class=\"fusion-fullwidth fullwidth-box fusion-builder-row-1 nonhundred-percent-fullwidth non-hundred-percent-height-scrolling\" style=\"--awb-border-radius-top-left:0px;--awb-border-radius-top-right:0px;--awb-border-radius-bottom-right:0px;--awb-border-radius-bottom-left:0px;--awb-flex-wrap:wrap;\" ><div class=\"fusion-builder-row fusion-row\"><div class=\"fusion-layout-column fusion_builder_column fusion-builder-column-0 fusion_builder_column_1_1 1_1 fusion-one-full fusion-column-first fusion-column-last\" style=\"--awb-bg-size:cover;\"><div class=\"fusion-column-wrapper fusion-flex-column-wrapper-legacy\"><div class=\"fusion-image-element in-legacy-container\" style=\"--awb-caption-title-font-family:var(--h2_typography-font-family);--awb-caption-title-font-weight:var(--h2_typography-font-weight);--awb-caption-title-font-style:var(--h2_typography-font-style);--awb-caption-title-size:var(--h2_typography-font-size);--awb-caption-title-transform:var(--h2_typography-text-transform);--awb-caption-title-line-height:var(--h2_typography-line-height);--awb-caption-title-letter-spacing:var(--h2_typography-letter-spacing);\"><span class=\" fusion-imageframe imageframe-none imageframe-1 hover-type-none\"><img decoding=\"async\" width=\"1200\" height=\"835\" title=\"Presto-Fr\" src=\"http:\/\/profert.dz\/fr\/wp-content\/uploads\/2020\/08\/Presto-Fr.jpg\" alt class=\"img-responsive wp-image-23199\" srcset=\"https:\/\/profert.dz\/fr\/wp-content\/uploads\/2020\/08\/Presto-Fr-200x139.jpg 200w, https:\/\/profert.dz\/fr\/wp-content\/uploads\/2020\/08\/Presto-Fr-400x278.jpg 400w, https:\/\/profert.dz\/fr\/wp-content\/uploads\/2020\/08\/Presto-Fr-600x418.jpg 600w, https:\/\/profert.dz\/fr\/wp-content\/uploads\/2020\/08\/Presto-Fr-800x557.jpg 800w, https:\/\/profert.dz\/fr\/wp-content\/uploads\/2020\/08\/Presto-Fr.jpg 1200w\" sizes=\"(max-width: 800px) 100vw, 1200px\" \/><\/span><\/div><div class=\"fusion-clearfix\"><\/div><\/div><\/div><\/div><\/div>\n","protected":false},"excerpt":{"rendered":"<h2>R\u00e9gulateur de croissance<\/h2>\n<p style=\"text-align: justify;\"><strong>Composition :<\/strong> 40 % Eth\u00e9phon.<br \/>\n<strong>Formulation :<\/strong> SL (concentr\u00e9 soluble dans l\u2019eau).<\/p>\n<p style=\"text-align: justify;\"><strong>Mode d\u2019action :<\/strong><br \/>\n<strong>Presto<sup>\u00ae<\/sup><\/strong>\u00a0est un r\u00e9gulateur de croissance des plantes. Il est dot\u00e9 de propri\u00e9t\u00e9s syst\u00e9miques. Il est utilis\u00e9 pour l\u2019\u00e9claircissage des fruits, il r\u00e9gule la floraison, il agit sur la maturation et la coloration des fruits.<br \/>\n<strong>Presto<sup>\u00ae<\/sup><\/strong> p\u00e9n\u00e8tre rapidement dans les feuilles et se transforme en chlorure de phosphate et \u00e9thyl\u00e8ne.<br \/>\n<strong>Presto<sup>\u00ae<\/sup><\/strong> stimule la synth\u00e8se des ph\u00e9nols et des lignines, il favorise ainsi la coloration et la maturation des fruits.<\/p>\n<p style=\"text-align: justify;\"><strong>Avantages de Presto<\/strong><br \/>\n<strong>Sur pommier :<\/strong><br \/>\nR\u00e9gulation de la floraison et \u00e9claircissage des fruits.<br \/>\nAm\u00e9lioration et homog\u00e9n\u00e9isation de la coloration des fruits.<br \/>\nAcc\u00e9l\u00e9ration et regroupement de la maturation des fruits.<br \/>\nR\u00e9duit la croissance des pousses et am\u00e9liore la formation des bourgeons floraux.<\/p>\n<p style=\"text-align: justify;\"><strong>Sur poirier :<\/strong><br \/>\n\u00c9claircissage des fruits en post-floraison et r\u00e9gulation de la floraison.<\/p>\n<p style=\"text-align: justify;\"><strong>Sur vigne :<\/strong><br \/>\nAcc\u00e9l\u00e9ration de la maturation.<\/p>\n<p style=\"text-align: justify;\"><strong>Sur agrumes :<\/strong><br \/>\nAm\u00e9lioration et homog\u00e9n\u00e9isation de la coloration des fruits.<br \/>\nAcc\u00e9l\u00e9ration de la maturation des fruits.<\/p>\n<p style=\"text-align: justify;\"><strong>Sur p\u00eacher et nectarinier :<\/strong><br \/>\nIl retarde la floraison pour \u00e9viter la p\u00e9riode du gel et ses effets.<\/p>\n<p style=\"text-align: justify;\"><strong>Sur tomates :<\/strong><br \/>\nIl acc\u00e9l\u00e8re la maturation et am\u00e9liore la coloration des fruits.<\/p>\n<p style=\"text-align: justify;\"><strong>Sur past\u00e8que et melon :<\/strong><br \/>\nR\u00e9gulation de la floraison (f\u00e9minisation des lign\u00e9es femelles destin\u00e9es \u00e0 \u00eatre r\u00e9colt\u00e9es).<br \/>\nAm\u00e9lioration et homog\u00e9n\u00e9isation de la coloration des fruits.<br \/>\nAcc\u00e9l\u00e9ration de la maturation des fruits.<\/p>\n<p style=\"text-align: justify;\"><strong>Application et recommandation d\u2019usage :<\/strong><br \/>\n<img decoding=\"async\" class=\"alignnone wp-image-22140\" src=\"http:\/\/profert.dz\/fr\/wp-content\/uploads\/2020\/08\/Tab-03.jpg\" alt=\"\" width=\"400\" height=\"163\" srcset=\"https:\/\/profert.dz\/fr\/wp-content\/uploads\/2020\/08\/Tab-03-120x49.jpg 120w, https:\/\/profert.dz\/fr\/wp-content\/uploads\/2020\/08\/Tab-03-200x81.jpg 200w, https:\/\/profert.dz\/fr\/wp-content\/uploads\/2020\/08\/Tab-03-300x122.jpg 300w, https:\/\/profert.dz\/fr\/wp-content\/uploads\/2020\/08\/Tab-03-400x163.jpg 400w, https:\/\/profert.dz\/fr\/wp-content\/uploads\/2020\/08\/Tab-03-460x189.jpg 460w, https:\/\/profert.dz\/fr\/wp-content\/uploads\/2020\/08\/Tab-03.jpg 465w\" sizes=\"(max-width: 400px) 100vw, 400px\" \/><\/p>\n<p style=\"text-align: justify;\"><strong>Stades d\u2019application :<\/strong><br \/>\n<img decoding=\"async\" class=\"alignnone wp-image-22141\" src=\"http:\/\/profert.dz\/fr\/wp-content\/uploads\/2020\/08\/Tab-04.jpg\" alt=\"\" width=\"400\" height=\"391\" srcset=\"https:\/\/profert.dz\/fr\/wp-content\/uploads\/2020\/08\/Tab-04-66x66.jpg 66w, https:\/\/profert.dz\/fr\/wp-content\/uploads\/2020\/08\/Tab-04-120x117.jpg 120w, https:\/\/profert.dz\/fr\/wp-content\/uploads\/2020\/08\/Tab-04-200x196.jpg 200w, https:\/\/profert.dz\/fr\/wp-content\/uploads\/2020\/08\/Tab-04-300x294.jpg 300w, https:\/\/profert.dz\/fr\/wp-content\/uploads\/2020\/08\/Tab-04-400x391.jpg 400w, https:\/\/profert.dz\/fr\/wp-content\/uploads\/2020\/08\/Tab-04.jpg 416w\" sizes=\"(max-width: 400px) 100vw, 400px\" \/><\/p>\n<p style=\"text-align: justify;\"><strong>Conditions d\u2019utilisations :<\/strong><br \/>\n\u2022 Pour la coloration, traiter en temps calme et \u00e0 une temp\u00e9rature entre 15 et 30\u00b0C.<br \/>\n\u2022 Ne pas traiter la vigne au stade floraison.<br \/>\n<strong>\u2022 \u00c9claircissage de pommier et poirier :<\/strong> traiter par temps calme, avec une temp\u00e9rature comprise entre 15 et 22\u00b0C et une humidit\u00e9 relative de l&rsquo;air \u00e9lev\u00e9e.<br \/>\n\u2022 Ne pas m\u00e9langer <strong>Presto<sup>\u00ae<\/sup><\/strong> avec d\u2019autres produits phytosanitaires, il est pr\u00e9f\u00e9rable de laisser 2 jours d\u2019intervalle avant ou apr\u00e8s l\u2019application de\u00a0<strong>Presto<sup>\u00ae<\/sup><\/strong>. Pour les produits \u00e0 base de cuivre il est recommand\u00e9 de laisser un intervalle de 6 \u00e0 8 jours.<\/p>\n","protected":false},"featured_media":22273,"template":"","meta":[],"product_brand":[],"product_cat":[112],"product_tag":[],"class_list":{"0":"post-22138","1":"product","2":"type-product","3":"status-publish","4":"has-post-thumbnail","6":"product_cat-correcteur-de-croissance","8":"first","9":"instock","10":"shipping-taxable","11":"product-type-simple"},"yoast_head":"<!-- This site is optimized with the Yoast SEO plugin v25.6 - https:\/\/yoast.com\/wordpress\/plugins\/seo\/ -->\n<title>Presto\u00ae - Profert<\/title>\n<meta name=\"robots\" content=\"index, follow, max-snippet:-1, max-image-preview:large, max-video-preview:-1\" \/>\n<link rel=\"canonical\" href=\"https:\/\/profert.dz\/fr\/index.php\/produit\/regulateur-de-croissance\/\" \/>\n<meta property=\"og:locale\" content=\"fr_FR\" \/>\n<meta property=\"og:type\" content=\"article\" \/>\n<meta property=\"og:title\" content=\"Presto\u00ae - Profert\" \/>\n<meta property=\"og:description\" content=\"R\u00e9gulateur de croissance Composition : 40 % Eth\u00e9phon. Formulation : SL (concentr\u00e9 soluble dans l\u2019eau). Mode d\u2019action : Presto\u00ae\u00a0est un r\u00e9gulateur de croissance des plantes. Il est dot\u00e9 de propri\u00e9t\u00e9s syst\u00e9miques. Il est utilis\u00e9 pour l\u2019\u00e9claircissage des fruits, il r\u00e9gule la floraison, il agit sur la maturation et la coloration des fruits. Presto\u00ae p\u00e9n\u00e8tre rapidement dans les feuilles et se transforme en chlorure de phosphate et \u00e9thyl\u00e8ne. Presto\u00ae stimule la synth\u00e8se des ph\u00e9nols et des lignines, il favorise ainsi la coloration et la maturation des fruits. Avantages de Presto Sur pommier : R\u00e9gulation de la floraison et \u00e9claircissage des fruits. Am\u00e9lioration et homog\u00e9n\u00e9isation de la coloration des fruits. Acc\u00e9l\u00e9ration et regroupement de la maturation des fruits. R\u00e9duit la croissance des pousses et am\u00e9liore la formation des bourgeons floraux. Sur poirier : \u00c9claircissage des fruits en post-floraison et r\u00e9gulation de la floraison. Sur vigne : Acc\u00e9l\u00e9ration de la maturation. Sur agrumes : Am\u00e9lioration et homog\u00e9n\u00e9isation de la coloration des fruits. Acc\u00e9l\u00e9ration de la maturation des fruits. Sur p\u00eacher et nectarinier : Il retarde la floraison pour \u00e9viter la p\u00e9riode du gel et ses effets. Sur tomates : Il acc\u00e9l\u00e8re la maturation et am\u00e9liore la coloration des fruits. Sur past\u00e8que et melon : R\u00e9gulation de la floraison (f\u00e9minisation des lign\u00e9es femelles destin\u00e9es \u00e0 \u00eatre r\u00e9colt\u00e9es). Am\u00e9lioration et homog\u00e9n\u00e9isation de la coloration des fruits. Acc\u00e9l\u00e9ration de la maturation des fruits. Application et recommandation d\u2019usage :  Stades d\u2019application :  Conditions d\u2019utilisations : \u2022 Pour la coloration, traiter en temps calme et \u00e0 une temp\u00e9rature entre 15 et 30\u00b0C. \u2022 Ne pas traiter la vigne au stade floraison. \u2022 \u00c9claircissage de pommier et poirier : traiter par temps calme, avec une temp\u00e9rature comprise entre 15 et 22\u00b0C et une humidit\u00e9 relative de l&#039;air \u00e9lev\u00e9e. \u2022 Ne pas m\u00e9langer Presto\u00ae avec d\u2019autres produits phytosanitaires, il est pr\u00e9f\u00e9rable de laisser 2 jours d\u2019intervalle avant ou apr\u00e8s l\u2019application de\u00a0Presto\u00ae. Pour les produits \u00e0 base de cuivre il est recommand\u00e9 de laisser un intervalle de 6 \u00e0 8 jours.\" \/>\n<meta property=\"og:url\" content=\"https:\/\/profert.dz\/fr\/index.php\/produit\/regulateur-de-croissance\/\" \/>\n<meta property=\"og:site_name\" content=\"Profert\" \/>\n<meta property=\"article:modified_time\" content=\"2025-09-16T07:57:28+00:00\" \/>\n<meta property=\"og:image\" content=\"https:\/\/profert.dz\/fr\/wp-content\/uploads\/2020\/08\/Presto-2.jpg\" \/>\n\t<meta property=\"og:image:width\" content=\"720\" \/>\n\t<meta property=\"og:image:height\" content=\"658\" \/>\n\t<meta property=\"og:image:type\" content=\"image\/jpeg\" \/>\n<meta name=\"twitter:card\" content=\"summary_large_image\" \/>\n<meta name=\"twitter:label1\" content=\"Dur\u00e9e de lecture estim\u00e9e\" \/>\n\t<meta name=\"twitter:data1\" content=\"1 minute\" \/>\n<script type=\"application\/ld+json\" class=\"yoast-schema-graph\">{\"@context\":\"https:\/\/schema.org\",\"@graph\":[{\"@type\":\"WebPage\",\"@id\":\"https:\/\/profert.dz\/fr\/index.php\/produit\/regulateur-de-croissance\/\",\"url\":\"https:\/\/profert.dz\/fr\/index.php\/produit\/regulateur-de-croissance\/\",\"name\":\"Presto\u00ae - Profert\",\"isPartOf\":{\"@id\":\"https:\/\/profert.dz\/fr\/#website\"},\"primaryImageOfPage\":{\"@id\":\"https:\/\/profert.dz\/fr\/index.php\/produit\/regulateur-de-croissance\/#primaryimage\"},\"image\":{\"@id\":\"https:\/\/profert.dz\/fr\/index.php\/produit\/regulateur-de-croissance\/#primaryimage\"},\"thumbnailUrl\":\"https:\/\/profert.dz\/fr\/wp-content\/uploads\/2020\/08\/Presto-2.jpg\",\"datePublished\":\"2020-08-02T15:12:44+00:00\",\"dateModified\":\"2025-09-16T07:57:28+00:00\",\"breadcrumb\":{\"@id\":\"https:\/\/profert.dz\/fr\/index.php\/produit\/regulateur-de-croissance\/#breadcrumb\"},\"inLanguage\":\"fr-FR\",\"potentialAction\":[{\"@type\":\"ReadAction\",\"target\":[\"https:\/\/profert.dz\/fr\/index.php\/produit\/regulateur-de-croissance\/\"]}]},{\"@type\":\"ImageObject\",\"inLanguage\":\"fr-FR\",\"@id\":\"https:\/\/profert.dz\/fr\/index.php\/produit\/regulateur-de-croissance\/#primaryimage\",\"url\":\"https:\/\/profert.dz\/fr\/wp-content\/uploads\/2020\/08\/Presto-2.jpg\",\"contentUrl\":\"https:\/\/profert.dz\/fr\/wp-content\/uploads\/2020\/08\/Presto-2.jpg\",\"width\":720,\"height\":658},{\"@type\":\"BreadcrumbList\",\"@id\":\"https:\/\/profert.dz\/fr\/index.php\/produit\/regulateur-de-croissance\/#breadcrumb\",\"itemListElement\":[{\"@type\":\"ListItem\",\"position\":1,\"name\":\"Accueil\",\"item\":\"https:\/\/profert.dz\/fr\/\"},{\"@type\":\"ListItem\",\"position\":2,\"name\":\"Produits\",\"item\":\"https:\/\/profert.dz\/fr\/index.php\/boutique\/\"},{\"@type\":\"ListItem\",\"position\":3,\"name\":\"Presto\u00ae\"}]},{\"@type\":\"WebSite\",\"@id\":\"https:\/\/profert.dz\/fr\/#website\",\"url\":\"https:\/\/profert.dz\/fr\/\",\"name\":\"Profert.dz\",\"description\":\"Agriculture Alg\u00e9rie\",\"potentialAction\":[{\"@type\":\"SearchAction\",\"target\":{\"@type\":\"EntryPoint\",\"urlTemplate\":\"https:\/\/profert.dz\/fr\/?s={search_term_string}\"},\"query-input\":{\"@type\":\"PropertyValueSpecification\",\"valueRequired\":true,\"valueName\":\"search_term_string\"}}],\"inLanguage\":\"fr-FR\"}]}<\/script>\n<!-- \/ Yoast SEO plugin. -->","yoast_head_json":{"title":"Presto\u00ae - Profert","robots":{"index":"index","follow":"follow","max-snippet":"max-snippet:-1","max-image-preview":"max-image-preview:large","max-video-preview":"max-video-preview:-1"},"canonical":"https:\/\/profert.dz\/fr\/index.php\/produit\/regulateur-de-croissance\/","og_locale":"fr_FR","og_type":"article","og_title":"Presto\u00ae - Profert","og_description":"R\u00e9gulateur de croissance Composition : 40 % Eth\u00e9phon. Formulation : SL (concentr\u00e9 soluble dans l\u2019eau). Mode d\u2019action : Presto\u00ae\u00a0est un r\u00e9gulateur de croissance des plantes. Il est dot\u00e9 de propri\u00e9t\u00e9s syst\u00e9miques. Il est utilis\u00e9 pour l\u2019\u00e9claircissage des fruits, il r\u00e9gule la floraison, il agit sur la maturation et la coloration des fruits. Presto\u00ae p\u00e9n\u00e8tre rapidement dans les feuilles et se transforme en chlorure de phosphate et \u00e9thyl\u00e8ne. Presto\u00ae stimule la synth\u00e8se des ph\u00e9nols et des lignines, il favorise ainsi la coloration et la maturation des fruits. Avantages de Presto Sur pommier : R\u00e9gulation de la floraison et \u00e9claircissage des fruits. Am\u00e9lioration et homog\u00e9n\u00e9isation de la coloration des fruits. Acc\u00e9l\u00e9ration et regroupement de la maturation des fruits. R\u00e9duit la croissance des pousses et am\u00e9liore la formation des bourgeons floraux. Sur poirier : \u00c9claircissage des fruits en post-floraison et r\u00e9gulation de la floraison. Sur vigne : Acc\u00e9l\u00e9ration de la maturation. Sur agrumes : Am\u00e9lioration et homog\u00e9n\u00e9isation de la coloration des fruits. Acc\u00e9l\u00e9ration de la maturation des fruits. Sur p\u00eacher et nectarinier : Il retarde la floraison pour \u00e9viter la p\u00e9riode du gel et ses effets. Sur tomates : Il acc\u00e9l\u00e8re la maturation et am\u00e9liore la coloration des fruits. Sur past\u00e8que et melon : R\u00e9gulation de la floraison (f\u00e9minisation des lign\u00e9es femelles destin\u00e9es \u00e0 \u00eatre r\u00e9colt\u00e9es). Am\u00e9lioration et homog\u00e9n\u00e9isation de la coloration des fruits. Acc\u00e9l\u00e9ration de la maturation des fruits. Application et recommandation d\u2019usage :  Stades d\u2019application :  Conditions d\u2019utilisations : \u2022 Pour la coloration, traiter en temps calme et \u00e0 une temp\u00e9rature entre 15 et 30\u00b0C. \u2022 Ne pas traiter la vigne au stade floraison. \u2022 \u00c9claircissage de pommier et poirier : traiter par temps calme, avec une temp\u00e9rature comprise entre 15 et 22\u00b0C et une humidit\u00e9 relative de l'air \u00e9lev\u00e9e. \u2022 Ne pas m\u00e9langer Presto\u00ae avec d\u2019autres produits phytosanitaires, il est pr\u00e9f\u00e9rable de laisser 2 jours d\u2019intervalle avant ou apr\u00e8s l\u2019application de\u00a0Presto\u00ae. Pour les produits \u00e0 base de cuivre il est recommand\u00e9 de laisser un intervalle de 6 \u00e0 8 jours.","og_url":"https:\/\/profert.dz\/fr\/index.php\/produit\/regulateur-de-croissance\/","og_site_name":"Profert","article_modified_time":"2025-09-16T07:57:28+00:00","og_image":[{"width":720,"height":658,"url":"https:\/\/profert.dz\/fr\/wp-content\/uploads\/2020\/08\/Presto-2.jpg","type":"image\/jpeg"}],"twitter_card":"summary_large_image","twitter_misc":{"Dur\u00e9e de lecture estim\u00e9e":"1 minute"},"schema":{"@context":"https:\/\/schema.org","@graph":[{"@type":"WebPage","@id":"https:\/\/profert.dz\/fr\/index.php\/produit\/regulateur-de-croissance\/","url":"https:\/\/profert.dz\/fr\/index.php\/produit\/regulateur-de-croissance\/","name":"Presto\u00ae - Profert","isPartOf":{"@id":"https:\/\/profert.dz\/fr\/#website"},"primaryImageOfPage":{"@id":"https:\/\/profert.dz\/fr\/index.php\/produit\/regulateur-de-croissance\/#primaryimage"},"image":{"@id":"https:\/\/profert.dz\/fr\/index.php\/produit\/regulateur-de-croissance\/#primaryimage"},"thumbnailUrl":"https:\/\/profert.dz\/fr\/wp-content\/uploads\/2020\/08\/Presto-2.jpg","datePublished":"2020-08-02T15:12:44+00:00","dateModified":"2025-09-16T07:57:28+00:00","breadcrumb":{"@id":"https:\/\/profert.dz\/fr\/index.php\/produit\/regulateur-de-croissance\/#breadcrumb"},"inLanguage":"fr-FR","potentialAction":[{"@type":"ReadAction","target":["https:\/\/profert.dz\/fr\/index.php\/produit\/regulateur-de-croissance\/"]}]},{"@type":"ImageObject","inLanguage":"fr-FR","@id":"https:\/\/profert.dz\/fr\/index.php\/produit\/regulateur-de-croissance\/#primaryimage","url":"https:\/\/profert.dz\/fr\/wp-content\/uploads\/2020\/08\/Presto-2.jpg","contentUrl":"https:\/\/profert.dz\/fr\/wp-content\/uploads\/2020\/08\/Presto-2.jpg","width":720,"height":658},{"@type":"BreadcrumbList","@id":"https:\/\/profert.dz\/fr\/index.php\/produit\/regulateur-de-croissance\/#breadcrumb","itemListElement":[{"@type":"ListItem","position":1,"name":"Accueil","item":"https:\/\/profert.dz\/fr\/"},{"@type":"ListItem","position":2,"name":"Produits","item":"https:\/\/profert.dz\/fr\/index.php\/boutique\/"},{"@type":"ListItem","position":3,"name":"Presto\u00ae"}]},{"@type":"WebSite","@id":"https:\/\/profert.dz\/fr\/#website","url":"https:\/\/profert.dz\/fr\/","name":"Profert.dz","description":"Agriculture Alg\u00e9rie","potentialAction":[{"@type":"SearchAction","target":{"@type":"EntryPoint","urlTemplate":"https:\/\/profert.dz\/fr\/?s={search_term_string}"},"query-input":{"@type":"PropertyValueSpecification","valueRequired":true,"valueName":"search_term_string"}}],"inLanguage":"fr-FR"}]}},"_links":{"self":[{"href":"https:\/\/profert.dz\/fr\/index.php\/wp-json\/wp\/v2\/product\/22138"}],"collection":[{"href":"https:\/\/profert.dz\/fr\/index.php\/wp-json\/wp\/v2\/product"}],"about":[{"href":"https:\/\/profert.dz\/fr\/index.php\/wp-json\/wp\/v2\/types\/product"}],"wp:featuredmedia":[{"embeddable":true,"href":"https:\/\/profert.dz\/fr\/index.php\/wp-json\/wp\/v2\/media\/22273"}],"wp:attachment":[{"href":"https:\/\/profert.dz\/fr\/index.php\/wp-json\/wp\/v2\/media?parent=22138"}],"wp:term":[{"taxonomy":"product_brand","embeddable":true,"href":"https:\/\/profert.dz\/fr\/index.php\/wp-json\/wp\/v2\/product_brand?post=22138"},{"taxonomy":"product_cat","embeddable":true,"href":"https:\/\/profert.dz\/fr\/index.php\/wp-json\/wp\/v2\/product_cat?post=22138"},{"taxonomy":"product_tag","embeddable":true,"href":"https:\/\/profert.dz\/fr\/index.php\/wp-json\/wp\/v2\/product_tag?post=22138"}],"curies":[{"name":"wp","href":"https:\/\/api.w.org\/{rel}","templated":true}]}}