{"id":22135,"date":"2020-08-02T12:37:22","date_gmt":"2020-08-02T10:37:22","guid":{"rendered":"http:\/\/profert.dz\/fr\/?post_type=product&#038;p=22135"},"modified":"2023-08-22T16:35:24","modified_gmt":"2023-08-22T14:35:24","slug":"22135","status":"publish","type":"product","link":"https:\/\/profert.dz\/fr\/index.php\/produit\/22135\/","title":{"rendered":"Byspore<sup>\u00ae<sup>"},"content":{"rendered":"","protected":false},"excerpt":{"rendered":"<h2 style=\"text-align: justify;\">FONGICIDE SYST\u00c9MIQUE CONTRE LE MILDIOU<\/h2>\n<p style=\"text-align: justify;\"><strong>Composition :<\/strong> 722 g\/L Chlorhydrate de Propamocarbe.<br \/>\n<strong>Formulation :<\/strong> SL (solution liquide).<\/p>\n<p style=\"text-align: justify;\"><strong>Mode d\u2019action :<\/strong><br \/>\nLe Propamocarbe appartient \u00e0 la famille chimique des Carbamates. C\u2019est un fongicide dot\u00e9 de propri\u00e9t\u00e9s syst\u00e9miques avec une absorption foliaire et racinaire.<br \/>\nLe propamocarbe a une action multi-sites agissant d\u2019une mani\u00e8re pr\u00e9ventive et curative sur les champignons pathog\u00e8nes .<br \/>\nLe propamocarbe per turbe la formation des membranes cellulaires des pathog\u00e8nes par l\u2019inhibition de la biosynth\u00e8se des acides g ras et de la perm\u00e9abilit\u00e9 des par ois cellulaires.<br \/>\n<strong>Byspore<sup>\u00ae<\/sup><\/strong> affecte la germination des spores, le d\u00e9veloppement du myc\u00e9lium et la sporulation.<\/p>\n<p style=\"text-align: justify;\"><strong>Spectre d\u2019action :<\/strong><br \/>\nEn application foliaire, <strong>Byspore<sup>\u00ae<\/sup><\/strong> agit sur le mildiou de la pomme de t erre, de la tomate et des cucurbitac\u00e9es.<br \/>\nEn application au sol, <strong>Byspore<sup>\u00ae<\/sup><\/strong> agit sur toutes les esp\u00e8ces de champignons qui provoquent les fontes de semis, sur les diff\u00e9rentes cultures.<\/p>\n<p style=\"text-align: justify;\"><strong>Pomme de terre :i<\/strong><br \/>\n<strong>Byspore<sup>\u00ae<\/sup><\/strong> assure une bonne efficacit\u00e9 contre le mildiou de la pomme de terre.<br \/>\nIl emp\u00eache la germination des spores, il b loque la croissance myc\u00e9lienne et stoppe la sporulation (activit\u00e9 anti-sporulante).<br \/>\n<strong>Byspore<sup>\u00ae<\/sup><\/strong> assure la protection des feuilles, des tiges et des nouvelles pousses.<br \/>\nSes propri\u00e9t\u00e9s pr\u00e9disposent l\u2019utilisation de <strong>Byspore<sup>\u00ae<\/sup><\/strong> \u00e0 la croissance active de la pomme de terre et en v\u00e9g\u00e9tation stabilis\u00e9e.<br \/>\n<strong>Byspore<sup>\u00ae<\/sup><\/strong> peut \u00eatre utilis\u00e9 sur la pomme de terre en croissance active soit :<br \/>\n\u2022 En solo (pour prot\u00e9ger les feuilles, les nouvelles pousses et les tiges).<br \/>\n\u2022 En association a vec <strong>Fluzoki<sup>\u00ae<\/sup><\/strong> (1 L\/ha <strong>Byspore<sup>\u00ae<\/sup><\/strong> + 0.5 L\/ha <strong>Fluzoki<sup>\u00ae<\/sup><\/strong>) pour<br \/>\nrenforcer l\u2019action de contact, l\u2019anti sporulation, prolonger la dur\u00e9e de protection et \u00e9largir le spectre d\u2019action sur l\u2019alternaria et scl\u00e9rotinia.<br \/>\n\u2022 En association a vec <strong>Cyzoki<sup>\u00ae<\/sup><\/strong> (1 L\/ha <strong>Byspore<sup>\u00ae<\/sup><\/strong> + 0.4 L\/ha <strong>Cyzoki<sup>\u00ae<\/sup><\/strong>) pour renforcer l\u2019action de cont act, l\u2019anti sporulation et prolonger la dur\u00e9e de protection.<br \/>\n<strong>Byspore<sup>\u00ae<\/sup><\/strong> peut \u00eatre utilis\u00e9 sur la pomme de terre en v\u00e9g\u00e9tation stabilis\u00e9e soit :<br \/>\n\u2022 En association avec <strong>Fluzoki<sup>\u00ae<\/sup><\/strong>(1 L\/ha <strong>Byspore<sup>\u00ae<\/sup><\/strong> + 0.5 L\/ha<strong> Fluzoki<sup>\u00ae<\/sup><\/strong>) pour renforcer l\u2019action de contact, l\u2019anti sporulation, prolonger la dur\u00e9e de protection,<br \/>\n\u00e9largir le spectre d\u2019action sur l\u2019alternaria et assur er une protection, tr\u00e8s t\u00f4t, contre le mildiou des tubercules.<br \/>\n\u2022 En association avec <strong>Cyzoki<sup>\u00ae<\/sup><\/strong>(1 L\/ha <strong>Byspore<sup>\u00ae<\/sup><\/strong> + 0.4 L\/ha <strong>Cyzoki<sup>\u00ae<\/sup><\/strong>) pour renforcer l\u2019action de contact, l\u2019anti sporulation, prolonger la dur\u00e9e de protection et assurer une protection, tr\u00e8s t\u00f4t, contre le mildiou des tubercules et pr\u00e9venir ainsi la pourriture humide.<\/p>\n<p style=\"text-align: justify;\"><strong>Tomate, piment et poivron :<\/strong><br \/>\n<strong>Byspore<sup>\u00ae<\/sup><\/strong> peut \u00eatre utilis\u00e9 au sol pour le contr\u00f4le des fontes de semis, d\u00e8s les premiers stades du d\u00e9veloppement de la culture.<br \/>\n<strong>Byspore<sup>\u00ae<\/sup><\/strong> contr\u00f4le efficacement le mildiou de la tomate, en application foliaire, \u00e0 tous les stades, principalement au stade croissance v\u00e9g\u00e9tative.<br \/>\n<strong>Byspore<sup>\u00ae<\/sup><\/strong> peut \u00eatre utilis\u00e9 en solo ou en association avec <strong>Fluzoki<sup>\u00ae<\/sup><\/strong> (<strong>Byspore<sup>\u00ae<\/sup><\/strong> 1 L\/ha + 0.5 L\/ha <strong>Fluzoki<sup>\u00ae<\/sup><\/strong>) ou <strong>Cyzoki<sup>\u00ae<\/sup><\/strong> (1 L\/ha <strong>Byspore<sup>\u00ae<\/sup><\/strong> + 0.4 L\/ha <strong>Cyzoki<sup>\u00ae<\/sup><\/strong>). d\u00e8s les premiers stades du d\u00e9veloppement de la culture.<\/p>\n<p style=\"text-align: justify;\"><strong>Past\u00e8que, melon et concombre :<\/strong><br \/>\n<strong>Byspore<sup>\u00ae<\/sup><\/strong> peut \u00eatre utilis\u00e9 au sol pour le contr\u00f4le des fontes de semis, d\u00e8s les premiers stades du d\u00e9veloppement de la culture.<br \/>\n<strong>Byspore<sup>\u00ae<\/sup><\/strong> contr\u00f4le efficacement le mildiou des cucurbitac\u00e9es, en application foliaire, \u00e0 tous les stades, principalement au stade croissance v\u00e9g\u00e9tative.<br \/>\n<strong>Byspore<sup>\u00ae<\/sup><\/strong> peut \u00eatre utilis\u00e9 en solo ou en association avec <strong>Fluzoki<sup>\u00ae<\/sup><\/strong> (1 L\/ha <strong>Byspore<sup>\u00ae<\/sup><\/strong> + 0.5 L\/ha <strong>Fluzoki<sup>\u00ae<\/sup><\/strong>) ou <strong>Cyzoki<sup>\u00ae<\/sup><\/strong> (1 L\/ha <strong>Byspore<sup>\u00ae<\/sup> <\/strong>+ 0.4 L\/ha <strong>Cyzoki<sup>\u00ae<\/sup><\/strong>).<\/p>\n<p style=\"text-align: justify;\"><strong>Avantages de Byspore<sup>\u00ae<\/sup> :<\/strong><br \/>\n\u2022 Efficacit\u00e9 sur les diff\u00e9rents stades de d\u00e9veloppement du mildiou (germination des spores, croissance myc\u00e9lienne et sporulation).<br \/>\n\u2022 Efficacit\u00e9 sur les champignons du sol.<br \/>\n\u2022 Protection des feuilles, des tiges et des nouvelles pousses (croissance active).<br \/>\n\u2022 A l\u2019abri de lessivage, efficacit\u00e9 2 heures apr\u00e8s l\u2019application.<br \/>\n\u2022 Protection jusqu\u2019\u00e0 3 semaines contre la fonte des semis.<\/p>\n<p style=\"text-align: justify;\"><strong>Application et recommandation d\u2019usage :<\/strong><br \/>\n<img decoding=\"async\" class=\"alignnone wp-image-26210\" src=\"https:\/\/profert.dz\/fr\/wp-content\/uploads\/2020\/08\/Byspore-Tab-2023.jpg\" alt=\"\" width=\"450\" height=\"71\" srcset=\"https:\/\/profert.dz\/fr\/wp-content\/uploads\/2020\/08\/Byspore-Tab-2023-120x19.jpg 120w, https:\/\/profert.dz\/fr\/wp-content\/uploads\/2020\/08\/Byspore-Tab-2023-200x32.jpg 200w, https:\/\/profert.dz\/fr\/wp-content\/uploads\/2020\/08\/Byspore-Tab-2023-300x47.jpg 300w, https:\/\/profert.dz\/fr\/wp-content\/uploads\/2020\/08\/Byspore-Tab-2023-400x63.jpg 400w, https:\/\/profert.dz\/fr\/wp-content\/uploads\/2020\/08\/Byspore-Tab-2023.jpg 500w\" sizes=\"(max-width: 450px) 100vw, 450px\" \/><br \/>\n\u00c9tant un produit avec des propri\u00e9t\u00e9s syst\u00e9miques nous recommandons de limiter les applications \u00e0 3 maximum par saison.<\/p>\n<p style=\"text-align: justify;\"><strong>Recommandations et mode d\u2019application :<\/strong><br \/>\n\u2022 <strong>Byspore<sup>\u00ae<\/sup><\/strong> s\u2019utilise en traitement des par ties a\u00e9riennes, avec tous types d\u2019appareils de pulv\u00e9risation.<br \/>\n\u2022 Le pulv\u00e9risateur devra \u00eatre parfaitement r\u00e9gl\u00e9 et la vitesse d\u2019avancement adapt\u00e9e.<br \/>\n\u2022 En application foliaire, <strong>Byspore<sup>\u00ae<\/sup><\/strong> doit \u00eatre appliqu\u00e9 2 heures avant toute pluie ou irrigation.<br \/>\n\u2022 <strong>Byspore<sup>\u00ae<\/sup><\/strong> s\u2019utilise contre les fontes de semis d\u00e8s les premiers stades de d\u00e9veloppement des plant es. Dans le cas de forte pression, respecter un d\u00e9lai de 7 jours pour faire un deuxi\u00e8me passage.<br \/>\n\u2022 Appliquer <strong>Byspore<sup>\u00ae<\/sup><\/strong> directement sur un sol suffisamment humidifi\u00e9.<\/p>\n[wpdm_package id='26416']\n","protected":false},"featured_media":22274,"template":"","meta":[],"product_brand":[],"product_cat":[87],"product_tag":[],"class_list":{"0":"post-22135","1":"product","2":"type-product","3":"status-publish","4":"has-post-thumbnail","6":"product_cat-fongicides-00","8":"first","9":"instock","10":"shipping-taxable","11":"product-type-simple"},"yoast_head":"<!-- This site is optimized with the Yoast SEO plugin v25.6 - https:\/\/yoast.com\/wordpress\/plugins\/seo\/ -->\n<title>Byspore\u00ae - Profert<\/title>\n<meta name=\"robots\" content=\"index, follow, max-snippet:-1, max-image-preview:large, max-video-preview:-1\" \/>\n<link rel=\"canonical\" href=\"https:\/\/profert.dz\/fr\/index.php\/produit\/22135\/\" \/>\n<meta property=\"og:locale\" content=\"fr_FR\" \/>\n<meta property=\"og:type\" content=\"article\" \/>\n<meta property=\"og:title\" content=\"Byspore\u00ae - Profert\" \/>\n<meta property=\"og:description\" content=\"FONGICIDE SYST\u00c9MIQUE CONTRE LE MILDIOU Composition : 722 g\/L Chlorhydrate de Propamocarbe. Formulation : SL (solution liquide). Mode d\u2019action : Le Propamocarbe appartient \u00e0 la famille chimique des Carbamates. C\u2019est un fongicide dot\u00e9 de propri\u00e9t\u00e9s syst\u00e9miques avec une absorption foliaire et racinaire. Le propamocarbe a une action multi-sites agissant d\u2019une mani\u00e8re pr\u00e9ventive et curative sur les champignons pathog\u00e8nes . Le propamocarbe per turbe la formation des membranes cellulaires des pathog\u00e8nes par l\u2019inhibition de la biosynth\u00e8se des acides g ras et de la perm\u00e9abilit\u00e9 des par ois cellulaires. Byspore\u00ae affecte la germination des spores, le d\u00e9veloppement du myc\u00e9lium et la sporulation. Spectre d\u2019action : En application foliaire, Byspore\u00ae agit sur le mildiou de la pomme de t erre, de la tomate et des cucurbitac\u00e9es. En application au sol, Byspore\u00ae agit sur toutes les esp\u00e8ces de champignons qui provoquent les fontes de semis, sur les diff\u00e9rentes cultures. Pomme de terre :i Byspore\u00ae assure une bonne efficacit\u00e9 contre le mildiou de la pomme de terre. Il emp\u00eache la germination des spores, il b loque la croissance myc\u00e9lienne et stoppe la sporulation (activit\u00e9 anti-sporulante). Byspore\u00ae assure la protection des feuilles, des tiges et des nouvelles pousses. Ses propri\u00e9t\u00e9s pr\u00e9disposent l\u2019utilisation de Byspore\u00ae \u00e0 la croissance active de la pomme de terre et en v\u00e9g\u00e9tation stabilis\u00e9e. Byspore\u00ae peut \u00eatre utilis\u00e9 sur la pomme de terre en croissance active soit : \u2022 En solo (pour prot\u00e9ger les feuilles, les nouvelles pousses et les tiges). \u2022 En association a vec Fluzoki\u00ae (1 L\/ha Byspore\u00ae + 0.5 L\/ha Fluzoki\u00ae) pour renforcer l\u2019action de contact, l\u2019anti sporulation, prolonger la dur\u00e9e de protection et \u00e9largir le spectre d\u2019action sur l\u2019alternaria et scl\u00e9rotinia. \u2022 En association a vec Cyzoki\u00ae (1 L\/ha Byspore\u00ae + 0.4 L\/ha Cyzoki\u00ae) pour renforcer l\u2019action de cont act, l\u2019anti sporulation et prolonger la dur\u00e9e de protection. Byspore\u00ae peut \u00eatre utilis\u00e9 sur la pomme de terre en v\u00e9g\u00e9tation stabilis\u00e9e soit : \u2022 En association avec Fluzoki\u00ae(1 L\/ha Byspore\u00ae + 0.5 L\/ha Fluzoki\u00ae) pour renforcer l\u2019action de contact, l\u2019anti sporulation, prolonger la dur\u00e9e de protection, \u00e9largir le spectre d\u2019action sur l\u2019alternaria et assur er une protection, tr\u00e8s t\u00f4t, contre le mildiou des tubercules. \u2022 En association avec Cyzoki\u00ae(1 L\/ha Byspore\u00ae + 0.4 L\/ha Cyzoki\u00ae) pour renforcer l\u2019action de contact, l\u2019anti sporulation, prolonger la dur\u00e9e de protection et assurer une protection, tr\u00e8s t\u00f4t, contre le mildiou des tubercules et pr\u00e9venir ainsi la pourriture humide. Tomate, piment et poivron : Byspore\u00ae peut \u00eatre utilis\u00e9 au sol pour le contr\u00f4le des fontes de semis, d\u00e8s les premiers stades du d\u00e9veloppement de la culture. Byspore\u00ae contr\u00f4le efficacement le mildiou de la tomate, en application foliaire, \u00e0 tous les stades, principalement au stade croissance v\u00e9g\u00e9tative. Byspore\u00ae peut \u00eatre utilis\u00e9 en solo ou en association avec Fluzoki\u00ae (Byspore\u00ae 1 L\/ha + 0.5 L\/ha Fluzoki\u00ae) ou Cyzoki\u00ae (1 L\/ha Byspore\u00ae + 0.4 L\/ha Cyzoki\u00ae). d\u00e8s les premiers stades du d\u00e9veloppement de la culture. Past\u00e8que, melon et concombre : Byspore\u00ae peut \u00eatre utilis\u00e9 au sol pour le contr\u00f4le des fontes de semis, d\u00e8s les premiers stades du d\u00e9veloppement de la culture. Byspore\u00ae contr\u00f4le efficacement le mildiou des cucurbitac\u00e9es, en application foliaire, \u00e0 tous les stades, principalement au stade croissance v\u00e9g\u00e9tative. Byspore\u00ae peut \u00eatre utilis\u00e9 en solo ou en association avec Fluzoki\u00ae (1 L\/ha Byspore\u00ae + 0.5 L\/ha Fluzoki\u00ae) ou Cyzoki\u00ae (1 L\/ha Byspore\u00ae + 0.4 L\/ha Cyzoki\u00ae). Avantages de Byspore\u00ae : \u2022 Efficacit\u00e9 sur les diff\u00e9rents stades de d\u00e9veloppement du mildiou (germination des spores, croissance myc\u00e9lienne et sporulation). \u2022 Efficacit\u00e9 sur les champignons du sol. \u2022 Protection des feuilles, des tiges et des nouvelles pousses (croissance active). \u2022 A l\u2019abri de lessivage, efficacit\u00e9 2 heures apr\u00e8s l\u2019application. \u2022 Protection jusqu\u2019\u00e0 3 semaines contre la fonte des semis. Application et recommandation d\u2019usage :  \u00c9tant un produit avec des propri\u00e9t\u00e9s syst\u00e9miques nous recommandons de limiter les applications \u00e0 3 maximum par saison. Recommandations et mode d\u2019application : \u2022 Byspore\u00ae s\u2019utilise en traitement des par ties a\u00e9riennes, avec tous types d\u2019appareils de pulv\u00e9risation. \u2022 Le pulv\u00e9risateur devra \u00eatre parfaitement r\u00e9gl\u00e9 et la vitesse d\u2019avancement adapt\u00e9e. \u2022 En application foliaire, Byspore\u00ae doit \u00eatre appliqu\u00e9 2 heures avant toute pluie ou irrigation. \u2022 Byspore\u00ae s\u2019utilise contre les fontes de semis d\u00e8s les premiers stades de d\u00e9veloppement des plant es. Dans le cas de forte pression, respecter un d\u00e9lai de 7 jours pour faire un deuxi\u00e8me passage. \u2022 Appliquer Byspore\u00ae directement sur un sol suffisamment humidifi\u00e9.\" \/>\n<meta property=\"og:url\" content=\"https:\/\/profert.dz\/fr\/index.php\/produit\/22135\/\" \/>\n<meta property=\"og:site_name\" content=\"Profert\" \/>\n<meta property=\"article:modified_time\" content=\"2023-08-22T14:35:24+00:00\" \/>\n<meta property=\"og:image\" content=\"https:\/\/profert.dz\/fr\/wp-content\/uploads\/2020\/08\/Byspore-1.jpg\" \/>\n\t<meta property=\"og:image:width\" content=\"720\" \/>\n\t<meta property=\"og:image:height\" content=\"658\" \/>\n\t<meta property=\"og:image:type\" content=\"image\/jpeg\" \/>\n<meta name=\"twitter:card\" content=\"summary_large_image\" \/>\n<script type=\"application\/ld+json\" class=\"yoast-schema-graph\">{\"@context\":\"https:\/\/schema.org\",\"@graph\":[{\"@type\":\"WebPage\",\"@id\":\"https:\/\/profert.dz\/fr\/index.php\/produit\/22135\/\",\"url\":\"https:\/\/profert.dz\/fr\/index.php\/produit\/22135\/\",\"name\":\"Byspore\u00ae - Profert\",\"isPartOf\":{\"@id\":\"https:\/\/profert.dz\/fr\/#website\"},\"primaryImageOfPage\":{\"@id\":\"https:\/\/profert.dz\/fr\/index.php\/produit\/22135\/#primaryimage\"},\"image\":{\"@id\":\"https:\/\/profert.dz\/fr\/index.php\/produit\/22135\/#primaryimage\"},\"thumbnailUrl\":\"https:\/\/profert.dz\/fr\/wp-content\/uploads\/2020\/08\/Byspore-1.jpg\",\"datePublished\":\"2020-08-02T10:37:22+00:00\",\"dateModified\":\"2023-08-22T14:35:24+00:00\",\"breadcrumb\":{\"@id\":\"https:\/\/profert.dz\/fr\/index.php\/produit\/22135\/#breadcrumb\"},\"inLanguage\":\"fr-FR\",\"potentialAction\":[{\"@type\":\"ReadAction\",\"target\":[\"https:\/\/profert.dz\/fr\/index.php\/produit\/22135\/\"]}]},{\"@type\":\"ImageObject\",\"inLanguage\":\"fr-FR\",\"@id\":\"https:\/\/profert.dz\/fr\/index.php\/produit\/22135\/#primaryimage\",\"url\":\"https:\/\/profert.dz\/fr\/wp-content\/uploads\/2020\/08\/Byspore-1.jpg\",\"contentUrl\":\"https:\/\/profert.dz\/fr\/wp-content\/uploads\/2020\/08\/Byspore-1.jpg\",\"width\":720,\"height\":658},{\"@type\":\"BreadcrumbList\",\"@id\":\"https:\/\/profert.dz\/fr\/index.php\/produit\/22135\/#breadcrumb\",\"itemListElement\":[{\"@type\":\"ListItem\",\"position\":1,\"name\":\"Accueil\",\"item\":\"https:\/\/profert.dz\/fr\/\"},{\"@type\":\"ListItem\",\"position\":2,\"name\":\"Produits\",\"item\":\"https:\/\/profert.dz\/fr\/index.php\/boutique\/\"},{\"@type\":\"ListItem\",\"position\":3,\"name\":\"Byspore\u00ae\"}]},{\"@type\":\"WebSite\",\"@id\":\"https:\/\/profert.dz\/fr\/#website\",\"url\":\"https:\/\/profert.dz\/fr\/\",\"name\":\"Profert.dz\",\"description\":\"Agriculture Alg\u00e9rie\",\"potentialAction\":[{\"@type\":\"SearchAction\",\"target\":{\"@type\":\"EntryPoint\",\"urlTemplate\":\"https:\/\/profert.dz\/fr\/?s={search_term_string}\"},\"query-input\":{\"@type\":\"PropertyValueSpecification\",\"valueRequired\":true,\"valueName\":\"search_term_string\"}}],\"inLanguage\":\"fr-FR\"}]}<\/script>\n<!-- \/ Yoast SEO plugin. -->","yoast_head_json":{"title":"Byspore\u00ae - Profert","robots":{"index":"index","follow":"follow","max-snippet":"max-snippet:-1","max-image-preview":"max-image-preview:large","max-video-preview":"max-video-preview:-1"},"canonical":"https:\/\/profert.dz\/fr\/index.php\/produit\/22135\/","og_locale":"fr_FR","og_type":"article","og_title":"Byspore\u00ae - Profert","og_description":"FONGICIDE SYST\u00c9MIQUE CONTRE LE MILDIOU Composition : 722 g\/L Chlorhydrate de Propamocarbe. Formulation : SL (solution liquide). Mode d\u2019action : Le Propamocarbe appartient \u00e0 la famille chimique des Carbamates. C\u2019est un fongicide dot\u00e9 de propri\u00e9t\u00e9s syst\u00e9miques avec une absorption foliaire et racinaire. Le propamocarbe a une action multi-sites agissant d\u2019une mani\u00e8re pr\u00e9ventive et curative sur les champignons pathog\u00e8nes . Le propamocarbe per turbe la formation des membranes cellulaires des pathog\u00e8nes par l\u2019inhibition de la biosynth\u00e8se des acides g ras et de la perm\u00e9abilit\u00e9 des par ois cellulaires. Byspore\u00ae affecte la germination des spores, le d\u00e9veloppement du myc\u00e9lium et la sporulation. Spectre d\u2019action : En application foliaire, Byspore\u00ae agit sur le mildiou de la pomme de t erre, de la tomate et des cucurbitac\u00e9es. En application au sol, Byspore\u00ae agit sur toutes les esp\u00e8ces de champignons qui provoquent les fontes de semis, sur les diff\u00e9rentes cultures. Pomme de terre :i Byspore\u00ae assure une bonne efficacit\u00e9 contre le mildiou de la pomme de terre. Il emp\u00eache la germination des spores, il b loque la croissance myc\u00e9lienne et stoppe la sporulation (activit\u00e9 anti-sporulante). Byspore\u00ae assure la protection des feuilles, des tiges et des nouvelles pousses. Ses propri\u00e9t\u00e9s pr\u00e9disposent l\u2019utilisation de Byspore\u00ae \u00e0 la croissance active de la pomme de terre et en v\u00e9g\u00e9tation stabilis\u00e9e. Byspore\u00ae peut \u00eatre utilis\u00e9 sur la pomme de terre en croissance active soit : \u2022 En solo (pour prot\u00e9ger les feuilles, les nouvelles pousses et les tiges). \u2022 En association a vec Fluzoki\u00ae (1 L\/ha Byspore\u00ae + 0.5 L\/ha Fluzoki\u00ae) pour renforcer l\u2019action de contact, l\u2019anti sporulation, prolonger la dur\u00e9e de protection et \u00e9largir le spectre d\u2019action sur l\u2019alternaria et scl\u00e9rotinia. \u2022 En association a vec Cyzoki\u00ae (1 L\/ha Byspore\u00ae + 0.4 L\/ha Cyzoki\u00ae) pour renforcer l\u2019action de cont act, l\u2019anti sporulation et prolonger la dur\u00e9e de protection. Byspore\u00ae peut \u00eatre utilis\u00e9 sur la pomme de terre en v\u00e9g\u00e9tation stabilis\u00e9e soit : \u2022 En association avec Fluzoki\u00ae(1 L\/ha Byspore\u00ae + 0.5 L\/ha Fluzoki\u00ae) pour renforcer l\u2019action de contact, l\u2019anti sporulation, prolonger la dur\u00e9e de protection, \u00e9largir le spectre d\u2019action sur l\u2019alternaria et assur er une protection, tr\u00e8s t\u00f4t, contre le mildiou des tubercules. \u2022 En association avec Cyzoki\u00ae(1 L\/ha Byspore\u00ae + 0.4 L\/ha Cyzoki\u00ae) pour renforcer l\u2019action de contact, l\u2019anti sporulation, prolonger la dur\u00e9e de protection et assurer une protection, tr\u00e8s t\u00f4t, contre le mildiou des tubercules et pr\u00e9venir ainsi la pourriture humide. Tomate, piment et poivron : Byspore\u00ae peut \u00eatre utilis\u00e9 au sol pour le contr\u00f4le des fontes de semis, d\u00e8s les premiers stades du d\u00e9veloppement de la culture. Byspore\u00ae contr\u00f4le efficacement le mildiou de la tomate, en application foliaire, \u00e0 tous les stades, principalement au stade croissance v\u00e9g\u00e9tative. Byspore\u00ae peut \u00eatre utilis\u00e9 en solo ou en association avec Fluzoki\u00ae (Byspore\u00ae 1 L\/ha + 0.5 L\/ha Fluzoki\u00ae) ou Cyzoki\u00ae (1 L\/ha Byspore\u00ae + 0.4 L\/ha Cyzoki\u00ae). d\u00e8s les premiers stades du d\u00e9veloppement de la culture. Past\u00e8que, melon et concombre : Byspore\u00ae peut \u00eatre utilis\u00e9 au sol pour le contr\u00f4le des fontes de semis, d\u00e8s les premiers stades du d\u00e9veloppement de la culture. Byspore\u00ae contr\u00f4le efficacement le mildiou des cucurbitac\u00e9es, en application foliaire, \u00e0 tous les stades, principalement au stade croissance v\u00e9g\u00e9tative. Byspore\u00ae peut \u00eatre utilis\u00e9 en solo ou en association avec Fluzoki\u00ae (1 L\/ha Byspore\u00ae + 0.5 L\/ha Fluzoki\u00ae) ou Cyzoki\u00ae (1 L\/ha Byspore\u00ae + 0.4 L\/ha Cyzoki\u00ae). Avantages de Byspore\u00ae : \u2022 Efficacit\u00e9 sur les diff\u00e9rents stades de d\u00e9veloppement du mildiou (germination des spores, croissance myc\u00e9lienne et sporulation). \u2022 Efficacit\u00e9 sur les champignons du sol. \u2022 Protection des feuilles, des tiges et des nouvelles pousses (croissance active). \u2022 A l\u2019abri de lessivage, efficacit\u00e9 2 heures apr\u00e8s l\u2019application. \u2022 Protection jusqu\u2019\u00e0 3 semaines contre la fonte des semis. Application et recommandation d\u2019usage :  \u00c9tant un produit avec des propri\u00e9t\u00e9s syst\u00e9miques nous recommandons de limiter les applications \u00e0 3 maximum par saison. Recommandations et mode d\u2019application : \u2022 Byspore\u00ae s\u2019utilise en traitement des par ties a\u00e9riennes, avec tous types d\u2019appareils de pulv\u00e9risation. \u2022 Le pulv\u00e9risateur devra \u00eatre parfaitement r\u00e9gl\u00e9 et la vitesse d\u2019avancement adapt\u00e9e. \u2022 En application foliaire, Byspore\u00ae doit \u00eatre appliqu\u00e9 2 heures avant toute pluie ou irrigation. \u2022 Byspore\u00ae s\u2019utilise contre les fontes de semis d\u00e8s les premiers stades de d\u00e9veloppement des plant es. Dans le cas de forte pression, respecter un d\u00e9lai de 7 jours pour faire un deuxi\u00e8me passage. \u2022 Appliquer Byspore\u00ae directement sur un sol suffisamment humidifi\u00e9.","og_url":"https:\/\/profert.dz\/fr\/index.php\/produit\/22135\/","og_site_name":"Profert","article_modified_time":"2023-08-22T14:35:24+00:00","og_image":[{"width":720,"height":658,"url":"https:\/\/profert.dz\/fr\/wp-content\/uploads\/2020\/08\/Byspore-1.jpg","type":"image\/jpeg"}],"twitter_card":"summary_large_image","schema":{"@context":"https:\/\/schema.org","@graph":[{"@type":"WebPage","@id":"https:\/\/profert.dz\/fr\/index.php\/produit\/22135\/","url":"https:\/\/profert.dz\/fr\/index.php\/produit\/22135\/","name":"Byspore\u00ae - Profert","isPartOf":{"@id":"https:\/\/profert.dz\/fr\/#website"},"primaryImageOfPage":{"@id":"https:\/\/profert.dz\/fr\/index.php\/produit\/22135\/#primaryimage"},"image":{"@id":"https:\/\/profert.dz\/fr\/index.php\/produit\/22135\/#primaryimage"},"thumbnailUrl":"https:\/\/profert.dz\/fr\/wp-content\/uploads\/2020\/08\/Byspore-1.jpg","datePublished":"2020-08-02T10:37:22+00:00","dateModified":"2023-08-22T14:35:24+00:00","breadcrumb":{"@id":"https:\/\/profert.dz\/fr\/index.php\/produit\/22135\/#breadcrumb"},"inLanguage":"fr-FR","potentialAction":[{"@type":"ReadAction","target":["https:\/\/profert.dz\/fr\/index.php\/produit\/22135\/"]}]},{"@type":"ImageObject","inLanguage":"fr-FR","@id":"https:\/\/profert.dz\/fr\/index.php\/produit\/22135\/#primaryimage","url":"https:\/\/profert.dz\/fr\/wp-content\/uploads\/2020\/08\/Byspore-1.jpg","contentUrl":"https:\/\/profert.dz\/fr\/wp-content\/uploads\/2020\/08\/Byspore-1.jpg","width":720,"height":658},{"@type":"BreadcrumbList","@id":"https:\/\/profert.dz\/fr\/index.php\/produit\/22135\/#breadcrumb","itemListElement":[{"@type":"ListItem","position":1,"name":"Accueil","item":"https:\/\/profert.dz\/fr\/"},{"@type":"ListItem","position":2,"name":"Produits","item":"https:\/\/profert.dz\/fr\/index.php\/boutique\/"},{"@type":"ListItem","position":3,"name":"Byspore\u00ae"}]},{"@type":"WebSite","@id":"https:\/\/profert.dz\/fr\/#website","url":"https:\/\/profert.dz\/fr\/","name":"Profert.dz","description":"Agriculture Alg\u00e9rie","potentialAction":[{"@type":"SearchAction","target":{"@type":"EntryPoint","urlTemplate":"https:\/\/profert.dz\/fr\/?s={search_term_string}"},"query-input":{"@type":"PropertyValueSpecification","valueRequired":true,"valueName":"search_term_string"}}],"inLanguage":"fr-FR"}]}},"_links":{"self":[{"href":"https:\/\/profert.dz\/fr\/index.php\/wp-json\/wp\/v2\/product\/22135"}],"collection":[{"href":"https:\/\/profert.dz\/fr\/index.php\/wp-json\/wp\/v2\/product"}],"about":[{"href":"https:\/\/profert.dz\/fr\/index.php\/wp-json\/wp\/v2\/types\/product"}],"wp:featuredmedia":[{"embeddable":true,"href":"https:\/\/profert.dz\/fr\/index.php\/wp-json\/wp\/v2\/media\/22274"}],"wp:attachment":[{"href":"https:\/\/profert.dz\/fr\/index.php\/wp-json\/wp\/v2\/media?parent=22135"}],"wp:term":[{"taxonomy":"product_brand","embeddable":true,"href":"https:\/\/profert.dz\/fr\/index.php\/wp-json\/wp\/v2\/product_brand?post=22135"},{"taxonomy":"product_cat","embeddable":true,"href":"https:\/\/profert.dz\/fr\/index.php\/wp-json\/wp\/v2\/product_cat?post=22135"},{"taxonomy":"product_tag","embeddable":true,"href":"https:\/\/profert.dz\/fr\/index.php\/wp-json\/wp\/v2\/product_tag?post=22135"}],"curies":[{"name":"wp","href":"https:\/\/api.w.org\/{rel}","templated":true}]}}