{"id":21777,"date":"2020-04-28T22:31:19","date_gmt":"2020-04-28T20:31:19","guid":{"rendered":"http:\/\/profert.dz\/fr\/?post_type=product&#038;p=21777"},"modified":"2025-09-16T09:43:32","modified_gmt":"2025-09-16T07:43:32","slug":"power-root","status":"publish","type":"product","link":"https:\/\/profert.dz\/fr\/index.php\/produit\/power-root\/","title":{"rendered":"Power Root <sup>\u00ae<\/sup>"},"content":{"rendered":"","protected":false},"excerpt":{"rendered":"<h2>La garantie de rendements \u00e9lev\u00e9s et pr\u00e9coces<\/h2>\n<p style=\"text-align: justify;\"><strong>COMPOSITION :<\/strong><br \/>\nAcides amin\u00e9s libres : 3,54%.<br \/>\nExtrait humique total : 7,2%.<br \/>\n&#8211; Acides humiques : 5,76%.<br \/>\n&#8211; Acides fulviques : 1,44%.<br \/>\nAzote total (N) : 2,65%.<br \/>\nAnhydride phosphorique (P<sub>2<\/sub>O<sub>5<\/sub>) : 2,82%.<br \/>\nOxyde de potassium (K<sub>2<\/sub>O) : 4,66%.<br \/>\nFer (Fe) ch\u00e9lat\u00e9 par EDDHA : 0,017%.<br \/>\nMangan\u00e8se (Mn) ch\u00e9lat\u00e9 par EDTA : 0,10%.<br \/>\nMolybd\u00e8ne (Mo) : 0,05%.<br \/>\nZinc (Zn) ch\u00e9lat\u00e9 par EDTA : 0,05%.<\/p>\n<p style=\"text-align: justify;\"><strong>FORMULATION :<\/strong><br \/>\nConcentr\u00e9 soluble (SL)<\/p>\n<p style=\"text-align: justify;\"><strong>CARACT\u00c9RISTIQUES<\/strong><br \/>\n<strong>Power Root<sup>\u00ae<\/sup> <\/strong>est une composition compl\u00e8te et \u00e9quilibr\u00e9e contenant des acides humiques, des acides amin\u00e9s, des \u00e9l\u00e9ments macr os (NPK) et des oligo-\u00e9l\u00e9ments.<br \/>\n<strong>Power Root<sup>\u00ae<\/sup><\/strong> stimule la croissance durant les premiers stades des plantes et les p\u00e9riodes critiques (repiquage, premiers stades de croissance active, foraison, nouaison, maturit\u00e9 et en g\u00e9n\u00e9ral toutes les p\u00e9riodes de stress).<br \/>\n<strong>Power Root<sup>\u00ae<\/sup><\/strong> est un pr oduit anti-stress \u00e0 utiliser au r epiquage, \u00e0 la plantation et lors de conditions climatiques d\u00e9favorables (stress hydrique, for te temp\u00e9rature, gels, s\u00e9cher esse,&#8230; etc).<br \/>\n<strong>Power Root<sup>\u00ae<\/sup><\/strong> am\u00e9liore la structure et les caract\u00e9ristiques chimiques du sol : meilleur e capacit\u00e9 d\u2019\u00e9changes cationiques, meilleure disponibilit\u00e9 des \u00e9l\u00e9ments nutritifs et leur assimilation par les racines gr\u00e2ce \u00e0 la capacit\u00e9 de ch\u00e9latation de <strong>Power Root<sup>\u00ae<\/sup><\/strong>.<\/p>\n<p style=\"text-align: justify;\"><strong>UTILISATION ET DOSES D\u2019EMPLOI :<\/strong><br \/>\n<img decoding=\"async\" class=\"alignnone wp-image-21779\" src=\"http:\/\/profert.dz\/fr\/wp-content\/uploads\/2020\/04\/Power-Root-Tab.jpg\" alt=\"\" width=\"400\" height=\"143\" srcset=\"https:\/\/profert.dz\/fr\/wp-content\/uploads\/2020\/04\/Power-Root-Tab-120x43.jpg 120w, https:\/\/profert.dz\/fr\/wp-content\/uploads\/2020\/04\/Power-Root-Tab-200x72.jpg 200w, https:\/\/profert.dz\/fr\/wp-content\/uploads\/2020\/04\/Power-Root-Tab-300x107.jpg 300w, https:\/\/profert.dz\/fr\/wp-content\/uploads\/2020\/04\/Power-Root-Tab-400x143.jpg 400w, https:\/\/profert.dz\/fr\/wp-content\/uploads\/2020\/04\/Power-Root-Tab-500x179.jpg 500w, https:\/\/profert.dz\/fr\/wp-content\/uploads\/2020\/04\/Power-Root-Tab-600x215.jpg 600w, https:\/\/profert.dz\/fr\/wp-content\/uploads\/2020\/04\/Power-Root-Tab-700x250.jpg 700w, https:\/\/profert.dz\/fr\/wp-content\/uploads\/2020\/04\/Power-Root-Tab-768x275.jpg 768w, https:\/\/profert.dz\/fr\/wp-content\/uploads\/2020\/04\/Power-Root-Tab.jpg 800w\" sizes=\"(max-width: 400px) 100vw, 400px\" \/><\/p>\n<p style=\"text-align: justify;\"><strong>COMPATIBILIT\u00c9 :<\/strong><br \/>\n<strong>Power Root<sup>\u00ae<\/sup><\/strong>est compatible avec la plupart des engrais et produits phytosanitaires sauf les huiles min\u00e9rales, le nitrate de calcium, et les produits acides.<br \/>\nEffectuer un essai avant l\u2019emploi.<\/p>\n","protected":false},"featured_media":13439,"template":"","meta":[],"product_brand":[],"product_cat":[77],"product_tag":[],"class_list":{"0":"post-21777","1":"product","2":"type-product","3":"status-publish","4":"has-post-thumbnail","6":"product_cat-biostimulant","8":"first","9":"instock","10":"shipping-taxable","11":"product-type-simple"},"yoast_head":"<!-- This site is optimized with the Yoast SEO plugin v25.6 - https:\/\/yoast.com\/wordpress\/plugins\/seo\/ -->\n<title>Power Root \u00ae - Profert<\/title>\n<meta name=\"robots\" content=\"index, follow, max-snippet:-1, max-image-preview:large, max-video-preview:-1\" \/>\n<link rel=\"canonical\" href=\"https:\/\/profert.dz\/fr\/index.php\/produit\/power-root\/\" \/>\n<meta property=\"og:locale\" content=\"fr_FR\" \/>\n<meta property=\"og:type\" content=\"article\" \/>\n<meta property=\"og:title\" content=\"Power Root \u00ae - Profert\" \/>\n<meta property=\"og:description\" content=\"La garantie de rendements \u00e9lev\u00e9s et pr\u00e9coces COMPOSITION : Acides amin\u00e9s libres : 3,54%. Extrait humique total : 7,2%. - Acides humiques : 5,76%. - Acides fulviques : 1,44%. Azote total (N) : 2,65%. Anhydride phosphorique (P2O5) : 2,82%. Oxyde de potassium (K2O) : 4,66%. Fer (Fe) ch\u00e9lat\u00e9 par EDDHA : 0,017%. Mangan\u00e8se (Mn) ch\u00e9lat\u00e9 par EDTA : 0,10%. Molybd\u00e8ne (Mo) : 0,05%. Zinc (Zn) ch\u00e9lat\u00e9 par EDTA : 0,05%. FORMULATION : Concentr\u00e9 soluble (SL) CARACT\u00c9RISTIQUES Power Root\u00ae est une composition compl\u00e8te et \u00e9quilibr\u00e9e contenant des acides humiques, des acides amin\u00e9s, des \u00e9l\u00e9ments macr os (NPK) et des oligo-\u00e9l\u00e9ments. Power Root\u00ae stimule la croissance durant les premiers stades des plantes et les p\u00e9riodes critiques (repiquage, premiers stades de croissance active, foraison, nouaison, maturit\u00e9 et en g\u00e9n\u00e9ral toutes les p\u00e9riodes de stress). Power Root\u00ae est un pr oduit anti-stress \u00e0 utiliser au r epiquage, \u00e0 la plantation et lors de conditions climatiques d\u00e9favorables (stress hydrique, for te temp\u00e9rature, gels, s\u00e9cher esse,... etc). Power Root\u00ae am\u00e9liore la structure et les caract\u00e9ristiques chimiques du sol : meilleur e capacit\u00e9 d\u2019\u00e9changes cationiques, meilleure disponibilit\u00e9 des \u00e9l\u00e9ments nutritifs et leur assimilation par les racines gr\u00e2ce \u00e0 la capacit\u00e9 de ch\u00e9latation de Power Root\u00ae. UTILISATION ET DOSES D\u2019EMPLOI :  COMPATIBILIT\u00c9 : Power Root\u00aeest compatible avec la plupart des engrais et produits phytosanitaires sauf les huiles min\u00e9rales, le nitrate de calcium, et les produits acides. Effectuer un essai avant l\u2019emploi.\" \/>\n<meta property=\"og:url\" content=\"https:\/\/profert.dz\/fr\/index.php\/produit\/power-root\/\" \/>\n<meta property=\"og:site_name\" content=\"Profert\" \/>\n<meta property=\"article:modified_time\" content=\"2025-09-16T07:43:32+00:00\" \/>\n<meta property=\"og:image\" content=\"https:\/\/profert.dz\/fr\/wp-content\/uploads\/2017\/09\/Power-Root-Comp.jpg\" \/>\n\t<meta property=\"og:image:width\" content=\"720\" \/>\n\t<meta property=\"og:image:height\" content=\"658\" \/>\n\t<meta property=\"og:image:type\" content=\"image\/jpeg\" \/>\n<meta name=\"twitter:card\" content=\"summary_large_image\" \/>\n<meta name=\"twitter:label1\" content=\"Dur\u00e9e de lecture estim\u00e9e\" \/>\n\t<meta name=\"twitter:data1\" content=\"1 minute\" \/>\n<script type=\"application\/ld+json\" class=\"yoast-schema-graph\">{\"@context\":\"https:\/\/schema.org\",\"@graph\":[{\"@type\":\"WebPage\",\"@id\":\"https:\/\/profert.dz\/fr\/index.php\/produit\/power-root\/\",\"url\":\"https:\/\/profert.dz\/fr\/index.php\/produit\/power-root\/\",\"name\":\"Power Root \u00ae - Profert\",\"isPartOf\":{\"@id\":\"https:\/\/profert.dz\/fr\/#website\"},\"primaryImageOfPage\":{\"@id\":\"https:\/\/profert.dz\/fr\/index.php\/produit\/power-root\/#primaryimage\"},\"image\":{\"@id\":\"https:\/\/profert.dz\/fr\/index.php\/produit\/power-root\/#primaryimage\"},\"thumbnailUrl\":\"https:\/\/profert.dz\/fr\/wp-content\/uploads\/2017\/09\/Power-Root-Comp.jpg\",\"datePublished\":\"2020-04-28T20:31:19+00:00\",\"dateModified\":\"2025-09-16T07:43:32+00:00\",\"breadcrumb\":{\"@id\":\"https:\/\/profert.dz\/fr\/index.php\/produit\/power-root\/#breadcrumb\"},\"inLanguage\":\"fr-FR\",\"potentialAction\":[{\"@type\":\"ReadAction\",\"target\":[\"https:\/\/profert.dz\/fr\/index.php\/produit\/power-root\/\"]}]},{\"@type\":\"ImageObject\",\"inLanguage\":\"fr-FR\",\"@id\":\"https:\/\/profert.dz\/fr\/index.php\/produit\/power-root\/#primaryimage\",\"url\":\"https:\/\/profert.dz\/fr\/wp-content\/uploads\/2017\/09\/Power-Root-Comp.jpg\",\"contentUrl\":\"https:\/\/profert.dz\/fr\/wp-content\/uploads\/2017\/09\/Power-Root-Comp.jpg\",\"width\":720,\"height\":658},{\"@type\":\"BreadcrumbList\",\"@id\":\"https:\/\/profert.dz\/fr\/index.php\/produit\/power-root\/#breadcrumb\",\"itemListElement\":[{\"@type\":\"ListItem\",\"position\":1,\"name\":\"Accueil\",\"item\":\"https:\/\/profert.dz\/fr\/\"},{\"@type\":\"ListItem\",\"position\":2,\"name\":\"Produits\",\"item\":\"https:\/\/profert.dz\/fr\/index.php\/boutique\/\"},{\"@type\":\"ListItem\",\"position\":3,\"name\":\"Power Root \u00ae\"}]},{\"@type\":\"WebSite\",\"@id\":\"https:\/\/profert.dz\/fr\/#website\",\"url\":\"https:\/\/profert.dz\/fr\/\",\"name\":\"Profert.dz\",\"description\":\"Agriculture Alg\u00e9rie\",\"potentialAction\":[{\"@type\":\"SearchAction\",\"target\":{\"@type\":\"EntryPoint\",\"urlTemplate\":\"https:\/\/profert.dz\/fr\/?s={search_term_string}\"},\"query-input\":{\"@type\":\"PropertyValueSpecification\",\"valueRequired\":true,\"valueName\":\"search_term_string\"}}],\"inLanguage\":\"fr-FR\"}]}<\/script>\n<!-- \/ Yoast SEO plugin. -->","yoast_head_json":{"title":"Power Root \u00ae - Profert","robots":{"index":"index","follow":"follow","max-snippet":"max-snippet:-1","max-image-preview":"max-image-preview:large","max-video-preview":"max-video-preview:-1"},"canonical":"https:\/\/profert.dz\/fr\/index.php\/produit\/power-root\/","og_locale":"fr_FR","og_type":"article","og_title":"Power Root \u00ae - Profert","og_description":"La garantie de rendements \u00e9lev\u00e9s et pr\u00e9coces COMPOSITION : Acides amin\u00e9s libres : 3,54%. Extrait humique total : 7,2%. - Acides humiques : 5,76%. - Acides fulviques : 1,44%. Azote total (N) : 2,65%. Anhydride phosphorique (P2O5) : 2,82%. Oxyde de potassium (K2O) : 4,66%. Fer (Fe) ch\u00e9lat\u00e9 par EDDHA : 0,017%. Mangan\u00e8se (Mn) ch\u00e9lat\u00e9 par EDTA : 0,10%. Molybd\u00e8ne (Mo) : 0,05%. Zinc (Zn) ch\u00e9lat\u00e9 par EDTA : 0,05%. FORMULATION : Concentr\u00e9 soluble (SL) CARACT\u00c9RISTIQUES Power Root\u00ae est une composition compl\u00e8te et \u00e9quilibr\u00e9e contenant des acides humiques, des acides amin\u00e9s, des \u00e9l\u00e9ments macr os (NPK) et des oligo-\u00e9l\u00e9ments. Power Root\u00ae stimule la croissance durant les premiers stades des plantes et les p\u00e9riodes critiques (repiquage, premiers stades de croissance active, foraison, nouaison, maturit\u00e9 et en g\u00e9n\u00e9ral toutes les p\u00e9riodes de stress). Power Root\u00ae est un pr oduit anti-stress \u00e0 utiliser au r epiquage, \u00e0 la plantation et lors de conditions climatiques d\u00e9favorables (stress hydrique, for te temp\u00e9rature, gels, s\u00e9cher esse,... etc). Power Root\u00ae am\u00e9liore la structure et les caract\u00e9ristiques chimiques du sol : meilleur e capacit\u00e9 d\u2019\u00e9changes cationiques, meilleure disponibilit\u00e9 des \u00e9l\u00e9ments nutritifs et leur assimilation par les racines gr\u00e2ce \u00e0 la capacit\u00e9 de ch\u00e9latation de Power Root\u00ae. UTILISATION ET DOSES D\u2019EMPLOI :  COMPATIBILIT\u00c9 : Power Root\u00aeest compatible avec la plupart des engrais et produits phytosanitaires sauf les huiles min\u00e9rales, le nitrate de calcium, et les produits acides. Effectuer un essai avant l\u2019emploi.","og_url":"https:\/\/profert.dz\/fr\/index.php\/produit\/power-root\/","og_site_name":"Profert","article_modified_time":"2025-09-16T07:43:32+00:00","og_image":[{"width":720,"height":658,"url":"https:\/\/profert.dz\/fr\/wp-content\/uploads\/2017\/09\/Power-Root-Comp.jpg","type":"image\/jpeg"}],"twitter_card":"summary_large_image","twitter_misc":{"Dur\u00e9e de lecture estim\u00e9e":"1 minute"},"schema":{"@context":"https:\/\/schema.org","@graph":[{"@type":"WebPage","@id":"https:\/\/profert.dz\/fr\/index.php\/produit\/power-root\/","url":"https:\/\/profert.dz\/fr\/index.php\/produit\/power-root\/","name":"Power Root \u00ae - Profert","isPartOf":{"@id":"https:\/\/profert.dz\/fr\/#website"},"primaryImageOfPage":{"@id":"https:\/\/profert.dz\/fr\/index.php\/produit\/power-root\/#primaryimage"},"image":{"@id":"https:\/\/profert.dz\/fr\/index.php\/produit\/power-root\/#primaryimage"},"thumbnailUrl":"https:\/\/profert.dz\/fr\/wp-content\/uploads\/2017\/09\/Power-Root-Comp.jpg","datePublished":"2020-04-28T20:31:19+00:00","dateModified":"2025-09-16T07:43:32+00:00","breadcrumb":{"@id":"https:\/\/profert.dz\/fr\/index.php\/produit\/power-root\/#breadcrumb"},"inLanguage":"fr-FR","potentialAction":[{"@type":"ReadAction","target":["https:\/\/profert.dz\/fr\/index.php\/produit\/power-root\/"]}]},{"@type":"ImageObject","inLanguage":"fr-FR","@id":"https:\/\/profert.dz\/fr\/index.php\/produit\/power-root\/#primaryimage","url":"https:\/\/profert.dz\/fr\/wp-content\/uploads\/2017\/09\/Power-Root-Comp.jpg","contentUrl":"https:\/\/profert.dz\/fr\/wp-content\/uploads\/2017\/09\/Power-Root-Comp.jpg","width":720,"height":658},{"@type":"BreadcrumbList","@id":"https:\/\/profert.dz\/fr\/index.php\/produit\/power-root\/#breadcrumb","itemListElement":[{"@type":"ListItem","position":1,"name":"Accueil","item":"https:\/\/profert.dz\/fr\/"},{"@type":"ListItem","position":2,"name":"Produits","item":"https:\/\/profert.dz\/fr\/index.php\/boutique\/"},{"@type":"ListItem","position":3,"name":"Power Root \u00ae"}]},{"@type":"WebSite","@id":"https:\/\/profert.dz\/fr\/#website","url":"https:\/\/profert.dz\/fr\/","name":"Profert.dz","description":"Agriculture Alg\u00e9rie","potentialAction":[{"@type":"SearchAction","target":{"@type":"EntryPoint","urlTemplate":"https:\/\/profert.dz\/fr\/?s={search_term_string}"},"query-input":{"@type":"PropertyValueSpecification","valueRequired":true,"valueName":"search_term_string"}}],"inLanguage":"fr-FR"}]}},"_links":{"self":[{"href":"https:\/\/profert.dz\/fr\/index.php\/wp-json\/wp\/v2\/product\/21777"}],"collection":[{"href":"https:\/\/profert.dz\/fr\/index.php\/wp-json\/wp\/v2\/product"}],"about":[{"href":"https:\/\/profert.dz\/fr\/index.php\/wp-json\/wp\/v2\/types\/product"}],"wp:featuredmedia":[{"embeddable":true,"href":"https:\/\/profert.dz\/fr\/index.php\/wp-json\/wp\/v2\/media\/13439"}],"wp:attachment":[{"href":"https:\/\/profert.dz\/fr\/index.php\/wp-json\/wp\/v2\/media?parent=21777"}],"wp:term":[{"taxonomy":"product_brand","embeddable":true,"href":"https:\/\/profert.dz\/fr\/index.php\/wp-json\/wp\/v2\/product_brand?post=21777"},{"taxonomy":"product_cat","embeddable":true,"href":"https:\/\/profert.dz\/fr\/index.php\/wp-json\/wp\/v2\/product_cat?post=21777"},{"taxonomy":"product_tag","embeddable":true,"href":"https:\/\/profert.dz\/fr\/index.php\/wp-json\/wp\/v2\/product_tag?post=21777"}],"curies":[{"name":"wp","href":"https:\/\/api.w.org\/{rel}","templated":true}]}}