{"id":21364,"date":"2020-03-04T09:13:47","date_gmt":"2020-03-04T08:13:47","guid":{"rendered":"http:\/\/profert.dz\/fr\/?post_type=product&#038;p=21364"},"modified":"2023-08-21T12:45:13","modified_gmt":"2023-08-21T10:45:13","slug":"velum-prime","status":"publish","type":"product","link":"https:\/\/profert.dz\/fr\/index.php\/produit\/velum-prime\/","title":{"rendered":"Velum Prime"},"content":{"rendered":"","protected":false},"excerpt":{"rendered":"<p style=\"text-align: justify;\"><strong>Formulation\u00a0:<\/strong> SC (Suspension concentr\u00e9e).<br \/>\n<strong>Mati\u00e8re active\u00a0:<\/strong> Fluopyram.<br \/>\n<strong>Famille chimique\u00a0:<\/strong> Pyridinyl-\u00e9thyl-benzamides.<br \/>\n<strong>Concentration\u00a0:<\/strong> 400 g\/L.a<\/p>\n<p style=\"text-align: justify;\"><strong>Velum Prime<\/strong> offre, gr\u00e2ce \u00e0 son nouveau mode d\u2019action, une v\u00e9ritable innovation sur le march\u00e9 des n\u00e9maticides. Il contient du Fluopyram qui agit principalement sur les n\u00e9matodes \u00e0 galles (meloidogyne spp) et les n\u00e9matodes \u00e0 kystes (Heterodera spp, Globodera Spp).<br \/>\n<strong>Velum Prime<\/strong> est un produit syst\u00e9mique qui agit sur le syst\u00e8me respiratoire du n\u00e9matode en inhibant la succinate d\u00e9shydrog\u00e9nase (SDHI).<br \/>\n<strong>Velum Prime assure :<\/strong><br \/>\n\u2022 Un contr\u00f4le rapide et de longue dur\u00e9e des n\u00e9matodes.<br \/>\n\u2022 Un niveau d\u2019efficacit\u00e9 sup\u00e9rieur aux r\u00e9f\u00e9rences du march\u00e9.<br \/>\n\u2022 Une distribution homog\u00e8ne dans la rhizosph\u00e8re de la plante.<br \/>\n\u2022 Une facilit\u00e9 d\u2019emploi avec l\u2019irrigation au goutte \u00e0 goutte.<\/p>\n<p><strong>Utilisations et doses d\u2019emploi<\/strong><br \/>\n<img decoding=\"async\" class=\"alignnone wp-image-21365 size-full\" src=\"http:\/\/profert.dz\/fr\/wp-content\/uploads\/2020\/03\/Velum-Prime.jpg\" alt=\"\" width=\"593\" height=\"39\" srcset=\"https:\/\/profert.dz\/fr\/wp-content\/uploads\/2020\/03\/Velum-Prime-120x8.jpg 120w, https:\/\/profert.dz\/fr\/wp-content\/uploads\/2020\/03\/Velum-Prime-200x13.jpg 200w, https:\/\/profert.dz\/fr\/wp-content\/uploads\/2020\/03\/Velum-Prime-300x20.jpg 300w, https:\/\/profert.dz\/fr\/wp-content\/uploads\/2020\/03\/Velum-Prime-400x26.jpg 400w, https:\/\/profert.dz\/fr\/wp-content\/uploads\/2020\/03\/Velum-Prime-500x33.jpg 500w, https:\/\/profert.dz\/fr\/wp-content\/uploads\/2020\/03\/Velum-Prime.jpg 593w\" sizes=\"(max-width: 593px) 100vw, 593px\" \/><\/p>\n<table border=\"0\" width=\"600\">\n<tbody>\n<tr>\n<td>[wpdm_package id='26466']<\/td>\n<td><\/td>\n<\/tr>\n<\/tbody>\n<\/table>\n","protected":false},"featured_media":21369,"template":"","meta":[],"product_brand":[],"product_cat":[147],"product_tag":[],"class_list":{"0":"post-21364","1":"product","2":"type-product","3":"status-publish","4":"has-post-thumbnail","6":"product_cat-nematicides","8":"first","9":"instock","10":"shipping-taxable","11":"product-type-simple"},"yoast_head":"<!-- This site is optimized with the Yoast SEO plugin v25.6 - https:\/\/yoast.com\/wordpress\/plugins\/seo\/ -->\n<title>Velum Prime - Profert<\/title>\n<meta name=\"robots\" content=\"index, follow, max-snippet:-1, max-image-preview:large, max-video-preview:-1\" \/>\n<link rel=\"canonical\" href=\"https:\/\/profert.dz\/fr\/index.php\/produit\/velum-prime\/\" \/>\n<meta property=\"og:locale\" content=\"fr_FR\" \/>\n<meta property=\"og:type\" content=\"article\" \/>\n<meta property=\"og:title\" content=\"Velum Prime - Profert\" \/>\n<meta property=\"og:description\" content=\"Formulation\u00a0: SC (Suspension concentr\u00e9e). Mati\u00e8re active\u00a0: Fluopyram. Famille chimique\u00a0: Pyridinyl-\u00e9thyl-benzamides. Concentration\u00a0: 400 g\/L.a Velum Prime offre, gr\u00e2ce \u00e0 son nouveau mode d\u2019action, une v\u00e9ritable innovation sur le march\u00e9 des n\u00e9maticides. Il contient du Fluopyram qui agit principalement sur les n\u00e9matodes \u00e0 galles (meloidogyne spp) et les n\u00e9matodes \u00e0 kystes (Heterodera spp, Globodera Spp). Velum Prime est un produit syst\u00e9mique qui agit sur le syst\u00e8me respiratoire du n\u00e9matode en inhibant la succinate d\u00e9shydrog\u00e9nase (SDHI). Velum Prime assure : \u2022 Un contr\u00f4le rapide et de longue dur\u00e9e des n\u00e9matodes. \u2022 Un niveau d\u2019efficacit\u00e9 sup\u00e9rieur aux r\u00e9f\u00e9rences du march\u00e9. \u2022 Une distribution homog\u00e8ne dans la rhizosph\u00e8re de la plante. \u2022 Une facilit\u00e9 d\u2019emploi avec l\u2019irrigation au goutte \u00e0 goutte. Utilisations et doses d\u2019emploi\" \/>\n<meta property=\"og:url\" content=\"https:\/\/profert.dz\/fr\/index.php\/produit\/velum-prime\/\" \/>\n<meta property=\"og:site_name\" content=\"Profert\" \/>\n<meta property=\"article:modified_time\" content=\"2023-08-21T10:45:13+00:00\" \/>\n<meta property=\"og:image\" content=\"https:\/\/profert.dz\/fr\/wp-content\/uploads\/2020\/03\/velum.jpg\" \/>\n\t<meta property=\"og:image:width\" content=\"720\" \/>\n\t<meta property=\"og:image:height\" content=\"658\" \/>\n\t<meta property=\"og:image:type\" content=\"image\/jpeg\" \/>\n<meta name=\"twitter:card\" content=\"summary_large_image\" \/>\n<script type=\"application\/ld+json\" class=\"yoast-schema-graph\">{\"@context\":\"https:\/\/schema.org\",\"@graph\":[{\"@type\":\"WebPage\",\"@id\":\"https:\/\/profert.dz\/fr\/index.php\/produit\/velum-prime\/\",\"url\":\"https:\/\/profert.dz\/fr\/index.php\/produit\/velum-prime\/\",\"name\":\"Velum Prime - Profert\",\"isPartOf\":{\"@id\":\"https:\/\/profert.dz\/fr\/#website\"},\"primaryImageOfPage\":{\"@id\":\"https:\/\/profert.dz\/fr\/index.php\/produit\/velum-prime\/#primaryimage\"},\"image\":{\"@id\":\"https:\/\/profert.dz\/fr\/index.php\/produit\/velum-prime\/#primaryimage\"},\"thumbnailUrl\":\"https:\/\/profert.dz\/fr\/wp-content\/uploads\/2020\/03\/velum.jpg\",\"datePublished\":\"2020-03-04T08:13:47+00:00\",\"dateModified\":\"2023-08-21T10:45:13+00:00\",\"breadcrumb\":{\"@id\":\"https:\/\/profert.dz\/fr\/index.php\/produit\/velum-prime\/#breadcrumb\"},\"inLanguage\":\"fr-FR\",\"potentialAction\":[{\"@type\":\"ReadAction\",\"target\":[\"https:\/\/profert.dz\/fr\/index.php\/produit\/velum-prime\/\"]}]},{\"@type\":\"ImageObject\",\"inLanguage\":\"fr-FR\",\"@id\":\"https:\/\/profert.dz\/fr\/index.php\/produit\/velum-prime\/#primaryimage\",\"url\":\"https:\/\/profert.dz\/fr\/wp-content\/uploads\/2020\/03\/velum.jpg\",\"contentUrl\":\"https:\/\/profert.dz\/fr\/wp-content\/uploads\/2020\/03\/velum.jpg\",\"width\":720,\"height\":658},{\"@type\":\"BreadcrumbList\",\"@id\":\"https:\/\/profert.dz\/fr\/index.php\/produit\/velum-prime\/#breadcrumb\",\"itemListElement\":[{\"@type\":\"ListItem\",\"position\":1,\"name\":\"Accueil\",\"item\":\"https:\/\/profert.dz\/fr\/\"},{\"@type\":\"ListItem\",\"position\":2,\"name\":\"Produits\",\"item\":\"https:\/\/profert.dz\/fr\/index.php\/boutique\/\"},{\"@type\":\"ListItem\",\"position\":3,\"name\":\"Velum Prime\"}]},{\"@type\":\"WebSite\",\"@id\":\"https:\/\/profert.dz\/fr\/#website\",\"url\":\"https:\/\/profert.dz\/fr\/\",\"name\":\"Profert.dz\",\"description\":\"Agriculture Alg\u00e9rie\",\"potentialAction\":[{\"@type\":\"SearchAction\",\"target\":{\"@type\":\"EntryPoint\",\"urlTemplate\":\"https:\/\/profert.dz\/fr\/?s={search_term_string}\"},\"query-input\":{\"@type\":\"PropertyValueSpecification\",\"valueRequired\":true,\"valueName\":\"search_term_string\"}}],\"inLanguage\":\"fr-FR\"}]}<\/script>\n<!-- \/ Yoast SEO plugin. -->","yoast_head_json":{"title":"Velum Prime - Profert","robots":{"index":"index","follow":"follow","max-snippet":"max-snippet:-1","max-image-preview":"max-image-preview:large","max-video-preview":"max-video-preview:-1"},"canonical":"https:\/\/profert.dz\/fr\/index.php\/produit\/velum-prime\/","og_locale":"fr_FR","og_type":"article","og_title":"Velum Prime - Profert","og_description":"Formulation\u00a0: SC (Suspension concentr\u00e9e). Mati\u00e8re active\u00a0: Fluopyram. Famille chimique\u00a0: Pyridinyl-\u00e9thyl-benzamides. Concentration\u00a0: 400 g\/L.a Velum Prime offre, gr\u00e2ce \u00e0 son nouveau mode d\u2019action, une v\u00e9ritable innovation sur le march\u00e9 des n\u00e9maticides. Il contient du Fluopyram qui agit principalement sur les n\u00e9matodes \u00e0 galles (meloidogyne spp) et les n\u00e9matodes \u00e0 kystes (Heterodera spp, Globodera Spp). Velum Prime est un produit syst\u00e9mique qui agit sur le syst\u00e8me respiratoire du n\u00e9matode en inhibant la succinate d\u00e9shydrog\u00e9nase (SDHI). Velum Prime assure : \u2022 Un contr\u00f4le rapide et de longue dur\u00e9e des n\u00e9matodes. \u2022 Un niveau d\u2019efficacit\u00e9 sup\u00e9rieur aux r\u00e9f\u00e9rences du march\u00e9. \u2022 Une distribution homog\u00e8ne dans la rhizosph\u00e8re de la plante. \u2022 Une facilit\u00e9 d\u2019emploi avec l\u2019irrigation au goutte \u00e0 goutte. Utilisations et doses d\u2019emploi","og_url":"https:\/\/profert.dz\/fr\/index.php\/produit\/velum-prime\/","og_site_name":"Profert","article_modified_time":"2023-08-21T10:45:13+00:00","og_image":[{"width":720,"height":658,"url":"https:\/\/profert.dz\/fr\/wp-content\/uploads\/2020\/03\/velum.jpg","type":"image\/jpeg"}],"twitter_card":"summary_large_image","schema":{"@context":"https:\/\/schema.org","@graph":[{"@type":"WebPage","@id":"https:\/\/profert.dz\/fr\/index.php\/produit\/velum-prime\/","url":"https:\/\/profert.dz\/fr\/index.php\/produit\/velum-prime\/","name":"Velum Prime - Profert","isPartOf":{"@id":"https:\/\/profert.dz\/fr\/#website"},"primaryImageOfPage":{"@id":"https:\/\/profert.dz\/fr\/index.php\/produit\/velum-prime\/#primaryimage"},"image":{"@id":"https:\/\/profert.dz\/fr\/index.php\/produit\/velum-prime\/#primaryimage"},"thumbnailUrl":"https:\/\/profert.dz\/fr\/wp-content\/uploads\/2020\/03\/velum.jpg","datePublished":"2020-03-04T08:13:47+00:00","dateModified":"2023-08-21T10:45:13+00:00","breadcrumb":{"@id":"https:\/\/profert.dz\/fr\/index.php\/produit\/velum-prime\/#breadcrumb"},"inLanguage":"fr-FR","potentialAction":[{"@type":"ReadAction","target":["https:\/\/profert.dz\/fr\/index.php\/produit\/velum-prime\/"]}]},{"@type":"ImageObject","inLanguage":"fr-FR","@id":"https:\/\/profert.dz\/fr\/index.php\/produit\/velum-prime\/#primaryimage","url":"https:\/\/profert.dz\/fr\/wp-content\/uploads\/2020\/03\/velum.jpg","contentUrl":"https:\/\/profert.dz\/fr\/wp-content\/uploads\/2020\/03\/velum.jpg","width":720,"height":658},{"@type":"BreadcrumbList","@id":"https:\/\/profert.dz\/fr\/index.php\/produit\/velum-prime\/#breadcrumb","itemListElement":[{"@type":"ListItem","position":1,"name":"Accueil","item":"https:\/\/profert.dz\/fr\/"},{"@type":"ListItem","position":2,"name":"Produits","item":"https:\/\/profert.dz\/fr\/index.php\/boutique\/"},{"@type":"ListItem","position":3,"name":"Velum Prime"}]},{"@type":"WebSite","@id":"https:\/\/profert.dz\/fr\/#website","url":"https:\/\/profert.dz\/fr\/","name":"Profert.dz","description":"Agriculture Alg\u00e9rie","potentialAction":[{"@type":"SearchAction","target":{"@type":"EntryPoint","urlTemplate":"https:\/\/profert.dz\/fr\/?s={search_term_string}"},"query-input":{"@type":"PropertyValueSpecification","valueRequired":true,"valueName":"search_term_string"}}],"inLanguage":"fr-FR"}]}},"_links":{"self":[{"href":"https:\/\/profert.dz\/fr\/index.php\/wp-json\/wp\/v2\/product\/21364"}],"collection":[{"href":"https:\/\/profert.dz\/fr\/index.php\/wp-json\/wp\/v2\/product"}],"about":[{"href":"https:\/\/profert.dz\/fr\/index.php\/wp-json\/wp\/v2\/types\/product"}],"wp:featuredmedia":[{"embeddable":true,"href":"https:\/\/profert.dz\/fr\/index.php\/wp-json\/wp\/v2\/media\/21369"}],"wp:attachment":[{"href":"https:\/\/profert.dz\/fr\/index.php\/wp-json\/wp\/v2\/media?parent=21364"}],"wp:term":[{"taxonomy":"product_brand","embeddable":true,"href":"https:\/\/profert.dz\/fr\/index.php\/wp-json\/wp\/v2\/product_brand?post=21364"},{"taxonomy":"product_cat","embeddable":true,"href":"https:\/\/profert.dz\/fr\/index.php\/wp-json\/wp\/v2\/product_cat?post=21364"},{"taxonomy":"product_tag","embeddable":true,"href":"https:\/\/profert.dz\/fr\/index.php\/wp-json\/wp\/v2\/product_tag?post=21364"}],"curies":[{"name":"wp","href":"https:\/\/api.w.org\/{rel}","templated":true}]}}