{"id":21359,"date":"2020-03-04T08:54:26","date_gmt":"2020-03-04T07:54:26","guid":{"rendered":"http:\/\/profert.dz\/fr\/?post_type=product&#038;p=21359"},"modified":"2023-08-22T16:33:22","modified_gmt":"2023-08-22T14:33:22","slug":"infinito","status":"publish","type":"product","link":"https:\/\/profert.dz\/fr\/index.php\/produit\/infinito\/","title":{"rendered":"Infinito<sup>\u00ae<\/sup>"},"content":{"rendered":"","protected":false},"excerpt":{"rendered":"<p style=\"text-align: justify;\"><strong>Formulation\u00a0:<\/strong> SC (Suspension concentr\u00e9e).<br \/>\n<strong>Mati\u00e8re active\u00a0:<\/strong> Fluopicolide + Propamocarbe HCL.<br \/>\n<strong>Famille chimique\u00a0: <\/strong>Acylpicolides+ Carbamates.<br \/>\n<strong>Concentration\u00a0:<\/strong> 62.5 g\/L + 625 g\/L.<\/p>\n<p style=\"text-align: justify;\"><strong>Infinito<\/strong> est un fongicide associant deux mati\u00e8res actives : le Fluopicolide et le Propamocarbe.<br \/>\nLe fluopicolide poss\u00e8de un effet translaminaire, il agit de mani\u00e8re pr\u00e9ventive sur les spores, leur germination et emp\u00eache leur p\u00e9n\u00e9tration dans la plante.<br \/>\nLe propamocarbe poss\u00e8de un effet syst\u00e9mique. Il a une action pr\u00e9ventive et curative. Il inhibe la croissance du myc\u00e9lium et la sporulation du champignon.<br \/>\nL\u2019association des deux mati\u00e8res actives conf\u00e8re \u00e0 l\u2019Infinito une efficacit\u00e9 \u00e9lev\u00e9e sur tous les stades du champignon.<\/p>\n<p><strong>Utilisations et doses d\u2019emploi<\/strong><br \/>\n<img decoding=\"async\" class=\"alignnone size-full wp-image-21361\" src=\"http:\/\/profert.dz\/fr\/wp-content\/uploads\/2020\/03\/Tab-Infinito.jpg\" alt=\"\" width=\"591\" height=\"39\" srcset=\"https:\/\/profert.dz\/fr\/wp-content\/uploads\/2020\/03\/Tab-Infinito-120x8.jpg 120w, https:\/\/profert.dz\/fr\/wp-content\/uploads\/2020\/03\/Tab-Infinito-200x13.jpg 200w, https:\/\/profert.dz\/fr\/wp-content\/uploads\/2020\/03\/Tab-Infinito-300x20.jpg 300w, https:\/\/profert.dz\/fr\/wp-content\/uploads\/2020\/03\/Tab-Infinito-400x26.jpg 400w, https:\/\/profert.dz\/fr\/wp-content\/uploads\/2020\/03\/Tab-Infinito-500x33.jpg 500w, https:\/\/profert.dz\/fr\/wp-content\/uploads\/2020\/03\/Tab-Infinito.jpg 591w\" sizes=\"(max-width: 591px) 100vw, 591px\" \/><br \/>\n[wpdm_package id='26418']<\/p>\n","protected":false},"featured_media":21397,"template":"","meta":[],"product_brand":[],"product_cat":[87],"product_tag":[],"class_list":{"0":"post-21359","1":"product","2":"type-product","3":"status-publish","4":"has-post-thumbnail","6":"product_cat-fongicides-00","8":"first","9":"instock","10":"shipping-taxable","11":"product-type-simple"},"yoast_head":"<!-- This site is optimized with the Yoast SEO plugin v25.6 - https:\/\/yoast.com\/wordpress\/plugins\/seo\/ -->\n<title>Infinito\u00ae - Profert<\/title>\n<meta name=\"robots\" content=\"index, follow, max-snippet:-1, max-image-preview:large, max-video-preview:-1\" \/>\n<link rel=\"canonical\" href=\"https:\/\/profert.dz\/fr\/index.php\/produit\/infinito\/\" \/>\n<meta property=\"og:locale\" content=\"fr_FR\" \/>\n<meta property=\"og:type\" content=\"article\" \/>\n<meta property=\"og:title\" content=\"Infinito\u00ae - Profert\" \/>\n<meta property=\"og:description\" content=\"Formulation\u00a0: SC (Suspension concentr\u00e9e). Mati\u00e8re active\u00a0: Fluopicolide + Propamocarbe HCL. Famille chimique\u00a0: Acylpicolides+ Carbamates. Concentration\u00a0: 62.5 g\/L + 625 g\/L. Infinito est un fongicide associant deux mati\u00e8res actives : le Fluopicolide et le Propamocarbe. Le fluopicolide poss\u00e8de un effet translaminaire, il agit de mani\u00e8re pr\u00e9ventive sur les spores, leur germination et emp\u00eache leur p\u00e9n\u00e9tration dans la plante. Le propamocarbe poss\u00e8de un effet syst\u00e9mique. Il a une action pr\u00e9ventive et curative. Il inhibe la croissance du myc\u00e9lium et la sporulation du champignon. L\u2019association des deux mati\u00e8res actives conf\u00e8re \u00e0 l\u2019Infinito une efficacit\u00e9 \u00e9lev\u00e9e sur tous les stades du champignon. Utilisations et doses d\u2019emploi\" \/>\n<meta property=\"og:url\" content=\"https:\/\/profert.dz\/fr\/index.php\/produit\/infinito\/\" \/>\n<meta property=\"og:site_name\" content=\"Profert\" \/>\n<meta property=\"article:modified_time\" content=\"2023-08-22T14:33:22+00:00\" \/>\n<meta property=\"og:image\" content=\"https:\/\/profert.dz\/fr\/wp-content\/uploads\/2020\/03\/Infinito.jpg\" \/>\n\t<meta property=\"og:image:width\" content=\"720\" \/>\n\t<meta property=\"og:image:height\" content=\"658\" \/>\n\t<meta property=\"og:image:type\" content=\"image\/jpeg\" \/>\n<meta name=\"twitter:card\" content=\"summary_large_image\" \/>\n<script type=\"application\/ld+json\" class=\"yoast-schema-graph\">{\"@context\":\"https:\/\/schema.org\",\"@graph\":[{\"@type\":\"WebPage\",\"@id\":\"https:\/\/profert.dz\/fr\/index.php\/produit\/infinito\/\",\"url\":\"https:\/\/profert.dz\/fr\/index.php\/produit\/infinito\/\",\"name\":\"Infinito\u00ae - Profert\",\"isPartOf\":{\"@id\":\"https:\/\/profert.dz\/fr\/#website\"},\"primaryImageOfPage\":{\"@id\":\"https:\/\/profert.dz\/fr\/index.php\/produit\/infinito\/#primaryimage\"},\"image\":{\"@id\":\"https:\/\/profert.dz\/fr\/index.php\/produit\/infinito\/#primaryimage\"},\"thumbnailUrl\":\"https:\/\/profert.dz\/fr\/wp-content\/uploads\/2020\/03\/Infinito.jpg\",\"datePublished\":\"2020-03-04T07:54:26+00:00\",\"dateModified\":\"2023-08-22T14:33:22+00:00\",\"breadcrumb\":{\"@id\":\"https:\/\/profert.dz\/fr\/index.php\/produit\/infinito\/#breadcrumb\"},\"inLanguage\":\"fr-FR\",\"potentialAction\":[{\"@type\":\"ReadAction\",\"target\":[\"https:\/\/profert.dz\/fr\/index.php\/produit\/infinito\/\"]}]},{\"@type\":\"ImageObject\",\"inLanguage\":\"fr-FR\",\"@id\":\"https:\/\/profert.dz\/fr\/index.php\/produit\/infinito\/#primaryimage\",\"url\":\"https:\/\/profert.dz\/fr\/wp-content\/uploads\/2020\/03\/Infinito.jpg\",\"contentUrl\":\"https:\/\/profert.dz\/fr\/wp-content\/uploads\/2020\/03\/Infinito.jpg\",\"width\":720,\"height\":658},{\"@type\":\"BreadcrumbList\",\"@id\":\"https:\/\/profert.dz\/fr\/index.php\/produit\/infinito\/#breadcrumb\",\"itemListElement\":[{\"@type\":\"ListItem\",\"position\":1,\"name\":\"Accueil\",\"item\":\"https:\/\/profert.dz\/fr\/\"},{\"@type\":\"ListItem\",\"position\":2,\"name\":\"Produits\",\"item\":\"https:\/\/profert.dz\/fr\/index.php\/boutique\/\"},{\"@type\":\"ListItem\",\"position\":3,\"name\":\"Infinito\u00ae\"}]},{\"@type\":\"WebSite\",\"@id\":\"https:\/\/profert.dz\/fr\/#website\",\"url\":\"https:\/\/profert.dz\/fr\/\",\"name\":\"Profert.dz\",\"description\":\"Agriculture Alg\u00e9rie\",\"potentialAction\":[{\"@type\":\"SearchAction\",\"target\":{\"@type\":\"EntryPoint\",\"urlTemplate\":\"https:\/\/profert.dz\/fr\/?s={search_term_string}\"},\"query-input\":{\"@type\":\"PropertyValueSpecification\",\"valueRequired\":true,\"valueName\":\"search_term_string\"}}],\"inLanguage\":\"fr-FR\"}]}<\/script>\n<!-- \/ Yoast SEO plugin. -->","yoast_head_json":{"title":"Infinito\u00ae - Profert","robots":{"index":"index","follow":"follow","max-snippet":"max-snippet:-1","max-image-preview":"max-image-preview:large","max-video-preview":"max-video-preview:-1"},"canonical":"https:\/\/profert.dz\/fr\/index.php\/produit\/infinito\/","og_locale":"fr_FR","og_type":"article","og_title":"Infinito\u00ae - Profert","og_description":"Formulation\u00a0: SC (Suspension concentr\u00e9e). Mati\u00e8re active\u00a0: Fluopicolide + Propamocarbe HCL. Famille chimique\u00a0: Acylpicolides+ Carbamates. Concentration\u00a0: 62.5 g\/L + 625 g\/L. Infinito est un fongicide associant deux mati\u00e8res actives : le Fluopicolide et le Propamocarbe. Le fluopicolide poss\u00e8de un effet translaminaire, il agit de mani\u00e8re pr\u00e9ventive sur les spores, leur germination et emp\u00eache leur p\u00e9n\u00e9tration dans la plante. Le propamocarbe poss\u00e8de un effet syst\u00e9mique. Il a une action pr\u00e9ventive et curative. Il inhibe la croissance du myc\u00e9lium et la sporulation du champignon. L\u2019association des deux mati\u00e8res actives conf\u00e8re \u00e0 l\u2019Infinito une efficacit\u00e9 \u00e9lev\u00e9e sur tous les stades du champignon. Utilisations et doses d\u2019emploi","og_url":"https:\/\/profert.dz\/fr\/index.php\/produit\/infinito\/","og_site_name":"Profert","article_modified_time":"2023-08-22T14:33:22+00:00","og_image":[{"width":720,"height":658,"url":"https:\/\/profert.dz\/fr\/wp-content\/uploads\/2020\/03\/Infinito.jpg","type":"image\/jpeg"}],"twitter_card":"summary_large_image","schema":{"@context":"https:\/\/schema.org","@graph":[{"@type":"WebPage","@id":"https:\/\/profert.dz\/fr\/index.php\/produit\/infinito\/","url":"https:\/\/profert.dz\/fr\/index.php\/produit\/infinito\/","name":"Infinito\u00ae - Profert","isPartOf":{"@id":"https:\/\/profert.dz\/fr\/#website"},"primaryImageOfPage":{"@id":"https:\/\/profert.dz\/fr\/index.php\/produit\/infinito\/#primaryimage"},"image":{"@id":"https:\/\/profert.dz\/fr\/index.php\/produit\/infinito\/#primaryimage"},"thumbnailUrl":"https:\/\/profert.dz\/fr\/wp-content\/uploads\/2020\/03\/Infinito.jpg","datePublished":"2020-03-04T07:54:26+00:00","dateModified":"2023-08-22T14:33:22+00:00","breadcrumb":{"@id":"https:\/\/profert.dz\/fr\/index.php\/produit\/infinito\/#breadcrumb"},"inLanguage":"fr-FR","potentialAction":[{"@type":"ReadAction","target":["https:\/\/profert.dz\/fr\/index.php\/produit\/infinito\/"]}]},{"@type":"ImageObject","inLanguage":"fr-FR","@id":"https:\/\/profert.dz\/fr\/index.php\/produit\/infinito\/#primaryimage","url":"https:\/\/profert.dz\/fr\/wp-content\/uploads\/2020\/03\/Infinito.jpg","contentUrl":"https:\/\/profert.dz\/fr\/wp-content\/uploads\/2020\/03\/Infinito.jpg","width":720,"height":658},{"@type":"BreadcrumbList","@id":"https:\/\/profert.dz\/fr\/index.php\/produit\/infinito\/#breadcrumb","itemListElement":[{"@type":"ListItem","position":1,"name":"Accueil","item":"https:\/\/profert.dz\/fr\/"},{"@type":"ListItem","position":2,"name":"Produits","item":"https:\/\/profert.dz\/fr\/index.php\/boutique\/"},{"@type":"ListItem","position":3,"name":"Infinito\u00ae"}]},{"@type":"WebSite","@id":"https:\/\/profert.dz\/fr\/#website","url":"https:\/\/profert.dz\/fr\/","name":"Profert.dz","description":"Agriculture Alg\u00e9rie","potentialAction":[{"@type":"SearchAction","target":{"@type":"EntryPoint","urlTemplate":"https:\/\/profert.dz\/fr\/?s={search_term_string}"},"query-input":{"@type":"PropertyValueSpecification","valueRequired":true,"valueName":"search_term_string"}}],"inLanguage":"fr-FR"}]}},"_links":{"self":[{"href":"https:\/\/profert.dz\/fr\/index.php\/wp-json\/wp\/v2\/product\/21359"}],"collection":[{"href":"https:\/\/profert.dz\/fr\/index.php\/wp-json\/wp\/v2\/product"}],"about":[{"href":"https:\/\/profert.dz\/fr\/index.php\/wp-json\/wp\/v2\/types\/product"}],"wp:featuredmedia":[{"embeddable":true,"href":"https:\/\/profert.dz\/fr\/index.php\/wp-json\/wp\/v2\/media\/21397"}],"wp:attachment":[{"href":"https:\/\/profert.dz\/fr\/index.php\/wp-json\/wp\/v2\/media?parent=21359"}],"wp:term":[{"taxonomy":"product_brand","embeddable":true,"href":"https:\/\/profert.dz\/fr\/index.php\/wp-json\/wp\/v2\/product_brand?post=21359"},{"taxonomy":"product_cat","embeddable":true,"href":"https:\/\/profert.dz\/fr\/index.php\/wp-json\/wp\/v2\/product_cat?post=21359"},{"taxonomy":"product_tag","embeddable":true,"href":"https:\/\/profert.dz\/fr\/index.php\/wp-json\/wp\/v2\/product_tag?post=21359"}],"curies":[{"name":"wp","href":"https:\/\/api.w.org\/{rel}","templated":true}]}}