{"id":20649,"date":"2019-10-07T12:51:53","date_gmt":"2019-10-07T10:51:53","guid":{"rendered":"http:\/\/profert.dz\/fr\/?post_type=product&#038;p=20649"},"modified":"2023-08-22T16:32:02","modified_gmt":"2023-08-22T14:32:02","slug":"cyzoki","status":"publish","type":"product","link":"https:\/\/profert.dz\/fr\/index.php\/produit\/cyzoki\/","title":{"rendered":"Cyzoki<sup>\u00ae<\/sup>"},"content":{"rendered":"","protected":false},"excerpt":{"rendered":"<h2 style=\"text-align: justify;\">Anti mildiou de derni\u00e8re g\u00e9n\u00e9ration<\/h2>\n<p>\u2022 Une haute efficacit\u00e9, sur feuilles, sur tiges, sur tubercules et fruits.<br \/>\n\u2022 R\u00e9sistance au lessivage jusqu\u2019\u00e0 100 mm, 15 min apr\u00e8s l\u2019application.<br \/>\n\u2022 Excellent effet sporocide et anti-sporulant.<\/p>\n<hr \/>\n<p style=\"text-align: justify;\"><strong>Composition:<\/strong> 200 g\/l Cyazofamide.<br \/>\n<strong>Formulation:<\/strong> SC (suspension concentr\u00e9e).<\/p>\n<p style=\"text-align: justify;\"><strong>Propri\u00e9t\u00e9s et mode d\u2019action :<\/strong><br \/>\n<strong>Cyzoki<sup>\u00ae<\/sup><\/strong> est un fongicide de contact \u00e9labor\u00e9, de la famille des Cyano-imidazole. Il inhibe plusieurs phases du cycle du champignon :<br \/>\n\u2022 Germination directe et indirecte des sporanges.<br \/>\n\u2022 Lib\u00e9ration et mobilit\u00e9 des zoospores.<br \/>\n\u2022 Germination des oospores.<br \/>\n<strong>Cyzoki<sup>\u00ae<\/sup><\/strong> a un nouveau mode d&rsquo;action : l\u2019inhibition du syst\u00e8me respiratoire du champignon, sp\u00e9cifiquement sur le Complexe III (inhibition de site ubiquinone r\u00e9ductase Qi), dans la mitochondrie des champignons Oomyc\u00e8tes : Phytophthora infestans, Plasmopara viticola et Pseudoperonospora cubensis.<\/p>\n<p style=\"text-align: justify;\"><strong>R\u00e9sistance au lessivage :<\/strong><br \/>\n<strong>Cyzoki<sup>\u00ae <\/sup><\/strong>se fixe fortement et rapidement sous la cuticule des feuilles offrant ainsi une excellente r\u00e9sistance au lessivage. Cela permet d\u2019utiliser <strong>Cyzoki<sup>\u00ae<\/sup><\/strong> dans des conditions m\u00e9t\u00e9orologiques difficiles et juste avant une irrigation.<\/p>\n<p style=\"text-align: justify;\"><strong>Bienfaits de la formulation :<\/strong><br \/>\nLa formulation de <strong>Cyzoki<sup>\u00ae<\/sup><\/strong> permet une tr\u00e8s bonne distribution sur les feuilles (jeunes pousses, feuilles de bas et feuillage dense) et de tr\u00e8s bonnes propri\u00e9t\u00e9s d\u2019\u00e9talement.<br \/>\n<strong>Cyzoki<sup>\u00ae <\/sup><\/strong>contient un anti mousse qui facilite la pr\u00e9paration de la bouillie.<\/p>\n<p style=\"text-align: justify;\"><strong>Action sporocide :<\/strong><br \/>\nRapidement apr\u00e8s application, <strong>Cyzoki<sup>\u00ae<\/sup><\/strong> est fix\u00e9 dans la cuticule des feuilles inhibant la germination directe et indirecte des sporanges ce qui emp\u00eache la diss\u00e9mination de nouvelles spores dans la parcelle et les nouvelles infections.<\/p>\n<p style=\"text-align: justify;\"><strong>Excellente protection du tubercule et du fruit :<\/strong><br \/>\nGrace \u00e0 son activit\u00e9 anti-sporulante et son effet sur la mobilit\u00e9 des zoospores, <strong>Cyzoki<sup>\u00ae <\/sup><\/strong>offre une excellente protection des tubercules et des fruits garantissant un bon stockage.<\/p>\n<p style=\"text-align: justify;\"><strong>Gestion de la r\u00e9sistance :<\/strong><br \/>\n<strong>Cyzoki<sup>\u00ae <\/sup><\/strong>offre aux agriculteurs un nouveau mode d\u2019action pour la gestion de la r\u00e9sistance et une excellente alternative aux fongicides existants.<\/p>\n<p><strong>Application et recommandation d\u2019usage :<\/strong><br \/>\n<strong><img decoding=\"async\" class=\"alignnone wp-image-26000\" src=\"https:\/\/profert.dz\/fr\/wp-content\/uploads\/2019\/10\/Tab-Cyzoki-2023.png\" alt=\"\" width=\"350\" height=\"99\" srcset=\"https:\/\/profert.dz\/fr\/wp-content\/uploads\/2019\/10\/Tab-Cyzoki-2023-120x34.png 120w, https:\/\/profert.dz\/fr\/wp-content\/uploads\/2019\/10\/Tab-Cyzoki-2023-200x57.png 200w, https:\/\/profert.dz\/fr\/wp-content\/uploads\/2019\/10\/Tab-Cyzoki-2023-300x85.png 300w, https:\/\/profert.dz\/fr\/wp-content\/uploads\/2019\/10\/Tab-Cyzoki-2023-400x114.png 400w, https:\/\/profert.dz\/fr\/wp-content\/uploads\/2019\/10\/Tab-Cyzoki-2023.png 500w\" sizes=\"(max-width: 350px) 100vw, 350px\" \/><\/strong><br \/>\n[wpdm_package id='26419']<\/p>\n","protected":false},"featured_media":26027,"template":"","meta":[],"product_brand":[],"product_cat":[87],"product_tag":[],"class_list":{"0":"post-20649","1":"product","2":"type-product","3":"status-publish","4":"has-post-thumbnail","6":"product_cat-fongicides-00","8":"first","9":"instock","10":"shipping-taxable","11":"product-type-simple"},"yoast_head":"<!-- This site is optimized with the Yoast SEO plugin v25.6 - https:\/\/yoast.com\/wordpress\/plugins\/seo\/ -->\n<title>Cyzoki\u00ae - Profert<\/title>\n<meta name=\"robots\" content=\"index, follow, max-snippet:-1, max-image-preview:large, max-video-preview:-1\" \/>\n<link rel=\"canonical\" href=\"https:\/\/profert.dz\/fr\/index.php\/produit\/cyzoki\/\" \/>\n<meta property=\"og:locale\" content=\"fr_FR\" \/>\n<meta property=\"og:type\" content=\"article\" \/>\n<meta property=\"og:title\" content=\"Cyzoki\u00ae - Profert\" \/>\n<meta property=\"og:description\" content=\"Anti mildiou de derni\u00e8re g\u00e9n\u00e9ration \u2022 Une haute efficacit\u00e9, sur feuilles, sur tiges, sur tubercules et fruits. \u2022 R\u00e9sistance au lessivage jusqu\u2019\u00e0 100 mm, 15 min apr\u00e8s l\u2019application. \u2022 Excellent effet sporocide et anti-sporulant.   Composition: 200 g\/l Cyazofamide. Formulation: SC (suspension concentr\u00e9e). Propri\u00e9t\u00e9s et mode d\u2019action : Cyzoki\u00ae est un fongicide de contact \u00e9labor\u00e9, de la famille des Cyano-imidazole. Il inhibe plusieurs phases du cycle du champignon : \u2022 Germination directe et indirecte des sporanges. \u2022 Lib\u00e9ration et mobilit\u00e9 des zoospores. \u2022 Germination des oospores. Cyzoki\u00ae a un nouveau mode d&#039;action : l\u2019inhibition du syst\u00e8me respiratoire du champignon, sp\u00e9cifiquement sur le Complexe III (inhibition de site ubiquinone r\u00e9ductase Qi), dans la mitochondrie des champignons Oomyc\u00e8tes : Phytophthora infestans, Plasmopara viticola et Pseudoperonospora cubensis. R\u00e9sistance au lessivage : Cyzoki\u00ae se fixe fortement et rapidement sous la cuticule des feuilles offrant ainsi une excellente r\u00e9sistance au lessivage. Cela permet d\u2019utiliser Cyzoki\u00ae dans des conditions m\u00e9t\u00e9orologiques difficiles et juste avant une irrigation. Bienfaits de la formulation : La formulation de Cyzoki\u00ae permet une tr\u00e8s bonne distribution sur les feuilles (jeunes pousses, feuilles de bas et feuillage dense) et de tr\u00e8s bonnes propri\u00e9t\u00e9s d\u2019\u00e9talement. Cyzoki\u00ae contient un anti mousse qui facilite la pr\u00e9paration de la bouillie. Action sporocide : Rapidement apr\u00e8s application, Cyzoki\u00ae est fix\u00e9 dans la cuticule des feuilles inhibant la germination directe et indirecte des sporanges ce qui emp\u00eache la diss\u00e9mination de nouvelles spores dans la parcelle et les nouvelles infections. Excellente protection du tubercule et du fruit : Grace \u00e0 son activit\u00e9 anti-sporulante et son effet sur la mobilit\u00e9 des zoospores, Cyzoki\u00ae offre une excellente protection des tubercules et des fruits garantissant un bon stockage. Gestion de la r\u00e9sistance : Cyzoki\u00ae offre aux agriculteurs un nouveau mode d\u2019action pour la gestion de la r\u00e9sistance et une excellente alternative aux fongicides existants. Application et recommandation d\u2019usage :\" \/>\n<meta property=\"og:url\" content=\"https:\/\/profert.dz\/fr\/index.php\/produit\/cyzoki\/\" \/>\n<meta property=\"og:site_name\" content=\"Profert\" \/>\n<meta property=\"article:modified_time\" content=\"2023-08-22T14:32:02+00:00\" \/>\n<meta property=\"og:image\" content=\"https:\/\/profert.dz\/fr\/wp-content\/uploads\/2019\/10\/Cyzoki-2023.jpg\" \/>\n\t<meta property=\"og:image:width\" content=\"720\" \/>\n\t<meta property=\"og:image:height\" content=\"658\" \/>\n\t<meta property=\"og:image:type\" content=\"image\/jpeg\" \/>\n<meta name=\"twitter:card\" content=\"summary_large_image\" \/>\n<script type=\"application\/ld+json\" class=\"yoast-schema-graph\">{\"@context\":\"https:\/\/schema.org\",\"@graph\":[{\"@type\":\"WebPage\",\"@id\":\"https:\/\/profert.dz\/fr\/index.php\/produit\/cyzoki\/\",\"url\":\"https:\/\/profert.dz\/fr\/index.php\/produit\/cyzoki\/\",\"name\":\"Cyzoki\u00ae - Profert\",\"isPartOf\":{\"@id\":\"https:\/\/profert.dz\/fr\/#website\"},\"primaryImageOfPage\":{\"@id\":\"https:\/\/profert.dz\/fr\/index.php\/produit\/cyzoki\/#primaryimage\"},\"image\":{\"@id\":\"https:\/\/profert.dz\/fr\/index.php\/produit\/cyzoki\/#primaryimage\"},\"thumbnailUrl\":\"https:\/\/profert.dz\/fr\/wp-content\/uploads\/2019\/10\/Cyzoki-2023.jpg\",\"datePublished\":\"2019-10-07T10:51:53+00:00\",\"dateModified\":\"2023-08-22T14:32:02+00:00\",\"breadcrumb\":{\"@id\":\"https:\/\/profert.dz\/fr\/index.php\/produit\/cyzoki\/#breadcrumb\"},\"inLanguage\":\"fr-FR\",\"potentialAction\":[{\"@type\":\"ReadAction\",\"target\":[\"https:\/\/profert.dz\/fr\/index.php\/produit\/cyzoki\/\"]}]},{\"@type\":\"ImageObject\",\"inLanguage\":\"fr-FR\",\"@id\":\"https:\/\/profert.dz\/fr\/index.php\/produit\/cyzoki\/#primaryimage\",\"url\":\"https:\/\/profert.dz\/fr\/wp-content\/uploads\/2019\/10\/Cyzoki-2023.jpg\",\"contentUrl\":\"https:\/\/profert.dz\/fr\/wp-content\/uploads\/2019\/10\/Cyzoki-2023.jpg\",\"width\":720,\"height\":658},{\"@type\":\"BreadcrumbList\",\"@id\":\"https:\/\/profert.dz\/fr\/index.php\/produit\/cyzoki\/#breadcrumb\",\"itemListElement\":[{\"@type\":\"ListItem\",\"position\":1,\"name\":\"Accueil\",\"item\":\"https:\/\/profert.dz\/fr\/\"},{\"@type\":\"ListItem\",\"position\":2,\"name\":\"Produits\",\"item\":\"https:\/\/profert.dz\/fr\/index.php\/boutique\/\"},{\"@type\":\"ListItem\",\"position\":3,\"name\":\"Cyzoki\u00ae\"}]},{\"@type\":\"WebSite\",\"@id\":\"https:\/\/profert.dz\/fr\/#website\",\"url\":\"https:\/\/profert.dz\/fr\/\",\"name\":\"Profert.dz\",\"description\":\"Agriculture Alg\u00e9rie\",\"potentialAction\":[{\"@type\":\"SearchAction\",\"target\":{\"@type\":\"EntryPoint\",\"urlTemplate\":\"https:\/\/profert.dz\/fr\/?s={search_term_string}\"},\"query-input\":{\"@type\":\"PropertyValueSpecification\",\"valueRequired\":true,\"valueName\":\"search_term_string\"}}],\"inLanguage\":\"fr-FR\"}]}<\/script>\n<!-- \/ Yoast SEO plugin. -->","yoast_head_json":{"title":"Cyzoki\u00ae - Profert","robots":{"index":"index","follow":"follow","max-snippet":"max-snippet:-1","max-image-preview":"max-image-preview:large","max-video-preview":"max-video-preview:-1"},"canonical":"https:\/\/profert.dz\/fr\/index.php\/produit\/cyzoki\/","og_locale":"fr_FR","og_type":"article","og_title":"Cyzoki\u00ae - Profert","og_description":"Anti mildiou de derni\u00e8re g\u00e9n\u00e9ration \u2022 Une haute efficacit\u00e9, sur feuilles, sur tiges, sur tubercules et fruits. \u2022 R\u00e9sistance au lessivage jusqu\u2019\u00e0 100 mm, 15 min apr\u00e8s l\u2019application. \u2022 Excellent effet sporocide et anti-sporulant.   Composition: 200 g\/l Cyazofamide. Formulation: SC (suspension concentr\u00e9e). Propri\u00e9t\u00e9s et mode d\u2019action : Cyzoki\u00ae est un fongicide de contact \u00e9labor\u00e9, de la famille des Cyano-imidazole. Il inhibe plusieurs phases du cycle du champignon : \u2022 Germination directe et indirecte des sporanges. \u2022 Lib\u00e9ration et mobilit\u00e9 des zoospores. \u2022 Germination des oospores. Cyzoki\u00ae a un nouveau mode d'action : l\u2019inhibition du syst\u00e8me respiratoire du champignon, sp\u00e9cifiquement sur le Complexe III (inhibition de site ubiquinone r\u00e9ductase Qi), dans la mitochondrie des champignons Oomyc\u00e8tes : Phytophthora infestans, Plasmopara viticola et Pseudoperonospora cubensis. R\u00e9sistance au lessivage : Cyzoki\u00ae se fixe fortement et rapidement sous la cuticule des feuilles offrant ainsi une excellente r\u00e9sistance au lessivage. Cela permet d\u2019utiliser Cyzoki\u00ae dans des conditions m\u00e9t\u00e9orologiques difficiles et juste avant une irrigation. Bienfaits de la formulation : La formulation de Cyzoki\u00ae permet une tr\u00e8s bonne distribution sur les feuilles (jeunes pousses, feuilles de bas et feuillage dense) et de tr\u00e8s bonnes propri\u00e9t\u00e9s d\u2019\u00e9talement. Cyzoki\u00ae contient un anti mousse qui facilite la pr\u00e9paration de la bouillie. Action sporocide : Rapidement apr\u00e8s application, Cyzoki\u00ae est fix\u00e9 dans la cuticule des feuilles inhibant la germination directe et indirecte des sporanges ce qui emp\u00eache la diss\u00e9mination de nouvelles spores dans la parcelle et les nouvelles infections. Excellente protection du tubercule et du fruit : Grace \u00e0 son activit\u00e9 anti-sporulante et son effet sur la mobilit\u00e9 des zoospores, Cyzoki\u00ae offre une excellente protection des tubercules et des fruits garantissant un bon stockage. Gestion de la r\u00e9sistance : Cyzoki\u00ae offre aux agriculteurs un nouveau mode d\u2019action pour la gestion de la r\u00e9sistance et une excellente alternative aux fongicides existants. Application et recommandation d\u2019usage :","og_url":"https:\/\/profert.dz\/fr\/index.php\/produit\/cyzoki\/","og_site_name":"Profert","article_modified_time":"2023-08-22T14:32:02+00:00","og_image":[{"width":720,"height":658,"url":"https:\/\/profert.dz\/fr\/wp-content\/uploads\/2019\/10\/Cyzoki-2023.jpg","type":"image\/jpeg"}],"twitter_card":"summary_large_image","schema":{"@context":"https:\/\/schema.org","@graph":[{"@type":"WebPage","@id":"https:\/\/profert.dz\/fr\/index.php\/produit\/cyzoki\/","url":"https:\/\/profert.dz\/fr\/index.php\/produit\/cyzoki\/","name":"Cyzoki\u00ae - Profert","isPartOf":{"@id":"https:\/\/profert.dz\/fr\/#website"},"primaryImageOfPage":{"@id":"https:\/\/profert.dz\/fr\/index.php\/produit\/cyzoki\/#primaryimage"},"image":{"@id":"https:\/\/profert.dz\/fr\/index.php\/produit\/cyzoki\/#primaryimage"},"thumbnailUrl":"https:\/\/profert.dz\/fr\/wp-content\/uploads\/2019\/10\/Cyzoki-2023.jpg","datePublished":"2019-10-07T10:51:53+00:00","dateModified":"2023-08-22T14:32:02+00:00","breadcrumb":{"@id":"https:\/\/profert.dz\/fr\/index.php\/produit\/cyzoki\/#breadcrumb"},"inLanguage":"fr-FR","potentialAction":[{"@type":"ReadAction","target":["https:\/\/profert.dz\/fr\/index.php\/produit\/cyzoki\/"]}]},{"@type":"ImageObject","inLanguage":"fr-FR","@id":"https:\/\/profert.dz\/fr\/index.php\/produit\/cyzoki\/#primaryimage","url":"https:\/\/profert.dz\/fr\/wp-content\/uploads\/2019\/10\/Cyzoki-2023.jpg","contentUrl":"https:\/\/profert.dz\/fr\/wp-content\/uploads\/2019\/10\/Cyzoki-2023.jpg","width":720,"height":658},{"@type":"BreadcrumbList","@id":"https:\/\/profert.dz\/fr\/index.php\/produit\/cyzoki\/#breadcrumb","itemListElement":[{"@type":"ListItem","position":1,"name":"Accueil","item":"https:\/\/profert.dz\/fr\/"},{"@type":"ListItem","position":2,"name":"Produits","item":"https:\/\/profert.dz\/fr\/index.php\/boutique\/"},{"@type":"ListItem","position":3,"name":"Cyzoki\u00ae"}]},{"@type":"WebSite","@id":"https:\/\/profert.dz\/fr\/#website","url":"https:\/\/profert.dz\/fr\/","name":"Profert.dz","description":"Agriculture Alg\u00e9rie","potentialAction":[{"@type":"SearchAction","target":{"@type":"EntryPoint","urlTemplate":"https:\/\/profert.dz\/fr\/?s={search_term_string}"},"query-input":{"@type":"PropertyValueSpecification","valueRequired":true,"valueName":"search_term_string"}}],"inLanguage":"fr-FR"}]}},"_links":{"self":[{"href":"https:\/\/profert.dz\/fr\/index.php\/wp-json\/wp\/v2\/product\/20649"}],"collection":[{"href":"https:\/\/profert.dz\/fr\/index.php\/wp-json\/wp\/v2\/product"}],"about":[{"href":"https:\/\/profert.dz\/fr\/index.php\/wp-json\/wp\/v2\/types\/product"}],"wp:featuredmedia":[{"embeddable":true,"href":"https:\/\/profert.dz\/fr\/index.php\/wp-json\/wp\/v2\/media\/26027"}],"wp:attachment":[{"href":"https:\/\/profert.dz\/fr\/index.php\/wp-json\/wp\/v2\/media?parent=20649"}],"wp:term":[{"taxonomy":"product_brand","embeddable":true,"href":"https:\/\/profert.dz\/fr\/index.php\/wp-json\/wp\/v2\/product_brand?post=20649"},{"taxonomy":"product_cat","embeddable":true,"href":"https:\/\/profert.dz\/fr\/index.php\/wp-json\/wp\/v2\/product_cat?post=20649"},{"taxonomy":"product_tag","embeddable":true,"href":"https:\/\/profert.dz\/fr\/index.php\/wp-json\/wp\/v2\/product_tag?post=20649"}],"curies":[{"name":"wp","href":"https:\/\/api.w.org\/{rel}","templated":true}]}}