{"id":20151,"date":"2019-07-16T11:50:59","date_gmt":"2019-07-16T09:50:59","guid":{"rendered":"http:\/\/profert.dz\/fr\/?post_type=product&#038;p=20151"},"modified":"2025-04-06T14:49:58","modified_gmt":"2025-04-06T12:49:58","slug":"jardicompost","status":"publish","type":"product","link":"https:\/\/profert.dz\/fr\/index.php\/produit\/jardicompost\/","title":{"rendered":"Jardi<sup>\u00ae<\/sup>Compost Granul\u00e9"},"content":{"rendered":"","protected":false},"excerpt":{"rendered":"<h2 style=\"text-align: justify;\">Amendement organique pour jardins, cultures en pots, p\u00e9pini\u00e8res et cultures potag\u00e8res et arboricoles.<\/h2>\n<p style=\"text-align: justify;\"><strong>Jardi<sup>\u00ae<\/sup>Compost<\/strong> est un amendement organique issu \u00e0 100 % du compostage de v\u00e9g\u00e9taux.<br \/>\n<strong>Jardi<sup>\u00ae<\/sup>Compost<\/strong> se pr\u00e9sente sous forme de petits pellets d\u2019environ 1 cm. Cette forme, incorpor\u00e9e dans les 10 premiers cm du sol, permet une reprise rapide de la plante et son d\u00e9veloppement harmonieux.<br \/>\n<strong>Jardi<sup>\u00ae<\/sup>Compost<\/strong> est destin\u00e9 au jardinage, aux cultures en pots, aux p\u00e9pini\u00e8res et \u00e0 toutes les cultures potag\u00e8res et arboricoles.<br \/>\n<strong>Jardi<sup>\u00ae<\/sup>Compost <\/strong>est recommand\u00e9 en culture bio.<\/p>\n<p style=\"text-align: justify;\"><strong>Avantages\u00a0de JardiCompost : <\/strong><\/p>\n<ul style=\"text-align: justify;\">\n<li>Apporter les \u00e9l\u00e9ments nutritifs NPK et des oligo-\u00e9l\u00e9ments sous forme organique.<\/li>\n<li>D\u00e9velopper l\u2019activit\u00e9 microbienne du sol.<\/li>\n<li>A\u00e9rer le sol<\/li>\n<li>Retenir l\u2019humidit\u00e9 dans le sol ce qui permet d\u2019espacer les irrigations.<\/li>\n<li>All\u00e9ger et am\u00e9liorer la structure du sol permettant un bon d\u00e9veloppement racinaire.<\/li>\n<li>Cr\u00e9er un environnement favorable au d\u00e9veloppement des micros (bact\u00e9ries, champignons, etc.) et macro (vers de terres, larves d&#039;insectes, etc.) organismes.<\/li>\n<\/ul>\n<p style=\"text-align: justify;\"><strong>Recommandations d\u2019utilisation<\/strong>\u00a0:<br \/>\n<strong>Jardi<sup>\u00ae<\/sup>Compost <\/strong>peut \u00eatre utilis\u00e9 sur plantes ornementales, jardinage, gazons, cultures en pots, en p\u00e9pini\u00e8re et toutes cultures maraich\u00e8res ou arboricoles.<br \/>\n<strong>Cultures potag\u00e8res et entretien de jardin\u00a0:<\/strong> \u00e9pandre <strong>Jardi<sup>\u00ae<\/sup>Compost<\/strong> sur la surface du sol ou le m\u00e9langer avec les 10 \u00e0 15 premiers centim\u00e8tres du sol.<br \/>\n<strong>P\u00e9pini\u00e8re et plantes en pots\u00a0:<\/strong> m\u00e9langer <strong>Jardi<sup>\u00ae<\/sup>Compost<\/strong> avec 1\/3 de terre.<\/p>\n<p style=\"text-align: justify;\"><strong>Caract\u00e9ristiques du produit\u00a0:<\/strong><br \/>\n<img decoding=\"async\" class=\"alignnone wp-image-20125\" src=\"http:\/\/profert.dz\/fr\/wp-content\/uploads\/2019\/07\/GRANU-COMPOST-1.jpg\" alt=\"\" width=\"400\" height=\"80\" srcset=\"https:\/\/profert.dz\/fr\/wp-content\/uploads\/2019\/07\/GRANU-COMPOST-1-120x24.jpg 120w, https:\/\/profert.dz\/fr\/wp-content\/uploads\/2019\/07\/GRANU-COMPOST-1-200x40.jpg 200w, https:\/\/profert.dz\/fr\/wp-content\/uploads\/2019\/07\/GRANU-COMPOST-1-300x60.jpg 300w, https:\/\/profert.dz\/fr\/wp-content\/uploads\/2019\/07\/GRANU-COMPOST-1-400x80.jpg 400w, https:\/\/profert.dz\/fr\/wp-content\/uploads\/2019\/07\/GRANU-COMPOST-1.jpg 488w\" sizes=\"(max-width: 400px) 100vw, 400px\" \/>\n<\/p>\n[wpdm_package id='26563']\n","protected":false},"featured_media":32106,"template":"","meta":[],"product_brand":[],"product_cat":[140],"product_tag":[],"class_list":{"0":"post-20151","1":"product","2":"type-product","3":"status-publish","4":"has-post-thumbnail","6":"product_cat-amendement-organique","8":"first","9":"instock","10":"shipping-taxable","11":"product-type-simple"},"yoast_head":"<!-- This site is optimized with the Yoast SEO plugin v25.6 - https:\/\/yoast.com\/wordpress\/plugins\/seo\/ -->\n<title>Jardi\u00aeCompost Granul\u00e9 - Profert<\/title>\n<meta name=\"robots\" content=\"index, follow, max-snippet:-1, max-image-preview:large, max-video-preview:-1\" \/>\n<link rel=\"canonical\" href=\"https:\/\/profert.dz\/fr\/index.php\/produit\/jardicompost\/\" \/>\n<meta property=\"og:locale\" content=\"fr_FR\" \/>\n<meta property=\"og:type\" content=\"article\" \/>\n<meta property=\"og:title\" content=\"Jardi\u00aeCompost Granul\u00e9 - Profert\" \/>\n<meta property=\"og:description\" content=\"Amendement organique pour jardins, cultures en pots, p\u00e9pini\u00e8res et cultures potag\u00e8res et arboricoles. Jardi\u00aeCompost est un amendement organique issu \u00e0 100 % du compostage de v\u00e9g\u00e9taux. Jardi\u00aeCompost se pr\u00e9sente sous forme de petits pellets d\u2019environ 1 cm. Cette forme, incorpor\u00e9e dans les 10 premiers cm du sol, permet une reprise rapide de la plante et son d\u00e9veloppement harmonieux. Jardi\u00aeCompost est destin\u00e9 au jardinage, aux cultures en pots, aux p\u00e9pini\u00e8res et \u00e0 toutes les cultures potag\u00e8res et arboricoles. Jardi\u00aeCompost est recommand\u00e9 en culture bio. Avantages\u00a0de JardiCompost :     Apporter les \u00e9l\u00e9ments nutritifs NPK et des oligo-\u00e9l\u00e9ments sous forme organique.  D\u00e9velopper l\u2019activit\u00e9 microbienne du sol.  A\u00e9rer le sol  Retenir l\u2019humidit\u00e9 dans le sol ce qui permet d\u2019espacer les irrigations.  All\u00e9ger et am\u00e9liorer la structure du sol permettant un bon d\u00e9veloppement racinaire.  Cr\u00e9er un environnement favorable au d\u00e9veloppement des micros (bact\u00e9ries, champignons, etc.) et macro (vers de terres, larves d&#039;insectes, etc.) organismes.  Recommandations d\u2019utilisation\u00a0: Jardi\u00aeCompost peut \u00eatre utilis\u00e9 sur plantes ornementales, jardinage, gazons, cultures en pots, en p\u00e9pini\u00e8re et toutes cultures maraich\u00e8res ou arboricoles. Cultures potag\u00e8res et entretien de jardin\u00a0: \u00e9pandre Jardi\u00aeCompost sur la surface du sol ou le m\u00e9langer avec les 10 \u00e0 15 premiers centim\u00e8tres du sol. P\u00e9pini\u00e8re et plantes en pots\u00a0: m\u00e9langer Jardi\u00aeCompost avec 1\/3 de terre. Caract\u00e9ristiques du produit\u00a0:\" \/>\n<meta property=\"og:url\" content=\"https:\/\/profert.dz\/fr\/index.php\/produit\/jardicompost\/\" \/>\n<meta property=\"og:site_name\" content=\"Profert\" \/>\n<meta property=\"article:modified_time\" content=\"2025-04-06T12:49:58+00:00\" \/>\n<meta property=\"og:image\" content=\"https:\/\/profert.dz\/fr\/wp-content\/uploads\/2019\/07\/jardicompost-1.jpg\" \/>\n\t<meta property=\"og:image:width\" content=\"1659\" \/>\n\t<meta property=\"og:image:height\" content=\"1539\" \/>\n\t<meta property=\"og:image:type\" content=\"image\/jpeg\" \/>\n<meta name=\"twitter:card\" content=\"summary_large_image\" \/>\n<meta name=\"twitter:label1\" content=\"Dur\u00e9e de lecture estim\u00e9e\" \/>\n\t<meta name=\"twitter:data1\" content=\"1 minute\" \/>\n<script type=\"application\/ld+json\" class=\"yoast-schema-graph\">{\"@context\":\"https:\/\/schema.org\",\"@graph\":[{\"@type\":\"WebPage\",\"@id\":\"https:\/\/profert.dz\/fr\/index.php\/produit\/jardicompost\/\",\"url\":\"https:\/\/profert.dz\/fr\/index.php\/produit\/jardicompost\/\",\"name\":\"Jardi\u00aeCompost Granul\u00e9 - Profert\",\"isPartOf\":{\"@id\":\"https:\/\/profert.dz\/fr\/#website\"},\"primaryImageOfPage\":{\"@id\":\"https:\/\/profert.dz\/fr\/index.php\/produit\/jardicompost\/#primaryimage\"},\"image\":{\"@id\":\"https:\/\/profert.dz\/fr\/index.php\/produit\/jardicompost\/#primaryimage\"},\"thumbnailUrl\":\"https:\/\/profert.dz\/fr\/wp-content\/uploads\/2019\/07\/jardicompost-1.jpg\",\"datePublished\":\"2019-07-16T09:50:59+00:00\",\"dateModified\":\"2025-04-06T12:49:58+00:00\",\"breadcrumb\":{\"@id\":\"https:\/\/profert.dz\/fr\/index.php\/produit\/jardicompost\/#breadcrumb\"},\"inLanguage\":\"fr-FR\",\"potentialAction\":[{\"@type\":\"ReadAction\",\"target\":[\"https:\/\/profert.dz\/fr\/index.php\/produit\/jardicompost\/\"]}]},{\"@type\":\"ImageObject\",\"inLanguage\":\"fr-FR\",\"@id\":\"https:\/\/profert.dz\/fr\/index.php\/produit\/jardicompost\/#primaryimage\",\"url\":\"https:\/\/profert.dz\/fr\/wp-content\/uploads\/2019\/07\/jardicompost-1.jpg\",\"contentUrl\":\"https:\/\/profert.dz\/fr\/wp-content\/uploads\/2019\/07\/jardicompost-1.jpg\",\"width\":1659,\"height\":1539},{\"@type\":\"BreadcrumbList\",\"@id\":\"https:\/\/profert.dz\/fr\/index.php\/produit\/jardicompost\/#breadcrumb\",\"itemListElement\":[{\"@type\":\"ListItem\",\"position\":1,\"name\":\"Accueil\",\"item\":\"https:\/\/profert.dz\/fr\/\"},{\"@type\":\"ListItem\",\"position\":2,\"name\":\"Produits\",\"item\":\"https:\/\/profert.dz\/fr\/index.php\/boutique\/\"},{\"@type\":\"ListItem\",\"position\":3,\"name\":\"Jardi\u00aeCompost Granul\u00e9\"}]},{\"@type\":\"WebSite\",\"@id\":\"https:\/\/profert.dz\/fr\/#website\",\"url\":\"https:\/\/profert.dz\/fr\/\",\"name\":\"Profert.dz\",\"description\":\"Agriculture Alg\u00e9rie\",\"potentialAction\":[{\"@type\":\"SearchAction\",\"target\":{\"@type\":\"EntryPoint\",\"urlTemplate\":\"https:\/\/profert.dz\/fr\/?s={search_term_string}\"},\"query-input\":{\"@type\":\"PropertyValueSpecification\",\"valueRequired\":true,\"valueName\":\"search_term_string\"}}],\"inLanguage\":\"fr-FR\"}]}<\/script>\n<!-- \/ Yoast SEO plugin. -->","yoast_head_json":{"title":"Jardi\u00aeCompost Granul\u00e9 - Profert","robots":{"index":"index","follow":"follow","max-snippet":"max-snippet:-1","max-image-preview":"max-image-preview:large","max-video-preview":"max-video-preview:-1"},"canonical":"https:\/\/profert.dz\/fr\/index.php\/produit\/jardicompost\/","og_locale":"fr_FR","og_type":"article","og_title":"Jardi\u00aeCompost Granul\u00e9 - Profert","og_description":"Amendement organique pour jardins, cultures en pots, p\u00e9pini\u00e8res et cultures potag\u00e8res et arboricoles. Jardi\u00aeCompost est un amendement organique issu \u00e0 100 % du compostage de v\u00e9g\u00e9taux. Jardi\u00aeCompost se pr\u00e9sente sous forme de petits pellets d\u2019environ 1 cm. Cette forme, incorpor\u00e9e dans les 10 premiers cm du sol, permet une reprise rapide de la plante et son d\u00e9veloppement harmonieux. Jardi\u00aeCompost est destin\u00e9 au jardinage, aux cultures en pots, aux p\u00e9pini\u00e8res et \u00e0 toutes les cultures potag\u00e8res et arboricoles. Jardi\u00aeCompost est recommand\u00e9 en culture bio. Avantages\u00a0de JardiCompost :     Apporter les \u00e9l\u00e9ments nutritifs NPK et des oligo-\u00e9l\u00e9ments sous forme organique.  D\u00e9velopper l\u2019activit\u00e9 microbienne du sol.  A\u00e9rer le sol  Retenir l\u2019humidit\u00e9 dans le sol ce qui permet d\u2019espacer les irrigations.  All\u00e9ger et am\u00e9liorer la structure du sol permettant un bon d\u00e9veloppement racinaire.  Cr\u00e9er un environnement favorable au d\u00e9veloppement des micros (bact\u00e9ries, champignons, etc.) et macro (vers de terres, larves d&#039;insectes, etc.) organismes.  Recommandations d\u2019utilisation\u00a0: Jardi\u00aeCompost peut \u00eatre utilis\u00e9 sur plantes ornementales, jardinage, gazons, cultures en pots, en p\u00e9pini\u00e8re et toutes cultures maraich\u00e8res ou arboricoles. Cultures potag\u00e8res et entretien de jardin\u00a0: \u00e9pandre Jardi\u00aeCompost sur la surface du sol ou le m\u00e9langer avec les 10 \u00e0 15 premiers centim\u00e8tres du sol. P\u00e9pini\u00e8re et plantes en pots\u00a0: m\u00e9langer Jardi\u00aeCompost avec 1\/3 de terre. Caract\u00e9ristiques du produit\u00a0:","og_url":"https:\/\/profert.dz\/fr\/index.php\/produit\/jardicompost\/","og_site_name":"Profert","article_modified_time":"2025-04-06T12:49:58+00:00","og_image":[{"width":1659,"height":1539,"url":"https:\/\/profert.dz\/fr\/wp-content\/uploads\/2019\/07\/jardicompost-1.jpg","type":"image\/jpeg"}],"twitter_card":"summary_large_image","twitter_misc":{"Dur\u00e9e de lecture estim\u00e9e":"1 minute"},"schema":{"@context":"https:\/\/schema.org","@graph":[{"@type":"WebPage","@id":"https:\/\/profert.dz\/fr\/index.php\/produit\/jardicompost\/","url":"https:\/\/profert.dz\/fr\/index.php\/produit\/jardicompost\/","name":"Jardi\u00aeCompost Granul\u00e9 - Profert","isPartOf":{"@id":"https:\/\/profert.dz\/fr\/#website"},"primaryImageOfPage":{"@id":"https:\/\/profert.dz\/fr\/index.php\/produit\/jardicompost\/#primaryimage"},"image":{"@id":"https:\/\/profert.dz\/fr\/index.php\/produit\/jardicompost\/#primaryimage"},"thumbnailUrl":"https:\/\/profert.dz\/fr\/wp-content\/uploads\/2019\/07\/jardicompost-1.jpg","datePublished":"2019-07-16T09:50:59+00:00","dateModified":"2025-04-06T12:49:58+00:00","breadcrumb":{"@id":"https:\/\/profert.dz\/fr\/index.php\/produit\/jardicompost\/#breadcrumb"},"inLanguage":"fr-FR","potentialAction":[{"@type":"ReadAction","target":["https:\/\/profert.dz\/fr\/index.php\/produit\/jardicompost\/"]}]},{"@type":"ImageObject","inLanguage":"fr-FR","@id":"https:\/\/profert.dz\/fr\/index.php\/produit\/jardicompost\/#primaryimage","url":"https:\/\/profert.dz\/fr\/wp-content\/uploads\/2019\/07\/jardicompost-1.jpg","contentUrl":"https:\/\/profert.dz\/fr\/wp-content\/uploads\/2019\/07\/jardicompost-1.jpg","width":1659,"height":1539},{"@type":"BreadcrumbList","@id":"https:\/\/profert.dz\/fr\/index.php\/produit\/jardicompost\/#breadcrumb","itemListElement":[{"@type":"ListItem","position":1,"name":"Accueil","item":"https:\/\/profert.dz\/fr\/"},{"@type":"ListItem","position":2,"name":"Produits","item":"https:\/\/profert.dz\/fr\/index.php\/boutique\/"},{"@type":"ListItem","position":3,"name":"Jardi\u00aeCompost Granul\u00e9"}]},{"@type":"WebSite","@id":"https:\/\/profert.dz\/fr\/#website","url":"https:\/\/profert.dz\/fr\/","name":"Profert.dz","description":"Agriculture Alg\u00e9rie","potentialAction":[{"@type":"SearchAction","target":{"@type":"EntryPoint","urlTemplate":"https:\/\/profert.dz\/fr\/?s={search_term_string}"},"query-input":{"@type":"PropertyValueSpecification","valueRequired":true,"valueName":"search_term_string"}}],"inLanguage":"fr-FR"}]}},"_links":{"self":[{"href":"https:\/\/profert.dz\/fr\/index.php\/wp-json\/wp\/v2\/product\/20151"}],"collection":[{"href":"https:\/\/profert.dz\/fr\/index.php\/wp-json\/wp\/v2\/product"}],"about":[{"href":"https:\/\/profert.dz\/fr\/index.php\/wp-json\/wp\/v2\/types\/product"}],"wp:featuredmedia":[{"embeddable":true,"href":"https:\/\/profert.dz\/fr\/index.php\/wp-json\/wp\/v2\/media\/32106"}],"wp:attachment":[{"href":"https:\/\/profert.dz\/fr\/index.php\/wp-json\/wp\/v2\/media?parent=20151"}],"wp:term":[{"taxonomy":"product_brand","embeddable":true,"href":"https:\/\/profert.dz\/fr\/index.php\/wp-json\/wp\/v2\/product_brand?post=20151"},{"taxonomy":"product_cat","embeddable":true,"href":"https:\/\/profert.dz\/fr\/index.php\/wp-json\/wp\/v2\/product_cat?post=20151"},{"taxonomy":"product_tag","embeddable":true,"href":"https:\/\/profert.dz\/fr\/index.php\/wp-json\/wp\/v2\/product_tag?post=20151"}],"curies":[{"name":"wp","href":"https:\/\/api.w.org\/{rel}","templated":true}]}}