{"id":20119,"date":"2019-07-15T11:20:55","date_gmt":"2019-07-15T09:20:55","guid":{"rendered":"http:\/\/profert.dz\/fr\/?post_type=product&#038;p=20119"},"modified":"2025-04-06T14:58:44","modified_gmt":"2025-04-06T12:58:44","slug":"horticompost","status":"publish","type":"product","link":"https:\/\/profert.dz\/fr\/index.php\/produit\/horticompost\/","title":{"rendered":"Horti<sup>\u00ae<\/sup>Compost"},"content":{"rendered":"","protected":false},"excerpt":{"rendered":"<h2>Amendement organique pour cultures maraich\u00e8res de plein champ et sous-serre<\/h2>\n<p style=\"text-align: justify;\"><strong>Horti<sup>\u00ae<\/sup>Compost<\/strong> est un amendement organique issu \u00e0 100 % du compostage de v\u00e9g\u00e9taux.<br \/>\n<strong>Horti<sup>\u00ae<\/sup>Compost <\/strong>est destin\u00e9 aux cultures maraich\u00e8res de plein champ et sous-serre.<br \/>\n<strong>Horti<sup>\u00ae<\/sup>Compost<\/strong> se pr\u00e9sente sous forme de fragments d\u2019une granulom\u00e9trie inf\u00e9rieure \u00e0 4 mm. Cette forme, incorpor\u00e9e dans les 10 premiers centim\u00e8tres du sol, permet une augmentation de la teneur en mati\u00e8re organique et une correction rapide de la structure du sol et une lib\u00e9ration de l\u2019humus, un des principaux composants du complexe argilo-humique.<br \/>\n<strong>Horti<sup>\u00ae<\/sup>Compost <\/strong>permet de reconstituer la fertilit\u00e9 des sols appauvris par des exportations importantes et une faiblesse ou absence de restitution.<br \/>\n<strong>Horti<sup>\u00ae<\/sup>Compost <\/strong>est indemne de pathog\u00e8nes et de graines de mauvaises herbes.<\/p>\n<p style=\"text-align: justify;\"><strong>Pourquoi apporter un amendement organique ?<\/strong><br \/>\n\u2022 Pour am\u00e9liorer l\u2019oxyg\u00e9nation, la porosit\u00e9 et la structure des sols.<br \/>\n\u2022 Pour apporter de l\u2019humus, renforcer le complexe argilo-humique, augmenter sa taille, retenir une quantit\u00e9 plus importante d\u2019\u00e9l\u00e9ments nutritifs, am\u00e9liorer la capacit\u00e9 d\u2019\u00e9changes en cations entre les racines et le complexe du sol. Les \u00e9l\u00e9ments nutritifs sont \u00e9galement pr\u00e9serv\u00e9s des lessivages importants.<br \/>\n\u2022 Pour retenir l\u2019humidit\u00e9 et espacer les irrigations.<br \/>\n\u2022 Pour lutter contre la salinisation des sols.<br \/>\n\u2022 Pour cr\u00e9er un environnement favorable au d\u00e9veloppement des micro et macro organismes.<br \/>\n\u2022 Pour am\u00e9liorer le pH du sol, favoriser la disponibilit\u00e9 et la lib\u00e9ration d\u2019\u00e9l\u00e9ments nutritifs.<br \/>\n\u2022 Pour fournir des \u00e9l\u00e9ments nutritifs sous forme organique.<br \/>\n\u2022 Pour r\u00e9duire l\u2019\u00e9rosion.<br \/>\n\u2022 Pour retenir les argiles dans les sols sableux et former un complexe argilo-humique.<\/p>\n<p style=\"text-align: justify;\"><strong>Pourquoi le compost ?<\/strong><br \/>\nLe processus de compostage permet d\u2019obtenir un amendement organique indemne de graines de mauvaises herbes, de pathog\u00e8nes et de n\u00e9matodes que peuvent v\u00e9hiculer les amendements d\u2019origine animale comme le fumier, les boues des stations d\u2019\u00e9puration et les engrais organiques comme les fientes de volailles.<\/p>\n<p style=\"text-align: justify;\"><strong>Caract\u00e9ristiques du produit :<\/strong><br \/>\n<img decoding=\"async\" class=\"alignnone wp-image-20123\" src=\"http:\/\/profert.dz\/fr\/wp-content\/uploads\/2019\/07\/HORTI-COMPOST-1.jpg\" alt=\"\" width=\"400\" height=\"81\" srcset=\"https:\/\/profert.dz\/fr\/wp-content\/uploads\/2019\/07\/HORTI-COMPOST-1-120x24.jpg 120w, https:\/\/profert.dz\/fr\/wp-content\/uploads\/2019\/07\/HORTI-COMPOST-1-200x41.jpg 200w, https:\/\/profert.dz\/fr\/wp-content\/uploads\/2019\/07\/HORTI-COMPOST-1-300x61.jpg 300w, https:\/\/profert.dz\/fr\/wp-content\/uploads\/2019\/07\/HORTI-COMPOST-1-400x81.jpg 400w, https:\/\/profert.dz\/fr\/wp-content\/uploads\/2019\/07\/HORTI-COMPOST-1-500x102.jpg 500w, https:\/\/profert.dz\/fr\/wp-content\/uploads\/2019\/07\/HORTI-COMPOST-1-600x122.jpg 600w, https:\/\/profert.dz\/fr\/wp-content\/uploads\/2019\/07\/HORTI-COMPOST-1.jpg 609w\" sizes=\"(max-width: 400px) 100vw, 400px\" \/><\/p>\n<p style=\"text-align: justify;\"><strong>Recommandation d\u2019utilisation :<\/strong><br \/>\n<strong>Horti<sup>\u00ae<\/sup>Compost<\/strong> est recommand\u00e9 pour cultures maraich\u00e8res de plein champ et sous-serre.<br \/>\nAvant plantation, apporter 10 \u00e0 20 t\/ha\/an, en m\u00e9lange avec la terre, dans les 15 premiers centim\u00e8tres du sol, pour l\u2019am\u00e9lioration de la qualit\u00e9 physique et organique du sol. Dans les cas de sols tr\u00e8s sableux ou avec une tr\u00e8s faible CEC, la dose peut monter \u00e0 30-40 t\/ha\/an.<br \/>\nUne quantit\u00e9 plus pr\u00e9cise peut-\u00eatre recommand\u00e9e apr\u00e8s analyse du sol et bilan humique.<br \/>\n<strong>Emballage : Horti<sup>\u00ae<\/sup>Compost<\/strong> est disponible en sac de 50 L et en big bag de 800L.<br \/>\n<strong>Horti<sup>\u00ae<\/sup>Compost <\/strong>est un produit fabriqu\u00e9 par Profert dans sa nouvelle unit\u00e9 de production d\u2019amendements organiques de Mostaganem. Il a subi des contr\u00f4les stricts, tout au long du processus de production.<\/p>\n[wpdm_package id='26526']\n","protected":false},"featured_media":32107,"template":"","meta":[],"product_brand":[],"product_cat":[140],"product_tag":[],"class_list":{"0":"post-20119","1":"product","2":"type-product","3":"status-publish","4":"has-post-thumbnail","6":"product_cat-amendement-organique","8":"first","9":"instock","10":"shipping-taxable","11":"product-type-simple"},"yoast_head":"<!-- This site is optimized with the Yoast SEO plugin v25.6 - https:\/\/yoast.com\/wordpress\/plugins\/seo\/ -->\n<title>Horti\u00aeCompost - Profert<\/title>\n<meta name=\"robots\" content=\"index, follow, max-snippet:-1, max-image-preview:large, max-video-preview:-1\" \/>\n<link rel=\"canonical\" href=\"https:\/\/profert.dz\/fr\/index.php\/produit\/horticompost\/\" \/>\n<meta property=\"og:locale\" content=\"fr_FR\" \/>\n<meta property=\"og:type\" content=\"article\" \/>\n<meta property=\"og:title\" content=\"Horti\u00aeCompost - Profert\" \/>\n<meta property=\"og:description\" content=\"Amendement organique pour cultures maraich\u00e8res de plein champ et sous-serre Horti\u00aeCompost est un amendement organique issu \u00e0 100 % du compostage de v\u00e9g\u00e9taux. Horti\u00aeCompost est destin\u00e9 aux cultures maraich\u00e8res de plein champ et sous-serre. Horti\u00aeCompost se pr\u00e9sente sous forme de fragments d\u2019une granulom\u00e9trie inf\u00e9rieure \u00e0 4 mm. Cette forme, incorpor\u00e9e dans les 10 premiers centim\u00e8tres du sol, permet une augmentation de la teneur en mati\u00e8re organique et une correction rapide de la structure du sol et une lib\u00e9ration de l\u2019humus, un des principaux composants du complexe argilo-humique. Horti\u00aeCompost permet de reconstituer la fertilit\u00e9 des sols appauvris par des exportations importantes et une faiblesse ou absence de restitution. Horti\u00aeCompost est indemne de pathog\u00e8nes et de graines de mauvaises herbes. Pourquoi apporter un amendement organique ? \u2022 Pour am\u00e9liorer l\u2019oxyg\u00e9nation, la porosit\u00e9 et la structure des sols. \u2022 Pour apporter de l\u2019humus, renforcer le complexe argilo-humique, augmenter sa taille, retenir une quantit\u00e9 plus importante d\u2019\u00e9l\u00e9ments nutritifs, am\u00e9liorer la capacit\u00e9 d\u2019\u00e9changes en cations entre les racines et le complexe du sol. Les \u00e9l\u00e9ments nutritifs sont \u00e9galement pr\u00e9serv\u00e9s des lessivages importants. \u2022 Pour retenir l\u2019humidit\u00e9 et espacer les irrigations. \u2022 Pour lutter contre la salinisation des sols. \u2022 Pour cr\u00e9er un environnement favorable au d\u00e9veloppement des micro et macro organismes. \u2022 Pour am\u00e9liorer le pH du sol, favoriser la disponibilit\u00e9 et la lib\u00e9ration d\u2019\u00e9l\u00e9ments nutritifs. \u2022 Pour fournir des \u00e9l\u00e9ments nutritifs sous forme organique. \u2022 Pour r\u00e9duire l\u2019\u00e9rosion. \u2022 Pour retenir les argiles dans les sols sableux et former un complexe argilo-humique. Pourquoi le compost ? Le processus de compostage permet d\u2019obtenir un amendement organique indemne de graines de mauvaises herbes, de pathog\u00e8nes et de n\u00e9matodes que peuvent v\u00e9hiculer les amendements d\u2019origine animale comme le fumier, les boues des stations d\u2019\u00e9puration et les engrais organiques comme les fientes de volailles. Caract\u00e9ristiques du produit :  Recommandation d\u2019utilisation : Horti\u00aeCompost est recommand\u00e9 pour cultures maraich\u00e8res de plein champ et sous-serre. Avant plantation, apporter 10 \u00e0 20 t\/ha\/an, en m\u00e9lange avec la terre, dans les 15 premiers centim\u00e8tres du sol, pour l\u2019am\u00e9lioration de la qualit\u00e9 physique et organique du sol. Dans les cas de sols tr\u00e8s sableux ou avec une tr\u00e8s faible CEC, la dose peut monter \u00e0 30-40 t\/ha\/an. Une quantit\u00e9 plus pr\u00e9cise peut-\u00eatre recommand\u00e9e apr\u00e8s analyse du sol et bilan humique. Emballage : Horti\u00aeCompost est disponible en sac de 50 L et en big bag de 800L. Horti\u00aeCompost est un produit fabriqu\u00e9 par Profert dans sa nouvelle unit\u00e9 de production d\u2019amendements organiques de Mostaganem. Il a subi des contr\u00f4les stricts, tout au long du processus de production.\" \/>\n<meta property=\"og:url\" content=\"https:\/\/profert.dz\/fr\/index.php\/produit\/horticompost\/\" \/>\n<meta property=\"og:site_name\" content=\"Profert\" \/>\n<meta property=\"article:modified_time\" content=\"2025-04-06T12:58:44+00:00\" \/>\n<meta property=\"og:image\" content=\"https:\/\/profert.dz\/fr\/wp-content\/uploads\/2019\/07\/HortiCompost.jpg\" \/>\n\t<meta property=\"og:image:width\" content=\"1659\" \/>\n\t<meta property=\"og:image:height\" content=\"1539\" \/>\n\t<meta property=\"og:image:type\" content=\"image\/jpeg\" \/>\n<meta name=\"twitter:card\" content=\"summary_large_image\" \/>\n<meta name=\"twitter:label1\" content=\"Dur\u00e9e de lecture estim\u00e9e\" \/>\n\t<meta name=\"twitter:data1\" content=\"1 minute\" \/>\n<script type=\"application\/ld+json\" class=\"yoast-schema-graph\">{\"@context\":\"https:\/\/schema.org\",\"@graph\":[{\"@type\":\"WebPage\",\"@id\":\"https:\/\/profert.dz\/fr\/index.php\/produit\/horticompost\/\",\"url\":\"https:\/\/profert.dz\/fr\/index.php\/produit\/horticompost\/\",\"name\":\"Horti\u00aeCompost - Profert\",\"isPartOf\":{\"@id\":\"https:\/\/profert.dz\/fr\/#website\"},\"primaryImageOfPage\":{\"@id\":\"https:\/\/profert.dz\/fr\/index.php\/produit\/horticompost\/#primaryimage\"},\"image\":{\"@id\":\"https:\/\/profert.dz\/fr\/index.php\/produit\/horticompost\/#primaryimage\"},\"thumbnailUrl\":\"https:\/\/profert.dz\/fr\/wp-content\/uploads\/2019\/07\/HortiCompost.jpg\",\"datePublished\":\"2019-07-15T09:20:55+00:00\",\"dateModified\":\"2025-04-06T12:58:44+00:00\",\"breadcrumb\":{\"@id\":\"https:\/\/profert.dz\/fr\/index.php\/produit\/horticompost\/#breadcrumb\"},\"inLanguage\":\"fr-FR\",\"potentialAction\":[{\"@type\":\"ReadAction\",\"target\":[\"https:\/\/profert.dz\/fr\/index.php\/produit\/horticompost\/\"]}]},{\"@type\":\"ImageObject\",\"inLanguage\":\"fr-FR\",\"@id\":\"https:\/\/profert.dz\/fr\/index.php\/produit\/horticompost\/#primaryimage\",\"url\":\"https:\/\/profert.dz\/fr\/wp-content\/uploads\/2019\/07\/HortiCompost.jpg\",\"contentUrl\":\"https:\/\/profert.dz\/fr\/wp-content\/uploads\/2019\/07\/HortiCompost.jpg\",\"width\":1659,\"height\":1539},{\"@type\":\"BreadcrumbList\",\"@id\":\"https:\/\/profert.dz\/fr\/index.php\/produit\/horticompost\/#breadcrumb\",\"itemListElement\":[{\"@type\":\"ListItem\",\"position\":1,\"name\":\"Accueil\",\"item\":\"https:\/\/profert.dz\/fr\/\"},{\"@type\":\"ListItem\",\"position\":2,\"name\":\"Produits\",\"item\":\"https:\/\/profert.dz\/fr\/index.php\/boutique\/\"},{\"@type\":\"ListItem\",\"position\":3,\"name\":\"Horti\u00aeCompost\"}]},{\"@type\":\"WebSite\",\"@id\":\"https:\/\/profert.dz\/fr\/#website\",\"url\":\"https:\/\/profert.dz\/fr\/\",\"name\":\"Profert.dz\",\"description\":\"Agriculture Alg\u00e9rie\",\"potentialAction\":[{\"@type\":\"SearchAction\",\"target\":{\"@type\":\"EntryPoint\",\"urlTemplate\":\"https:\/\/profert.dz\/fr\/?s={search_term_string}\"},\"query-input\":{\"@type\":\"PropertyValueSpecification\",\"valueRequired\":true,\"valueName\":\"search_term_string\"}}],\"inLanguage\":\"fr-FR\"}]}<\/script>\n<!-- \/ Yoast SEO plugin. -->","yoast_head_json":{"title":"Horti\u00aeCompost - Profert","robots":{"index":"index","follow":"follow","max-snippet":"max-snippet:-1","max-image-preview":"max-image-preview:large","max-video-preview":"max-video-preview:-1"},"canonical":"https:\/\/profert.dz\/fr\/index.php\/produit\/horticompost\/","og_locale":"fr_FR","og_type":"article","og_title":"Horti\u00aeCompost - Profert","og_description":"Amendement organique pour cultures maraich\u00e8res de plein champ et sous-serre Horti\u00aeCompost est un amendement organique issu \u00e0 100 % du compostage de v\u00e9g\u00e9taux. Horti\u00aeCompost est destin\u00e9 aux cultures maraich\u00e8res de plein champ et sous-serre. Horti\u00aeCompost se pr\u00e9sente sous forme de fragments d\u2019une granulom\u00e9trie inf\u00e9rieure \u00e0 4 mm. Cette forme, incorpor\u00e9e dans les 10 premiers centim\u00e8tres du sol, permet une augmentation de la teneur en mati\u00e8re organique et une correction rapide de la structure du sol et une lib\u00e9ration de l\u2019humus, un des principaux composants du complexe argilo-humique. Horti\u00aeCompost permet de reconstituer la fertilit\u00e9 des sols appauvris par des exportations importantes et une faiblesse ou absence de restitution. Horti\u00aeCompost est indemne de pathog\u00e8nes et de graines de mauvaises herbes. Pourquoi apporter un amendement organique ? \u2022 Pour am\u00e9liorer l\u2019oxyg\u00e9nation, la porosit\u00e9 et la structure des sols. \u2022 Pour apporter de l\u2019humus, renforcer le complexe argilo-humique, augmenter sa taille, retenir une quantit\u00e9 plus importante d\u2019\u00e9l\u00e9ments nutritifs, am\u00e9liorer la capacit\u00e9 d\u2019\u00e9changes en cations entre les racines et le complexe du sol. Les \u00e9l\u00e9ments nutritifs sont \u00e9galement pr\u00e9serv\u00e9s des lessivages importants. \u2022 Pour retenir l\u2019humidit\u00e9 et espacer les irrigations. \u2022 Pour lutter contre la salinisation des sols. \u2022 Pour cr\u00e9er un environnement favorable au d\u00e9veloppement des micro et macro organismes. \u2022 Pour am\u00e9liorer le pH du sol, favoriser la disponibilit\u00e9 et la lib\u00e9ration d\u2019\u00e9l\u00e9ments nutritifs. \u2022 Pour fournir des \u00e9l\u00e9ments nutritifs sous forme organique. \u2022 Pour r\u00e9duire l\u2019\u00e9rosion. \u2022 Pour retenir les argiles dans les sols sableux et former un complexe argilo-humique. Pourquoi le compost ? Le processus de compostage permet d\u2019obtenir un amendement organique indemne de graines de mauvaises herbes, de pathog\u00e8nes et de n\u00e9matodes que peuvent v\u00e9hiculer les amendements d\u2019origine animale comme le fumier, les boues des stations d\u2019\u00e9puration et les engrais organiques comme les fientes de volailles. Caract\u00e9ristiques du produit :  Recommandation d\u2019utilisation : Horti\u00aeCompost est recommand\u00e9 pour cultures maraich\u00e8res de plein champ et sous-serre. Avant plantation, apporter 10 \u00e0 20 t\/ha\/an, en m\u00e9lange avec la terre, dans les 15 premiers centim\u00e8tres du sol, pour l\u2019am\u00e9lioration de la qualit\u00e9 physique et organique du sol. Dans les cas de sols tr\u00e8s sableux ou avec une tr\u00e8s faible CEC, la dose peut monter \u00e0 30-40 t\/ha\/an. Une quantit\u00e9 plus pr\u00e9cise peut-\u00eatre recommand\u00e9e apr\u00e8s analyse du sol et bilan humique. Emballage : Horti\u00aeCompost est disponible en sac de 50 L et en big bag de 800L. Horti\u00aeCompost est un produit fabriqu\u00e9 par Profert dans sa nouvelle unit\u00e9 de production d\u2019amendements organiques de Mostaganem. Il a subi des contr\u00f4les stricts, tout au long du processus de production.","og_url":"https:\/\/profert.dz\/fr\/index.php\/produit\/horticompost\/","og_site_name":"Profert","article_modified_time":"2025-04-06T12:58:44+00:00","og_image":[{"width":1659,"height":1539,"url":"https:\/\/profert.dz\/fr\/wp-content\/uploads\/2019\/07\/HortiCompost.jpg","type":"image\/jpeg"}],"twitter_card":"summary_large_image","twitter_misc":{"Dur\u00e9e de lecture estim\u00e9e":"1 minute"},"schema":{"@context":"https:\/\/schema.org","@graph":[{"@type":"WebPage","@id":"https:\/\/profert.dz\/fr\/index.php\/produit\/horticompost\/","url":"https:\/\/profert.dz\/fr\/index.php\/produit\/horticompost\/","name":"Horti\u00aeCompost - Profert","isPartOf":{"@id":"https:\/\/profert.dz\/fr\/#website"},"primaryImageOfPage":{"@id":"https:\/\/profert.dz\/fr\/index.php\/produit\/horticompost\/#primaryimage"},"image":{"@id":"https:\/\/profert.dz\/fr\/index.php\/produit\/horticompost\/#primaryimage"},"thumbnailUrl":"https:\/\/profert.dz\/fr\/wp-content\/uploads\/2019\/07\/HortiCompost.jpg","datePublished":"2019-07-15T09:20:55+00:00","dateModified":"2025-04-06T12:58:44+00:00","breadcrumb":{"@id":"https:\/\/profert.dz\/fr\/index.php\/produit\/horticompost\/#breadcrumb"},"inLanguage":"fr-FR","potentialAction":[{"@type":"ReadAction","target":["https:\/\/profert.dz\/fr\/index.php\/produit\/horticompost\/"]}]},{"@type":"ImageObject","inLanguage":"fr-FR","@id":"https:\/\/profert.dz\/fr\/index.php\/produit\/horticompost\/#primaryimage","url":"https:\/\/profert.dz\/fr\/wp-content\/uploads\/2019\/07\/HortiCompost.jpg","contentUrl":"https:\/\/profert.dz\/fr\/wp-content\/uploads\/2019\/07\/HortiCompost.jpg","width":1659,"height":1539},{"@type":"BreadcrumbList","@id":"https:\/\/profert.dz\/fr\/index.php\/produit\/horticompost\/#breadcrumb","itemListElement":[{"@type":"ListItem","position":1,"name":"Accueil","item":"https:\/\/profert.dz\/fr\/"},{"@type":"ListItem","position":2,"name":"Produits","item":"https:\/\/profert.dz\/fr\/index.php\/boutique\/"},{"@type":"ListItem","position":3,"name":"Horti\u00aeCompost"}]},{"@type":"WebSite","@id":"https:\/\/profert.dz\/fr\/#website","url":"https:\/\/profert.dz\/fr\/","name":"Profert.dz","description":"Agriculture Alg\u00e9rie","potentialAction":[{"@type":"SearchAction","target":{"@type":"EntryPoint","urlTemplate":"https:\/\/profert.dz\/fr\/?s={search_term_string}"},"query-input":{"@type":"PropertyValueSpecification","valueRequired":true,"valueName":"search_term_string"}}],"inLanguage":"fr-FR"}]}},"_links":{"self":[{"href":"https:\/\/profert.dz\/fr\/index.php\/wp-json\/wp\/v2\/product\/20119"}],"collection":[{"href":"https:\/\/profert.dz\/fr\/index.php\/wp-json\/wp\/v2\/product"}],"about":[{"href":"https:\/\/profert.dz\/fr\/index.php\/wp-json\/wp\/v2\/types\/product"}],"wp:featuredmedia":[{"embeddable":true,"href":"https:\/\/profert.dz\/fr\/index.php\/wp-json\/wp\/v2\/media\/32107"}],"wp:attachment":[{"href":"https:\/\/profert.dz\/fr\/index.php\/wp-json\/wp\/v2\/media?parent=20119"}],"wp:term":[{"taxonomy":"product_brand","embeddable":true,"href":"https:\/\/profert.dz\/fr\/index.php\/wp-json\/wp\/v2\/product_brand?post=20119"},{"taxonomy":"product_cat","embeddable":true,"href":"https:\/\/profert.dz\/fr\/index.php\/wp-json\/wp\/v2\/product_cat?post=20119"},{"taxonomy":"product_tag","embeddable":true,"href":"https:\/\/profert.dz\/fr\/index.php\/wp-json\/wp\/v2\/product_tag?post=20119"}],"curies":[{"name":"wp","href":"https:\/\/api.w.org\/{rel}","templated":true}]}}