{"id":20116,"date":"2019-07-14T17:45:36","date_gmt":"2019-07-14T15:45:36","guid":{"rendered":"http:\/\/profert.dz\/fr\/?post_type=product&#038;p=20116"},"modified":"2025-04-06T14:40:09","modified_gmt":"2025-04-06T12:40:09","slug":"granucompost","status":"publish","type":"product","link":"https:\/\/profert.dz\/fr\/index.php\/produit\/granucompost\/","title":{"rendered":"Granu<sup>\u00ae<\/sup>Compost"},"content":{"rendered":"","protected":false},"excerpt":{"rendered":"<h2 style=\"text-align: justify;\">Amendement organique granul\u00e9 pour toutes cultures<\/h2>\n<p style=\"text-align: justify;\"><strong>Formulation :<\/strong> pellets (bouchons).<br \/>\n<strong>Granu<sup>\u00ae<\/sup>Compost<\/strong> est un amendement organique issu \u00e0 100 % du compostage de v\u00e9g\u00e9taux, con\u00e7u pour r\u00e9pondre aux besoins des sols en mati\u00e8re organique.<br \/>\n<strong>Granu<sup>\u00ae<\/sup>Compost <\/strong>est destin\u00e9 \u00e0 toutes les cultures. Il peut \u00eatre utilis\u00e9 en localis\u00e9 ou en \u00e9pandage g\u00e9n\u00e9ralis\u00e9.<br \/>\n<strong>Granu<sup>\u00ae<\/sup>Compost <\/strong>se pr\u00e9sente sous forme de petites pellets d\u2019environ 1 cm.<br \/>\n<strong>Granu<sup>\u00ae<\/sup>Compost <\/strong>permet un apport rapide de mati\u00e8re organique au sol, une augmentation de la teneur en mati\u00e8re organique, une correction rapide de la structure du sol et une lib\u00e9ration de l\u2019humus, un des principaux composants du complexe argilo-humique.<br \/>\n<strong>Granu<sup>\u00ae<\/sup>Compost <\/strong>est un amendement concentr\u00e9 en mati\u00e8re organique stable.<\/p>\n<p style=\"text-align: justify;\"><strong>Cette forme granul\u00e9e offre :<\/strong><br \/>\n\u2022 La possibilit\u00e9 d\u2019apporter de grandes quantit\u00e9s d\u2019humus stable tout en manipulant un volume de compost r\u00e9duit.<br \/>\n\u2022 Corriger rapidement les caract\u00e9ristiques physico-chimiques et biologiques des sols.<br \/>\n\u2022 Faciliter l\u2019\u00e9pandage du compost et la possibilit\u00e9 de l\u2019apporter en localis\u00e9.<br \/>\n\u2022 Les granules s\u2019adaptent \u00e0 l\u2019\u00e9pandage avec un \u00e9pandeur \u00e0 engrais ou centrifuge.<br \/>\n\u2022 Les granules se d\u00e9sagr\u00e8gent dans le sol apr\u00e8s humectation.<\/p>\n<p style=\"text-align: justify;\"><strong>Pourquoi apporter un amendement organique ?<\/strong><br \/>\n\u2022 Pour am\u00e9liorer l\u2019oxyg\u00e9nation, la porosit\u00e9 et la structure des sols.<br \/>\n\u2022 Pour apporter de l\u2019humus, renforcer le complexe argilo-humique, augmenter sa taille, retenir une quantit\u00e9 plus importante d\u2019\u00e9l\u00e9ments nutritifs, am\u00e9liorer la capacit\u00e9 d\u2019\u00e9changes en cations entre les racines et le complexe du sol et r\u00e9duire les lessivages.<br \/>\n\u2022 Pour retenir l\u2019eau et espacer les irrigations.<br \/>\n\u2022 Pour lutter contre la salinisation des sols.<br \/>\n\u2022 Pour cr\u00e9er un environnement favorable au d\u00e9veloppement des micro et macro organismes.<br \/>\n\u2022 Pour am\u00e9liorer le pH du sol et favoriser la lib\u00e9ration d\u2019\u00e9l\u00e9ments nutritifs.<br \/>\n\u2022 Pour fournir des \u00e9l\u00e9ments nutritifs sous forme organique.<br \/>\n\u2022 Pour r\u00e9duire l\u2019\u00e9rosion.<br \/>\n\u2022 Pour retenir les argiles dans les sols sableux et former un complexe argilo-humique.<\/p>\n<p style=\"text-align: justify;\"><strong>Pourquoi le compost ?<\/strong><br \/>\nLe processus de compostage permet d\u2019obtenir un amendement organique indemne de graines de mauvaises herbes, de pathog\u00e8nes et de n\u00e9matodes que peuvent v\u00e9hiculer les amendements d\u2019origine animale comme le fumier ou les boues des stations d\u2019\u00e9puration et les engrais organiques comme les fientes de volailles.<\/p>\n<p style=\"text-align: justify;\"><strong>Caract\u00e9ristiques du produit :<\/strong><br \/>\n<img decoding=\"async\" class=\"alignnone wp-image-20125\" src=\"http:\/\/profert.dz\/fr\/wp-content\/uploads\/2019\/07\/GRANU-COMPOST-1.jpg\" alt=\"\" width=\"400\" height=\"80\" srcset=\"https:\/\/profert.dz\/fr\/wp-content\/uploads\/2019\/07\/GRANU-COMPOST-1-120x24.jpg 120w, https:\/\/profert.dz\/fr\/wp-content\/uploads\/2019\/07\/GRANU-COMPOST-1-200x40.jpg 200w, https:\/\/profert.dz\/fr\/wp-content\/uploads\/2019\/07\/GRANU-COMPOST-1-300x60.jpg 300w, https:\/\/profert.dz\/fr\/wp-content\/uploads\/2019\/07\/GRANU-COMPOST-1-400x80.jpg 400w, https:\/\/profert.dz\/fr\/wp-content\/uploads\/2019\/07\/GRANU-COMPOST-1.jpg 488w\" sizes=\"(max-width: 400px) 100vw, 400px\" \/><\/p>\n<p style=\"text-align: justify;\"><strong>Recommandation d\u2019utilisation :<\/strong><br \/>\n<strong>Granu<sup>\u00ae<\/sup>Compost<\/strong> est adapt\u00e9 pour les cultures maraich\u00e8res et arboricoles.<br \/>\nEn fonction du taux de mati\u00e8re organique de d\u00e9part et de l\u2019\u00e9quilibre humique de la parcelle, <strong>Granu<sup>\u00ae<\/sup>Compost <\/strong>peut s\u2019utiliser de 5 \u00e0 10 t\/ha en strat\u00e9gie d\u2019entretien..<br \/>\n<strong>Emballage :<\/strong> <strong>Granu<sup>\u00ae<\/sup>Compost<\/strong> est disponible en sac de 50 L et en big bag de 800L.<br \/>\n<strong>Granu<sup>\u00ae<\/sup>Compost<\/strong> est un produit fabriqu\u00e9 par Profert dans sa nouvelle unit\u00e9 de production d\u2019amendements organiques de Mostaganem. Il a subi des contr\u00f4les stricts, tout au long du processus de production.<\/p>\n[wpdm_package id='26559']\n","protected":false},"featured_media":32104,"template":"","meta":[],"product_brand":[],"product_cat":[140],"product_tag":[],"class_list":{"0":"post-20116","1":"product","2":"type-product","3":"status-publish","4":"has-post-thumbnail","6":"product_cat-amendement-organique","8":"first","9":"instock","10":"shipping-taxable","11":"product-type-simple"},"yoast_head":"<!-- This site is optimized with the Yoast SEO plugin v25.6 - https:\/\/yoast.com\/wordpress\/plugins\/seo\/ -->\n<title>Granu\u00aeCompost - Profert<\/title>\n<meta name=\"robots\" content=\"index, follow, max-snippet:-1, max-image-preview:large, max-video-preview:-1\" \/>\n<link rel=\"canonical\" href=\"https:\/\/profert.dz\/fr\/index.php\/produit\/granucompost\/\" \/>\n<meta property=\"og:locale\" content=\"fr_FR\" \/>\n<meta property=\"og:type\" content=\"article\" \/>\n<meta property=\"og:title\" content=\"Granu\u00aeCompost - Profert\" \/>\n<meta property=\"og:description\" content=\"Amendement organique granul\u00e9 pour toutes cultures Formulation : pellets (bouchons). Granu\u00aeCompost est un amendement organique issu \u00e0 100 % du compostage de v\u00e9g\u00e9taux, con\u00e7u pour r\u00e9pondre aux besoins des sols en mati\u00e8re organique. Granu\u00aeCompost est destin\u00e9 \u00e0 toutes les cultures. Il peut \u00eatre utilis\u00e9 en localis\u00e9 ou en \u00e9pandage g\u00e9n\u00e9ralis\u00e9. Granu\u00aeCompost se pr\u00e9sente sous forme de petites pellets d\u2019environ 1 cm. Granu\u00aeCompost permet un apport rapide de mati\u00e8re organique au sol, une augmentation de la teneur en mati\u00e8re organique, une correction rapide de la structure du sol et une lib\u00e9ration de l\u2019humus, un des principaux composants du complexe argilo-humique. Granu\u00aeCompost est un amendement concentr\u00e9 en mati\u00e8re organique stable. Cette forme granul\u00e9e offre : \u2022 La possibilit\u00e9 d\u2019apporter de grandes quantit\u00e9s d\u2019humus stable tout en manipulant un volume de compost r\u00e9duit. \u2022 Corriger rapidement les caract\u00e9ristiques physico-chimiques et biologiques des sols. \u2022 Faciliter l\u2019\u00e9pandage du compost et la possibilit\u00e9 de l\u2019apporter en localis\u00e9. \u2022 Les granules s\u2019adaptent \u00e0 l\u2019\u00e9pandage avec un \u00e9pandeur \u00e0 engrais ou centrifuge. \u2022 Les granules se d\u00e9sagr\u00e8gent dans le sol apr\u00e8s humectation. Pourquoi apporter un amendement organique ? \u2022 Pour am\u00e9liorer l\u2019oxyg\u00e9nation, la porosit\u00e9 et la structure des sols. \u2022 Pour apporter de l\u2019humus, renforcer le complexe argilo-humique, augmenter sa taille, retenir une quantit\u00e9 plus importante d\u2019\u00e9l\u00e9ments nutritifs, am\u00e9liorer la capacit\u00e9 d\u2019\u00e9changes en cations entre les racines et le complexe du sol et r\u00e9duire les lessivages. \u2022 Pour retenir l\u2019eau et espacer les irrigations. \u2022 Pour lutter contre la salinisation des sols. \u2022 Pour cr\u00e9er un environnement favorable au d\u00e9veloppement des micro et macro organismes. \u2022 Pour am\u00e9liorer le pH du sol et favoriser la lib\u00e9ration d\u2019\u00e9l\u00e9ments nutritifs. \u2022 Pour fournir des \u00e9l\u00e9ments nutritifs sous forme organique. \u2022 Pour r\u00e9duire l\u2019\u00e9rosion. \u2022 Pour retenir les argiles dans les sols sableux et former un complexe argilo-humique. Pourquoi le compost ? Le processus de compostage permet d\u2019obtenir un amendement organique indemne de graines de mauvaises herbes, de pathog\u00e8nes et de n\u00e9matodes que peuvent v\u00e9hiculer les amendements d\u2019origine animale comme le fumier ou les boues des stations d\u2019\u00e9puration et les engrais organiques comme les fientes de volailles. Caract\u00e9ristiques du produit :  Recommandation d\u2019utilisation : Granu\u00aeCompost est adapt\u00e9 pour les cultures maraich\u00e8res et arboricoles. En fonction du taux de mati\u00e8re organique de d\u00e9part et de l\u2019\u00e9quilibre humique de la parcelle, Granu\u00aeCompost peut s\u2019utiliser de 5 \u00e0 10 t\/ha en strat\u00e9gie d\u2019entretien.. Emballage : Granu\u00aeCompost est disponible en sac de 50 L et en big bag de 800L. Granu\u00aeCompost est un produit fabriqu\u00e9 par Profert dans sa nouvelle unit\u00e9 de production d\u2019amendements organiques de Mostaganem. Il a subi des contr\u00f4les stricts, tout au long du processus de production.\" \/>\n<meta property=\"og:url\" content=\"https:\/\/profert.dz\/fr\/index.php\/produit\/granucompost\/\" \/>\n<meta property=\"og:site_name\" content=\"Profert\" \/>\n<meta property=\"article:modified_time\" content=\"2025-04-06T12:40:09+00:00\" \/>\n<meta property=\"og:image\" content=\"https:\/\/profert.dz\/fr\/wp-content\/uploads\/2019\/07\/GranuCompost.jpg\" \/>\n\t<meta property=\"og:image:width\" content=\"1659\" \/>\n\t<meta property=\"og:image:height\" content=\"1541\" \/>\n\t<meta property=\"og:image:type\" content=\"image\/jpeg\" \/>\n<meta name=\"twitter:card\" content=\"summary_large_image\" \/>\n<meta name=\"twitter:label1\" content=\"Dur\u00e9e de lecture estim\u00e9e\" \/>\n\t<meta name=\"twitter:data1\" content=\"1 minute\" \/>\n<script type=\"application\/ld+json\" class=\"yoast-schema-graph\">{\"@context\":\"https:\/\/schema.org\",\"@graph\":[{\"@type\":\"WebPage\",\"@id\":\"https:\/\/profert.dz\/fr\/index.php\/produit\/granucompost\/\",\"url\":\"https:\/\/profert.dz\/fr\/index.php\/produit\/granucompost\/\",\"name\":\"Granu\u00aeCompost - Profert\",\"isPartOf\":{\"@id\":\"https:\/\/profert.dz\/fr\/#website\"},\"primaryImageOfPage\":{\"@id\":\"https:\/\/profert.dz\/fr\/index.php\/produit\/granucompost\/#primaryimage\"},\"image\":{\"@id\":\"https:\/\/profert.dz\/fr\/index.php\/produit\/granucompost\/#primaryimage\"},\"thumbnailUrl\":\"https:\/\/profert.dz\/fr\/wp-content\/uploads\/2019\/07\/GranuCompost.jpg\",\"datePublished\":\"2019-07-14T15:45:36+00:00\",\"dateModified\":\"2025-04-06T12:40:09+00:00\",\"breadcrumb\":{\"@id\":\"https:\/\/profert.dz\/fr\/index.php\/produit\/granucompost\/#breadcrumb\"},\"inLanguage\":\"fr-FR\",\"potentialAction\":[{\"@type\":\"ReadAction\",\"target\":[\"https:\/\/profert.dz\/fr\/index.php\/produit\/granucompost\/\"]}]},{\"@type\":\"ImageObject\",\"inLanguage\":\"fr-FR\",\"@id\":\"https:\/\/profert.dz\/fr\/index.php\/produit\/granucompost\/#primaryimage\",\"url\":\"https:\/\/profert.dz\/fr\/wp-content\/uploads\/2019\/07\/GranuCompost.jpg\",\"contentUrl\":\"https:\/\/profert.dz\/fr\/wp-content\/uploads\/2019\/07\/GranuCompost.jpg\",\"width\":1659,\"height\":1541},{\"@type\":\"BreadcrumbList\",\"@id\":\"https:\/\/profert.dz\/fr\/index.php\/produit\/granucompost\/#breadcrumb\",\"itemListElement\":[{\"@type\":\"ListItem\",\"position\":1,\"name\":\"Accueil\",\"item\":\"https:\/\/profert.dz\/fr\/\"},{\"@type\":\"ListItem\",\"position\":2,\"name\":\"Produits\",\"item\":\"https:\/\/profert.dz\/fr\/index.php\/boutique\/\"},{\"@type\":\"ListItem\",\"position\":3,\"name\":\"Granu\u00aeCompost\"}]},{\"@type\":\"WebSite\",\"@id\":\"https:\/\/profert.dz\/fr\/#website\",\"url\":\"https:\/\/profert.dz\/fr\/\",\"name\":\"Profert.dz\",\"description\":\"Agriculture Alg\u00e9rie\",\"potentialAction\":[{\"@type\":\"SearchAction\",\"target\":{\"@type\":\"EntryPoint\",\"urlTemplate\":\"https:\/\/profert.dz\/fr\/?s={search_term_string}\"},\"query-input\":{\"@type\":\"PropertyValueSpecification\",\"valueRequired\":true,\"valueName\":\"search_term_string\"}}],\"inLanguage\":\"fr-FR\"}]}<\/script>\n<!-- \/ Yoast SEO plugin. -->","yoast_head_json":{"title":"Granu\u00aeCompost - Profert","robots":{"index":"index","follow":"follow","max-snippet":"max-snippet:-1","max-image-preview":"max-image-preview:large","max-video-preview":"max-video-preview:-1"},"canonical":"https:\/\/profert.dz\/fr\/index.php\/produit\/granucompost\/","og_locale":"fr_FR","og_type":"article","og_title":"Granu\u00aeCompost - Profert","og_description":"Amendement organique granul\u00e9 pour toutes cultures Formulation : pellets (bouchons). Granu\u00aeCompost est un amendement organique issu \u00e0 100 % du compostage de v\u00e9g\u00e9taux, con\u00e7u pour r\u00e9pondre aux besoins des sols en mati\u00e8re organique. Granu\u00aeCompost est destin\u00e9 \u00e0 toutes les cultures. Il peut \u00eatre utilis\u00e9 en localis\u00e9 ou en \u00e9pandage g\u00e9n\u00e9ralis\u00e9. Granu\u00aeCompost se pr\u00e9sente sous forme de petites pellets d\u2019environ 1 cm. Granu\u00aeCompost permet un apport rapide de mati\u00e8re organique au sol, une augmentation de la teneur en mati\u00e8re organique, une correction rapide de la structure du sol et une lib\u00e9ration de l\u2019humus, un des principaux composants du complexe argilo-humique. Granu\u00aeCompost est un amendement concentr\u00e9 en mati\u00e8re organique stable. Cette forme granul\u00e9e offre : \u2022 La possibilit\u00e9 d\u2019apporter de grandes quantit\u00e9s d\u2019humus stable tout en manipulant un volume de compost r\u00e9duit. \u2022 Corriger rapidement les caract\u00e9ristiques physico-chimiques et biologiques des sols. \u2022 Faciliter l\u2019\u00e9pandage du compost et la possibilit\u00e9 de l\u2019apporter en localis\u00e9. \u2022 Les granules s\u2019adaptent \u00e0 l\u2019\u00e9pandage avec un \u00e9pandeur \u00e0 engrais ou centrifuge. \u2022 Les granules se d\u00e9sagr\u00e8gent dans le sol apr\u00e8s humectation. Pourquoi apporter un amendement organique ? \u2022 Pour am\u00e9liorer l\u2019oxyg\u00e9nation, la porosit\u00e9 et la structure des sols. \u2022 Pour apporter de l\u2019humus, renforcer le complexe argilo-humique, augmenter sa taille, retenir une quantit\u00e9 plus importante d\u2019\u00e9l\u00e9ments nutritifs, am\u00e9liorer la capacit\u00e9 d\u2019\u00e9changes en cations entre les racines et le complexe du sol et r\u00e9duire les lessivages. \u2022 Pour retenir l\u2019eau et espacer les irrigations. \u2022 Pour lutter contre la salinisation des sols. \u2022 Pour cr\u00e9er un environnement favorable au d\u00e9veloppement des micro et macro organismes. \u2022 Pour am\u00e9liorer le pH du sol et favoriser la lib\u00e9ration d\u2019\u00e9l\u00e9ments nutritifs. \u2022 Pour fournir des \u00e9l\u00e9ments nutritifs sous forme organique. \u2022 Pour r\u00e9duire l\u2019\u00e9rosion. \u2022 Pour retenir les argiles dans les sols sableux et former un complexe argilo-humique. Pourquoi le compost ? Le processus de compostage permet d\u2019obtenir un amendement organique indemne de graines de mauvaises herbes, de pathog\u00e8nes et de n\u00e9matodes que peuvent v\u00e9hiculer les amendements d\u2019origine animale comme le fumier ou les boues des stations d\u2019\u00e9puration et les engrais organiques comme les fientes de volailles. Caract\u00e9ristiques du produit :  Recommandation d\u2019utilisation : Granu\u00aeCompost est adapt\u00e9 pour les cultures maraich\u00e8res et arboricoles. En fonction du taux de mati\u00e8re organique de d\u00e9part et de l\u2019\u00e9quilibre humique de la parcelle, Granu\u00aeCompost peut s\u2019utiliser de 5 \u00e0 10 t\/ha en strat\u00e9gie d\u2019entretien.. Emballage : Granu\u00aeCompost est disponible en sac de 50 L et en big bag de 800L. Granu\u00aeCompost est un produit fabriqu\u00e9 par Profert dans sa nouvelle unit\u00e9 de production d\u2019amendements organiques de Mostaganem. Il a subi des contr\u00f4les stricts, tout au long du processus de production.","og_url":"https:\/\/profert.dz\/fr\/index.php\/produit\/granucompost\/","og_site_name":"Profert","article_modified_time":"2025-04-06T12:40:09+00:00","og_image":[{"width":1659,"height":1541,"url":"https:\/\/profert.dz\/fr\/wp-content\/uploads\/2019\/07\/GranuCompost.jpg","type":"image\/jpeg"}],"twitter_card":"summary_large_image","twitter_misc":{"Dur\u00e9e de lecture estim\u00e9e":"1 minute"},"schema":{"@context":"https:\/\/schema.org","@graph":[{"@type":"WebPage","@id":"https:\/\/profert.dz\/fr\/index.php\/produit\/granucompost\/","url":"https:\/\/profert.dz\/fr\/index.php\/produit\/granucompost\/","name":"Granu\u00aeCompost - Profert","isPartOf":{"@id":"https:\/\/profert.dz\/fr\/#website"},"primaryImageOfPage":{"@id":"https:\/\/profert.dz\/fr\/index.php\/produit\/granucompost\/#primaryimage"},"image":{"@id":"https:\/\/profert.dz\/fr\/index.php\/produit\/granucompost\/#primaryimage"},"thumbnailUrl":"https:\/\/profert.dz\/fr\/wp-content\/uploads\/2019\/07\/GranuCompost.jpg","datePublished":"2019-07-14T15:45:36+00:00","dateModified":"2025-04-06T12:40:09+00:00","breadcrumb":{"@id":"https:\/\/profert.dz\/fr\/index.php\/produit\/granucompost\/#breadcrumb"},"inLanguage":"fr-FR","potentialAction":[{"@type":"ReadAction","target":["https:\/\/profert.dz\/fr\/index.php\/produit\/granucompost\/"]}]},{"@type":"ImageObject","inLanguage":"fr-FR","@id":"https:\/\/profert.dz\/fr\/index.php\/produit\/granucompost\/#primaryimage","url":"https:\/\/profert.dz\/fr\/wp-content\/uploads\/2019\/07\/GranuCompost.jpg","contentUrl":"https:\/\/profert.dz\/fr\/wp-content\/uploads\/2019\/07\/GranuCompost.jpg","width":1659,"height":1541},{"@type":"BreadcrumbList","@id":"https:\/\/profert.dz\/fr\/index.php\/produit\/granucompost\/#breadcrumb","itemListElement":[{"@type":"ListItem","position":1,"name":"Accueil","item":"https:\/\/profert.dz\/fr\/"},{"@type":"ListItem","position":2,"name":"Produits","item":"https:\/\/profert.dz\/fr\/index.php\/boutique\/"},{"@type":"ListItem","position":3,"name":"Granu\u00aeCompost"}]},{"@type":"WebSite","@id":"https:\/\/profert.dz\/fr\/#website","url":"https:\/\/profert.dz\/fr\/","name":"Profert.dz","description":"Agriculture Alg\u00e9rie","potentialAction":[{"@type":"SearchAction","target":{"@type":"EntryPoint","urlTemplate":"https:\/\/profert.dz\/fr\/?s={search_term_string}"},"query-input":{"@type":"PropertyValueSpecification","valueRequired":true,"valueName":"search_term_string"}}],"inLanguage":"fr-FR"}]}},"_links":{"self":[{"href":"https:\/\/profert.dz\/fr\/index.php\/wp-json\/wp\/v2\/product\/20116"}],"collection":[{"href":"https:\/\/profert.dz\/fr\/index.php\/wp-json\/wp\/v2\/product"}],"about":[{"href":"https:\/\/profert.dz\/fr\/index.php\/wp-json\/wp\/v2\/types\/product"}],"wp:featuredmedia":[{"embeddable":true,"href":"https:\/\/profert.dz\/fr\/index.php\/wp-json\/wp\/v2\/media\/32104"}],"wp:attachment":[{"href":"https:\/\/profert.dz\/fr\/index.php\/wp-json\/wp\/v2\/media?parent=20116"}],"wp:term":[{"taxonomy":"product_brand","embeddable":true,"href":"https:\/\/profert.dz\/fr\/index.php\/wp-json\/wp\/v2\/product_brand?post=20116"},{"taxonomy":"product_cat","embeddable":true,"href":"https:\/\/profert.dz\/fr\/index.php\/wp-json\/wp\/v2\/product_cat?post=20116"},{"taxonomy":"product_tag","embeddable":true,"href":"https:\/\/profert.dz\/fr\/index.php\/wp-json\/wp\/v2\/product_tag?post=20116"}],"curies":[{"name":"wp","href":"https:\/\/api.w.org\/{rel}","templated":true}]}}