{"id":18955,"date":"2019-01-17T13:42:59","date_gmt":"2019-01-17T12:42:59","guid":{"rendered":"http:\/\/profert.dz\/fr\/?post_type=product&#038;p=18955"},"modified":"2025-09-16T10:22:07","modified_gmt":"2025-09-16T08:22:07","slug":"tradecorpmg","status":"publish","type":"product","link":"https:\/\/profert.dz\/fr\/index.php\/produit\/tradecorpmg\/","title":{"rendered":"Tradecorp<sup>\u00ae<\/sup> Mg"},"content":{"rendered":"","protected":false},"excerpt":{"rendered":"<h2>Pr\u00e9vient et corrige les carences en magn\u00e9sium<\/h2>\n<p style=\"text-align: justify;\"><strong>COMPOSITION :<\/strong><br \/>\n10% de magn\u00e9sium (Mg) chelat\u00e9 \u00e0 l\u2019EDTA.<br \/>\n<strong>FORMULATION :<\/strong><br \/>\nMicrogranul\u00e9s (MG).<\/p>\n<p><strong>CARACT\u00c9RISTIQUES :<\/strong><br \/>\n<strong>Tradecorp<sup>\u00ae<\/sup> Mg<\/strong> contient du magn\u00e9sium sous forme EDTA. L\u2019agent ch\u00e9latant EDTA permet \u00e0 l\u2019\u00e9l\u00e9ment nutritif magn\u00e9sium d\u2019\u00eatre enti\u00e8rement assimilable et de mieux migrer dans les tissus de la plante.<br \/>\n<strong>Tradecorp<sup>\u00ae<\/sup> Mg<\/strong> pr\u00e9vient et corrige les carences en magn\u00e9sium sur toutes les cultures.<br \/>\n<strong>Tradecorp<sup>\u00ae<\/sup> Mg<\/strong> est un produit stable entre pH 4 et 9. Le pH id\u00e9al pour l\u2019absorption du magn\u00e9sium est compris entre 4,7 et 7.<br \/>\n<strong>Tradecorp<sup>\u00ae<\/sup> Mg<\/strong> a une action b\u00e9n\u00e9fique sur le m\u00e9tabolisme des phosphates et la respiration de la plante, il stimule l\u2019activation de nombreux syst\u00e8mes enzymatiques et am\u00e9liore la photosynth\u00e8se.<br \/>\n<strong>Tradecorp<sup>\u00ae<\/sup> Mg<\/strong> est une source d\u2019\u00e9nergie pour la plante et rentre \u00e9galement dans divers r\u00e9actions enzymatiques conduisant \u00e0 la cr\u00e9ation d\u2019ATP.<\/p>\n<p><strong>UTILISATION ET DOSES D\u2019EMPLOI :<\/strong><br \/>\n<img decoding=\"async\" class=\"alignnone size-full wp-image-22644\" src=\"http:\/\/profert.dz\/fr\/wp-content\/uploads\/2019\/01\/Tab-Tradecorp-Mg.jpg\" alt=\"\" width=\"400\" height=\"73\" srcset=\"https:\/\/profert.dz\/fr\/wp-content\/uploads\/2019\/01\/Tab-Tradecorp-Mg-120x22.jpg 120w, https:\/\/profert.dz\/fr\/wp-content\/uploads\/2019\/01\/Tab-Tradecorp-Mg-200x37.jpg 200w, https:\/\/profert.dz\/fr\/wp-content\/uploads\/2019\/01\/Tab-Tradecorp-Mg-300x55.jpg 300w, https:\/\/profert.dz\/fr\/wp-content\/uploads\/2019\/01\/Tab-Tradecorp-Mg.jpg 400w\" sizes=\"(max-width: 400px) 100vw, 400px\" \/><br \/>\n<strong>COMPATIBILIT\u00c9 :<\/strong><br \/>\n<strong>Tradecorp<sup>\u00ae<\/sup> Mg<\/strong> est compatible avec la plupart des engrais et produits phytosanitaires.<br \/>\nIl est recommand\u00e9 d\u2019effectuer un test au pr\u00e9alable.<\/p>\n","protected":false},"featured_media":19719,"template":"","meta":[],"product_brand":[],"product_cat":[80],"product_tag":[],"class_list":{"0":"post-18955","1":"product","2":"type-product","3":"status-publish","4":"has-post-thumbnail","6":"product_cat-oligoelements","8":"first","9":"instock","10":"shipping-taxable","11":"product-type-simple"},"yoast_head":"<!-- This site is optimized with the Yoast SEO plugin v25.6 - https:\/\/yoast.com\/wordpress\/plugins\/seo\/ -->\n<title>Tradecorp\u00ae Mg - Profert<\/title>\n<meta name=\"robots\" content=\"index, follow, max-snippet:-1, max-image-preview:large, max-video-preview:-1\" \/>\n<link rel=\"canonical\" href=\"https:\/\/profert.dz\/fr\/index.php\/produit\/tradecorpmg\/\" \/>\n<meta property=\"og:locale\" content=\"fr_FR\" \/>\n<meta property=\"og:type\" content=\"article\" \/>\n<meta property=\"og:title\" content=\"Tradecorp\u00ae Mg - Profert\" \/>\n<meta property=\"og:description\" content=\"Pr\u00e9vient et corrige les carences en magn\u00e9sium COMPOSITION : 10% de magn\u00e9sium (Mg) chelat\u00e9 \u00e0 l\u2019EDTA. FORMULATION : Microgranul\u00e9s (MG). CARACT\u00c9RISTIQUES : Tradecorp\u00ae Mg contient du magn\u00e9sium sous forme EDTA. L\u2019agent ch\u00e9latant EDTA permet \u00e0 l\u2019\u00e9l\u00e9ment nutritif magn\u00e9sium d\u2019\u00eatre enti\u00e8rement assimilable et de mieux migrer dans les tissus de la plante. Tradecorp\u00ae Mg pr\u00e9vient et corrige les carences en magn\u00e9sium sur toutes les cultures. Tradecorp\u00ae Mg est un produit stable entre pH 4 et 9. Le pH id\u00e9al pour l\u2019absorption du magn\u00e9sium est compris entre 4,7 et 7. Tradecorp\u00ae Mg a une action b\u00e9n\u00e9fique sur le m\u00e9tabolisme des phosphates et la respiration de la plante, il stimule l\u2019activation de nombreux syst\u00e8mes enzymatiques et am\u00e9liore la photosynth\u00e8se. Tradecorp\u00ae Mg est une source d\u2019\u00e9nergie pour la plante et rentre \u00e9galement dans divers r\u00e9actions enzymatiques conduisant \u00e0 la cr\u00e9ation d\u2019ATP.  UTILISATION ET DOSES D\u2019EMPLOI :  COMPATIBILIT\u00c9 : Tradecorp\u00ae Mg est compatible avec la plupart des engrais et produits phytosanitaires. Il est recommand\u00e9 d\u2019effectuer un test au pr\u00e9alable.\" \/>\n<meta property=\"og:url\" content=\"https:\/\/profert.dz\/fr\/index.php\/produit\/tradecorpmg\/\" \/>\n<meta property=\"og:site_name\" content=\"Profert\" \/>\n<meta property=\"article:modified_time\" content=\"2025-09-16T08:22:07+00:00\" \/>\n<meta property=\"og:image\" content=\"https:\/\/profert.dz\/fr\/wp-content\/uploads\/2019\/01\/Tradecorp\u00ae-Mg.jpg\" \/>\n\t<meta property=\"og:image:width\" content=\"500\" \/>\n\t<meta property=\"og:image:height\" content=\"457\" \/>\n\t<meta property=\"og:image:type\" content=\"image\/jpeg\" \/>\n<meta name=\"twitter:card\" content=\"summary_large_image\" \/>\n<meta name=\"twitter:label1\" content=\"Dur\u00e9e de lecture estim\u00e9e\" \/>\n\t<meta name=\"twitter:data1\" content=\"1 minute\" \/>\n<script type=\"application\/ld+json\" class=\"yoast-schema-graph\">{\"@context\":\"https:\/\/schema.org\",\"@graph\":[{\"@type\":\"WebPage\",\"@id\":\"https:\/\/profert.dz\/fr\/index.php\/produit\/tradecorpmg\/\",\"url\":\"https:\/\/profert.dz\/fr\/index.php\/produit\/tradecorpmg\/\",\"name\":\"Tradecorp\u00ae Mg - Profert\",\"isPartOf\":{\"@id\":\"https:\/\/profert.dz\/fr\/#website\"},\"primaryImageOfPage\":{\"@id\":\"https:\/\/profert.dz\/fr\/index.php\/produit\/tradecorpmg\/#primaryimage\"},\"image\":{\"@id\":\"https:\/\/profert.dz\/fr\/index.php\/produit\/tradecorpmg\/#primaryimage\"},\"thumbnailUrl\":\"https:\/\/profert.dz\/fr\/wp-content\/uploads\/2019\/01\/Tradecorp\u00ae-Mg.jpg\",\"datePublished\":\"2019-01-17T12:42:59+00:00\",\"dateModified\":\"2025-09-16T08:22:07+00:00\",\"breadcrumb\":{\"@id\":\"https:\/\/profert.dz\/fr\/index.php\/produit\/tradecorpmg\/#breadcrumb\"},\"inLanguage\":\"fr-FR\",\"potentialAction\":[{\"@type\":\"ReadAction\",\"target\":[\"https:\/\/profert.dz\/fr\/index.php\/produit\/tradecorpmg\/\"]}]},{\"@type\":\"ImageObject\",\"inLanguage\":\"fr-FR\",\"@id\":\"https:\/\/profert.dz\/fr\/index.php\/produit\/tradecorpmg\/#primaryimage\",\"url\":\"https:\/\/profert.dz\/fr\/wp-content\/uploads\/2019\/01\/Tradecorp\u00ae-Mg.jpg\",\"contentUrl\":\"https:\/\/profert.dz\/fr\/wp-content\/uploads\/2019\/01\/Tradecorp\u00ae-Mg.jpg\",\"width\":500,\"height\":457},{\"@type\":\"BreadcrumbList\",\"@id\":\"https:\/\/profert.dz\/fr\/index.php\/produit\/tradecorpmg\/#breadcrumb\",\"itemListElement\":[{\"@type\":\"ListItem\",\"position\":1,\"name\":\"Accueil\",\"item\":\"https:\/\/profert.dz\/fr\/\"},{\"@type\":\"ListItem\",\"position\":2,\"name\":\"Produits\",\"item\":\"https:\/\/profert.dz\/fr\/index.php\/boutique\/\"},{\"@type\":\"ListItem\",\"position\":3,\"name\":\"Tradecorp\u00ae Mg\"}]},{\"@type\":\"WebSite\",\"@id\":\"https:\/\/profert.dz\/fr\/#website\",\"url\":\"https:\/\/profert.dz\/fr\/\",\"name\":\"Profert.dz\",\"description\":\"Agriculture Alg\u00e9rie\",\"potentialAction\":[{\"@type\":\"SearchAction\",\"target\":{\"@type\":\"EntryPoint\",\"urlTemplate\":\"https:\/\/profert.dz\/fr\/?s={search_term_string}\"},\"query-input\":{\"@type\":\"PropertyValueSpecification\",\"valueRequired\":true,\"valueName\":\"search_term_string\"}}],\"inLanguage\":\"fr-FR\"}]}<\/script>\n<!-- \/ Yoast SEO plugin. -->","yoast_head_json":{"title":"Tradecorp\u00ae Mg - Profert","robots":{"index":"index","follow":"follow","max-snippet":"max-snippet:-1","max-image-preview":"max-image-preview:large","max-video-preview":"max-video-preview:-1"},"canonical":"https:\/\/profert.dz\/fr\/index.php\/produit\/tradecorpmg\/","og_locale":"fr_FR","og_type":"article","og_title":"Tradecorp\u00ae Mg - Profert","og_description":"Pr\u00e9vient et corrige les carences en magn\u00e9sium COMPOSITION : 10% de magn\u00e9sium (Mg) chelat\u00e9 \u00e0 l\u2019EDTA. FORMULATION : Microgranul\u00e9s (MG). CARACT\u00c9RISTIQUES : Tradecorp\u00ae Mg contient du magn\u00e9sium sous forme EDTA. L\u2019agent ch\u00e9latant EDTA permet \u00e0 l\u2019\u00e9l\u00e9ment nutritif magn\u00e9sium d\u2019\u00eatre enti\u00e8rement assimilable et de mieux migrer dans les tissus de la plante. Tradecorp\u00ae Mg pr\u00e9vient et corrige les carences en magn\u00e9sium sur toutes les cultures. Tradecorp\u00ae Mg est un produit stable entre pH 4 et 9. Le pH id\u00e9al pour l\u2019absorption du magn\u00e9sium est compris entre 4,7 et 7. Tradecorp\u00ae Mg a une action b\u00e9n\u00e9fique sur le m\u00e9tabolisme des phosphates et la respiration de la plante, il stimule l\u2019activation de nombreux syst\u00e8mes enzymatiques et am\u00e9liore la photosynth\u00e8se. Tradecorp\u00ae Mg est une source d\u2019\u00e9nergie pour la plante et rentre \u00e9galement dans divers r\u00e9actions enzymatiques conduisant \u00e0 la cr\u00e9ation d\u2019ATP.  UTILISATION ET DOSES D\u2019EMPLOI :  COMPATIBILIT\u00c9 : Tradecorp\u00ae Mg est compatible avec la plupart des engrais et produits phytosanitaires. Il est recommand\u00e9 d\u2019effectuer un test au pr\u00e9alable.","og_url":"https:\/\/profert.dz\/fr\/index.php\/produit\/tradecorpmg\/","og_site_name":"Profert","article_modified_time":"2025-09-16T08:22:07+00:00","og_image":[{"width":500,"height":457,"url":"https:\/\/profert.dz\/fr\/wp-content\/uploads\/2019\/01\/Tradecorp\u00ae-Mg.jpg","type":"image\/jpeg"}],"twitter_card":"summary_large_image","twitter_misc":{"Dur\u00e9e de lecture estim\u00e9e":"1 minute"},"schema":{"@context":"https:\/\/schema.org","@graph":[{"@type":"WebPage","@id":"https:\/\/profert.dz\/fr\/index.php\/produit\/tradecorpmg\/","url":"https:\/\/profert.dz\/fr\/index.php\/produit\/tradecorpmg\/","name":"Tradecorp\u00ae Mg - Profert","isPartOf":{"@id":"https:\/\/profert.dz\/fr\/#website"},"primaryImageOfPage":{"@id":"https:\/\/profert.dz\/fr\/index.php\/produit\/tradecorpmg\/#primaryimage"},"image":{"@id":"https:\/\/profert.dz\/fr\/index.php\/produit\/tradecorpmg\/#primaryimage"},"thumbnailUrl":"https:\/\/profert.dz\/fr\/wp-content\/uploads\/2019\/01\/Tradecorp\u00ae-Mg.jpg","datePublished":"2019-01-17T12:42:59+00:00","dateModified":"2025-09-16T08:22:07+00:00","breadcrumb":{"@id":"https:\/\/profert.dz\/fr\/index.php\/produit\/tradecorpmg\/#breadcrumb"},"inLanguage":"fr-FR","potentialAction":[{"@type":"ReadAction","target":["https:\/\/profert.dz\/fr\/index.php\/produit\/tradecorpmg\/"]}]},{"@type":"ImageObject","inLanguage":"fr-FR","@id":"https:\/\/profert.dz\/fr\/index.php\/produit\/tradecorpmg\/#primaryimage","url":"https:\/\/profert.dz\/fr\/wp-content\/uploads\/2019\/01\/Tradecorp\u00ae-Mg.jpg","contentUrl":"https:\/\/profert.dz\/fr\/wp-content\/uploads\/2019\/01\/Tradecorp\u00ae-Mg.jpg","width":500,"height":457},{"@type":"BreadcrumbList","@id":"https:\/\/profert.dz\/fr\/index.php\/produit\/tradecorpmg\/#breadcrumb","itemListElement":[{"@type":"ListItem","position":1,"name":"Accueil","item":"https:\/\/profert.dz\/fr\/"},{"@type":"ListItem","position":2,"name":"Produits","item":"https:\/\/profert.dz\/fr\/index.php\/boutique\/"},{"@type":"ListItem","position":3,"name":"Tradecorp\u00ae Mg"}]},{"@type":"WebSite","@id":"https:\/\/profert.dz\/fr\/#website","url":"https:\/\/profert.dz\/fr\/","name":"Profert.dz","description":"Agriculture Alg\u00e9rie","potentialAction":[{"@type":"SearchAction","target":{"@type":"EntryPoint","urlTemplate":"https:\/\/profert.dz\/fr\/?s={search_term_string}"},"query-input":{"@type":"PropertyValueSpecification","valueRequired":true,"valueName":"search_term_string"}}],"inLanguage":"fr-FR"}]}},"_links":{"self":[{"href":"https:\/\/profert.dz\/fr\/index.php\/wp-json\/wp\/v2\/product\/18955"}],"collection":[{"href":"https:\/\/profert.dz\/fr\/index.php\/wp-json\/wp\/v2\/product"}],"about":[{"href":"https:\/\/profert.dz\/fr\/index.php\/wp-json\/wp\/v2\/types\/product"}],"wp:featuredmedia":[{"embeddable":true,"href":"https:\/\/profert.dz\/fr\/index.php\/wp-json\/wp\/v2\/media\/19719"}],"wp:attachment":[{"href":"https:\/\/profert.dz\/fr\/index.php\/wp-json\/wp\/v2\/media?parent=18955"}],"wp:term":[{"taxonomy":"product_brand","embeddable":true,"href":"https:\/\/profert.dz\/fr\/index.php\/wp-json\/wp\/v2\/product_brand?post=18955"},{"taxonomy":"product_cat","embeddable":true,"href":"https:\/\/profert.dz\/fr\/index.php\/wp-json\/wp\/v2\/product_cat?post=18955"},{"taxonomy":"product_tag","embeddable":true,"href":"https:\/\/profert.dz\/fr\/index.php\/wp-json\/wp\/v2\/product_tag?post=18955"}],"curies":[{"name":"wp","href":"https:\/\/api.w.org\/{rel}","templated":true}]}}