{"id":18884,"date":"2019-01-14T15:09:39","date_gmt":"2019-01-14T14:09:39","guid":{"rendered":"http:\/\/profert.dz\/fr\/?post_type=product&#038;p=18884"},"modified":"2025-09-16T10:04:40","modified_gmt":"2025-09-16T08:04:40","slug":"fainal-k","status":"publish","type":"product","link":"https:\/\/profert.dz\/fr\/index.php\/produit\/fainal-k\/","title":{"rendered":"Fainal K<sup>\u00ae<\/sup>"},"content":{"rendered":"","protected":false},"excerpt":{"rendered":"<h2>Colorez et grossissez vos fruits<\/h2>\n<p style=\"text-align: justify;\"><strong>COMPOSITION :<\/strong><br \/>\nOxyde de potassium (K2O) : 31 %.<br \/>\nAzote ur\u00e9ique : 3%.<br \/>\nEDTA : 1%.<\/p>\n<p style=\"text-align: justify;\"><strong>FORMULATION :<\/strong><br \/>\nConcentr\u00e9 soluble (SL).<\/p>\n<p style=\"text-align: justify;\"><strong>CARACT\u00c9RISTIQUES :<\/strong><br \/>\n<strong>Fainal K<sup>\u00ae<\/sup><\/strong> est un engrais liquide qui contient 31% d\u2019oxyde de potassium (K2O), 3% d\u2019azote ur\u00e9ique et 1% EDTA libre.<br \/>\n<strong>Fainal K<sup>\u00ae<\/sup><\/strong> accentue la coloration des fruits, pr\u00e9vient et corrige les carences en potassium.<br \/>\n<strong>Fainal K<sup>\u00ae<\/sup><\/strong> pr\u00e9vient les antagonismes avec les ions Ca++ et Mg++ pr\u00e9sents dans les eaux dures qui diminuent l\u2019efficacit\u00e9 des engrais foliaires. Le ch\u00e9late EDTA s\u00e9questre ces \u00e9l\u00e9ments et les pr\u00e9cipite au fond de la cuve permettant d\u2019obtenir une bouillie efficace.<br \/>\n<strong>Fainal K<sup>\u00ae<\/sup><\/strong> ne contient pas de chlore. Il peut \u00eatre utilis\u00e9 en application foliaire ou au sol sur toutes cultures y compris les cultures hors sol.<br \/>\n<strong>Fainal K<sup>\u00ae<\/sup><\/strong> est recommand\u00e9 au stade grossissement et pendant la coloration des fruits.<\/p>\n<p style=\"text-align: justify;\"><strong>COMPATIBILIT\u00c9 :<\/strong><br \/>\n<strong>Fainal K<sup>\u00ae<\/sup><\/strong> est compatible avec la plupart des engrais et produits phytosanitaires.<br \/>\nNe pas m\u00e9langer avec d\u2019autres ch\u00e9lates ni avec des produits \u00e0 pH tr\u00e8s acides (pH&lt;3).<br \/>\nEffectuer un essai avant emploi.<\/p>\n<p style=\"text-align: justify;\"><strong>UTILISATION ET DOSES D\u2019EMPLOI<\/strong><br \/>\n<img decoding=\"async\" class=\"alignnone size-full wp-image-22638\" src=\"http:\/\/profert.dz\/fr\/wp-content\/uploads\/2019\/01\/Tab-Fainalk.jpg\" alt=\"\" width=\"400\" height=\"165\" srcset=\"https:\/\/profert.dz\/fr\/wp-content\/uploads\/2019\/01\/Tab-Fainalk-120x50.jpg 120w, https:\/\/profert.dz\/fr\/wp-content\/uploads\/2019\/01\/Tab-Fainalk-200x83.jpg 200w, https:\/\/profert.dz\/fr\/wp-content\/uploads\/2019\/01\/Tab-Fainalk-300x124.jpg 300w, https:\/\/profert.dz\/fr\/wp-content\/uploads\/2019\/01\/Tab-Fainalk.jpg 400w\" sizes=\"(max-width: 400px) 100vw, 400px\" \/><\/p>\n","protected":false},"featured_media":18970,"template":"","meta":[],"product_brand":[],"product_cat":[79],"product_tag":[],"class_list":{"0":"post-18884","1":"product","2":"type-product","3":"status-publish","4":"has-post-thumbnail","6":"product_cat-engraisfoliaires","8":"first","9":"instock","10":"shipping-taxable","11":"product-type-simple"},"yoast_head":"<!-- This site is optimized with the Yoast SEO plugin v25.6 - https:\/\/yoast.com\/wordpress\/plugins\/seo\/ -->\n<title>Fainal K\u00ae - Profert<\/title>\n<meta name=\"robots\" content=\"index, follow, max-snippet:-1, max-image-preview:large, max-video-preview:-1\" \/>\n<link rel=\"canonical\" href=\"https:\/\/profert.dz\/fr\/index.php\/produit\/fainal-k\/\" \/>\n<meta property=\"og:locale\" content=\"fr_FR\" \/>\n<meta property=\"og:type\" content=\"article\" \/>\n<meta property=\"og:title\" content=\"Fainal K\u00ae - Profert\" \/>\n<meta property=\"og:description\" content=\"Colorez et grossissez vos fruits COMPOSITION : Oxyde de potassium (K2O) : 31 %. Azote ur\u00e9ique : 3%. EDTA : 1%. FORMULATION : Concentr\u00e9 soluble (SL). CARACT\u00c9RISTIQUES : Fainal K\u00ae est un engrais liquide qui contient 31% d\u2019oxyde de potassium (K2O), 3% d\u2019azote ur\u00e9ique et 1% EDTA libre. Fainal K\u00ae accentue la coloration des fruits, pr\u00e9vient et corrige les carences en potassium. Fainal K\u00ae pr\u00e9vient les antagonismes avec les ions Ca++ et Mg++ pr\u00e9sents dans les eaux dures qui diminuent l\u2019efficacit\u00e9 des engrais foliaires. Le ch\u00e9late EDTA s\u00e9questre ces \u00e9l\u00e9ments et les pr\u00e9cipite au fond de la cuve permettant d\u2019obtenir une bouillie efficace. Fainal K\u00ae ne contient pas de chlore. Il peut \u00eatre utilis\u00e9 en application foliaire ou au sol sur toutes cultures y compris les cultures hors sol. Fainal K\u00ae est recommand\u00e9 au stade grossissement et pendant la coloration des fruits. COMPATIBILIT\u00c9 : Fainal K\u00ae est compatible avec la plupart des engrais et produits phytosanitaires. Ne pas m\u00e9langer avec d\u2019autres ch\u00e9lates ni avec des produits \u00e0 pH tr\u00e8s acides (pH&lt;3). Effectuer un essai avant emploi. UTILISATION ET DOSES D\u2019EMPLOI\" \/>\n<meta property=\"og:url\" content=\"https:\/\/profert.dz\/fr\/index.php\/produit\/fainal-k\/\" \/>\n<meta property=\"og:site_name\" content=\"Profert\" \/>\n<meta property=\"article:modified_time\" content=\"2025-09-16T08:04:40+00:00\" \/>\n<meta property=\"og:image\" content=\"https:\/\/profert.dz\/fr\/wp-content\/uploads\/2019\/01\/Fainal-k-2018-500x457.jpg\" \/>\n\t<meta property=\"og:image:width\" content=\"500\" \/>\n\t<meta property=\"og:image:height\" content=\"457\" \/>\n\t<meta property=\"og:image:type\" content=\"image\/jpeg\" \/>\n<meta name=\"twitter:card\" content=\"summary_large_image\" \/>\n<meta name=\"twitter:label1\" content=\"Dur\u00e9e de lecture estim\u00e9e\" \/>\n\t<meta name=\"twitter:data1\" content=\"1 minute\" \/>\n<script type=\"application\/ld+json\" class=\"yoast-schema-graph\">{\"@context\":\"https:\/\/schema.org\",\"@graph\":[{\"@type\":\"WebPage\",\"@id\":\"https:\/\/profert.dz\/fr\/index.php\/produit\/fainal-k\/\",\"url\":\"https:\/\/profert.dz\/fr\/index.php\/produit\/fainal-k\/\",\"name\":\"Fainal K\u00ae - Profert\",\"isPartOf\":{\"@id\":\"https:\/\/profert.dz\/fr\/#website\"},\"primaryImageOfPage\":{\"@id\":\"https:\/\/profert.dz\/fr\/index.php\/produit\/fainal-k\/#primaryimage\"},\"image\":{\"@id\":\"https:\/\/profert.dz\/fr\/index.php\/produit\/fainal-k\/#primaryimage\"},\"thumbnailUrl\":\"https:\/\/profert.dz\/fr\/wp-content\/uploads\/2019\/01\/Fainal-k-2018-500x457.jpg\",\"datePublished\":\"2019-01-14T14:09:39+00:00\",\"dateModified\":\"2025-09-16T08:04:40+00:00\",\"breadcrumb\":{\"@id\":\"https:\/\/profert.dz\/fr\/index.php\/produit\/fainal-k\/#breadcrumb\"},\"inLanguage\":\"fr-FR\",\"potentialAction\":[{\"@type\":\"ReadAction\",\"target\":[\"https:\/\/profert.dz\/fr\/index.php\/produit\/fainal-k\/\"]}]},{\"@type\":\"ImageObject\",\"inLanguage\":\"fr-FR\",\"@id\":\"https:\/\/profert.dz\/fr\/index.php\/produit\/fainal-k\/#primaryimage\",\"url\":\"https:\/\/profert.dz\/fr\/wp-content\/uploads\/2019\/01\/Fainal-k-2018-500x457.jpg\",\"contentUrl\":\"https:\/\/profert.dz\/fr\/wp-content\/uploads\/2019\/01\/Fainal-k-2018-500x457.jpg\",\"width\":500,\"height\":457},{\"@type\":\"BreadcrumbList\",\"@id\":\"https:\/\/profert.dz\/fr\/index.php\/produit\/fainal-k\/#breadcrumb\",\"itemListElement\":[{\"@type\":\"ListItem\",\"position\":1,\"name\":\"Accueil\",\"item\":\"https:\/\/profert.dz\/fr\/\"},{\"@type\":\"ListItem\",\"position\":2,\"name\":\"Produits\",\"item\":\"https:\/\/profert.dz\/fr\/index.php\/boutique\/\"},{\"@type\":\"ListItem\",\"position\":3,\"name\":\"Fainal K\u00ae\"}]},{\"@type\":\"WebSite\",\"@id\":\"https:\/\/profert.dz\/fr\/#website\",\"url\":\"https:\/\/profert.dz\/fr\/\",\"name\":\"Profert.dz\",\"description\":\"Agriculture Alg\u00e9rie\",\"potentialAction\":[{\"@type\":\"SearchAction\",\"target\":{\"@type\":\"EntryPoint\",\"urlTemplate\":\"https:\/\/profert.dz\/fr\/?s={search_term_string}\"},\"query-input\":{\"@type\":\"PropertyValueSpecification\",\"valueRequired\":true,\"valueName\":\"search_term_string\"}}],\"inLanguage\":\"fr-FR\"}]}<\/script>\n<!-- \/ Yoast SEO plugin. -->","yoast_head_json":{"title":"Fainal K\u00ae - Profert","robots":{"index":"index","follow":"follow","max-snippet":"max-snippet:-1","max-image-preview":"max-image-preview:large","max-video-preview":"max-video-preview:-1"},"canonical":"https:\/\/profert.dz\/fr\/index.php\/produit\/fainal-k\/","og_locale":"fr_FR","og_type":"article","og_title":"Fainal K\u00ae - Profert","og_description":"Colorez et grossissez vos fruits COMPOSITION : Oxyde de potassium (K2O) : 31 %. Azote ur\u00e9ique : 3%. EDTA : 1%. FORMULATION : Concentr\u00e9 soluble (SL). CARACT\u00c9RISTIQUES : Fainal K\u00ae est un engrais liquide qui contient 31% d\u2019oxyde de potassium (K2O), 3% d\u2019azote ur\u00e9ique et 1% EDTA libre. Fainal K\u00ae accentue la coloration des fruits, pr\u00e9vient et corrige les carences en potassium. Fainal K\u00ae pr\u00e9vient les antagonismes avec les ions Ca++ et Mg++ pr\u00e9sents dans les eaux dures qui diminuent l\u2019efficacit\u00e9 des engrais foliaires. Le ch\u00e9late EDTA s\u00e9questre ces \u00e9l\u00e9ments et les pr\u00e9cipite au fond de la cuve permettant d\u2019obtenir une bouillie efficace. Fainal K\u00ae ne contient pas de chlore. Il peut \u00eatre utilis\u00e9 en application foliaire ou au sol sur toutes cultures y compris les cultures hors sol. Fainal K\u00ae est recommand\u00e9 au stade grossissement et pendant la coloration des fruits. COMPATIBILIT\u00c9 : Fainal K\u00ae est compatible avec la plupart des engrais et produits phytosanitaires. Ne pas m\u00e9langer avec d\u2019autres ch\u00e9lates ni avec des produits \u00e0 pH tr\u00e8s acides (pH&lt;3). Effectuer un essai avant emploi. UTILISATION ET DOSES D\u2019EMPLOI","og_url":"https:\/\/profert.dz\/fr\/index.php\/produit\/fainal-k\/","og_site_name":"Profert","article_modified_time":"2025-09-16T08:04:40+00:00","og_image":[{"width":500,"height":457,"url":"https:\/\/profert.dz\/fr\/wp-content\/uploads\/2019\/01\/Fainal-k-2018-500x457.jpg","type":"image\/jpeg"}],"twitter_card":"summary_large_image","twitter_misc":{"Dur\u00e9e de lecture estim\u00e9e":"1 minute"},"schema":{"@context":"https:\/\/schema.org","@graph":[{"@type":"WebPage","@id":"https:\/\/profert.dz\/fr\/index.php\/produit\/fainal-k\/","url":"https:\/\/profert.dz\/fr\/index.php\/produit\/fainal-k\/","name":"Fainal K\u00ae - Profert","isPartOf":{"@id":"https:\/\/profert.dz\/fr\/#website"},"primaryImageOfPage":{"@id":"https:\/\/profert.dz\/fr\/index.php\/produit\/fainal-k\/#primaryimage"},"image":{"@id":"https:\/\/profert.dz\/fr\/index.php\/produit\/fainal-k\/#primaryimage"},"thumbnailUrl":"https:\/\/profert.dz\/fr\/wp-content\/uploads\/2019\/01\/Fainal-k-2018-500x457.jpg","datePublished":"2019-01-14T14:09:39+00:00","dateModified":"2025-09-16T08:04:40+00:00","breadcrumb":{"@id":"https:\/\/profert.dz\/fr\/index.php\/produit\/fainal-k\/#breadcrumb"},"inLanguage":"fr-FR","potentialAction":[{"@type":"ReadAction","target":["https:\/\/profert.dz\/fr\/index.php\/produit\/fainal-k\/"]}]},{"@type":"ImageObject","inLanguage":"fr-FR","@id":"https:\/\/profert.dz\/fr\/index.php\/produit\/fainal-k\/#primaryimage","url":"https:\/\/profert.dz\/fr\/wp-content\/uploads\/2019\/01\/Fainal-k-2018-500x457.jpg","contentUrl":"https:\/\/profert.dz\/fr\/wp-content\/uploads\/2019\/01\/Fainal-k-2018-500x457.jpg","width":500,"height":457},{"@type":"BreadcrumbList","@id":"https:\/\/profert.dz\/fr\/index.php\/produit\/fainal-k\/#breadcrumb","itemListElement":[{"@type":"ListItem","position":1,"name":"Accueil","item":"https:\/\/profert.dz\/fr\/"},{"@type":"ListItem","position":2,"name":"Produits","item":"https:\/\/profert.dz\/fr\/index.php\/boutique\/"},{"@type":"ListItem","position":3,"name":"Fainal K\u00ae"}]},{"@type":"WebSite","@id":"https:\/\/profert.dz\/fr\/#website","url":"https:\/\/profert.dz\/fr\/","name":"Profert.dz","description":"Agriculture Alg\u00e9rie","potentialAction":[{"@type":"SearchAction","target":{"@type":"EntryPoint","urlTemplate":"https:\/\/profert.dz\/fr\/?s={search_term_string}"},"query-input":{"@type":"PropertyValueSpecification","valueRequired":true,"valueName":"search_term_string"}}],"inLanguage":"fr-FR"}]}},"_links":{"self":[{"href":"https:\/\/profert.dz\/fr\/index.php\/wp-json\/wp\/v2\/product\/18884"}],"collection":[{"href":"https:\/\/profert.dz\/fr\/index.php\/wp-json\/wp\/v2\/product"}],"about":[{"href":"https:\/\/profert.dz\/fr\/index.php\/wp-json\/wp\/v2\/types\/product"}],"wp:featuredmedia":[{"embeddable":true,"href":"https:\/\/profert.dz\/fr\/index.php\/wp-json\/wp\/v2\/media\/18970"}],"wp:attachment":[{"href":"https:\/\/profert.dz\/fr\/index.php\/wp-json\/wp\/v2\/media?parent=18884"}],"wp:term":[{"taxonomy":"product_brand","embeddable":true,"href":"https:\/\/profert.dz\/fr\/index.php\/wp-json\/wp\/v2\/product_brand?post=18884"},{"taxonomy":"product_cat","embeddable":true,"href":"https:\/\/profert.dz\/fr\/index.php\/wp-json\/wp\/v2\/product_cat?post=18884"},{"taxonomy":"product_tag","embeddable":true,"href":"https:\/\/profert.dz\/fr\/index.php\/wp-json\/wp\/v2\/product_tag?post=18884"}],"curies":[{"name":"wp","href":"https:\/\/api.w.org\/{rel}","templated":true}]}}