{"id":18882,"date":"2019-01-14T15:01:09","date_gmt":"2019-01-14T14:01:09","guid":{"rendered":"http:\/\/profert.dz\/fr\/?post_type=product&#038;p=18882"},"modified":"2025-09-16T10:05:31","modified_gmt":"2025-09-16T08:05:31","slug":"trafos-k","status":"publish","type":"product","link":"https:\/\/profert.dz\/fr\/index.php\/produit\/trafos-k\/","title":{"rendered":"Trafos K<sup>\u00ae<\/sup>"},"content":{"rendered":"","protected":false},"excerpt":{"rendered":"<h2>Il stimule et nourrit vos plantes<\/h2>\n<p style=\"text-align: justify;\"><strong>COMPOSITION :<\/strong><br \/>\nOxyde de potassium (K<sub>2<\/sub>O) : 20%.<br \/>\nAnhydride phosphorique (P<sub>2<\/sub>O<sub>5<\/sub>) : 30%.<\/p>\n<p style=\"text-align: justify;\"><strong>FORMULATION :<\/strong><br \/>\nConcentr\u00e9 soluble (SL).<\/p>\n<p style=\"text-align: justify;\"><strong>CARACT\u00c9RISTIQUES :<\/strong><br \/>\n<strong>Trafos K<sup>\u00ae<\/sup><\/strong> est un produit liquide, formul\u00e9 \u00e0 base de phosphites de potassium (il contient 20 % d\u2019oxyde de potassium et 30 % de phosphore assimilable). Il est facilement absorb\u00e9 par les feuilles.<br \/>\n<strong>Trafos K<sup>\u00ae\u00a0<\/sup><\/strong>est tr\u00e8s mobile dans la plante avec une syst\u00e9mie ascendante et descendante.<br \/>\n<strong>Trafos K<sup>\u00ae<\/sup><\/strong> stimule la r\u00e9ponse immunitaire des plantes contre les maladies et les bact\u00e9ries. Il stimule le syst\u00e8me de d\u00e9fense naturelle de la plante, favorise la synth\u00e8se des phytoalexines.<br \/>\n<strong>Trafos K<sup>\u00ae<\/sup><\/strong> am\u00e9liore la qualit\u00e9 des fruits (calibre, r\u00e9sistance lors du stockage et aux maladies) et la pr\u00e9cocit\u00e9.<\/p>\n<p style=\"text-align: justify;\"><strong>UTILISATION ET DOSES D\u2019EMPLOI :<\/strong><br \/>\n<img decoding=\"async\" class=\"alignnone wp-image-22637 size-full\" src=\"http:\/\/profert.dz\/fr\/wp-content\/uploads\/2019\/01\/Tab-Trafosk.jpg\" alt=\"\" width=\"400\" height=\"150\" srcset=\"https:\/\/profert.dz\/fr\/wp-content\/uploads\/2019\/01\/Tab-Trafosk-120x45.jpg 120w, https:\/\/profert.dz\/fr\/wp-content\/uploads\/2019\/01\/Tab-Trafosk-200x75.jpg 200w, https:\/\/profert.dz\/fr\/wp-content\/uploads\/2019\/01\/Tab-Trafosk-300x113.jpg 300w, https:\/\/profert.dz\/fr\/wp-content\/uploads\/2019\/01\/Tab-Trafosk.jpg 400w\" sizes=\"(max-width: 400px) 100vw, 400px\" \/><\/p>\n<p style=\"text-align: justify;\"><strong>COMPATIBILIT\u00c9 :<\/strong><br \/>\n<strong>Trafos K<sup>\u00ae<\/sup><\/strong> est compatible avec la majorit\u00e9 des produits phytosanitaires et engrais solubles.<br \/>\n<strong>Trafos K<sup>\u00ae<\/sup><\/strong> ne doit pas \u00eatre m\u00e9lang\u00e9 avec des produits \u00e0 base de cuivre.<br \/>\nEffectuer un essai avant emploi.<\/p>\n","protected":false},"featured_media":18968,"template":"","meta":[],"product_brand":[],"product_cat":[79],"product_tag":[],"class_list":{"0":"post-18882","1":"product","2":"type-product","3":"status-publish","4":"has-post-thumbnail","6":"product_cat-engraisfoliaires","8":"first","9":"instock","10":"shipping-taxable","11":"product-type-simple"},"yoast_head":"<!-- This site is optimized with the Yoast SEO plugin v25.6 - https:\/\/yoast.com\/wordpress\/plugins\/seo\/ -->\n<title>Trafos K\u00ae - Profert<\/title>\n<meta name=\"robots\" content=\"index, follow, max-snippet:-1, max-image-preview:large, max-video-preview:-1\" \/>\n<link rel=\"canonical\" href=\"https:\/\/profert.dz\/fr\/index.php\/produit\/trafos-k\/\" \/>\n<meta property=\"og:locale\" content=\"fr_FR\" \/>\n<meta property=\"og:type\" content=\"article\" \/>\n<meta property=\"og:title\" content=\"Trafos K\u00ae - Profert\" \/>\n<meta property=\"og:description\" content=\"Il stimule et nourrit vos plantes COMPOSITION : Oxyde de potassium (K2O) : 20%. Anhydride phosphorique (P2O5) : 30%. FORMULATION : Concentr\u00e9 soluble (SL). CARACT\u00c9RISTIQUES : Trafos K\u00ae est un produit liquide, formul\u00e9 \u00e0 base de phosphites de potassium (il contient 20 % d\u2019oxyde de potassium et 30 % de phosphore assimilable). Il est facilement absorb\u00e9 par les feuilles. Trafos K\u00ae\u00a0est tr\u00e8s mobile dans la plante avec une syst\u00e9mie ascendante et descendante. Trafos K\u00ae stimule la r\u00e9ponse immunitaire des plantes contre les maladies et les bact\u00e9ries. Il stimule le syst\u00e8me de d\u00e9fense naturelle de la plante, favorise la synth\u00e8se des phytoalexines. Trafos K\u00ae am\u00e9liore la qualit\u00e9 des fruits (calibre, r\u00e9sistance lors du stockage et aux maladies) et la pr\u00e9cocit\u00e9. UTILISATION ET DOSES D\u2019EMPLOI :  COMPATIBILIT\u00c9 : Trafos K\u00ae est compatible avec la majorit\u00e9 des produits phytosanitaires et engrais solubles. Trafos K\u00ae ne doit pas \u00eatre m\u00e9lang\u00e9 avec des produits \u00e0 base de cuivre. Effectuer un essai avant emploi.\" \/>\n<meta property=\"og:url\" content=\"https:\/\/profert.dz\/fr\/index.php\/produit\/trafos-k\/\" \/>\n<meta property=\"og:site_name\" content=\"Profert\" \/>\n<meta property=\"article:modified_time\" content=\"2025-09-16T08:05:31+00:00\" \/>\n<meta property=\"og:image\" content=\"https:\/\/profert.dz\/fr\/wp-content\/uploads\/2019\/01\/Trafos-K-500x457.jpg\" \/>\n\t<meta property=\"og:image:width\" content=\"500\" \/>\n\t<meta property=\"og:image:height\" content=\"457\" \/>\n\t<meta property=\"og:image:type\" content=\"image\/jpeg\" \/>\n<meta name=\"twitter:card\" content=\"summary_large_image\" \/>\n<meta name=\"twitter:label1\" content=\"Dur\u00e9e de lecture estim\u00e9e\" \/>\n\t<meta name=\"twitter:data1\" content=\"1 minute\" \/>\n<script type=\"application\/ld+json\" class=\"yoast-schema-graph\">{\"@context\":\"https:\/\/schema.org\",\"@graph\":[{\"@type\":\"WebPage\",\"@id\":\"https:\/\/profert.dz\/fr\/index.php\/produit\/trafos-k\/\",\"url\":\"https:\/\/profert.dz\/fr\/index.php\/produit\/trafos-k\/\",\"name\":\"Trafos K\u00ae - Profert\",\"isPartOf\":{\"@id\":\"https:\/\/profert.dz\/fr\/#website\"},\"primaryImageOfPage\":{\"@id\":\"https:\/\/profert.dz\/fr\/index.php\/produit\/trafos-k\/#primaryimage\"},\"image\":{\"@id\":\"https:\/\/profert.dz\/fr\/index.php\/produit\/trafos-k\/#primaryimage\"},\"thumbnailUrl\":\"https:\/\/profert.dz\/fr\/wp-content\/uploads\/2019\/01\/Trafos-K-500x457.jpg\",\"datePublished\":\"2019-01-14T14:01:09+00:00\",\"dateModified\":\"2025-09-16T08:05:31+00:00\",\"breadcrumb\":{\"@id\":\"https:\/\/profert.dz\/fr\/index.php\/produit\/trafos-k\/#breadcrumb\"},\"inLanguage\":\"fr-FR\",\"potentialAction\":[{\"@type\":\"ReadAction\",\"target\":[\"https:\/\/profert.dz\/fr\/index.php\/produit\/trafos-k\/\"]}]},{\"@type\":\"ImageObject\",\"inLanguage\":\"fr-FR\",\"@id\":\"https:\/\/profert.dz\/fr\/index.php\/produit\/trafos-k\/#primaryimage\",\"url\":\"https:\/\/profert.dz\/fr\/wp-content\/uploads\/2019\/01\/Trafos-K-500x457.jpg\",\"contentUrl\":\"https:\/\/profert.dz\/fr\/wp-content\/uploads\/2019\/01\/Trafos-K-500x457.jpg\",\"width\":500,\"height\":457},{\"@type\":\"BreadcrumbList\",\"@id\":\"https:\/\/profert.dz\/fr\/index.php\/produit\/trafos-k\/#breadcrumb\",\"itemListElement\":[{\"@type\":\"ListItem\",\"position\":1,\"name\":\"Accueil\",\"item\":\"https:\/\/profert.dz\/fr\/\"},{\"@type\":\"ListItem\",\"position\":2,\"name\":\"Produits\",\"item\":\"https:\/\/profert.dz\/fr\/index.php\/boutique\/\"},{\"@type\":\"ListItem\",\"position\":3,\"name\":\"Trafos K\u00ae\"}]},{\"@type\":\"WebSite\",\"@id\":\"https:\/\/profert.dz\/fr\/#website\",\"url\":\"https:\/\/profert.dz\/fr\/\",\"name\":\"Profert.dz\",\"description\":\"Agriculture Alg\u00e9rie\",\"potentialAction\":[{\"@type\":\"SearchAction\",\"target\":{\"@type\":\"EntryPoint\",\"urlTemplate\":\"https:\/\/profert.dz\/fr\/?s={search_term_string}\"},\"query-input\":{\"@type\":\"PropertyValueSpecification\",\"valueRequired\":true,\"valueName\":\"search_term_string\"}}],\"inLanguage\":\"fr-FR\"}]}<\/script>\n<!-- \/ Yoast SEO plugin. -->","yoast_head_json":{"title":"Trafos K\u00ae - Profert","robots":{"index":"index","follow":"follow","max-snippet":"max-snippet:-1","max-image-preview":"max-image-preview:large","max-video-preview":"max-video-preview:-1"},"canonical":"https:\/\/profert.dz\/fr\/index.php\/produit\/trafos-k\/","og_locale":"fr_FR","og_type":"article","og_title":"Trafos K\u00ae - Profert","og_description":"Il stimule et nourrit vos plantes COMPOSITION : Oxyde de potassium (K2O) : 20%. Anhydride phosphorique (P2O5) : 30%. FORMULATION : Concentr\u00e9 soluble (SL). CARACT\u00c9RISTIQUES : Trafos K\u00ae est un produit liquide, formul\u00e9 \u00e0 base de phosphites de potassium (il contient 20 % d\u2019oxyde de potassium et 30 % de phosphore assimilable). Il est facilement absorb\u00e9 par les feuilles. Trafos K\u00ae\u00a0est tr\u00e8s mobile dans la plante avec une syst\u00e9mie ascendante et descendante. Trafos K\u00ae stimule la r\u00e9ponse immunitaire des plantes contre les maladies et les bact\u00e9ries. Il stimule le syst\u00e8me de d\u00e9fense naturelle de la plante, favorise la synth\u00e8se des phytoalexines. Trafos K\u00ae am\u00e9liore la qualit\u00e9 des fruits (calibre, r\u00e9sistance lors du stockage et aux maladies) et la pr\u00e9cocit\u00e9. UTILISATION ET DOSES D\u2019EMPLOI :  COMPATIBILIT\u00c9 : Trafos K\u00ae est compatible avec la majorit\u00e9 des produits phytosanitaires et engrais solubles. Trafos K\u00ae ne doit pas \u00eatre m\u00e9lang\u00e9 avec des produits \u00e0 base de cuivre. Effectuer un essai avant emploi.","og_url":"https:\/\/profert.dz\/fr\/index.php\/produit\/trafos-k\/","og_site_name":"Profert","article_modified_time":"2025-09-16T08:05:31+00:00","og_image":[{"width":500,"height":457,"url":"https:\/\/profert.dz\/fr\/wp-content\/uploads\/2019\/01\/Trafos-K-500x457.jpg","type":"image\/jpeg"}],"twitter_card":"summary_large_image","twitter_misc":{"Dur\u00e9e de lecture estim\u00e9e":"1 minute"},"schema":{"@context":"https:\/\/schema.org","@graph":[{"@type":"WebPage","@id":"https:\/\/profert.dz\/fr\/index.php\/produit\/trafos-k\/","url":"https:\/\/profert.dz\/fr\/index.php\/produit\/trafos-k\/","name":"Trafos K\u00ae - Profert","isPartOf":{"@id":"https:\/\/profert.dz\/fr\/#website"},"primaryImageOfPage":{"@id":"https:\/\/profert.dz\/fr\/index.php\/produit\/trafos-k\/#primaryimage"},"image":{"@id":"https:\/\/profert.dz\/fr\/index.php\/produit\/trafos-k\/#primaryimage"},"thumbnailUrl":"https:\/\/profert.dz\/fr\/wp-content\/uploads\/2019\/01\/Trafos-K-500x457.jpg","datePublished":"2019-01-14T14:01:09+00:00","dateModified":"2025-09-16T08:05:31+00:00","breadcrumb":{"@id":"https:\/\/profert.dz\/fr\/index.php\/produit\/trafos-k\/#breadcrumb"},"inLanguage":"fr-FR","potentialAction":[{"@type":"ReadAction","target":["https:\/\/profert.dz\/fr\/index.php\/produit\/trafos-k\/"]}]},{"@type":"ImageObject","inLanguage":"fr-FR","@id":"https:\/\/profert.dz\/fr\/index.php\/produit\/trafos-k\/#primaryimage","url":"https:\/\/profert.dz\/fr\/wp-content\/uploads\/2019\/01\/Trafos-K-500x457.jpg","contentUrl":"https:\/\/profert.dz\/fr\/wp-content\/uploads\/2019\/01\/Trafos-K-500x457.jpg","width":500,"height":457},{"@type":"BreadcrumbList","@id":"https:\/\/profert.dz\/fr\/index.php\/produit\/trafos-k\/#breadcrumb","itemListElement":[{"@type":"ListItem","position":1,"name":"Accueil","item":"https:\/\/profert.dz\/fr\/"},{"@type":"ListItem","position":2,"name":"Produits","item":"https:\/\/profert.dz\/fr\/index.php\/boutique\/"},{"@type":"ListItem","position":3,"name":"Trafos K\u00ae"}]},{"@type":"WebSite","@id":"https:\/\/profert.dz\/fr\/#website","url":"https:\/\/profert.dz\/fr\/","name":"Profert.dz","description":"Agriculture Alg\u00e9rie","potentialAction":[{"@type":"SearchAction","target":{"@type":"EntryPoint","urlTemplate":"https:\/\/profert.dz\/fr\/?s={search_term_string}"},"query-input":{"@type":"PropertyValueSpecification","valueRequired":true,"valueName":"search_term_string"}}],"inLanguage":"fr-FR"}]}},"_links":{"self":[{"href":"https:\/\/profert.dz\/fr\/index.php\/wp-json\/wp\/v2\/product\/18882"}],"collection":[{"href":"https:\/\/profert.dz\/fr\/index.php\/wp-json\/wp\/v2\/product"}],"about":[{"href":"https:\/\/profert.dz\/fr\/index.php\/wp-json\/wp\/v2\/types\/product"}],"wp:featuredmedia":[{"embeddable":true,"href":"https:\/\/profert.dz\/fr\/index.php\/wp-json\/wp\/v2\/media\/18968"}],"wp:attachment":[{"href":"https:\/\/profert.dz\/fr\/index.php\/wp-json\/wp\/v2\/media?parent=18882"}],"wp:term":[{"taxonomy":"product_brand","embeddable":true,"href":"https:\/\/profert.dz\/fr\/index.php\/wp-json\/wp\/v2\/product_brand?post=18882"},{"taxonomy":"product_cat","embeddable":true,"href":"https:\/\/profert.dz\/fr\/index.php\/wp-json\/wp\/v2\/product_cat?post=18882"},{"taxonomy":"product_tag","embeddable":true,"href":"https:\/\/profert.dz\/fr\/index.php\/wp-json\/wp\/v2\/product_tag?post=18882"}],"curies":[{"name":"wp","href":"https:\/\/api.w.org\/{rel}","templated":true}]}}