{"id":18880,"date":"2019-01-14T14:24:57","date_gmt":"2019-01-14T13:24:57","guid":{"rendered":"http:\/\/profert.dz\/fr\/?post_type=product&#038;p=18880"},"modified":"2025-07-10T17:47:21","modified_gmt":"2025-07-10T15:47:21","slug":"saltrad-ca","status":"publish","type":"product","link":"https:\/\/profert.dz\/fr\/index.php\/produit\/saltrad-ca\/","title":{"rendered":"Saltrad<sup>\u00ae<\/sup> Ca"},"content":{"rendered":"","protected":false},"excerpt":{"rendered":"<h2>Un atout majeur dans la lutte contre la salinit<\/h2>\n<p><strong>Composition <\/strong>: Oxyde de calcium (CaO).<br \/>\n<strong>Concentration <\/strong>: 7,5 % p\/p (9,7% p\/v).<br \/>\n<strong>Formulation : <\/strong>Concentr\u00e9 soluble (SL).<\/p>\n<p><strong>CARACT\u00c9RISTIQUES :<\/strong><br \/>\n<strong>Saltrad<sup>\u00ae<\/sup><\/strong> <strong>Ca<\/strong> est un correcteur de salinit\u00e9. Il est compos\u00e9 d\u2019acides organiques, de soufre et de calcium, qui agissent efficacement contre la salinit\u00e9 des sols. Le calcium est totalement actif et<br \/>\nfacilement assimilable par la plante pour pr\u00e9venir et corriger la carence en calcium.<br \/>\n<strong>Saltrad<sup>\u00ae<\/sup><\/strong> <strong>Ca <\/strong>r\u00e9duit la teneur en sels \u00e9changeables (Na+) et par cons\u00e9quent le taux de sodium. Le soufre se combine avec le sodium pour former du sulfate de sodium facilement lessiv\u00e9 par l\u2019eau d\u2019irrigation.<\/p>\n<p style=\"text-align: justify;\"><strong>UTILISATION ET DOSES D\u2019EMPLOI :<\/strong><br \/>\n<img decoding=\"async\" class=\"alignnone size-full wp-image-22636\" src=\"http:\/\/profert.dz\/fr\/wp-content\/uploads\/2019\/01\/Tab-Ruter-Saltrad.jpg\" alt=\"\" width=\"400\" height=\"95\" srcset=\"https:\/\/profert.dz\/fr\/wp-content\/uploads\/2019\/01\/Tab-Ruter-Saltrad-120x29.jpg 120w, https:\/\/profert.dz\/fr\/wp-content\/uploads\/2019\/01\/Tab-Ruter-Saltrad-200x48.jpg 200w, https:\/\/profert.dz\/fr\/wp-content\/uploads\/2019\/01\/Tab-Ruter-Saltrad-300x71.jpg 300w, https:\/\/profert.dz\/fr\/wp-content\/uploads\/2019\/01\/Tab-Ruter-Saltrad.jpg 400w\" sizes=\"(max-width: 400px) 100vw, 400px\" \/><br \/>\n<strong>Saltrad<sup>\u00ae<\/sup><\/strong> <strong>Ca <\/strong>peut \u00eatre utilis\u00e9 dans les syst\u00e8mes d\u2019irrigation goutte \u00e0 goutte et sur toutes les cultures.<br \/>\nLes doses d\u00e9pondent de la conductivit\u00e9 \u00e9lectrique (EC) :<\/p>\n<p style=\"text-align: justify;\"><strong>COMPATIBILIT\u00c9 :<\/strong><br \/>\n<strong>Saltrad<sup>\u00ae<\/sup><\/strong> <strong>Ca <\/strong>est compatible avec la plupart des engrais et produits phytosanitaires sauf les produits ayant une r\u00e9action alcaline.<br \/>\nEffectuer un essai avant emploi.<\/p>\n[wpdm_package id='26506']\n","protected":false},"featured_media":32541,"template":"","meta":[],"product_brand":[],"product_cat":[78],"product_tag":[],"class_list":{"0":"post-18880","1":"product","2":"type-product","3":"status-publish","4":"has-post-thumbnail","6":"product_cat-correcteursspecifique","8":"first","9":"instock","10":"shipping-taxable","11":"product-type-simple"},"yoast_head":"<!-- This site is optimized with the Yoast SEO plugin v25.6 - https:\/\/yoast.com\/wordpress\/plugins\/seo\/ -->\n<title>Saltrad\u00ae Ca - Profert<\/title>\n<meta name=\"robots\" content=\"index, follow, max-snippet:-1, max-image-preview:large, max-video-preview:-1\" \/>\n<link rel=\"canonical\" href=\"https:\/\/profert.dz\/fr\/index.php\/produit\/saltrad-ca\/\" \/>\n<meta property=\"og:locale\" content=\"fr_FR\" \/>\n<meta property=\"og:type\" content=\"article\" \/>\n<meta property=\"og:title\" content=\"Saltrad\u00ae Ca - Profert\" \/>\n<meta property=\"og:description\" content=\"Un atout majeur dans la lutte contre la salinit Composition : Oxyde de calcium (CaO). Concentration : 7,5 % p\/p (9,7% p\/v). Formulation : Concentr\u00e9 soluble (SL).  CARACT\u00c9RISTIQUES : Saltrad\u00ae Ca est un correcteur de salinit\u00e9. Il est compos\u00e9 d\u2019acides organiques, de soufre et de calcium, qui agissent efficacement contre la salinit\u00e9 des sols. Le calcium est totalement actif et facilement assimilable par la plante pour pr\u00e9venir et corriger la carence en calcium. Saltrad\u00ae Ca r\u00e9duit la teneur en sels \u00e9changeables (Na+) et par cons\u00e9quent le taux de sodium. Le soufre se combine avec le sodium pour former du sulfate de sodium facilement lessiv\u00e9 par l\u2019eau d\u2019irrigation. UTILISATION ET DOSES D\u2019EMPLOI :  Saltrad\u00ae Ca peut \u00eatre utilis\u00e9 dans les syst\u00e8mes d\u2019irrigation goutte \u00e0 goutte et sur toutes les cultures. Les doses d\u00e9pondent de la conductivit\u00e9 \u00e9lectrique (EC) : COMPATIBILIT\u00c9 : Saltrad\u00ae Ca est compatible avec la plupart des engrais et produits phytosanitaires sauf les produits ayant une r\u00e9action alcaline. Effectuer un essai avant emploi.\" \/>\n<meta property=\"og:url\" content=\"https:\/\/profert.dz\/fr\/index.php\/produit\/saltrad-ca\/\" \/>\n<meta property=\"og:site_name\" content=\"Profert\" \/>\n<meta property=\"article:modified_time\" content=\"2025-07-10T15:47:21+00:00\" \/>\n<meta property=\"og:image\" content=\"https:\/\/profert.dz\/fr\/wp-content\/uploads\/2019\/01\/SALTRAD-Ca.png\" \/>\n\t<meta property=\"og:image:width\" content=\"1772\" \/>\n\t<meta property=\"og:image:height\" content=\"1772\" \/>\n\t<meta property=\"og:image:type\" content=\"image\/png\" \/>\n<meta name=\"twitter:card\" content=\"summary_large_image\" \/>\n<meta name=\"twitter:label1\" content=\"Dur\u00e9e de lecture estim\u00e9e\" \/>\n\t<meta name=\"twitter:data1\" content=\"1 minute\" \/>\n<script type=\"application\/ld+json\" class=\"yoast-schema-graph\">{\"@context\":\"https:\/\/schema.org\",\"@graph\":[{\"@type\":\"WebPage\",\"@id\":\"https:\/\/profert.dz\/fr\/index.php\/produit\/saltrad-ca\/\",\"url\":\"https:\/\/profert.dz\/fr\/index.php\/produit\/saltrad-ca\/\",\"name\":\"Saltrad\u00ae Ca - Profert\",\"isPartOf\":{\"@id\":\"https:\/\/profert.dz\/fr\/#website\"},\"primaryImageOfPage\":{\"@id\":\"https:\/\/profert.dz\/fr\/index.php\/produit\/saltrad-ca\/#primaryimage\"},\"image\":{\"@id\":\"https:\/\/profert.dz\/fr\/index.php\/produit\/saltrad-ca\/#primaryimage\"},\"thumbnailUrl\":\"https:\/\/profert.dz\/fr\/wp-content\/uploads\/2019\/01\/SALTRAD-Ca.png\",\"datePublished\":\"2019-01-14T13:24:57+00:00\",\"dateModified\":\"2025-07-10T15:47:21+00:00\",\"breadcrumb\":{\"@id\":\"https:\/\/profert.dz\/fr\/index.php\/produit\/saltrad-ca\/#breadcrumb\"},\"inLanguage\":\"fr-FR\",\"potentialAction\":[{\"@type\":\"ReadAction\",\"target\":[\"https:\/\/profert.dz\/fr\/index.php\/produit\/saltrad-ca\/\"]}]},{\"@type\":\"ImageObject\",\"inLanguage\":\"fr-FR\",\"@id\":\"https:\/\/profert.dz\/fr\/index.php\/produit\/saltrad-ca\/#primaryimage\",\"url\":\"https:\/\/profert.dz\/fr\/wp-content\/uploads\/2019\/01\/SALTRAD-Ca.png\",\"contentUrl\":\"https:\/\/profert.dz\/fr\/wp-content\/uploads\/2019\/01\/SALTRAD-Ca.png\",\"width\":1772,\"height\":1772},{\"@type\":\"BreadcrumbList\",\"@id\":\"https:\/\/profert.dz\/fr\/index.php\/produit\/saltrad-ca\/#breadcrumb\",\"itemListElement\":[{\"@type\":\"ListItem\",\"position\":1,\"name\":\"Accueil\",\"item\":\"https:\/\/profert.dz\/fr\/\"},{\"@type\":\"ListItem\",\"position\":2,\"name\":\"Produits\",\"item\":\"https:\/\/profert.dz\/fr\/index.php\/boutique\/\"},{\"@type\":\"ListItem\",\"position\":3,\"name\":\"Saltrad\u00ae Ca\"}]},{\"@type\":\"WebSite\",\"@id\":\"https:\/\/profert.dz\/fr\/#website\",\"url\":\"https:\/\/profert.dz\/fr\/\",\"name\":\"Profert.dz\",\"description\":\"Agriculture Alg\u00e9rie\",\"potentialAction\":[{\"@type\":\"SearchAction\",\"target\":{\"@type\":\"EntryPoint\",\"urlTemplate\":\"https:\/\/profert.dz\/fr\/?s={search_term_string}\"},\"query-input\":{\"@type\":\"PropertyValueSpecification\",\"valueRequired\":true,\"valueName\":\"search_term_string\"}}],\"inLanguage\":\"fr-FR\"}]}<\/script>\n<!-- \/ Yoast SEO plugin. -->","yoast_head_json":{"title":"Saltrad\u00ae Ca - Profert","robots":{"index":"index","follow":"follow","max-snippet":"max-snippet:-1","max-image-preview":"max-image-preview:large","max-video-preview":"max-video-preview:-1"},"canonical":"https:\/\/profert.dz\/fr\/index.php\/produit\/saltrad-ca\/","og_locale":"fr_FR","og_type":"article","og_title":"Saltrad\u00ae Ca - Profert","og_description":"Un atout majeur dans la lutte contre la salinit Composition : Oxyde de calcium (CaO). Concentration : 7,5 % p\/p (9,7% p\/v). Formulation : Concentr\u00e9 soluble (SL).  CARACT\u00c9RISTIQUES : Saltrad\u00ae Ca est un correcteur de salinit\u00e9. Il est compos\u00e9 d\u2019acides organiques, de soufre et de calcium, qui agissent efficacement contre la salinit\u00e9 des sols. Le calcium est totalement actif et facilement assimilable par la plante pour pr\u00e9venir et corriger la carence en calcium. Saltrad\u00ae Ca r\u00e9duit la teneur en sels \u00e9changeables (Na+) et par cons\u00e9quent le taux de sodium. Le soufre se combine avec le sodium pour former du sulfate de sodium facilement lessiv\u00e9 par l\u2019eau d\u2019irrigation. UTILISATION ET DOSES D\u2019EMPLOI :  Saltrad\u00ae Ca peut \u00eatre utilis\u00e9 dans les syst\u00e8mes d\u2019irrigation goutte \u00e0 goutte et sur toutes les cultures. Les doses d\u00e9pondent de la conductivit\u00e9 \u00e9lectrique (EC) : COMPATIBILIT\u00c9 : Saltrad\u00ae Ca est compatible avec la plupart des engrais et produits phytosanitaires sauf les produits ayant une r\u00e9action alcaline. Effectuer un essai avant emploi.","og_url":"https:\/\/profert.dz\/fr\/index.php\/produit\/saltrad-ca\/","og_site_name":"Profert","article_modified_time":"2025-07-10T15:47:21+00:00","og_image":[{"width":1772,"height":1772,"url":"https:\/\/profert.dz\/fr\/wp-content\/uploads\/2019\/01\/SALTRAD-Ca.png","type":"image\/png"}],"twitter_card":"summary_large_image","twitter_misc":{"Dur\u00e9e de lecture estim\u00e9e":"1 minute"},"schema":{"@context":"https:\/\/schema.org","@graph":[{"@type":"WebPage","@id":"https:\/\/profert.dz\/fr\/index.php\/produit\/saltrad-ca\/","url":"https:\/\/profert.dz\/fr\/index.php\/produit\/saltrad-ca\/","name":"Saltrad\u00ae Ca - Profert","isPartOf":{"@id":"https:\/\/profert.dz\/fr\/#website"},"primaryImageOfPage":{"@id":"https:\/\/profert.dz\/fr\/index.php\/produit\/saltrad-ca\/#primaryimage"},"image":{"@id":"https:\/\/profert.dz\/fr\/index.php\/produit\/saltrad-ca\/#primaryimage"},"thumbnailUrl":"https:\/\/profert.dz\/fr\/wp-content\/uploads\/2019\/01\/SALTRAD-Ca.png","datePublished":"2019-01-14T13:24:57+00:00","dateModified":"2025-07-10T15:47:21+00:00","breadcrumb":{"@id":"https:\/\/profert.dz\/fr\/index.php\/produit\/saltrad-ca\/#breadcrumb"},"inLanguage":"fr-FR","potentialAction":[{"@type":"ReadAction","target":["https:\/\/profert.dz\/fr\/index.php\/produit\/saltrad-ca\/"]}]},{"@type":"ImageObject","inLanguage":"fr-FR","@id":"https:\/\/profert.dz\/fr\/index.php\/produit\/saltrad-ca\/#primaryimage","url":"https:\/\/profert.dz\/fr\/wp-content\/uploads\/2019\/01\/SALTRAD-Ca.png","contentUrl":"https:\/\/profert.dz\/fr\/wp-content\/uploads\/2019\/01\/SALTRAD-Ca.png","width":1772,"height":1772},{"@type":"BreadcrumbList","@id":"https:\/\/profert.dz\/fr\/index.php\/produit\/saltrad-ca\/#breadcrumb","itemListElement":[{"@type":"ListItem","position":1,"name":"Accueil","item":"https:\/\/profert.dz\/fr\/"},{"@type":"ListItem","position":2,"name":"Produits","item":"https:\/\/profert.dz\/fr\/index.php\/boutique\/"},{"@type":"ListItem","position":3,"name":"Saltrad\u00ae Ca"}]},{"@type":"WebSite","@id":"https:\/\/profert.dz\/fr\/#website","url":"https:\/\/profert.dz\/fr\/","name":"Profert.dz","description":"Agriculture Alg\u00e9rie","potentialAction":[{"@type":"SearchAction","target":{"@type":"EntryPoint","urlTemplate":"https:\/\/profert.dz\/fr\/?s={search_term_string}"},"query-input":{"@type":"PropertyValueSpecification","valueRequired":true,"valueName":"search_term_string"}}],"inLanguage":"fr-FR"}]}},"_links":{"self":[{"href":"https:\/\/profert.dz\/fr\/index.php\/wp-json\/wp\/v2\/product\/18880"}],"collection":[{"href":"https:\/\/profert.dz\/fr\/index.php\/wp-json\/wp\/v2\/product"}],"about":[{"href":"https:\/\/profert.dz\/fr\/index.php\/wp-json\/wp\/v2\/types\/product"}],"wp:featuredmedia":[{"embeddable":true,"href":"https:\/\/profert.dz\/fr\/index.php\/wp-json\/wp\/v2\/media\/32541"}],"wp:attachment":[{"href":"https:\/\/profert.dz\/fr\/index.php\/wp-json\/wp\/v2\/media?parent=18880"}],"wp:term":[{"taxonomy":"product_brand","embeddable":true,"href":"https:\/\/profert.dz\/fr\/index.php\/wp-json\/wp\/v2\/product_brand?post=18880"},{"taxonomy":"product_cat","embeddable":true,"href":"https:\/\/profert.dz\/fr\/index.php\/wp-json\/wp\/v2\/product_cat?post=18880"},{"taxonomy":"product_tag","embeddable":true,"href":"https:\/\/profert.dz\/fr\/index.php\/wp-json\/wp\/v2\/product_tag?post=18880"}],"curies":[{"name":"wp","href":"https:\/\/api.w.org\/{rel}","templated":true}]}}