{"id":18878,"date":"2019-01-14T14:15:58","date_gmt":"2019-01-14T13:15:58","guid":{"rendered":"http:\/\/profert.dz\/fr\/?post_type=product&#038;p=18878"},"modified":"2025-09-16T10:01:52","modified_gmt":"2025-09-16T08:01:52","slug":"lower-7","status":"publish","type":"product","link":"https:\/\/profert.dz\/fr\/index.php\/produit\/lower-7\/","title":{"rendered":"Lower 7<sup>\u00ae<\/sup>"},"content":{"rendered":"","protected":false},"excerpt":{"rendered":"<h2 style=\"text-align: justify;\">Acidifiez vos bouillies et rendez vos mati\u00e8res actives plus efficaces.<\/h2>\n<p style=\"text-align: justify;\"><strong>COMPOSITION :<\/strong><br \/>\nAzote total (N) : 15%.<br \/>\nAnhydride sulfurique (SO3) : 40%.<\/p>\n<p style=\"text-align: justify;\"><strong>FORMULATION :<\/strong><br \/>\nConcentr\u00e9 soluble (SL).<\/p>\n<p style=\"text-align: justify;\"><strong>CARACT\u00c9RISTIQUES :<\/strong><br \/>\n<strong>Lower 7<sup>\u00ae<\/sup><\/strong> est un produit acide et acidifiant des bouillies de traitement. Son action prot\u00e8ge les mati\u00e8res actives des produits<br \/>\nphytosanitaires d\u2019une liaison avec les \u00e9l\u00e9ments Ca++ et Mg++ qu\u2019on trouve dans la eaux dures, permettant ainsi une meilleure absorption par les feuilles des plantes.<br \/>\n<strong>Lower 7<sup>\u00ae<\/sup><\/strong> est un correcteur de pH. Sa combinaison, Azote et Acide, lui conf\u00e8re un mode d\u2019action unique et des utilisations multiples.<br \/>\n<strong>Lower 7<sup>\u00ae<\/sup><\/strong> acidifie les eaux d\u2019irrigation et abaisse le pH au niveau du bulbe racinaire, il permet la lib\u00e9ration des \u00e9l\u00e9ments bloqu\u00e9s dans le sol et facilite leur assimilation par la plante.<br \/>\n<strong>Lower 7<sup>\u00ae<\/sup><\/strong> r\u00e9duit la salinit\u00e9 en agissant sur le pH du sol lib\u00e9rant le sodium et le pr\u00e9cipitant.<br \/>\n<strong>Lower 7<sup>\u00ae<\/sup><\/strong> d\u00e9bouche les syst\u00e8mes d\u2019irrigation par goutte \u00e0 goutte, pr\u00e9vient et corrige le colmatage.<br \/>\n<strong>Lower 7<sup>\u00ae<\/sup><\/strong> acidifie les bouillies des traitements phytosanitaires et des solutions nutritives, am\u00e9liorant significativement leur efficacit\u00e9.<br \/>\n<strong>Lower 7<sup>\u00ae<\/sup><\/strong> nourrit la plante en azote et en soufre.<br \/>\n<strong>Lower 7<sup>\u00ae<\/sup><\/strong> ne pr\u00e9sente pas de danger d\u2019utilisation.<\/p>\n<p style=\"text-align: justify;\"><strong>UTILISATION ET DOSES D\u2019EMPLOI :<\/strong><br \/>\n<img decoding=\"async\" class=\"alignnone wp-image-22635 size-full\" src=\"http:\/\/profert.dz\/fr\/wp-content\/uploads\/2019\/01\/Tab-Ruter-Lower7.jpg\" alt=\"\" width=\"400\" height=\"156\" srcset=\"https:\/\/profert.dz\/fr\/wp-content\/uploads\/2019\/01\/Tab-Ruter-Lower7-120x47.jpg 120w, https:\/\/profert.dz\/fr\/wp-content\/uploads\/2019\/01\/Tab-Ruter-Lower7-200x78.jpg 200w, https:\/\/profert.dz\/fr\/wp-content\/uploads\/2019\/01\/Tab-Ruter-Lower7-300x117.jpg 300w, https:\/\/profert.dz\/fr\/wp-content\/uploads\/2019\/01\/Tab-Ruter-Lower7.jpg 400w\" sizes=\"(max-width: 400px) 100vw, 400px\" \/><\/p>\n<p style=\"text-align: justify;\"><strong>COMPATIBILIT\u00c9 :<\/strong><br \/>\n<strong>Lower 7<sup>\u00ae<\/sup><\/strong> est compatible avec la plupart des engrais et les produits phytosanitaires sauf les fertilisants \u00e0 base d\u2019ammoniaque, les nitrates, les d\u00e9riv\u00e9s de chlore et les ch\u00e9lates.<br \/>\nEffectuer un essai avant emploi.<\/p>\n","protected":false},"featured_media":18959,"template":"","meta":[],"product_brand":[],"product_cat":[78],"product_tag":[],"class_list":{"0":"post-18878","1":"product","2":"type-product","3":"status-publish","4":"has-post-thumbnail","6":"product_cat-correcteursspecifique","8":"first","9":"instock","10":"shipping-taxable","11":"product-type-simple"},"yoast_head":"<!-- This site is optimized with the Yoast SEO plugin v25.6 - https:\/\/yoast.com\/wordpress\/plugins\/seo\/ -->\n<title>Lower 7\u00ae - Profert<\/title>\n<meta name=\"robots\" content=\"index, follow, max-snippet:-1, max-image-preview:large, max-video-preview:-1\" \/>\n<link rel=\"canonical\" href=\"https:\/\/profert.dz\/fr\/index.php\/produit\/lower-7\/\" \/>\n<meta property=\"og:locale\" content=\"fr_FR\" \/>\n<meta property=\"og:type\" content=\"article\" \/>\n<meta property=\"og:title\" content=\"Lower 7\u00ae - Profert\" \/>\n<meta property=\"og:description\" content=\"Acidifiez vos bouillies et rendez vos mati\u00e8res actives plus efficaces. COMPOSITION : Azote total (N) : 15%. Anhydride sulfurique (SO3) : 40%. FORMULATION : Concentr\u00e9 soluble (SL). CARACT\u00c9RISTIQUES : Lower 7\u00ae est un produit acide et acidifiant des bouillies de traitement. Son action prot\u00e8ge les mati\u00e8res actives des produits phytosanitaires d\u2019une liaison avec les \u00e9l\u00e9ments Ca++ et Mg++ qu\u2019on trouve dans la eaux dures, permettant ainsi une meilleure absorption par les feuilles des plantes. Lower 7\u00ae est un correcteur de pH. Sa combinaison, Azote et Acide, lui conf\u00e8re un mode d\u2019action unique et des utilisations multiples. Lower 7\u00ae acidifie les eaux d\u2019irrigation et abaisse le pH au niveau du bulbe racinaire, il permet la lib\u00e9ration des \u00e9l\u00e9ments bloqu\u00e9s dans le sol et facilite leur assimilation par la plante. Lower 7\u00ae r\u00e9duit la salinit\u00e9 en agissant sur le pH du sol lib\u00e9rant le sodium et le pr\u00e9cipitant. Lower 7\u00ae d\u00e9bouche les syst\u00e8mes d\u2019irrigation par goutte \u00e0 goutte, pr\u00e9vient et corrige le colmatage. Lower 7\u00ae acidifie les bouillies des traitements phytosanitaires et des solutions nutritives, am\u00e9liorant significativement leur efficacit\u00e9. Lower 7\u00ae nourrit la plante en azote et en soufre. Lower 7\u00ae ne pr\u00e9sente pas de danger d\u2019utilisation. UTILISATION ET DOSES D\u2019EMPLOI :  COMPATIBILIT\u00c9 : Lower 7\u00ae est compatible avec la plupart des engrais et les produits phytosanitaires sauf les fertilisants \u00e0 base d\u2019ammoniaque, les nitrates, les d\u00e9riv\u00e9s de chlore et les ch\u00e9lates. Effectuer un essai avant emploi.\" \/>\n<meta property=\"og:url\" content=\"https:\/\/profert.dz\/fr\/index.php\/produit\/lower-7\/\" \/>\n<meta property=\"og:site_name\" content=\"Profert\" \/>\n<meta property=\"article:modified_time\" content=\"2025-09-16T08:01:52+00:00\" \/>\n<meta property=\"og:image\" content=\"https:\/\/profert.dz\/fr\/wp-content\/uploads\/2019\/01\/lower7-500x457.jpg\" \/>\n\t<meta property=\"og:image:width\" content=\"500\" \/>\n\t<meta property=\"og:image:height\" content=\"457\" \/>\n\t<meta property=\"og:image:type\" content=\"image\/jpeg\" \/>\n<meta name=\"twitter:card\" content=\"summary_large_image\" \/>\n<meta name=\"twitter:label1\" content=\"Dur\u00e9e de lecture estim\u00e9e\" \/>\n\t<meta name=\"twitter:data1\" content=\"1 minute\" \/>\n<script type=\"application\/ld+json\" class=\"yoast-schema-graph\">{\"@context\":\"https:\/\/schema.org\",\"@graph\":[{\"@type\":\"WebPage\",\"@id\":\"https:\/\/profert.dz\/fr\/index.php\/produit\/lower-7\/\",\"url\":\"https:\/\/profert.dz\/fr\/index.php\/produit\/lower-7\/\",\"name\":\"Lower 7\u00ae - Profert\",\"isPartOf\":{\"@id\":\"https:\/\/profert.dz\/fr\/#website\"},\"primaryImageOfPage\":{\"@id\":\"https:\/\/profert.dz\/fr\/index.php\/produit\/lower-7\/#primaryimage\"},\"image\":{\"@id\":\"https:\/\/profert.dz\/fr\/index.php\/produit\/lower-7\/#primaryimage\"},\"thumbnailUrl\":\"https:\/\/profert.dz\/fr\/wp-content\/uploads\/2019\/01\/lower7-500x457.jpg\",\"datePublished\":\"2019-01-14T13:15:58+00:00\",\"dateModified\":\"2025-09-16T08:01:52+00:00\",\"breadcrumb\":{\"@id\":\"https:\/\/profert.dz\/fr\/index.php\/produit\/lower-7\/#breadcrumb\"},\"inLanguage\":\"fr-FR\",\"potentialAction\":[{\"@type\":\"ReadAction\",\"target\":[\"https:\/\/profert.dz\/fr\/index.php\/produit\/lower-7\/\"]}]},{\"@type\":\"ImageObject\",\"inLanguage\":\"fr-FR\",\"@id\":\"https:\/\/profert.dz\/fr\/index.php\/produit\/lower-7\/#primaryimage\",\"url\":\"https:\/\/profert.dz\/fr\/wp-content\/uploads\/2019\/01\/lower7-500x457.jpg\",\"contentUrl\":\"https:\/\/profert.dz\/fr\/wp-content\/uploads\/2019\/01\/lower7-500x457.jpg\",\"width\":500,\"height\":457},{\"@type\":\"BreadcrumbList\",\"@id\":\"https:\/\/profert.dz\/fr\/index.php\/produit\/lower-7\/#breadcrumb\",\"itemListElement\":[{\"@type\":\"ListItem\",\"position\":1,\"name\":\"Accueil\",\"item\":\"https:\/\/profert.dz\/fr\/\"},{\"@type\":\"ListItem\",\"position\":2,\"name\":\"Produits\",\"item\":\"https:\/\/profert.dz\/fr\/index.php\/boutique\/\"},{\"@type\":\"ListItem\",\"position\":3,\"name\":\"Lower 7\u00ae\"}]},{\"@type\":\"WebSite\",\"@id\":\"https:\/\/profert.dz\/fr\/#website\",\"url\":\"https:\/\/profert.dz\/fr\/\",\"name\":\"Profert.dz\",\"description\":\"Agriculture Alg\u00e9rie\",\"potentialAction\":[{\"@type\":\"SearchAction\",\"target\":{\"@type\":\"EntryPoint\",\"urlTemplate\":\"https:\/\/profert.dz\/fr\/?s={search_term_string}\"},\"query-input\":{\"@type\":\"PropertyValueSpecification\",\"valueRequired\":true,\"valueName\":\"search_term_string\"}}],\"inLanguage\":\"fr-FR\"}]}<\/script>\n<!-- \/ Yoast SEO plugin. -->","yoast_head_json":{"title":"Lower 7\u00ae - Profert","robots":{"index":"index","follow":"follow","max-snippet":"max-snippet:-1","max-image-preview":"max-image-preview:large","max-video-preview":"max-video-preview:-1"},"canonical":"https:\/\/profert.dz\/fr\/index.php\/produit\/lower-7\/","og_locale":"fr_FR","og_type":"article","og_title":"Lower 7\u00ae - Profert","og_description":"Acidifiez vos bouillies et rendez vos mati\u00e8res actives plus efficaces. COMPOSITION : Azote total (N) : 15%. Anhydride sulfurique (SO3) : 40%. FORMULATION : Concentr\u00e9 soluble (SL). CARACT\u00c9RISTIQUES : Lower 7\u00ae est un produit acide et acidifiant des bouillies de traitement. Son action prot\u00e8ge les mati\u00e8res actives des produits phytosanitaires d\u2019une liaison avec les \u00e9l\u00e9ments Ca++ et Mg++ qu\u2019on trouve dans la eaux dures, permettant ainsi une meilleure absorption par les feuilles des plantes. Lower 7\u00ae est un correcteur de pH. Sa combinaison, Azote et Acide, lui conf\u00e8re un mode d\u2019action unique et des utilisations multiples. Lower 7\u00ae acidifie les eaux d\u2019irrigation et abaisse le pH au niveau du bulbe racinaire, il permet la lib\u00e9ration des \u00e9l\u00e9ments bloqu\u00e9s dans le sol et facilite leur assimilation par la plante. Lower 7\u00ae r\u00e9duit la salinit\u00e9 en agissant sur le pH du sol lib\u00e9rant le sodium et le pr\u00e9cipitant. Lower 7\u00ae d\u00e9bouche les syst\u00e8mes d\u2019irrigation par goutte \u00e0 goutte, pr\u00e9vient et corrige le colmatage. Lower 7\u00ae acidifie les bouillies des traitements phytosanitaires et des solutions nutritives, am\u00e9liorant significativement leur efficacit\u00e9. Lower 7\u00ae nourrit la plante en azote et en soufre. Lower 7\u00ae ne pr\u00e9sente pas de danger d\u2019utilisation. UTILISATION ET DOSES D\u2019EMPLOI :  COMPATIBILIT\u00c9 : Lower 7\u00ae est compatible avec la plupart des engrais et les produits phytosanitaires sauf les fertilisants \u00e0 base d\u2019ammoniaque, les nitrates, les d\u00e9riv\u00e9s de chlore et les ch\u00e9lates. Effectuer un essai avant emploi.","og_url":"https:\/\/profert.dz\/fr\/index.php\/produit\/lower-7\/","og_site_name":"Profert","article_modified_time":"2025-09-16T08:01:52+00:00","og_image":[{"width":500,"height":457,"url":"https:\/\/profert.dz\/fr\/wp-content\/uploads\/2019\/01\/lower7-500x457.jpg","type":"image\/jpeg"}],"twitter_card":"summary_large_image","twitter_misc":{"Dur\u00e9e de lecture estim\u00e9e":"1 minute"},"schema":{"@context":"https:\/\/schema.org","@graph":[{"@type":"WebPage","@id":"https:\/\/profert.dz\/fr\/index.php\/produit\/lower-7\/","url":"https:\/\/profert.dz\/fr\/index.php\/produit\/lower-7\/","name":"Lower 7\u00ae - Profert","isPartOf":{"@id":"https:\/\/profert.dz\/fr\/#website"},"primaryImageOfPage":{"@id":"https:\/\/profert.dz\/fr\/index.php\/produit\/lower-7\/#primaryimage"},"image":{"@id":"https:\/\/profert.dz\/fr\/index.php\/produit\/lower-7\/#primaryimage"},"thumbnailUrl":"https:\/\/profert.dz\/fr\/wp-content\/uploads\/2019\/01\/lower7-500x457.jpg","datePublished":"2019-01-14T13:15:58+00:00","dateModified":"2025-09-16T08:01:52+00:00","breadcrumb":{"@id":"https:\/\/profert.dz\/fr\/index.php\/produit\/lower-7\/#breadcrumb"},"inLanguage":"fr-FR","potentialAction":[{"@type":"ReadAction","target":["https:\/\/profert.dz\/fr\/index.php\/produit\/lower-7\/"]}]},{"@type":"ImageObject","inLanguage":"fr-FR","@id":"https:\/\/profert.dz\/fr\/index.php\/produit\/lower-7\/#primaryimage","url":"https:\/\/profert.dz\/fr\/wp-content\/uploads\/2019\/01\/lower7-500x457.jpg","contentUrl":"https:\/\/profert.dz\/fr\/wp-content\/uploads\/2019\/01\/lower7-500x457.jpg","width":500,"height":457},{"@type":"BreadcrumbList","@id":"https:\/\/profert.dz\/fr\/index.php\/produit\/lower-7\/#breadcrumb","itemListElement":[{"@type":"ListItem","position":1,"name":"Accueil","item":"https:\/\/profert.dz\/fr\/"},{"@type":"ListItem","position":2,"name":"Produits","item":"https:\/\/profert.dz\/fr\/index.php\/boutique\/"},{"@type":"ListItem","position":3,"name":"Lower 7\u00ae"}]},{"@type":"WebSite","@id":"https:\/\/profert.dz\/fr\/#website","url":"https:\/\/profert.dz\/fr\/","name":"Profert.dz","description":"Agriculture Alg\u00e9rie","potentialAction":[{"@type":"SearchAction","target":{"@type":"EntryPoint","urlTemplate":"https:\/\/profert.dz\/fr\/?s={search_term_string}"},"query-input":{"@type":"PropertyValueSpecification","valueRequired":true,"valueName":"search_term_string"}}],"inLanguage":"fr-FR"}]}},"_links":{"self":[{"href":"https:\/\/profert.dz\/fr\/index.php\/wp-json\/wp\/v2\/product\/18878"}],"collection":[{"href":"https:\/\/profert.dz\/fr\/index.php\/wp-json\/wp\/v2\/product"}],"about":[{"href":"https:\/\/profert.dz\/fr\/index.php\/wp-json\/wp\/v2\/types\/product"}],"wp:featuredmedia":[{"embeddable":true,"href":"https:\/\/profert.dz\/fr\/index.php\/wp-json\/wp\/v2\/media\/18959"}],"wp:attachment":[{"href":"https:\/\/profert.dz\/fr\/index.php\/wp-json\/wp\/v2\/media?parent=18878"}],"wp:term":[{"taxonomy":"product_brand","embeddable":true,"href":"https:\/\/profert.dz\/fr\/index.php\/wp-json\/wp\/v2\/product_brand?post=18878"},{"taxonomy":"product_cat","embeddable":true,"href":"https:\/\/profert.dz\/fr\/index.php\/wp-json\/wp\/v2\/product_cat?post=18878"},{"taxonomy":"product_tag","embeddable":true,"href":"https:\/\/profert.dz\/fr\/index.php\/wp-json\/wp\/v2\/product_tag?post=18878"}],"curies":[{"name":"wp","href":"https:\/\/api.w.org\/{rel}","templated":true}]}}