{"id":18874,"date":"2019-01-14T13:34:07","date_gmt":"2019-01-14T12:34:07","guid":{"rendered":"http:\/\/profert.dz\/fr\/?post_type=product&#038;p=18874"},"modified":"2025-09-16T09:46:37","modified_gmt":"2025-09-16T07:46:37","slug":"ruter-aa-veg","status":"publish","type":"product","link":"https:\/\/profert.dz\/fr\/index.php\/produit\/ruter-aa-veg\/","title":{"rendered":"Ruter AA veg <sup>\u00ae<\/sup>"},"content":{"rendered":"","protected":false},"excerpt":{"rendered":"<h2 style=\"text-align: justify;\">Enracine, d\u00e9veloppe et permet une r\u00e9colte pr\u00e9coce.<\/h2>\n<p><strong>Composition <\/strong>: Acides amin\u00e9es libres (d\u2019origine v\u00e9g\u00e9tale)<br \/>\n<strong>Concentration <\/strong>: 7,00 % p\/p.<br \/>\n<strong>Formulation :<\/strong> concentr\u00e9 soluble (SL).<\/p>\n<p><strong>CARACT\u00c9RISTIQUES :<\/strong><br \/>\n<strong>Ruter AA veg<sup>\u00ae<\/sup><\/strong> est un bio-stimulant racinaire. Il contient les trois (03) \u00e9l\u00e9ments nutritifs majeurs (NPK), des oligo-\u00e9l\u00e9ments ch\u00e9lat\u00e9s pour une assimilation<br \/>\ngarantie et optimale surtout dans les conditions des sols \u00e0 pH \u00e9lev\u00e9.<br \/>\nCette formulation compl\u00e8te apporte \u00e0 la plante tous les \u00e9l\u00e9ments dont elle a besoin aux moments cruciaux que sont la plantation, le semis ou le repiquage.<br \/>\n<strong>Ruter AA veg<sup>\u00ae<\/sup><\/strong> permet un bon d\u00e9veloppement des racines au d\u00e9marrage, pendant les semis, \u00e0 la plantation ou le repiquage.<br \/>\n<strong>Ruter AA veg<sup>\u00ae<\/sup><\/strong> stimule la croissance de la plante en d\u00e9but de cycle.<br \/>\n<strong>Ruter AA veg<sup>\u00ae<\/sup><\/strong> stimule la plante en situation de stress provoqu\u00e9 par :<br \/>\n\u2022 De mauvaises conditions climatiques (chaleurs excessives \u00e0 la plantation et froid ou gel en p\u00e9riode de d\u00e9veloppement).<br \/>\n\u2022 Changement de milieu de culture \u00e0 la transplantation.<br \/>\n\u2022 Blessures.<br \/>\n\u2022 Troubles nutritionnels.<br \/>\nIl est recommand\u00e9 d\u2019appliquer <strong>Ruter AA<sup>\u00ae<\/sup><\/strong> dans les premiers stades, les p\u00e9riodes critiques : repiquage et croissance.<\/p>\n<p style=\"text-align: justify;\"><strong>UTILISATION ET DOSES D\u2019EMPLOI :<\/strong><br \/>\n<img decoding=\"async\" class=\"alignnone size-full wp-image-22632\" src=\"https:\/\/profert.dz\/fr\/wp-content\/uploads\/2025\/08\/tableau-ruter.png\" alt=\"\" width=\"400\" height=\"108\" \/><\/p>\n<p style=\"text-align: justify;\"><strong>COMPATIBILIT\u00c9 :<\/strong><br \/>\n<strong>Ruter AA veg<sup>\u00ae<\/sup><\/strong> est compatible avec la plupart des engrais et produits phytosanitaires sauf les huiles min\u00e9rales, les produits \u00e0 base de cuivre et de soufre. Ne pas m\u00e9langer avec les produits \u00e0 pH \u00e9lev\u00e9.<br \/>\nEffectuer un essai avant l\u2019emploi.<\/p>\n","protected":false},"featured_media":32544,"template":"","meta":[],"product_brand":[],"product_cat":[77],"product_tag":[],"class_list":{"0":"post-18874","1":"product","2":"type-product","3":"status-publish","4":"has-post-thumbnail","6":"product_cat-biostimulant","8":"first","9":"instock","10":"shipping-taxable","11":"product-type-simple"},"yoast_head":"<!-- This site is optimized with the Yoast SEO plugin v25.6 - https:\/\/yoast.com\/wordpress\/plugins\/seo\/ -->\n<title>Ruter AA veg \u00ae - Profert<\/title>\n<meta name=\"robots\" content=\"index, follow, max-snippet:-1, max-image-preview:large, max-video-preview:-1\" \/>\n<link rel=\"canonical\" href=\"https:\/\/profert.dz\/fr\/index.php\/produit\/ruter-aa-veg\/\" \/>\n<meta property=\"og:locale\" content=\"fr_FR\" \/>\n<meta property=\"og:type\" content=\"article\" \/>\n<meta property=\"og:title\" content=\"Ruter AA veg \u00ae - Profert\" \/>\n<meta property=\"og:description\" content=\"Enracine, d\u00e9veloppe et permet une r\u00e9colte pr\u00e9coce. Composition : Acides amin\u00e9es libres (d\u2019origine v\u00e9g\u00e9tale) Concentration : 7,00 % p\/p. Formulation : concentr\u00e9 soluble (SL).  CARACT\u00c9RISTIQUES : Ruter AA veg\u00ae est un bio-stimulant racinaire. Il contient les trois (03) \u00e9l\u00e9ments nutritifs majeurs (NPK), des oligo-\u00e9l\u00e9ments ch\u00e9lat\u00e9s pour une assimilation garantie et optimale surtout dans les conditions des sols \u00e0 pH \u00e9lev\u00e9. Cette formulation compl\u00e8te apporte \u00e0 la plante tous les \u00e9l\u00e9ments dont elle a besoin aux moments cruciaux que sont la plantation, le semis ou le repiquage. Ruter AA veg\u00ae permet un bon d\u00e9veloppement des racines au d\u00e9marrage, pendant les semis, \u00e0 la plantation ou le repiquage. Ruter AA veg\u00ae stimule la croissance de la plante en d\u00e9but de cycle. Ruter AA veg\u00ae stimule la plante en situation de stress provoqu\u00e9 par : \u2022 De mauvaises conditions climatiques (chaleurs excessives \u00e0 la plantation et froid ou gel en p\u00e9riode de d\u00e9veloppement). \u2022 Changement de milieu de culture \u00e0 la transplantation. \u2022 Blessures. \u2022 Troubles nutritionnels. Il est recommand\u00e9 d\u2019appliquer Ruter AA\u00ae dans les premiers stades, les p\u00e9riodes critiques : repiquage et croissance. UTILISATION ET DOSES D\u2019EMPLOI :  COMPATIBILIT\u00c9 : Ruter AA veg\u00ae est compatible avec la plupart des engrais et produits phytosanitaires sauf les huiles min\u00e9rales, les produits \u00e0 base de cuivre et de soufre. Ne pas m\u00e9langer avec les produits \u00e0 pH \u00e9lev\u00e9. Effectuer un essai avant l\u2019emploi.\" \/>\n<meta property=\"og:url\" content=\"https:\/\/profert.dz\/fr\/index.php\/produit\/ruter-aa-veg\/\" \/>\n<meta property=\"og:site_name\" content=\"Profert\" \/>\n<meta property=\"article:modified_time\" content=\"2025-09-16T07:46:37+00:00\" \/>\n<meta property=\"og:image\" content=\"https:\/\/profert.dz\/fr\/wp-content\/uploads\/2019\/01\/Ruter-AA-Veg-2.png\" \/>\n\t<meta property=\"og:image:width\" content=\"720\" \/>\n\t<meta property=\"og:image:height\" content=\"658\" \/>\n\t<meta property=\"og:image:type\" content=\"image\/png\" \/>\n<meta name=\"twitter:card\" content=\"summary_large_image\" \/>\n<meta name=\"twitter:label1\" content=\"Dur\u00e9e de lecture estim\u00e9e\" \/>\n\t<meta name=\"twitter:data1\" content=\"1 minute\" \/>\n<script type=\"application\/ld+json\" class=\"yoast-schema-graph\">{\"@context\":\"https:\/\/schema.org\",\"@graph\":[{\"@type\":\"WebPage\",\"@id\":\"https:\/\/profert.dz\/fr\/index.php\/produit\/ruter-aa-veg\/\",\"url\":\"https:\/\/profert.dz\/fr\/index.php\/produit\/ruter-aa-veg\/\",\"name\":\"Ruter AA veg \u00ae - Profert\",\"isPartOf\":{\"@id\":\"https:\/\/profert.dz\/fr\/#website\"},\"primaryImageOfPage\":{\"@id\":\"https:\/\/profert.dz\/fr\/index.php\/produit\/ruter-aa-veg\/#primaryimage\"},\"image\":{\"@id\":\"https:\/\/profert.dz\/fr\/index.php\/produit\/ruter-aa-veg\/#primaryimage\"},\"thumbnailUrl\":\"https:\/\/profert.dz\/fr\/wp-content\/uploads\/2019\/01\/Ruter-AA-Veg-2.png\",\"datePublished\":\"2019-01-14T12:34:07+00:00\",\"dateModified\":\"2025-09-16T07:46:37+00:00\",\"breadcrumb\":{\"@id\":\"https:\/\/profert.dz\/fr\/index.php\/produit\/ruter-aa-veg\/#breadcrumb\"},\"inLanguage\":\"fr-FR\",\"potentialAction\":[{\"@type\":\"ReadAction\",\"target\":[\"https:\/\/profert.dz\/fr\/index.php\/produit\/ruter-aa-veg\/\"]}]},{\"@type\":\"ImageObject\",\"inLanguage\":\"fr-FR\",\"@id\":\"https:\/\/profert.dz\/fr\/index.php\/produit\/ruter-aa-veg\/#primaryimage\",\"url\":\"https:\/\/profert.dz\/fr\/wp-content\/uploads\/2019\/01\/Ruter-AA-Veg-2.png\",\"contentUrl\":\"https:\/\/profert.dz\/fr\/wp-content\/uploads\/2019\/01\/Ruter-AA-Veg-2.png\",\"width\":720,\"height\":658},{\"@type\":\"BreadcrumbList\",\"@id\":\"https:\/\/profert.dz\/fr\/index.php\/produit\/ruter-aa-veg\/#breadcrumb\",\"itemListElement\":[{\"@type\":\"ListItem\",\"position\":1,\"name\":\"Accueil\",\"item\":\"https:\/\/profert.dz\/fr\/\"},{\"@type\":\"ListItem\",\"position\":2,\"name\":\"Produits\",\"item\":\"https:\/\/profert.dz\/fr\/index.php\/boutique\/\"},{\"@type\":\"ListItem\",\"position\":3,\"name\":\"Ruter AA veg \u00ae\"}]},{\"@type\":\"WebSite\",\"@id\":\"https:\/\/profert.dz\/fr\/#website\",\"url\":\"https:\/\/profert.dz\/fr\/\",\"name\":\"Profert.dz\",\"description\":\"Agriculture Alg\u00e9rie\",\"potentialAction\":[{\"@type\":\"SearchAction\",\"target\":{\"@type\":\"EntryPoint\",\"urlTemplate\":\"https:\/\/profert.dz\/fr\/?s={search_term_string}\"},\"query-input\":{\"@type\":\"PropertyValueSpecification\",\"valueRequired\":true,\"valueName\":\"search_term_string\"}}],\"inLanguage\":\"fr-FR\"}]}<\/script>\n<!-- \/ Yoast SEO plugin. -->","yoast_head_json":{"title":"Ruter AA veg \u00ae - Profert","robots":{"index":"index","follow":"follow","max-snippet":"max-snippet:-1","max-image-preview":"max-image-preview:large","max-video-preview":"max-video-preview:-1"},"canonical":"https:\/\/profert.dz\/fr\/index.php\/produit\/ruter-aa-veg\/","og_locale":"fr_FR","og_type":"article","og_title":"Ruter AA veg \u00ae - Profert","og_description":"Enracine, d\u00e9veloppe et permet une r\u00e9colte pr\u00e9coce. Composition : Acides amin\u00e9es libres (d\u2019origine v\u00e9g\u00e9tale) Concentration : 7,00 % p\/p. Formulation : concentr\u00e9 soluble (SL).  CARACT\u00c9RISTIQUES : Ruter AA veg\u00ae est un bio-stimulant racinaire. Il contient les trois (03) \u00e9l\u00e9ments nutritifs majeurs (NPK), des oligo-\u00e9l\u00e9ments ch\u00e9lat\u00e9s pour une assimilation garantie et optimale surtout dans les conditions des sols \u00e0 pH \u00e9lev\u00e9. Cette formulation compl\u00e8te apporte \u00e0 la plante tous les \u00e9l\u00e9ments dont elle a besoin aux moments cruciaux que sont la plantation, le semis ou le repiquage. Ruter AA veg\u00ae permet un bon d\u00e9veloppement des racines au d\u00e9marrage, pendant les semis, \u00e0 la plantation ou le repiquage. Ruter AA veg\u00ae stimule la croissance de la plante en d\u00e9but de cycle. Ruter AA veg\u00ae stimule la plante en situation de stress provoqu\u00e9 par : \u2022 De mauvaises conditions climatiques (chaleurs excessives \u00e0 la plantation et froid ou gel en p\u00e9riode de d\u00e9veloppement). \u2022 Changement de milieu de culture \u00e0 la transplantation. \u2022 Blessures. \u2022 Troubles nutritionnels. Il est recommand\u00e9 d\u2019appliquer Ruter AA\u00ae dans les premiers stades, les p\u00e9riodes critiques : repiquage et croissance. UTILISATION ET DOSES D\u2019EMPLOI :  COMPATIBILIT\u00c9 : Ruter AA veg\u00ae est compatible avec la plupart des engrais et produits phytosanitaires sauf les huiles min\u00e9rales, les produits \u00e0 base de cuivre et de soufre. Ne pas m\u00e9langer avec les produits \u00e0 pH \u00e9lev\u00e9. Effectuer un essai avant l\u2019emploi.","og_url":"https:\/\/profert.dz\/fr\/index.php\/produit\/ruter-aa-veg\/","og_site_name":"Profert","article_modified_time":"2025-09-16T07:46:37+00:00","og_image":[{"width":720,"height":658,"url":"https:\/\/profert.dz\/fr\/wp-content\/uploads\/2019\/01\/Ruter-AA-Veg-2.png","type":"image\/png"}],"twitter_card":"summary_large_image","twitter_misc":{"Dur\u00e9e de lecture estim\u00e9e":"1 minute"},"schema":{"@context":"https:\/\/schema.org","@graph":[{"@type":"WebPage","@id":"https:\/\/profert.dz\/fr\/index.php\/produit\/ruter-aa-veg\/","url":"https:\/\/profert.dz\/fr\/index.php\/produit\/ruter-aa-veg\/","name":"Ruter AA veg \u00ae - Profert","isPartOf":{"@id":"https:\/\/profert.dz\/fr\/#website"},"primaryImageOfPage":{"@id":"https:\/\/profert.dz\/fr\/index.php\/produit\/ruter-aa-veg\/#primaryimage"},"image":{"@id":"https:\/\/profert.dz\/fr\/index.php\/produit\/ruter-aa-veg\/#primaryimage"},"thumbnailUrl":"https:\/\/profert.dz\/fr\/wp-content\/uploads\/2019\/01\/Ruter-AA-Veg-2.png","datePublished":"2019-01-14T12:34:07+00:00","dateModified":"2025-09-16T07:46:37+00:00","breadcrumb":{"@id":"https:\/\/profert.dz\/fr\/index.php\/produit\/ruter-aa-veg\/#breadcrumb"},"inLanguage":"fr-FR","potentialAction":[{"@type":"ReadAction","target":["https:\/\/profert.dz\/fr\/index.php\/produit\/ruter-aa-veg\/"]}]},{"@type":"ImageObject","inLanguage":"fr-FR","@id":"https:\/\/profert.dz\/fr\/index.php\/produit\/ruter-aa-veg\/#primaryimage","url":"https:\/\/profert.dz\/fr\/wp-content\/uploads\/2019\/01\/Ruter-AA-Veg-2.png","contentUrl":"https:\/\/profert.dz\/fr\/wp-content\/uploads\/2019\/01\/Ruter-AA-Veg-2.png","width":720,"height":658},{"@type":"BreadcrumbList","@id":"https:\/\/profert.dz\/fr\/index.php\/produit\/ruter-aa-veg\/#breadcrumb","itemListElement":[{"@type":"ListItem","position":1,"name":"Accueil","item":"https:\/\/profert.dz\/fr\/"},{"@type":"ListItem","position":2,"name":"Produits","item":"https:\/\/profert.dz\/fr\/index.php\/boutique\/"},{"@type":"ListItem","position":3,"name":"Ruter AA veg \u00ae"}]},{"@type":"WebSite","@id":"https:\/\/profert.dz\/fr\/#website","url":"https:\/\/profert.dz\/fr\/","name":"Profert.dz","description":"Agriculture Alg\u00e9rie","potentialAction":[{"@type":"SearchAction","target":{"@type":"EntryPoint","urlTemplate":"https:\/\/profert.dz\/fr\/?s={search_term_string}"},"query-input":{"@type":"PropertyValueSpecification","valueRequired":true,"valueName":"search_term_string"}}],"inLanguage":"fr-FR"}]}},"_links":{"self":[{"href":"https:\/\/profert.dz\/fr\/index.php\/wp-json\/wp\/v2\/product\/18874"}],"collection":[{"href":"https:\/\/profert.dz\/fr\/index.php\/wp-json\/wp\/v2\/product"}],"about":[{"href":"https:\/\/profert.dz\/fr\/index.php\/wp-json\/wp\/v2\/types\/product"}],"wp:featuredmedia":[{"embeddable":true,"href":"https:\/\/profert.dz\/fr\/index.php\/wp-json\/wp\/v2\/media\/32544"}],"wp:attachment":[{"href":"https:\/\/profert.dz\/fr\/index.php\/wp-json\/wp\/v2\/media?parent=18874"}],"wp:term":[{"taxonomy":"product_brand","embeddable":true,"href":"https:\/\/profert.dz\/fr\/index.php\/wp-json\/wp\/v2\/product_brand?post=18874"},{"taxonomy":"product_cat","embeddable":true,"href":"https:\/\/profert.dz\/fr\/index.php\/wp-json\/wp\/v2\/product_cat?post=18874"},{"taxonomy":"product_tag","embeddable":true,"href":"https:\/\/profert.dz\/fr\/index.php\/wp-json\/wp\/v2\/product_tag?post=18874"}],"curies":[{"name":"wp","href":"https:\/\/api.w.org\/{rel}","templated":true}]}}