{"id":18872,"date":"2019-01-14T13:25:33","date_gmt":"2019-01-14T12:25:33","guid":{"rendered":"http:\/\/profert.dz\/fr\/?post_type=product&#038;p=18872"},"modified":"2025-09-16T09:48:54","modified_gmt":"2025-09-16T07:48:54","slug":"microfert","status":"publish","type":"product","link":"https:\/\/profert.dz\/fr\/index.php\/produit\/microfert\/","title":{"rendered":"Microfert<sup>\u00ae<\/sup>"},"content":{"rendered":"","protected":false},"excerpt":{"rendered":"<h2 style=\"text-align: justify;\">Lutte contre le stress, stimule et favorise le d\u00e9veloppement v\u00e9g\u00e9tatif.<\/h2>\n<p style=\"text-align: justify;\"><strong>COMPOSITION :<\/strong><br \/>\n<strong>Acides amin\u00e9s:<\/strong> 44%.<br \/>\n<strong>Azote total :<\/strong> 7,40%.<br \/>\n<strong>Carbone organique :<\/strong> 22%.<br \/>\n<strong>Oligo-\u00e9l\u00e9ments (%):<\/strong> 0,2 Fe, 0,1 Mn,<br \/>\n0,05 B, 0,01 Zn, 0,001 Co, 0,005 Mo.<\/p>\n<p style=\"text-align: justify;\"><strong>FORMULATION :<\/strong><br \/>\nConcentr\u00e9 soluble (SL).<\/p>\n<p style=\"text-align: justify;\"><strong>CARACT\u00c9RISTIQUES :<\/strong><br \/>\n<strong>Microfert<sup>\u00ae<\/sup><\/strong> est un produit liquide \u00e0 base d\u2019acides amin\u00e9s. Il contient 13 % d\u2019acides amin\u00e9s libres et 7,4 % d\u2019azote organique.<br \/>\n<strong>Microfert<sup>\u00ae<\/sup><\/strong> contient un nombre important et vari\u00e9s d\u2019acides amin\u00e9s, ce qui en fait une solution d\u2019excellence contre toutes les situations de stress.<br \/>\n<strong>Microfert<sup>\u00ae<\/sup><\/strong> favorise la photosynth\u00e8se et assure une meilleure reprise v\u00e9g\u00e9tative.<br \/>\n<strong>Microfert<sup>\u00ae<\/sup><\/strong> doit \u00eatre utilis\u00e9 aux stades critiques de la plante (tub\u00e9risation, nouaison et grossissement), il doit \u00e9galement \u00eatre utilis\u00e9 pour encadrer la floraison, en deux applications chacune en pr\u00e9 et post floraison, dans les conditions de stress (gels, traitements phytosanitaires, temp\u00e9ratures \u00e9lev\u00e9es, s\u00e9cheresse, salinit\u00e9, maladies, insectes,&#8230; etc).<br \/>\n<strong>Microfert<sup>\u00ae<\/sup><\/strong> permet d\u2019att\u00e9nuer les effets de l\u2019alternance en arboriculture fruiti\u00e8re, notamment sur olivier.<br \/>\n<strong>Microfert<sup>\u00ae<\/sup><\/strong> permet lorsqu\u2019il est associ\u00e9 aux traitements phytosanitaires, une p\u00e9n\u00e9tration rapide et plus efficace des mati\u00e8res actives dans les tissus de la feuille, il favorise grandement l\u2019efficacit\u00e9 des herbicides, fongicides et insecticides.<br \/>\n<strong>AVANTAGES:<\/strong><br \/>\n\u2022 Une meilleure r\u00e9sistance aux diff\u00e9rents types de stress.<br \/>\n\u2022 Meilleure r\u00e9sistance contre les maladies.<br \/>\n\u2022 Agit sur la croissance et le d\u00e9veloppement v\u00e9g\u00e9tatif.<br \/>\n\u2022 Efficacit\u00e9 optimale sur le transport des \u00e9l\u00e9ments min\u00e9raux par une meilleure p\u00e9n\u00e9tration et assimilation des \u00e9l\u00e9ments nutritifs.<\/p>\n<p style=\"text-align: justify;\"><strong>UTILISATION ET DOSES D\u2019EMPLOI :<\/strong><br \/>\n<img decoding=\"async\" class=\"alignnone size-full wp-image-22633\" src=\"http:\/\/profert.dz\/fr\/wp-content\/uploads\/2019\/01\/Tab-Ruter-Microfert.jpg\" alt=\"\" width=\"400\" height=\"151\" srcset=\"https:\/\/profert.dz\/fr\/wp-content\/uploads\/2019\/01\/Tab-Ruter-Microfert-120x45.jpg 120w, https:\/\/profert.dz\/fr\/wp-content\/uploads\/2019\/01\/Tab-Ruter-Microfert-200x76.jpg 200w, https:\/\/profert.dz\/fr\/wp-content\/uploads\/2019\/01\/Tab-Ruter-Microfert-300x113.jpg 300w, https:\/\/profert.dz\/fr\/wp-content\/uploads\/2019\/01\/Tab-Ruter-Microfert.jpg 400w\" sizes=\"(max-width: 400px) 100vw, 400px\" \/><\/p>\n<p style=\"text-align: justify;\"><strong>COMPATIBILIT\u00c9 :<\/strong><br \/>\n<strong>Microfert<sup>\u00ae<\/sup><\/strong> est compatible avec la plupart des engrais et produits phytosanitaires. Il est conseill\u00e9 d\u2019effectuer un test au pr\u00e9alable.<\/p>\n","protected":false},"featured_media":18964,"template":"","meta":[],"product_brand":[],"product_cat":[77],"product_tag":[],"class_list":{"0":"post-18872","1":"product","2":"type-product","3":"status-publish","4":"has-post-thumbnail","6":"product_cat-biostimulant","8":"first","9":"instock","10":"shipping-taxable","11":"product-type-simple"},"yoast_head":"<!-- This site is optimized with the Yoast SEO plugin v25.6 - https:\/\/yoast.com\/wordpress\/plugins\/seo\/ -->\n<title>Microfert\u00ae - Profert<\/title>\n<meta name=\"robots\" content=\"index, follow, max-snippet:-1, max-image-preview:large, max-video-preview:-1\" \/>\n<link rel=\"canonical\" href=\"https:\/\/profert.dz\/fr\/index.php\/produit\/microfert\/\" \/>\n<meta property=\"og:locale\" content=\"fr_FR\" \/>\n<meta property=\"og:type\" content=\"article\" \/>\n<meta property=\"og:title\" content=\"Microfert\u00ae - Profert\" \/>\n<meta property=\"og:description\" content=\"Lutte contre le stress, stimule et favorise le d\u00e9veloppement v\u00e9g\u00e9tatif. COMPOSITION : Acides amin\u00e9s: 44%. Azote total : 7,40%. Carbone organique : 22%. Oligo-\u00e9l\u00e9ments (%): 0,2 Fe, 0,1 Mn, 0,05 B, 0,01 Zn, 0,001 Co, 0,005 Mo. FORMULATION : Concentr\u00e9 soluble (SL). CARACT\u00c9RISTIQUES : Microfert\u00ae est un produit liquide \u00e0 base d\u2019acides amin\u00e9s. Il contient 13 % d\u2019acides amin\u00e9s libres et 7,4 % d\u2019azote organique. Microfert\u00ae contient un nombre important et vari\u00e9s d\u2019acides amin\u00e9s, ce qui en fait une solution d\u2019excellence contre toutes les situations de stress. Microfert\u00ae favorise la photosynth\u00e8se et assure une meilleure reprise v\u00e9g\u00e9tative. Microfert\u00ae doit \u00eatre utilis\u00e9 aux stades critiques de la plante (tub\u00e9risation, nouaison et grossissement), il doit \u00e9galement \u00eatre utilis\u00e9 pour encadrer la floraison, en deux applications chacune en pr\u00e9 et post floraison, dans les conditions de stress (gels, traitements phytosanitaires, temp\u00e9ratures \u00e9lev\u00e9es, s\u00e9cheresse, salinit\u00e9, maladies, insectes,... etc). Microfert\u00ae permet d\u2019att\u00e9nuer les effets de l\u2019alternance en arboriculture fruiti\u00e8re, notamment sur olivier. Microfert\u00ae permet lorsqu\u2019il est associ\u00e9 aux traitements phytosanitaires, une p\u00e9n\u00e9tration rapide et plus efficace des mati\u00e8res actives dans les tissus de la feuille, il favorise grandement l\u2019efficacit\u00e9 des herbicides, fongicides et insecticides. AVANTAGES: \u2022 Une meilleure r\u00e9sistance aux diff\u00e9rents types de stress. \u2022 Meilleure r\u00e9sistance contre les maladies. \u2022 Agit sur la croissance et le d\u00e9veloppement v\u00e9g\u00e9tatif. \u2022 Efficacit\u00e9 optimale sur le transport des \u00e9l\u00e9ments min\u00e9raux par une meilleure p\u00e9n\u00e9tration et assimilation des \u00e9l\u00e9ments nutritifs. UTILISATION ET DOSES D\u2019EMPLOI :  COMPATIBILIT\u00c9 : Microfert\u00ae est compatible avec la plupart des engrais et produits phytosanitaires. Il est conseill\u00e9 d\u2019effectuer un test au pr\u00e9alable.\" \/>\n<meta property=\"og:url\" content=\"https:\/\/profert.dz\/fr\/index.php\/produit\/microfert\/\" \/>\n<meta property=\"og:site_name\" content=\"Profert\" \/>\n<meta property=\"article:modified_time\" content=\"2025-09-16T07:48:54+00:00\" \/>\n<meta property=\"og:image\" content=\"https:\/\/profert.dz\/fr\/wp-content\/uploads\/2019\/01\/Microfert-500x457.jpg\" \/>\n\t<meta property=\"og:image:width\" content=\"500\" \/>\n\t<meta property=\"og:image:height\" content=\"457\" \/>\n\t<meta property=\"og:image:type\" content=\"image\/jpeg\" \/>\n<meta name=\"twitter:card\" content=\"summary_large_image\" \/>\n<meta name=\"twitter:label1\" content=\"Dur\u00e9e de lecture estim\u00e9e\" \/>\n\t<meta name=\"twitter:data1\" content=\"1 minute\" \/>\n<script type=\"application\/ld+json\" class=\"yoast-schema-graph\">{\"@context\":\"https:\/\/schema.org\",\"@graph\":[{\"@type\":\"WebPage\",\"@id\":\"https:\/\/profert.dz\/fr\/index.php\/produit\/microfert\/\",\"url\":\"https:\/\/profert.dz\/fr\/index.php\/produit\/microfert\/\",\"name\":\"Microfert\u00ae - Profert\",\"isPartOf\":{\"@id\":\"https:\/\/profert.dz\/fr\/#website\"},\"primaryImageOfPage\":{\"@id\":\"https:\/\/profert.dz\/fr\/index.php\/produit\/microfert\/#primaryimage\"},\"image\":{\"@id\":\"https:\/\/profert.dz\/fr\/index.php\/produit\/microfert\/#primaryimage\"},\"thumbnailUrl\":\"https:\/\/profert.dz\/fr\/wp-content\/uploads\/2019\/01\/Microfert-500x457.jpg\",\"datePublished\":\"2019-01-14T12:25:33+00:00\",\"dateModified\":\"2025-09-16T07:48:54+00:00\",\"breadcrumb\":{\"@id\":\"https:\/\/profert.dz\/fr\/index.php\/produit\/microfert\/#breadcrumb\"},\"inLanguage\":\"fr-FR\",\"potentialAction\":[{\"@type\":\"ReadAction\",\"target\":[\"https:\/\/profert.dz\/fr\/index.php\/produit\/microfert\/\"]}]},{\"@type\":\"ImageObject\",\"inLanguage\":\"fr-FR\",\"@id\":\"https:\/\/profert.dz\/fr\/index.php\/produit\/microfert\/#primaryimage\",\"url\":\"https:\/\/profert.dz\/fr\/wp-content\/uploads\/2019\/01\/Microfert-500x457.jpg\",\"contentUrl\":\"https:\/\/profert.dz\/fr\/wp-content\/uploads\/2019\/01\/Microfert-500x457.jpg\",\"width\":500,\"height\":457},{\"@type\":\"BreadcrumbList\",\"@id\":\"https:\/\/profert.dz\/fr\/index.php\/produit\/microfert\/#breadcrumb\",\"itemListElement\":[{\"@type\":\"ListItem\",\"position\":1,\"name\":\"Accueil\",\"item\":\"https:\/\/profert.dz\/fr\/\"},{\"@type\":\"ListItem\",\"position\":2,\"name\":\"Produits\",\"item\":\"https:\/\/profert.dz\/fr\/index.php\/boutique\/\"},{\"@type\":\"ListItem\",\"position\":3,\"name\":\"Microfert\u00ae\"}]},{\"@type\":\"WebSite\",\"@id\":\"https:\/\/profert.dz\/fr\/#website\",\"url\":\"https:\/\/profert.dz\/fr\/\",\"name\":\"Profert.dz\",\"description\":\"Agriculture Alg\u00e9rie\",\"potentialAction\":[{\"@type\":\"SearchAction\",\"target\":{\"@type\":\"EntryPoint\",\"urlTemplate\":\"https:\/\/profert.dz\/fr\/?s={search_term_string}\"},\"query-input\":{\"@type\":\"PropertyValueSpecification\",\"valueRequired\":true,\"valueName\":\"search_term_string\"}}],\"inLanguage\":\"fr-FR\"}]}<\/script>\n<!-- \/ Yoast SEO plugin. -->","yoast_head_json":{"title":"Microfert\u00ae - Profert","robots":{"index":"index","follow":"follow","max-snippet":"max-snippet:-1","max-image-preview":"max-image-preview:large","max-video-preview":"max-video-preview:-1"},"canonical":"https:\/\/profert.dz\/fr\/index.php\/produit\/microfert\/","og_locale":"fr_FR","og_type":"article","og_title":"Microfert\u00ae - Profert","og_description":"Lutte contre le stress, stimule et favorise le d\u00e9veloppement v\u00e9g\u00e9tatif. COMPOSITION : Acides amin\u00e9s: 44%. Azote total : 7,40%. Carbone organique : 22%. Oligo-\u00e9l\u00e9ments (%): 0,2 Fe, 0,1 Mn, 0,05 B, 0,01 Zn, 0,001 Co, 0,005 Mo. FORMULATION : Concentr\u00e9 soluble (SL). CARACT\u00c9RISTIQUES : Microfert\u00ae est un produit liquide \u00e0 base d\u2019acides amin\u00e9s. Il contient 13 % d\u2019acides amin\u00e9s libres et 7,4 % d\u2019azote organique. Microfert\u00ae contient un nombre important et vari\u00e9s d\u2019acides amin\u00e9s, ce qui en fait une solution d\u2019excellence contre toutes les situations de stress. Microfert\u00ae favorise la photosynth\u00e8se et assure une meilleure reprise v\u00e9g\u00e9tative. Microfert\u00ae doit \u00eatre utilis\u00e9 aux stades critiques de la plante (tub\u00e9risation, nouaison et grossissement), il doit \u00e9galement \u00eatre utilis\u00e9 pour encadrer la floraison, en deux applications chacune en pr\u00e9 et post floraison, dans les conditions de stress (gels, traitements phytosanitaires, temp\u00e9ratures \u00e9lev\u00e9es, s\u00e9cheresse, salinit\u00e9, maladies, insectes,... etc). Microfert\u00ae permet d\u2019att\u00e9nuer les effets de l\u2019alternance en arboriculture fruiti\u00e8re, notamment sur olivier. Microfert\u00ae permet lorsqu\u2019il est associ\u00e9 aux traitements phytosanitaires, une p\u00e9n\u00e9tration rapide et plus efficace des mati\u00e8res actives dans les tissus de la feuille, il favorise grandement l\u2019efficacit\u00e9 des herbicides, fongicides et insecticides. AVANTAGES: \u2022 Une meilleure r\u00e9sistance aux diff\u00e9rents types de stress. \u2022 Meilleure r\u00e9sistance contre les maladies. \u2022 Agit sur la croissance et le d\u00e9veloppement v\u00e9g\u00e9tatif. \u2022 Efficacit\u00e9 optimale sur le transport des \u00e9l\u00e9ments min\u00e9raux par une meilleure p\u00e9n\u00e9tration et assimilation des \u00e9l\u00e9ments nutritifs. UTILISATION ET DOSES D\u2019EMPLOI :  COMPATIBILIT\u00c9 : Microfert\u00ae est compatible avec la plupart des engrais et produits phytosanitaires. Il est conseill\u00e9 d\u2019effectuer un test au pr\u00e9alable.","og_url":"https:\/\/profert.dz\/fr\/index.php\/produit\/microfert\/","og_site_name":"Profert","article_modified_time":"2025-09-16T07:48:54+00:00","og_image":[{"width":500,"height":457,"url":"https:\/\/profert.dz\/fr\/wp-content\/uploads\/2019\/01\/Microfert-500x457.jpg","type":"image\/jpeg"}],"twitter_card":"summary_large_image","twitter_misc":{"Dur\u00e9e de lecture estim\u00e9e":"1 minute"},"schema":{"@context":"https:\/\/schema.org","@graph":[{"@type":"WebPage","@id":"https:\/\/profert.dz\/fr\/index.php\/produit\/microfert\/","url":"https:\/\/profert.dz\/fr\/index.php\/produit\/microfert\/","name":"Microfert\u00ae - Profert","isPartOf":{"@id":"https:\/\/profert.dz\/fr\/#website"},"primaryImageOfPage":{"@id":"https:\/\/profert.dz\/fr\/index.php\/produit\/microfert\/#primaryimage"},"image":{"@id":"https:\/\/profert.dz\/fr\/index.php\/produit\/microfert\/#primaryimage"},"thumbnailUrl":"https:\/\/profert.dz\/fr\/wp-content\/uploads\/2019\/01\/Microfert-500x457.jpg","datePublished":"2019-01-14T12:25:33+00:00","dateModified":"2025-09-16T07:48:54+00:00","breadcrumb":{"@id":"https:\/\/profert.dz\/fr\/index.php\/produit\/microfert\/#breadcrumb"},"inLanguage":"fr-FR","potentialAction":[{"@type":"ReadAction","target":["https:\/\/profert.dz\/fr\/index.php\/produit\/microfert\/"]}]},{"@type":"ImageObject","inLanguage":"fr-FR","@id":"https:\/\/profert.dz\/fr\/index.php\/produit\/microfert\/#primaryimage","url":"https:\/\/profert.dz\/fr\/wp-content\/uploads\/2019\/01\/Microfert-500x457.jpg","contentUrl":"https:\/\/profert.dz\/fr\/wp-content\/uploads\/2019\/01\/Microfert-500x457.jpg","width":500,"height":457},{"@type":"BreadcrumbList","@id":"https:\/\/profert.dz\/fr\/index.php\/produit\/microfert\/#breadcrumb","itemListElement":[{"@type":"ListItem","position":1,"name":"Accueil","item":"https:\/\/profert.dz\/fr\/"},{"@type":"ListItem","position":2,"name":"Produits","item":"https:\/\/profert.dz\/fr\/index.php\/boutique\/"},{"@type":"ListItem","position":3,"name":"Microfert\u00ae"}]},{"@type":"WebSite","@id":"https:\/\/profert.dz\/fr\/#website","url":"https:\/\/profert.dz\/fr\/","name":"Profert.dz","description":"Agriculture Alg\u00e9rie","potentialAction":[{"@type":"SearchAction","target":{"@type":"EntryPoint","urlTemplate":"https:\/\/profert.dz\/fr\/?s={search_term_string}"},"query-input":{"@type":"PropertyValueSpecification","valueRequired":true,"valueName":"search_term_string"}}],"inLanguage":"fr-FR"}]}},"_links":{"self":[{"href":"https:\/\/profert.dz\/fr\/index.php\/wp-json\/wp\/v2\/product\/18872"}],"collection":[{"href":"https:\/\/profert.dz\/fr\/index.php\/wp-json\/wp\/v2\/product"}],"about":[{"href":"https:\/\/profert.dz\/fr\/index.php\/wp-json\/wp\/v2\/types\/product"}],"wp:featuredmedia":[{"embeddable":true,"href":"https:\/\/profert.dz\/fr\/index.php\/wp-json\/wp\/v2\/media\/18964"}],"wp:attachment":[{"href":"https:\/\/profert.dz\/fr\/index.php\/wp-json\/wp\/v2\/media?parent=18872"}],"wp:term":[{"taxonomy":"product_brand","embeddable":true,"href":"https:\/\/profert.dz\/fr\/index.php\/wp-json\/wp\/v2\/product_brand?post=18872"},{"taxonomy":"product_cat","embeddable":true,"href":"https:\/\/profert.dz\/fr\/index.php\/wp-json\/wp\/v2\/product_cat?post=18872"},{"taxonomy":"product_tag","embeddable":true,"href":"https:\/\/profert.dz\/fr\/index.php\/wp-json\/wp\/v2\/product_tag?post=18872"}],"curies":[{"name":"wp","href":"https:\/\/api.w.org\/{rel}","templated":true}]}}