{"id":18527,"date":"2018-10-29T16:11:29","date_gmt":"2018-10-29T15:11:29","guid":{"rendered":"http:\/\/profert.dz\/fr\/?post_type=product&#038;p=18527"},"modified":"2025-03-16T13:23:51","modified_gmt":"2025-03-16T12:23:51","slug":"npk-12-12-18","status":"publish","type":"product","link":"https:\/\/profert.dz\/fr\/index.php\/produit\/npk-12-12-18\/","title":{"rendered":"NPK 12 12 18 + 38 SO<sub>3<\/sub>"},"content":{"rendered":"","protected":false},"excerpt":{"rendered":"<h3>Le NPK 12 12 18 + 38 SO<sub>3<\/sub> est un engrais solide complet, riche en soufre.<\/h3>\n<p style=\"text-align: justify;\"><strong>Formulation :<\/strong> granul\u00e9.<br \/>\n<strong>Composition :<\/strong><br \/>\n<strong>\u2022 Azote total (N) :<\/strong> 12 %.<br \/>\n<strong>\u2022 Anhydride phosphorique (P<sub>2<\/sub>O<sub>5<\/sub>) :<\/strong> 12 %.<br \/>\n<strong>\u2022 Oxyde de potassium (K<sub>2<\/sub>O) :<\/strong> 18 % sous forme sulfate de potassium.<br \/>\n<strong>\u2022 Anhydride sulfurique (SO<sub>3<\/sub>) :<\/strong> 38 %.<\/p>\n<p style=\"text-align: justify;\"><strong>Avantages :<\/strong><br \/>\nLe<strong> NPK 12.12.18<\/strong> se pr\u00e9sente sous forme de granul\u00e9s qui permettent un bon \u00e9pandage et couverture du sol.<br \/>\nL\u2019\u00e9quilibre de cette formule permet de r\u00e9pondre aux exigences des diff\u00e9rentes cultures (pomme de terre, past\u00e8que, melon, tomate, piment, poivron\u2026..).<br \/>\nLe <strong>NPK 12.12.18<\/strong> est dot\u00e9 d\u2019un pouvoir acidifiant important gr\u00e2ce aux \u00e9l\u00e9ments qui le composent (azote ammoniacal, acide phosphorique et du sulfate de potassium).<br \/>\nTous les \u00e9l\u00e9ments contenus dans <strong>NPK12.12.18<\/strong> sont solubles et assimilables, ils se dissolvent facilement et rapidement dans l\u2019eau et offrant une disponibilit\u00e9 imm\u00e9diate.<\/p>\n<p style=\"text-align: justify;\"><strong>Utilisations :<\/strong><br \/>\nLe <strong>NPK 12.12.18<\/strong> peut \u00eatre utilis\u00e9 sur toute culture, au moment de la plantation, au repiquage ou semi et en couverture.<\/p>\n<p><strong>Dose g\u00e9n\u00e9ralement recommand\u00e9e :<\/strong><br \/>\n<img decoding=\"async\" class=\"alignnone wp-image-18530\" src=\"http:\/\/profert.dz\/fr\/wp-content\/uploads\/2018\/10\/NPK-12.12.1838-SO3-1.jpg\" alt=\"\" width=\"410\" height=\"202\" srcset=\"https:\/\/profert.dz\/fr\/wp-content\/uploads\/2018\/10\/NPK-12.12.1838-SO3-1-120x59.jpg 120w, https:\/\/profert.dz\/fr\/wp-content\/uploads\/2018\/10\/NPK-12.12.1838-SO3-1-200x98.jpg 200w, https:\/\/profert.dz\/fr\/wp-content\/uploads\/2018\/10\/NPK-12.12.1838-SO3-1-300x148.jpg 300w, https:\/\/profert.dz\/fr\/wp-content\/uploads\/2018\/10\/NPK-12.12.1838-SO3-1-400x197.jpg 400w, https:\/\/profert.dz\/fr\/wp-content\/uploads\/2018\/10\/NPK-12.12.1838-SO3-1.jpg 488w\" sizes=\"(max-width: 410px) 100vw, 410px\" \/><br \/>\n[wpdm_package id='26547']<\/p>\n","protected":false},"featured_media":31997,"template":"","meta":[],"product_brand":[],"product_cat":[120],"product_tag":[],"class_list":{"0":"post-18527","1":"product","2":"type-product","3":"status-publish","4":"has-post-thumbnail","6":"product_cat-engraisnpk","8":"first","9":"instock","10":"shipping-taxable","11":"product-type-simple"},"yoast_head":"<!-- This site is optimized with the Yoast SEO plugin v25.6 - https:\/\/yoast.com\/wordpress\/plugins\/seo\/ -->\n<title>NPK 12 12 18 + 38 SO3 - Profert<\/title>\n<meta name=\"robots\" content=\"index, follow, max-snippet:-1, max-image-preview:large, max-video-preview:-1\" \/>\n<link rel=\"canonical\" href=\"https:\/\/profert.dz\/fr\/index.php\/produit\/npk-12-12-18\/\" \/>\n<meta property=\"og:locale\" content=\"fr_FR\" \/>\n<meta property=\"og:type\" content=\"article\" \/>\n<meta property=\"og:title\" content=\"NPK 12 12 18 + 38 SO3 - Profert\" \/>\n<meta property=\"og:description\" content=\"Le NPK 12 12 18 + 38 SO3 est un engrais solide complet, riche en soufre. Formulation : granul\u00e9. Composition : \u2022 Azote total (N) : 12 %. \u2022 Anhydride phosphorique (P2O5) : 12 %. \u2022 Oxyde de potassium (K2O) : 18 % sous forme sulfate de potassium. \u2022 Anhydride sulfurique (SO3) : 38 %. Avantages : Le NPK 12.12.18 se pr\u00e9sente sous forme de granul\u00e9s qui permettent un bon \u00e9pandage et couverture du sol. L\u2019\u00e9quilibre de cette formule permet de r\u00e9pondre aux exigences des diff\u00e9rentes cultures (pomme de terre, past\u00e8que, melon, tomate, piment, poivron\u2026..). Le NPK 12.12.18 est dot\u00e9 d\u2019un pouvoir acidifiant important gr\u00e2ce aux \u00e9l\u00e9ments qui le composent (azote ammoniacal, acide phosphorique et du sulfate de potassium). Tous les \u00e9l\u00e9ments contenus dans NPK12.12.18 sont solubles et assimilables, ils se dissolvent facilement et rapidement dans l\u2019eau et offrant une disponibilit\u00e9 imm\u00e9diate. Utilisations : Le NPK 12.12.18 peut \u00eatre utilis\u00e9 sur toute culture, au moment de la plantation, au repiquage ou semi et en couverture. Dose g\u00e9n\u00e9ralement recommand\u00e9e :\" \/>\n<meta property=\"og:url\" content=\"https:\/\/profert.dz\/fr\/index.php\/produit\/npk-12-12-18\/\" \/>\n<meta property=\"og:site_name\" content=\"Profert\" \/>\n<meta property=\"article:modified_time\" content=\"2025-03-16T12:23:51+00:00\" \/>\n<meta property=\"og:image\" content=\"https:\/\/profert.dz\/fr\/wp-content\/uploads\/2018\/10\/NPK-12.12.18-2.jpg\" \/>\n\t<meta property=\"og:image:width\" content=\"942\" \/>\n\t<meta property=\"og:image:height\" content=\"859\" \/>\n\t<meta property=\"og:image:type\" content=\"image\/jpeg\" \/>\n<meta name=\"twitter:card\" content=\"summary_large_image\" \/>\n<meta name=\"twitter:label1\" content=\"Dur\u00e9e de lecture estim\u00e9e\" \/>\n\t<meta name=\"twitter:data1\" content=\"1 minute\" \/>\n<script type=\"application\/ld+json\" class=\"yoast-schema-graph\">{\"@context\":\"https:\/\/schema.org\",\"@graph\":[{\"@type\":\"WebPage\",\"@id\":\"https:\/\/profert.dz\/fr\/index.php\/produit\/npk-12-12-18\/\",\"url\":\"https:\/\/profert.dz\/fr\/index.php\/produit\/npk-12-12-18\/\",\"name\":\"NPK 12 12 18 + 38 SO3 - Profert\",\"isPartOf\":{\"@id\":\"https:\/\/profert.dz\/fr\/#website\"},\"primaryImageOfPage\":{\"@id\":\"https:\/\/profert.dz\/fr\/index.php\/produit\/npk-12-12-18\/#primaryimage\"},\"image\":{\"@id\":\"https:\/\/profert.dz\/fr\/index.php\/produit\/npk-12-12-18\/#primaryimage\"},\"thumbnailUrl\":\"https:\/\/profert.dz\/fr\/wp-content\/uploads\/2018\/10\/NPK-12.12.18-2.jpg\",\"datePublished\":\"2018-10-29T15:11:29+00:00\",\"dateModified\":\"2025-03-16T12:23:51+00:00\",\"breadcrumb\":{\"@id\":\"https:\/\/profert.dz\/fr\/index.php\/produit\/npk-12-12-18\/#breadcrumb\"},\"inLanguage\":\"fr-FR\",\"potentialAction\":[{\"@type\":\"ReadAction\",\"target\":[\"https:\/\/profert.dz\/fr\/index.php\/produit\/npk-12-12-18\/\"]}]},{\"@type\":\"ImageObject\",\"inLanguage\":\"fr-FR\",\"@id\":\"https:\/\/profert.dz\/fr\/index.php\/produit\/npk-12-12-18\/#primaryimage\",\"url\":\"https:\/\/profert.dz\/fr\/wp-content\/uploads\/2018\/10\/NPK-12.12.18-2.jpg\",\"contentUrl\":\"https:\/\/profert.dz\/fr\/wp-content\/uploads\/2018\/10\/NPK-12.12.18-2.jpg\",\"width\":942,\"height\":859},{\"@type\":\"BreadcrumbList\",\"@id\":\"https:\/\/profert.dz\/fr\/index.php\/produit\/npk-12-12-18\/#breadcrumb\",\"itemListElement\":[{\"@type\":\"ListItem\",\"position\":1,\"name\":\"Accueil\",\"item\":\"https:\/\/profert.dz\/fr\/\"},{\"@type\":\"ListItem\",\"position\":2,\"name\":\"Produits\",\"item\":\"https:\/\/profert.dz\/fr\/index.php\/boutique\/\"},{\"@type\":\"ListItem\",\"position\":3,\"name\":\"NPK 12 12 18 + 38 SO3\"}]},{\"@type\":\"WebSite\",\"@id\":\"https:\/\/profert.dz\/fr\/#website\",\"url\":\"https:\/\/profert.dz\/fr\/\",\"name\":\"Profert.dz\",\"description\":\"Agriculture Alg\u00e9rie\",\"potentialAction\":[{\"@type\":\"SearchAction\",\"target\":{\"@type\":\"EntryPoint\",\"urlTemplate\":\"https:\/\/profert.dz\/fr\/?s={search_term_string}\"},\"query-input\":{\"@type\":\"PropertyValueSpecification\",\"valueRequired\":true,\"valueName\":\"search_term_string\"}}],\"inLanguage\":\"fr-FR\"}]}<\/script>\n<!-- \/ Yoast SEO plugin. -->","yoast_head_json":{"title":"NPK 12 12 18 + 38 SO3 - Profert","robots":{"index":"index","follow":"follow","max-snippet":"max-snippet:-1","max-image-preview":"max-image-preview:large","max-video-preview":"max-video-preview:-1"},"canonical":"https:\/\/profert.dz\/fr\/index.php\/produit\/npk-12-12-18\/","og_locale":"fr_FR","og_type":"article","og_title":"NPK 12 12 18 + 38 SO3 - Profert","og_description":"Le NPK 12 12 18 + 38 SO3 est un engrais solide complet, riche en soufre. Formulation : granul\u00e9. Composition : \u2022 Azote total (N) : 12 %. \u2022 Anhydride phosphorique (P2O5) : 12 %. \u2022 Oxyde de potassium (K2O) : 18 % sous forme sulfate de potassium. \u2022 Anhydride sulfurique (SO3) : 38 %. Avantages : Le NPK 12.12.18 se pr\u00e9sente sous forme de granul\u00e9s qui permettent un bon \u00e9pandage et couverture du sol. L\u2019\u00e9quilibre de cette formule permet de r\u00e9pondre aux exigences des diff\u00e9rentes cultures (pomme de terre, past\u00e8que, melon, tomate, piment, poivron\u2026..). Le NPK 12.12.18 est dot\u00e9 d\u2019un pouvoir acidifiant important gr\u00e2ce aux \u00e9l\u00e9ments qui le composent (azote ammoniacal, acide phosphorique et du sulfate de potassium). Tous les \u00e9l\u00e9ments contenus dans NPK12.12.18 sont solubles et assimilables, ils se dissolvent facilement et rapidement dans l\u2019eau et offrant une disponibilit\u00e9 imm\u00e9diate. Utilisations : Le NPK 12.12.18 peut \u00eatre utilis\u00e9 sur toute culture, au moment de la plantation, au repiquage ou semi et en couverture. Dose g\u00e9n\u00e9ralement recommand\u00e9e :","og_url":"https:\/\/profert.dz\/fr\/index.php\/produit\/npk-12-12-18\/","og_site_name":"Profert","article_modified_time":"2025-03-16T12:23:51+00:00","og_image":[{"width":942,"height":859,"url":"https:\/\/profert.dz\/fr\/wp-content\/uploads\/2018\/10\/NPK-12.12.18-2.jpg","type":"image\/jpeg"}],"twitter_card":"summary_large_image","twitter_misc":{"Dur\u00e9e de lecture estim\u00e9e":"1 minute"},"schema":{"@context":"https:\/\/schema.org","@graph":[{"@type":"WebPage","@id":"https:\/\/profert.dz\/fr\/index.php\/produit\/npk-12-12-18\/","url":"https:\/\/profert.dz\/fr\/index.php\/produit\/npk-12-12-18\/","name":"NPK 12 12 18 + 38 SO3 - Profert","isPartOf":{"@id":"https:\/\/profert.dz\/fr\/#website"},"primaryImageOfPage":{"@id":"https:\/\/profert.dz\/fr\/index.php\/produit\/npk-12-12-18\/#primaryimage"},"image":{"@id":"https:\/\/profert.dz\/fr\/index.php\/produit\/npk-12-12-18\/#primaryimage"},"thumbnailUrl":"https:\/\/profert.dz\/fr\/wp-content\/uploads\/2018\/10\/NPK-12.12.18-2.jpg","datePublished":"2018-10-29T15:11:29+00:00","dateModified":"2025-03-16T12:23:51+00:00","breadcrumb":{"@id":"https:\/\/profert.dz\/fr\/index.php\/produit\/npk-12-12-18\/#breadcrumb"},"inLanguage":"fr-FR","potentialAction":[{"@type":"ReadAction","target":["https:\/\/profert.dz\/fr\/index.php\/produit\/npk-12-12-18\/"]}]},{"@type":"ImageObject","inLanguage":"fr-FR","@id":"https:\/\/profert.dz\/fr\/index.php\/produit\/npk-12-12-18\/#primaryimage","url":"https:\/\/profert.dz\/fr\/wp-content\/uploads\/2018\/10\/NPK-12.12.18-2.jpg","contentUrl":"https:\/\/profert.dz\/fr\/wp-content\/uploads\/2018\/10\/NPK-12.12.18-2.jpg","width":942,"height":859},{"@type":"BreadcrumbList","@id":"https:\/\/profert.dz\/fr\/index.php\/produit\/npk-12-12-18\/#breadcrumb","itemListElement":[{"@type":"ListItem","position":1,"name":"Accueil","item":"https:\/\/profert.dz\/fr\/"},{"@type":"ListItem","position":2,"name":"Produits","item":"https:\/\/profert.dz\/fr\/index.php\/boutique\/"},{"@type":"ListItem","position":3,"name":"NPK 12 12 18 + 38 SO3"}]},{"@type":"WebSite","@id":"https:\/\/profert.dz\/fr\/#website","url":"https:\/\/profert.dz\/fr\/","name":"Profert.dz","description":"Agriculture Alg\u00e9rie","potentialAction":[{"@type":"SearchAction","target":{"@type":"EntryPoint","urlTemplate":"https:\/\/profert.dz\/fr\/?s={search_term_string}"},"query-input":{"@type":"PropertyValueSpecification","valueRequired":true,"valueName":"search_term_string"}}],"inLanguage":"fr-FR"}]}},"_links":{"self":[{"href":"https:\/\/profert.dz\/fr\/index.php\/wp-json\/wp\/v2\/product\/18527"}],"collection":[{"href":"https:\/\/profert.dz\/fr\/index.php\/wp-json\/wp\/v2\/product"}],"about":[{"href":"https:\/\/profert.dz\/fr\/index.php\/wp-json\/wp\/v2\/types\/product"}],"wp:featuredmedia":[{"embeddable":true,"href":"https:\/\/profert.dz\/fr\/index.php\/wp-json\/wp\/v2\/media\/31997"}],"wp:attachment":[{"href":"https:\/\/profert.dz\/fr\/index.php\/wp-json\/wp\/v2\/media?parent=18527"}],"wp:term":[{"taxonomy":"product_brand","embeddable":true,"href":"https:\/\/profert.dz\/fr\/index.php\/wp-json\/wp\/v2\/product_brand?post=18527"},{"taxonomy":"product_cat","embeddable":true,"href":"https:\/\/profert.dz\/fr\/index.php\/wp-json\/wp\/v2\/product_cat?post=18527"},{"taxonomy":"product_tag","embeddable":true,"href":"https:\/\/profert.dz\/fr\/index.php\/wp-json\/wp\/v2\/product_tag?post=18527"}],"curies":[{"name":"wp","href":"https:\/\/api.w.org\/{rel}","templated":true}]}}