{"id":18080,"date":"2018-09-24T11:26:32","date_gmt":"2018-09-24T09:26:32","guid":{"rendered":"http:\/\/profert.dz\/fr\/?post_type=product&#038;p=18080"},"modified":"2025-03-11T12:03:50","modified_gmt":"2025-03-11T11:03:50","slug":"finalsol-npk-7-4-40","status":"publish","type":"product","link":"https:\/\/profert.dz\/fr\/index.php\/produit\/finalsol-npk-7-4-40\/","title":{"rendered":"Finalsol <sup>\u00ae<\/sup>"},"content":{"rendered":"","protected":false},"excerpt":{"rendered":"<p><strong>Formulation :<\/strong> cristaux.<br \/>\n<strong>Composition :<\/strong><br \/>\n<strong>\u2022 Azote total (N) :<\/strong> 7 %.<br \/>\n<strong>\u2022 Anhydride phosphorique (P<sub>2<\/sub>O<sub>5<\/sub>) :<\/strong> 4 %.<br \/>\n<strong>\u2022 Oxyde de potassium (K2O) :<\/strong> 40 %.<\/p>\n<p style=\"text-align: justify;\"><strong>Caract\u00e9ristiques techniques et avantages :<\/strong><br \/>\n<strong>Finalsol<sup>\u00ae<\/sup><\/strong> est un engrais ternaire (N.P.K) hydrosoluble riche en potassium, adapt\u00e9 au stade grossissement.<br \/>\n<strong>Finalsol<sup>\u00ae<\/sup><\/strong> permet une alimentation optimum en potassium qui joue un r\u00f4le tr\u00e8s important dans :<br \/>\n\u2022 La r\u00e9sistance \u00e0 la s\u00e8cheresse par la r\u00e9gulation de l\u2019ouverture et la fermeture des stomates.<br \/>\n\u2022 L\u2019augmentation du taux de mati\u00e8re s\u00e8che, l\u2019am\u00e9lioration de la saveur des fruits et l\u00e9gumes, am\u00e9liore leur coloration et leur r\u00e9sistance au stockage.<br \/>\n\u2022 Le potassium favorise la synth\u00e8se des glucides et des prot\u00e9ines.<br \/>\n<strong>Finalsol<sup>\u00ae<\/sup><\/strong> ne contient pas de chlore ni de calcium, avec un tr\u00e8s faible indice de salinit\u00e9. Il est recommand\u00e9 dans les sols alcalins \u00e0 forte salinit\u00e9. Son faible indice de salinit\u00e9 le pr\u00e9dispose aux cultures hors sol et aux r\u00e9gions du sud de l\u2019Alg\u00e9rie.<br \/>\nIl est adapt\u00e9 aux cultures l\u00e9gumi\u00e8res, fruiti\u00e8res et \u00e0 tous les syst\u00e8mes d\u2019irrigation.<\/p>\n<p><strong>Doses recommand\u00e9es :<\/strong> en fertigation et apport au sol.<br \/>\n<img decoding=\"async\" class=\"alignnone size-full wp-image-27226\" src=\"https:\/\/profert.dz\/fr\/wp-content\/uploads\/2018\/09\/Tab-Finalsol-Fr.jpg\" alt=\"\" width=\"800\" height=\"259\" srcset=\"https:\/\/profert.dz\/fr\/wp-content\/uploads\/2018\/09\/Tab-Finalsol-Fr-200x65.jpg 200w, https:\/\/profert.dz\/fr\/wp-content\/uploads\/2018\/09\/Tab-Finalsol-Fr-300x97.jpg 300w, https:\/\/profert.dz\/fr\/wp-content\/uploads\/2018\/09\/Tab-Finalsol-Fr-400x130.jpg 400w, https:\/\/profert.dz\/fr\/wp-content\/uploads\/2018\/09\/Tab-Finalsol-Fr-500x162.jpg 500w, https:\/\/profert.dz\/fr\/wp-content\/uploads\/2018\/09\/Tab-Finalsol-Fr-600x194.jpg 600w, https:\/\/profert.dz\/fr\/wp-content\/uploads\/2018\/09\/Tab-Finalsol-Fr-700x227.jpg 700w, https:\/\/profert.dz\/fr\/wp-content\/uploads\/2018\/09\/Tab-Finalsol-Fr-768x249.jpg 768w, https:\/\/profert.dz\/fr\/wp-content\/uploads\/2018\/09\/Tab-Finalsol-Fr.jpg 800w\" sizes=\"(max-width: 800px) 100vw, 800px\" \/><br \/>\nPour pulv\u00e9risation Foliaire : 250 \u00e0 500 g\/100L d\u2019eau.<br \/>\nPour fertigation : 10 \u00e0 20 kg\/100L d\u2019eau.<br \/>\n[wpdm_package id='27225']<\/p>\n","protected":false},"featured_media":31988,"template":"","meta":[],"product_brand":[],"product_cat":[133],"product_tag":[],"class_list":{"0":"post-18080","1":"product","2":"type-product","3":"status-publish","4":"has-post-thumbnail","6":"product_cat-formulesdefinition","8":"first","9":"instock","10":"shipping-taxable","11":"product-type-simple"},"yoast_head":"<!-- This site is optimized with the Yoast SEO plugin v25.6 - https:\/\/yoast.com\/wordpress\/plugins\/seo\/ -->\n<title>Finalsol \u00ae - Profert<\/title>\n<meta name=\"robots\" content=\"index, follow, max-snippet:-1, max-image-preview:large, max-video-preview:-1\" \/>\n<link rel=\"canonical\" href=\"https:\/\/profert.dz\/fr\/index.php\/produit\/finalsol-npk-7-4-40\/\" \/>\n<meta property=\"og:locale\" content=\"fr_FR\" \/>\n<meta property=\"og:type\" content=\"article\" \/>\n<meta property=\"og:title\" content=\"Finalsol \u00ae - Profert\" \/>\n<meta property=\"og:description\" content=\"Formulation : cristaux. Composition : \u2022 Azote total (N) : 7 %. \u2022 Anhydride phosphorique (P2O5) : 4 %. \u2022 Oxyde de potassium (K2O) : 40 %. Caract\u00e9ristiques techniques et avantages : Finalsol\u00ae est un engrais ternaire (N.P.K) hydrosoluble riche en potassium, adapt\u00e9 au stade grossissement. Finalsol\u00ae permet une alimentation optimum en potassium qui joue un r\u00f4le tr\u00e8s important dans : \u2022 La r\u00e9sistance \u00e0 la s\u00e8cheresse par la r\u00e9gulation de l\u2019ouverture et la fermeture des stomates. \u2022 L\u2019augmentation du taux de mati\u00e8re s\u00e8che, l\u2019am\u00e9lioration de la saveur des fruits et l\u00e9gumes, am\u00e9liore leur coloration et leur r\u00e9sistance au stockage. \u2022 Le potassium favorise la synth\u00e8se des glucides et des prot\u00e9ines. Finalsol\u00ae ne contient pas de chlore ni de calcium, avec un tr\u00e8s faible indice de salinit\u00e9. Il est recommand\u00e9 dans les sols alcalins \u00e0 forte salinit\u00e9. Son faible indice de salinit\u00e9 le pr\u00e9dispose aux cultures hors sol et aux r\u00e9gions du sud de l\u2019Alg\u00e9rie. Il est adapt\u00e9 aux cultures l\u00e9gumi\u00e8res, fruiti\u00e8res et \u00e0 tous les syst\u00e8mes d\u2019irrigation. Doses recommand\u00e9es : en fertigation et apport au sol.  Pour pulv\u00e9risation Foliaire : 250 \u00e0 500 g\/100L d\u2019eau. Pour fertigation : 10 \u00e0 20 kg\/100L d\u2019eau.\" \/>\n<meta property=\"og:url\" content=\"https:\/\/profert.dz\/fr\/index.php\/produit\/finalsol-npk-7-4-40\/\" \/>\n<meta property=\"og:site_name\" content=\"Profert\" \/>\n<meta property=\"article:modified_time\" content=\"2025-03-11T11:03:50+00:00\" \/>\n<meta property=\"og:image\" content=\"https:\/\/profert.dz\/fr\/wp-content\/uploads\/2025\/03\/Finalsol-1024x1024.png\" \/>\n\t<meta property=\"og:image:width\" content=\"1024\" \/>\n\t<meta property=\"og:image:height\" content=\"1024\" \/>\n\t<meta property=\"og:image:type\" content=\"image\/png\" \/>\n<meta name=\"twitter:card\" content=\"summary_large_image\" \/>\n<meta name=\"twitter:label1\" content=\"Dur\u00e9e de lecture estim\u00e9e\" \/>\n\t<meta name=\"twitter:data1\" content=\"1 minute\" \/>\n<script type=\"application\/ld+json\" class=\"yoast-schema-graph\">{\"@context\":\"https:\/\/schema.org\",\"@graph\":[{\"@type\":\"WebPage\",\"@id\":\"https:\/\/profert.dz\/fr\/index.php\/produit\/finalsol-npk-7-4-40\/\",\"url\":\"https:\/\/profert.dz\/fr\/index.php\/produit\/finalsol-npk-7-4-40\/\",\"name\":\"Finalsol \u00ae - Profert\",\"isPartOf\":{\"@id\":\"https:\/\/profert.dz\/fr\/#website\"},\"primaryImageOfPage\":{\"@id\":\"https:\/\/profert.dz\/fr\/index.php\/produit\/finalsol-npk-7-4-40\/#primaryimage\"},\"image\":{\"@id\":\"https:\/\/profert.dz\/fr\/index.php\/produit\/finalsol-npk-7-4-40\/#primaryimage\"},\"thumbnailUrl\":\"https:\/\/profert.dz\/fr\/wp-content\/uploads\/2025\/03\/Finalsol.png\",\"datePublished\":\"2018-09-24T09:26:32+00:00\",\"dateModified\":\"2025-03-11T11:03:50+00:00\",\"breadcrumb\":{\"@id\":\"https:\/\/profert.dz\/fr\/index.php\/produit\/finalsol-npk-7-4-40\/#breadcrumb\"},\"inLanguage\":\"fr-FR\",\"potentialAction\":[{\"@type\":\"ReadAction\",\"target\":[\"https:\/\/profert.dz\/fr\/index.php\/produit\/finalsol-npk-7-4-40\/\"]}]},{\"@type\":\"ImageObject\",\"inLanguage\":\"fr-FR\",\"@id\":\"https:\/\/profert.dz\/fr\/index.php\/produit\/finalsol-npk-7-4-40\/#primaryimage\",\"url\":\"https:\/\/profert.dz\/fr\/wp-content\/uploads\/2025\/03\/Finalsol.png\",\"contentUrl\":\"https:\/\/profert.dz\/fr\/wp-content\/uploads\/2025\/03\/Finalsol.png\",\"width\":4000,\"height\":4000},{\"@type\":\"BreadcrumbList\",\"@id\":\"https:\/\/profert.dz\/fr\/index.php\/produit\/finalsol-npk-7-4-40\/#breadcrumb\",\"itemListElement\":[{\"@type\":\"ListItem\",\"position\":1,\"name\":\"Accueil\",\"item\":\"https:\/\/profert.dz\/fr\/\"},{\"@type\":\"ListItem\",\"position\":2,\"name\":\"Produits\",\"item\":\"https:\/\/profert.dz\/fr\/index.php\/boutique\/\"},{\"@type\":\"ListItem\",\"position\":3,\"name\":\"Finalsol \u00ae\"}]},{\"@type\":\"WebSite\",\"@id\":\"https:\/\/profert.dz\/fr\/#website\",\"url\":\"https:\/\/profert.dz\/fr\/\",\"name\":\"Profert.dz\",\"description\":\"Agriculture Alg\u00e9rie\",\"potentialAction\":[{\"@type\":\"SearchAction\",\"target\":{\"@type\":\"EntryPoint\",\"urlTemplate\":\"https:\/\/profert.dz\/fr\/?s={search_term_string}\"},\"query-input\":{\"@type\":\"PropertyValueSpecification\",\"valueRequired\":true,\"valueName\":\"search_term_string\"}}],\"inLanguage\":\"fr-FR\"}]}<\/script>\n<!-- \/ Yoast SEO plugin. -->","yoast_head_json":{"title":"Finalsol \u00ae - Profert","robots":{"index":"index","follow":"follow","max-snippet":"max-snippet:-1","max-image-preview":"max-image-preview:large","max-video-preview":"max-video-preview:-1"},"canonical":"https:\/\/profert.dz\/fr\/index.php\/produit\/finalsol-npk-7-4-40\/","og_locale":"fr_FR","og_type":"article","og_title":"Finalsol \u00ae - Profert","og_description":"Formulation : cristaux. Composition : \u2022 Azote total (N) : 7 %. \u2022 Anhydride phosphorique (P2O5) : 4 %. \u2022 Oxyde de potassium (K2O) : 40 %. Caract\u00e9ristiques techniques et avantages : Finalsol\u00ae est un engrais ternaire (N.P.K) hydrosoluble riche en potassium, adapt\u00e9 au stade grossissement. Finalsol\u00ae permet une alimentation optimum en potassium qui joue un r\u00f4le tr\u00e8s important dans : \u2022 La r\u00e9sistance \u00e0 la s\u00e8cheresse par la r\u00e9gulation de l\u2019ouverture et la fermeture des stomates. \u2022 L\u2019augmentation du taux de mati\u00e8re s\u00e8che, l\u2019am\u00e9lioration de la saveur des fruits et l\u00e9gumes, am\u00e9liore leur coloration et leur r\u00e9sistance au stockage. \u2022 Le potassium favorise la synth\u00e8se des glucides et des prot\u00e9ines. Finalsol\u00ae ne contient pas de chlore ni de calcium, avec un tr\u00e8s faible indice de salinit\u00e9. Il est recommand\u00e9 dans les sols alcalins \u00e0 forte salinit\u00e9. Son faible indice de salinit\u00e9 le pr\u00e9dispose aux cultures hors sol et aux r\u00e9gions du sud de l\u2019Alg\u00e9rie. Il est adapt\u00e9 aux cultures l\u00e9gumi\u00e8res, fruiti\u00e8res et \u00e0 tous les syst\u00e8mes d\u2019irrigation. Doses recommand\u00e9es : en fertigation et apport au sol.  Pour pulv\u00e9risation Foliaire : 250 \u00e0 500 g\/100L d\u2019eau. Pour fertigation : 10 \u00e0 20 kg\/100L d\u2019eau.","og_url":"https:\/\/profert.dz\/fr\/index.php\/produit\/finalsol-npk-7-4-40\/","og_site_name":"Profert","article_modified_time":"2025-03-11T11:03:50+00:00","og_image":[{"width":1024,"height":1024,"url":"https:\/\/profert.dz\/fr\/wp-content\/uploads\/2025\/03\/Finalsol-1024x1024.png","type":"image\/png"}],"twitter_card":"summary_large_image","twitter_misc":{"Dur\u00e9e de lecture estim\u00e9e":"1 minute"},"schema":{"@context":"https:\/\/schema.org","@graph":[{"@type":"WebPage","@id":"https:\/\/profert.dz\/fr\/index.php\/produit\/finalsol-npk-7-4-40\/","url":"https:\/\/profert.dz\/fr\/index.php\/produit\/finalsol-npk-7-4-40\/","name":"Finalsol \u00ae - Profert","isPartOf":{"@id":"https:\/\/profert.dz\/fr\/#website"},"primaryImageOfPage":{"@id":"https:\/\/profert.dz\/fr\/index.php\/produit\/finalsol-npk-7-4-40\/#primaryimage"},"image":{"@id":"https:\/\/profert.dz\/fr\/index.php\/produit\/finalsol-npk-7-4-40\/#primaryimage"},"thumbnailUrl":"https:\/\/profert.dz\/fr\/wp-content\/uploads\/2025\/03\/Finalsol.png","datePublished":"2018-09-24T09:26:32+00:00","dateModified":"2025-03-11T11:03:50+00:00","breadcrumb":{"@id":"https:\/\/profert.dz\/fr\/index.php\/produit\/finalsol-npk-7-4-40\/#breadcrumb"},"inLanguage":"fr-FR","potentialAction":[{"@type":"ReadAction","target":["https:\/\/profert.dz\/fr\/index.php\/produit\/finalsol-npk-7-4-40\/"]}]},{"@type":"ImageObject","inLanguage":"fr-FR","@id":"https:\/\/profert.dz\/fr\/index.php\/produit\/finalsol-npk-7-4-40\/#primaryimage","url":"https:\/\/profert.dz\/fr\/wp-content\/uploads\/2025\/03\/Finalsol.png","contentUrl":"https:\/\/profert.dz\/fr\/wp-content\/uploads\/2025\/03\/Finalsol.png","width":4000,"height":4000},{"@type":"BreadcrumbList","@id":"https:\/\/profert.dz\/fr\/index.php\/produit\/finalsol-npk-7-4-40\/#breadcrumb","itemListElement":[{"@type":"ListItem","position":1,"name":"Accueil","item":"https:\/\/profert.dz\/fr\/"},{"@type":"ListItem","position":2,"name":"Produits","item":"https:\/\/profert.dz\/fr\/index.php\/boutique\/"},{"@type":"ListItem","position":3,"name":"Finalsol \u00ae"}]},{"@type":"WebSite","@id":"https:\/\/profert.dz\/fr\/#website","url":"https:\/\/profert.dz\/fr\/","name":"Profert.dz","description":"Agriculture Alg\u00e9rie","potentialAction":[{"@type":"SearchAction","target":{"@type":"EntryPoint","urlTemplate":"https:\/\/profert.dz\/fr\/?s={search_term_string}"},"query-input":{"@type":"PropertyValueSpecification","valueRequired":true,"valueName":"search_term_string"}}],"inLanguage":"fr-FR"}]}},"_links":{"self":[{"href":"https:\/\/profert.dz\/fr\/index.php\/wp-json\/wp\/v2\/product\/18080"}],"collection":[{"href":"https:\/\/profert.dz\/fr\/index.php\/wp-json\/wp\/v2\/product"}],"about":[{"href":"https:\/\/profert.dz\/fr\/index.php\/wp-json\/wp\/v2\/types\/product"}],"wp:featuredmedia":[{"embeddable":true,"href":"https:\/\/profert.dz\/fr\/index.php\/wp-json\/wp\/v2\/media\/31988"}],"wp:attachment":[{"href":"https:\/\/profert.dz\/fr\/index.php\/wp-json\/wp\/v2\/media?parent=18080"}],"wp:term":[{"taxonomy":"product_brand","embeddable":true,"href":"https:\/\/profert.dz\/fr\/index.php\/wp-json\/wp\/v2\/product_brand?post=18080"},{"taxonomy":"product_cat","embeddable":true,"href":"https:\/\/profert.dz\/fr\/index.php\/wp-json\/wp\/v2\/product_cat?post=18080"},{"taxonomy":"product_tag","embeddable":true,"href":"https:\/\/profert.dz\/fr\/index.php\/wp-json\/wp\/v2\/product_tag?post=18080"}],"curies":[{"name":"wp","href":"https:\/\/api.w.org\/{rel}","templated":true}]}}